{"id":2628,"date":"2024-10-31T08:10:13","date_gmt":"2024-10-31T08:10:13","guid":{"rendered":"https:\/\/rmvapesale.com\/?post_type=product&#038;p=2628"},"modified":"2024-10-31T09:26:49","modified_gmt":"2024-10-31T09:26:49","slug":"bang-vape-12000-puff-rechargeable-disposable-vape-wholesale","status":"publish","type":"product","link":"https:\/\/rmvapesale.com\/da\/product\/bang-vape-12000-puff-rechargeable-disposable-vape-wholesale\/","title":{"rendered":"Bang Vape 12000 Pust Genopladelig Engangs Vape Engros"},"content":{"rendered":"<div class=\"B2VR9 CJHX3e\">\n<div class=\"wyccme\">\n<h1 class=\"LC20lb MBeuO DKV0Md\">Bang Vape 12000 Pust Genopladelig Engangs Vape Engros<\/h1>\n<div class=\"flex-shrink-0 flex flex-col relative items-end\">\n<div class=\"pt-0\">\n<div class=\"gizmo-bot-avatar flex h-8 w-8 items-center justify-center overflow-hidden rounded-full\">\n<div class=\"relative p-1 rounded-sm flex items-center justify-center bg-token-main-surface-primary text-token-text-primary h-8 w-8\"><\/div>\n<p>The <strong>Bang Vape 12000 Pust Genopladelig Engangs Vape<\/strong> giver kraftfuld ydeevne og smagsvariation, hvilket g\u00f8r den til en popul\u00e6r vape for alle, der leder efter en f\u00f8rsteklasses engangs-vapeoplevelse. Med en imponerende <strong>12.000 sug<\/strong> og en <strong>genopladeligt 550mAh batteri<\/strong>, giver denne <strong>Bang Vape<\/strong> er designet til bekvemmelighed og langvarig nydelse. Den <strong>18 ml e-v\u00e6ske kapacitet<\/strong> giver ensartet smag hele vejen igennem, og nikotinstyrker f\u00e5s i b\u00e5de <strong>0%, 2% og 5%<\/strong> for tilpasselig tilfredshed.<\/p>\n<p>Med et brugervenligt design, der ikke kr\u00e6ver vedligeholdelse, er denne <strong>Bang Vape Engangs<\/strong> perfekt til b\u00e5de begyndere og erfarne dampere. Oplev kvalitet med hvert pust og nyd enkelheden ved <strong>Bang Bars<\/strong> i et praktisk <strong>puff vape<\/strong> format.<\/p>\n<p>For at udforske det fulde sortiment af <strong>Bang Vape 12000 Pust<\/strong>, bes\u00f8g <strong>rmvapesalg<\/strong>, en betroet <strong>vapebutik<\/strong> der tilbyder <strong>vape engros<\/strong> og gode tilbud p\u00e5 <strong>Bang Box<\/strong> og andre <strong>Bang engangs vape<\/strong> produkter.<\/p>\n<p>&nbsp;<\/p>\n<\/div>\n<\/div>\n<\/div>\n<\/div>\n<\/div>\n<p><strong>Kontakt Amy for at f\u00e5 det rigtige svar og en vape-kupon!<\/strong><\/p>\n<p><img loading=\"lazy\" decoding=\"async\" class=\"size-full wp-image-1978\" src=\"https:\/\/rmvapesale.com\/wp-content\/uploads\/2024\/09\/Disposable-Vape-Wholesale.jpg\" alt=\"Engrospriser p\u00e5 engangsvape\" width=\"229\" height=\"300\" \/><\/p>\n<h3><a href=\"https:\/\/wa.me\/8617776015835\" target=\"_blank\" rel=\"noopener\"><span style=\"color: #ff0000\"><strong>WhatsApp: +86 17776015835<\/strong><\/span><\/a><\/h3>\n<p>&nbsp;<\/p>\n<h2>Vigtigste funktioner ved Bang Vape 12000 Pust:<\/h2>\n<ul>\n<li><strong>Massive 12.000 pust<\/strong> med j\u00e6vn, ensartet levering<\/li>\n<li><strong>Genopladeligt 550mAh batteri<\/strong> med Type-C port til hurtig opladning<\/li>\n<li><strong>18 ml e-v\u00e6ske kapacitet<\/strong> i hver enhed, hvilket sikrer mindre hyppig udskiftning<\/li>\n<li><strong>Nikotin muligheder<\/strong>: V\u00e6lg mellem 2% eller 5% for den ideelle oplevelse<\/li>\n<li><strong>12 l\u00e6kre smagsvarianter<\/strong>: Nyd unikke muligheder som <strong>Blueberry Ice, Black Dragon Ice, Cherry Cola, Watermelon Bubblegum og Peach Ice<\/strong><\/li>\n<\/ul>\n<h2><strong>Top smag for <\/strong><strong>Genopladelig Bang Box Vape 12000<\/strong><\/h2>\n<p>The <strong>Bang Box Vape 12000<\/strong> er tilg\u00e6ngelig i 12 fantastiske smage for at im\u00f8dekomme en bred vifte af smagspr\u00e6ferencer, fra den forfriskende <strong>Fersken Is<\/strong> og s\u00f8de <strong>Triple B\u00e6r<\/strong> til den syrlige <strong>Bl\u00e5b\u00e6r Citron<\/strong>. Andre popul\u00e6re muligheder inkluderer:<\/p>\n<p>1. Vandmelon <span style=\"color: #ff0000\"><strong>&gt;&gt;&gt;&gt; Popul\u00e6r!<\/strong><\/span><br \/>\n2. Jordb\u00e6r Vandmelon<br \/>\n3. Bl\u00e5b\u00e6r Is<br \/>\n4. Bl\u00e5b\u00e6r Hindb\u00e6r <span style=\"color: #ff0000\"><strong>&gt;&gt;&gt;&gt; Popul\u00e6r!<\/strong><\/span><br \/>\n5. Jordb\u00e6r Mango<br \/>\n6. Sort Drage Is<br \/>\n7. Kirseb\u00e6r Cola<br \/>\n8.Bl\u00e5b\u00e6r Drue<br \/>\n9. Triple B\u00e6r <span style=\"color: #ff0000\"><strong>&gt;&gt;&gt;&gt; Bedst!<\/strong><\/span><br \/>\n10.Jordb\u00e6r Kiwi<br \/>\n11. Fersken is<br \/>\n12. Vandmelon Bubblegum<\/p>\n<figure id=\"attachment_2635\" aria-describedby=\"caption-attachment-2635\" style=\"width: 600px\" class=\"wp-caption alignnone\"><img loading=\"lazy\" decoding=\"async\" class=\"wp-image-2635 size-full\" src=\"https:\/\/rmvapesale.com\/wp-content\/uploads\/2024\/10\/Bang-Vape-Dispsable-Wholesale.jpg\" alt=\"Bang Vape Engangsartikler Engros\" width=\"600\" height=\"1050\" srcset=\"https:\/\/rmvapesale.com\/wp-content\/uploads\/2024\/10\/Bang-Vape-Dispsable-Wholesale.jpg 600w, https:\/\/rmvapesale.com\/wp-content\/uploads\/2024\/10\/Bang-Vape-Dispsable-Wholesale-171x300.jpg 171w, https:\/\/rmvapesale.com\/wp-content\/uploads\/2024\/10\/Bang-Vape-Dispsable-Wholesale-585x1024.jpg 585w\" sizes=\"auto, (max-width: 600px) 100vw, 600px\" \/><figcaption id=\"caption-attachment-2635\" class=\"wp-caption-text\">Bang Vape Engangsartikler Engros<\/figcaption><\/figure>\n<h3><strong>Hvorfor v\u00e6lge Rmvapesale til Bang 12000 Puffs Engangs Vape<\/strong><strong>?<\/strong><\/h3>\n<div class=\"flex-shrink-0 flex flex-col relative items-end\">\n<div class=\"pt-0\">\n<div class=\"gizmo-bot-avatar flex h-8 w-8 items-center justify-center overflow-hidden rounded-full\">\n<div class=\"relative p-1 rounded-sm flex items-center justify-center bg-token-main-surface-primary text-token-text-primary h-8 w-8\">\n<p>Velkommen til Rmvapesale, din betroede vapebutik for f\u00f8rsteklasses engangsvapes. Med mere end 5 \u00e5rs ekspertise bringer vi dig popul\u00e6re engangs-vape-m\u00e6rker som Al Fakher, Vapme Vape, <a href=\"https:\/\/rmvapesale.com\/da\/product\/vapme-crystal-7000-puffs-rechargeable-disposable-vape-price\/\">Vapme<\/a>, <a href=\"https:\/\/rmvapesale.com\/da\/product-category\/bang-vapes\/\">Bang Vape<\/a>, Waspe, <a href=\"https:\/\/rmvapesale.com\/da\/product\/wga-crystal-pro-max-extra-15k-puffs-disposable-vape-wholesale\/\">WGA<\/a> Vape og<a href=\"https:\/\/rmvapesale.com\/da\/product-category\/randm-fumot-vape\/\"> RandM Vape<\/a>.<\/p>\n<p>Vores sortiment omfatter popul\u00e6re vapes som <a href=\"https:\/\/rmvapesale.com\/da\/product\/bang-box-vape-tornado-40000-puff-2-5-low-nicotine\/\">Bang Box Vape 40000 Pust<\/a> og smagsrige valg som <a href=\"https:\/\/rmvapesale.com\/da\/product\/randm-tornado-25000-puffs-disposable-vape-wholesale\/\">RandM 25000 Pust<\/a>. Hvert produkt er udvalgt med fokus p\u00e5 kvalitet, v\u00e6rdi og variation, hvilket sikrer, at du finder det perfekte match til dine behov. Opdag enest\u00e5ende service og et bredt udvalg af topprodukter hos Rmvapesale.<\/p>\n<\/div>\n<h3><\/h3>\n<h3>Ofte stillede sp\u00f8rgsm\u00e5l om Bang Vape 12000 Pust Genopladelig Engangs Vape<\/h3>\n<ol>\n<li><strong>Hvordan ved jeg, hvorn\u00e5r min engangs vape er tom?<\/strong> N\u00e5r din <strong>Bang Vape 12000 Pust<\/strong> engangs vape er tom, kan du bem\u00e6rke et fald i smagsintensitet og dampproduktion. Derudover, hvis enheden holder op med at producere damp overhovedet, betyder det sandsynligvis, at e-v\u00e6sken er blevet fuldt opbrugt. Genopladelig, men engangs, den er designet til at blive udskiftet, n\u00e5r den er tom.<\/li>\n<li><strong>Hvor lang tid tager det at oplade en Bang 12000 Pust?<\/strong> The <strong>Bang 12000<\/strong> har et <strong>550mAh batteri<\/strong> og tager typisk omkring <strong>1-2 timer at oplade fuldt<\/strong> via dens Type-C opladningsport. Denne hurtigopladningsfunktion sikrer, at du hurtigt kan nyde din vape igen.<\/li>\n<li><strong>Hvor meget nikotin er der i en Bang Vape Tornado 12000?<\/strong> The <strong>Bang Vape Tornado 12000<\/strong> tilbyder nikotinstyrker i <strong>2% (20mg)<\/strong> og <strong>5% (50mg)<\/strong>, hvilket giver dig mulighed for at v\u00e6lge det niveau, der passer bedst til dine pr\u00e6ferencer.<\/li>\n<li><strong>Hvor kan man k\u00f8be Bang Vapes til engrospriser?<\/strong> Du kan k\u00f8be Bang Vapes, inklusive <strong>Bang Vape 12000 Pust, Bang 30k Pust <\/strong>og andre popul\u00e6re modeller, til engrospriser hos <strong>rmvapesalg<\/strong>. Denne betroede forhandler i Danmark <strong>vapebutik<\/strong> tilbyder et udvalg af <strong>Bang engangs vapes<\/strong> til b\u00e5de detail- og bulk-k\u00f8bere.<\/li>\n<li><strong>Kan jeg medbringe en engangsvape p\u00e5 et fly?<\/strong> Ja, du kan medbringe en engangs vape p\u00e5 et fly, men den skal opbevares i din h\u00e5ndbagage, i henhold til flyselskabets regler for elektroniske enheder. Husk at tjekke med dit flyselskab p\u00e5 forh\u00e5nd og undg\u00e5 at bruge den under flyvningen.<\/li>\n<\/ol>\n<\/div>\n<\/div>\n<\/div>\n<h3>Om forsendelse<\/h3>\n<div class=\"flex-shrink-0 flex flex-col relative items-end\">\n<div>\n<div class=\"pt-0\">\n<div class=\"gizmo-bot-avatar flex h-8 w-8 items-center justify-center overflow-hidden rounded-full\">\n<div><\/div>\n<div class=\"relative p-1 rounded-sm flex items-center justify-center bg-token-main-surface-primary text-token-text-primary h-8 w-8\"><strong>1. Hvad er forsendelsesmetoderne?<\/strong><\/div>\n<\/div>\n<\/div>\n<\/div>\n<\/div>\n<div class=\"group\/conversation-turn relative flex w-full min-w-0 flex-col agent-turn\">\n<div class=\"flex-col gap-1 md:gap-3\">\n<div class=\"flex max-w-full flex-col flex-grow\">\n<div class=\"min-h-[20px] text-message flex w-full flex-col items-end gap-2 whitespace-normal break-words [.text-message+&amp;]:mt-5 overflow-x-auto\" dir=\"auto\" data-message-author-role=\"assistant\" data-message-id=\"22f8283b-3233-46ff-89a5-c7a41b33abda\">\n<div class=\"flex w-full flex-col gap-1 empty:hidden first:pt-[3px]\">\n<div class=\"markdown prose w-full break-words dark:prose-invert light\">\n<p>Vi samarbejder med UPS, DHL, FedEx, DPD og andre f\u00f8rende transport\u00f8rer. Vi vil v\u00e6lge den bedste forsendelsesmetode baseret p\u00e5 din leveringsplacering for at sikre, at du modtager dine produkter s\u00e5 hurtigt som muligt.<\/p>\n<\/div>\n<p><strong>2. Hvor lang tid tager det at ankomme?<\/strong><\/p>\n<p>Pakker sendt til Danmark ankommer normalt inden for 10 arbejdsdage. Forsendelse til europ\u00e6iske lande tager generelt omkring 12-15 arbejdsdage. Vi vil give opdateringer i realtid om din forsendelsesstatus.<\/p>\n<\/div>\n<\/div>\n<\/div>\n<\/div>\n<\/div>\n<p>&nbsp;<\/p>\n<p>Find flere Vape-produkter, du m\u00e5ske kan lide:<strong><em><a href=\"https:\/\/rmvapesale.com\/da\/shop-2\/\">k\u00f8b nu &gt;&gt;&gt;<\/a><\/em><\/strong><\/p>","protected":false},"excerpt":{"rendered":"<p>Original Bang Vape 12000 Pust Engrospris<br \/>\nBang 12000 Pust Genopladelig Vape Bulk K\u00f8b<br \/>\nK\u00f8b Bang Engangs Vape 0% 2% 3% 5% Nikotin<\/p>\n<p><img loading=\"lazy\" decoding=\"async\" class=\"size-full wp-image-2375\" src=\"https:\/\/rmvapesale.com\/wp-content\/uploads\/2024\/10\/image.png\" alt=\"Bedste Engangs Vape\" width=\"229\" height=\"300\" \/><\/p>\n<h3><a href=\"https:\/\/wa.me\/8617776015835\"><span style=\"color: #ff0000\"><strong>WhatsApp: +86 17776015835<\/strong><\/span><\/a><\/h3>\n<p>&nbsp;<\/p>","protected":false},"featured_media":2633,"comment_status":"open","ping_status":"closed","template":"","meta":{"_uag_custom_page_level_css":"","_lmt_disableupdate":"no","_lmt_disable":"","site-sidebar-layout":"default","site-content-layout":"content-boxed-container","ast-site-content-layout":"normal-width-container","site-content-style":"boxed","site-sidebar-style":"unboxed","ast-global-header-display":"","ast-banner-title-visibility":"","ast-main-header-display":"","ast-hfb-above-header-display":"","ast-hfb-below-header-display":"","ast-hfb-mobile-header-display":"","site-post-title":"","ast-breadcrumbs-content":"","ast-featured-img":"","footer-sml-layout":"","theme-transparent-header-meta":"default","adv-header-id-meta":"","stick-header-meta":"","header-above-stick-meta":"","header-main-stick-meta":"","header-below-stick-meta":"","astra-migrate-meta-layouts":"set","ast-page-background-enabled":"default","ast-page-background-meta":{"desktop":{"background-color":"var(--ast-global-color-4)","background-image":"","background-repeat":"repeat","background-position":"center center","background-size":"auto","background-attachment":"scroll","background-type":"","background-media":"","overlay-type":"","overlay-color":"","overlay-opacity":"","overlay-gradient":""},"tablet":{"background-color":"","background-image":"","background-repeat":"repeat","background-position":"center center","background-size":"auto","background-attachment":"scroll","background-type":"","background-media":"","overlay-type":"","overlay-color":"","overlay-opacity":"","overlay-gradient":""},"mobile":{"background-color":"","background-image":"","background-repeat":"repeat","background-position":"center center","background-size":"auto","background-attachment":"scroll","background-type":"","background-media":"","overlay-type":"","overlay-color":"","overlay-opacity":"","overlay-gradient":""}},"ast-content-background-meta":{"desktop":{"background-color":"var(--ast-global-color-5)","background-image":"","background-repeat":"repeat","background-position":"center center","background-size":"auto","background-attachment":"scroll","background-type":"","background-media":"","overlay-type":"","overlay-color":"","overlay-opacity":"","overlay-gradient":""},"tablet":{"background-color":"var(--ast-global-color-5)","background-image":"","background-repeat":"repeat","background-position":"center center","background-size":"auto","background-attachment":"scroll","background-type":"","background-media":"","overlay-type":"","overlay-color":"","overlay-opacity":"","overlay-gradient":""},"mobile":{"background-color":"var(--ast-global-color-5)","background-image":"","background-repeat":"repeat","background-position":"center center","background-size":"auto","background-attachment":"scroll","background-type":"","background-media":"","overlay-type":"","overlay-color":"","overlay-opacity":"","overlay-gradient":""}},"_joinchat":[]},"product_brand":[],"product_cat":[15,25,123,26,28,135,27,60,137,136,30],"product_tag":[187,199,146,188,167,165,191,120],"class_list":{"0":"post-2628","1":"product","2":"type-product","3":"status-publish","4":"has-post-thumbnail","6":"product_cat-new-vape-this-week","7":"product_cat-germany-best-selling-vape","8":"product_cat-italy-wholesale-vape","9":"product_cat-netherlands-hot-sale-vape","10":"product_cat-poland-hot-sale-vape","11":"product_cat-spain-best-hot-sale-vape","12":"product_cat-fance-hot-sale-vape","13":"product_cat-bang-vapes","14":"product_cat-rechargeable-vapes","15":"product_cat-smart-screen-vapes","16":"product_cat-minimum-order-quantity-50pcs","17":"product_tag-bang-box-vape","18":"product_tag-bang-vape","19":"product_tag-best-hot-sale-vape","20":"product_tag-buy-vapes-online","21":"product_tag-disposable-vape-with-screen","22":"product_tag-rechargeable-vapes","23":"product_tag-vape-box","24":"product_tag-vape-wholesale","25":"desktop-align-left","26":"tablet-align-left","27":"mobile-align-left","29":"first","30":"instock","31":"sale","32":"shipping-taxable","33":"purchasable","34":"product-type-simple"},"uagb_featured_image_src":{"full":["https:\/\/rmvapesale.com\/wp-content\/uploads\/2024\/10\/Bang-Rechargeable-Vape-12000-Puff-Wholesale.jpg",600,634,false],"thumbnail":["https:\/\/rmvapesale.com\/wp-content\/uploads\/2024\/10\/Bang-Rechargeable-Vape-12000-Puff-Wholesale-150x150.jpg",150,150,true],"medium":["https:\/\/rmvapesale.com\/wp-content\/uploads\/2024\/10\/Bang-Rechargeable-Vape-12000-Puff-Wholesale-284x300.jpg",284,300,true],"medium_large":["https:\/\/rmvapesale.com\/wp-content\/uploads\/2024\/10\/Bang-Rechargeable-Vape-12000-Puff-Wholesale.jpg",600,634,false],"large":["https:\/\/rmvapesale.com\/wp-content\/uploads\/2024\/10\/Bang-Rechargeable-Vape-12000-Puff-Wholesale.jpg",600,634,false],"1536x1536":["https:\/\/rmvapesale.com\/wp-content\/uploads\/2024\/10\/Bang-Rechargeable-Vape-12000-Puff-Wholesale.jpg",600,634,false],"2048x2048":["https:\/\/rmvapesale.com\/wp-content\/uploads\/2024\/10\/Bang-Rechargeable-Vape-12000-Puff-Wholesale.jpg",600,634,false],"trp-custom-language-flag":["https:\/\/rmvapesale.com\/wp-content\/uploads\/2024\/10\/Bang-Rechargeable-Vape-12000-Puff-Wholesale.jpg",11,12,false],"woocommerce_thumbnail":["https:\/\/rmvapesale.com\/wp-content\/uploads\/2024\/10\/Bang-Rechargeable-Vape-12000-Puff-Wholesale-300x300.jpg",300,300,true],"woocommerce_single":["https:\/\/rmvapesale.com\/wp-content\/uploads\/2024\/10\/Bang-Rechargeable-Vape-12000-Puff-Wholesale.jpg",600,634,false],"woocommerce_gallery_thumbnail":["https:\/\/rmvapesale.com\/wp-content\/uploads\/2024\/10\/Bang-Rechargeable-Vape-12000-Puff-Wholesale-100x100.jpg",100,100,true],"wcpr-photo-reviews":["https:\/\/rmvapesale.com\/wp-content\/uploads\/2024\/10\/Bang-Rechargeable-Vape-12000-Puff-Wholesale.jpg",473,500,false]},"uagb_author_info":{"display_name":"AMY","author_link":"https:\/\/rmvapesale.com\/da\/author\/"},"uagb_comment_info":0,"uagb_excerpt":"Original Bang Vape 12000 Puffs Wholesale Price Bang 12000 Puffs Rechargeable Vape Bulk Buy Buy Bang Disposable Vape 0% 2% 3% 5% Nicotine WhatsApp: +86 17776015835 &nbsp;","_links":{"self":[{"href":"https:\/\/rmvapesale.com\/da\/wp-json\/wp\/v2\/product\/2628","targetHints":{"allow":["GET"]}}],"collection":[{"href":"https:\/\/rmvapesale.com\/da\/wp-json\/wp\/v2\/product"}],"about":[{"href":"https:\/\/rmvapesale.com\/da\/wp-json\/wp\/v2\/types\/product"}],"replies":[{"embeddable":true,"href":"https:\/\/rmvapesale.com\/da\/wp-json\/wp\/v2\/comments?post=2628"}],"wp:featuredmedia":[{"embeddable":true,"href":"https:\/\/rmvapesale.com\/da\/wp-json\/wp\/v2\/media\/2633"}],"wp:attachment":[{"href":"https:\/\/rmvapesale.com\/da\/wp-json\/wp\/v2\/media?parent=2628"}],"wp:term":[{"taxonomy":"product_brand","embeddable":true,"href":"https:\/\/rmvapesale.com\/da\/wp-json\/wp\/v2\/product_brand?post=2628"},{"taxonomy":"product_cat","embeddable":true,"href":"https:\/\/rmvapesale.com\/da\/wp-json\/wp\/v2\/product_cat?post=2628"},{"taxonomy":"product_tag","embeddable":true,"href":"https:\/\/rmvapesale.com\/da\/wp-json\/wp\/v2\/product_tag?post=2628"}],"curies":[{"name":"wp","href":"https:\/\/api.w.org\/{rel}","templated":true}]}}