{"id":2714,"date":"2024-11-12T07:20:25","date_gmt":"2024-11-12T07:20:25","guid":{"rendered":"https:\/\/rmvapesale.com\/?post_type=product&#038;p=2714"},"modified":"2024-11-12T07:28:53","modified_gmt":"2024-11-12T07:28:53","slug":"bang-king-nicotine-gum-chewing-gum-help-stop-smoking","status":"publish","type":"product","link":"https:\/\/rmvapesale.com\/da\/product\/bang-king-nicotine-gum-chewing-gum-help-stop-smoking\/","title":{"rendered":"Bang King Nikotin Tyggegummi Tyggegummi Hj\u00e6lp til at stoppe med at ryge"},"content":{"rendered":"<div class=\"B2VR9 CJHX3e\">\n<div class=\"wyccme\">\n<h1 class=\"LC20lb MBeuO DKV0Md\">Bang King Nikotin Tyggegummi Tyggegummi Hj\u00e6lp til at stoppe med at ryge<\/h1>\n<div class=\"flex-shrink-0 flex flex-col relative items-end\">\n<div class=\"pt-0\">\n<div class=\"gizmo-bot-avatar flex h-8 w-8 items-center justify-center overflow-hidden rounded-full\">\n<div class=\"relative p-1 rounded-sm flex items-center justify-center bg-token-main-surface-primary text-token-text-primary h-8 w-8\">\n<p>Kvit sm\u00f8gerne med <strong>Bang King Nikotintyggegummi<\/strong>, et specielt formuleret nikotintyggegummi, der hj\u00e6lper dig med at stoppe med at ryge uden de skadelige virkninger af tobak. Med 4 mg nikotin pr. stykke giver dette tyggegummi den helt rigtige m\u00e6ngde til at d\u00e6mpe trangen, hvilket g\u00f8r det til et effektivt rygestopmiddel.<\/p>\n<p>Hver engrospakke indeholder <strong>20 krukker<\/strong>, med <strong>90 stykker pr. krukke<\/strong>. Dette tyggegummi er designet til at blive brugt diskret og giver frisk \u00e5nde og ingen vedvarende r\u00f8g eller ubehagelige tobaks lugte. Det er ideelt til situationer, hvor rygning ikke er mulig eller passende, som f.eks. i m\u00f8der eller sociale sammenkomster, hvilket sikrer ingen indvirkning p\u00e5 andre omkring dig.<\/p>\n<h3>N\u00f8glefunktioner:<\/h3>\n<ul>\n<li><strong>4 mg Nikotin<\/strong> pr. tyggegummistykke<\/li>\n<li><strong>Ingen Tobaksingredienser<\/strong>: Sikkert og tobaksfrit<\/li>\n<li><strong>Ingen R\u00f8g, Ingen Indvirkning p\u00e5 Andre<\/strong>: Nyd det hvor som helst uden at forstyrre dem omkring dig<\/li>\n<li><strong>Ingen Sorte T\u00e6nder<\/strong>: Holder dit smil str\u00e5lende og fri for tobakspletter<\/li>\n<li><strong>Frisk \u00c5nde<\/strong>: Designet til at efterlade din mund med en frisk f\u00f8lelse<\/li>\n<li><strong>H\u00f8j Grad af Smagsgendannelse<\/strong>: Giver en behagelig tyggeoplevelse<\/li>\n<\/ul>\n<p>Med <strong>nul sukrose<\/strong> og <strong>nul transfedtsyrer<\/strong>, Bangking Nikotintyggegummi er et sundere valg for dem, der \u00f8nsker at stoppe med at ryge. Dette er den ideelle l\u00f8sning for enkeltpersoner og virksomheder, der \u00f8nsker at k\u00f8be effektivt nikotintyggegummi i bulk.<\/p>\n<p>&nbsp;<\/p>\n<\/div>\n<\/div>\n<\/div>\n<\/div>\n<\/div>\n<\/div>\n<p><strong>Kontakt Amy for at f\u00e5 det rigtige svar og en vape-kupon!<\/strong><\/p>\n<p><img loading=\"lazy\" decoding=\"async\" class=\"size-full wp-image-1978\" src=\"https:\/\/rmvapesale.com\/wp-content\/uploads\/2024\/09\/Disposable-Vape-Wholesale.jpg\" alt=\"Engrospriser p\u00e5 engangsvape\" width=\"229\" height=\"300\" \/><\/p>\n<h3><a href=\"https:\/\/wa.me\/8617776015835\" target=\"_blank\" rel=\"noopener\"><span style=\"color: #ff0000\"><strong>WhatsApp: +86 17776015835<\/strong><\/span><\/a><\/h3>\n<p>&nbsp;<\/p>\n<figure id=\"attachment_2709\" aria-describedby=\"caption-attachment-2709\" style=\"width: 600px\" class=\"wp-caption alignnone\"><img loading=\"lazy\" decoding=\"async\" class=\"wp-image-2709 size-full\" src=\"https:\/\/rmvapesale.com\/wp-content\/uploads\/2024\/11\/Bang-King-Nicotine-Gum-Wholesale.jpg\" alt=\"Bang King Nikotintyggegummi Engros\" width=\"600\" height=\"600\" srcset=\"https:\/\/rmvapesale.com\/wp-content\/uploads\/2024\/11\/Bang-King-Nicotine-Gum-Wholesale.jpg 600w, https:\/\/rmvapesale.com\/wp-content\/uploads\/2024\/11\/Bang-King-Nicotine-Gum-Wholesale-300x300.jpg 300w, https:\/\/rmvapesale.com\/wp-content\/uploads\/2024\/11\/Bang-King-Nicotine-Gum-Wholesale-150x150.jpg 150w, https:\/\/rmvapesale.com\/wp-content\/uploads\/2024\/11\/Bang-King-Nicotine-Gum-Wholesale-100x100.jpg 100w\" sizes=\"auto, (max-width: 600px) 100vw, 600px\" \/><figcaption id=\"caption-attachment-2709\" class=\"wp-caption-text\">Bang King Nikotintyggegummi Engros<\/figcaption><\/figure>\n<h3><\/h3>\n<h3><strong>Hvorfor V\u00e6lge Rmvapesale til Bang King Nikotintyggegummi<\/strong><strong>\u00a0Engros<\/strong><strong>?<\/strong><\/h3>\n<div class=\"flex-shrink-0 flex flex-col relative items-end\">\n<div class=\"pt-0\">\n<div class=\"gizmo-bot-avatar flex h-8 w-8 items-center justify-center overflow-hidden rounded-full\">\n<div class=\"relative p-1 rounded-sm flex items-center justify-center bg-token-main-surface-primary text-token-text-primary h-8 w-8\">\n<p>Velkommen til Rmvapesale, din betroede vapebutik for f\u00f8rsteklasses engangsvapes. Med mere end 5 \u00e5rs ekspertise bringer vi dig popul\u00e6re engangs-vape-m\u00e6rker som Al Fakher, Vapme Vape, <a href=\"https:\/\/rmvapesale.com\/da\/product\/vapme-crystal-7000-puffs-rechargeable-disposable-vape-price\/\">Vapme<\/a>, <a href=\"https:\/\/rmvapesale.com\/da\/product-category\/bang-vapes\/\">Bang Vape<\/a>, Waspe, <a href=\"https:\/\/rmvapesale.com\/da\/product\/wga-crystal-pro-max-extra-15k-puffs-disposable-vape-wholesale\/\">WGA<\/a> Vape og<a href=\"https:\/\/rmvapesale.com\/da\/product-category\/randm-fumot-vape\/\"> RandM Vape<\/a>.<\/p>\n<p>Vores sortiment omfatter popul\u00e6re vapes som <a href=\"https:\/\/rmvapesale.com\/da\/product\/fumot-digital-box-12000-disposable-vape-pink-lemonade-flavor\/\">RandM 12k<\/a> og smagsrige valg som <a href=\"https:\/\/rmvapesale.com\/da\/product\/elfbar-combo-25000-puffs-rechargeable-disposable-vape-wholesale\/\">ELFBAR Combo 25000 pust<\/a>. Hvert produkt er udvalgt med fokus p\u00e5 kvalitet, v\u00e6rdi og variation, hvilket sikrer, at du finder det perfekte match til dine behov. Opdag enest\u00e5ende service og et bredt udvalg af topprodukter hos Rmvapesale.<\/p>\n<\/div>\n<h3><\/h3>\n<div class=\"relative p-1 rounded-sm flex items-center justify-center bg-token-main-surface-primary text-token-text-primary h-8 w-8\">\n<h3><b>Bang King Nikotintyggegummi Ofte Stillede Sp\u00f8rgsm\u00e5l<\/b><\/h3>\n<\/div>\n<div class=\"mb-2 flex gap-3 empty:hidden -ml-2\">\n<ol>\n<li><strong>Hvor meget nikotin er der i hvert stykke Bangking Nikotintyggegummi?<\/strong><br \/>\nHvert stykke Bangking Nikotintyggegummi indeholder 4 mg nikotin, designet til at hj\u00e6lpe med at reducere trang og st\u00f8tte rygestop.<\/li>\n<li><strong>Er dette tyggegummi tobaksfrit?<\/strong><br \/>\nJa, Bangking Nikotintyggegummi indeholder ingen tobaksingredienser. Det giver nikotin uden de skadelige virkninger af tobak.<\/li>\n<li><strong>Vil dette tyggegummi plette mine t\u00e6nder?<\/strong><br \/>\nNej, Bangking Nikotintyggegummi er formuleret til at forhindre sorte eller plettede t\u00e6nder, s\u00e5 du kan bevare et str\u00e5lende smil uden bekymring.<\/li>\n<li><strong>Kan jeg bruge dette tyggegummi p\u00e5 offentlige steder?<\/strong><br \/>\nAbsolut! Tyggegummiet er r\u00f8gfrit og har ingen indvirkning p\u00e5 andre omkring dig, hvilket g\u00f8r det velegnet til brug i m\u00f8der, sociale sammenkomster og andre offentlige rum.<\/li>\n<\/ol>\n<\/div>\n<p>&nbsp;<\/p>\n<\/div>\n<\/div>\n<\/div>\n<h3>Om forsendelse<\/h3>\n<div class=\"flex-shrink-0 flex flex-col relative items-end\">\n<div>\n<div class=\"pt-0\">\n<div class=\"gizmo-bot-avatar flex h-8 w-8 items-center justify-center overflow-hidden rounded-full\">\n<div><\/div>\n<div class=\"relative p-1 rounded-sm flex items-center justify-center bg-token-main-surface-primary text-token-text-primary h-8 w-8\"><strong>1. Hvilke forsendelsesmetoder bruges?<\/strong><\/div>\n<\/div>\n<\/div>\n<\/div>\n<\/div>\n<div class=\"group\/conversation-turn relative flex w-full min-w-0 flex-col agent-turn\">\n<div class=\"flex-col gap-1 md:gap-3\">\n<div class=\"flex max-w-full flex-col flex-grow\">\n<div class=\"min-h-[20px] text-message flex w-full flex-col items-end gap-2 whitespace-normal break-words [.text-message+&amp;]:mt-5 overflow-x-auto\" dir=\"auto\" data-message-author-role=\"assistant\" data-message-id=\"22f8283b-3233-46ff-89a5-c7a41b33abda\">\n<div class=\"flex w-full flex-col gap-1 empty:hidden first:pt-[3px]\">\n<div class=\"markdown prose w-full break-words dark:prose-invert light\">\n<p>Vi samarbejder med UPS, DHL, FedEx, DPD og andre f\u00f8rende transport\u00f8rer. Vi vil v\u00e6lge den bedste forsendelsesmetode baseret p\u00e5 din leveringsplacering for at sikre, at du modtager dine produkter s\u00e5 hurtigt som muligt.<\/p>\n<\/div>\n<p><strong>2. Hvor lang tid tager det at ankomme?<\/strong><\/p>\n<p>Pakker sendt til Danmark ankommer normalt inden for 10 arbejdsdage. Forsendelse til europ\u00e6iske lande tager generelt omkring 12-15 arbejdsdage. Vi vil give opdateringer i realtid om din forsendelsesstatus.<\/p>\n<\/div>\n<\/div>\n<\/div>\n<\/div>\n<\/div>\n<p>&nbsp;<\/p>\n<p>Find flere Vape-produkter, du m\u00e5ske kan lide:<strong><em><a href=\"https:\/\/rmvapesale.com\/da\/shop-2\/\">k\u00f8b nu &gt;&gt;&gt;<\/a><\/em><\/strong><\/p>","protected":false},"excerpt":{"rendered":"<p>Bang King Nikotintyggegummi Hj\u00e6lper med at Stoppe Rygning Online<br \/>\nBang King Nikotintyggegummi Engros Engangs Vape<br \/>\nBang King Nyt Nikotin Tyggegummi Tygge Fabrikspris<\/p>\n<p><img loading=\"lazy\" decoding=\"async\" class=\"size-full wp-image-2375\" src=\"https:\/\/rmvapesale.com\/wp-content\/uploads\/2024\/10\/image.png\" alt=\"Bedste Engangs Vape\" width=\"229\" height=\"300\" \/><\/p>\n<h3><a href=\"https:\/\/wa.me\/8617776015835\"><span style=\"color: #ff0000\"><strong>WhatsApp: +86 17776015835<\/strong><\/span><\/a><\/h3>\n<p>&nbsp;<\/p>","protected":false},"featured_media":2713,"comment_status":"open","ping_status":"closed","template":"","meta":{"_uag_custom_page_level_css":"","_lmt_disableupdate":"no","_lmt_disable":"","site-sidebar-layout":"default","site-content-layout":"content-boxed-container","ast-site-content-layout":"normal-width-container","site-content-style":"boxed","site-sidebar-style":"unboxed","ast-global-header-display":"","ast-banner-title-visibility":"","ast-main-header-display":"","ast-hfb-above-header-display":"","ast-hfb-below-header-display":"","ast-hfb-mobile-header-display":"","site-post-title":"","ast-breadcrumbs-content":"","ast-featured-img":"","footer-sml-layout":"","ast-disable-related-posts":"","theme-transparent-header-meta":"default","adv-header-id-meta":"","stick-header-meta":"","header-above-stick-meta":"","header-main-stick-meta":"","header-below-stick-meta":"","astra-migrate-meta-layouts":"set","ast-page-background-enabled":"default","ast-page-background-meta":{"desktop":{"background-color":"var(--ast-global-color-4)","background-image":"","background-repeat":"repeat","background-position":"center center","background-size":"auto","background-attachment":"scroll","background-type":"","background-media":"","overlay-type":"","overlay-color":"","overlay-opacity":"","overlay-gradient":""},"tablet":{"background-color":"","background-image":"","background-repeat":"repeat","background-position":"center center","background-size":"auto","background-attachment":"scroll","background-type":"","background-media":"","overlay-type":"","overlay-color":"","overlay-opacity":"","overlay-gradient":""},"mobile":{"background-color":"","background-image":"","background-repeat":"repeat","background-position":"center center","background-size":"auto","background-attachment":"scroll","background-type":"","background-media":"","overlay-type":"","overlay-color":"","overlay-opacity":"","overlay-gradient":""}},"ast-content-background-meta":{"desktop":{"background-color":"var(--ast-global-color-5)","background-image":"","background-repeat":"repeat","background-position":"center center","background-size":"auto","background-attachment":"scroll","background-type":"","background-media":"","overlay-type":"","overlay-color":"","overlay-opacity":"","overlay-gradient":""},"tablet":{"background-color":"var(--ast-global-color-5)","background-image":"","background-repeat":"repeat","background-position":"center center","background-size":"auto","background-attachment":"scroll","background-type":"","background-media":"","overlay-type":"","overlay-color":"","overlay-opacity":"","overlay-gradient":""},"mobile":{"background-color":"var(--ast-global-color-5)","background-image":"","background-repeat":"repeat","background-position":"center center","background-size":"auto","background-attachment":"scroll","background-type":"","background-media":"","overlay-type":"","overlay-color":"","overlay-opacity":"","overlay-gradient":""}},"_joinchat":[]},"product_brand":[],"product_cat":[15,27,25,123,30,26,28,137,136,135],"product_tag":[211,210],"class_list":{"0":"post-2714","1":"product","2":"type-product","3":"status-publish","4":"has-post-thumbnail","6":"product_cat-new-vape-this-week","7":"product_cat-fance-hot-sale-vape","8":"product_cat-germany-best-selling-vape","9":"product_cat-italy-wholesale-vape","10":"product_cat-minimum-order-quantity-50pcs","11":"product_cat-netherlands-hot-sale-vape","12":"product_cat-poland-hot-sale-vape","13":"product_cat-rechargeable-vapes","14":"product_cat-smart-screen-vapes","15":"product_cat-spain-best-hot-sale-vape","16":"product_tag-bang-king-nicotine-gum","17":"product_tag-bangking-bangking","18":"desktop-align-left","19":"tablet-align-left","20":"mobile-align-left","22":"first","23":"instock","24":"sale","25":"shipping-taxable","26":"purchasable","27":"product-type-simple"},"uagb_featured_image_src":{"full":["https:\/\/rmvapesale.com\/wp-content\/uploads\/2024\/11\/Bang-Vape-Bang-King-Nicotine-Gum.jpg",600,600,false],"thumbnail":["https:\/\/rmvapesale.com\/wp-content\/uploads\/2024\/11\/Bang-Vape-Bang-King-Nicotine-Gum-150x150.jpg",150,150,true],"medium":["https:\/\/rmvapesale.com\/wp-content\/uploads\/2024\/11\/Bang-Vape-Bang-King-Nicotine-Gum-300x300.jpg",300,300,true],"medium_large":["https:\/\/rmvapesale.com\/wp-content\/uploads\/2024\/11\/Bang-Vape-Bang-King-Nicotine-Gum.jpg",600,600,false],"large":["https:\/\/rmvapesale.com\/wp-content\/uploads\/2024\/11\/Bang-Vape-Bang-King-Nicotine-Gum.jpg",600,600,false],"1536x1536":["https:\/\/rmvapesale.com\/wp-content\/uploads\/2024\/11\/Bang-Vape-Bang-King-Nicotine-Gum.jpg",600,600,false],"2048x2048":["https:\/\/rmvapesale.com\/wp-content\/uploads\/2024\/11\/Bang-Vape-Bang-King-Nicotine-Gum.jpg",600,600,false],"trp-custom-language-flag":["https:\/\/rmvapesale.com\/wp-content\/uploads\/2024\/11\/Bang-Vape-Bang-King-Nicotine-Gum.jpg",12,12,false],"woocommerce_thumbnail":["https:\/\/rmvapesale.com\/wp-content\/uploads\/2024\/11\/Bang-Vape-Bang-King-Nicotine-Gum-300x300.jpg",300,300,true],"woocommerce_single":["https:\/\/rmvapesale.com\/wp-content\/uploads\/2024\/11\/Bang-Vape-Bang-King-Nicotine-Gum.jpg",600,600,false],"woocommerce_gallery_thumbnail":["https:\/\/rmvapesale.com\/wp-content\/uploads\/2024\/11\/Bang-Vape-Bang-King-Nicotine-Gum-100x100.jpg",100,100,true],"wcpr-photo-reviews":["https:\/\/rmvapesale.com\/wp-content\/uploads\/2024\/11\/Bang-Vape-Bang-King-Nicotine-Gum.jpg",500,500,false]},"uagb_author_info":{"display_name":"AMY","author_link":"https:\/\/rmvapesale.com\/da\/author\/"},"uagb_comment_info":0,"uagb_excerpt":"Bang King Nicotine Gum Help Stop Smoking Gum Online Bang King Nicotine Gum Wholesale Disposable Vape Bang King New Nicotine Chewing Gum Chewing Factory Price WhatsApp: +86 17776015835 &nbsp;","_links":{"self":[{"href":"https:\/\/rmvapesale.com\/da\/wp-json\/wp\/v2\/product\/2714","targetHints":{"allow":["GET"]}}],"collection":[{"href":"https:\/\/rmvapesale.com\/da\/wp-json\/wp\/v2\/product"}],"about":[{"href":"https:\/\/rmvapesale.com\/da\/wp-json\/wp\/v2\/types\/product"}],"replies":[{"embeddable":true,"href":"https:\/\/rmvapesale.com\/da\/wp-json\/wp\/v2\/comments?post=2714"}],"wp:featuredmedia":[{"embeddable":true,"href":"https:\/\/rmvapesale.com\/da\/wp-json\/wp\/v2\/media\/2713"}],"wp:attachment":[{"href":"https:\/\/rmvapesale.com\/da\/wp-json\/wp\/v2\/media?parent=2714"}],"wp:term":[{"taxonomy":"product_brand","embeddable":true,"href":"https:\/\/rmvapesale.com\/da\/wp-json\/wp\/v2\/product_brand?post=2714"},{"taxonomy":"product_cat","embeddable":true,"href":"https:\/\/rmvapesale.com\/da\/wp-json\/wp\/v2\/product_cat?post=2714"},{"taxonomy":"product_tag","embeddable":true,"href":"https:\/\/rmvapesale.com\/da\/wp-json\/wp\/v2\/product_tag?post=2714"}],"curies":[{"name":"wp","href":"https:\/\/api.w.org\/{rel}","templated":true}]}}