{"id":2737,"date":"2024-11-15T06:58:13","date_gmt":"2024-11-15T06:58:13","guid":{"rendered":"https:\/\/rmvapesale.com\/?post_type=product&#038;p=2737"},"modified":"2024-11-15T07:19:53","modified_gmt":"2024-11-15T07:19:53","slug":"randm-vape-fumot-12000-digital-box-strawberry-watermelon-flavor-low-nicotine-disposable-vape","status":"publish","type":"product","link":"https:\/\/rmvapesale.com\/da\/product\/randm-vape-fumot-12000-digital-box-strawberry-watermelon-flavor-low-nicotine-disposable-vape\/","title":{"rendered":"RandM Vape Fumot 12k Digital Boks Jordb\u00e6r Vandmelon Smag Lav Nikotin Engangs Vape"},"content":{"rendered":"<div class=\"B2VR9 CJHX3e\">\n<div class=\"wyccme\">\n<h1 class=\"LC20lb MBeuO DKV0Md\">RandM Vape Fumot 12000 Digital Boks Jordb\u00e6r Vandmelon Smag Lav Nicotin Engangs Vape<\/h1>\n<div class=\"flex-shrink-0 flex flex-col relative items-end\">\n<div class=\"pt-0\">\n<div class=\"gizmo-bot-avatar flex h-8 w-8 items-center justify-center overflow-hidden rounded-full\">\n<div class=\"relative p-1 rounded-sm flex items-center justify-center bg-token-main-surface-primary text-token-text-primary h-8 w-8\">\n<p>&nbsp;<\/p>\n<p>RandM Vape Fumot 12000 Digital Boks i jordb\u00e6r-vandmelon smag er det perfekte valg for dem, der nyder en glat, frugtig vapeoplevelse med en lav nikotinmulighed. Denne engangs enhed tilbyder imponerende 12.000 sug, hvilket g\u00f8r den til et af de l\u00e6ngstvarende valg p\u00e5 markedet. Hver sug giver en forfriskende burst af s\u00f8d jordb\u00e6r afbalanceret med saftig vandmelon, hvilket giver dig en tilfredsstillende smagsprofil, der f\u00e5r dig til at vende tilbage efter mere. Designet med en h\u00f8jkapacitets 20 ml e-v\u00e6skebeholder, sikrer denne vape, at du har rigelig smag til at vare gennem hele 12.000 sug uden behov for genopfyldning.<\/p>\n<p>Udstyret med en praktisk digital sk\u00e6rm viser Fumot 12000 Digital Boks b\u00e5de batteri- og e-v\u00e6skeniveau p\u00e5 et \u00f8jeblik, hvilket holder dig informeret og eliminerer g\u00e6tteri. Dens 850mAh genopladelige batteri, komplet med Type-C opladning, sikrer hurtig og effektiv genopladning, s\u00e5 du kan vape uden afbrydelser. Med lave nikotinniveauer er denne vape ideel for brugere, der s\u00f8ger en mildere nikotinuafslutning, mens de stadig nyder rig smag og tilfredsstillende damp. Kompakt og nem at bruge, er Fumot 12000 designet til at give en premium vapeoplevelse uden besv\u00e6r.<\/p>\n<\/div>\n<\/div>\n<\/div>\n<\/div>\n<\/div>\n<\/div>\n<p><strong>Kontakt Amy for at f\u00e5 det rigtige svar og en vape-kupon!<\/strong><\/p>\n<p><img loading=\"lazy\" decoding=\"async\" class=\"size-full wp-image-1978\" src=\"https:\/\/rmvapesale.com\/wp-content\/uploads\/2024\/09\/Disposable-Vape-Wholesale.jpg\" alt=\"Engrospriser p\u00e5 engangsvape\" width=\"229\" height=\"300\" \/><\/p>\n<h3><a href=\"https:\/\/wa.me\/8617776015835\" target=\"_blank\" rel=\"noopener\"><span style=\"color: #ff0000\"><strong>WhatsApp: +86 17776015835<\/strong><\/span><\/a><\/h3>\n<p>&nbsp;<\/p>\n<h2><\/h2>\n<h2><strong>Randm 12000 Puffs N\u00f8glefunktioner<\/strong><\/h2>\n<ul>\n<li>Op til 12.000 sug til l\u00e6ngerevarende brug<\/li>\n<li>Lav nikotinmulighed for en blidere oplevelse<\/li>\n<li>20 ml e-v\u00e6skekapacitet med digital sk\u00e6rm<\/li>\n<li>850mAh genopladeligt batteri med Type-C opladning<\/li>\n<li>Forfriskende jordb\u00e6r-vandmelon smag<\/li>\n<\/ul>\n<p>&nbsp;<\/p>\n<h2><strong>Top smag for Fumot 12000 Puffs<\/strong><\/h2>\n<p>1 Cool Mint <span style=\"color: #ff0000\"><strong>&gt;&gt;&gt;&gt; Popul\u00e6r!<\/strong><\/span><br \/>\n2 Vandmelonis<br \/>\n3 Drueis<br \/>\n4 Bl\u00e5b\u00e6r Hindb\u00e6r <span style=\"color: #ff0000\"><strong>&gt;&gt;&gt;&gt; Popul\u00e6r!<\/strong><\/span><br \/>\n5 Jordb\u00e6r Vandmelon<br \/>\n6 Jordb\u00e6r Banan<br \/>\n7 Lush Ice<br \/>\n8 Kirseb\u00e6r<br \/>\n9 Jordb\u00e6ris<br \/>\n10 Ispinde<br \/>\n11 Pink Lemonade <span style=\"color: #ff0000\"><strong>&gt;&gt;&gt;&gt; Popul\u00e6r!<\/strong><\/span><br \/>\n12 Mango p\u00e5 is<br \/>\n13 Blandede b\u00e6r<br \/>\n14 Jordb\u00e6r Donut<br \/>\n15 Jordb\u00e6r Drue<br \/>\n16 Kirseb\u00e6rcola<br \/>\n17 Dr. Bl\u00e5<br \/>\n18 Bl\u00e5b\u00e6r p\u00e5 is <span style=\"color: #ff0000\"><strong>&gt;&gt;&gt;&gt; Popul\u00e6r!<\/strong><\/span><br \/>\n19 Kiwi, passionsfrugt, guava<br \/>\n20 Jordb\u00e6r, kiwi<br \/>\n21 Fersken, mango<br \/>\n22 Fersken p\u00e5 is<br \/>\n23 R\u00f8dt \u00e6ble p\u00e5 is<br \/>\n24 Bl\u00e5b\u00e6r-tyggegummi <span style=\"color: #ff0000\"><strong>&gt;&gt;&gt;&gt; Bedst!<\/strong><\/span><br \/>\n25 B\u00e6r-lemonade<br \/>\n26 Bl\u00e5 hindb\u00e6r-lemonade<br \/>\n27 Bl\u00e5 sur hindb\u00e6r<br \/>\n28 Jordb\u00e6r Red Bull<br \/>\n29 \u00c6ble-b\u00e6rbombe<br \/>\n30 Vandmelon-tyggegummi<br \/>\n31 Hindb\u00e6r, vandmelon<br \/>\n32 Sort is<br \/>\n33 Bl\u00e5b\u00e6r, kirseb\u00e6r, traneb\u00e6r<br \/>\n34 Jordb\u00e6r, granat\u00e6ble<br \/>\n35 Vimto<br \/>\n36 Kirseb\u00e6r og b\u00e6r<br \/>\n37 Citron<br \/>\n38 Bingo Crush<br \/>\n39 Bl\u00e5b\u00e6r kiwi<br \/>\n40 \u00c6ble Kanel<\/p>\n<h3><\/h3>\n<h3><strong>Hvorfor v\u00e6lge Rmvapesale til RandM Digital Box 12000 <\/strong><strong>V<\/strong><strong>Vape Engros<\/strong><strong>?<\/strong><\/h3>\n<div class=\"flex-shrink-0 flex flex-col relative items-end\">\n<div class=\"pt-0\">\n<div class=\"gizmo-bot-avatar flex h-8 w-8 items-center justify-center overflow-hidden rounded-full\">\n<div class=\"relative p-1 rounded-sm flex items-center justify-center bg-token-main-surface-primary text-token-text-primary h-8 w-8\">\n<p>Velkommen til Rmvapesale, din betroede vapebutik for f\u00f8rsteklasses engangsvapes. Med mere end 5 \u00e5rs ekspertise bringer vi dig popul\u00e6re engangs-vape-m\u00e6rker som Al Fakher, Vapme Vape, <a href=\"https:\/\/rmvapesale.com\/da\/product\/vapme-crystal-7000-puffs-rechargeable-disposable-vape-price\/\">Vapme<\/a>, <a href=\"https:\/\/rmvapesale.com\/da\/product-category\/bang-vapes\/\">Bang Vape<\/a>, Waspe, <a href=\"https:\/\/rmvapesale.com\/da\/product\/wga-crystal-pro-max-extra-15k-puffs-disposable-vape-wholesale\/\">WGA<\/a> Vape og<a href=\"https:\/\/rmvapesale.com\/da\/product-category\/randm-fumot-vape\/\"> RandM Vape<\/a>.<\/p>\n<p>Vores sortiment omfatter popul\u00e6re vapes som <a href=\"https:\/\/rmvapesale.com\/da\/product\/fumot-digital-box-12000-disposable-vape-pink-lemonade-flavor\/\">Hvad der virkelig adskiller<\/a> og smagsrige valg som <a href=\"https:\/\/rmvapesale.com\/da\/product\/wga-crystal-pro-max-extra-15k-puffs-disposable-vape-wholesale\/\">WGA 15K<\/a>. Hvert produkt er udvalgt med fokus p\u00e5 kvalitet, v\u00e6rdi og variation, hvilket sikrer, at du finder det perfekte match til dine behov. Opdag enest\u00e5ende service og et bredt udvalg af topprodukter hos Rmvapesale.<\/p>\n<\/div>\n<h3><\/h3>\n<div class=\"relative p-1 rounded-sm flex items-center justify-center bg-token-main-surface-primary text-token-text-primary h-8 w-8\">\n<h3><b>RandM 12000 Puffs Genopladelig Engangs Vape FAQS<\/b><\/h3>\n<div class=\"group\/conversation-turn relative flex w-full min-w-0 flex-col agent-turn\">\n<div class=\"flex-col gap-1 md:gap-3\">\n<div class=\"flex max-w-full flex-col flex-grow\">\n<div class=\"min-h-8 text-message flex w-full flex-col items-end gap-2 whitespace-normal break-words [.text-message+&amp;]:mt-5\" dir=\"auto\" data-message-author-role=\"assistant\" data-message-id=\"00c9b302-bc9c-4550-94ba-5a295efa2be3\" data-message-model-slug=\"gpt-4o\">\n<div class=\"flex w-full flex-col gap-1 empty:hidden first:pt-[3px]\">\n<div class=\"markdown prose w-full break-words dark:prose-invert light\">\n<div class=\"flex-shrink-0 flex flex-col relative items-end\">\n<div>\n<div class=\"pt-0\">\n<div class=\"gizmo-bot-avatar flex h-8 w-8 items-center justify-center overflow-hidden rounded-full\">\n<div class=\"relative p-1 rounded-sm flex items-center justify-center bg-token-main-surface-primary text-token-text-primary h-8 w-8\"><\/div>\n<\/div>\n<\/div>\n<\/div>\n<\/div>\n<div class=\"group\/conversation-turn relative flex w-full min-w-0 flex-col agent-turn\">\n<div class=\"flex-col gap-1 md:gap-3\">\n<div class=\"flex max-w-full flex-col flex-grow\">\n<div class=\"min-h-8 text-message flex w-full flex-col items-end gap-2 whitespace-normal break-words [.text-message+&amp;]:mt-5\" dir=\"auto\" data-message-author-role=\"assistant\" data-message-id=\"a3dc01bd-23b0-4fd7-bb9a-7827522cefd8\" data-message-model-slug=\"gpt-4o\">\n<div class=\"flex w-full flex-col gap-1 empty:hidden first:pt-[3px]\">\n<div class=\"markdown prose w-full break-words dark:prose-invert light\">\n<ol>\n<li><strong>Hvor mange sug giver Fumot 12000 Vape?<\/strong><br \/>\nFumot 12000 Digital Boks Vape giver op til 12.000 sug, hvilket tilbyder en forl\u00e6nget vapeoplevelse.<\/li>\n<li><strong>Hvad er de popul\u00e6re smagsvarianter for RandM 12000 Digital Boks engangs vape?<\/strong><br \/>\nPopul\u00e6re smagsvarianter for RandM 12000 Digital Boks engangs vape inkluderer Jordb\u00e6r Vandmelon, Blue Razz, Grape Ice og Cool Mint, kendt for deres forfriskende og glatte profiler.<\/li>\n<li><strong>Hvordan ved jeg, hvorn\u00e5r min genopladelige Fumot Vape 12000 Puffs vape er tom?<\/strong><br \/>\nFumot 12000 Digital Boks Vape inkluderer en digital sk\u00e6rm, der viser e-v\u00e6skens niveau. N\u00e5r e-v\u00e6skindikatoren viser lavt eller tomt, er det tid til at udskifte enheden.<\/li>\n<li><strong>Hvor meget nikotin er der i en Fumot Digital Boks 12000 Sug Engangs Vape?<\/strong><br \/>\nFumot Digital Boks 12000 Sug Engangs Vape f\u00e5s i forskellige nikotinstyrker, typisk inklusive muligheder som 0%, 2%, 3% og 5% nikotin.<\/li>\n<li><strong>Hvor lang tid tager det at oplade Fumot 12000 vapen helt?<\/strong><br \/>\nFumot 12000 Digital Boks Vape har et 850mAh batteri og lades fuldt op p\u00e5 cirka 1,5 til 2 timer via en Type-C opladningsport.<\/li>\n<li><strong>Hvor kan man k\u00f8be Fumot RandM Digital Boks 12000 sug Vapes til engrospris?<\/strong><br \/>\nFor engrospriser p\u00e5 Fumot RandM Digital Boks 12000 sug Vapes, bes\u00f8g <strong>Rmvapesale online vape shop<\/strong> for konkurrencedygtige bulk-k\u00f8bsmuligheder.<\/li>\n<li><strong>Kan jeg medbringe en engangsvape p\u00e5 et fly?<\/strong><br \/>\nJa, du kan tage en engangs vape med p\u00e5 flyet, men den skal pakkes i din h\u00e5ndbagage, da lithiumbatterier ikke er tilladt i indchecket bagage. Tjek altid flyselskabets og lokale regler, inden du rejser.<\/li>\n<\/ol>\n<\/div>\n<\/div>\n<\/div>\n<\/div>\n<\/div>\n<\/div>\n<\/div>\n<\/div>\n<\/div>\n<\/div>\n<\/div>\n<\/div>\n<\/div>\n<div class=\"mb-2 flex gap-3 empty:hidden -ml-2\"><\/div>\n<p>&nbsp;<\/p>\n<\/div>\n<\/div>\n<\/div>\n<h3>Om forsendelse<\/h3>\n<div class=\"flex-shrink-0 flex flex-col relative items-end\">\n<div>\n<div class=\"pt-0\">\n<div class=\"gizmo-bot-avatar flex h-8 w-8 items-center justify-center overflow-hidden rounded-full\">\n<div><\/div>\n<div class=\"relative p-1 rounded-sm flex items-center justify-center bg-token-main-surface-primary text-token-text-primary h-8 w-8\"><strong>1. Hvilke forsendelsesmetoder bruges?<\/strong><\/div>\n<\/div>\n<\/div>\n<\/div>\n<\/div>\n<div class=\"group\/conversation-turn relative flex w-full min-w-0 flex-col agent-turn\">\n<div class=\"flex-col gap-1 md:gap-3\">\n<div class=\"flex max-w-full flex-col flex-grow\">\n<div class=\"min-h-[20px] text-message flex w-full flex-col items-end gap-2 whitespace-normal break-words [.text-message+&amp;]:mt-5 overflow-x-auto\" dir=\"auto\" data-message-author-role=\"assistant\" data-message-id=\"22f8283b-3233-46ff-89a5-c7a41b33abda\">\n<div class=\"flex w-full flex-col gap-1 empty:hidden first:pt-[3px]\">\n<div class=\"markdown prose w-full break-words dark:prose-invert light\">\n<p>Vi samarbejder med UPS, DHL, FedEx, DPD og andre f\u00f8rende transport\u00f8rer. Vi vil v\u00e6lge den bedste forsendelsesmetode baseret p\u00e5 din leveringsplacering for at sikre, at du modtager dine produkter s\u00e5 hurtigt som muligt.<\/p>\n<\/div>\n<p><strong>2. Hvor lang tid tager det at ankomme?<\/strong><\/p>\n<p>Pakker sendt til Danmark ankommer normalt inden for 10 arbejdsdage. Forsendelse til europ\u00e6iske lande tager generelt omkring 12-15 arbejdsdage. Vi vil give opdateringer i realtid om din forsendelsesstatus.<\/p>\n<\/div>\n<\/div>\n<\/div>\n<\/div>\n<\/div>\n<p>&nbsp;<\/p>\n<p>Find flere Vape-produkter, du m\u00e5ske kan lide:<strong><em><a href=\"https:\/\/rmvapesale.com\/da\/shop-2\/\">k\u00f8b nu &gt;&gt;&gt;<\/a><\/em><\/strong><\/p>","protected":false},"excerpt":{"rendered":"<p>Fumot Digital Box 12000 Engangs-vape<br \/>\nRandM Vape Fumot Digital Boks 12000 Puf Bulk K\u00f8b<br \/>\nFumot 12000 Engangs Vape Alle Smagsvarer p\u00e5 Lager Engros<\/p>\n<p><img loading=\"lazy\" decoding=\"async\" class=\"size-full wp-image-2375\" src=\"https:\/\/rmvapesale.com\/wp-content\/uploads\/2024\/10\/image.png\" alt=\"Bedste Engangs Vape\" width=\"229\" height=\"300\" \/><\/p>\n<h3><a href=\"https:\/\/wa.me\/8617776015835\"><span style=\"color: #ff0000\"><strong>WhatsApp: +86 17776015835<\/strong><\/span><\/a><\/h3>\n<p>&nbsp;<\/p>","protected":false},"featured_media":2731,"comment_status":"open","ping_status":"closed","template":"","meta":{"_uag_custom_page_level_css":"","_lmt_disableupdate":"no","_lmt_disable":"","site-sidebar-layout":"default","site-content-layout":"content-boxed-container","ast-site-content-layout":"normal-width-container","site-content-style":"boxed","site-sidebar-style":"unboxed","ast-global-header-display":"","ast-banner-title-visibility":"","ast-main-header-display":"","ast-hfb-above-header-display":"","ast-hfb-below-header-display":"","ast-hfb-mobile-header-display":"","site-post-title":"","ast-breadcrumbs-content":"","ast-featured-img":"","footer-sml-layout":"","theme-transparent-header-meta":"default","adv-header-id-meta":"","stick-header-meta":"","header-above-stick-meta":"","header-main-stick-meta":"","header-below-stick-meta":"","astra-migrate-meta-layouts":"set","ast-page-background-enabled":"default","ast-page-background-meta":{"desktop":{"background-color":"var(--ast-global-color-4)","background-image":"","background-repeat":"repeat","background-position":"center center","background-size":"auto","background-attachment":"scroll","background-type":"","background-media":"","overlay-type":"","overlay-color":"","overlay-opacity":"","overlay-gradient":""},"tablet":{"background-color":"","background-image":"","background-repeat":"repeat","background-position":"center center","background-size":"auto","background-attachment":"scroll","background-type":"","background-media":"","overlay-type":"","overlay-color":"","overlay-opacity":"","overlay-gradient":""},"mobile":{"background-color":"","background-image":"","background-repeat":"repeat","background-position":"center center","background-size":"auto","background-attachment":"scroll","background-type":"","background-media":"","overlay-type":"","overlay-color":"","overlay-opacity":"","overlay-gradient":""}},"ast-content-background-meta":{"desktop":{"background-color":"var(--ast-global-color-5)","background-image":"","background-repeat":"repeat","background-position":"center center","background-size":"auto","background-attachment":"scroll","background-type":"","background-media":"","overlay-type":"","overlay-color":"","overlay-opacity":"","overlay-gradient":""},"tablet":{"background-color":"var(--ast-global-color-5)","background-image":"","background-repeat":"repeat","background-position":"center center","background-size":"auto","background-attachment":"scroll","background-type":"","background-media":"","overlay-type":"","overlay-color":"","overlay-opacity":"","overlay-gradient":""},"mobile":{"background-color":"var(--ast-global-color-5)","background-image":"","background-repeat":"repeat","background-position":"center center","background-size":"auto","background-attachment":"scroll","background-type":"","background-media":"","overlay-type":"","overlay-color":"","overlay-opacity":"","overlay-gradient":""}},"_joinchat":[]},"product_brand":[],"product_cat":[15,51,25,123,26,28,135,27,31,137,136,30],"product_tag":[212,214,39,213,38],"class_list":{"0":"post-2737","1":"product","2":"type-product","3":"status-publish","4":"has-post-thumbnail","6":"product_cat-new-vape-this-week","7":"product_cat-fumot-vape","8":"product_cat-germany-best-selling-vape","9":"product_cat-italy-wholesale-vape","10":"product_cat-netherlands-hot-sale-vape","11":"product_cat-poland-hot-sale-vape","12":"product_cat-spain-best-hot-sale-vape","13":"product_cat-fance-hot-sale-vape","14":"product_cat-randm-fumot-vape","15":"product_cat-rechargeable-vapes","16":"product_cat-smart-screen-vapes","17":"product_cat-minimum-order-quantity-50pcs","18":"product_tag-fumot-12000","19":"product_tag-fumot-12k","20":"product_tag-fumot-vape","21":"product_tag-randm-12000","22":"product_tag-randm-vape","23":"desktop-align-left","24":"tablet-align-left","25":"mobile-align-left","27":"first","28":"instock","29":"sale","30":"shipping-taxable","31":"purchasable","32":"product-type-simple"},"uagb_featured_image_src":{"full":["https:\/\/rmvapesale.com\/wp-content\/uploads\/2024\/11\/RandM-12000-Disposable-Vape-Bulk-Buy.jpg",800,800,false],"thumbnail":["https:\/\/rmvapesale.com\/wp-content\/uploads\/2024\/11\/RandM-12000-Disposable-Vape-Bulk-Buy-150x150.jpg",150,150,true],"medium":["https:\/\/rmvapesale.com\/wp-content\/uploads\/2024\/11\/RandM-12000-Disposable-Vape-Bulk-Buy-300x300.jpg",300,300,true],"medium_large":["https:\/\/rmvapesale.com\/wp-content\/uploads\/2024\/11\/RandM-12000-Disposable-Vape-Bulk-Buy-768x768.jpg",768,768,true],"large":["https:\/\/rmvapesale.com\/wp-content\/uploads\/2024\/11\/RandM-12000-Disposable-Vape-Bulk-Buy.jpg",800,800,false],"1536x1536":["https:\/\/rmvapesale.com\/wp-content\/uploads\/2024\/11\/RandM-12000-Disposable-Vape-Bulk-Buy.jpg",800,800,false],"2048x2048":["https:\/\/rmvapesale.com\/wp-content\/uploads\/2024\/11\/RandM-12000-Disposable-Vape-Bulk-Buy.jpg",800,800,false],"trp-custom-language-flag":["https:\/\/rmvapesale.com\/wp-content\/uploads\/2024\/11\/RandM-12000-Disposable-Vape-Bulk-Buy.jpg",12,12,false],"woocommerce_thumbnail":["https:\/\/rmvapesale.com\/wp-content\/uploads\/2024\/11\/RandM-12000-Disposable-Vape-Bulk-Buy-300x300.jpg",300,300,true],"woocommerce_single":["https:\/\/rmvapesale.com\/wp-content\/uploads\/2024\/11\/RandM-12000-Disposable-Vape-Bulk-Buy-600x600.jpg",600,600,true],"woocommerce_gallery_thumbnail":["https:\/\/rmvapesale.com\/wp-content\/uploads\/2024\/11\/RandM-12000-Disposable-Vape-Bulk-Buy-100x100.jpg",100,100,true],"wcpr-photo-reviews":["https:\/\/rmvapesale.com\/wp-content\/uploads\/2024\/11\/RandM-12000-Disposable-Vape-Bulk-Buy.jpg",500,500,false]},"uagb_author_info":{"display_name":"AMY","author_link":"https:\/\/rmvapesale.com\/da\/author\/"},"uagb_comment_info":0,"uagb_excerpt":"Fumot Digital Box 12000 Disposable Vape RandM Vape Fumot Digital Box 12000 Puff Bulk Buy Fumot 12000 Disposable Vape All Flavor in Stock Wholesale WhatsApp: +86 17776015835 &nbsp;","_links":{"self":[{"href":"https:\/\/rmvapesale.com\/da\/wp-json\/wp\/v2\/product\/2737","targetHints":{"allow":["GET"]}}],"collection":[{"href":"https:\/\/rmvapesale.com\/da\/wp-json\/wp\/v2\/product"}],"about":[{"href":"https:\/\/rmvapesale.com\/da\/wp-json\/wp\/v2\/types\/product"}],"replies":[{"embeddable":true,"href":"https:\/\/rmvapesale.com\/da\/wp-json\/wp\/v2\/comments?post=2737"}],"wp:featuredmedia":[{"embeddable":true,"href":"https:\/\/rmvapesale.com\/da\/wp-json\/wp\/v2\/media\/2731"}],"wp:attachment":[{"href":"https:\/\/rmvapesale.com\/da\/wp-json\/wp\/v2\/media?parent=2737"}],"wp:term":[{"taxonomy":"product_brand","embeddable":true,"href":"https:\/\/rmvapesale.com\/da\/wp-json\/wp\/v2\/product_brand?post=2737"},{"taxonomy":"product_cat","embeddable":true,"href":"https:\/\/rmvapesale.com\/da\/wp-json\/wp\/v2\/product_cat?post=2737"},{"taxonomy":"product_tag","embeddable":true,"href":"https:\/\/rmvapesale.com\/da\/wp-json\/wp\/v2\/product_tag?post=2737"}],"curies":[{"name":"wp","href":"https:\/\/api.w.org\/{rel}","templated":true}]}}