{"id":2776,"date":"2024-11-22T08:14:08","date_gmt":"2024-11-22T08:14:08","guid":{"rendered":"https:\/\/rmvapesale.com\/?post_type=product&#038;p=2776"},"modified":"2024-11-27T02:39:49","modified_gmt":"2024-11-27T02:39:49","slug":"jnr-vapewatch-30000-smart-phone-vapes-wholesale-cheap-price","status":"publish","type":"product","link":"https:\/\/rmvapesale.com\/da\/product\/jnr-vapewatch-30000-smart-phone-vapes-wholesale-cheap-price\/","title":{"rendered":"JNR Vapewatch 30000 Smart Phone Vapes Engros Billig Pris"},"content":{"rendered":"<div class=\"B2VR9 CJHX3e\">\n<div class=\"wyccme\">\n<h1 class=\"LC20lb MBeuO DKV0Md\">JNR Vapewatch 30000 Smart Phone Vapes Engros Billig Pris<\/h1>\n<div class=\"flex-shrink-0 flex flex-col relative items-end\">\n<div class=\"pt-0\">\n<div class=\"gizmo-bot-avatar flex h-8 w-8 items-center justify-center overflow-hidden rounded-full\">\n<div class=\"relative p-1 rounded-sm flex items-center justify-center bg-token-main-surface-primary text-token-text-primary h-8 w-8\">\n<p>L\u00f8ft din vaping-oplevelse med <strong>JNR VapeWatch 30000 Smart Phone Vapes<\/strong>, den perfekte blanding af banebrydende design og avanceret funktionalitet. Med en <strong>aftagelig digital touchsk\u00e6rm<\/strong>, fungerer denne vape ogs\u00e5 som et smartwatch, hvilket tilbyder <strong>opkalds- og beskednotifikationer<\/strong>, <strong>l\u00e5setilstand<\/strong>, og en <strong>Find Din Vape funktion<\/strong>. Den <strong>Regul\u00e6r Tilstand<\/strong> leverer en utrolig <strong>30.000 sug<\/strong>, mens den <strong>Puls Tilstand<\/strong> tilbyder <strong>18.000 puffs<\/strong>, hvilket g\u00f8r den ideel til langvarig brug. Fremstillet med <strong>5% nikotin e-juice<\/strong>, giver den en tilfredsstillende og smagfuld oplevelse i hver inhalation. Uanset om du er nybegynder eller erfaren vaper, er denne innovative enhed skr\u00e6ddersyet til glat og behagelig <strong>MTL vaping<\/strong>.<\/p>\n<p>Engrosk\u00f8bere vil elske alsidigheden og de f\u00f8rsteklasses funktioner i <strong>JNR VapeWatch 30000<\/strong>. Med smart app-styring kan du overv\u00e5ge dit forbrug, tilpasse indstillinger og l\u00e5se op for en virkelig personlig vapingoplevelse. Dens <strong>fjernbetjening af kamera<\/strong> tilf\u00f8jer en sjov, unik funktionalitet til enheden, mens dens elegante design g\u00f8r den til en samtale starter. Tilg\u00e6ngelig i bulk, er denne vape et fremragende valg for detailhandlere og distribut\u00f8rer, der s\u00f8ger den nyeste teknologi inden for engangs-vapes. Hold dig foran markedet med denne banebrydende enhed.<\/p>\n<\/div>\n<\/div>\n<\/div>\n<\/div>\n<\/div>\n<\/div>\n<p><strong>Kontakt Amy for at f\u00e5 det rigtige svar og en vape-kupon!<\/strong><\/p>\n<p><img loading=\"lazy\" decoding=\"async\" class=\"size-full wp-image-1978\" src=\"https:\/\/rmvapesale.com\/wp-content\/uploads\/2024\/09\/Disposable-Vape-Wholesale.jpg\" alt=\"Engrospriser p\u00e5 engangsvape\" width=\"229\" height=\"300\" \/><\/p>\n<h3><a href=\"https:\/\/wa.me\/8617776015835\" target=\"_blank\" rel=\"noopener\"><span style=\"color: #ff0000\"><strong>WhatsApp: +86 17776015835<\/strong><\/span><\/a><\/h3>\n<p>&nbsp;<\/p>\n<h2><\/h2>\n<h2><strong>JNR Vapewatch 30000 Puffs N\u00f8glefunktioner<\/strong><\/h2>\n<ul>\n<li><strong>30.000 sug i almindelig tilstand<\/strong>, 18.000 i Pulse Mode.<\/li>\n<li><strong>Smartwatch-funktioner<\/strong>, inklusive opkalds- og beskedvarsler.<\/li>\n<li><strong>5% nikotin e-juice<\/strong>, perfekt til glat MTL-vaping.<\/li>\n<li><strong>Find Din Vape funktion<\/strong> for ekstra bekvemmelighed.<\/li>\n<li><strong>App-styrede indstillinger<\/strong> til en personlig oplevelse.<\/li>\n<\/ul>\n<h2><strong>Top Smag til JNR Vapewatch 30000<\/strong><\/h2>\n<p>1.Blue Razz Ice <span style=\"color: #ff0000\"><strong>&gt;&gt;&gt;&gt; Popul\u00e6r!<\/strong><\/span><br \/>\n2.Strawberry Ice<br \/>\n3.Vandmelon Is<br \/>\n4. Miami Mint <span style=\"color: #ff0000\"><strong>&gt;&gt;&gt;&gt; Popul\u00e6r!<\/strong><\/span><br \/>\n5.Jordb\u00e6r Banan<br \/>\n6.Triple Berry <span style=\"color: #ff0000\"><strong>&gt;&gt;&gt;&gt; Bedst!<\/strong><\/span><br \/>\n7.Sur \u00c6ble Is<br \/>\n8. Bl\u00e5b\u00e6r Vandmelon<br \/>\n9. Georgia Peach<br \/>\n10. Orange Mango<\/p>\n<h3><strong>Hvorfor v\u00e6lge Rmvapesale til JNR Vapewatch 30000 Puffs <\/strong><strong>V<\/strong><strong>Vape Engros<\/strong><strong>?<\/strong><\/h3>\n<div class=\"flex-shrink-0 flex flex-col relative items-end\">\n<div class=\"pt-0\">\n<div class=\"gizmo-bot-avatar flex h-8 w-8 items-center justify-center overflow-hidden rounded-full\">\n<div class=\"relative p-1 rounded-sm flex items-center justify-center bg-token-main-surface-primary text-token-text-primary h-8 w-8\">\n<p>Velkommen til Rmvapesale, din betroede vapebutik for f\u00f8rsteklasses engangsvapes. Med mere end 5 \u00e5rs ekspertise bringer vi dig popul\u00e6re engangs-vape-m\u00e6rker som Al Fakher, Vapme Vape, <a href=\"https:\/\/rmvapesale.com\/da\/product-category\/bang-vapes\/\">Bang Vape<\/a>, Waspe, WGA Vape og<a href=\"https:\/\/rmvapesale.com\/da\/product-category\/randm-fumot-vape\/\"> RandM Vape<\/a>.<\/p>\n<p>Vores sortiment omfatter popul\u00e6re vapes som <a href=\"https:\/\/rmvapesale.com\/da\/product\/randm-tornado-15000-puffs-vape-wholesale\/\">RandM Tornado 15000<\/a> og smagsrige valg som Vapme 70000. Hvert produkt er udvalgt med fokus p\u00e5 kvalitet, v\u00e6rdi og variation, s\u00e5 du er sikret at finde det perfekte match til dine behov. Oplev enest\u00e5ende service og et bredt udvalg af topprodukter hos Rmvapesale.<\/p>\n<\/div>\n<h3><\/h3>\n<div class=\"relative p-1 rounded-sm flex items-center justify-center bg-token-main-surface-primary text-token-text-primary h-8 w-8\">\n<h3><b> FAQS For <\/b><b>Alien JNR Vapewatch 30000 Genopladelig engangs vape<\/b><\/h3>\n<div class=\"group\/conversation-turn relative flex w-full min-w-0 flex-col agent-turn\">\n<div class=\"flex-col gap-1 md:gap-3\">\n<div class=\"flex max-w-full flex-col flex-grow\">\n<div class=\"min-h-8 text-message flex w-full flex-col items-end gap-2 whitespace-normal break-words [.text-message+&amp;]:mt-5\" dir=\"auto\" data-message-author-role=\"assistant\" data-message-id=\"00c9b302-bc9c-4550-94ba-5a295efa2be3\" data-message-model-slug=\"gpt-4o\">\n<div class=\"flex w-full flex-col gap-1 empty:hidden first:pt-[3px]\">\n<div class=\"markdown prose w-full break-words dark:prose-invert light\">\n<div class=\"flex-shrink-0 flex flex-col relative items-end\">\n<div>\n<div class=\"pt-0\">\n<div class=\"gizmo-bot-avatar flex h-8 w-8 items-center justify-center overflow-hidden rounded-full\">\n<div class=\"relative p-1 rounded-sm flex items-center justify-center bg-token-main-surface-primary text-token-text-primary h-8 w-8\">\n<div class=\"flex-shrink-0 flex flex-col relative items-end\">\n<div>\n<div class=\"pt-0\">\n<div class=\"gizmo-bot-avatar flex h-8 w-8 items-center justify-center overflow-hidden rounded-full\">\n<div class=\"relative p-1 rounded-sm flex items-center justify-center bg-token-main-surface-primary text-token-text-primary h-8 w-8\">\n<ul>\n<li><strong>Hvor i Danmark kan jeg k\u00f8be JNR VapeWatch 30000 Smart Phone Vape online?<\/strong><br \/>\nDu kan k\u00f8be <strong>JNR VapeWatch 30000<\/strong> Smart Phone Vape fra forskellige online forhandlere, der specialiserer sig i <strong>vape engros<\/strong> eller engangs vape-produkter. S\u00f8rg for at tjekke lokale online vape-butikker eller platforme, der henvender sig til det danske marked, for tilg\u00e6ngelighed.<\/li>\n<li><strong>Hvad er den st\u00f8rste puff af JNR VapeWatch 33K engangs vapes?<\/strong><br \/>\nJNR VapeWatch giver op til <strong>30.000 sug<\/strong> in <strong>Regul\u00e6r Tilstand<\/strong>, hvilket er det h\u00f8jeste puff-antal for denne enhed. (Bem\u00e6rk: 33K kan v\u00e6re en tastefejl eller forkert information, da enheden maksimalt kan n\u00e5 30K puffs.)<\/li>\n<li><strong>Hvad er den popul\u00e6re smag for JNR VapeWatch 30000 Puffs engangs vape pen?<\/strong><br \/>\nPopul\u00e6re smage til JNR VapeWatch 30000 inkluderer <strong>Blue Razz Ice<\/strong>, <strong>Jordb\u00e6r Is<\/strong>, og <strong>Drue Ice<\/strong>, som er kendt for deres dristige, forfriskende smag og glat nikotinudlevering.<\/li>\n<li><strong>7. Hvor lang tid tager det at oplade en JNR 10000 Puffs Genopladelig Vape?<\/strong><br \/>\nOpladningstid for den <strong>JNR VapeWatch 30000<\/strong> afh\u00e6nger typisk af dens <strong>type-C genopladeligt batteri<\/strong> og opladningskapacitet. Det tager normalt omkring <strong>1,5 til 2 timer<\/strong> for en fuld opladning.<\/li>\n<li><strong>Hvor meget nikotin er der i en JNR 30K engangs vape?<\/strong><br \/>\nJNR 30K engangs vape indeholder <strong>5% nikotinstyrke (50mg\/ml)<\/strong>, hvilket sikrer et st\u00e6rkt, tilfredsstillende skud til brugere.<\/li>\n<\/ul>\n<\/div>\n<\/div>\n<\/div>\n<\/div>\n<\/div>\n<\/div>\n<\/div>\n<\/div>\n<\/div>\n<\/div>\n<div class=\"group\/conversation-turn relative flex w-full min-w-0 flex-col agent-turn\">\n<div class=\"flex-col gap-1 md:gap-3\">\n<div class=\"flex max-w-full flex-col flex-grow\">\n<div class=\"min-h-8 text-message flex w-full flex-col items-end gap-2 whitespace-normal break-words [.text-message+&amp;]:mt-5\" dir=\"auto\" data-message-author-role=\"assistant\" data-message-id=\"a3dc01bd-23b0-4fd7-bb9a-7827522cefd8\" data-message-model-slug=\"gpt-4o\">\n<div class=\"flex w-full flex-col gap-1 empty:hidden first:pt-[3px]\"><\/div>\n<\/div>\n<\/div>\n<\/div>\n<\/div>\n<\/div>\n<\/div>\n<\/div>\n<\/div>\n<\/div>\n<\/div>\n<\/div>\n<\/div>\n<\/div>\n<\/div>\n<h3>Om forsendelse<\/h3>\n<div class=\"flex-shrink-0 flex flex-col relative items-end\">\n<div>\n<div class=\"pt-0\">\n<div class=\"gizmo-bot-avatar flex h-8 w-8 items-center justify-center overflow-hidden rounded-full\">\n<div><\/div>\n<div class=\"relative p-1 rounded-sm flex items-center justify-center bg-token-main-surface-primary text-token-text-primary h-8 w-8\"><strong>1. Hvilke forsendelsesmetoder bruges?<\/strong><\/div>\n<\/div>\n<\/div>\n<\/div>\n<\/div>\n<div class=\"group\/conversation-turn relative flex w-full min-w-0 flex-col agent-turn\">\n<div class=\"flex-col gap-1 md:gap-3\">\n<div class=\"flex max-w-full flex-col flex-grow\">\n<div class=\"min-h-[20px] text-message flex w-full flex-col items-end gap-2 whitespace-normal break-words [.text-message+&amp;]:mt-5 overflow-x-auto\" dir=\"auto\" data-message-author-role=\"assistant\" data-message-id=\"22f8283b-3233-46ff-89a5-c7a41b33abda\">\n<div class=\"flex w-full flex-col gap-1 empty:hidden first:pt-[3px]\">\n<div class=\"markdown prose w-full break-words dark:prose-invert light\">\n<p>Vi samarbejder med UPS, DHL, FedEx, DPD og andre f\u00f8rende transport\u00f8rer. Vi vil v\u00e6lge den bedste forsendelsesmetode baseret p\u00e5 din leveringsplacering for at sikre, at du modtager dine produkter s\u00e5 hurtigt som muligt.<\/p>\n<\/div>\n<p><strong>2. Hvor lang tid tager det at ankomme?<\/strong><\/p>\n<p>Pakker sendt til Danmark ankommer normalt inden for 10 arbejdsdage. Forsendelse til europ\u00e6iske lande tager generelt omkring 12-15 arbejdsdage. Vi vil give opdateringer i realtid om din forsendelsesstatus.<\/p>\n<\/div>\n<\/div>\n<\/div>\n<\/div>\n<\/div>\n<p>&nbsp;<\/p>\n<p>Find flere Vape-produkter, du m\u00e5ske kan lide:<strong><em><a href=\"https:\/\/rmvapesale.com\/da\/shop-2\/\">k\u00f8b nu &gt;&gt;&gt;<\/a><\/em><\/strong><\/p>","protected":false},"excerpt":{"rendered":"<p>The <strong>JNR Alien 10000 Puffs Genopladelig Engangs Vape<\/strong> er designet til dem, der prioriterer b\u00e5de bekvemmelighed og ydeevne. Med en forudfyldt <strong>20 ml e-v\u00e6ske kapacitet<\/strong>, tilbyder denne enhed op til <strong>10.000 puffs<\/strong>, hvilket sikrer l\u00e6ngere vaping-sessioner uden hyppige udskiftninger.<\/p>\n<p><img loading=\"lazy\" decoding=\"async\" class=\"size-full wp-image-2375\" src=\"https:\/\/rmvapesale.com\/wp-content\/uploads\/2024\/10\/image.png\" alt=\"Bedste Engangs Vape\" width=\"229\" height=\"300\" \/><\/p>\n<h3><a href=\"https:\/\/wa.me\/8617776015835\"><span style=\"color: #ff0000\"><strong>WhatsApp: +86 17776015835<\/strong><\/span><\/a><\/h3>\n<p>&nbsp;<\/p>","protected":false},"featured_media":2793,"comment_status":"open","ping_status":"closed","template":"","meta":{"_uag_custom_page_level_css":"","_lmt_disableupdate":"no","_lmt_disable":"","site-sidebar-layout":"default","site-content-layout":"content-boxed-container","ast-site-content-layout":"normal-width-container","site-content-style":"boxed","site-sidebar-style":"unboxed","ast-global-header-display":"","ast-banner-title-visibility":"","ast-main-header-display":"","ast-hfb-above-header-display":"","ast-hfb-below-header-display":"","ast-hfb-mobile-header-display":"","site-post-title":"","ast-breadcrumbs-content":"","ast-featured-img":"","footer-sml-layout":"","ast-disable-related-posts":"","theme-transparent-header-meta":"default","adv-header-id-meta":"","stick-header-meta":"","header-above-stick-meta":"","header-main-stick-meta":"","header-below-stick-meta":"","astra-migrate-meta-layouts":"set","ast-page-background-enabled":"default","ast-page-background-meta":{"desktop":{"background-color":"var(--ast-global-color-4)","background-image":"","background-repeat":"repeat","background-position":"center center","background-size":"auto","background-attachment":"scroll","background-type":"","background-media":"","overlay-type":"","overlay-color":"","overlay-opacity":"","overlay-gradient":""},"tablet":{"background-color":"","background-image":"","background-repeat":"repeat","background-position":"center center","background-size":"auto","background-attachment":"scroll","background-type":"","background-media":"","overlay-type":"","overlay-color":"","overlay-opacity":"","overlay-gradient":""},"mobile":{"background-color":"","background-image":"","background-repeat":"repeat","background-position":"center center","background-size":"auto","background-attachment":"scroll","background-type":"","background-media":"","overlay-type":"","overlay-color":"","overlay-opacity":"","overlay-gradient":""}},"ast-content-background-meta":{"desktop":{"background-color":"var(--ast-global-color-5)","background-image":"","background-repeat":"repeat","background-position":"center center","background-size":"auto","background-attachment":"scroll","background-type":"","background-media":"","overlay-type":"","overlay-color":"","overlay-opacity":"","overlay-gradient":""},"tablet":{"background-color":"var(--ast-global-color-5)","background-image":"","background-repeat":"repeat","background-position":"center center","background-size":"auto","background-attachment":"scroll","background-type":"","background-media":"","overlay-type":"","overlay-color":"","overlay-opacity":"","overlay-gradient":""},"mobile":{"background-color":"var(--ast-global-color-5)","background-image":"","background-repeat":"repeat","background-position":"center center","background-size":"auto","background-attachment":"scroll","background-type":"","background-media":"","overlay-type":"","overlay-color":"","overlay-opacity":"","overlay-gradient":""}},"_joinchat":[]},"product_brand":[],"product_cat":[15,27,25,123,30,26,28,137,136,135],"product_tag":[223,227,205,229,228],"class_list":{"0":"post-2776","1":"product","2":"type-product","3":"status-publish","4":"has-post-thumbnail","6":"product_cat-new-vape-this-week","7":"product_cat-fance-hot-sale-vape","8":"product_cat-germany-best-selling-vape","9":"product_cat-italy-wholesale-vape","10":"product_cat-minimum-order-quantity-50pcs","11":"product_cat-netherlands-hot-sale-vape","12":"product_cat-poland-hot-sale-vape","13":"product_cat-rechargeable-vapes","14":"product_cat-smart-screen-vapes","15":"product_cat-spain-best-hot-sale-vape","16":"product_tag-jnr","17":"product_tag-jnr-30000","18":"product_tag-jnr-vape","19":"product_tag-smart-disposable-vapes","20":"product_tag-touch-screen-vape","21":"desktop-align-left","22":"tablet-align-left","23":"mobile-align-left","25":"first","26":"instock","27":"sale","28":"shipping-taxable","29":"purchasable","30":"product-type-simple"},"uagb_featured_image_src":{"full":["https:\/\/rmvapesale.com\/wp-content\/uploads\/2024\/11\/JNR-VapeWatch-Removable-Screen-30K-Disposable-Vape.png",1126,1126,false],"thumbnail":["https:\/\/rmvapesale.com\/wp-content\/uploads\/2024\/11\/JNR-VapeWatch-Removable-Screen-30K-Disposable-Vape-150x150.png",150,150,true],"medium":["https:\/\/rmvapesale.com\/wp-content\/uploads\/2024\/11\/JNR-VapeWatch-Removable-Screen-30K-Disposable-Vape-300x300.png",300,300,true],"medium_large":["https:\/\/rmvapesale.com\/wp-content\/uploads\/2024\/11\/JNR-VapeWatch-Removable-Screen-30K-Disposable-Vape-768x768.png",768,768,true],"large":["https:\/\/rmvapesale.com\/wp-content\/uploads\/2024\/11\/JNR-VapeWatch-Removable-Screen-30K-Disposable-Vape-1024x1024.png",1024,1024,true],"1536x1536":["https:\/\/rmvapesale.com\/wp-content\/uploads\/2024\/11\/JNR-VapeWatch-Removable-Screen-30K-Disposable-Vape.png",1126,1126,false],"2048x2048":["https:\/\/rmvapesale.com\/wp-content\/uploads\/2024\/11\/JNR-VapeWatch-Removable-Screen-30K-Disposable-Vape.png",1126,1126,false],"trp-custom-language-flag":["https:\/\/rmvapesale.com\/wp-content\/uploads\/2024\/11\/JNR-VapeWatch-Removable-Screen-30K-Disposable-Vape.png",12,12,false],"woocommerce_thumbnail":["https:\/\/rmvapesale.com\/wp-content\/uploads\/2024\/11\/JNR-VapeWatch-Removable-Screen-30K-Disposable-Vape-300x300.png",300,300,true],"woocommerce_single":["https:\/\/rmvapesale.com\/wp-content\/uploads\/2024\/11\/JNR-VapeWatch-Removable-Screen-30K-Disposable-Vape-600x600.png",600,600,true],"woocommerce_gallery_thumbnail":["https:\/\/rmvapesale.com\/wp-content\/uploads\/2024\/11\/JNR-VapeWatch-Removable-Screen-30K-Disposable-Vape-100x100.png",100,100,true],"wcpr-photo-reviews":["https:\/\/rmvapesale.com\/wp-content\/uploads\/2024\/11\/JNR-VapeWatch-Removable-Screen-30K-Disposable-Vape.png",500,500,false]},"uagb_author_info":{"display_name":"AMY","author_link":"https:\/\/rmvapesale.com\/da\/author\/"},"uagb_comment_info":0,"uagb_excerpt":"The JNR Alien 10000 Puffs Rechargeable Disposable Vape is engineered for those who prioritize both convenience and performance. With a pre-filled 20ml e-liquid capacity, this device offers up to 10,000 puffs, ensuring extended vaping sessions without frequent replacements. WhatsApp: +86 17776015835 &nbsp;","_links":{"self":[{"href":"https:\/\/rmvapesale.com\/da\/wp-json\/wp\/v2\/product\/2776","targetHints":{"allow":["GET"]}}],"collection":[{"href":"https:\/\/rmvapesale.com\/da\/wp-json\/wp\/v2\/product"}],"about":[{"href":"https:\/\/rmvapesale.com\/da\/wp-json\/wp\/v2\/types\/product"}],"replies":[{"embeddable":true,"href":"https:\/\/rmvapesale.com\/da\/wp-json\/wp\/v2\/comments?post=2776"}],"wp:featuredmedia":[{"embeddable":true,"href":"https:\/\/rmvapesale.com\/da\/wp-json\/wp\/v2\/media\/2793"}],"wp:attachment":[{"href":"https:\/\/rmvapesale.com\/da\/wp-json\/wp\/v2\/media?parent=2776"}],"wp:term":[{"taxonomy":"product_brand","embeddable":true,"href":"https:\/\/rmvapesale.com\/da\/wp-json\/wp\/v2\/product_brand?post=2776"},{"taxonomy":"product_cat","embeddable":true,"href":"https:\/\/rmvapesale.com\/da\/wp-json\/wp\/v2\/product_cat?post=2776"},{"taxonomy":"product_tag","embeddable":true,"href":"https:\/\/rmvapesale.com\/da\/wp-json\/wp\/v2\/product_tag?post=2776"}],"curies":[{"name":"wp","href":"https:\/\/api.w.org\/{rel}","templated":true}]}}