{"id":2782,"date":"2024-11-26T06:22:12","date_gmt":"2024-11-26T06:22:12","guid":{"rendered":"https:\/\/rmvapesale.com\/?post_type=product&#038;p=2782"},"modified":"2024-11-26T06:36:14","modified_gmt":"2024-11-26T06:36:14","slug":"jnr-phonevape-30000-30k-smart-disposable-vape-wholesale","status":"publish","type":"product","link":"https:\/\/rmvapesale.com\/da\/product\/jnr-phonevape-30000-30k-smart-disposable-vape-wholesale\/","title":{"rendered":"JNR PhoneVape 30000 30K Smart Engangs Vape Engros"},"content":{"rendered":"<div class=\"B2VR9 CJHX3e\">\n<div class=\"wyccme\">\n<h1 class=\"LC20lb MBeuO DKV0Md\">JNR PhoneVape 30000 30K Smart Engangs Vape Engros<\/h1>\n<div class=\"flex-shrink-0 flex flex-col relative items-end\">\n<div class=\"pt-0\">\n<div class=\"gizmo-bot-avatar flex h-8 w-8 items-center justify-center overflow-hidden rounded-full\">\n<div class=\"relative p-1 rounded-sm flex items-center justify-center bg-token-main-surface-primary text-token-text-primary h-8 w-8\">\n<p>The <strong>JNR PhoneVape 30000 Smart Engangs Vape<\/strong>, en revolutionerende enhed, der kombinerer banebrydende teknologi med enest\u00e5ende ydeevne. Designet til moderne vapere, tilbyder denne smarte engangs vape en enorm <strong>30.000 sug<\/strong> in <strong>Regul\u00e6r Tilstand<\/strong> og <strong>18.000 puffs<\/strong> in <strong>Puls Tilstand<\/strong>, hvilket g\u00f8r den perfekt til langvarig brug. Dens <strong>fuldt display<\/strong> giver realtidsdata, inklusive batterilevetid, e-juice niveauer, tid og endda kalenderfunktioner, s\u00e5 du er informeret i hvert \u00f8jeblik. Med dens <strong>justerbare luftstr\u00f8msystem<\/strong>, kan du tilpasse intensiteten af din inhalation for at matche dine pr\u00e6ferencer. Perfekt til b\u00e5de afslappede og erfarne brugere, tager <strong>JNR PhoneVape<\/strong> vape bekvemmelighed til det n\u00e6ste niveau.<\/p>\n<p>Hvad der adskiller <strong>JNR PhoneVape 30K<\/strong> s\u00e6rligt er dens <strong>smarte funktioner<\/strong>. Denne enhed underst\u00f8tter <strong>opkalds- og beskednotifikationer<\/strong>, en <strong>fjernbetjening af kamera<\/strong> funktion, og den unikke <strong>Find din Vape<\/strong> funktion gennem dens <strong>WearinOS app-integration<\/strong>. Dens <strong>l\u00e5setilstand<\/strong> sikrer sikkerhed, n\u00e5r den ikke er i brug, mens <strong>Type-C genopladeligt batteri<\/strong> lades fuldt op p\u00e5 bare <strong>1,5 til 2 timer<\/strong>, hvilket giver konstant str\u00f8m til l\u00e6ngere vaping-sessioner. Tilg\u00e6ngelig i en r\u00e6kke smagsvarianter, herunder <strong>Blue Razz Ice<\/strong> og <strong>Jordb\u00e6r Is<\/strong>, denne genopladelige engangs vape garanterer b\u00e5de tilfredshed og stil. Engrosk\u00f8bere kan drage fordel af konkurrencedygtige priser, hvilket g\u00f8r den <strong>JNR PhoneVape 30000<\/strong> uovertruffen valg for bulkindk\u00f8b.<\/p>\n<\/div>\n<\/div>\n<\/div>\n<\/div>\n<\/div>\n<\/div>\n<p><strong>Kontakt Amy for at f\u00e5 det rigtige svar og en vape-kupon!<\/strong><\/p>\n<p><img loading=\"lazy\" decoding=\"async\" class=\"size-full wp-image-1978\" src=\"https:\/\/rmvapesale.com\/wp-content\/uploads\/2024\/09\/Disposable-Vape-Wholesale.jpg\" alt=\"Engrospriser p\u00e5 engangsvape\" width=\"229\" height=\"300\" \/><\/p>\n<h3><a href=\"https:\/\/wa.me\/8617776015835\" target=\"_blank\" rel=\"noopener\"><span style=\"color: #ff0000\"><strong>WhatsApp: +86 17776015835<\/strong><\/span><\/a><\/h3>\n<p>&nbsp;<\/p>\n<h2><\/h2>\n<h2><strong>JNR PhoneVape 30000 Puffs N\u00f8glefunktioner<\/strong><\/h2>\n<ul>\n<li><strong>Massivt Puff-antal<\/strong>: Op til 30.000 puffs i almindelig tilstand, 18.000 i pulse-tilstand.<\/li>\n<li><strong>Smart Sk\u00e6rm<\/strong>: Real-time data for tid, batteri og e-juice niveauer.<\/li>\n<li><strong>Avancerede Funktioner<\/strong>: Opkalds- og beskednotifikationer, fjernkamera og Find din Vape.<\/li>\n<li><strong>Genopladeligt batteri<\/strong>: Hurtig opladning via Type-C i 1,5 til 2 timer.<\/li>\n<li><strong>Tilpasselig Luftstr\u00f8m<\/strong>: Justerbar luftstr\u00f8m for en personlig vapingoplevelse.<\/li>\n<\/ul>\n<h2><strong>Top Smag til JNR Phone Vape 30000<\/strong><\/h2>\n<p>1.Blue Razz Ice <span style=\"color: #ff0000\"><strong>&gt;&gt;&gt;&gt; Popul\u00e6r!<\/strong><\/span><br \/>\n2.Strawberry Ice<br \/>\n3.Vandmelon Is<br \/>\n4. Miami Mint <span style=\"color: #ff0000\"><strong>&gt;&gt;&gt;&gt; Popul\u00e6r!<\/strong><\/span><br \/>\n5.Banan is<br \/>\n6.Cherry jordb\u00e6r hindb\u00e6r <span style=\"color: #ff0000\"><strong>&gt;&gt;&gt;&gt; Bedst!<\/strong><\/span><br \/>\n7.Sur \u00c6ble Is<br \/>\n8. Bl\u00e5b\u00e6r Vandmelon<br \/>\n9.P\u00e6re mango vandmelon<br \/>\n10.Fcuking Fantastisk<\/p>\n<p>&nbsp;<\/p>\n<h3><strong>Hvorfor v\u00e6lge Rmvapesale til JNR PhoneVape 30K Puffs <\/strong><strong>V<\/strong><strong>Vape Engros<\/strong><strong>?<\/strong><\/h3>\n<div class=\"flex-shrink-0 flex flex-col relative items-end\">\n<div class=\"pt-0\">\n<div class=\"gizmo-bot-avatar flex h-8 w-8 items-center justify-center overflow-hidden rounded-full\">\n<div class=\"relative p-1 rounded-sm flex items-center justify-center bg-token-main-surface-primary text-token-text-primary h-8 w-8\">\n<p>Velkommen til Rmvapesale, din betroede vapebutik for f\u00f8rsteklasses engangsvapes. Med mere end 5 \u00e5rs ekspertise bringer vi dig popul\u00e6re engangs-vape-m\u00e6rker som Al Fakher, Vapme Vape, <a href=\"https:\/\/rmvapesale.com\/da\/product-category\/bang-vapes\/\">Bang Vape<\/a>, Waspe, WGA Vape og<a href=\"https:\/\/rmvapesale.com\/da\/product-category\/randm-fumot-vape\/\"> RandM Vape<\/a>.<\/p>\n<p>Vores sortiment omfatter popul\u00e6re vapes som <a href=\"https:\/\/rmvapesale.com\/da\/product\/randm-tornado-15000-puffs-vape-wholesale\/\">RandM Tornado 15000<\/a> og smagsrige valg som Vapme 70000. Hvert produkt er udvalgt med fokus p\u00e5 kvalitet, v\u00e6rdi og variation, s\u00e5 du er sikret at finde det perfekte match til dine behov. Oplev enest\u00e5ende service og et bredt udvalg af topprodukter hos Rmvapesale.<\/p>\n<\/div>\n<h3><\/h3>\n<div class=\"relative p-1 rounded-sm flex items-center justify-center bg-token-main-surface-primary text-token-text-primary h-8 w-8\">\n<h3><b> FAQS for JNR Phone Vape 30K<\/b><b>\u00a0Genopladelig engangsvape<\/b><\/h3>\n<div class=\"group\/conversation-turn relative flex w-full min-w-0 flex-col agent-turn\">\n<div class=\"flex-col gap-1 md:gap-3\">\n<div class=\"flex max-w-full flex-col flex-grow\">\n<div class=\"min-h-8 text-message flex w-full flex-col items-end gap-2 whitespace-normal break-words [.text-message+&amp;]:mt-5\" dir=\"auto\" data-message-author-role=\"assistant\" data-message-id=\"00c9b302-bc9c-4550-94ba-5a295efa2be3\" data-message-model-slug=\"gpt-4o\">\n<div class=\"flex w-full flex-col gap-1 empty:hidden first:pt-[3px]\">\n<div class=\"markdown prose w-full break-words dark:prose-invert light\">\n<div class=\"flex-shrink-0 flex flex-col relative items-end\">\n<div>\n<div class=\"pt-0\">\n<div class=\"gizmo-bot-avatar flex h-8 w-8 items-center justify-center overflow-hidden rounded-full\">\n<div class=\"relative p-1 rounded-sm flex items-center justify-center bg-token-main-surface-primary text-token-text-primary h-8 w-8\">\n<div class=\"flex-shrink-0 flex flex-col relative items-end\">\n<div>\n<div class=\"pt-0\">\n<div class=\"gizmo-bot-avatar flex h-8 w-8 items-center justify-center overflow-hidden rounded-full\">\n<div class=\"relative p-1 rounded-sm flex items-center justify-center bg-token-main-surface-primary text-token-text-primary h-8 w-8\">\n<ul>\n<li><strong>Hvor kan man k\u00f8be JNR PhoneVape 30000 Puffs til engrospris i Danmark<\/strong><br \/>\nDu kan k\u00f8be <strong>JNR PhoneVape 30000 Puffs<\/strong> til engrospriser online gennem p\u00e5lidelige dampgrossistplatforme eller distribut\u00f8rer, der tilbyder international levering til Danmark. S\u00f8rg for at s\u00f8ge efter bulkrabatter eller autoriserede s\u00e6lgere for konkurrencedygtige priser.<\/li>\n<li><strong>Hvor mange sug giver JNR PhoneVape 30000 Vape?<\/strong><br \/>\nThe <strong>JNR PhoneVape 30000 Vape<\/strong> giver op til <strong>30.000 sug i almindelig tilstand<\/strong> og <strong>18.000 sug i Puls-tilstand<\/strong>, hvilket g\u00f8r det perfekt til l\u00e6ngerevarende brug.<\/li>\n<li><strong>Hvor lang tid varer de popul\u00e6re smagsvarianter til JNR Phone Vape 30000 engangs vape pen?<\/strong><br \/>\nHoldbarheden af de popul\u00e6re smagsvarianter som <strong>Blue Razz Ice<\/strong> or <strong>Fersken Is<\/strong> afh\u00e6nger af brugsm\u00f8nstre. Typisk, med op til <strong>30.000 sug<\/strong>, kan det vare i uger eller endda m\u00e5neder for gennemsnitsbrugere.<\/li>\n<li><strong>Hvad er de popul\u00e6re smagsvarianter til JNR PhoneVape 30k Puffs engangs vape pen?<\/strong><br \/>\nPopul\u00e6re smagsvarianter til <strong>JNR PhoneVape 30k Puffs<\/strong> omfatter <strong>Blue Razz Ice<\/strong>, <strong>Fersken Is<\/strong>, og andre frugtige, iskolde blandinger, der leverer forfriskende og ensartet smag.<\/li>\n<li><strong>Hvor lang tid tager det at oplade en JNR PhoneVape 30k Puffs genopladelig vape?<\/strong><br \/>\nThe <strong>JNR PhoneVape 30k Puffs genopladelig vape<\/strong> tager cirka <strong>1,5 til 2 timer<\/strong> for fuldt at genoplade via dens <strong>Type-C ladeport<\/strong>.<\/li>\n<li><strong>Hvor meget nikotin er der i en JNR Phone Vape 30000 engangs vape?<\/strong><br \/>\nThe <strong>JNR Phone Vape 30000 engangs vape<\/strong> indeholder <strong>2% (20mg\/ml) nikotinstyrke<\/strong>, der tilbyder en glattere og mildere vapingoplevelse, ideel for lav-nikotinbrugere.<\/li>\n<\/ul>\n<\/div>\n<\/div>\n<\/div>\n<\/div>\n<\/div>\n<\/div>\n<\/div>\n<\/div>\n<\/div>\n<\/div>\n<div class=\"group\/conversation-turn relative flex w-full min-w-0 flex-col agent-turn\">\n<div class=\"flex-col gap-1 md:gap-3\">\n<div class=\"flex max-w-full flex-col flex-grow\">\n<div class=\"min-h-8 text-message flex w-full flex-col items-end gap-2 whitespace-normal break-words [.text-message+&amp;]:mt-5\" dir=\"auto\" data-message-author-role=\"assistant\" data-message-id=\"a3dc01bd-23b0-4fd7-bb9a-7827522cefd8\" data-message-model-slug=\"gpt-4o\">\n<div class=\"flex w-full flex-col gap-1 empty:hidden first:pt-[3px]\"><\/div>\n<\/div>\n<\/div>\n<\/div>\n<\/div>\n<\/div>\n<\/div>\n<\/div>\n<\/div>\n<\/div>\n<\/div>\n<\/div>\n<\/div>\n<\/div>\n<\/div>\n<h3>Om forsendelse<\/h3>\n<div class=\"flex-shrink-0 flex flex-col relative items-end\">\n<div>\n<div class=\"pt-0\">\n<div class=\"gizmo-bot-avatar flex h-8 w-8 items-center justify-center overflow-hidden rounded-full\">\n<div><\/div>\n<div class=\"relative p-1 rounded-sm flex items-center justify-center bg-token-main-surface-primary text-token-text-primary h-8 w-8\"><strong>1. Hvilke forsendelsesmetoder bruges?<\/strong><\/div>\n<\/div>\n<\/div>\n<\/div>\n<\/div>\n<div class=\"group\/conversation-turn relative flex w-full min-w-0 flex-col agent-turn\">\n<div class=\"flex-col gap-1 md:gap-3\">\n<div class=\"flex max-w-full flex-col flex-grow\">\n<div class=\"min-h-[20px] text-message flex w-full flex-col items-end gap-2 whitespace-normal break-words [.text-message+&amp;]:mt-5 overflow-x-auto\" dir=\"auto\" data-message-author-role=\"assistant\" data-message-id=\"22f8283b-3233-46ff-89a5-c7a41b33abda\">\n<div class=\"flex w-full flex-col gap-1 empty:hidden first:pt-[3px]\">\n<div class=\"markdown prose w-full break-words dark:prose-invert light\">\n<p>Vi samarbejder med UPS, DHL, FedEx, DPD og andre f\u00f8rende transport\u00f8rer. Vi vil v\u00e6lge den bedste forsendelsesmetode baseret p\u00e5 din leveringsplacering for at sikre, at du modtager dine produkter s\u00e5 hurtigt som muligt.<\/p>\n<\/div>\n<p><strong>2. Hvor lang tid tager det at ankomme?<\/strong><\/p>\n<p>Pakker sendt til Danmark ankommer normalt inden for 10 arbejdsdage. Forsendelse til europ\u00e6iske lande tager generelt omkring 12-15 arbejdsdage. Vi vil give opdateringer i realtid om din forsendelsesstatus.<\/p>\n<\/div>\n<\/div>\n<\/div>\n<\/div>\n<\/div>\n<p>&nbsp;<\/p>\n<p>Find flere Vape-produkter, du m\u00e5ske kan lide:<strong><em><a href=\"https:\/\/rmvapesale.com\/da\/shop-2\/\">k\u00f8b nu &gt;&gt;&gt;<\/a><\/em><\/strong><\/p>","protected":false},"excerpt":{"rendered":"<p>The <strong>JNR PhoneVape 30000 Smart Engangs Vape <\/strong>designet til moderne vapere, tilbyder en enorm <strong>30.000 sug<\/strong> in <strong>Regul\u00e6r Tilstand<\/strong> og <strong>18.000 puffs<\/strong> in <strong>Puls Tilstand<\/strong>, hvilket g\u00f8r den perfekt til langvarig brug.<\/p>\n<p><img loading=\"lazy\" decoding=\"async\" class=\"size-full wp-image-2375\" src=\"https:\/\/rmvapesale.com\/wp-content\/uploads\/2024\/10\/image.png\" alt=\"Bedste Engangs Vape\" width=\"229\" height=\"300\" \/><\/p>\n<h3><a href=\"https:\/\/wa.me\/8617776015835\"><span style=\"color: #ff0000\"><strong>WhatsApp: +86 17776015835<\/strong><\/span><\/a><\/h3>\n<p>&nbsp;<\/p>","protected":false},"featured_media":2778,"comment_status":"open","ping_status":"closed","template":"","meta":{"_uag_custom_page_level_css":"","_lmt_disableupdate":"no","_lmt_disable":"","site-sidebar-layout":"default","site-content-layout":"content-boxed-container","ast-site-content-layout":"normal-width-container","site-content-style":"boxed","site-sidebar-style":"unboxed","ast-global-header-display":"","ast-banner-title-visibility":"","ast-main-header-display":"","ast-hfb-above-header-display":"","ast-hfb-below-header-display":"","ast-hfb-mobile-header-display":"","site-post-title":"","ast-breadcrumbs-content":"","ast-featured-img":"","footer-sml-layout":"","theme-transparent-header-meta":"default","adv-header-id-meta":"","stick-header-meta":"","header-above-stick-meta":"","header-main-stick-meta":"","header-below-stick-meta":"","astra-migrate-meta-layouts":"set","ast-page-background-enabled":"default","ast-page-background-meta":{"desktop":{"background-color":"var(--ast-global-color-4)","background-image":"","background-repeat":"repeat","background-position":"center center","background-size":"auto","background-attachment":"scroll","background-type":"","background-media":"","overlay-type":"","overlay-color":"","overlay-opacity":"","overlay-gradient":""},"tablet":{"background-color":"","background-image":"","background-repeat":"repeat","background-position":"center center","background-size":"auto","background-attachment":"scroll","background-type":"","background-media":"","overlay-type":"","overlay-color":"","overlay-opacity":"","overlay-gradient":""},"mobile":{"background-color":"","background-image":"","background-repeat":"repeat","background-position":"center center","background-size":"auto","background-attachment":"scroll","background-type":"","background-media":"","overlay-type":"","overlay-color":"","overlay-opacity":"","overlay-gradient":""}},"ast-content-background-meta":{"desktop":{"background-color":"var(--ast-global-color-5)","background-image":"","background-repeat":"repeat","background-position":"center center","background-size":"auto","background-attachment":"scroll","background-type":"","background-media":"","overlay-type":"","overlay-color":"","overlay-opacity":"","overlay-gradient":""},"tablet":{"background-color":"var(--ast-global-color-5)","background-image":"","background-repeat":"repeat","background-position":"center center","background-size":"auto","background-attachment":"scroll","background-type":"","background-media":"","overlay-type":"","overlay-color":"","overlay-opacity":"","overlay-gradient":""},"mobile":{"background-color":"var(--ast-global-color-5)","background-image":"","background-repeat":"repeat","background-position":"center center","background-size":"auto","background-attachment":"scroll","background-type":"","background-media":"","overlay-type":"","overlay-color":"","overlay-opacity":"","overlay-gradient":""}},"_joinchat":[]},"product_brand":[],"product_cat":[15,25,123,26,28,135,27,137,136,30],"product_tag":[223,230,231,205,229,228],"class_list":{"0":"post-2782","1":"product","2":"type-product","3":"status-publish","4":"has-post-thumbnail","6":"product_cat-new-vape-this-week","7":"product_cat-germany-best-selling-vape","8":"product_cat-italy-wholesale-vape","9":"product_cat-netherlands-hot-sale-vape","10":"product_cat-poland-hot-sale-vape","11":"product_cat-spain-best-hot-sale-vape","12":"product_cat-fance-hot-sale-vape","13":"product_cat-rechargeable-vapes","14":"product_cat-smart-screen-vapes","15":"product_cat-minimum-order-quantity-50pcs","16":"product_tag-jnr","17":"product_tag-jnr-phonevape-30000","18":"product_tag-jnr-phonevape-30k","19":"product_tag-jnr-vape","20":"product_tag-smart-disposable-vapes","21":"product_tag-touch-screen-vape","22":"desktop-align-left","23":"tablet-align-left","24":"mobile-align-left","26":"first","27":"instock","28":"sale","29":"shipping-taxable","30":"purchasable","31":"product-type-simple"},"uagb_featured_image_src":{"full":["https:\/\/rmvapesale.com\/wp-content\/uploads\/2024\/11\/JNR-Phone-Vape-30000-Disposable-Vape-Wholeale.png",1126,1126,false],"thumbnail":["https:\/\/rmvapesale.com\/wp-content\/uploads\/2024\/11\/JNR-Phone-Vape-30000-Disposable-Vape-Wholeale-150x150.png",150,150,true],"medium":["https:\/\/rmvapesale.com\/wp-content\/uploads\/2024\/11\/JNR-Phone-Vape-30000-Disposable-Vape-Wholeale-300x300.png",300,300,true],"medium_large":["https:\/\/rmvapesale.com\/wp-content\/uploads\/2024\/11\/JNR-Phone-Vape-30000-Disposable-Vape-Wholeale-768x768.png",768,768,true],"large":["https:\/\/rmvapesale.com\/wp-content\/uploads\/2024\/11\/JNR-Phone-Vape-30000-Disposable-Vape-Wholeale-1024x1024.png",1024,1024,true],"1536x1536":["https:\/\/rmvapesale.com\/wp-content\/uploads\/2024\/11\/JNR-Phone-Vape-30000-Disposable-Vape-Wholeale.png",1126,1126,false],"2048x2048":["https:\/\/rmvapesale.com\/wp-content\/uploads\/2024\/11\/JNR-Phone-Vape-30000-Disposable-Vape-Wholeale.png",1126,1126,false],"trp-custom-language-flag":["https:\/\/rmvapesale.com\/wp-content\/uploads\/2024\/11\/JNR-Phone-Vape-30000-Disposable-Vape-Wholeale.png",12,12,false],"woocommerce_thumbnail":["https:\/\/rmvapesale.com\/wp-content\/uploads\/2024\/11\/JNR-Phone-Vape-30000-Disposable-Vape-Wholeale-300x300.png",300,300,true],"woocommerce_single":["https:\/\/rmvapesale.com\/wp-content\/uploads\/2024\/11\/JNR-Phone-Vape-30000-Disposable-Vape-Wholeale-600x600.png",600,600,true],"woocommerce_gallery_thumbnail":["https:\/\/rmvapesale.com\/wp-content\/uploads\/2024\/11\/JNR-Phone-Vape-30000-Disposable-Vape-Wholeale-100x100.png",100,100,true],"wcpr-photo-reviews":["https:\/\/rmvapesale.com\/wp-content\/uploads\/2024\/11\/JNR-Phone-Vape-30000-Disposable-Vape-Wholeale.png",500,500,false]},"uagb_author_info":{"display_name":"AMY","author_link":"https:\/\/rmvapesale.com\/da\/author\/"},"uagb_comment_info":0,"uagb_excerpt":"The JNR PhoneVape 30000 Smart Disposable Vape designed for modern vapers, offers a massive 30,000 puffs in Regular Mode and 18,000 puffs in Pulse Mode, making it perfect for long-lasting use. WhatsApp: +86 17776015835 &nbsp;","_links":{"self":[{"href":"https:\/\/rmvapesale.com\/da\/wp-json\/wp\/v2\/product\/2782","targetHints":{"allow":["GET"]}}],"collection":[{"href":"https:\/\/rmvapesale.com\/da\/wp-json\/wp\/v2\/product"}],"about":[{"href":"https:\/\/rmvapesale.com\/da\/wp-json\/wp\/v2\/types\/product"}],"replies":[{"embeddable":true,"href":"https:\/\/rmvapesale.com\/da\/wp-json\/wp\/v2\/comments?post=2782"}],"wp:featuredmedia":[{"embeddable":true,"href":"https:\/\/rmvapesale.com\/da\/wp-json\/wp\/v2\/media\/2778"}],"wp:attachment":[{"href":"https:\/\/rmvapesale.com\/da\/wp-json\/wp\/v2\/media?parent=2782"}],"wp:term":[{"taxonomy":"product_brand","embeddable":true,"href":"https:\/\/rmvapesale.com\/da\/wp-json\/wp\/v2\/product_brand?post=2782"},{"taxonomy":"product_cat","embeddable":true,"href":"https:\/\/rmvapesale.com\/da\/wp-json\/wp\/v2\/product_cat?post=2782"},{"taxonomy":"product_tag","embeddable":true,"href":"https:\/\/rmvapesale.com\/da\/wp-json\/wp\/v2\/product_tag?post=2782"}],"curies":[{"name":"wp","href":"https:\/\/api.w.org\/{rel}","templated":true}]}}