{"id":2831,"date":"2024-12-02T03:50:09","date_gmt":"2024-12-02T03:50:09","guid":{"rendered":"https:\/\/rmvapesale.com\/?post_type=product&#038;p=2831"},"modified":"2024-12-03T09:57:39","modified_gmt":"2024-12-03T09:57:39","slug":"randm-tornado-15000-puff-fumot-vape-bulk-buy-price","status":"publish","type":"product","link":"https:\/\/rmvapesale.com\/da\/product\/randm-tornado-15000-puff-fumot-vape-bulk-buy-price\/","title":{"rendered":"RandM Tornado 15000 Puff Fumot Vape K\u00f8b stort ind-pris"},"content":{"rendered":"<div class=\"B2VR9 CJHX3e\">\n<div class=\"wyccme\">\n<h1 class=\"LC20lb MBeuO DKV0Md\">RandM Tornado 15000 Puff Fumot Vape K\u00f8b stort ind-pris<\/h1>\n<div class=\"flex-shrink-0 flex flex-col relative items-end\">\n<div class=\"pt-0\">\n<div class=\"gizmo-bot-avatar flex h-8 w-8 items-center justify-center overflow-hidden rounded-full\">\n<div class=\"relative p-1 rounded-sm flex items-center justify-center bg-token-main-surface-primary text-token-text-primary h-8 w-8\">\n<p>The <strong>RandM Tornado 15000 Pust Fumot Vape<\/strong> er den perfekte blanding af ydeevne og stil, hvilket g\u00f8r den til et topvalg for dampere, der s\u00f8ger en premium engangs-enhed. Den tilbyder imponerende <strong>15.000 pust<\/strong>, giver denne <strong>genopladelige engangs vape<\/strong> er drevet af et <strong>850mAh batteri<\/strong> med hurtig og bekvem <strong>USB Type-C opladning<\/strong>.<\/p>\n<p>En af de fremragende funktioner er dens livlige <strong>LED-sk\u00e6rm<\/strong>, som giver realtidsopdateringer om batterilevetid og v\u00e6skeniveauer. Dette sikrer, at du aldrig l\u00f8ber t\u00f8r for str\u00f8m eller e-v\u00e6ske uventet, hvilket tilf\u00f8jer et lag af bekvemmelighed til din dampoplevelse. Parret med avanceret <strong>mesh coil-teknologi<\/strong>, leverer vapen konsekvent glat damp og rig smag fra start til slut.<\/p>\n<p>Med <strong>41 uimodst\u00e5elige smagsvarianter<\/strong> at v\u00e6lge imellem, herunder frugtige, menthol- og dessert-inspirerede profiler, er der noget for enhver smag. Popul\u00e6re muligheder som Mango Ice, Strawberry Watermelon og Blueberry Raspberry er designet til at give en tilfredsstillende og forfriskende oplevelse. Uanset om du er nybegynder eller en erfaren damper, <strong>RandM 15000<\/strong> tilbyder en tilpasselig nikotinstyrke p\u00e5 <strong>2% eller 5%<\/strong>, der im\u00f8dekommer forskellige pr\u00e6ferencer.<\/p>\n<p>Kompakt, b\u00e6rbar og stilfuld, den <strong>RandM Vape 15000<\/strong> er ideel til personlig brug eller stork\u00f8b til <strong>vape engros<\/strong>. L\u00f8ft din dampoplevelse med denne innovative, h\u00f8jtydende enhed, der kombinerer banebrydende funktioner med et elegant, brugervenligt design.<\/p>\n<\/div>\n<\/div>\n<\/div>\n<\/div>\n<\/div>\n<\/div>\n<p><strong>Kontakt Amy for at f\u00e5 det rigtige svar og en vape-kupon!<\/strong><\/p>\n<p><img loading=\"lazy\" decoding=\"async\" class=\"size-full wp-image-1978\" src=\"https:\/\/rmvapesale.com\/wp-content\/uploads\/2024\/09\/Disposable-Vape-Wholesale.jpg\" alt=\"Engrospriser p\u00e5 engangsvape\" width=\"229\" height=\"300\" \/><\/p>\n<h3><a href=\"https:\/\/wa.me\/8617776015835\" target=\"_blank\" rel=\"noopener\"><span style=\"color: #ff0000\"><strong>WhatsApp: +86 17776015835<\/strong><\/span><\/a><\/h3>\n<p>&nbsp;<\/p>\n<h2><\/h2>\n<h2><strong>RandM Tornado 15000 n\u00f8glefunktioner<\/strong><\/h2>\n<ul>\n<li>Op til 32.000 sug med dobbelte 26 ml pods.<\/li>\n<li>Dobbelt smagsskift for variation.<\/li>\n<li>Tilpasningsbart nikotinniveau (0%-5%).<\/li>\n<li>Genopladeligt 650 mAh batteri med Type-C-port.<\/li>\n<li>Forbedret smag via 1,0 ohm mesh coil.<\/li>\n<\/ul>\n<h2><strong>Top smag til RandM Tornado 15k<\/strong><\/h2>\n<p>&nbsp;<\/p>\n<p>1. Bl\u00e5 hindb\u00e6r limonade<br \/>\n2. Ferskenis<br \/>\n3. Surt \u00e6ble<br \/>\n4. Vandmelon Is<br \/>\n5. Bl\u00e5b\u00e6r p\u00e5 is<br \/>\n6. Bl\u00e5b\u00e6r hindb\u00e6r<br \/>\n7. Ananas is<br \/>\n8. Kirseb\u00e6r<br \/>\n9. Jordb\u00e6ris<br \/>\n10. Vimto<br \/>\n11. Drue is<br \/>\n12. Cola is<br \/>\n13.Jordb\u00e6r Vandmelon<br \/>\n14.Pink Limonade<br \/>\n15.Blandet B\u00e6r<br \/>\n16.Fersken Mango<br \/>\n17.Dragefrugt<br \/>\n18.Jordb\u00e6r Drue<br \/>\n19.Mr Bl\u00e5<br \/>\n20. Lush Is<br \/>\n21.Is-ispind<br \/>\n22.Jordb\u00e6r Kiwi<br \/>\n23.Kiwi Passionsfrugt Guava<br \/>\n24.Treb\u00e6r<br \/>\n25.Bananis<br \/>\n26.Fersken Bl\u00e5b\u00e6r Slik<br \/>\n27. \u00c6ble Fersken P\u00e6re<br \/>\n28. B\u00e6r Lemonade<br \/>\n29. Blue Razz Kirseb\u00e6r<br \/>\n30. Bl\u00e5b\u00e6r Bubblegum<br \/>\n31. Bl\u00e5b\u00e6r Kirseb\u00e6r Traneb\u00e6r<br \/>\n32. Bl\u00e5b\u00e6r Granat\u00e6ble<br \/>\n33. Bluesour Hindb\u00e6r<br \/>\n34. Kirseb\u00e6r Cola<br \/>\n35.Gummibj\u00f8rn<br \/>\n36. Citron<br \/>\n37.Mango p\u00e5 is<br \/>\n38. R\u00f8d Energi Is<br \/>\n39. Jordb\u00e6r Banan<br \/>\n40. Jordb\u00e6r Red Bull<br \/>\n41. Jordb\u00e6r Vandmelon Lemonade<br \/>\n42.Iste Citronis<br \/>\n43.Iste Ferskenis<br \/>\n44.Brusende kirseb\u00e6r<br \/>\n45.Skittles<\/p>\n<p>&nbsp;<\/p>\n<h3><strong>Hvorfor v\u00e6lge Rmvapesale til Fumot Vape 15k\u00a0<\/strong><strong>V<\/strong><strong>Vape Engros<\/strong><strong>?<\/strong><\/h3>\n<div class=\"flex-shrink-0 flex flex-col relative items-end\">\n<div class=\"pt-0\">\n<div class=\"gizmo-bot-avatar flex h-8 w-8 items-center justify-center overflow-hidden rounded-full\">\n<div class=\"relative p-1 rounded-sm flex items-center justify-center bg-token-main-surface-primary text-token-text-primary h-8 w-8\">\n<p>Velkommen til Rmvapesale, din betroede vapebutik for f\u00f8rsteklasses engangsvapes. Med mere end 5 \u00e5rs ekspertise bringer vi dig popul\u00e6re engangs-vape-m\u00e6rker som Al Fakher, Vapme Vape, <a href=\"https:\/\/rmvapesale.com\/da\/product-category\/bang-vapes\/\">Bang Vape<\/a>, Waspe, WGA Vape og<a href=\"https:\/\/rmvapesale.com\/da\/product-category\/randm-fumot-vape\/\"> RandM Vape<\/a>.<\/p>\n<p>Vores sortiment omfatter popul\u00e6re vapes som <a href=\"https:\/\/rmvapesale.com\/da\/product\/randm-tornado-15000-puffs-vape-wholesale\/\">RandM Tornado 15000<\/a> og smagsrige valg som Vapme 70000. Hvert produkt er udvalgt med fokus p\u00e5 kvalitet, v\u00e6rdi og variation, s\u00e5 du er sikret at finde det perfekte match til dine behov. Oplev enest\u00e5ende service og et bredt udvalg af topprodukter hos Rmvapesale.<\/p>\n<\/div>\n<h3><\/h3>\n<div class=\"relative p-1 rounded-sm flex items-center justify-center bg-token-main-surface-primary text-token-text-primary h-8 w-8\">\n<h3><b> Ofte stillede sp\u00f8rgsm\u00e5l om RandM Vape 15000 <\/b><b>Genopladelig engangsvape<\/b><\/h3>\n<div class=\"group\/conversation-turn relative flex w-full min-w-0 flex-col agent-turn\">\n<div class=\"flex-col gap-1 md:gap-3\">\n<div class=\"flex max-w-full flex-col flex-grow\">\n<div class=\"min-h-8 text-message flex w-full flex-col items-end gap-2 whitespace-normal break-words [.text-message+&amp;]:mt-5\" dir=\"auto\" data-message-author-role=\"assistant\" data-message-id=\"00c9b302-bc9c-4550-94ba-5a295efa2be3\" data-message-model-slug=\"gpt-4o\">\n<div class=\"flex w-full flex-col gap-1 empty:hidden first:pt-[3px]\">\n<div class=\"markdown prose w-full break-words dark:prose-invert light\">\n<div class=\"flex-shrink-0 flex flex-col relative items-end\">\n<div>\n<div class=\"pt-0\">\n<div class=\"gizmo-bot-avatar flex h-8 w-8 items-center justify-center overflow-hidden rounded-full\">\n<div class=\"relative p-1 rounded-sm flex items-center justify-center bg-token-main-surface-primary text-token-text-primary h-8 w-8\">\n<div class=\"flex-shrink-0 flex flex-col relative items-end\">\n<div>\n<div class=\"pt-0\">\n<div class=\"gizmo-bot-avatar flex h-8 w-8 items-center justify-center overflow-hidden rounded-full\">\n<div class=\"relative p-1 rounded-sm flex items-center justify-center bg-token-main-surface-primary text-token-text-primary h-8 w-8\">\n<p>&nbsp;<\/p>\n<p><strong>Hvor kan man k\u00f8be RandM Tornado 15000 Puffs vape til engrospris i Danmark<\/strong><br \/>\nFor at k\u00f8be RandM Tornado 15000 Puffs vape til engrospriser i Danmark, skal du kontakte autoriserede distribut\u00f8rer eller online vape engrosleverand\u00f8rer, der specialiserer sig i RandM Vape-produkter. S\u00f8rg for, at leverand\u00f8ren leverer \u00e6gte produkter og overholder EU-reglerne.<\/p>\n<p><strong>Hvor mange pust giver Fumot Vape 15000 puff?<\/strong><br \/>\nFumot Vape 15000 giver op til 15.000 pust, hvilket giver enest\u00e5ende levetid og v\u00e6rdi for brugerne.<\/p>\n<p><strong>Hvor l\u00e6nge holder den popul\u00e6re RandM Tornado 15k engangs-vape-pen?<\/strong><br \/>\nRandM Tornado 15k engangs-vape-pen kan holde i to til tre uger for moderate brugere, afh\u00e6ngigt af brugsm\u00f8nstre og hyppighed.<\/p>\n<p><strong>Hvad er de popul\u00e6re smage til Fumot 15000 Puffs engangsboksen?<\/strong><br \/>\nPopul\u00e6re smage til Fumot 15000 Puffs inkluderer Mango Ice, Strawberry Watermelon og Blueberry Raspberry, sammen med andre frugtige, menthol- og dessert-inspirerede muligheder fra dens brede smagsudvalg.<\/p>\n<p><strong>Hvor lang tid tager det at oplade en RandM 15k genopladelig Vape?<\/strong><br \/>\nRandM 15k genopladelig Vape tager cirka 1-2 timer at oplade helt, takket v\u00e6re dens USB Type-C hurtigopladningsteknologi.<\/p>\n<p><strong>Hvor meget nikotin er der i en RandM Tornado 15000 engangsvape?<\/strong><br \/>\nRandM Tornado 15000 engangsvapen tilbyder nikotinstyrker p\u00e5 2% (20 mg) og 5% (50 mg), hvilket giver muligheder for forskellige brugerpr\u00e6ferencer.<\/p>\n<\/div>\n<\/div>\n<\/div>\n<\/div>\n<\/div>\n<\/div>\n<\/div>\n<\/div>\n<\/div>\n<\/div>\n<div class=\"group\/conversation-turn relative flex w-full min-w-0 flex-col agent-turn\">\n<div class=\"flex-col gap-1 md:gap-3\">\n<div class=\"flex max-w-full flex-col flex-grow\">\n<div class=\"min-h-8 text-message flex w-full flex-col items-end gap-2 whitespace-normal break-words [.text-message+&amp;]:mt-5\" dir=\"auto\" data-message-author-role=\"assistant\" data-message-id=\"a3dc01bd-23b0-4fd7-bb9a-7827522cefd8\" data-message-model-slug=\"gpt-4o\">\n<div class=\"flex w-full flex-col gap-1 empty:hidden first:pt-[3px]\"><\/div>\n<\/div>\n<\/div>\n<\/div>\n<\/div>\n<\/div>\n<\/div>\n<\/div>\n<\/div>\n<\/div>\n<\/div>\n<\/div>\n<\/div>\n<\/div>\n<\/div>\n<h3>Om forsendelse<\/h3>\n<div class=\"flex-shrink-0 flex flex-col relative items-end\">\n<div>\n<div class=\"pt-0\">\n<div class=\"gizmo-bot-avatar flex h-8 w-8 items-center justify-center overflow-hidden rounded-full\">\n<div><\/div>\n<div class=\"relative p-1 rounded-sm flex items-center justify-center bg-token-main-surface-primary text-token-text-primary h-8 w-8\"><strong>1. Hvilke forsendelsesmetoder bruges?<\/strong><\/div>\n<\/div>\n<\/div>\n<\/div>\n<\/div>\n<div class=\"group\/conversation-turn relative flex w-full min-w-0 flex-col agent-turn\">\n<div class=\"flex-col gap-1 md:gap-3\">\n<div class=\"flex max-w-full flex-col flex-grow\">\n<div class=\"min-h-[20px] text-message flex w-full flex-col items-end gap-2 whitespace-normal break-words [.text-message+&amp;]:mt-5 overflow-x-auto\" dir=\"auto\" data-message-author-role=\"assistant\" data-message-id=\"22f8283b-3233-46ff-89a5-c7a41b33abda\">\n<div class=\"flex w-full flex-col gap-1 empty:hidden first:pt-[3px]\">\n<div class=\"markdown prose w-full break-words dark:prose-invert light\">\n<p>Vi samarbejder med UPS, DHL, FedEx, DPD og andre f\u00f8rende transport\u00f8rer. Vi vil v\u00e6lge den bedste forsendelsesmetode baseret p\u00e5 din leveringsplacering for at sikre, at du modtager dine produkter s\u00e5 hurtigt som muligt.<\/p>\n<\/div>\n<p><strong>2. Hvor lang tid tager det at ankomme?<\/strong><\/p>\n<p>Pakker sendt til Danmark ankommer normalt inden for 10 arbejdsdage. Forsendelse til europ\u00e6iske lande tager generelt omkring 12-15 arbejdsdage. Vi vil give opdateringer i realtid om din forsendelsesstatus.<\/p>\n<\/div>\n<\/div>\n<\/div>\n<\/div>\n<\/div>\n<p>&nbsp;<\/p>\n<p>Find flere Vape-produkter, du m\u00e5ske kan lide:<strong><em><a href=\"https:\/\/rmvapesale.com\/da\/shop-2\/\">k\u00f8b nu &gt;&gt;&gt;<\/a><\/em><\/strong><\/p>","protected":false},"excerpt":{"rendered":"<p>Randm Tornado 15000 Pust Fumot Digital Engangs-Vape<br \/>\nRandm 15000 Fumot Tornado Vape Engros<br \/>\nFumot RandM 15k Engangs-Vape Engros Pris<\/p>\n<p><img loading=\"lazy\" decoding=\"async\" class=\"size-full wp-image-2375\" src=\"https:\/\/rmvapesale.com\/wp-content\/uploads\/2024\/10\/image.png\" alt=\"Bedste Engangs Vape\" width=\"229\" height=\"300\" \/><\/p>\n<h3><a href=\"https:\/\/wa.me\/8617776015835\"><span style=\"color: #ff0000\"><strong>WhatsApp: +86 17776015835<\/strong><\/span><\/a><\/h3>\n<p>&nbsp;<\/p>","protected":false},"featured_media":2826,"comment_status":"open","ping_status":"closed","template":"","meta":{"_uag_custom_page_level_css":"","_lmt_disableupdate":"no","_lmt_disable":"","site-sidebar-layout":"default","site-content-layout":"content-boxed-container","ast-site-content-layout":"normal-width-container","site-content-style":"boxed","site-sidebar-style":"unboxed","ast-global-header-display":"","ast-banner-title-visibility":"","ast-main-header-display":"","ast-hfb-above-header-display":"","ast-hfb-below-header-display":"","ast-hfb-mobile-header-display":"","site-post-title":"","ast-breadcrumbs-content":"","ast-featured-img":"","footer-sml-layout":"","ast-disable-related-posts":"","theme-transparent-header-meta":"default","adv-header-id-meta":"","stick-header-meta":"","header-above-stick-meta":"","header-main-stick-meta":"","header-below-stick-meta":"","astra-migrate-meta-layouts":"set","ast-page-background-enabled":"default","ast-page-background-meta":{"desktop":{"background-color":"var(--ast-global-color-4)","background-image":"","background-repeat":"repeat","background-position":"center center","background-size":"auto","background-attachment":"scroll","background-type":"","background-media":"","overlay-type":"","overlay-color":"","overlay-opacity":"","overlay-gradient":""},"tablet":{"background-color":"","background-image":"","background-repeat":"repeat","background-position":"center center","background-size":"auto","background-attachment":"scroll","background-type":"","background-media":"","overlay-type":"","overlay-color":"","overlay-opacity":"","overlay-gradient":""},"mobile":{"background-color":"","background-image":"","background-repeat":"repeat","background-position":"center center","background-size":"auto","background-attachment":"scroll","background-type":"","background-media":"","overlay-type":"","overlay-color":"","overlay-opacity":"","overlay-gradient":""}},"ast-content-background-meta":{"desktop":{"background-color":"var(--ast-global-color-5)","background-image":"","background-repeat":"repeat","background-position":"center center","background-size":"auto","background-attachment":"scroll","background-type":"","background-media":"","overlay-type":"","overlay-color":"","overlay-opacity":"","overlay-gradient":""},"tablet":{"background-color":"var(--ast-global-color-5)","background-image":"","background-repeat":"repeat","background-position":"center center","background-size":"auto","background-attachment":"scroll","background-type":"","background-media":"","overlay-type":"","overlay-color":"","overlay-opacity":"","overlay-gradient":""},"mobile":{"background-color":"var(--ast-global-color-5)","background-image":"","background-repeat":"repeat","background-position":"center center","background-size":"auto","background-attachment":"scroll","background-type":"","background-media":"","overlay-type":"","overlay-color":"","overlay-opacity":"","overlay-gradient":""}},"_joinchat":[]},"product_brand":[],"product_cat":[15,27,51,25,123,30,26,28,31,137,136,135],"product_tag":[235,39,171,236,234,38],"class_list":{"0":"post-2831","1":"product","2":"type-product","3":"status-publish","4":"has-post-thumbnail","6":"product_cat-new-vape-this-week","7":"product_cat-fance-hot-sale-vape","8":"product_cat-fumot-vape","9":"product_cat-germany-best-selling-vape","10":"product_cat-italy-wholesale-vape","11":"product_cat-minimum-order-quantity-50pcs","12":"product_cat-netherlands-hot-sale-vape","13":"product_cat-poland-hot-sale-vape","14":"product_cat-randm-fumot-vape","15":"product_cat-rechargeable-vapes","16":"product_cat-smart-screen-vapes","17":"product_cat-spain-best-hot-sale-vape","18":"product_tag-fumot-15k","19":"product_tag-fumot-vape","20":"product_tag-randm-15000","21":"product_tag-randm-15k","22":"product_tag-randm-tornado-15000","23":"product_tag-randm-vape","24":"desktop-align-left","25":"tablet-align-left","26":"mobile-align-left","28":"first","29":"instock","30":"sale","31":"shipping-taxable","32":"purchasable","33":"product-type-simple"},"uagb_featured_image_src":{"full":["https:\/\/rmvapesale.com\/wp-content\/uploads\/2024\/12\/Fumot-RandM-15000-Puffs-Disposable-Vape.jpg",1130,1126,false],"thumbnail":["https:\/\/rmvapesale.com\/wp-content\/uploads\/2024\/12\/Fumot-RandM-15000-Puffs-Disposable-Vape-150x150.jpg",150,150,true],"medium":["https:\/\/rmvapesale.com\/wp-content\/uploads\/2024\/12\/Fumot-RandM-15000-Puffs-Disposable-Vape-300x300.jpg",300,300,true],"medium_large":["https:\/\/rmvapesale.com\/wp-content\/uploads\/2024\/12\/Fumot-RandM-15000-Puffs-Disposable-Vape-768x765.jpg",768,765,true],"large":["https:\/\/rmvapesale.com\/wp-content\/uploads\/2024\/12\/Fumot-RandM-15000-Puffs-Disposable-Vape-1024x1020.jpg",1024,1020,true],"1536x1536":["https:\/\/rmvapesale.com\/wp-content\/uploads\/2024\/12\/Fumot-RandM-15000-Puffs-Disposable-Vape.jpg",1130,1126,false],"2048x2048":["https:\/\/rmvapesale.com\/wp-content\/uploads\/2024\/12\/Fumot-RandM-15000-Puffs-Disposable-Vape.jpg",1130,1126,false],"trp-custom-language-flag":["https:\/\/rmvapesale.com\/wp-content\/uploads\/2024\/12\/Fumot-RandM-15000-Puffs-Disposable-Vape.jpg",12,12,false],"woocommerce_thumbnail":["https:\/\/rmvapesale.com\/wp-content\/uploads\/2024\/12\/Fumot-RandM-15000-Puffs-Disposable-Vape-300x300.jpg",300,300,true],"woocommerce_single":["https:\/\/rmvapesale.com\/wp-content\/uploads\/2024\/12\/Fumot-RandM-15000-Puffs-Disposable-Vape-600x598.jpg",600,598,true],"woocommerce_gallery_thumbnail":["https:\/\/rmvapesale.com\/wp-content\/uploads\/2024\/12\/Fumot-RandM-15000-Puffs-Disposable-Vape-100x100.jpg",100,100,true],"wcpr-photo-reviews":["https:\/\/rmvapesale.com\/wp-content\/uploads\/2024\/12\/Fumot-RandM-15000-Puffs-Disposable-Vape.jpg",500,498,false]},"uagb_author_info":{"display_name":"AMY","author_link":"https:\/\/rmvapesale.com\/da\/author\/"},"uagb_comment_info":0,"uagb_excerpt":"Randm Tornado 15000 Puffs Fumot Digital Disposable Vape Randm 15000 Fumot Tornado Vape Wholesale Fumot RandM 15k Disposable Vape Bulk Price WhatsApp: +86 17776015835 &nbsp;","_links":{"self":[{"href":"https:\/\/rmvapesale.com\/da\/wp-json\/wp\/v2\/product\/2831","targetHints":{"allow":["GET"]}}],"collection":[{"href":"https:\/\/rmvapesale.com\/da\/wp-json\/wp\/v2\/product"}],"about":[{"href":"https:\/\/rmvapesale.com\/da\/wp-json\/wp\/v2\/types\/product"}],"replies":[{"embeddable":true,"href":"https:\/\/rmvapesale.com\/da\/wp-json\/wp\/v2\/comments?post=2831"}],"wp:featuredmedia":[{"embeddable":true,"href":"https:\/\/rmvapesale.com\/da\/wp-json\/wp\/v2\/media\/2826"}],"wp:attachment":[{"href":"https:\/\/rmvapesale.com\/da\/wp-json\/wp\/v2\/media?parent=2831"}],"wp:term":[{"taxonomy":"product_brand","embeddable":true,"href":"https:\/\/rmvapesale.com\/da\/wp-json\/wp\/v2\/product_brand?post=2831"},{"taxonomy":"product_cat","embeddable":true,"href":"https:\/\/rmvapesale.com\/da\/wp-json\/wp\/v2\/product_cat?post=2831"},{"taxonomy":"product_tag","embeddable":true,"href":"https:\/\/rmvapesale.com\/da\/wp-json\/wp\/v2\/product_tag?post=2831"}],"curies":[{"name":"wp","href":"https:\/\/api.w.org\/{rel}","templated":true}]}}