{"id":2892,"date":"2024-12-28T07:33:48","date_gmt":"2024-12-28T07:33:48","guid":{"rendered":"https:\/\/rmvapesale.com\/?post_type=product&#038;p=2892"},"modified":"2024-12-28T08:06:28","modified_gmt":"2024-12-28T08:06:28","slug":"puff-40k-bang-refillable-disposable-vape-with-digital-display-bulk-buy-price","status":"publish","type":"product","link":"https:\/\/rmvapesale.com\/da\/product\/puff-40k-bang-refillable-disposable-vape-with-digital-display-bulk-buy-price\/","title":{"rendered":"PUFF 40K Bang Genopladelig Engangs Vape med Digitalt Display Bulk K\u00f8b Pris"},"content":{"rendered":"<div class=\"B2VR9 CJHX3e\">\n<div class=\"wyccme\">\n<div class=\"flex-shrink-0 flex flex-col relative items-end\">\n<div class=\"pt-0\">\n<div class=\"gizmo-bot-avatar flex h-8 w-8 items-center justify-center overflow-hidden rounded-full\">\n<div class=\"relative p-1 rounded-sm flex items-center justify-center bg-token-main-surface-primary text-token-text-primary h-8 w-8\">\n<div class=\"flex-shrink-0 flex flex-col relative items-end\">\n<div class=\"pt-0\">\n<div class=\"gizmo-bot-avatar flex h-8 w-8 items-center justify-center overflow-hidden rounded-full\">\n<h1 class=\"relative p-1 rounded-sm flex items-center justify-center bg-token-main-surface-primary text-token-text-primary h-8 w-8\">PUFF 40K Bang Genopladelig Engangs Vape med Digitalt Display Bulk K\u00f8b Pris<\/h1>\n<\/div>\n<\/div>\n<\/div>\n<\/div>\n<\/div>\n<\/div>\n<\/div>\n<div class=\"group\/conversation-turn relative flex w-full min-w-0 flex-col agent-turn\">\n<div class=\"flex-col gap-1 md:gap-3\">\n<div class=\"flex max-w-full flex-col flex-grow\">\n<div class=\"min-h-8 text-message flex w-full flex-col items-end gap-2 whitespace-normal break-words text-start [.text-message+&amp;]:mt-5\" dir=\"auto\" data-message-author-role=\"assistant\" data-message-id=\"80ece0c4-ead1-4ed9-a9f0-ddc22582b4f4\" data-message-model-slug=\"gpt-4o\">\n<div class=\"flex w-full flex-col gap-1 empty:hidden first:pt-[3px]\">\n<div class=\"markdown prose w-full break-words dark:prose-invert light\">\n<h3><\/h3>\n<\/div>\n<\/div>\n<\/div>\n<\/div>\n<\/div>\n<\/div>\n<div class=\"flex-shrink-0 flex flex-col relative items-end\">\n<div class=\"pt-0\">\n<div class=\"gizmo-bot-avatar flex h-8 w-8 items-center justify-center overflow-hidden rounded-full\">\n<div class=\"relative p-1 rounded-sm flex items-center justify-center bg-token-main-surface-primary text-token-text-primary h-8 w-8\">\n<p>The <strong>Bang 40K Puff Genopfyldelig Engangs Vape<\/strong> tager bekvemmelighed, tilpasning og omkostningseffektivitet til et nyt niveau! Designet til brugere, der kr\u00e6ver h\u00f8j kapacitet og fleksibilitet, dette <strong>\u00e5ben genopfyldelig vape<\/strong> er perfekt til smagsentusiaster og milj\u00f8bevidste vapere.<\/p>\n<h3>Hvorfor v\u00e6lge Bang 40K?<\/h3>\n<h4><strong>Massivt Puff-antal<\/strong><\/h4>\n<p>Oplev op til <strong>40.000 pust<\/strong>, der leverer uovertruffen holdbarhed for vapere, der \u00f8nsker, at deres enhed skal vare uden konstant udskiftning.<\/p>\n<h4><strong>\u00c5ben genopfyldelig design<\/strong><\/h4>\n<p>Sig farvel til begr\u00e6nsninger med forudfyldte! Den <strong>Bang 40K<\/strong> lader dig bruge dine yndlings e-v\u00e6sker, hvilket giver uendelige smagsmuligheder.<\/p>\n<h4><strong>Dual Mesh Coil-teknologi<\/strong><\/h4>\n<p>Nyd glattere, rigere og mere konsistent smag med <strong>1.0 ohm mesh coil<\/strong>, designet til forbedret dampproduktion.<\/p>\n<h4><strong>Digitalt display<\/strong><\/h4>\n<p>Overv\u00e5g din vape's status med den <strong>smarte digitale sk\u00e6rm<\/strong>, der viser vigtige detaljer som batterilevetid, e-v\u00e6skestand og puff-antal.<\/p>\n<h4><strong>Just\u00e9rbar luftstr\u00f8m &amp; Str\u00f8mtilstande<\/strong><\/h4>\n<p>Tilpas din vapingoplevelse med justerbar luftstr\u00f8m og <strong>to str\u00f8mtilstande<\/strong> (12W til almindelig brug eller 24W til turbo-boost).<\/p>\n<h4><strong>Milj\u00f8venlig &amp; Omkostningseffektiv<\/strong><\/h4>\n<p>Spar penge og reducer affald med den <strong>genopfyldelige design<\/strong>\u2014et smart valg for milj\u00f8et og din pengepung.<\/p>\n<\/div>\n<\/div>\n<\/div>\n<\/div>\n<\/div>\n<\/div>\n<p><strong>Kontakt Amy for at f\u00e5 det rigtige svar og en vape-kupon!<\/strong><\/p>\n<p><img loading=\"lazy\" decoding=\"async\" class=\"size-full wp-image-1978\" src=\"https:\/\/rmvapesale.com\/wp-content\/uploads\/2024\/09\/Disposable-Vape-Wholesale.jpg\" alt=\"Engrospriser p\u00e5 engangsvape\" width=\"229\" height=\"300\" \/><\/p>\n<h3><a href=\"https:\/\/wa.me\/8617776015835\" target=\"_blank\" rel=\"noopener\"><span style=\"color: #ff0000\"><strong>WhatsApp: +86 17776015835<\/strong><\/span><\/a><\/h3>\n<p>&nbsp;<\/p>\n<p><strong style=\"font-size: 1.7em\">Bang Vape 40000 N\u00f8glefunktioner<\/strong><\/p>\n<ul>\n<li><strong>40.000 Puffs<\/strong>: Langvarig til l\u00e6ngere brug.<\/li>\n<li><strong>Genopfyldeligt Design<\/strong>: Brug din yndlings e-v\u00e6ske til uendelig tilpasning.<\/li>\n<li><strong>Dobbelt mesh coil<\/strong>: Overlegen smag og glat dampproduktion.<\/li>\n<li><strong>Digitalt display<\/strong>: F\u00f8lg batteri-, puff- og e-v\u00e6skestande.<\/li>\n<li><strong>Justerbare Str\u00f8mtilstande<\/strong>: Skift mellem almindelig (12W) og turbo (24W).<\/li>\n<li><strong>Type-C Opladning<\/strong>: Hurtig genopladning for uafbrudt vaping.<\/li>\n<li><strong>B\u00f8rnesikring Funktion<\/strong>: Tilf\u00f8jet sikkerhed for ro i sindet.<\/li>\n<\/ul>\n<figure id=\"attachment_2887\" aria-describedby=\"caption-attachment-2887\" style=\"width: 1000px\" class=\"wp-caption alignnone\"><img loading=\"lazy\" decoding=\"async\" class=\"wp-image-2887 size-full\" src=\"https:\/\/rmvapesale.com\/wp-content\/uploads\/2024\/12\/Bang-40000-LED-Display-Disposable-Vape-Bulk-Buy.jpg\" alt=\"Bang 40000 LED Sk\u00e6rm Engangs Vape Stork\u00f8b\" width=\"1000\" height=\"1000\" srcset=\"https:\/\/rmvapesale.com\/wp-content\/uploads\/2024\/12\/Bang-40000-LED-Display-Disposable-Vape-Bulk-Buy.jpg 1000w, https:\/\/rmvapesale.com\/wp-content\/uploads\/2024\/12\/Bang-40000-LED-Display-Disposable-Vape-Bulk-Buy-300x300.jpg 300w, https:\/\/rmvapesale.com\/wp-content\/uploads\/2024\/12\/Bang-40000-LED-Display-Disposable-Vape-Bulk-Buy-150x150.jpg 150w, https:\/\/rmvapesale.com\/wp-content\/uploads\/2024\/12\/Bang-40000-LED-Display-Disposable-Vape-Bulk-Buy-768x768.jpg 768w, https:\/\/rmvapesale.com\/wp-content\/uploads\/2024\/12\/Bang-40000-LED-Display-Disposable-Vape-Bulk-Buy-600x600.jpg 600w, https:\/\/rmvapesale.com\/wp-content\/uploads\/2024\/12\/Bang-40000-LED-Display-Disposable-Vape-Bulk-Buy-100x100.jpg 100w\" sizes=\"auto, (max-width: 1000px) 100vw, 1000px\" \/><figcaption id=\"caption-attachment-2887\" class=\"wp-caption-text\">Bang 40000 LED Sk\u00e6rm Engangs Vape Stork\u00f8b<\/figcaption><\/figure>\n<p><strong style=\"font-size: 1.7em\">Top salg Smag til PUFF 40K Bang Genopladelig Engangs Vape<\/strong><\/p>\n<p>Denne PUFF 40K Bang Genopladelig Engangs Vape tilbyder en livlig blanding af smagsvarianter, der sp\u00e6nder fra frugtige klassikere som Jordb\u00e6r Mango og Druice Ice til forfriskende isblandinger som <strong>Blue Razz Ice<\/strong> og Bl\u00e5b\u00e6r Ice. Find venligst den bedst s\u00e6lgende smag til denne genopladelige engangs vape if\u00f8lge vores salgsdata og kundefeedback.<\/p>\n<p>1.Watermelon Ice <span style=\"color: #ff0000\"><strong>&gt;&gt;&gt;&gt; Hot!<\/strong><\/span><\/p>\n<p>2. Jordb\u00e6r Mango<\/p>\n<p>3. Jordb\u00e6r Vandmelon<\/p>\n<p>4. Drue Ice<\/p>\n<p>5. Fersken Mango Vandmelon<\/p>\n<p>6. Bl\u00e5b\u00e6r hindb\u00e6r <span style=\"color: #ff0000\"><strong>&gt;&gt;&gt;&gt; Hot!<\/strong><\/span><\/p>\n<p>7.Bl\u00e5b\u00e6r Is <span style=\"color: #ff0000\"><strong>&gt;&gt;&gt;&gt; Bedst!<\/strong><\/span><\/p>\n<p>8. Jordb\u00e6r Banan<\/p>\n<p>9. Bl\u00e5b\u00e6r Vandmelon<\/p>\n<p>10. Red Bull<\/p>\n<p>11. Jordb\u00e6r Kiwi<\/p>\n<p>&nbsp;<\/p>\n<h3><strong>Hvorfor v\u00e6lge Rmvapesale til Bang 40k Puff\u00a0 <\/strong><strong>V<\/strong><strong>Vape Engros<\/strong><strong>?<\/strong><\/h3>\n<div class=\"flex-shrink-0 flex flex-col relative items-end\">\n<div class=\"pt-0\">\n<div class=\"gizmo-bot-avatar flex h-8 w-8 items-center justify-center overflow-hidden rounded-full\">\n<div class=\"relative p-1 rounded-sm flex items-center justify-center bg-token-main-surface-primary text-token-text-primary h-8 w-8\">\n<p>Velkommen til Rmvapesale, din betroede vapebutik for f\u00f8rsteklasses engangsvapes. Med mere end 5 \u00e5rs ekspertise bringer vi dig popul\u00e6re engangs-vape-m\u00e6rker som Al Fakher, Vapme Vape, <a href=\"https:\/\/rmvapesale.com\/da\/product-category\/bang-vapes\/\">Bang Vape<\/a>, Waspe, WGA Vape og<a href=\"https:\/\/rmvapesale.com\/da\/product-category\/randm-fumot-vape\/\"> RandM Vape<\/a>.<\/p>\n<p>Vores sortiment omfatter popul\u00e6re vapes som <a href=\"https:\/\/rmvapesale.com\/da\/product\/randm-tornado-15000-puffs-vape-wholesale\/\">RandM Tornado 15000<\/a> og smagsrige valg som Vapme 70000. Hvert produkt er udvalgt med fokus p\u00e5 kvalitet, v\u00e6rdi og variation, s\u00e5 du er sikret at finde det perfekte match til dine behov. Oplev enest\u00e5ende service og et bredt udvalg af topprodukter hos Rmvapesale.<\/p>\n<p>&nbsp;<\/p>\n<p><b style=\"font-size: 1.5em;font-style: inherit\">FAQ for PUFF 40K Bang <\/b><b style=\"font-size: 1.5em;font-style: inherit\">Genopladelig engangsvape<\/b><\/p>\n<\/div>\n<h3><\/h3>\n<ol>\n<li><strong>Hvordan genopfylder jeg Bang 40K vape?<\/strong><br \/>\n\u00c5bn blot genopfyldningsporten, fyld med din yndlings e-v\u00e6ske, og luk sikkert\u2014ingen rod, ingen besv\u00e6r!<\/li>\n<li><strong>Hvad g\u00f8r Bang 40K milj\u00f8venlig?<\/strong><br \/>\nDen <strong>genopfyldelige design<\/strong> reducerer affald, hvilket g\u00f8r den til et mere b\u00e6redygtigt valg sammenlignet med traditionelle engangs vapes.<\/li>\n<li><strong>Kan jeg justere effektniveauet?<\/strong><br \/>\nJa! Enheden har <strong>to str\u00f8mtilstande<\/strong>\u201412W til daglig brug og 24W til en turbo vaping oplevelse.<\/li>\n<li><strong>Supporterer Bang 40K nikotinfri vaping?<\/strong><br \/>\nHelt sikkert! V\u00e6lg din e-v\u00e6ske med <strong>0%, 2%, 3% eller 5% nikotin<\/strong> for en personlig vaping oplevelse.<\/li>\n<li><strong>Hvor kan jeg k\u00f8be Bang 40K til engrospris?<\/strong><br \/>\nG\u00e5 til Rmvaoesale<strong>\u00a0online vape shop<\/strong> for de bedste <strong>engros tilbud<\/strong> p\u00e5 <strong>Bang 40K Genopladelig Engangs Vape<\/strong>.<\/li>\n<\/ol>\n<\/div>\n<\/div>\n<\/div>\n<h3>Om forsendelse<\/h3>\n<div class=\"flex-shrink-0 flex flex-col relative items-end\">\n<div>\n<div class=\"pt-0\">\n<div class=\"gizmo-bot-avatar flex h-8 w-8 items-center justify-center overflow-hidden rounded-full\">\n<div><\/div>\n<div class=\"relative p-1 rounded-sm flex items-center justify-center bg-token-main-surface-primary text-token-text-primary h-8 w-8\"><strong>1. Hvilke forsendelsesmetoder bruges?<\/strong><\/div>\n<\/div>\n<\/div>\n<\/div>\n<\/div>\n<div class=\"group\/conversation-turn relative flex w-full min-w-0 flex-col agent-turn\">\n<div class=\"flex-col gap-1 md:gap-3\">\n<div class=\"flex max-w-full flex-col flex-grow\">\n<div class=\"min-h-[20px] text-message flex w-full flex-col items-end gap-2 whitespace-normal break-words [.text-message+&amp;]:mt-5 overflow-x-auto\" dir=\"auto\" data-message-author-role=\"assistant\" data-message-id=\"22f8283b-3233-46ff-89a5-c7a41b33abda\">\n<div class=\"flex w-full flex-col gap-1 empty:hidden first:pt-[3px]\">\n<div class=\"markdown prose w-full break-words dark:prose-invert light\">\n<p>Vi samarbejder med UPS, DHL, FedEx, DPD og andre f\u00f8rende transport\u00f8rer. Vi vil v\u00e6lge den bedste forsendelsesmetode baseret p\u00e5 din leveringsplacering for at sikre, at du modtager dine produkter s\u00e5 hurtigt som muligt.<\/p>\n<\/div>\n<p><strong>2. Hvor lang tid tager det at ankomme?<\/strong><\/p>\n<p>Pakker sendt til Danmark ankommer normalt inden for 10 arbejdsdage. Forsendelse til europ\u00e6iske lande tager generelt omkring 12-15 arbejdsdage. Vi vil give opdateringer i realtid om din forsendelsesstatus.<\/p>\n<\/div>\n<\/div>\n<\/div>\n<\/div>\n<\/div>\n<p>&nbsp;<\/p>\n<p>Find flere Vape-produkter, du m\u00e5ske kan lide:<strong><em><a href=\"https:\/\/rmvapesale.com\/da\/shop-2\/\">k\u00f8b nu &gt;&gt;&gt;<\/a><\/em><\/strong><\/p>","protected":false},"excerpt":{"rendered":"<p>PUFF 40K Bang Genopfyldelig Engangs Vape Engros<br \/>\nGenopfyldelig Engangs Vape Bang 40000 Puffs Engrospris<br \/>\nHots\u00e6lgende Engangs Vape Pen PUFF 40K Bang Engangs Vape Billig Pris i Stork\u00f8b<\/p>\n<p><strong>Kontakt Amy for at f\u00e5 det rigtige svar og en vape-kupon!<\/strong><\/p>\n<p><img loading=\"lazy\" decoding=\"async\" class=\"size-full wp-image-2375\" src=\"https:\/\/rmvapesale.com\/wp-content\/uploads\/2024\/10\/image.png\" alt=\"Bedste Engangs Vape\" width=\"229\" height=\"300\" \/><\/p>\n<h3><a href=\"https:\/\/wa.me\/8617776015835\"><span style=\"color: #ff0000\"><strong>WhatsApp: +86 17776015835<\/strong><\/span><\/a><\/h3>\n<p>&nbsp;<\/p>","protected":false},"featured_media":2886,"comment_status":"open","ping_status":"closed","template":"","meta":{"_uag_custom_page_level_css":"","_lmt_disableupdate":"no","_lmt_disable":"","site-sidebar-layout":"default","site-content-layout":"content-boxed-container","ast-site-content-layout":"normal-width-container","site-content-style":"boxed","site-sidebar-style":"unboxed","ast-global-header-display":"","ast-banner-title-visibility":"","ast-main-header-display":"","ast-hfb-above-header-display":"","ast-hfb-below-header-display":"","ast-hfb-mobile-header-display":"","site-post-title":"","ast-breadcrumbs-content":"","ast-featured-img":"","footer-sml-layout":"","ast-disable-related-posts":"","theme-transparent-header-meta":"default","adv-header-id-meta":"","stick-header-meta":"","header-above-stick-meta":"","header-main-stick-meta":"","header-below-stick-meta":"","astra-migrate-meta-layouts":"set","ast-page-background-enabled":"default","ast-page-background-meta":{"desktop":{"background-color":"var(--ast-global-color-4)","background-image":"","background-repeat":"repeat","background-position":"center center","background-size":"auto","background-attachment":"scroll","background-type":"","background-media":"","overlay-type":"","overlay-color":"","overlay-opacity":"","overlay-gradient":""},"tablet":{"background-color":"","background-image":"","background-repeat":"repeat","background-position":"center center","background-size":"auto","background-attachment":"scroll","background-type":"","background-media":"","overlay-type":"","overlay-color":"","overlay-opacity":"","overlay-gradient":""},"mobile":{"background-color":"","background-image":"","background-repeat":"repeat","background-position":"center center","background-size":"auto","background-attachment":"scroll","background-type":"","background-media":"","overlay-type":"","overlay-color":"","overlay-opacity":"","overlay-gradient":""}},"ast-content-background-meta":{"desktop":{"background-color":"var(--ast-global-color-5)","background-image":"","background-repeat":"repeat","background-position":"center center","background-size":"auto","background-attachment":"scroll","background-type":"","background-media":"","overlay-type":"","overlay-color":"","overlay-opacity":"","overlay-gradient":""},"tablet":{"background-color":"var(--ast-global-color-5)","background-image":"","background-repeat":"repeat","background-position":"center center","background-size":"auto","background-attachment":"scroll","background-type":"","background-media":"","overlay-type":"","overlay-color":"","overlay-opacity":"","overlay-gradient":""},"mobile":{"background-color":"var(--ast-global-color-5)","background-image":"","background-repeat":"repeat","background-position":"center center","background-size":"auto","background-attachment":"scroll","background-type":"","background-media":"","overlay-type":"","overlay-color":"","overlay-opacity":"","overlay-gradient":""}},"_joinchat":[]},"product_brand":[],"product_cat":[15,60,27,25,123,30,26,28,137,136,135],"product_tag":[199,146,131,40,111,251,252],"class_list":{"0":"post-2892","1":"product","2":"type-product","3":"status-publish","4":"has-post-thumbnail","6":"product_cat-new-vape-this-week","7":"product_cat-bang-vapes","8":"product_cat-fance-hot-sale-vape","9":"product_cat-germany-best-selling-vape","10":"product_cat-italy-wholesale-vape","11":"product_cat-minimum-order-quantity-50pcs","12":"product_cat-netherlands-hot-sale-vape","13":"product_cat-poland-hot-sale-vape","14":"product_cat-rechargeable-vapes","15":"product_cat-smart-screen-vapes","16":"product_cat-spain-best-hot-sale-vape","17":"product_tag-bang-vape","18":"product_tag-best-hot-sale-vape","19":"product_tag-big-puff-vape","20":"product_tag-hot-sale-vape","21":"product_tag-low-nicotine-disposable-vape","22":"product_tag-puff-40k","23":"product_tag-refillable-disposable-vape","24":"desktop-align-left","25":"tablet-align-left","26":"mobile-align-left","28":"first","29":"instock","30":"sale","31":"shipping-taxable","32":"purchasable","33":"product-type-simple"},"uagb_featured_image_src":{"full":["https:\/\/rmvapesale.com\/wp-content\/uploads\/2024\/12\/Bang-40k-Puffs-LED-Display-Disposable-Vape-Wholesale.jpg",1000,1000,false],"thumbnail":["https:\/\/rmvapesale.com\/wp-content\/uploads\/2024\/12\/Bang-40k-Puffs-LED-Display-Disposable-Vape-Wholesale-150x150.jpg",150,150,true],"medium":["https:\/\/rmvapesale.com\/wp-content\/uploads\/2024\/12\/Bang-40k-Puffs-LED-Display-Disposable-Vape-Wholesale-300x300.jpg",300,300,true],"medium_large":["https:\/\/rmvapesale.com\/wp-content\/uploads\/2024\/12\/Bang-40k-Puffs-LED-Display-Disposable-Vape-Wholesale-768x768.jpg",768,768,true],"large":["https:\/\/rmvapesale.com\/wp-content\/uploads\/2024\/12\/Bang-40k-Puffs-LED-Display-Disposable-Vape-Wholesale.jpg",1000,1000,false],"1536x1536":["https:\/\/rmvapesale.com\/wp-content\/uploads\/2024\/12\/Bang-40k-Puffs-LED-Display-Disposable-Vape-Wholesale.jpg",1000,1000,false],"2048x2048":["https:\/\/rmvapesale.com\/wp-content\/uploads\/2024\/12\/Bang-40k-Puffs-LED-Display-Disposable-Vape-Wholesale.jpg",1000,1000,false],"trp-custom-language-flag":["https:\/\/rmvapesale.com\/wp-content\/uploads\/2024\/12\/Bang-40k-Puffs-LED-Display-Disposable-Vape-Wholesale.jpg",12,12,false],"woocommerce_thumbnail":["https:\/\/rmvapesale.com\/wp-content\/uploads\/2024\/12\/Bang-40k-Puffs-LED-Display-Disposable-Vape-Wholesale-300x300.jpg",300,300,true],"woocommerce_single":["https:\/\/rmvapesale.com\/wp-content\/uploads\/2024\/12\/Bang-40k-Puffs-LED-Display-Disposable-Vape-Wholesale-600x600.jpg",600,600,true],"woocommerce_gallery_thumbnail":["https:\/\/rmvapesale.com\/wp-content\/uploads\/2024\/12\/Bang-40k-Puffs-LED-Display-Disposable-Vape-Wholesale-100x100.jpg",100,100,true],"wcpr-photo-reviews":["https:\/\/rmvapesale.com\/wp-content\/uploads\/2024\/12\/Bang-40k-Puffs-LED-Display-Disposable-Vape-Wholesale.jpg",500,500,false]},"uagb_author_info":{"display_name":"AMY","author_link":"https:\/\/rmvapesale.com\/da\/author\/"},"uagb_comment_info":0,"uagb_excerpt":"PUFF 40K Bang Refillable Disposable Vape Wholesale Refillable Disposable Vape Bang 40000 Puffs \u00a0Wholesale Price Hot Sell Disposable Vape Pen PUFF 40K Bang Disposable Vape Bulk Buy Cheap Price Contact Amy to get right reply and vape coupon! WhatsApp: +86 17776015835 &nbsp;","_links":{"self":[{"href":"https:\/\/rmvapesale.com\/da\/wp-json\/wp\/v2\/product\/2892","targetHints":{"allow":["GET"]}}],"collection":[{"href":"https:\/\/rmvapesale.com\/da\/wp-json\/wp\/v2\/product"}],"about":[{"href":"https:\/\/rmvapesale.com\/da\/wp-json\/wp\/v2\/types\/product"}],"replies":[{"embeddable":true,"href":"https:\/\/rmvapesale.com\/da\/wp-json\/wp\/v2\/comments?post=2892"}],"wp:featuredmedia":[{"embeddable":true,"href":"https:\/\/rmvapesale.com\/da\/wp-json\/wp\/v2\/media\/2886"}],"wp:attachment":[{"href":"https:\/\/rmvapesale.com\/da\/wp-json\/wp\/v2\/media?parent=2892"}],"wp:term":[{"taxonomy":"product_brand","embeddable":true,"href":"https:\/\/rmvapesale.com\/da\/wp-json\/wp\/v2\/product_brand?post=2892"},{"taxonomy":"product_cat","embeddable":true,"href":"https:\/\/rmvapesale.com\/da\/wp-json\/wp\/v2\/product_cat?post=2892"},{"taxonomy":"product_tag","embeddable":true,"href":"https:\/\/rmvapesale.com\/da\/wp-json\/wp\/v2\/product_tag?post=2892"}],"curies":[{"name":"wp","href":"https:\/\/api.w.org\/{rel}","templated":true}]}}