{"id":2912,"date":"2025-01-08T08:59:33","date_gmt":"2025-01-08T08:59:33","guid":{"rendered":"https:\/\/rmvapesale.com\/?post_type=product&#038;p=2912"},"modified":"2025-01-08T09:59:15","modified_gmt":"2025-01-08T09:59:15","slug":"bood-twins-46000-puff-digital-disposable-vape-bulk-buy-wholesale-price","status":"publish","type":"product","link":"https:\/\/rmvapesale.com\/da\/product\/bood-twins-46000-puff-digital-disposable-vape-bulk-buy-wholesale-price\/","title":{"rendered":"Bood Twins 46000 Pust Digital Engangs Vape K\u00f8b i Bulk Engros Pris"},"content":{"rendered":"<div class=\"B2VR9 CJHX3e\">\n<div class=\"wyccme\">\n<div class=\"flex-shrink-0 flex flex-col relative items-end\">\n<div class=\"pt-0\">\n<div class=\"gizmo-bot-avatar flex h-8 w-8 items-center justify-center overflow-hidden rounded-full\">\n<div class=\"relative p-1 rounded-sm flex items-center justify-center bg-token-main-surface-primary text-token-text-primary h-8 w-8\">\n<div class=\"flex-shrink-0 flex flex-col relative items-end\">\n<div class=\"pt-0\">\n<div class=\"gizmo-bot-avatar flex h-8 w-8 items-center justify-center overflow-hidden rounded-full\">\n<h1 class=\"relative p-1 rounded-sm flex items-center justify-center bg-token-main-surface-primary text-token-text-primary h-8 w-8\">Bood Twins 46000 Pust Digital Engangs Vape K\u00f8b i Bulk Engros Pris<\/h1>\n<\/div>\n<\/div>\n<\/div>\n<\/div>\n<\/div>\n<\/div>\n<\/div>\n<div class=\"group\/conversation-turn relative flex w-full min-w-0 flex-col agent-turn\">\n<div class=\"flex-col gap-1 md:gap-3\">\n<div class=\"flex max-w-full flex-col flex-grow\">\n<div class=\"min-h-8 text-message flex w-full flex-col items-end gap-2 whitespace-normal break-words text-start [.text-message+&amp;]:mt-5\" dir=\"auto\" data-message-author-role=\"assistant\" data-message-id=\"80ece0c4-ead1-4ed9-a9f0-ddc22582b4f4\" data-message-model-slug=\"gpt-4o\">\n<div class=\"flex w-full flex-col gap-1 empty:hidden first:pt-[3px]\">\n<div class=\"markdown prose w-full break-words dark:prose-invert light\"><strong>Bood Twins 46000 Pust Digital Engangs Vape<\/strong>, den perfekte ledsager til langvarig, smagfuld og bekvem vaping. Sp\u00e6kket med avancerede funktioner som en <strong>digitale display<\/strong>, er denne enhed designet til at opfylde alle dine vapingbehov, samtidig med at den tilbyder enest\u00e5ende v\u00e6rdi til engrospriser.<\/div>\n<div><\/div>\n<div>\n<p>Sig farvel til hyppige udskiftninger! Den <strong>Bood Twins 46000<\/strong> leverer imponerende 46.000 pust, hvilket sikrer langvarig tilfredshed for b\u00e5de tunge og lette vapers. Hold dig informeret hele tiden med den <strong>smarte digitale sk\u00e6rm<\/strong>, som giver realtidsopdateringer om batterilevetid og e-v\u00e6skeniveauer. Slut med at g\u00e6tte \u2013 bevar altid kontrollen! Udstyret med et kraftfuldt og <strong>genopladeligt 650mAh indbygget batteri<\/strong>, sikrer Bood Twins en ensartet str\u00f8mforsyning under hele din vapingrejse. Plus, den <strong>Type-C hurtigopladningsport<\/strong> g\u00f8r genopladning hurtig og problemfri.<\/p>\n<p>Nyd udvidede vapingsessioner med <strong>30 ml forudfyldt e-juice<\/strong> patron. Sammen med <strong>nikotinniveau muligheder<\/strong> p\u00e5 0%, 2% og 5%, im\u00f8dekommer den alle pr\u00e6ferencer. Med <strong>to smagsvarianter i \u00e9n enhed<\/strong>, udforsk en r\u00e6kke <strong>10 l\u00e6kre kombinationer<\/strong>. Den <strong>Bood Twins 46000<\/strong> kombinerer <strong>effektiv str\u00f8mforsyning<\/strong> med ensartet ydeevne, takket v\u00e6re dets avancerede design og kvalitetskonstruktion.<\/p>\n<\/div>\n<\/div>\n<div>Leder du efter de <strong>bedste engrospriser<\/strong> for en h\u00f8jkvalitets, langtidsholdbar engangs vape? Den <strong>Bood Twins 46000<\/strong> tilbyder uovertruffen v\u00e6rdi, smagsvariation og p\u00e5lidelighed. Perfekt til b\u00e5de begyndere og erfarne dampere, denne enhed er en game-changer!<\/div>\n<\/div>\n<\/div>\n<\/div>\n<\/div>\n<div class=\"flex-shrink-0 flex flex-col relative items-end\">\n<div class=\"pt-0\">\n<div class=\"gizmo-bot-avatar flex h-8 w-8 items-center justify-center overflow-hidden rounded-full\">\n<p>&nbsp;<\/p>\n<\/div>\n<\/div>\n<\/div>\n<\/div>\n<\/div>\n<p><strong>Kontakt Amy for at f\u00e5 det rigtige svar og en vape-kupon!<\/strong><\/p>\n<p><img loading=\"lazy\" decoding=\"async\" class=\"size-full wp-image-1978\" src=\"https:\/\/rmvapesale.com\/wp-content\/uploads\/2024\/09\/Disposable-Vape-Wholesale.jpg\" alt=\"Engrospriser p\u00e5 engangsvape\" width=\"229\" height=\"300\" \/><\/p>\n<h3><a href=\"https:\/\/wa.me\/8617776015835\" target=\"_blank\" rel=\"noopener\"><span style=\"color: #ff0000\"><strong>WhatsApp: +86 17776015835<\/strong><\/span><\/a><\/h3>\n<p>&nbsp;<\/p>\n<h2><strong style=\"font-size: 1.7em\">Bood Twins 46000 Vape N\u00f8glefunktioner<\/strong><\/h2>\n<ul>\n<li><strong>Pust<\/strong>: Op til 46.000<\/li>\n<li><strong>Batteri<\/strong>: 650mAh genopladelig med Type-C opladning<\/li>\n<li><strong>E-v\u00e6ske<\/strong>: 30 ml forudfyldt, tilg\u00e6ngelig i 0%, 2%, 5% nikotinniveauer<\/li>\n<li><strong>Digitalt display<\/strong>: Batteri- og e-v\u00e6skeoverv\u00e5gning i realtid<\/li>\n<li><strong>Smagsvarianter<\/strong>: 10 unikke dobbelt-smagskombinationer<\/li>\n<li><strong>Ydeevne<\/strong>: Glatte sug og ensartet levering<\/li>\n<\/ul>\n<h2><strong style=\"font-size: 1.7em\">Top s\u00e6lgende smag til Bood 46000 engangs Vape<\/strong><\/h2>\n<p>Denne Bood Twins 46000 Pust Digital Engangs Vape f\u00e5s i <strong>12 sp\u00e6ndende smagsvarianter<\/strong>, tilbyder en r\u00e6kke muligheder for at im\u00f8dekomme forskellige smag. Fra frugtagtig til mintagtig til eksotiske blandinger, der er noget for enhver smag. Dette brede udvalg sikrer, at du altid kan finde en smag, der passer til dit hum\u00f8r, hvilket g\u00f8r det til et alsidigt valg for alle dampere. Find venligst den bedst s\u00e6lgende smag til denne genopladelige engangs vape i henhold til vores salgsdato og kundefeedback.<\/p>\n<div>1. Vandmelon <span style=\"color: #ff0000\"><strong>&gt;&gt;&gt;&gt; Hot!<\/strong><\/span><\/div>\n<div>2. \u00c6ble<\/div>\n<div>3. Lime<\/div>\n<div>4. Gr\u00f8nt \u00c6ble <span style=\"color: #ff0000\"><strong>&gt;&gt;&gt;&gt; Hot!<\/strong><\/span><\/div>\n<div>5. Bl\u00e5b\u00e6r Sour Hindb\u00e6r<\/div>\n<div>6. Solb\u00e6r Hindb\u00e6r <span style=\"color: #ff0000\"><strong>&gt;&gt;&gt;&gt; Bedst!<\/strong><\/span><\/div>\n<div>7. Fersken Mango<\/div>\n<div>8. Drue<\/div>\n<div>9. Pink Limonade<\/div>\n<div>10. Gr\u00f8n Drue<\/div>\n<div><\/div>\n<figure id=\"attachment_2895\" aria-describedby=\"caption-attachment-2895\" style=\"width: 1000px\" class=\"wp-caption alignnone\"><img loading=\"lazy\" decoding=\"async\" class=\"wp-image-2895 size-full\" src=\"https:\/\/rmvapesale.com\/wp-content\/uploads\/2025\/01\/Bood-Twins-46000-Digital-Disposable-Vape.jpg\" alt=\"Bood Twins 46000 Digital Engangs Vape\" width=\"1000\" height=\"1000\" srcset=\"https:\/\/rmvapesale.com\/wp-content\/uploads\/2025\/01\/Bood-Twins-46000-Digital-Disposable-Vape.jpg 1000w, https:\/\/rmvapesale.com\/wp-content\/uploads\/2025\/01\/Bood-Twins-46000-Digital-Disposable-Vape-300x300.jpg 300w, https:\/\/rmvapesale.com\/wp-content\/uploads\/2025\/01\/Bood-Twins-46000-Digital-Disposable-Vape-150x150.jpg 150w, https:\/\/rmvapesale.com\/wp-content\/uploads\/2025\/01\/Bood-Twins-46000-Digital-Disposable-Vape-768x768.jpg 768w, https:\/\/rmvapesale.com\/wp-content\/uploads\/2025\/01\/Bood-Twins-46000-Digital-Disposable-Vape-600x600.jpg 600w, https:\/\/rmvapesale.com\/wp-content\/uploads\/2025\/01\/Bood-Twins-46000-Digital-Disposable-Vape-100x100.jpg 100w\" sizes=\"auto, (max-width: 1000px) 100vw, 1000px\" \/><figcaption id=\"caption-attachment-2895\" class=\"wp-caption-text\">Bood Twins 46000 Digital Engangs Vape<\/figcaption><\/figure>\n<h3><\/h3>\n<h3><strong>Hvorfor v\u00e6lge Rmvapesale til JNR Mega Shisha Vandpibe 100k Pust\u00a0 <\/strong><strong>V<\/strong><strong>Vape Engros<\/strong><strong>?<\/strong><\/h3>\n<div class=\"flex-shrink-0 flex flex-col relative items-end\">\n<div class=\"pt-0\">\n<div class=\"gizmo-bot-avatar flex h-8 w-8 items-center justify-center overflow-hidden rounded-full\">\n<div class=\"relative p-1 rounded-sm flex items-center justify-center bg-token-main-surface-primary text-token-text-primary h-8 w-8\">\n<p>Velkommen til Rmvapesale, din betroede vapebutik for f\u00f8rsteklasses engangsvapes. Med mere end 5 \u00e5rs ekspertise bringer vi dig popul\u00e6re engangs-vape-m\u00e6rker som Al Fakher, Vapme Vape, <a href=\"https:\/\/rmvapesale.com\/da\/product\/puff-40k-bang-refillable-disposable-vape-with-digital-display-bulk-buy-price\/\">Bang Vape<\/a>, <a href=\"https:\/\/rmvapesale.com\/da\/product\/jnr-mega-shisha-hookah-100000-100k-puffs-disposable-vape-a-premium-vaping-experience\/\">JNR Vape<\/a>, Waspe, WGA Vape og RandM Vape.<\/p>\n<p>Vores sortiment omfatter popul\u00e6re vapes som <a href=\"https:\/\/rmvapesale.com\/da\/product\/vookbar-cyber-pro-30000-puffs-bluetooth-vape-2-low-nicotine-rechargeable-bulk-buy-wholesale-price\/\">Vookbar Cyber Pro 30000<\/a> og smagsrige valg som Vapme 70000. Hvert produkt er udvalgt med fokus p\u00e5 kvalitet, v\u00e6rdi og variation, s\u00e5 du er sikret at finde det perfekte match til dine behov. Oplev enest\u00e5ende service og et bredt udvalg af topprodukter hos Rmvapesale.<\/p>\n<p>&nbsp;<\/p>\n<h3><b style=\"font-size: 1.5em;font-style: inherit\">FAQS For Bood Twins 46000 <\/b><b style=\"font-size: 1.5em;font-style: inherit\">Genopladelig engangsvape<\/b><\/h3>\n<\/div>\n<h3><\/h3>\n<p><strong>1. Hvor mange sug giver Bood Twins 46000?<\/strong><\/p>\n<p>The <strong>Bood Twins 46000 Pust<\/strong> tilbyder op til 46.000 sug, hvilket g\u00f8r den til en af de l\u00e6ngstvarende engangs-vapes p\u00e5 markedet.<\/p>\n<p><strong>2. Kan jeg genoplade Bood Twins 46000 Pust?<\/strong><\/p>\n<p>Ja! Denne enhed har en <strong>650mAh genopladeligt batteri<\/strong> med en <strong>Type-C hurtigopladningsport<\/strong> til opladning for nemheds skyld.<\/p>\n<p><strong>3. Hvilke smagsvarianter er tilg\u00e6ngelige i Bood Twins 46000?<\/strong><\/p>\n<p>Den kommer med <strong>10 unikke dobbelt-smagskombinationer<\/strong>, s\u00e5som <strong>Vandmelon<\/strong>, <strong>Lime<\/strong>, og <strong>Drue<\/strong>.<\/p>\n<p><strong>4. Har Bood Twins 46000 nikotinmuligheder?<\/strong><\/p>\n<p>Ja, enheden underst\u00f8tter <strong>nikotinstyrker p\u00e5 0%, 2% og 5%<\/strong>, hvilket sikrer muligheder for alle pr\u00e6ferencer.<\/p>\n<p><strong>5. Hvor kan jeg k\u00f8be Bood Twins 46000 til engrospriser i Danmark?<\/strong><\/p>\n<p>Du kan k\u00f8be <strong>Bood Twins 46000 Pust<\/strong> at <strong>engrospriser<\/strong> fra <a href=\"https:\/\/rmvapesale.com\/da\/\" target=\"_new\" rel=\"noopener\">Rmvapesale online vape shop<\/a>. Nyd konkurrencedygtige priser, hurtig forsendelse og f\u00f8rsteklasses kundeservice!<\/p>\n<p>&nbsp;<\/p>\n<\/div>\n<\/div>\n<\/div>\n<h3>Om forsendelse<\/h3>\n<div class=\"flex-shrink-0 flex flex-col relative items-end\">\n<div>\n<div class=\"pt-0\">\n<div class=\"gizmo-bot-avatar flex h-8 w-8 items-center justify-center overflow-hidden rounded-full\">\n<div><\/div>\n<div class=\"relative p-1 rounded-sm flex items-center justify-center bg-token-main-surface-primary text-token-text-primary h-8 w-8\"><strong>1. Hvilke forsendelsesmetoder bruges?<\/strong><\/div>\n<\/div>\n<\/div>\n<\/div>\n<\/div>\n<div class=\"group\/conversation-turn relative flex w-full min-w-0 flex-col agent-turn\">\n<div class=\"flex-col gap-1 md:gap-3\">\n<div class=\"flex max-w-full flex-col flex-grow\">\n<div class=\"min-h-[20px] text-message flex w-full flex-col items-end gap-2 whitespace-normal break-words [.text-message+&amp;]:mt-5 overflow-x-auto\" dir=\"auto\" data-message-author-role=\"assistant\" data-message-id=\"22f8283b-3233-46ff-89a5-c7a41b33abda\">\n<div class=\"flex w-full flex-col gap-1 empty:hidden first:pt-[3px]\">\n<div class=\"markdown prose w-full break-words dark:prose-invert light\">\n<p>Vi samarbejder med UPS, DHL, FedEx, DPD og andre f\u00f8rende transport\u00f8rer. Vi vil v\u00e6lge den bedste forsendelsesmetode baseret p\u00e5 din leveringsplacering for at sikre, at du modtager dine produkter s\u00e5 hurtigt som muligt.<\/p>\n<\/div>\n<p><strong>2. Hvor lang tid tager det at ankomme?<\/strong><\/p>\n<p>Pakker sendt til Danmark ankommer normalt inden for 10 arbejdsdage. Forsendelse til europ\u00e6iske lande tager generelt omkring 12-15 arbejdsdage. Vi vil give opdateringer i realtid om din forsendelsesstatus.<\/p>\n<\/div>\n<\/div>\n<\/div>\n<\/div>\n<\/div>\n<p>&nbsp;<\/p>\n<p>Find flere Vape-produkter, du m\u00e5ske kan lide:<strong><em><a href=\"https:\/\/rmvapesale.com\/da\/shop-2\/\">k\u00f8b nu &gt;&gt;&gt;<\/a><\/em><\/strong><\/p>","protected":false},"excerpt":{"rendered":"<p>Bood Twins 46000 Puff Digital Engangs Vape Engros Pris<br \/>\nBood Twins 46000 Puff Digital Genopladelig Engangs Vape Engros K\u00f8b Billig Pris<br \/>\nBood 46000 2% Lav Nicotin Puff Engangs Vape Engangs Vape<\/p>\n<p><strong>Kontakt Amy for at f\u00e5 det rigtige svar og en vape-kupon!<\/strong><\/p>\n<p><img loading=\"lazy\" decoding=\"async\" class=\"size-full wp-image-2375\" src=\"https:\/\/rmvapesale.com\/wp-content\/uploads\/2024\/10\/image.png\" alt=\"Bedste Engangs Vape\" width=\"229\" height=\"300\" \/><\/p>\n<h3><a href=\"https:\/\/wa.me\/8617776015835\"><span style=\"color: #ff0000\"><strong>WhatsApp: +86 17776015835<\/strong><\/span><\/a><\/h3>\n<p>&nbsp;<\/p>","protected":false},"featured_media":2896,"comment_status":"open","ping_status":"closed","template":"","meta":{"_uag_custom_page_level_css":"","_lmt_disableupdate":"no","_lmt_disable":"","site-sidebar-layout":"default","site-content-layout":"content-boxed-container","ast-site-content-layout":"normal-width-container","site-content-style":"boxed","site-sidebar-style":"unboxed","ast-global-header-display":"","ast-banner-title-visibility":"","ast-main-header-display":"","ast-hfb-above-header-display":"","ast-hfb-below-header-display":"","ast-hfb-mobile-header-display":"","site-post-title":"","ast-breadcrumbs-content":"","ast-featured-img":"","footer-sml-layout":"","theme-transparent-header-meta":"default","adv-header-id-meta":"","stick-header-meta":"","header-above-stick-meta":"","header-main-stick-meta":"","header-below-stick-meta":"","astra-migrate-meta-layouts":"set","ast-page-background-enabled":"default","ast-page-background-meta":{"desktop":{"background-color":"var(--ast-global-color-4)","background-image":"","background-repeat":"repeat","background-position":"center center","background-size":"auto","background-attachment":"scroll","background-type":"","background-media":"","overlay-type":"","overlay-color":"","overlay-opacity":"","overlay-gradient":""},"tablet":{"background-color":"","background-image":"","background-repeat":"repeat","background-position":"center center","background-size":"auto","background-attachment":"scroll","background-type":"","background-media":"","overlay-type":"","overlay-color":"","overlay-opacity":"","overlay-gradient":""},"mobile":{"background-color":"","background-image":"","background-repeat":"repeat","background-position":"center center","background-size":"auto","background-attachment":"scroll","background-type":"","background-media":"","overlay-type":"","overlay-color":"","overlay-opacity":"","overlay-gradient":""}},"ast-content-background-meta":{"desktop":{"background-color":"var(--ast-global-color-5)","background-image":"","background-repeat":"repeat","background-position":"center center","background-size":"auto","background-attachment":"scroll","background-type":"","background-media":"","overlay-type":"","overlay-color":"","overlay-opacity":"","overlay-gradient":""},"tablet":{"background-color":"var(--ast-global-color-5)","background-image":"","background-repeat":"repeat","background-position":"center center","background-size":"auto","background-attachment":"scroll","background-type":"","background-media":"","overlay-type":"","overlay-color":"","overlay-opacity":"","overlay-gradient":""},"mobile":{"background-color":"var(--ast-global-color-5)","background-image":"","background-repeat":"repeat","background-position":"center center","background-size":"auto","background-attachment":"scroll","background-type":"","background-media":"","overlay-type":"","overlay-color":"","overlay-opacity":"","overlay-gradient":""}},"_joinchat":[]},"product_brand":[],"product_cat":[15,265,259,260,25,123,26,28,135,27,137,136,30],"product_tag":[146,131,264,248,40,111,207],"class_list":{"0":"post-2912","1":"product","2":"type-product","3":"status-publish","4":"has-post-thumbnail","6":"product_cat-new-vape-this-week","7":"product_cat-bood-disposable-vape","8":"product_cat-46000-puff-disposable-vape","9":"product_cat-100k-puff-disposable-vape","10":"product_cat-germany-best-selling-vape","11":"product_cat-italy-wholesale-vape","12":"product_cat-netherlands-hot-sale-vape","13":"product_cat-poland-hot-sale-vape","14":"product_cat-spain-best-hot-sale-vape","15":"product_cat-fance-hot-sale-vape","16":"product_cat-rechargeable-vapes","17":"product_cat-smart-screen-vapes","18":"product_cat-minimum-order-quantity-50pcs","19":"product_tag-best-hot-sale-vape","20":"product_tag-big-puff-vape","21":"product_tag-bood-46000-disposable-vape","22":"product_tag-bood-vape","23":"product_tag-hot-sale-vape","24":"product_tag-low-nicotine-disposable-vape","25":"product_tag-puff-vape","26":"desktop-align-left","27":"tablet-align-left","28":"mobile-align-left","30":"first","31":"instock","32":"sale","33":"shipping-taxable","34":"purchasable","35":"product-type-simple"},"uagb_featured_image_src":{"full":["https:\/\/rmvapesale.com\/wp-content\/uploads\/2025\/01\/Bood-Twins-46000-Puff-2-in-1-Disposable-Vape.webp",1000,1000,false],"thumbnail":["https:\/\/rmvapesale.com\/wp-content\/uploads\/2025\/01\/Bood-Twins-46000-Puff-2-in-1-Disposable-Vape-150x150.webp",150,150,true],"medium":["https:\/\/rmvapesale.com\/wp-content\/uploads\/2025\/01\/Bood-Twins-46000-Puff-2-in-1-Disposable-Vape-300x300.webp",300,300,true],"medium_large":["https:\/\/rmvapesale.com\/wp-content\/uploads\/2025\/01\/Bood-Twins-46000-Puff-2-in-1-Disposable-Vape-768x768.webp",768,768,true],"large":["https:\/\/rmvapesale.com\/wp-content\/uploads\/2025\/01\/Bood-Twins-46000-Puff-2-in-1-Disposable-Vape.webp",1000,1000,false],"1536x1536":["https:\/\/rmvapesale.com\/wp-content\/uploads\/2025\/01\/Bood-Twins-46000-Puff-2-in-1-Disposable-Vape.webp",1000,1000,false],"2048x2048":["https:\/\/rmvapesale.com\/wp-content\/uploads\/2025\/01\/Bood-Twins-46000-Puff-2-in-1-Disposable-Vape.webp",1000,1000,false],"trp-custom-language-flag":["https:\/\/rmvapesale.com\/wp-content\/uploads\/2025\/01\/Bood-Twins-46000-Puff-2-in-1-Disposable-Vape.webp",12,12,false],"woocommerce_thumbnail":["https:\/\/rmvapesale.com\/wp-content\/uploads\/2025\/01\/Bood-Twins-46000-Puff-2-in-1-Disposable-Vape-300x300.webp",300,300,true],"woocommerce_single":["https:\/\/rmvapesale.com\/wp-content\/uploads\/2025\/01\/Bood-Twins-46000-Puff-2-in-1-Disposable-Vape-600x600.webp",600,600,true],"woocommerce_gallery_thumbnail":["https:\/\/rmvapesale.com\/wp-content\/uploads\/2025\/01\/Bood-Twins-46000-Puff-2-in-1-Disposable-Vape-100x100.webp",100,100,true],"wcpr-photo-reviews":["https:\/\/rmvapesale.com\/wp-content\/uploads\/2025\/01\/Bood-Twins-46000-Puff-2-in-1-Disposable-Vape.webp",500,500,false]},"uagb_author_info":{"display_name":"AMY","author_link":"https:\/\/rmvapesale.com\/da\/author\/"},"uagb_comment_info":0,"uagb_excerpt":"Bood Twins 46000 Puff Digital Disposable Vape Wholesale Price Bood Twins 46000 Puff Digital Rechargeable Disposable Vape Bulk Buy Cheap Price Bood 46000 2% Low Nicotine Puff\u00a0 Disposable Vape Disposable Vape Contact Amy to get right reply and vape coupon! WhatsApp: +86 17776015835 &nbsp;","_links":{"self":[{"href":"https:\/\/rmvapesale.com\/da\/wp-json\/wp\/v2\/product\/2912","targetHints":{"allow":["GET"]}}],"collection":[{"href":"https:\/\/rmvapesale.com\/da\/wp-json\/wp\/v2\/product"}],"about":[{"href":"https:\/\/rmvapesale.com\/da\/wp-json\/wp\/v2\/types\/product"}],"replies":[{"embeddable":true,"href":"https:\/\/rmvapesale.com\/da\/wp-json\/wp\/v2\/comments?post=2912"}],"wp:featuredmedia":[{"embeddable":true,"href":"https:\/\/rmvapesale.com\/da\/wp-json\/wp\/v2\/media\/2896"}],"wp:attachment":[{"href":"https:\/\/rmvapesale.com\/da\/wp-json\/wp\/v2\/media?parent=2912"}],"wp:term":[{"taxonomy":"product_brand","embeddable":true,"href":"https:\/\/rmvapesale.com\/da\/wp-json\/wp\/v2\/product_brand?post=2912"},{"taxonomy":"product_cat","embeddable":true,"href":"https:\/\/rmvapesale.com\/da\/wp-json\/wp\/v2\/product_cat?post=2912"},{"taxonomy":"product_tag","embeddable":true,"href":"https:\/\/rmvapesale.com\/da\/wp-json\/wp\/v2\/product_tag?post=2912"}],"curies":[{"name":"wp","href":"https:\/\/api.w.org\/{rel}","templated":true}]}}