{"id":2913,"date":"2025-01-08T09:44:46","date_gmt":"2025-01-08T09:44:46","guid":{"rendered":"https:\/\/rmvapesale.com\/?post_type=product&#038;p=2913"},"modified":"2025-01-09T09:05:59","modified_gmt":"2025-01-09T09:05:59","slug":"bang-box-35000-puffs-touch-screen-bulk-buy-price-rechargeable-disposable-vapes","status":"publish","type":"product","link":"https:\/\/rmvapesale.com\/da\/product\/bang-box-35000-puffs-touch-screen-bulk-buy-price-rechargeable-disposable-vapes\/","title":{"rendered":"Bang Box 35000 Pust Touch Screen Engros K\u00f8bspris Genopladelige Engangs Vapes"},"content":{"rendered":"<div class=\"B2VR9 CJHX3e\">\n<div class=\"wyccme\">\n<div class=\"flex-shrink-0 flex flex-col relative items-end\">\n<div class=\"pt-0\">\n<div class=\"gizmo-bot-avatar flex h-8 w-8 items-center justify-center overflow-hidden rounded-full\">\n<div class=\"relative p-1 rounded-sm flex items-center justify-center bg-token-main-surface-primary text-token-text-primary h-8 w-8\">\n<div class=\"flex-shrink-0 flex flex-col relative items-end\">\n<div class=\"pt-0\">\n<div class=\"gizmo-bot-avatar flex h-8 w-8 items-center justify-center overflow-hidden rounded-full\">\n<h1 class=\"relative p-1 rounded-sm flex items-center justify-center bg-token-main-surface-primary text-token-text-primary h-8 w-8\">Bang Box 35000 Pust Touch Screen Engros K\u00f8bspris Genopladelige Engangs Vapes<\/h1>\n<\/div>\n<\/div>\n<\/div>\n<\/div>\n<\/div>\n<\/div>\n<\/div>\n<div class=\"group\/conversation-turn relative flex w-full min-w-0 flex-col agent-turn\">\n<div class=\"flex-col gap-1 md:gap-3\">\n<div class=\"flex max-w-full flex-col flex-grow\">\n<div class=\"min-h-8 text-message flex w-full flex-col items-end gap-2 whitespace-normal break-words text-start [.text-message+&amp;]:mt-5\" dir=\"auto\" data-message-author-role=\"assistant\" data-message-id=\"80ece0c4-ead1-4ed9-a9f0-ddc22582b4f4\" data-message-model-slug=\"gpt-4o\">\n<div class=\"flex w-full flex-col gap-1 empty:hidden first:pt-[3px]\">\n<div class=\"markdown prose w-full break-words dark:prose-invert light\">\n<p>&nbsp;<\/p>\n<p>The <strong>Bang Box 35000 Pust<\/strong>, en f\u00f8rsteklasses genopladelig engangs-vape designet til dem, der kr\u00e6ver smag, fleksibilitet og bekvemmelighed. Med sin <strong>digitale display<\/strong>, h\u00f8je antal sug og tilpasselige funktioner er denne enhed det ultimative valg for dampere, der s\u00f8ger kvalitet til en overkommelig <strong>engrospris<\/strong>.<\/p>\n<p>Oplev en <strong>massive 35.000 sug<\/strong> pr. enhed, hvilket g\u00f8r BangBox 35k til en af de l\u00e6ngstvarende engangs-vapes p\u00e5 markedet. Sig farvel til konstante udskiftninger og goddag til forl\u00e6nget damp-tilfredshed! Den <strong>LED-touchscreen-gr\u00e6nseflade<\/strong> giver dig kontrollen. Overv\u00e5g <strong>batterilevetid<\/strong>, <strong>e-v\u00e6ske niveauer<\/strong>, og juster din <strong>luftstr\u00f8m<\/strong> og <strong>str\u00f8mtilstande<\/strong> med lethed. Nyd problemfri dampning med teknologi lige ved h\u00e5nden.<\/p>\n<p>Takket v\u00e6re <strong>dobbelt mesh coil teknologi<\/strong>, leverer hvert sug enest\u00e5ende smag og tyk damp. BangBox 35000 Parret med 35 ml e-v\u00e6ske tanken giver denne vape en ensartet og smagfuld ydeevne uden hyppige genopfyldninger. Udstyret med et <strong>700mAh genopladeligt batteri<\/strong> og en <strong>Type-C ladeport<\/strong>, sikrer Bang Vape 35k hurtig og effektiv genopladning. Hold dig opladet hele dagen, uanset om du er hjemme eller p\u00e5 farten.<\/p>\n<p>Bang Box 35000 sug tilbyder <strong>tre justerbare luftstr\u00f8msindstillinger<\/strong>, hvilket giver dig kontrol over dit sug. Uanset om du foretr\u00e6kker et strammere eller mere \u00e5bent sug, tilpasser denne enhed sig til din stil med blot et klik p\u00e5 touchsk\u00e6rmen. <span style=\"font-size: 16px\">Vejer kun <\/span><strong style=\"font-size: 16px\">105,5g<\/strong><span style=\"font-size: 16px\">er Bang Box let og nem at b\u00e6re. Perfekt til grossister, da <\/span><strong style=\"font-size: 16px\">mulighederne for bulkpakning<\/strong><span style=\"font-size: 16px\"> g\u00f8r dette til et fremragende valg for <\/span><strong style=\"font-size: 16px\">bulkordre<\/strong><span style=\"font-size: 16px\"> til uovertrufne priser.<\/span><\/p>\n<\/div>\n<\/div>\n<\/div>\n<\/div>\n<\/div>\n<\/div>\n<div class=\"flex-shrink-0 flex flex-col relative items-end\">\n<div class=\"pt-0\">\n<div class=\"gizmo-bot-avatar flex h-8 w-8 items-center justify-center overflow-hidden rounded-full\">\n<p>&nbsp;<\/p>\n<\/div>\n<\/div>\n<\/div>\n<\/div>\n<\/div>\n<p><strong>Kontakt Amy for at f\u00e5 det rigtige svar og en vape-kupon!<\/strong><\/p>\n<p><img loading=\"lazy\" decoding=\"async\" class=\"size-full wp-image-1978\" src=\"https:\/\/rmvapesale.com\/wp-content\/uploads\/2024\/09\/Disposable-Vape-Wholesale.jpg\" alt=\"Engrospriser p\u00e5 engangsvape\" width=\"229\" height=\"300\" \/><\/p>\n<h3><a href=\"https:\/\/wa.me\/8617776015835\" target=\"_blank\" rel=\"noopener\"><span style=\"color: #ff0000\"><strong>WhatsApp: +86 17776015835<\/strong><\/span><\/a><\/h3>\n<p>&nbsp;<\/p>\n<h2><strong style=\"font-size: 1.7em\">Bang Box 35000 N\u00f8glefunktioner<\/strong><\/h2>\n<h3><\/h3>\n<ul>\n<li><strong>Antal sug<\/strong>: Op til 35.000 for forl\u00e6nget brug<\/li>\n<li><strong>Digitalt display<\/strong>: Realtidsoverv\u00e5gning af batteri og e-v\u00e6ske<\/li>\n<li><strong>E-v\u00e6ske kapacitet<\/strong>: Stor 35 ml forudfyldt tank<\/li>\n<li><strong>Coil System<\/strong>: Dobbelt mesh coil for forbedret smag og damp<\/li>\n<li><strong>Batteri<\/strong>: 700mAh genopladeligt med Type-C opladning<\/li>\n<li><strong>Luftstr\u00f8m<\/strong>: Tre tilpasselige tilstande for en personlig oplevelse<\/li>\n<li><strong>Touchsk\u00e6rm<\/strong>: Intuitiv kontrol til luftstr\u00f8m og str\u00f8mtilstande<\/li>\n<li><strong>B\u00e6rbarhed<\/strong>: Letv\u00e6gtsdesign til vaping p\u00e5 farten<\/li>\n<li><strong>Klar til Engroshandel<\/strong>: Muligheder for bulk-k\u00f8b for omkostningseffektiv genforsyning&nbsp;\n<p><img loading=\"lazy\" decoding=\"async\" class=\"wp-image-2940 size-full\" src=\"https:\/\/rmvapesale.com\/wp-content\/uploads\/2025\/01\/Bang-Vape-Disposable-Vapes-35000-Bulk-Buy.webp\" alt=\"Bang Vape Engangs Vapes 35000 Bulk K\u00f8b\" width=\"800\" height=\"496\" srcset=\"https:\/\/rmvapesale.com\/wp-content\/uploads\/2025\/01\/Bang-Vape-Disposable-Vapes-35000-Bulk-Buy.webp 800w, https:\/\/rmvapesale.com\/wp-content\/uploads\/2025\/01\/Bang-Vape-Disposable-Vapes-35000-Bulk-Buy-300x186.webp 300w, https:\/\/rmvapesale.com\/wp-content\/uploads\/2025\/01\/Bang-Vape-Disposable-Vapes-35000-Bulk-Buy-768x476.webp 768w, https:\/\/rmvapesale.com\/wp-content\/uploads\/2025\/01\/Bang-Vape-Disposable-Vapes-35000-Bulk-Buy-600x372.webp 600w\" sizes=\"auto, (max-width: 800px) 100vw, 800px\" \/><\/li>\n<\/ul>\n<h2><strong style=\"font-size: 1.7em\">Top s\u00e6lgende smag til Bang Box 35k<\/strong><\/h2>\n<p>Denne Bang Box 35000 Puffs Touch Screen Genopladelig Engangs Vape er tilg\u00e6ngelig i <strong>12 sp\u00e6ndende smagsvarianter<\/strong>, og tilbyder en r\u00e6kke muligheder for at im\u00f8dekomme forskellige smagspr\u00e6ferencer. Hvad er den bedste smag til BangBOX 35K? Find den bedst s\u00e6lgende smag til denne genopladelige engangs vape if\u00f8lge vores salgsdata og kundefeedback.<\/p>\n<p>1.JORDB\u00c6R KIWI<br \/>\n2.BLUE RAZZ ICE <span style=\"color: #ff0000\"><strong>&gt;&gt;&gt;&gt; Hot!<\/strong><\/span><br \/>\n3.JORDB\u00c6R VANDMELON<span style=\"color: #ff0000\"><strong>&gt;&gt;&gt;&gt; Hot!<\/strong><\/span><br \/>\n4. PASSIONSFRUGT<br \/>\n5. CITRON COLA SODA<br \/>\n6. VANDMELON IS<br \/>\n7. VANDMELON TYGGEGUMMI<br \/>\n8. KIWI PASSIONSFRUGT GUAVA<br \/>\n9. BL\u00c5B\u00c6R IS <strong> <span style=\"color: #ff0000\">&gt;&gt;&gt;&gt; Bedst!<\/span><\/strong><br \/>\n10. VANDMELON KIRS<br \/>\n11. RED BULL <span style=\"color: #ff0000\"><strong>&gt;&gt;&gt;&gt; Hot!<\/strong><\/span><br \/>\n12. MYNTE GRAPEFRUGT <span style=\"color: #ff0000\"><strong>&gt;&gt;&gt;&gt; Hot!<\/strong><\/span><\/p>\n<h3><\/h3>\n<h4><strong>Hvorfor v\u00e6lge Rmvapesale til Bang Box 35000 Pust\u00a0 <\/strong><strong>V<\/strong><strong>Vape Engros<\/strong><strong>?<\/strong><\/h4>\n<div class=\"flex-shrink-0 flex flex-col relative items-end\">\n<div class=\"pt-0\">\n<div class=\"gizmo-bot-avatar flex h-8 w-8 items-center justify-center overflow-hidden rounded-full\">\n<div class=\"relative p-1 rounded-sm flex items-center justify-center bg-token-main-surface-primary text-token-text-primary h-8 w-8\">\n<p>Velkommen til Rmvapesale, din betroede vapebutik for f\u00f8rsteklasses engangsvapes. Med mere end 5 \u00e5rs ekspertise bringer vi dig popul\u00e6re engangs-vape-m\u00e6rker som Al Fakher, Vapme Vape, <a href=\"https:\/\/rmvapesale.com\/da\/product-category\/bang-vapes\/\">Bang Vape<\/a>, Waspe, WGA Vape og<a href=\"https:\/\/rmvapesale.com\/da\/product-category\/randm-fumot-vape\/\"> RandM Vape<\/a>.<\/p>\n<p>Vores sortiment omfatter popul\u00e6re engangs-vapes som f.eks. <a href=\"https:\/\/rmvapesale.com\/da\/product\/randm-tornado-15000-puffs-vape-wholesale\/\">RandM Tornado 15000<\/a> og smagsrige valg som <a href=\"https:\/\/rmvapesale.com\/da\/product\/bood-twins-46000-puff-digital-disposable-vape-bulk-buy-wholesale-price\/\">Bood Twins 46000<\/a>. Hvert produkt er udvalgt med fokus p\u00e5 kvalitet, v\u00e6rdi og variation, hvilket sikrer, at du finder det perfekte match til dine behov. Opdag enest\u00e5ende service og et bredt udvalg af topprodukter hos Rmvapesale.<\/p>\n<p>&nbsp;<\/p>\n<h3><b style=\"font-size: 1.5em;font-style: inherit\">Ofte stillede sp\u00f8rgsm\u00e5l om Bang Box 35000 <\/b><b style=\"font-size: 1.5em;font-style: inherit\">Genopladelig engangsvape<\/b><\/h3>\n<\/div>\n<h3><\/h3>\n<p><strong>1. Hvor mange sug giver Bang Box 35000?<\/strong><\/p>\n<p>Bang Box tilbyder op til <strong>35.000 pust<\/strong>, hvilket g\u00f8r den ideel til langvarig brug uden hyppige udskiftninger.<\/p>\n<p><strong>2. Kan jeg genoplade Bang Box 35000?<\/strong><\/p>\n<p>Ja, den har en <strong>700mAh genopladeligt batteri<\/strong> med en <strong>Type-C port<\/strong> for hurtig og bekvem opladning.<\/p>\n<p><strong>3. Hvad er fordelen ved det digitale display?<\/strong><\/p>\n<p>The <strong>LED-touchscreen display<\/strong> giver dig mulighed for at overv\u00e5ge batterilevetid, e-v\u00e6skeniveauer og justere luftstr\u00f8m og str\u00f8mtilstande uden besv\u00e6r.<\/p>\n<p><strong>4. Kan jeg tilpasse luftstr\u00f8mmen?<\/strong><\/p>\n<p>Absolut! Bang Box leveres med <strong>tre justerbare luftstr\u00f8msindstillinger<\/strong>, hvilket giver dig kontrol over din vaping-oplevelse.<\/p>\n<p><strong>5. Hvor kan jeg k\u00f8be Bang Box 35000 til engrospriser?<\/strong><\/p>\n<p>Du kan finde <strong>Bang Box 35000 Pust<\/strong> til konkurrencedygtige <strong>engrospriser<\/strong> on <a href=\"https:\/\/rmvapesale.com\/da\/\" target=\"_new\" rel=\"noopener\">Rmvapesale online vape shop<\/a>. Shop nu for de bedste tilbud!<\/p>\n<p><img loading=\"lazy\" decoding=\"async\" class=\"wp-image-2941 size-full\" src=\"https:\/\/rmvapesale.com\/wp-content\/uploads\/2025\/01\/Bang-Vape-Screen-Disposable-Vape-35000-Puffs.webp\" alt=\"Bang Vape Screen Engangs Vape 35000 Pust\" width=\"800\" height=\"558\" srcset=\"https:\/\/rmvapesale.com\/wp-content\/uploads\/2025\/01\/Bang-Vape-Screen-Disposable-Vape-35000-Puffs.webp 800w, https:\/\/rmvapesale.com\/wp-content\/uploads\/2025\/01\/Bang-Vape-Screen-Disposable-Vape-35000-Puffs-300x209.webp 300w, https:\/\/rmvapesale.com\/wp-content\/uploads\/2025\/01\/Bang-Vape-Screen-Disposable-Vape-35000-Puffs-768x536.webp 768w, https:\/\/rmvapesale.com\/wp-content\/uploads\/2025\/01\/Bang-Vape-Screen-Disposable-Vape-35000-Puffs-600x419.webp 600w\" sizes=\"auto, (max-width: 800px) 100vw, 800px\" \/><\/p>\n<\/div>\n<\/div>\n<\/div>\n<h3>Om forsendelse<\/h3>\n<div class=\"flex-shrink-0 flex flex-col relative items-end\">\n<div>\n<div class=\"pt-0\">\n<div class=\"gizmo-bot-avatar flex h-8 w-8 items-center justify-center overflow-hidden rounded-full\">\n<div><\/div>\n<div class=\"relative p-1 rounded-sm flex items-center justify-center bg-token-main-surface-primary text-token-text-primary h-8 w-8\"><strong>1. Hvilke forsendelsesmetoder bruges?<\/strong><\/div>\n<\/div>\n<\/div>\n<\/div>\n<\/div>\n<div class=\"group\/conversation-turn relative flex w-full min-w-0 flex-col agent-turn\">\n<div class=\"flex-col gap-1 md:gap-3\">\n<div class=\"flex max-w-full flex-col flex-grow\">\n<div class=\"min-h-[20px] text-message flex w-full flex-col items-end gap-2 whitespace-normal break-words [.text-message+&amp;]:mt-5 overflow-x-auto\" dir=\"auto\" data-message-author-role=\"assistant\" data-message-id=\"22f8283b-3233-46ff-89a5-c7a41b33abda\">\n<div class=\"flex w-full flex-col gap-1 empty:hidden first:pt-[3px]\">\n<div class=\"markdown prose w-full break-words dark:prose-invert light\">\n<p>Vi samarbejder med UPS, DHL, FedEx, DPD og andre f\u00f8rende transport\u00f8rer. Vi vil v\u00e6lge den bedste forsendelsesmetode baseret p\u00e5 din leveringsplacering for at sikre, at du modtager dine produkter s\u00e5 hurtigt som muligt.<\/p>\n<\/div>\n<p><strong>2. Hvor lang tid tager det at ankomme?<\/strong><\/p>\n<p>Pakker sendt til Danmark ankommer normalt inden for 10 arbejdsdage. Forsendelse til europ\u00e6iske lande tager generelt omkring 12-15 arbejdsdage. Vi vil give opdateringer i realtid om din forsendelsesstatus.<\/p>\n<\/div>\n<\/div>\n<\/div>\n<\/div>\n<\/div>\n<p><strong><span style=\"color: #ff0000\">Andre Hot Sale Smart Engangs Vapes: <a href=\"https:\/\/rmvapesale.com\/da\/product\/vopk-ultra-40000-puffs-double-taste-digital-screen-spaceman-disposable-vape-wholesale\/\">VOPK 40000 40K Pust<\/a>, <a href=\"https:\/\/rmvapesale.com\/da\/product\/bang-vape-36000-puffs-rechargeable-disposable-vape-wholesale-price\/\">Bang Vape 36k,\u00a0<\/a><\/span><\/strong><\/p>\n<p>&nbsp;<\/p>\n<p>Find flere Vape-produkter, du m\u00e5ske kan lide:<strong><em><a href=\"https:\/\/rmvapesale.com\/da\/shop-2\/\">k\u00f8b nu &gt;&gt;&gt;<\/a><\/em><\/strong><\/p>","protected":false},"excerpt":{"rendered":"<p>Ny Bang box 35k 35000 Puffs Touch Control To Str\u00f8mtilstand<br \/>\nBang Box 35000 Puffs Touch Control Engangs Vape Engros<br \/>\nBang box 35k Puffs Touch Control Vape Bulk K\u00f8b Billig Pris<\/p>\n<p><strong>Kontakt Amy for at f\u00e5 det rigtige svar og en vape-kupon!<\/strong><\/p>\n<p><img loading=\"lazy\" decoding=\"async\" class=\"size-full wp-image-2375\" src=\"https:\/\/rmvapesale.com\/wp-content\/uploads\/2024\/10\/image.png\" alt=\"Bedste Engangs Vape\" width=\"229\" height=\"300\" \/><\/p>\n<h3><a href=\"https:\/\/wa.me\/8617776015835\"><span style=\"color: #ff0000\"><strong>WhatsApp: +86 17776015835<\/strong><\/span><\/a><\/h3>\n<p>&nbsp;<\/p>","protected":false},"featured_media":2934,"comment_status":"open","ping_status":"closed","template":"","meta":{"_uag_custom_page_level_css":"","_lmt_disableupdate":"no","_lmt_disable":"","site-sidebar-layout":"default","site-content-layout":"content-boxed-container","ast-site-content-layout":"normal-width-container","site-content-style":"boxed","site-sidebar-style":"unboxed","ast-global-header-display":"","ast-banner-title-visibility":"","ast-main-header-display":"","ast-hfb-above-header-display":"","ast-hfb-below-header-display":"","ast-hfb-mobile-header-display":"","site-post-title":"","ast-breadcrumbs-content":"","ast-featured-img":"","footer-sml-layout":"","theme-transparent-header-meta":"default","adv-header-id-meta":"","stick-header-meta":"","header-above-stick-meta":"","header-main-stick-meta":"","header-below-stick-meta":"","astra-migrate-meta-layouts":"set","ast-page-background-enabled":"default","ast-page-background-meta":{"desktop":{"background-color":"var(--ast-global-color-4)","background-image":"","background-repeat":"repeat","background-position":"center center","background-size":"auto","background-attachment":"scroll","background-type":"","background-media":"","overlay-type":"","overlay-color":"","overlay-opacity":"","overlay-gradient":""},"tablet":{"background-color":"","background-image":"","background-repeat":"repeat","background-position":"center center","background-size":"auto","background-attachment":"scroll","background-type":"","background-media":"","overlay-type":"","overlay-color":"","overlay-opacity":"","overlay-gradient":""},"mobile":{"background-color":"","background-image":"","background-repeat":"repeat","background-position":"center center","background-size":"auto","background-attachment":"scroll","background-type":"","background-media":"","overlay-type":"","overlay-color":"","overlay-opacity":"","overlay-gradient":""}},"ast-content-background-meta":{"desktop":{"background-color":"var(--ast-global-color-5)","background-image":"","background-repeat":"repeat","background-position":"center center","background-size":"auto","background-attachment":"scroll","background-type":"","background-media":"","overlay-type":"","overlay-color":"","overlay-opacity":"","overlay-gradient":""},"tablet":{"background-color":"var(--ast-global-color-5)","background-image":"","background-repeat":"repeat","background-position":"center center","background-size":"auto","background-attachment":"scroll","background-type":"","background-media":"","overlay-type":"","overlay-color":"","overlay-opacity":"","overlay-gradient":""},"mobile":{"background-color":"var(--ast-global-color-5)","background-image":"","background-repeat":"repeat","background-position":"center center","background-size":"auto","background-attachment":"scroll","background-type":"","background-media":"","overlay-type":"","overlay-color":"","overlay-opacity":"","overlay-gradient":""}},"_joinchat":[]},"product_brand":[],"product_cat":[15,246,25,123,26,28,135,27,60,137,136,30],"product_tag":[267,199,146,131,40,111,266],"class_list":{"0":"post-2913","1":"product","2":"type-product","3":"status-publish","4":"has-post-thumbnail","6":"product_cat-new-vape-this-week","7":"product_cat-35000-puffs-disposable-vape","8":"product_cat-germany-best-selling-vape","9":"product_cat-italy-wholesale-vape","10":"product_cat-netherlands-hot-sale-vape","11":"product_cat-poland-hot-sale-vape","12":"product_cat-spain-best-hot-sale-vape","13":"product_cat-fance-hot-sale-vape","14":"product_cat-bang-vapes","15":"product_cat-rechargeable-vapes","16":"product_cat-smart-screen-vapes","17":"product_cat-minimum-order-quantity-50pcs","18":"product_tag-bang-box-35k","19":"product_tag-bang-vape","20":"product_tag-best-hot-sale-vape","21":"product_tag-big-puff-vape","22":"product_tag-hot-sale-vape","23":"product_tag-low-nicotine-disposable-vape","24":"product_tag-touch-screen-rechargeable-disposable-vape","25":"desktop-align-left","26":"tablet-align-left","27":"mobile-align-left","29":"first","30":"instock","31":"sale","32":"shipping-taxable","33":"purchasable","34":"product-type-simple"},"uagb_featured_image_src":{"full":["https:\/\/rmvapesale.com\/wp-content\/uploads\/2025\/01\/Bang-Box-Vape-35000-Puffs-Disposable-Vape-Bulk-Buy.webp",800,800,false],"thumbnail":["https:\/\/rmvapesale.com\/wp-content\/uploads\/2025\/01\/Bang-Box-Vape-35000-Puffs-Disposable-Vape-Bulk-Buy-150x150.webp",150,150,true],"medium":["https:\/\/rmvapesale.com\/wp-content\/uploads\/2025\/01\/Bang-Box-Vape-35000-Puffs-Disposable-Vape-Bulk-Buy-300x300.webp",300,300,true],"medium_large":["https:\/\/rmvapesale.com\/wp-content\/uploads\/2025\/01\/Bang-Box-Vape-35000-Puffs-Disposable-Vape-Bulk-Buy-768x768.webp",768,768,true],"large":["https:\/\/rmvapesale.com\/wp-content\/uploads\/2025\/01\/Bang-Box-Vape-35000-Puffs-Disposable-Vape-Bulk-Buy.webp",800,800,false],"1536x1536":["https:\/\/rmvapesale.com\/wp-content\/uploads\/2025\/01\/Bang-Box-Vape-35000-Puffs-Disposable-Vape-Bulk-Buy.webp",800,800,false],"2048x2048":["https:\/\/rmvapesale.com\/wp-content\/uploads\/2025\/01\/Bang-Box-Vape-35000-Puffs-Disposable-Vape-Bulk-Buy.webp",800,800,false],"trp-custom-language-flag":["https:\/\/rmvapesale.com\/wp-content\/uploads\/2025\/01\/Bang-Box-Vape-35000-Puffs-Disposable-Vape-Bulk-Buy.webp",12,12,false],"woocommerce_thumbnail":["https:\/\/rmvapesale.com\/wp-content\/uploads\/2025\/01\/Bang-Box-Vape-35000-Puffs-Disposable-Vape-Bulk-Buy-300x300.webp",300,300,true],"woocommerce_single":["https:\/\/rmvapesale.com\/wp-content\/uploads\/2025\/01\/Bang-Box-Vape-35000-Puffs-Disposable-Vape-Bulk-Buy-600x600.webp",600,600,true],"woocommerce_gallery_thumbnail":["https:\/\/rmvapesale.com\/wp-content\/uploads\/2025\/01\/Bang-Box-Vape-35000-Puffs-Disposable-Vape-Bulk-Buy-100x100.webp",100,100,true],"wcpr-photo-reviews":["https:\/\/rmvapesale.com\/wp-content\/uploads\/2025\/01\/Bang-Box-Vape-35000-Puffs-Disposable-Vape-Bulk-Buy.webp",500,500,false]},"uagb_author_info":{"display_name":"AMY","author_link":"https:\/\/rmvapesale.com\/da\/author\/"},"uagb_comment_info":0,"uagb_excerpt":"New Bang box 35k 35000 Puffs Touch Control Two Power Mode Bang Box 35000 Puffs Touch Control Disposable Vape Wholesale Bang box 35k Puffs Touch Control Vape Bulk Buy Cheap Price Contact Amy to get right reply and vape coupon! WhatsApp: +86 17776015835 &nbsp;","_links":{"self":[{"href":"https:\/\/rmvapesale.com\/da\/wp-json\/wp\/v2\/product\/2913","targetHints":{"allow":["GET"]}}],"collection":[{"href":"https:\/\/rmvapesale.com\/da\/wp-json\/wp\/v2\/product"}],"about":[{"href":"https:\/\/rmvapesale.com\/da\/wp-json\/wp\/v2\/types\/product"}],"replies":[{"embeddable":true,"href":"https:\/\/rmvapesale.com\/da\/wp-json\/wp\/v2\/comments?post=2913"}],"wp:featuredmedia":[{"embeddable":true,"href":"https:\/\/rmvapesale.com\/da\/wp-json\/wp\/v2\/media\/2934"}],"wp:attachment":[{"href":"https:\/\/rmvapesale.com\/da\/wp-json\/wp\/v2\/media?parent=2913"}],"wp:term":[{"taxonomy":"product_brand","embeddable":true,"href":"https:\/\/rmvapesale.com\/da\/wp-json\/wp\/v2\/product_brand?post=2913"},{"taxonomy":"product_cat","embeddable":true,"href":"https:\/\/rmvapesale.com\/da\/wp-json\/wp\/v2\/product_cat?post=2913"},{"taxonomy":"product_tag","embeddable":true,"href":"https:\/\/rmvapesale.com\/da\/wp-json\/wp\/v2\/product_tag?post=2913"}],"curies":[{"name":"wp","href":"https:\/\/api.w.org\/{rel}","templated":true}]}}