{"id":2955,"date":"2025-01-13T06:29:57","date_gmt":"2025-01-13T06:29:57","guid":{"rendered":"https:\/\/rmvapesale.com\/?post_type=product&#038;p=2955"},"modified":"2025-01-13T07:21:49","modified_gmt":"2025-01-13T07:21:49","slug":"bangking-35000-puffs-double-flavour-disposable-vape-wholesale-cheap-price","status":"publish","type":"product","link":"https:\/\/rmvapesale.com\/da\/product\/bangking-35000-puffs-double-flavour-disposable-vape-wholesale-cheap-price\/","title":{"rendered":"Bangking 35000 Pust Dobbeltsmag Engangs Vape Engros Billig Pris"},"content":{"rendered":"<div class=\"B2VR9 CJHX3e\">\n<div class=\"wyccme\">\n<div class=\"flex-shrink-0 flex flex-col relative items-end\">\n<div class=\"pt-0\">\n<div class=\"gizmo-bot-avatar flex h-8 w-8 items-center justify-center overflow-hidden rounded-full\">\n<div class=\"relative p-1 rounded-sm flex items-center justify-center bg-token-main-surface-primary text-token-text-primary h-8 w-8\">\n<div class=\"flex-shrink-0 flex flex-col relative items-end\">\n<div class=\"pt-0\">\n<div class=\"gizmo-bot-avatar flex h-8 w-8 items-center justify-center overflow-hidden rounded-full\">\n<h1 class=\"relative p-1 rounded-sm flex items-center justify-center bg-token-main-surface-primary text-token-text-primary h-8 w-8\">Bangking 35000 Pust Dobbeltsmag Engangs Vape Engros Billig Pris<\/h1>\n<\/div>\n<\/div>\n<\/div>\n<\/div>\n<\/div>\n<\/div>\n<\/div>\n<div class=\"group\/conversation-turn relative flex w-full min-w-0 flex-col agent-turn\">\n<div class=\"flex-col gap-1 md:gap-3\">\n<div class=\"flex max-w-full flex-col flex-grow\">\n<div class=\"min-h-8 text-message flex w-full flex-col items-end gap-2 whitespace-normal break-words text-start [.text-message+&amp;]:mt-5\" dir=\"auto\" data-message-author-role=\"assistant\" data-message-id=\"80ece0c4-ead1-4ed9-a9f0-ddc22582b4f4\" data-message-model-slug=\"gpt-4o\">\n<p>Leder du efter en vape, der kan f\u00f8lge med din livsstil? Sig goddag til <strong>Bangking 35000 Puffs Dobbeltsmag Engangs Vape<\/strong>\u2014en game-changer i verdenen af engangs vapes! Denne enhed er her for at give dig <strong>massive puffs<\/strong>, <strong>to utrolige smage i \u00e9n<\/strong>, og <strong>justerbare nikotinniveauer<\/strong>. Alt sammen til en pris, der ikke spr\u00e6nger banken!<\/p>\n<h2><strong>Hvorfor v\u00e6lge Bangking 35000 Puffs?<\/strong><\/h2>\n<ul>\n<li><strong>Dobbelt s\u00e5 meget smag, dobbelt s\u00e5 meget sjov<\/strong><br \/>\nEr du tr\u00e6t af kun at holde dig til \u00e9n smag? Med <strong>2-i-1 smagsteknologi<\/strong>kan du skifte mellem to l\u00e6kre muligheder i \u00e9n enhed. Det er som at have to vapes i lommen!<\/li>\n<li><strong>Uovertruffen antal puffs<\/strong><br \/>\nMed <strong>35.000 pust<\/strong>er denne vape bygget til at holde. Det er ikke bare mange puffs\u2014det er en masse v\u00e6rdi!<\/li>\n<li><strong>Genopladelig bekvemmelighed<\/strong><br \/>\nEt indbygget <strong>650mAh batteri<\/strong> og <strong>Type-C ladeport<\/strong> betyder, at du aldrig vil blive efterladt p\u00e5 bar bund. Oplad den hurtigt og forts\u00e6t med at vape!<\/li>\n<li><strong>Nikotin p\u00e5 din m\u00e5de<\/strong><br \/>\nUanset om du foretr\u00e6kker den st\u00e6rk eller en lettere ber\u00f8ring, tilbyder Bangking <strong>0%, 2% og 5% nikotinmuligheder<\/strong>. Det handler om dit valg.<\/li>\n<li><strong>Smagsvarianter der Popper<\/strong><br \/>\nFra frugtagtige fusioner til forfriskende mintagtige eksplosioner, er der <strong>12 fantastiske smagsvarianter<\/strong> at udforske. Ingen kedelige muligheder her!<\/li>\n<\/ul>\n<\/div>\n<\/div>\n<\/div>\n<\/div>\n<div class=\"flex-shrink-0 flex flex-col relative items-end\">\n<div class=\"pt-0\">\n<div class=\"gizmo-bot-avatar flex h-8 w-8 items-center justify-center overflow-hidden rounded-full\">\n<p>&nbsp;<\/p>\n<\/div>\n<\/div>\n<\/div>\n<\/div>\n<\/div>\n<p><strong>Kontakt Amy for at f\u00e5 det rigtige svar og en vape-kupon!<\/strong><\/p>\n<p><img loading=\"lazy\" decoding=\"async\" class=\"size-full wp-image-1978\" src=\"https:\/\/rmvapesale.com\/wp-content\/uploads\/2024\/09\/Disposable-Vape-Wholesale.jpg\" alt=\"Engrospriser p\u00e5 engangsvape\" width=\"229\" height=\"300\" \/><\/p>\n<h3><a href=\"https:\/\/wa.me\/8617776015835\" target=\"_blank\" rel=\"noopener\"><span style=\"color: #ff0000\"><strong>WhatsApp: +86 17776015835<\/strong><\/span><\/a><\/h3>\n<p>&nbsp;<\/p>\n<h3><strong style=\"font-size: 1.7em\">Bangking 35000 Pust N\u00f8gleproduktfunktioner<\/strong><\/h3>\n<ul>\n<li><strong>2-i-1 Smagsdesign:<\/strong> Nyd dobbelte smagsvarianter i \u00e9n enhed.<\/li>\n<li><strong>35.000 Pust:<\/strong> Vapes der holder og holder!<\/li>\n<li><strong>Brugerdefinerede Nikotinniveauer:<\/strong> V\u00e6lg mellem 0%, 2% eller 5%.<\/li>\n<li><strong>Genopladeligt batteri:<\/strong> Type-C opladning for ultimativ bekvemmelighed.<\/li>\n<li><strong>Overkommelig Engrospris:<\/strong> Fantastisk til personlig brug eller bulk-k\u00f8b.<\/li>\n<\/ul>\n<h3><strong style=\"font-size: 1.7em\">Tops\u00e6lgende Smagsvariant for Bangking 35000 Pust<\/strong><strong style=\"font-size: 1.7em\">\u00a0Vape<\/strong><\/h3>\n<p>The <strong>Bangking 35000 Pust Dobbelt Smag Disponibel Vape<\/strong> tilbyder et dristigt og sp\u00e6ndende udvalg af smagskombinationer, der lader dig nyde to utrolige smagsoplevelser i \u00e9n enhed. Fra frugtagtige favoritter til iskolde blandinger, er der noget for enhver smag! <strong>Hvad g\u00f8r disse smagsvarianter specielle? <\/strong><strong>Dobbelt s\u00e5 sjovt<\/strong>: Nyd to forskellige smagsvarianter i en enkelt enhed. <strong>Popul\u00e6re og bedst s\u00e6lgende smagsvarianter<\/strong>: Kombinationer som <strong>Cherry Bomb + Grape Ice<\/strong> og <strong>Red Bull + Peach Berry<\/strong> er fanfavoritter af en grund!<\/p>\n<p>1.Blue Razz Ice +Juicy Peach Ice<br \/>\n2.Strawberry Watermelon +Watermelon Ice <span style=\"color: #ff0000\"><strong>&gt;&gt;&gt;&gt; Hot!<\/strong><\/span><br \/>\n3. Jordb\u00e6r Banan + Dobbelt \u00c6ble<br \/>\n4. Triple B\u00e6r Is + Tropisk Frugt<br \/>\n5. Kirseb\u00e6rbombe + Drue Is<span style=\"color: #ff0000\"><strong>&gt;&gt;&gt;&gt; Hot!<\/strong><\/span><br \/>\n6. Fersken Mango + Jordb\u00e6r Mango<br \/>\n7. Mango Lime + K\u00f8lig Mynte<br \/>\n8. Kirseb\u00e6r Pop + Mr. Blue<br \/>\n9. Sort Drage Is + Jordb\u00e6r Kiwi<br \/>\n10. Red Bull + Fersken B\u00e6r <span style=\"color: #ff0000\"><strong>&gt;&gt;&gt;&gt; Bedst!<\/strong><\/span><br \/>\n11. Pink Lemon + Mr. Blue<br \/>\n12. Kiwi Passionsfrugt Guava + Bl\u00e5 Kirseb\u00e6r Citron<\/p>\n<p>&nbsp;<\/p>\n<h3><strong>Hvorfor v\u00e6lge Rmvapesale til Bangking 35000 Puffs Puff\u00a0 <\/strong><strong>V<\/strong><strong>Vape Engros<\/strong><strong>?<\/strong><\/h3>\n<div class=\"flex-shrink-0 flex flex-col relative items-end\">\n<div class=\"pt-0\">\n<div class=\"gizmo-bot-avatar flex h-8 w-8 items-center justify-center overflow-hidden rounded-full\">\n<p>Efterh\u00e5nden som konkurrencen p\u00e5 markedet for engangs e-cigaretter intensiveres, har Rmvapesale, en global leder inden for engros engangs vape-l\u00f8sninger, lanceret Bang Box 30000 30k Puffs Double Taste Genopladelig Engangs Vape. Dette banebrydende produkt tiltr\u00e6kker opm\u00e6rksomhed med sit unikke \u00e6stetiske og modedesign. Med et omfattende udvalg af frugtagtige smagsmuligheder henvender det sig til et bredt spektrum af forbrugersmag, samtidig med at det understreger innovation og alsidighed.<\/p>\n<p class=\"relative p-1 rounded-sm flex items-center justify-center bg-token-main-surface-primary text-token-text-primary h-8 w-8\">Rmvapesale er din betroede vape-butik for premium engangs vapes. Med mere end 5 \u00e5rs erfaring bringer vi dig popul\u00e6re engangs vape-m\u00e6rker som Al Fakher, JNR Vape, Vapsolo Vape, Vapme Vape, <a href=\"https:\/\/rmvapesale.com\/da\/product-category\/bang-vapes\/\">Bang Vape<\/a>, Waspe Vape, WGA Vape og<a href=\"https:\/\/rmvapesale.com\/da\/product-category\/randm-fumot-vape\/\"> RandM Vape<\/a>. Vores sortiment omfatter hot sale engangs vape som <a href=\"https:\/\/rmvapesale.com\/da\/product\/aivono-aim-flash-35000-puffs-curved-smart-screen-disposable-vape-wholesale\/\">AIVONO Flash 35000 Pust<\/a> og smagsrige valg som<a href=\"https:\/\/rmvapesale.com\/da\/product\/crystal-vape-uwin-shisha-hookah-20k-20000-puffs-wholesale-best-price\/\"> UWIN Shisha Hoohak 20000<\/a>. Hvert produkt er udvalgt med fokus p\u00e5 kvalitet, v\u00e6rdi og variation, hvilket sikrer, at du finder det perfekte match til dine behov. Opdag enest\u00e5ende service og et bredt udvalg af topprodukter hos Rmvapesale.<\/p>\n<p>&nbsp;<\/p>\n<p class=\"relative p-1 rounded-sm flex items-center justify-center bg-token-main-surface-primary text-token-text-primary h-8 w-8\"><b style=\"font-size: 1.5em;font-style: inherit\">Ofte stillede sp\u00f8rgsm\u00e5l om Bangking 35000 Puffs <\/b><b style=\"font-size: 1.5em;font-style: inherit\">Genopladelig engangsvape<\/b><\/p>\n<ol>\n<li><strong>Kan man tage engangs-vapes med p\u00e5 et fly?<\/strong><br \/>\nJa! Pak din vape i din h\u00e5ndbagage. Bare s\u00f8rg for at tjekke flyselskabets regler.<\/li>\n<li><strong>Hvordan skifter man mellem smagsvarianter?<\/strong><br \/>\nDer er en simpel kontakt p\u00e5 enheden \u2013 vend den, og bum, ny smag!<\/li>\n<li><strong>Hvordan ved man, hvorn\u00e5r Bang King 35000 vape er tom?<\/strong><br \/>\nDu vil bem\u00e6rke mindre damp eller smag. Hvis den ene pod l\u00f8ber t\u00f8r, skift til den anden smag!<\/li>\n<li><strong>Hvordan oplader man Bang king 35K?<\/strong><br \/>\nBrug den medf\u00f8lgende <strong>Type-C kabel<\/strong> til at genoplade det 650mAh batteri. Det er hurtigt og nemt!<\/li>\n<li><strong>Hvor kan man k\u00f8be engangs vapes til billige engrospriser?<\/strong><br \/>\nF\u00e5 dine fra din lokale butik eller bes\u00f8g Rmvapesale<strong>\u00a0online vape shop<\/strong> for de bedste engrospriser.<\/li>\n<li><strong>Hvilke nikotinniveauer er tilg\u00e6ngelige for Bang King 35000 Pust?<\/strong><br \/>\nV\u00e6lg din foretrukne styrke\u2014<strong>0%, 2% eller 5%<\/strong>\u2014n\u00e5r du k\u00f8ber din enhed.<\/li>\n<\/ol>\n<\/div>\n<\/div>\n<\/div>\n<h3>Om forsendelse<\/h3>\n<div class=\"flex-shrink-0 flex flex-col relative items-end\">\n<div>\n<div class=\"pt-0\">\n<div class=\"gizmo-bot-avatar flex h-8 w-8 items-center justify-center overflow-hidden rounded-full\">\n<div><\/div>\n<div class=\"relative p-1 rounded-sm flex items-center justify-center bg-token-main-surface-primary text-token-text-primary h-8 w-8\"><strong>1. Hvilke forsendelsesmetoder bruges?<\/strong><\/div>\n<\/div>\n<\/div>\n<\/div>\n<\/div>\n<div class=\"group\/conversation-turn relative flex w-full min-w-0 flex-col agent-turn\">\n<div class=\"flex-col gap-1 md:gap-3\">\n<div class=\"flex max-w-full flex-col flex-grow\">\n<div class=\"min-h-[20px] text-message flex w-full flex-col items-end gap-2 whitespace-normal break-words [.text-message+&amp;]:mt-5 overflow-x-auto\" dir=\"auto\" data-message-author-role=\"assistant\" data-message-id=\"22f8283b-3233-46ff-89a5-c7a41b33abda\">\n<div class=\"flex w-full flex-col gap-1 empty:hidden first:pt-[3px]\">\n<div class=\"markdown prose w-full break-words dark:prose-invert light\">\n<p>Vi samarbejder med UPS, DHL, FedEx, DPD og andre f\u00f8rende transport\u00f8rer. Vi vil v\u00e6lge den bedste forsendelsesmetode baseret p\u00e5 din leveringsplacering for at sikre, at du modtager dine produkter s\u00e5 hurtigt som muligt.<\/p>\n<\/div>\n<p><strong>2. Hvor lang tid tager det at ankomme?<\/strong><\/p>\n<p>Pakker sendt til Danmark ankommer normalt inden for 10 arbejdsdage. Forsendelse til europ\u00e6iske lande tager generelt omkring 12-15 arbejdsdage. Vi vil give opdateringer i realtid om din forsendelsesstatus.<\/p>\n<\/div>\n<\/div>\n<\/div>\n<\/div>\n<\/div>\n<p>&nbsp;<\/p>\n<p>Find flere Vape-produkter, du m\u00e5ske kan lide:<strong><em><a href=\"https:\/\/rmvapesale.com\/da\/shop-2\/\">k\u00f8b nu &gt;&gt;&gt;<\/a><\/em><\/strong><\/p>","protected":false},"excerpt":{"rendered":"<p>Seneste Bang King 35K Puffs Genopladelig Engangs Vape<br \/>\nBang King 35000 Dobbelt Smag Engangs Vape Stork\u00f8b<br \/>\nBang King 35000 Puffs Smart Sk\u00e6rm Engros Engangs<\/p>\n<p><strong>Kontakt Amy for at f\u00e5 det rigtige svar og en vape-kupon!<\/strong><\/p>\n<p><img loading=\"lazy\" decoding=\"async\" class=\"size-full wp-image-2375\" src=\"https:\/\/rmvapesale.com\/wp-content\/uploads\/2024\/10\/image.png\" alt=\"Bedste Engangs Vape\" width=\"229\" height=\"300\" \/><\/p>\n<h3><a href=\"https:\/\/wa.me\/8617776015835\"><span style=\"color: #ff0000\"><strong>WhatsApp: +86 17776015835<\/strong><\/span><\/a><\/h3>\n<p>&nbsp;<\/p>","protected":false},"featured_media":2952,"comment_status":"open","ping_status":"closed","template":"","meta":{"_uag_custom_page_level_css":"","_lmt_disableupdate":"no","_lmt_disable":"","site-sidebar-layout":"default","site-content-layout":"content-boxed-container","ast-site-content-layout":"normal-width-container","site-content-style":"boxed","site-sidebar-style":"unboxed","ast-global-header-display":"","ast-banner-title-visibility":"","ast-main-header-display":"","ast-hfb-above-header-display":"","ast-hfb-below-header-display":"","ast-hfb-mobile-header-display":"","site-post-title":"","ast-breadcrumbs-content":"","ast-featured-img":"","footer-sml-layout":"","theme-transparent-header-meta":"default","adv-header-id-meta":"","stick-header-meta":"","header-above-stick-meta":"","header-main-stick-meta":"","header-below-stick-meta":"","astra-migrate-meta-layouts":"set","ast-page-background-enabled":"default","ast-page-background-meta":{"desktop":{"background-color":"var(--ast-global-color-4)","background-image":"","background-repeat":"repeat","background-position":"center center","background-size":"auto","background-attachment":"scroll","background-type":"","background-media":"","overlay-type":"","overlay-color":"","overlay-opacity":"","overlay-gradient":""},"tablet":{"background-color":"","background-image":"","background-repeat":"repeat","background-position":"center center","background-size":"auto","background-attachment":"scroll","background-type":"","background-media":"","overlay-type":"","overlay-color":"","overlay-opacity":"","overlay-gradient":""},"mobile":{"background-color":"","background-image":"","background-repeat":"repeat","background-position":"center center","background-size":"auto","background-attachment":"scroll","background-type":"","background-media":"","overlay-type":"","overlay-color":"","overlay-opacity":"","overlay-gradient":""}},"ast-content-background-meta":{"desktop":{"background-color":"var(--ast-global-color-5)","background-image":"","background-repeat":"repeat","background-position":"center center","background-size":"auto","background-attachment":"scroll","background-type":"","background-media":"","overlay-type":"","overlay-color":"","overlay-opacity":"","overlay-gradient":""},"tablet":{"background-color":"var(--ast-global-color-5)","background-image":"","background-repeat":"repeat","background-position":"center center","background-size":"auto","background-attachment":"scroll","background-type":"","background-media":"","overlay-type":"","overlay-color":"","overlay-opacity":"","overlay-gradient":""},"mobile":{"background-color":"var(--ast-global-color-5)","background-image":"","background-repeat":"repeat","background-position":"center center","background-size":"auto","background-attachment":"scroll","background-type":"","background-media":"","overlay-type":"","overlay-color":"","overlay-opacity":"","overlay-gradient":""}},"_joinchat":[]},"product_brand":[],"product_cat":[15,246,25,123,26,28,135,27,60,137,136,30],"product_tag":[199,270,146,222,64,40,111],"class_list":{"0":"post-2955","1":"product","2":"type-product","3":"status-publish","4":"has-post-thumbnail","6":"product_cat-new-vape-this-week","7":"product_cat-35000-puffs-disposable-vape","8":"product_cat-germany-best-selling-vape","9":"product_cat-italy-wholesale-vape","10":"product_cat-netherlands-hot-sale-vape","11":"product_cat-poland-hot-sale-vape","12":"product_cat-spain-best-hot-sale-vape","13":"product_cat-fance-hot-sale-vape","14":"product_cat-bang-vapes","15":"product_cat-rechargeable-vapes","16":"product_cat-smart-screen-vapes","17":"product_cat-minimum-order-quantity-50pcs","18":"product_tag-bang-vape","19":"product_tag-bangking-35000-puffs","20":"product_tag-best-hot-sale-vape","21":"product_tag-double-flavor-vape","22":"product_tag-dual-flavour-vape","23":"product_tag-hot-sale-vape","24":"product_tag-low-nicotine-disposable-vape","25":"desktop-align-left","26":"tablet-align-left","27":"mobile-align-left","29":"first","30":"instock","31":"sale","32":"shipping-taxable","33":"purchasable","34":"product-type-simple"},"uagb_featured_image_src":{"full":["https:\/\/rmvapesale.com\/wp-content\/uploads\/2025\/01\/Bang-Swich-Duo-Disposable-Vape-36000.webp",800,800,false],"thumbnail":["https:\/\/rmvapesale.com\/wp-content\/uploads\/2025\/01\/Bang-Swich-Duo-Disposable-Vape-36000-150x150.webp",150,150,true],"medium":["https:\/\/rmvapesale.com\/wp-content\/uploads\/2025\/01\/Bang-Swich-Duo-Disposable-Vape-36000-300x300.webp",300,300,true],"medium_large":["https:\/\/rmvapesale.com\/wp-content\/uploads\/2025\/01\/Bang-Swich-Duo-Disposable-Vape-36000-768x768.webp",768,768,true],"large":["https:\/\/rmvapesale.com\/wp-content\/uploads\/2025\/01\/Bang-Swich-Duo-Disposable-Vape-36000.webp",800,800,false],"1536x1536":["https:\/\/rmvapesale.com\/wp-content\/uploads\/2025\/01\/Bang-Swich-Duo-Disposable-Vape-36000.webp",800,800,false],"2048x2048":["https:\/\/rmvapesale.com\/wp-content\/uploads\/2025\/01\/Bang-Swich-Duo-Disposable-Vape-36000.webp",800,800,false],"trp-custom-language-flag":["https:\/\/rmvapesale.com\/wp-content\/uploads\/2025\/01\/Bang-Swich-Duo-Disposable-Vape-36000.webp",12,12,false],"woocommerce_thumbnail":["https:\/\/rmvapesale.com\/wp-content\/uploads\/2025\/01\/Bang-Swich-Duo-Disposable-Vape-36000-300x300.webp",300,300,true],"woocommerce_single":["https:\/\/rmvapesale.com\/wp-content\/uploads\/2025\/01\/Bang-Swich-Duo-Disposable-Vape-36000-600x600.webp",600,600,true],"woocommerce_gallery_thumbnail":["https:\/\/rmvapesale.com\/wp-content\/uploads\/2025\/01\/Bang-Swich-Duo-Disposable-Vape-36000-100x100.webp",100,100,true],"wcpr-photo-reviews":["https:\/\/rmvapesale.com\/wp-content\/uploads\/2025\/01\/Bang-Swich-Duo-Disposable-Vape-36000.webp",500,500,false]},"uagb_author_info":{"display_name":"AMY","author_link":"https:\/\/rmvapesale.com\/da\/author\/"},"uagb_comment_info":0,"uagb_excerpt":"Latest Bang King 35K Puff Rechargeable Disposable Vape Bang King 35000 Dual Flavors Disposable Vape Bulk Buy Bang King 35000 Puffs Smart Screen Wholesale Disposable Contact Amy to get right reply and vape coupon! WhatsApp: +86 17776015835 &nbsp;","_links":{"self":[{"href":"https:\/\/rmvapesale.com\/da\/wp-json\/wp\/v2\/product\/2955","targetHints":{"allow":["GET"]}}],"collection":[{"href":"https:\/\/rmvapesale.com\/da\/wp-json\/wp\/v2\/product"}],"about":[{"href":"https:\/\/rmvapesale.com\/da\/wp-json\/wp\/v2\/types\/product"}],"replies":[{"embeddable":true,"href":"https:\/\/rmvapesale.com\/da\/wp-json\/wp\/v2\/comments?post=2955"}],"wp:featuredmedia":[{"embeddable":true,"href":"https:\/\/rmvapesale.com\/da\/wp-json\/wp\/v2\/media\/2952"}],"wp:attachment":[{"href":"https:\/\/rmvapesale.com\/da\/wp-json\/wp\/v2\/media?parent=2955"}],"wp:term":[{"taxonomy":"product_brand","embeddable":true,"href":"https:\/\/rmvapesale.com\/da\/wp-json\/wp\/v2\/product_brand?post=2955"},{"taxonomy":"product_cat","embeddable":true,"href":"https:\/\/rmvapesale.com\/da\/wp-json\/wp\/v2\/product_cat?post=2955"},{"taxonomy":"product_tag","embeddable":true,"href":"https:\/\/rmvapesale.com\/da\/wp-json\/wp\/v2\/product_tag?post=2955"}],"curies":[{"name":"wp","href":"https:\/\/api.w.org\/{rel}","templated":true}]}}