{"id":2976,"date":"2025-01-22T07:46:21","date_gmt":"2025-01-22T07:46:21","guid":{"rendered":"https:\/\/rmvapesale.com\/?post_type=product&#038;p=2976"},"modified":"2025-01-22T08:11:09","modified_gmt":"2025-01-22T08:11:09","slug":"waspe-crystal-40000-puffs-double-flavor-led-display-disposable-vape-bulk-buy","status":"publish","type":"product","link":"https:\/\/rmvapesale.com\/da\/product\/waspe-crystal-40000-puffs-double-flavor-led-display-disposable-vape-bulk-buy\/","title":{"rendered":"WASPE Crystal 40000 Puffs Dobbelt Smag LED Display Engangs Vape Masse k\u00f8b"},"content":{"rendered":"<div class=\"B2VR9 CJHX3e\">\n<div class=\"wyccme\">\n<div class=\"flex-shrink-0 flex flex-col relative items-end\">\n<div class=\"pt-0\">\n<div class=\"gizmo-bot-avatar flex h-8 w-8 items-center justify-center overflow-hidden rounded-full\">\n<div class=\"relative p-1 rounded-sm flex items-center justify-center bg-token-main-surface-primary text-token-text-primary h-8 w-8\">\n<div class=\"flex-shrink-0 flex flex-col relative items-end\">\n<div class=\"pt-0\">\n<div class=\"gizmo-bot-avatar flex h-8 w-8 items-center justify-center overflow-hidden rounded-full\">\n<h1 class=\"relative p-1 rounded-sm flex items-center justify-center bg-token-main-surface-primary text-token-text-primary h-8 w-8\">WASPE Crystal 40000 Puffs Dobbelt Smag LED Display Engangs Vape Masse k\u00f8b<\/h1>\n<\/div>\n<\/div>\n<\/div>\n<\/div>\n<\/div>\n<\/div>\n<\/div>\n<div class=\"group\/conversation-turn relative flex w-full min-w-0 flex-col agent-turn\">\n<div class=\"flex-col gap-1 md:gap-3\">\n<div class=\"flex max-w-full flex-col flex-grow\">\n<div class=\"min-h-8 text-message flex w-full flex-col items-end gap-2 whitespace-normal break-words text-start [.text-message+&amp;]:mt-5\" dir=\"auto\" data-message-author-role=\"assistant\" data-message-id=\"80ece0c4-ead1-4ed9-a9f0-ddc22582b4f4\" data-message-model-slug=\"gpt-4o\">\n<p>The <strong>WASPE Crystal 40000 Pust Dobbeltsmag Engangs Vape<\/strong> er designet til dampere, der \u00f8nsker langvarig ydeevne med den ekstra fordel af en <strong>LED-sk\u00e6rm<\/strong> og <strong>bulk-k\u00f8bs overkommelighed<\/strong>. Uanset om du er en almindelig bruger eller en virksomhed, der leder efter engrosmuligheder, leverer dette <strong>top engangs vape m\u00e6rke<\/strong> kvalitet, bekvemmelighed og omkostningseffektivitet.<\/p>\n<p>Med en enorm <strong>40.000 pust<\/strong>kapacitet eliminerer denne enhed behovet for hyppige udskiftninger. Den unikke <strong>dobbeltsmag<\/strong> funktion giver brugerne mulighed for ubesv\u00e6ret at skifte mellem to sp\u00e6ndende smagsvarianter, hvilket giver variation og tilfredshed i hvert pust.<\/p>\n<p>A <strong>Klar LED-sk\u00e6rm<\/strong> viser b\u00e5de batterilevetid og e-v\u00e6skeniveauer, hvilket giver dig fuld kontrol over din dampoplevelse. Den justerbare <strong>justerbare luftstr\u00f8m<\/strong> luftstr\u00f8msfunktion<\/p>\n<p>lader dig skr\u00e6ddersy dit sug, uanset om du foretr\u00e6kker en j\u00e6vn, luftig inhalering eller et strammere hit. <strong>Indeholder<\/strong>32 ml premium e-v\u00e6ske <strong>giver denne vape en langvarig oplevelse uden besv\u00e6ret med genopfyldning. F\u00e5s i<\/strong>0% , 2% og 5% nikotinstyrker<\/p>\n<p>og passer til en bred vifte af dampere, fra dem, der foretr\u00e6kker nikotinfrie muligheder, til dem, der nyder et st\u00e6rkere hit. <strong>850mAh genopladeligt batteri<\/strong> Den indbyggede <strong>mulighed for stork\u00f8b<\/strong> g\u00f8r det til et fremragende valg for detailhandlere og grossister, der leder efter prisvenlige engangs-vapes.<\/p>\n<\/div>\n<\/div>\n<\/div>\n<\/div>\n<div class=\"flex-shrink-0 flex flex-col relative items-end\">\n<div class=\"pt-0\">\n<div class=\"gizmo-bot-avatar flex h-8 w-8 items-center justify-center overflow-hidden rounded-full\">\n<p>&nbsp;<\/p>\n<\/div>\n<\/div>\n<\/div>\n<\/div>\n<\/div>\n<p><strong>Kontakt Amy for at f\u00e5 det rigtige svar og en vape-kupon!<\/strong><\/p>\n<p><img loading=\"lazy\" decoding=\"async\" class=\"size-full wp-image-1978\" src=\"https:\/\/rmvapesale.com\/wp-content\/uploads\/2024\/09\/Disposable-Vape-Wholesale.jpg\" alt=\"Engrospriser p\u00e5 engangsvape\" width=\"229\" height=\"300\" \/><\/p>\n<h3><a href=\"https:\/\/wa.me\/8617776015835\" target=\"_blank\" rel=\"noopener\"><span style=\"color: #ff0000\"><strong>WhatsApp: +86 17776015835<\/strong><\/span><\/a><\/h3>\n<p>&nbsp;<\/p>\n<h3><strong style=\"font-size: 1.7em\">WASPE Crystal 40000 Pust \u2013 Vigtigste produktfunktioner<\/strong><\/h3>\n<ol>\n<li><strong>Pust<\/strong>: 40000<\/li>\n<li><strong>Doble smagsvarianter<\/strong>: 20000 Pust + 20000 Pust = 40000 Pust<\/li>\n<li><strong>Nikotinstyrke<\/strong>: 0% \/ 2% \/ 3% \/ 5%<\/li>\n<li><strong>Forudfyldt kapacitet<\/strong>: 32 ml<\/li>\n<li><strong>Batterikapacitet<\/strong>: 850 mAh<\/li>\n<li><strong>Opladningsport<\/strong>: USB Type-C<\/li>\n<li><strong>Betjening<\/strong>: Aktivering ved sug<\/li>\n<li><strong>0,9 ohm dobbelt mesh coil<\/strong><\/li>\n<li><strong>LED-sk\u00e6rm<\/strong><\/li>\n<li><strong>Batteriniveauindikator<\/strong><\/li>\n<li><strong>E-v\u00e6skeniveauindikator<\/strong><\/li>\n<\/ol>\n<p><img loading=\"lazy\" decoding=\"async\" class=\"wp-image-2965 size-full\" src=\"https:\/\/rmvapesale.com\/wp-content\/uploads\/2025\/01\/WASPE-40000-Puffs-Crystal-Disposable-Vape.webp\" alt=\"WASPE 40000 Pust Krystal Engangs Vape\" width=\"1000\" height=\"1000\" srcset=\"https:\/\/rmvapesale.com\/wp-content\/uploads\/2025\/01\/WASPE-40000-Puffs-Crystal-Disposable-Vape.webp 1000w, https:\/\/rmvapesale.com\/wp-content\/uploads\/2025\/01\/WASPE-40000-Puffs-Crystal-Disposable-Vape-300x300.webp 300w, https:\/\/rmvapesale.com\/wp-content\/uploads\/2025\/01\/WASPE-40000-Puffs-Crystal-Disposable-Vape-150x150.webp 150w, https:\/\/rmvapesale.com\/wp-content\/uploads\/2025\/01\/WASPE-40000-Puffs-Crystal-Disposable-Vape-768x768.webp 768w, https:\/\/rmvapesale.com\/wp-content\/uploads\/2025\/01\/WASPE-40000-Puffs-Crystal-Disposable-Vape-600x600.webp 600w, https:\/\/rmvapesale.com\/wp-content\/uploads\/2025\/01\/WASPE-40000-Puffs-Crystal-Disposable-Vape-100x100.webp 100w\" sizes=\"auto, (max-width: 1000px) 100vw, 1000px\" \/><\/p>\n<h3><strong style=\"font-size: 1.7em\">Tops\u00e6lgende smagsvarianter til WASPE Crystal 40000 Pust<\/strong><strong style=\"font-size: 1.7em\">\u00a0Vape<\/strong><\/h3>\n<p>Med sin <strong>imponerende antal sug, avancerede funktioner og overkommelige engrospriser<\/strong>er WASPE Crystal 40000 Puffs vape et must-have for b\u00e5de dampere og forhandlere. Bestil i dag og oplev dampning p\u00e5 sit fineste!<\/p>\n<p>1. Vandmelon Is<br \/>\n2. Bl\u00e5b\u00e6r Is<br \/>\n3. Blandede B\u00e6r <span style=\"color: #ff0000\"><strong>&gt;&gt;&gt;&gt; Hot!<\/strong><\/span><br \/>\n4. Drue Is<br \/>\n5. Jordb\u00e6r Banan<br \/>\n6. Fersken Is<br \/>\n7. Jordb\u00e6r Hindb\u00e6r Kirseb\u00e6r <span style=\"color: #ff0000\"><strong>&gt;&gt;&gt;&gt; Bedst!<\/strong><\/span><br \/>\n8. Bl\u00e5b\u00e6r Hindb\u00e6r<br \/>\n9. Jordb\u00e6r Kiwi<br \/>\n10. Bl\u00e5b\u00e6r Slik<br \/>\n11. Jordb\u00e6r Red Bull <span style=\"color: #ff0000\"><strong>&gt;&gt;&gt;&gt; Hot!<\/strong><\/span><br \/>\n12. Red Bull Is<\/p>\n<p>&nbsp;<\/p>\n<h3><strong>Hvorfor v\u00e6lge Rmvapesale til WASPE Crystal 40000 Pust <\/strong><strong>V<\/strong><strong>Vape Engros<\/strong><strong>?<\/strong><\/h3>\n<div class=\"flex-shrink-0 flex flex-col relative items-end\">\n<div class=\"pt-0\">\n<div class=\"gizmo-bot-avatar flex h-8 w-8 items-center justify-center overflow-hidden rounded-full\">\n<p>Efterh\u00e5nden som konkurrencen p\u00e5 markedet for engangs e-cigaretter intensiveres, har Rmvapesale, en global leder inden for engros engangs vape-l\u00f8sninger, lanceret Bang Box 30000 30k Puffs Double Taste Genopladelig Engangs Vape. Dette banebrydende produkt tiltr\u00e6kker opm\u00e6rksomhed med sit unikke \u00e6stetiske og modedesign. Med et omfattende udvalg af frugtagtige smagsmuligheder henvender det sig til et bredt spektrum af forbrugersmag, samtidig med at det understreger innovation og alsidighed.<\/p>\n<p class=\"relative p-1 rounded-sm flex items-center justify-center bg-token-main-surface-primary text-token-text-primary h-8 w-8\">Rmvapesale er din betroede vape-butik for premium engangs vapes. Med mere end 5 \u00e5rs erfaring bringer vi dig popul\u00e6re engangs vape-m\u00e6rker som Al Fakher, JNR Vape, Vapsolo Vape, Vapme Vape, <a href=\"https:\/\/rmvapesale.com\/da\/product-category\/bang-vapes\/\">Bang Vape<\/a>, Waspe Vape, WGA Vape og<a href=\"https:\/\/rmvapesale.com\/da\/product-category\/randm-fumot-vape\/\"> RandM Vape<\/a>. Vores sortiment omfatter hot sale engangs vape som <a href=\"https:\/\/rmvapesale.com\/da\/product\/aivono-aim-flash-35000-puffs-curved-smart-screen-disposable-vape-wholesale\/\">AIVONO Flash 35000 Pust<\/a> og smagsrige valg som<a href=\"https:\/\/rmvapesale.com\/da\/product\/crystal-vape-uwin-shisha-hookah-20k-20000-puffs-wholesale-best-price\/\"> UWIN Shisha Hoohak 20000<\/a>. Hvert produkt er udvalgt med fokus p\u00e5 kvalitet, v\u00e6rdi og variation, hvilket sikrer, at du finder det perfekte match til dine behov. Opdag enest\u00e5ende service og et bredt udvalg af topprodukter hos Rmvapesale.<\/p>\n<p>&nbsp;<\/p>\n<p class=\"relative p-1 rounded-sm flex items-center justify-center bg-token-main-surface-primary text-token-text-primary h-8 w-8\"><b style=\"font-size: 1.5em;font-style: inherit\">Ofte stillede sp\u00f8rgsm\u00e5l om WASPE Crystal 40000 Pust <\/b><b style=\"font-size: 1.5em;font-style: inherit\">Genopladelig engangsvape<\/b><\/p>\n<ol>\n<li><strong>Hvor kan jeg k\u00f8be WASPE Crystal 40000 Pust i l\u00f8s v\u00e6gt?<\/strong>\n<ul>\n<li>Du kan k\u00f8be bulkordrer fra <a href=\"https:\/\/rmvapesale.com\/da\/\" target=\"_new\" rel=\"noopener\">Rmvapesale<\/a> til konkurrencedygtige engrospriser.<\/li>\n<\/ul>\n<\/li>\n<li><strong>Hvad viser LED-displayet?<\/strong>\n<ul>\n<li>Displayet giver realtidsopdateringer om batteriprocent og e-v\u00e6skeniveauer.<\/li>\n<\/ul>\n<\/li>\n<li><strong>Kan jeg justere luftstr\u00f8mmen p\u00e5 denne vape?<\/strong>\n<ul>\n<li>Ja, den justerbare luftstr\u00f8msfunktion giver dig mulighed for at tilpasse din vapingoplevelse.<\/li>\n<\/ul>\n<\/li>\n<li><strong>Hvor l\u00e6nge holder 850mAh-batteriet?<\/strong>\n<ul>\n<li>Det giver forl\u00e6nget brug og kan genoplades flere gange for kontinuerlig nydelse.<\/li>\n<\/ul>\n<\/li>\n<li><strong>Er WASPE Crystal egnet til nikotinfri vaping?<\/strong>\n<ul>\n<li>Ja, 0%-nikotinindstillingen er perfekt til brugere, der leder efter en nikotinfri oplevelse.<\/li>\n<\/ul>\n<\/li>\n<\/ol>\n<\/div>\n<\/div>\n<\/div>\n<h2>Hvordan bestiller jeg?<\/h2>\n<div class=\"flex-shrink-0 flex flex-col relative items-end\">\n<div class=\"pt-0\">\n<div class=\"gizmo-bot-avatar flex h-8 w-8 items-center justify-center overflow-hidden rounded-full\">\n<div>\n<p><strong>1. Hvilke betalingsmetoder accepterer I?<\/strong><br \/>\n<span class=\"selectable-text copyable-text false\">Til betaling tilbyder vi bankoverf\u00f8rsel og Western Union. De fleste af vores kunder i Europa v\u00e6lger bankoverf\u00f8rsel, vi har en lokal bankkonto, som du kan betale til vores IBAN-konto uden gebyr. <\/span>.<\/p>\n<p><strong>2. Hvordan kan jeg spore min ordre?<\/strong><br \/>\nEfter pakken er afsendt, <span class=\"selectable-text copyable-text false\">vil vi tilbyde et sporingsnummer til reference, og vi vil ogs\u00e5 holde dig opdateret om status, indtil du har modtaget varerne<\/span>.<\/p>\n<p><strong>3. Hvor lang tid tager det at ankomme?<\/strong><\/p>\n<ul>\n<li>Forsendelse fra <strong>Kina lagre<\/strong> tager cirka <strong>7-14 hverdage<\/strong>.<\/li>\n<li>Forsendelse fra <strong>Europ\u00e6iske lagre<\/strong> tager normalt <strong>3-6 hverdage<\/strong>.<\/li>\n<\/ul>\n<p><strong>4. Hvordan kan jeg f\u00e5 hurtigere levering?<\/strong><br \/>\nFor hurtigere levering anbefaler vi at bestille fra vores <strong>Europ\u00e6iske lager<\/strong>, hvilket giver hurtigere leveringstider.<\/p>\n<p><strong>5. Hvad hvis jeg modtager et beskadiget eller defekt produkt?<\/strong><br \/>\nHvis din vare er beskadiget eller defekt, skal du kontakte kundeservice for en <strong>erstatning eller refusion<\/strong>.<\/p>\n<p><strong>6. Hvordan kan jeg kontakte kundeservice?<\/strong><br \/>\nDu kan n\u00e5 os via<strong>\u00a0WhatsApp eller live chat<\/strong> p\u00e5 vores hjemmeside for at f\u00e5 hj\u00e6lp.<\/p>\n<\/div>\n<div class=\"relative p-1 rounded-sm flex items-center justify-center bg-token-main-surface-primary text-token-text-primary h-8 w-8\"><strong>7. Hvilke forsendelsesmetoder bruges?<\/strong><\/div>\n<\/div>\n<\/div>\n<\/div>\n<div class=\"group\/conversation-turn relative flex w-full min-w-0 flex-col agent-turn\">\n<div class=\"flex-col gap-1 md:gap-3\">\n<div class=\"flex max-w-full flex-col flex-grow\">\n<div class=\"min-h-[20px] text-message flex w-full flex-col items-end gap-2 whitespace-normal break-words [.text-message+&amp;]:mt-5 overflow-x-auto\" dir=\"auto\" data-message-author-role=\"assistant\" data-message-id=\"22f8283b-3233-46ff-89a5-c7a41b33abda\">\n<div class=\"flex w-full flex-col gap-1 empty:hidden first:pt-[3px]\">\n<div class=\"markdown prose w-full break-words dark:prose-invert light\">\n<p>Vi samarbejder med UPS, DHL, FedEx, DPD og andre f\u00f8rende transport\u00f8rer. Vi vil v\u00e6lge den bedste forsendelsesmetode baseret p\u00e5 din leveringsplacering for at sikre, at du modtager dine produkter s\u00e5 hurtigt som muligt.<\/p>\n<\/div>\n<\/div>\n<\/div>\n<\/div>\n<\/div>\n<\/div>\n<p>Find flere Vape-produkter, du m\u00e5ske kan lide:<strong><em><a href=\"https:\/\/rmvapesale.com\/da\/shop-2\/\">k\u00f8b nu &gt;&gt;&gt;<\/a><\/em><\/strong><\/p>","protected":false},"excerpt":{"rendered":"<p>WASPE Crystal 40k Puff Tvillingsmag Genopladelig Engangs Vape<br \/>\nWASPE Crystal 40000 Puffs Dobbelt Smag Engangs Vape Bulk K\u00f8b<br \/>\nWASPE Crystal 40000 Puffs 2 i 1 Smag Smart Sk\u00e6rm Engangs Engros<\/p>\n<p><strong>Kontakt Amy for at f\u00e5 det rigtige svar og en vape-kupon!<\/strong><\/p>\n<p><img loading=\"lazy\" decoding=\"async\" class=\"size-full wp-image-2375\" src=\"https:\/\/rmvapesale.com\/wp-content\/uploads\/2024\/10\/image.png\" alt=\"Bedste Engangs Vape\" width=\"229\" height=\"300\" \/><\/p>\n<h3><a href=\"https:\/\/wa.me\/8617776015835\"><span style=\"color: #ff0000\"><strong>WhatsApp: +86 17776015835<\/strong><\/span><\/a><\/h3>\n<p>&nbsp;<\/p>","protected":false},"featured_media":2975,"comment_status":"open","ping_status":"closed","template":"","meta":{"_uag_custom_page_level_css":"","_lmt_disableupdate":"no","_lmt_disable":"","site-sidebar-layout":"default","site-content-layout":"content-boxed-container","ast-site-content-layout":"normal-width-container","site-content-style":"boxed","site-sidebar-style":"unboxed","ast-global-header-display":"","ast-banner-title-visibility":"","ast-main-header-display":"","ast-hfb-above-header-display":"","ast-hfb-below-header-display":"","ast-hfb-mobile-header-display":"","site-post-title":"","ast-breadcrumbs-content":"","ast-featured-img":"","footer-sml-layout":"","theme-transparent-header-meta":"default","adv-header-id-meta":"","stick-header-meta":"","header-above-stick-meta":"","header-main-stick-meta":"","header-below-stick-meta":"","astra-migrate-meta-layouts":"set","ast-page-background-enabled":"default","ast-page-background-meta":{"desktop":{"background-color":"var(--ast-global-color-4)","background-image":"","background-repeat":"repeat","background-position":"center center","background-size":"auto","background-attachment":"scroll","background-type":"","background-media":"","overlay-type":"","overlay-color":"","overlay-opacity":"","overlay-gradient":""},"tablet":{"background-color":"","background-image":"","background-repeat":"repeat","background-position":"center center","background-size":"auto","background-attachment":"scroll","background-type":"","background-media":"","overlay-type":"","overlay-color":"","overlay-opacity":"","overlay-gradient":""},"mobile":{"background-color":"","background-image":"","background-repeat":"repeat","background-position":"center center","background-size":"auto","background-attachment":"scroll","background-type":"","background-media":"","overlay-type":"","overlay-color":"","overlay-opacity":"","overlay-gradient":""}},"ast-content-background-meta":{"desktop":{"background-color":"var(--ast-global-color-5)","background-image":"","background-repeat":"repeat","background-position":"center center","background-size":"auto","background-attachment":"scroll","background-type":"","background-media":"","overlay-type":"","overlay-color":"","overlay-opacity":"","overlay-gradient":""},"tablet":{"background-color":"var(--ast-global-color-5)","background-image":"","background-repeat":"repeat","background-position":"center center","background-size":"auto","background-attachment":"scroll","background-type":"","background-media":"","overlay-type":"","overlay-color":"","overlay-opacity":"","overlay-gradient":""},"mobile":{"background-color":"var(--ast-global-color-5)","background-image":"","background-repeat":"repeat","background-position":"center center","background-size":"auto","background-attachment":"scroll","background-type":"","background-media":"","overlay-type":"","overlay-color":"","overlay-opacity":"","overlay-gradient":""}},"_joinchat":[]},"product_brand":[],"product_cat":[15,289,290,291,292,298,293,295,299,274,258,25,123,26,28,135,27,137,136,30],"product_tag":[146,124,222,64,40,111,300,221],"class_list":{"0":"post-2976","1":"product","2":"type-product","3":"status-publish","4":"has-post-thumbnail","6":"product_cat-new-vape-this-week","7":"product_cat-big-puffs-disposable-vapes","8":"product_cat-crystal-disposable-vapes","9":"product_cat-dual-mesh-disposable-vapes","10":"product_cat-digital-disposable-vapes","11":"product_cat-double-flavor-disposable-vapes","12":"product_cat-low-nicotine-disposable-vapes","13":"product_cat-rechargeable-disposable-vapes","14":"product_cat-smart-screen-disposable-vapes","15":"product_cat-waspe-fihp-vape","16":"product_cat-40000-puff-disposable-vape","17":"product_cat-germany-best-selling-vape","18":"product_cat-italy-wholesale-vape","19":"product_cat-netherlands-hot-sale-vape","20":"product_cat-poland-hot-sale-vape","21":"product_cat-spain-best-hot-sale-vape","22":"product_cat-fance-hot-sale-vape","23":"product_cat-rechargeable-vapes","24":"product_cat-smart-screen-vapes","25":"product_cat-minimum-order-quantity-50pcs","26":"product_tag-best-hot-sale-vape","27":"product_tag-crystal-vape","28":"product_tag-double-flavor-vape","29":"product_tag-dual-flavour-vape","30":"product_tag-hot-sale-vape","31":"product_tag-low-nicotine-disposable-vape","32":"product_tag-waspe-crystal-40000","33":"product_tag-waspe-vape","34":"desktop-align-left","35":"tablet-align-left","36":"mobile-align-left","38":"first","39":"instock","40":"sale","41":"shipping-taxable","42":"purchasable","43":"product-type-simple"},"uagb_featured_image_src":{"full":["https:\/\/rmvapesale.com\/wp-content\/uploads\/2025\/01\/WASPE-40000-Puffs-Crystal-Disposable-Vape-Wholesale.webp",1000,1000,false],"thumbnail":["https:\/\/rmvapesale.com\/wp-content\/uploads\/2025\/01\/WASPE-40000-Puffs-Crystal-Disposable-Vape-Wholesale-150x150.webp",150,150,true],"medium":["https:\/\/rmvapesale.com\/wp-content\/uploads\/2025\/01\/WASPE-40000-Puffs-Crystal-Disposable-Vape-Wholesale-300x300.webp",300,300,true],"medium_large":["https:\/\/rmvapesale.com\/wp-content\/uploads\/2025\/01\/WASPE-40000-Puffs-Crystal-Disposable-Vape-Wholesale-768x768.webp",768,768,true],"large":["https:\/\/rmvapesale.com\/wp-content\/uploads\/2025\/01\/WASPE-40000-Puffs-Crystal-Disposable-Vape-Wholesale.webp",1000,1000,false],"1536x1536":["https:\/\/rmvapesale.com\/wp-content\/uploads\/2025\/01\/WASPE-40000-Puffs-Crystal-Disposable-Vape-Wholesale.webp",1000,1000,false],"2048x2048":["https:\/\/rmvapesale.com\/wp-content\/uploads\/2025\/01\/WASPE-40000-Puffs-Crystal-Disposable-Vape-Wholesale.webp",1000,1000,false],"trp-custom-language-flag":["https:\/\/rmvapesale.com\/wp-content\/uploads\/2025\/01\/WASPE-40000-Puffs-Crystal-Disposable-Vape-Wholesale.webp",12,12,false],"woocommerce_thumbnail":["https:\/\/rmvapesale.com\/wp-content\/uploads\/2025\/01\/WASPE-40000-Puffs-Crystal-Disposable-Vape-Wholesale-300x300.webp",300,300,true],"woocommerce_single":["https:\/\/rmvapesale.com\/wp-content\/uploads\/2025\/01\/WASPE-40000-Puffs-Crystal-Disposable-Vape-Wholesale-600x600.webp",600,600,true],"woocommerce_gallery_thumbnail":["https:\/\/rmvapesale.com\/wp-content\/uploads\/2025\/01\/WASPE-40000-Puffs-Crystal-Disposable-Vape-Wholesale-100x100.webp",100,100,true],"wcpr-photo-reviews":["https:\/\/rmvapesale.com\/wp-content\/uploads\/2025\/01\/WASPE-40000-Puffs-Crystal-Disposable-Vape-Wholesale.webp",500,500,false]},"uagb_author_info":{"display_name":"AMY","author_link":"https:\/\/rmvapesale.com\/da\/author\/"},"uagb_comment_info":0,"uagb_excerpt":"WASPE Crystal 40k Puff Twins Flavor Rechargeable Disposable Vape WASPE Crystal 40000 Puffs Dual Flavors Disposable Vape Bulk Buy WASPE Crystal 40000 Puffs 2 in 1 Flavor Smart Screen Wholesale Disposable Contact Amy to get right reply and vape coupon! WhatsApp: +86 17776015835 &nbsp;","_links":{"self":[{"href":"https:\/\/rmvapesale.com\/da\/wp-json\/wp\/v2\/product\/2976","targetHints":{"allow":["GET"]}}],"collection":[{"href":"https:\/\/rmvapesale.com\/da\/wp-json\/wp\/v2\/product"}],"about":[{"href":"https:\/\/rmvapesale.com\/da\/wp-json\/wp\/v2\/types\/product"}],"replies":[{"embeddable":true,"href":"https:\/\/rmvapesale.com\/da\/wp-json\/wp\/v2\/comments?post=2976"}],"wp:featuredmedia":[{"embeddable":true,"href":"https:\/\/rmvapesale.com\/da\/wp-json\/wp\/v2\/media\/2975"}],"wp:attachment":[{"href":"https:\/\/rmvapesale.com\/da\/wp-json\/wp\/v2\/media?parent=2976"}],"wp:term":[{"taxonomy":"product_brand","embeddable":true,"href":"https:\/\/rmvapesale.com\/da\/wp-json\/wp\/v2\/product_brand?post=2976"},{"taxonomy":"product_cat","embeddable":true,"href":"https:\/\/rmvapesale.com\/da\/wp-json\/wp\/v2\/product_cat?post=2976"},{"taxonomy":"product_tag","embeddable":true,"href":"https:\/\/rmvapesale.com\/da\/wp-json\/wp\/v2\/product_tag?post=2976"}],"curies":[{"name":"wp","href":"https:\/\/api.w.org\/{rel}","templated":true}]}}