{"id":3011,"date":"2025-01-26T03:15:11","date_gmt":"2025-01-26T03:15:11","guid":{"rendered":"https:\/\/rmvapesale.com\/?post_type=product&#038;p=3011"},"modified":"2025-01-23T03:29:52","modified_gmt":"2025-01-23T03:29:52","slug":"vapsolo-dg-18000-puffs-smart-screen-puff-18k-disposable-vape-wholesale-electronic-cigarette-discount-price","status":"publish","type":"product","link":"https:\/\/rmvapesale.com\/da\/product\/vapsolo-dg-18000-puffs-smart-screen-puff-18k-disposable-vape-wholesale-electronic-cigarette-discount-price\/","title":{"rendered":"Vapsolo DG 18000 Puffs Smart Sk\u00e6rm Puff 18k Engangs Vape Engros Elektronisk Cigaret Rabatpris"},"content":{"rendered":"<div class=\"B2VR9 CJHX3e\">\n<div class=\"wyccme\">\n<div class=\"flex-shrink-0 flex flex-col relative items-end\">\n<div class=\"pt-0\">\n<div class=\"gizmo-bot-avatar flex h-8 w-8 items-center justify-center overflow-hidden rounded-full\">\n<div class=\"relative p-1 rounded-sm flex items-center justify-center bg-token-main-surface-primary text-token-text-primary h-8 w-8\">\n<div class=\"flex-shrink-0 flex flex-col relative items-end\">\n<div class=\"pt-0\">\n<div class=\"gizmo-bot-avatar flex h-8 w-8 items-center justify-center overflow-hidden rounded-full\">\n<h1 class=\"relative p-1 rounded-sm flex items-center justify-center bg-token-main-surface-primary text-token-text-primary h-8 w-8\">Vapsolo DG 18000 Puffs Smart Sk\u00e6rm Puff 18k Engangs Vape Engros Elektronisk Cigaret Rabatpris<\/h1>\n<\/div>\n<\/div>\n<\/div>\n<\/div>\n<\/div>\n<\/div>\n<\/div>\n<div class=\"group\/conversation-turn relative flex w-full min-w-0 flex-col agent-turn\">\n<div class=\"flex-col gap-1 md:gap-3\">\n<div class=\"flex max-w-full flex-col flex-grow\">\n<div class=\"min-h-8 text-message flex w-full flex-col items-end gap-2 whitespace-normal break-words text-start [.text-message+&amp;]:mt-5\" dir=\"auto\" data-message-author-role=\"assistant\" data-message-id=\"80ece0c4-ead1-4ed9-a9f0-ddc22582b4f4\" data-message-model-slug=\"gpt-4o\">\n<p>Leder du efter en h\u00f8jtydende <strong>engangs vape<\/strong> med et imponerende antal sug og de nyeste funktioner? The <strong>Vapsolo DG 18000 Puffs Smart Screen Engangs Vape<\/strong> er dit perfekte match! Designet til dampere, der \u00f8nsker langvarig tilfredsstillelse, tilbyder denne enhed en <strong>imponerende 18.000 sug<\/strong>, <strong>justerbare luftstr\u00f8m<\/strong>og en banebrydende <strong>smarte display<\/strong>alt sammen til en overkommelig <strong>engrospris<\/strong>.<\/p>\n<p>Denne vape har en <strong>Smart Mode<\/strong> der automatisk justerer effekt og indstillinger baseret p\u00e5 dine dampevaner, hvilket sikrer en optimal oplevelse hver gang. Har du brug for et st\u00e6rkere hit? Aktiver <strong>Boost Mode<\/strong> for et ekstra kick af intensitet og tilfredsstillelse.<\/p>\n<p>The <strong>justerbar luftstr\u00f8mskontrol<\/strong> giver dig mulighed for at finjustere din dampeoplevelse, uanset om du foretr\u00e6kker et stramt, intenst hit eller et j\u00e6vnt, luftigt tr\u00e6k. Plus, den <strong>smart sk\u00e6rmvisning<\/strong> giver realtidsindsigt i batterilevetid og antal sug, s\u00e5 du altid ved, hvorn\u00e5r det er tid til at genoplade.<\/p>\n<p>Udstyret med en <strong>genopladeligt 650mAh batteri<\/strong> og Type-C hurtigopladning kan du nyde uafbrudt dampning med hurtige og effektive opladninger. V\u00e6lg mellem <strong>2% eller 5% nikotinstyrker<\/strong>der henvender sig til b\u00e5de afslappede dampere og dem, der s\u00f8ger et st\u00e6rkere nikotin-hit.<\/p>\n<p>For stork\u00f8bere tilbyder Vapsolo DG 18000 uovertruffen v\u00e6rdi med <strong>engrospriser<\/strong>hvilket g\u00f8r det til et ideelt valg for detailhandlere og distribut\u00f8rer.<\/p>\n<\/div>\n<\/div>\n<\/div>\n<\/div>\n<div class=\"flex-shrink-0 flex flex-col relative items-end\">\n<div class=\"pt-0\">\n<div class=\"gizmo-bot-avatar flex h-8 w-8 items-center justify-center overflow-hidden rounded-full\">\n<p>&nbsp;<\/p>\n<\/div>\n<\/div>\n<\/div>\n<\/div>\n<\/div>\n<p><strong>Kontakt Amy for at f\u00e5 det rigtige svar og en vape-kupon!<\/strong><\/p>\n<p><img loading=\"lazy\" decoding=\"async\" class=\"size-full wp-image-1978\" src=\"https:\/\/rmvapesale.com\/wp-content\/uploads\/2024\/09\/Disposable-Vape-Wholesale.jpg\" alt=\"Engrospriser p\u00e5 engangsvape\" width=\"229\" height=\"300\" \/><\/p>\n<h3><a href=\"https:\/\/wa.me\/8617776015835\" target=\"_blank\" rel=\"noopener\"><span style=\"color: #ff0000\"><strong>WhatsApp: +86 17776015835<\/strong><\/span><\/a><\/h3>\n<p>&nbsp;<\/p>\n<h3><strong style=\"font-size: 1.7em\">Vapsolo DG 18000 Pust N\u00f8gleproduktfunktioner<\/strong><\/h3>\n<p>\u2611 Nikotin:2% 5%<br \/>\n\u2611 Smart Tilstand:18000 Pust<br \/>\nBoost-tilstand: 9000 Pust<br \/>\n\u2611 Kapacitet:28ml<br \/>\n\u2611 650mah Genopladelig<br \/>\n\u2611 0.90\u03a9 Mesh Coil<br \/>\n\u2611 Justerbar luftstr\u00f8m<br \/>\nSmart Screen Display: batterikapacitet\/e-v\u00e6skekapacitet<br \/>\n\u2611 10 smage tilg\u00e6ngelige<\/p>\n<p>&nbsp;<\/p>\n<figure id=\"attachment_3007\" aria-describedby=\"caption-attachment-3007\" style=\"width: 300px\" class=\"wp-caption alignnone\"><img loading=\"lazy\" decoding=\"async\" class=\"size-medium wp-image-3007\" src=\"https:\/\/rmvapesale.com\/wp-content\/uploads\/2025\/01\/Vapsolo-DG-18000-Puffs-Disposable-Vape-Bulk-Buy-300x300.webp\" alt=\"Vapsolo DG 18000 Pust Engangs Vape Bulk K\u00f8b\" width=\"300\" height=\"300\" srcset=\"https:\/\/rmvapesale.com\/wp-content\/uploads\/2025\/01\/Vapsolo-DG-18000-Puffs-Disposable-Vape-Bulk-Buy-300x300.webp 300w, https:\/\/rmvapesale.com\/wp-content\/uploads\/2025\/01\/Vapsolo-DG-18000-Puffs-Disposable-Vape-Bulk-Buy-150x150.webp 150w, https:\/\/rmvapesale.com\/wp-content\/uploads\/2025\/01\/Vapsolo-DG-18000-Puffs-Disposable-Vape-Bulk-Buy-768x768.webp 768w, https:\/\/rmvapesale.com\/wp-content\/uploads\/2025\/01\/Vapsolo-DG-18000-Puffs-Disposable-Vape-Bulk-Buy-600x600.webp 600w, https:\/\/rmvapesale.com\/wp-content\/uploads\/2025\/01\/Vapsolo-DG-18000-Puffs-Disposable-Vape-Bulk-Buy-100x100.webp 100w, https:\/\/rmvapesale.com\/wp-content\/uploads\/2025\/01\/Vapsolo-DG-18000-Puffs-Disposable-Vape-Bulk-Buy.webp 1000w\" sizes=\"auto, (max-width: 300px) 100vw, 300px\" \/><figcaption id=\"caption-attachment-3007\" class=\"wp-caption-text\">Vapsolo DG 18000 Pust Engangs Vape Bulk K\u00f8b<\/figcaption><\/figure>\n<h3><strong style=\"font-size: 1.7em\">Tops\u00e6lgende smag til Vapsolo DG 18000 Pust<\/strong><strong style=\"font-size: 1.7em\">\u00a0Vape<\/strong><\/h3>\n<p>1. Fersken Mango Ananas <span style=\"color: #ff0000\"><strong>&gt;&gt;&gt; Hot!<\/strong><\/span><br \/>\n2. Passionsfrugt Kiwi Is<br \/>\n3. Bl\u00e5b\u00e6r Kirseb\u00e6r Traneb\u00e6r <span style=\"color: #ff0000\"><strong>&gt;&gt;&gt; Hot!<\/strong><\/span><br \/>\n4. Vandmelon Is<br \/>\n5. Jordb\u00e6r Kiwi<br \/>\n6. Citron Lime<br \/>\n7. Jordb\u00e6r Banan<br \/>\n8. Red Bull<br \/>\n9. Blandede b\u00e6r <span style=\"color: #ff0000\"><strong>&gt;&gt;&gt; Bedst!<\/strong><\/span><br \/>\n10. Prime Jordb\u00e6r Vandmelon<\/p>\n<p>&nbsp;<\/p>\n<h3><strong>Hvorfor v\u00e6lge Rmvapesale til Vapsolo DG 18000 Puffs <\/strong><strong>V<\/strong><strong>Vape Engros<\/strong><strong>?<\/strong><\/h3>\n<div class=\"flex-shrink-0 flex flex-col relative items-end\">\n<div class=\"pt-0\">\n<div class=\"gizmo-bot-avatar flex h-8 w-8 items-center justify-center overflow-hidden rounded-full\">\n<p>Efterh\u00e5nden som konkurrencen p\u00e5 markedet for engangs e-cigaretter intensiveres, har Rmvapesale, en global leder inden for engrosl\u00f8sninger til engangs-vapes, lanceret Vapsolo DG 18000 Puffs Disposable Vape. Dette banebrydende produkt tiltr\u00e6kker opm\u00e6rksomhed med sit unikke \u00e6stetiske og moderigtige design. Med et omfattende udvalg af frugtagtige smagsvarianter henvender det sig til et bredt spektrum af forbrugersmag og understreger samtidig innovation og alsidighed.<\/p>\n<p class=\"relative p-1 rounded-sm flex items-center justify-center bg-token-main-surface-primary text-token-text-primary h-8 w-8\">Rmvapesale er din betroede vape-butik for premium engangs vapes. Med mere end 5 \u00e5rs erfaring bringer vi dig popul\u00e6re engangs vape-m\u00e6rker som Al Fakher, JNR Vape, Vapsolo Vape, Vapme Vape, <a href=\"https:\/\/rmvapesale.com\/da\/product-category\/bang-vapes\/\">Bang Vape<\/a>, Waspe Vape, WGA Vape og<a href=\"https:\/\/rmvapesale.com\/da\/product-category\/randm-fumot-vape\/\"> RandM Vape<\/a>. Vores sortiment omfatter hot sale engangs vape som <a href=\"https:\/\/rmvapesale.com\/da\/product\/waspe-crystal-40000-puffs-double-flavor-led-display-disposable-vape-bulk-buy\/\">WASPE Crystal 40000 Pust<\/a> og smagsrige valg som<a href=\"https:\/\/rmvapesale.com\/da\/product\/aivono-fatman-15000-puffs-vape-disposable-e-cigarettes-mtl\/\"> AIVONO Shisha Hoohak 15000<\/a>. Hvert produkt er udvalgt med fokus p\u00e5 kvalitet, v\u00e6rdi og variation, hvilket sikrer, at du finder det perfekte match til dine behov. Opdag enest\u00e5ende service og et bredt udvalg af topprodukter hos Rmvapesale.<\/p>\n<p>&nbsp;<\/p>\n<p class=\"relative p-1 rounded-sm flex items-center justify-center bg-token-main-surface-primary text-token-text-primary h-8 w-8\"><b style=\"font-size: 1.5em;font-style: inherit\">Ofte stillede sp\u00f8rgsm\u00e5l om Vapsolo DG 18k Puffs <\/b><b style=\"font-size: 1.5em;font-style: inherit\">Genopladelig engangsvape<\/b><\/p>\n<ol>\n<li><strong>Hvor kan jeg k\u00f8be Vapsolo DG 18000 Puffs Disposable Vape til engrospriser?<\/strong>\n<ul>\n<li>Du kan k\u00f8be det til engrospriser fra <a href=\"https:\/\/rmvapesale.com\/da\/\" target=\"_new\" rel=\"noopener\">Rmvapesale<\/a>, der tilbyder m\u00e6ngderabatter og forsendelse til hele verden.<\/li>\n<\/ul>\n<\/li>\n<li><strong>Hvordan hj\u00e6lper smartsk\u00e6rmens display?<\/strong>\n<ul>\n<li>Displayet viser batteriprocent i realtid og antal sug, s\u00e5 du altid er informeret.<\/li>\n<\/ul>\n<\/li>\n<li><strong>Kan jeg justere luftstr\u00f8mmen p\u00e5 Vapsolo 18000 Puffs?<\/strong>\n<ul>\n<li>Ja, den justerbare luftstr\u00f8m giver dig mulighed for at tilpasse din vapingoplevelse fra stramme til j\u00e6vne sug.<\/li>\n<\/ul>\n<\/li>\n<li><strong>Hvilke nikotinniveauer er tilg\u00e6ngelige?<\/strong>\n<ul>\n<li>Denne enhed f\u00e5s i 2% og 5% nikotinstyrker for at im\u00f8dekomme forskellige pr\u00e6ferencer.<\/li>\n<\/ul>\n<\/li>\n<li><strong>Hvor l\u00e6nge holder 650mAh-batteriet?<\/strong>\n<ul>\n<li>Det genopladelige batteri giver lange brugstider og kan hurtigt genoplades via Type-C for udvidede vaping-sessioner.<\/li>\n<\/ul>\n<\/li>\n<\/ol>\n<\/div>\n<\/div>\n<\/div>\n<h2>Hvordan bestiller jeg?<\/h2>\n<div class=\"flex-shrink-0 flex flex-col relative items-end\">\n<div class=\"pt-0\">\n<div class=\"gizmo-bot-avatar flex h-8 w-8 items-center justify-center overflow-hidden rounded-full\">\n<div>\n<p><strong>1. Hvilke betalingsmetoder accepterer I?<\/strong><br \/>\n<span class=\"selectable-text copyable-text false\">Til betaling tilbyder vi bankoverf\u00f8rsel og Western Union. De fleste af vores kunder i Europa v\u00e6lger bankoverf\u00f8rsel, vi har en lokal bankkonto, som du kan betale til vores IBAN-konto uden gebyr. <\/span>.<\/p>\n<p><strong>2. Hvordan kan jeg spore min ordre?<\/strong><br \/>\nEfter pakken er afsendt, <span class=\"selectable-text copyable-text false\">vil vi tilbyde et sporingsnummer til reference, og vi vil ogs\u00e5 holde dig opdateret om status, indtil du har modtaget varerne<\/span>.<\/p>\n<p><strong>3. Hvor lang tid tager det at ankomme?<\/strong><\/p>\n<ul>\n<li>Forsendelse fra <strong>Kina lagre<\/strong> tager cirka <strong>7-14 hverdage<\/strong>.<\/li>\n<li>Forsendelse fra <strong>Europ\u00e6iske lagre<\/strong> tager normalt <strong>3-6 hverdage<\/strong>.<\/li>\n<\/ul>\n<p><strong>4. Hvordan kan jeg f\u00e5 hurtigere levering?<\/strong><br \/>\nFor hurtigere levering anbefaler vi at bestille fra vores <strong>Europ\u00e6iske lager<\/strong>, hvilket giver hurtigere leveringstider.<\/p>\n<p><strong>5. Hvad hvis jeg modtager et beskadiget eller defekt produkt?<\/strong><br \/>\nHvis din vare er beskadiget eller defekt, skal du kontakte kundeservice for en <strong>erstatning eller refusion<\/strong>.<\/p>\n<p><strong>6. Hvordan kan jeg kontakte kundeservice?<\/strong><br \/>\nDu kan n\u00e5 os via<strong>\u00a0WhatsApp eller live chat<\/strong> p\u00e5 vores hjemmeside for at f\u00e5 hj\u00e6lp.<\/p>\n<\/div>\n<div class=\"relative p-1 rounded-sm flex items-center justify-center bg-token-main-surface-primary text-token-text-primary h-8 w-8\"><strong>7. Hvilke forsendelsesmetoder bruges?<\/strong><\/div>\n<\/div>\n<\/div>\n<\/div>\n<div class=\"group\/conversation-turn relative flex w-full min-w-0 flex-col agent-turn\">\n<div class=\"flex-col gap-1 md:gap-3\">\n<div class=\"flex max-w-full flex-col flex-grow\">\n<div class=\"min-h-[20px] text-message flex w-full flex-col items-end gap-2 whitespace-normal break-words [.text-message+&amp;]:mt-5 overflow-x-auto\" dir=\"auto\" data-message-author-role=\"assistant\" data-message-id=\"22f8283b-3233-46ff-89a5-c7a41b33abda\">\n<div class=\"flex w-full flex-col gap-1 empty:hidden first:pt-[3px]\">\n<div class=\"markdown prose w-full break-words dark:prose-invert light\">\n<p>Vi samarbejder med UPS, DHL, FedEx, DPD og andre f\u00f8rende transport\u00f8rer. Vi vil v\u00e6lge den bedste forsendelsesmetode baseret p\u00e5 din leveringsplacering for at sikre, at du modtager dine produkter s\u00e5 hurtigt som muligt.<\/p>\n<\/div>\n<\/div>\n<\/div>\n<\/div>\n<\/div>\n<\/div>\n<p>Find flere Vape-produkter, du m\u00e5ske kan lide:<strong><em><a href=\"https:\/\/rmvapesale.com\/da\/shop-2\/\">k\u00f8b nu &gt;&gt;&gt;<\/a><\/em><\/strong><\/p>","protected":false},"excerpt":{"rendered":"<p>Vapsolo DG 18000 Puffs Dobbelt Smag Genopladelig Engangs Vape<br \/>\nVapsolo DG 18k Pust Varmt Salg Engangs Vape K\u00f8b i l\u00f8s v\u00e6gt<br \/>\nVapsolo DG 18000 Puffs LED Display Smart Sk\u00e6rm Engangs engros<\/p>\n<p><strong>Kontakt Amy for at f\u00e5 det rigtige svar og en vape-kupon!<\/strong><\/p>\n<p><img loading=\"lazy\" decoding=\"async\" class=\"size-full wp-image-2375\" src=\"https:\/\/rmvapesale.com\/wp-content\/uploads\/2024\/10\/image.png\" alt=\"Bedste Engangs Vape\" width=\"229\" height=\"300\" \/><\/p>\n<h3><a href=\"https:\/\/wa.me\/8617776015835\"><span style=\"color: #ff0000\"><strong>WhatsApp: +86 17776015835<\/strong><\/span><\/a><\/h3>\n<p>&nbsp;<\/p>","protected":false},"featured_media":3006,"comment_status":"open","ping_status":"closed","template":"","meta":{"_uag_custom_page_level_css":"","_lmt_disableupdate":"no","_lmt_disable":"","site-sidebar-layout":"default","site-content-layout":"content-boxed-container","ast-site-content-layout":"normal-width-container","site-content-style":"boxed","site-sidebar-style":"unboxed","ast-global-header-display":"","ast-banner-title-visibility":"","ast-main-header-display":"","ast-hfb-above-header-display":"","ast-hfb-below-header-display":"","ast-hfb-mobile-header-display":"","site-post-title":"","ast-breadcrumbs-content":"","ast-featured-img":"","footer-sml-layout":"","theme-transparent-header-meta":"default","adv-header-id-meta":"","stick-header-meta":"","header-above-stick-meta":"","header-main-stick-meta":"","header-below-stick-meta":"","astra-migrate-meta-layouts":"set","ast-page-background-enabled":"default","ast-page-background-meta":{"desktop":{"background-color":"var(--ast-global-color-4)","background-image":"","background-repeat":"repeat","background-position":"center center","background-size":"auto","background-attachment":"scroll","background-type":"","background-media":"","overlay-type":"","overlay-color":"","overlay-opacity":"","overlay-gradient":""},"tablet":{"background-color":"","background-image":"","background-repeat":"repeat","background-position":"center center","background-size":"auto","background-attachment":"scroll","background-type":"","background-media":"","overlay-type":"","overlay-color":"","overlay-opacity":"","overlay-gradient":""},"mobile":{"background-color":"","background-image":"","background-repeat":"repeat","background-position":"center center","background-size":"auto","background-attachment":"scroll","background-type":"","background-media":"","overlay-type":"","overlay-color":"","overlay-opacity":"","overlay-gradient":""}},"ast-content-background-meta":{"desktop":{"background-color":"var(--ast-global-color-5)","background-image":"","background-repeat":"repeat","background-position":"center center","background-size":"auto","background-attachment":"scroll","background-type":"","background-media":"","overlay-type":"","overlay-color":"","overlay-opacity":"","overlay-gradient":""},"tablet":{"background-color":"var(--ast-global-color-5)","background-image":"","background-repeat":"repeat","background-position":"center center","background-size":"auto","background-attachment":"scroll","background-type":"","background-media":"","overlay-type":"","overlay-color":"","overlay-opacity":"","overlay-gradient":""},"mobile":{"background-color":"var(--ast-global-color-5)","background-image":"","background-repeat":"repeat","background-position":"center center","background-size":"auto","background-attachment":"scroll","background-type":"","background-media":"","overlay-type":"","overlay-color":"","overlay-opacity":"","overlay-gradient":""}},"_joinchat":[]},"product_brand":[],"product_cat":[15,289,290,291,292,298,293,295,299,275,25,123,26,28,135,27,137,136,30],"product_tag":[146,222,64,40,111,302,301],"class_list":{"0":"post-3011","1":"product","2":"type-product","3":"status-publish","4":"has-post-thumbnail","6":"product_cat-new-vape-this-week","7":"product_cat-big-puffs-disposable-vapes","8":"product_cat-crystal-disposable-vapes","9":"product_cat-dual-mesh-disposable-vapes","10":"product_cat-digital-disposable-vapes","11":"product_cat-double-flavor-disposable-vapes","12":"product_cat-low-nicotine-disposable-vapes","13":"product_cat-rechargeable-disposable-vapes","14":"product_cat-smart-screen-disposable-vapes","15":"product_cat-vapsolo-vape","16":"product_cat-germany-best-selling-vape","17":"product_cat-italy-wholesale-vape","18":"product_cat-netherlands-hot-sale-vape","19":"product_cat-poland-hot-sale-vape","20":"product_cat-spain-best-hot-sale-vape","21":"product_cat-fance-hot-sale-vape","22":"product_cat-rechargeable-vapes","23":"product_cat-smart-screen-vapes","24":"product_cat-minimum-order-quantity-50pcs","25":"product_tag-best-hot-sale-vape","26":"product_tag-double-flavor-vape","27":"product_tag-dual-flavour-vape","28":"product_tag-hot-sale-vape","29":"product_tag-low-nicotine-disposable-vape","30":"product_tag-vapsolo-dg-18000","31":"product_tag-vapsolo-vape","32":"desktop-align-left","33":"tablet-align-left","34":"mobile-align-left","36":"first","37":"instock","38":"sale","39":"shipping-taxable","40":"purchasable","41":"product-type-simple"},"uagb_featured_image_src":{"full":["https:\/\/rmvapesale.com\/wp-content\/uploads\/2025\/01\/Vapsolo-DG-18000-Puff-Disposable-Vape-Cheap-Price.webp",1000,1000,false],"thumbnail":["https:\/\/rmvapesale.com\/wp-content\/uploads\/2025\/01\/Vapsolo-DG-18000-Puff-Disposable-Vape-Cheap-Price-150x150.webp",150,150,true],"medium":["https:\/\/rmvapesale.com\/wp-content\/uploads\/2025\/01\/Vapsolo-DG-18000-Puff-Disposable-Vape-Cheap-Price-300x300.webp",300,300,true],"medium_large":["https:\/\/rmvapesale.com\/wp-content\/uploads\/2025\/01\/Vapsolo-DG-18000-Puff-Disposable-Vape-Cheap-Price-768x768.webp",768,768,true],"large":["https:\/\/rmvapesale.com\/wp-content\/uploads\/2025\/01\/Vapsolo-DG-18000-Puff-Disposable-Vape-Cheap-Price.webp",1000,1000,false],"1536x1536":["https:\/\/rmvapesale.com\/wp-content\/uploads\/2025\/01\/Vapsolo-DG-18000-Puff-Disposable-Vape-Cheap-Price.webp",1000,1000,false],"2048x2048":["https:\/\/rmvapesale.com\/wp-content\/uploads\/2025\/01\/Vapsolo-DG-18000-Puff-Disposable-Vape-Cheap-Price.webp",1000,1000,false],"trp-custom-language-flag":["https:\/\/rmvapesale.com\/wp-content\/uploads\/2025\/01\/Vapsolo-DG-18000-Puff-Disposable-Vape-Cheap-Price.webp",12,12,false],"woocommerce_thumbnail":["https:\/\/rmvapesale.com\/wp-content\/uploads\/2025\/01\/Vapsolo-DG-18000-Puff-Disposable-Vape-Cheap-Price-300x300.webp",300,300,true],"woocommerce_single":["https:\/\/rmvapesale.com\/wp-content\/uploads\/2025\/01\/Vapsolo-DG-18000-Puff-Disposable-Vape-Cheap-Price-600x600.webp",600,600,true],"woocommerce_gallery_thumbnail":["https:\/\/rmvapesale.com\/wp-content\/uploads\/2025\/01\/Vapsolo-DG-18000-Puff-Disposable-Vape-Cheap-Price-100x100.webp",100,100,true],"wcpr-photo-reviews":["https:\/\/rmvapesale.com\/wp-content\/uploads\/2025\/01\/Vapsolo-DG-18000-Puff-Disposable-Vape-Cheap-Price.webp",500,500,false]},"uagb_author_info":{"display_name":"AMY","author_link":"https:\/\/rmvapesale.com\/da\/author\/"},"uagb_comment_info":0,"uagb_excerpt":"Vapsolo DG 18000 Puffs Twins Flavor Rechargeable Disposable Vape Vapsolo DG 18k Puff Hot Sale\u00a0Disposable Vape Bulk Buy Vapsolo DG 18000 Puffs LED Display\u00a0Smart Screen Wholesale Disposable Contact Amy to get right reply and vape coupon! WhatsApp: +86 17776015835 &nbsp;","_links":{"self":[{"href":"https:\/\/rmvapesale.com\/da\/wp-json\/wp\/v2\/product\/3011","targetHints":{"allow":["GET"]}}],"collection":[{"href":"https:\/\/rmvapesale.com\/da\/wp-json\/wp\/v2\/product"}],"about":[{"href":"https:\/\/rmvapesale.com\/da\/wp-json\/wp\/v2\/types\/product"}],"replies":[{"embeddable":true,"href":"https:\/\/rmvapesale.com\/da\/wp-json\/wp\/v2\/comments?post=3011"}],"wp:featuredmedia":[{"embeddable":true,"href":"https:\/\/rmvapesale.com\/da\/wp-json\/wp\/v2\/media\/3006"}],"wp:attachment":[{"href":"https:\/\/rmvapesale.com\/da\/wp-json\/wp\/v2\/media?parent=3011"}],"wp:term":[{"taxonomy":"product_brand","embeddable":true,"href":"https:\/\/rmvapesale.com\/da\/wp-json\/wp\/v2\/product_brand?post=3011"},{"taxonomy":"product_cat","embeddable":true,"href":"https:\/\/rmvapesale.com\/da\/wp-json\/wp\/v2\/product_cat?post=3011"},{"taxonomy":"product_tag","embeddable":true,"href":"https:\/\/rmvapesale.com\/da\/wp-json\/wp\/v2\/product_tag?post=3011"}],"curies":[{"name":"wp","href":"https:\/\/api.w.org\/{rel}","templated":true}]}}