{"id":3015,"date":"2025-02-02T08:01:52","date_gmt":"2025-02-02T08:01:52","guid":{"rendered":"https:\/\/rmvapesale.com\/?post_type=product&#038;p=3015"},"modified":"2025-01-23T08:19:44","modified_gmt":"2025-01-23T08:19:44","slug":"smart-screen-disposable-vape-bang-king-35000-puff-35k-rechargeable-disposable-vape-0-2-5-nicotine-factory-price","status":"publish","type":"product","link":"https:\/\/rmvapesale.com\/da\/product\/smart-screen-disposable-vape-bang-king-35000-puff-35k-rechargeable-disposable-vape-0-2-5-nicotine-factory-price\/","title":{"rendered":"Smart Screen Engangs Vape Bang King 35000 Pust 35k Genopladelig Engangs Vape 0% 2% 5% Nikotin Fabrikspris"},"content":{"rendered":"<div class=\"B2VR9 CJHX3e\">\n<div class=\"wyccme\">\n<div class=\"flex-shrink-0 flex flex-col relative items-end\">\n<div class=\"pt-0\">\n<div class=\"gizmo-bot-avatar flex h-8 w-8 items-center justify-center overflow-hidden rounded-full\">\n<div class=\"relative p-1 rounded-sm flex items-center justify-center bg-token-main-surface-primary text-token-text-primary h-8 w-8\">\n<div class=\"flex-shrink-0 flex flex-col relative items-end\">\n<div class=\"pt-0\">\n<div class=\"gizmo-bot-avatar flex h-8 w-8 items-center justify-center overflow-hidden rounded-full\">\n<div class=\"flex-shrink-0 flex flex-col relative items-end\">\n<div class=\"pt-0\">\n<div class=\"gizmo-bot-avatar flex h-8 w-8 items-center justify-center overflow-hidden rounded-full\">\n<h1 class=\"relative p-1 rounded-sm flex items-center justify-center bg-token-main-surface-primary text-token-text-primary h-8 w-8\">Smart Screen Engangs Vape Bang King 35000 Pust 35k Genopladelig Engangs Vape 0% 2% 5% Nikotin Fabrikspris<\/h1>\n<\/div>\n<\/div>\n<\/div>\n<\/div>\n<\/div>\n<\/div>\n<\/div>\n<\/div>\n<\/div>\n<\/div>\n<div class=\"group\/conversation-turn relative flex w-full min-w-0 flex-col agent-turn\">\n<div class=\"flex-col gap-1 md:gap-3\">\n<div class=\"flex max-w-full flex-col flex-grow\">\n<div class=\"min-h-8 text-message flex w-full flex-col items-end gap-2 whitespace-normal break-words text-start [.text-message+&amp;]:mt-5\" dir=\"auto\" data-message-author-role=\"assistant\" data-message-id=\"80ece0c4-ead1-4ed9-a9f0-ddc22582b4f4\" data-message-model-slug=\"gpt-4o\">\n<p>Leder du efter en <strong>genopladelig engangs vape med h\u00f8j kapacitet<\/strong> med smarte funktioner? The <strong>Bang King 35000 Puffs Smart Screen Engangs Vape<\/strong> er det perfekte valg for dampere, der kr\u00e6ver <strong>stor puff kapacitet, justerbar luftstr\u00f8m og flere nikotinniveauer<\/strong>, alt sammen til en <strong>lav engrospris<\/strong>. Med en utrolig <strong>35.000 puff kapacitet<\/strong>, denne vape leverer langvarig nydelse, hvilket g\u00f8r den til en af de <strong>mest popul\u00e6re engangs vapes<\/strong> p\u00e5 markedet.<\/p>\n<p>Forudfyldt med <strong>23 ml e-v\u00e6ske<\/strong>sikrer Bang King en smagfuld og problemfri vapingoplevelse uden hyppige genopfyldninger. Den avancerede <strong>0,6\u03a9 modstand spole<\/strong> giver en j\u00e6vn og tilfredsstillende damp produktion, mens den innovative <strong>smart sk\u00e6rmvisning<\/strong> holder dig informeret med realtidsopdateringer om e-v\u00e6ske- og batteriniveauer.<\/p>\n<p>Designet til bekvemmelighed, underst\u00f8tter <strong>850mAh genopladeligt batteri<\/strong> underst\u00f8tter <strong>Type-C hurtigopladning<\/strong>, s\u00e5 du hurtigt kan vende tilbage til vaping. Uanset om du foretr\u00e6kker en <strong>lav nikotin vape<\/strong> eller et st\u00e6rkere hit, tilbyder Bang King flere nikotinstyrker, inklusive <strong>0%, 2%, 3% og 5%<\/strong>, der im\u00f8dekommer alle pr\u00e6ferencer.<\/p>\n<p>Med <strong>justerbare luftstr\u00f8m<\/strong>, kan du finjustere din vapingoplevelse for enten et strammere sug eller et bl\u00f8dere, mere luftigt hit. Plus, med <strong>12 l\u00e6kre smagsvarianter<\/strong> at v\u00e6lge imellem, er der noget, der tilfredsstiller enhver smag.<\/p>\n<p>Ideel til <strong>stork\u00f8bere og vapedistribut\u00f8rer i Danmark<\/strong>, denne enhed kommer til en <strong>direkte fabrikspris<\/strong>, hvilket g\u00f8r det til en fremragende mulighed for dem, der \u00f8nsker at <strong>k\u00f8be engangs-vapes i bulk<\/strong>.<\/p>\n<\/div>\n<\/div>\n<\/div>\n<\/div>\n<div class=\"flex-shrink-0 flex flex-col relative items-end\">\n<div class=\"pt-0\">\n<div class=\"gizmo-bot-avatar flex h-8 w-8 items-center justify-center overflow-hidden rounded-full\">\n<p>&nbsp;<\/p>\n<\/div>\n<\/div>\n<\/div>\n<\/div>\n<\/div>\n<p><strong>Kontakt Amy for at f\u00e5 det rigtige svar og en vape-kupon!<\/strong><\/p>\n<p><img loading=\"lazy\" decoding=\"async\" class=\"size-full wp-image-1978\" src=\"https:\/\/rmvapesale.com\/wp-content\/uploads\/2024\/09\/Disposable-Vape-Wholesale.jpg\" alt=\"Engrospriser p\u00e5 engangsvape\" width=\"229\" height=\"300\" \/><\/p>\n<h3><a href=\"https:\/\/wa.me\/8617776015835\" target=\"_blank\" rel=\"noopener\"><span style=\"color: #ff0000\"><strong>WhatsApp: +86 17776015835<\/strong><\/span><\/a><\/h3>\n<h3><\/h3>\n<h3><strong style=\"font-size: 1.7em\">Bang King 35000 Pust N\u00f8gleproduktfunktioner<\/strong><\/h3>\n<ul>\n<li><strong>Massive 35.000 Pust:<\/strong> Nyd forl\u00e6nget vaping uden hyppige udskiftninger.<\/li>\n<li><strong>23 ml E-v\u00e6skekapacitet:<\/strong> Giver langvarig nydelse uden behov for genopfyldning.<\/li>\n<li><strong>Smart Sk\u00e6rmvisning:<\/strong> Sporer pustetal og batteriniveau i realtid.<\/li>\n<li><strong>Nikotinmuligheder:<\/strong> F\u00e5s i 0%, 2%, 3% og 5% for at passe til alle brugere.<\/li>\n<li><strong>Genopladeligt 850mAh batteri:<\/strong> Langvarig ydeevne med hurtig Type-C opladning.<\/li>\n<li><strong>Justerbar luftstr\u00f8mskontrol:<\/strong> Tilpas dit sug for det perfekte hit.<\/li>\n<li><strong>Anti-Dry-Burn Beskyttelse:<\/strong> Sikrer en j\u00e6vn og ensartet vaping-oplevelse.<\/li>\n<li><strong>12 Smagsvarianter:<\/strong> Bredt udvalg af smage, der tilfredsstiller enhver smag.<\/li>\n<\/ul>\n<figure id=\"attachment_2996\" aria-describedby=\"caption-attachment-2996\" style=\"width: 800px\" class=\"wp-caption alignnone\"><img loading=\"lazy\" decoding=\"async\" class=\"wp-image-2996 size-full\" src=\"https:\/\/rmvapesale.com\/wp-content\/uploads\/2025\/01\/Bang-King-Vape-35000-Puffs-Disposable-Vapes-Bulk-Buy.webp\" alt=\"Bang King Vape 35000 Puffs Engangs Vapes Bulk K\u00f8b\" width=\"800\" height=\"800\" srcset=\"https:\/\/rmvapesale.com\/wp-content\/uploads\/2025\/01\/Bang-King-Vape-35000-Puffs-Disposable-Vapes-Bulk-Buy.webp 800w, https:\/\/rmvapesale.com\/wp-content\/uploads\/2025\/01\/Bang-King-Vape-35000-Puffs-Disposable-Vapes-Bulk-Buy-300x300.webp 300w, https:\/\/rmvapesale.com\/wp-content\/uploads\/2025\/01\/Bang-King-Vape-35000-Puffs-Disposable-Vapes-Bulk-Buy-150x150.webp 150w, https:\/\/rmvapesale.com\/wp-content\/uploads\/2025\/01\/Bang-King-Vape-35000-Puffs-Disposable-Vapes-Bulk-Buy-768x768.webp 768w, https:\/\/rmvapesale.com\/wp-content\/uploads\/2025\/01\/Bang-King-Vape-35000-Puffs-Disposable-Vapes-Bulk-Buy-600x600.webp 600w, https:\/\/rmvapesale.com\/wp-content\/uploads\/2025\/01\/Bang-King-Vape-35000-Puffs-Disposable-Vapes-Bulk-Buy-100x100.webp 100w\" sizes=\"auto, (max-width: 800px) 100vw, 800px\" \/><figcaption id=\"caption-attachment-2996\" class=\"wp-caption-text\">Bang King Vape 35000 Puffs Engangs Vapes Bulk K\u00f8b<\/figcaption><\/figure>\n<h3><strong style=\"font-size: 1.7em\">Top s\u00e6lgende smag til Bang King 35000 Puffs<\/strong><strong style=\"font-size: 1.7em\">\u00a0Vape<\/strong><\/h3>\n<p>The <strong>Bang King 35000 Puffs Genopladelig Engangs Vape<\/strong> tilbyder en <strong>premium vaping oplevelse<\/strong> til <strong>smart teknologi<\/strong>, hvilket g\u00f8r den til et topvalg for b\u00e5de personlig brug og engrosdistribution. Bestil nu og nyd det ultimative inden for engangs vaping!<\/p>\n<ol>\n<li>Jordb\u00e6r Mango<\/li>\n<li>Love66<\/li>\n<li>Blue Razz Ice<\/li>\n<li>Jordb\u00e6r Vandmelon<\/li>\n<li>Citron Mynte<\/li>\n<li>Dobbelt \u00c6ble<\/li>\n<li>Energidrik<\/li>\n<li>Fersken Is<\/li>\n<li>Jordb\u00e6r Kiwi<\/li>\n<li>Drue Ice<\/li>\n<li>Bl\u00e5b\u00e6r Ice<\/li>\n<li>Vandmelon<\/li>\n<\/ol>\n<h3><strong>Hvorfor v\u00e6lge Rmvapesale til Bang King 35000 Pust\u00a0 <\/strong><strong>V<\/strong><strong>Vape Engros<\/strong><strong>?<\/strong><\/h3>\n<div class=\"flex-shrink-0 flex flex-col relative items-end\">\n<div class=\"pt-0\">\n<div class=\"gizmo-bot-avatar flex h-8 w-8 items-center justify-center overflow-hidden rounded-full\">\n<p>Efterh\u00e5nden som konkurrencen p\u00e5 markedet for engangs e-cigaretter intensiveres, har Rmvapesale, en global leder inden for engros engangs vape-l\u00f8sninger, lanceret Uwin 35000 Smart Screen Engangs Vape. Dette banebrydende produkt tiltr\u00e6kker opm\u00e6rksomhed med sit unikke \u00e6stetiske og modedesign. Med et omfattende udvalg af frugtagtige smagsvarianter henvender det sig til et bredt spektrum af forbrugernes smag og understreger samtidig innovation og alsidighed.<\/p>\n<p class=\"relative p-1 rounded-sm flex items-center justify-center bg-token-main-surface-primary text-token-text-primary h-8 w-8\">Rmvapesale er din betroede vape-butik for premium engangs vapes. Med mere end 5 \u00e5rs erfaring bringer vi dig popul\u00e6re engangs vape-m\u00e6rker som Al Fakher, JNR Vape, Vapsolo Vape, Vapme Vape, <a href=\"https:\/\/rmvapesale.com\/da\/product-category\/bang-vapes\/\">Bang Vape<\/a>, Waspe Vape, WGA Vape og<a href=\"https:\/\/rmvapesale.com\/da\/product-category\/randm-fumot-vape\/\"> RandM Vape<\/a>. Vores sortiment omfatter hot sale engangs vape som <a href=\"https:\/\/rmvapesale.com\/da\/product\/vopk-tornado-15000-puffs-disposable-vape-led-display\/\">VOPK Tornado 15000 Puffs<\/a> og smagsrige valg som<a href=\"https:\/\/rmvapesale.com\/da\/product\/elf-box-ls15000-puffs-shisha-hookah-disposable-vape\/\"> ELF BOX shisha Hooka 15000 PUFFS<\/a>. Hvert produkt er udvalgt med fokus p\u00e5 kvalitet, v\u00e6rdi og variation, hvilket sikrer, at du finder det perfekte match til dine behov. Opdag enest\u00e5ende service og et bredt udvalg af topprodukter hos Rmvapesale.<\/p>\n<p class=\"relative p-1 rounded-sm flex items-center justify-center bg-token-main-surface-primary text-token-text-primary h-8 w-8\"><b style=\"font-size: 1.5em;font-style: inherit\">FAQS For Bang King 35000 Pust <\/b><b style=\"font-size: 1.5em;font-style: inherit\">Genopladelig engangsvape<\/b><\/p>\n<ol>\n<li><strong>Hvor kan jeg k\u00f8be Bang King 35000 Puffs Disposable Vape til engrospriser?<\/strong>\n<ul>\n<li>Du kan f\u00e5 de bedste fabriksdirekte priser hos <a href=\"https:\/\/rmvapesale.com\/da\/\" target=\"_new\" rel=\"noopener\">Rmvapesale<\/a>, din p\u00e5lidelige kilde til engros disposable vapes.<\/li>\n<\/ul>\n<\/li>\n<li><strong>Er Bang King 35000 vape genopladelig?<\/strong>\n<ul>\n<li>Ja, den leveres med et 850mAh genopladeligt batteri og underst\u00f8tter Type-C hurtigopladning.<\/li>\n<\/ul>\n<\/li>\n<li><strong>Hvilke nikotinstyrker er tilg\u00e6ngelige?<\/strong>\n<ul>\n<li>Denne vape er tilg\u00e6ngelig i 0%, 2%, 3% og 5% nikotinniveauer for at im\u00f8dekomme forskellige pr\u00e6ferencer.<\/li>\n<\/ul>\n<\/li>\n<li><strong>Hvordan fungerer smart screen displayet?<\/strong>\n<ul>\n<li>Displayet giver realtidsinformation om batterilevetid og e-v\u00e6skeniveauer, hvilket sikrer, at du altid er informeret.<\/li>\n<\/ul>\n<\/li>\n<li><strong>Tilbyder Bang King 35K justerbar luftstr\u00f8m?<\/strong>\n<ul>\n<li>Ja, den justerbare luftstr\u00f8msfunktion giver dig mulighed for at tilpasse din vaping-stil for et strammere eller l\u00f8sere sug.<\/li>\n<\/ul>\n<\/li>\n<\/ol>\n<\/div>\n<\/div>\n<\/div>\n<h2>Hvordan bestiller jeg?<\/h2>\n<div class=\"flex-shrink-0 flex flex-col relative items-end\">\n<div class=\"pt-0\">\n<div class=\"gizmo-bot-avatar flex h-8 w-8 items-center justify-center overflow-hidden rounded-full\">\n<div>\n<p><strong>1. Hvilke betalingsmetoder accepterer I?<\/strong><br \/>\n<span class=\"selectable-text copyable-text false\">Til betaling tilbyder vi bankoverf\u00f8rsel og Western Union. De fleste af vores kunder i Europa v\u00e6lger bankoverf\u00f8rsel, vi har en lokal bankkonto, som du kan betale til vores IBAN-konto uden gebyr. <\/span>.<\/p>\n<p><strong>2. Hvordan kan jeg spore min ordre?<\/strong><br \/>\nEfter pakken er afsendt, <span class=\"selectable-text copyable-text false\">vil vi tilbyde et sporingsnummer til reference, og vi vil ogs\u00e5 holde dig opdateret om status, indtil du har modtaget varerne<\/span>.<\/p>\n<p><strong>3. Hvor lang tid tager det at ankomme?<\/strong><\/p>\n<ul>\n<li>Forsendelse fra <strong>Kina lagre<\/strong> tager cirka <strong>7-14 hverdage<\/strong>.<\/li>\n<li>Forsendelse fra <strong>Europ\u00e6iske lagre<\/strong> tager normalt <strong>3-6 hverdage<\/strong>.<\/li>\n<\/ul>\n<p><strong>4. Hvordan kan jeg f\u00e5 hurtigere levering?<\/strong><br \/>\nFor hurtigere levering anbefaler vi at bestille fra vores <strong>Europ\u00e6iske lager<\/strong>, hvilket giver hurtigere leveringstider.<\/p>\n<p><strong>5. Hvad hvis jeg modtager et beskadiget eller defekt produkt?<\/strong><br \/>\nHvis din vare er beskadiget eller defekt, skal du kontakte kundeservice for en <strong>erstatning eller refusion<\/strong>.<\/p>\n<p><strong>6. Hvordan kan jeg kontakte kundeservice?<\/strong><br \/>\nDu kan n\u00e5 os via<strong>\u00a0WhatsApp eller live chat<\/strong> p\u00e5 vores hjemmeside for at f\u00e5 hj\u00e6lp.<\/p>\n<\/div>\n<div class=\"relative p-1 rounded-sm flex items-center justify-center bg-token-main-surface-primary text-token-text-primary h-8 w-8\"><strong>7. Hvilke forsendelsesmetoder bruges?<\/strong><\/div>\n<\/div>\n<\/div>\n<\/div>\n<div class=\"group\/conversation-turn relative flex w-full min-w-0 flex-col agent-turn\">\n<div class=\"flex-col gap-1 md:gap-3\">\n<div class=\"flex max-w-full flex-col flex-grow\">\n<div class=\"min-h-[20px] text-message flex w-full flex-col items-end gap-2 whitespace-normal break-words [.text-message+&amp;]:mt-5 overflow-x-auto\" dir=\"auto\" data-message-author-role=\"assistant\" data-message-id=\"22f8283b-3233-46ff-89a5-c7a41b33abda\">\n<div class=\"flex w-full flex-col gap-1 empty:hidden first:pt-[3px]\">\n<div class=\"markdown prose w-full break-words dark:prose-invert light\">\n<p>Vi samarbejder med UPS, DHL, FedEx, DPD og andre f\u00f8rende transport\u00f8rer. Vi vil v\u00e6lge den bedste forsendelsesmetode baseret p\u00e5 din leveringsplacering for at sikre, at du modtager dine produkter s\u00e5 hurtigt som muligt.<\/p>\n<\/div>\n<\/div>\n<\/div>\n<\/div>\n<\/div>\n<\/div>\n<p>Find flere Vape-produkter, du m\u00e5ske kan lide:<strong><em><a href=\"https:\/\/rmvapesale.com\/da\/shop-2\/\">k\u00f8b nu &gt;&gt;&gt;<\/a><\/em><\/strong><\/p>","protected":false},"excerpt":{"rendered":"<p>Bang King 35000 Puff Genopladelig Engangs Vape Bar Billig Pris<br \/>\nBang King 35k Puff Popul\u00e6r Engangs Vape Pen Bulk K\u00f8b<br \/>\nBangKing 35000 Puff LED Sk\u00e6rm Smart Sk\u00e6rm Engangs Vape Engros<\/p>\n<p><strong>Kontakt Amy for at f\u00e5 det rigtige svar og en vape-kupon!<\/strong><\/p>\n<p><img loading=\"lazy\" decoding=\"async\" class=\"size-full wp-image-2375\" src=\"https:\/\/rmvapesale.com\/wp-content\/uploads\/2024\/10\/image.png\" alt=\"Bedste Engangs Vape\" width=\"229\" height=\"300\" \/><\/p>\n<h3><a href=\"https:\/\/wa.me\/8617776015835\"><span style=\"color: #ff0000\"><strong>WhatsApp: +86 17776015835<\/strong><\/span><\/a><\/h3>\n<p>&nbsp;<\/p>","protected":false},"featured_media":2995,"comment_status":"open","ping_status":"closed","template":"","meta":{"_uag_custom_page_level_css":"","_lmt_disableupdate":"no","_lmt_disable":"","site-sidebar-layout":"default","site-content-layout":"content-boxed-container","ast-site-content-layout":"normal-width-container","site-content-style":"boxed","site-sidebar-style":"unboxed","ast-global-header-display":"","ast-banner-title-visibility":"","ast-main-header-display":"","ast-hfb-above-header-display":"","ast-hfb-below-header-display":"","ast-hfb-mobile-header-display":"","site-post-title":"","ast-breadcrumbs-content":"","ast-featured-img":"","footer-sml-layout":"","theme-transparent-header-meta":"default","adv-header-id-meta":"","stick-header-meta":"","header-above-stick-meta":"","header-main-stick-meta":"","header-below-stick-meta":"","astra-migrate-meta-layouts":"set","ast-page-background-enabled":"default","ast-page-background-meta":{"desktop":{"background-color":"var(--ast-global-color-4)","background-image":"","background-repeat":"repeat","background-position":"center center","background-size":"auto","background-attachment":"scroll","background-type":"","background-media":"","overlay-type":"","overlay-color":"","overlay-opacity":"","overlay-gradient":""},"tablet":{"background-color":"","background-image":"","background-repeat":"repeat","background-position":"center center","background-size":"auto","background-attachment":"scroll","background-type":"","background-media":"","overlay-type":"","overlay-color":"","overlay-opacity":"","overlay-gradient":""},"mobile":{"background-color":"","background-image":"","background-repeat":"repeat","background-position":"center center","background-size":"auto","background-attachment":"scroll","background-type":"","background-media":"","overlay-type":"","overlay-color":"","overlay-opacity":"","overlay-gradient":""}},"ast-content-background-meta":{"desktop":{"background-color":"var(--ast-global-color-5)","background-image":"","background-repeat":"repeat","background-position":"center center","background-size":"auto","background-attachment":"scroll","background-type":"","background-media":"","overlay-type":"","overlay-color":"","overlay-opacity":"","overlay-gradient":""},"tablet":{"background-color":"var(--ast-global-color-5)","background-image":"","background-repeat":"repeat","background-position":"center center","background-size":"auto","background-attachment":"scroll","background-type":"","background-media":"","overlay-type":"","overlay-color":"","overlay-opacity":"","overlay-gradient":""},"mobile":{"background-color":"var(--ast-global-color-5)","background-image":"","background-repeat":"repeat","background-position":"center center","background-size":"auto","background-attachment":"scroll","background-type":"","background-media":"","overlay-type":"","overlay-color":"","overlay-opacity":"","overlay-gradient":""}},"_joinchat":[]},"product_brand":[],"product_cat":[15,289,291,292,293,295,299,279,246,25,123,26,28,135,27,60,137,136,30],"product_tag":[308,76,199,146,64,40,111,306],"class_list":{"0":"post-3015","1":"product","2":"type-product","3":"status-publish","4":"has-post-thumbnail","6":"product_cat-new-vape-this-week","7":"product_cat-big-puffs-disposable-vapes","8":"product_cat-dual-mesh-disposable-vapes","9":"product_cat-digital-disposable-vapes","10":"product_cat-low-nicotine-disposable-vapes","11":"product_cat-rechargeable-disposable-vapes","12":"product_cat-smart-screen-disposable-vapes","13":"product_cat-bang-king-vape","14":"product_cat-35000-puffs-disposable-vape","15":"product_cat-germany-best-selling-vape","16":"product_cat-italy-wholesale-vape","17":"product_cat-netherlands-hot-sale-vape","18":"product_cat-poland-hot-sale-vape","19":"product_cat-spain-best-hot-sale-vape","20":"product_cat-fance-hot-sale-vape","21":"product_cat-bang-vapes","22":"product_cat-rechargeable-vapes","23":"product_cat-smart-screen-vapes","24":"product_cat-minimum-order-quantity-50pcs","25":"product_tag-bang-king-35000","26":"product_tag-bang-king-vape","27":"product_tag-bang-vape","28":"product_tag-best-hot-sale-vape","29":"product_tag-dual-flavour-vape","30":"product_tag-hot-sale-vape","31":"product_tag-low-nicotine-disposable-vape","32":"product_tag-puff-bar","33":"desktop-align-left","34":"tablet-align-left","35":"mobile-align-left","37":"first","38":"instock","39":"sale","40":"shipping-taxable","41":"purchasable","42":"product-type-simple"},"uagb_featured_image_src":{"full":["https:\/\/rmvapesale.com\/wp-content\/uploads\/2025\/01\/Bang-King-35k-Puffs-Disposable-Vapes-Wholesale.webp",800,800,false],"thumbnail":["https:\/\/rmvapesale.com\/wp-content\/uploads\/2025\/01\/Bang-King-35k-Puffs-Disposable-Vapes-Wholesale-150x150.webp",150,150,true],"medium":["https:\/\/rmvapesale.com\/wp-content\/uploads\/2025\/01\/Bang-King-35k-Puffs-Disposable-Vapes-Wholesale-300x300.webp",300,300,true],"medium_large":["https:\/\/rmvapesale.com\/wp-content\/uploads\/2025\/01\/Bang-King-35k-Puffs-Disposable-Vapes-Wholesale-768x768.webp",768,768,true],"large":["https:\/\/rmvapesale.com\/wp-content\/uploads\/2025\/01\/Bang-King-35k-Puffs-Disposable-Vapes-Wholesale.webp",800,800,false],"1536x1536":["https:\/\/rmvapesale.com\/wp-content\/uploads\/2025\/01\/Bang-King-35k-Puffs-Disposable-Vapes-Wholesale.webp",800,800,false],"2048x2048":["https:\/\/rmvapesale.com\/wp-content\/uploads\/2025\/01\/Bang-King-35k-Puffs-Disposable-Vapes-Wholesale.webp",800,800,false],"trp-custom-language-flag":["https:\/\/rmvapesale.com\/wp-content\/uploads\/2025\/01\/Bang-King-35k-Puffs-Disposable-Vapes-Wholesale.webp",12,12,false],"woocommerce_thumbnail":["https:\/\/rmvapesale.com\/wp-content\/uploads\/2025\/01\/Bang-King-35k-Puffs-Disposable-Vapes-Wholesale-300x300.webp",300,300,true],"woocommerce_single":["https:\/\/rmvapesale.com\/wp-content\/uploads\/2025\/01\/Bang-King-35k-Puffs-Disposable-Vapes-Wholesale-600x600.webp",600,600,true],"woocommerce_gallery_thumbnail":["https:\/\/rmvapesale.com\/wp-content\/uploads\/2025\/01\/Bang-King-35k-Puffs-Disposable-Vapes-Wholesale-100x100.webp",100,100,true],"wcpr-photo-reviews":["https:\/\/rmvapesale.com\/wp-content\/uploads\/2025\/01\/Bang-King-35k-Puffs-Disposable-Vapes-Wholesale.webp",500,500,false]},"uagb_author_info":{"display_name":"AMY","author_link":"https:\/\/rmvapesale.com\/da\/author\/"},"uagb_comment_info":0,"uagb_excerpt":"Bang King 35000 Puff\u00a0 Bar Rechargeable Disposable Vape Cheap Price Bang King 35k Puff Popular Disposable Vape Pen Bulk Buy BangKing 35000 Puff LED Display Smart Screen Disposable Vape Wholesale Contact Amy to get right reply and vape coupon! WhatsApp: +86 17776015835 &nbsp;","_links":{"self":[{"href":"https:\/\/rmvapesale.com\/da\/wp-json\/wp\/v2\/product\/3015","targetHints":{"allow":["GET"]}}],"collection":[{"href":"https:\/\/rmvapesale.com\/da\/wp-json\/wp\/v2\/product"}],"about":[{"href":"https:\/\/rmvapesale.com\/da\/wp-json\/wp\/v2\/types\/product"}],"replies":[{"embeddable":true,"href":"https:\/\/rmvapesale.com\/da\/wp-json\/wp\/v2\/comments?post=3015"}],"wp:featuredmedia":[{"embeddable":true,"href":"https:\/\/rmvapesale.com\/da\/wp-json\/wp\/v2\/media\/2995"}],"wp:attachment":[{"href":"https:\/\/rmvapesale.com\/da\/wp-json\/wp\/v2\/media?parent=3015"}],"wp:term":[{"taxonomy":"product_brand","embeddable":true,"href":"https:\/\/rmvapesale.com\/da\/wp-json\/wp\/v2\/product_brand?post=3015"},{"taxonomy":"product_cat","embeddable":true,"href":"https:\/\/rmvapesale.com\/da\/wp-json\/wp\/v2\/product_cat?post=3015"},{"taxonomy":"product_tag","embeddable":true,"href":"https:\/\/rmvapesale.com\/da\/wp-json\/wp\/v2\/product_tag?post=3015"}],"curies":[{"name":"wp","href":"https:\/\/api.w.org\/{rel}","templated":true}]}}