{"id":3017,"date":"2025-02-04T08:19:58","date_gmt":"2025-02-04T08:19:58","guid":{"rendered":"https:\/\/rmvapesale.com\/?post_type=product&#038;p=3017"},"modified":"2025-08-21T11:39:48","modified_gmt":"2025-08-21T11:39:48","slug":"uwin-crystal-35000-smart-screen-disposable-vape-puff-35k-rechargeable-disposable-vape-pen-bulk-buy","status":"publish","type":"product","link":"https:\/\/rmvapesale.com\/da\/product\/uwin-crystal-35000-smart-screen-disposable-vape-puff-35k-rechargeable-disposable-vape-pen-bulk-buy\/","title":{"rendered":"Uwin 35000 Smart Screen Engangs Vape Pust 35k Genopladelig Engangs Vape Pen K\u00f8b i l\u00f8s v\u00e6gt"},"content":{"rendered":"<div class=\"B2VR9 CJHX3e\">\n<div class=\"wyccme\">\n<div class=\"flex-shrink-0 flex flex-col relative items-end\">\n<div class=\"pt-0\">\n<div class=\"gizmo-bot-avatar flex h-8 w-8 items-center justify-center overflow-hidden rounded-full\">\n<div class=\"relative p-1 rounded-sm flex items-center justify-center bg-token-main-surface-primary text-token-text-primary h-8 w-8\">\n<div class=\"flex-shrink-0 flex flex-col relative items-end\">\n<div class=\"pt-0\">\n<div class=\"gizmo-bot-avatar flex h-8 w-8 items-center justify-center overflow-hidden rounded-full\">\n<div class=\"flex-shrink-0 flex flex-col relative items-end\">\n<div class=\"pt-0\">\n<div class=\"gizmo-bot-avatar flex h-8 w-8 items-center justify-center overflow-hidden rounded-full\">\n<h1 class=\"relative p-1 rounded-sm flex items-center justify-center bg-token-main-surface-primary text-token-text-primary h-8 w-8\">Uwin 35000 Smart Screen Engangs Vape Pust 35k Genopladelig Engangs Vape Pen K\u00f8b i l\u00f8s v\u00e6gt<\/h1>\n<\/div>\n<\/div>\n<\/div>\n<\/div>\n<\/div>\n<\/div>\n<\/div>\n<\/div>\n<\/div>\n<\/div>\n<div class=\"group\/conversation-turn relative flex w-full min-w-0 flex-col agent-turn\">\n<div class=\"flex-col gap-1 md:gap-3\">\n<div class=\"flex max-w-full flex-col flex-grow\">\n<div class=\"min-h-8 text-message flex w-full flex-col items-end gap-2 whitespace-normal break-words text-start [.text-message+&amp;]:mt-5\" dir=\"auto\" data-message-author-role=\"assistant\" data-message-id=\"80ece0c4-ead1-4ed9-a9f0-ddc22582b4f4\" data-message-model-slug=\"gpt-4o\">\n<p>The <strong>Uwin Crystal 35000 Smart Screen Engangs Vape<\/strong>, en game-changer i verdenen af <strong>genopladelige engangs vapes<\/strong>. Med en utrolig <strong>35.000 pust<\/strong>, er denne enhed designet til dampere, der \u00f8nsker <strong>langvarig ydeevne, justerbar luftstr\u00f8m og levende RGB-belysning, der sl\u00e5r til musikken<\/strong>, hvilket tilf\u00f8jer et strejf af sp\u00e6nding til hver vape-session.<\/p>\n<p>Forudfyldt med din yndlings e-v\u00e6ske tilbyder Uwin Crystal <strong>16 unikke smagsvarianter<\/strong>, hvilket sikrer, at der er noget for enhver smag. Uanset om du foretr\u00e6kker en <strong>lav nikotin vape<\/strong> eller en mere intens oplevelse, er denne vape pen tilg\u00e6ngelig i <strong>0%, 2%, 3% og 5% nikotinniveauer<\/strong>, hvilket g\u00f8r den perfekt til alle pr\u00e6ferencer.<\/p>\n<p>The <strong>smart sk\u00e6rmvisning<\/strong> giver dig mulighed for nemt at overv\u00e5ge din batterilevetid og antallet af sug, s\u00e5 du altid har kontrol. Drevet af et <strong>650mAh genopladeligt cobalt batteri<\/strong>, underst\u00f8tter enheden <strong>Type-C hurtigopladning<\/strong>, s\u00e5 du hurtigt kan oplade og forts\u00e6tte med at dampe.<\/p>\n<p>Designet med en <strong>1.0\u03a9 mesh coil<\/strong>giver Uwin Crystal en j\u00e6vn, konsistent damp med rig smag i hvert sug. Den <strong>justerbare luftstr\u00f8m<\/strong> funktion lader dig tilpasse dit sug for et strammere eller l\u00f8sere tr\u00e6k, hvilket giver fleksibilitet for b\u00e5de MTL- og DTL-dampere.<\/p>\n<p>Perfekt til <strong>engrosk\u00f8bere af engangs-vapes<\/strong>, hver karton indeholder <strong>160 stykker<\/strong>, med en samlet v\u00e6gt p\u00e5 <strong>21 kg<\/strong>, hvilket g\u00f8r det til en omkostningseffektiv l\u00f8sning for detailhandlere, der \u00f8nsker at <strong>k\u00f8be engangs-vapes i bulk til engrospriser<\/strong>.<\/p>\n<\/div>\n<\/div>\n<\/div>\n<\/div>\n<div class=\"flex-shrink-0 flex flex-col relative items-end\">\n<div class=\"pt-0\">\n<div class=\"gizmo-bot-avatar flex h-8 w-8 items-center justify-center overflow-hidden rounded-full\">\n<p>&nbsp;<\/p>\n<\/div>\n<\/div>\n<\/div>\n<\/div>\n<\/div>\n<p><strong>Kontakt Amy for at f\u00e5 det rigtige svar og en vape-kupon!<\/strong><\/p>\n<p><img loading=\"lazy\" decoding=\"async\" class=\"size-full wp-image-1978\" src=\"https:\/\/rmvapesale.com\/wp-content\/uploads\/2024\/09\/Disposable-Vape-Wholesale.jpg\" alt=\"Engrospriser p\u00e5 engangsvape\" width=\"229\" height=\"300\" \/><\/p>\n<h3><a href=\"https:\/\/wa.me\/8617776015835\" target=\"_blank\" rel=\"noopener\"><span style=\"color: #ff0000\"><strong>WhatsApp: +86 17776015835<\/strong><\/span><\/a><\/h3>\n<h3><\/h3>\n<h3><strong style=\"font-size: 1.7em\">Uwin 35000 Pust N\u00f8gleproduktfunktioner<\/strong><\/h3>\n<ul>\n<li><strong>35.000 Pust Kapacitet:<\/strong> Nyd udvidede vape-sessioner uden afbrydelser.<\/li>\n<li><strong>Nikotinstyrker:<\/strong> F\u00e5s i 0%, 2%, 3% og 5% for at matche dine vaping-pr\u00e6ferencer.<\/li>\n<li><strong>650mAh Genopladeligt Batteri:<\/strong> Kobaltbatteri med Type-C hurtigopladning for langvarig str\u00f8m.<\/li>\n<li><strong>Smart Sk\u00e6rmvisning:<\/strong> Hold nemt \u00f8je med batteriniveau og antal sug.<\/li>\n<li><strong>16 Smagsvarianter:<\/strong> Et bredt udvalg af smagsvarianter, der passer til enhver smag.<\/li>\n<li><strong>1.0\u03a9 Mesh Coil:<\/strong> Giver en j\u00e6vn dampudvikling og ensartet smagslevering.<\/li>\n<li><strong>Justerbar luftstr\u00f8mskontrol:<\/strong> Tilpas din vapingoplevelse med lethed.<\/li>\n<li><strong>RGB-lys synkroniseres med musik:<\/strong> Dynamisk belysning forbedrer din vapingstil.<\/li>\n<li><strong>Mulighed for bulk-k\u00f8b:<\/strong> 160 stk. pr. karton, ideel til engrosk\u00f8bere.<\/li>\n<\/ul>\n<figure id=\"attachment_3002\" aria-describedby=\"caption-attachment-3002\" style=\"width: 1024px\" class=\"wp-caption alignnone\"><img loading=\"lazy\" decoding=\"async\" class=\"wp-image-3002 size-large\" src=\"https:\/\/rmvapesale.com\/wp-content\/uploads\/2025\/01\/Tornado-Vape-35000-Puffs-Disposable-Vape-1024x1024.jpg\" alt=\"Tornado Vape 35000 Puffs engangs Vape\" width=\"1024\" height=\"1024\" srcset=\"https:\/\/rmvapesale.com\/wp-content\/uploads\/2025\/01\/Tornado-Vape-35000-Puffs-Disposable-Vape-1024x1024.jpg 1024w, https:\/\/rmvapesale.com\/wp-content\/uploads\/2025\/01\/Tornado-Vape-35000-Puffs-Disposable-Vape-300x300.jpg 300w, https:\/\/rmvapesale.com\/wp-content\/uploads\/2025\/01\/Tornado-Vape-35000-Puffs-Disposable-Vape-150x150.jpg 150w, https:\/\/rmvapesale.com\/wp-content\/uploads\/2025\/01\/Tornado-Vape-35000-Puffs-Disposable-Vape-768x768.jpg 768w, https:\/\/rmvapesale.com\/wp-content\/uploads\/2025\/01\/Tornado-Vape-35000-Puffs-Disposable-Vape-600x600.jpg 600w, https:\/\/rmvapesale.com\/wp-content\/uploads\/2025\/01\/Tornado-Vape-35000-Puffs-Disposable-Vape-100x100.jpg 100w, https:\/\/rmvapesale.com\/wp-content\/uploads\/2025\/01\/Tornado-Vape-35000-Puffs-Disposable-Vape.jpg 1126w\" sizes=\"auto, (max-width: 1024px) 100vw, 1024px\" \/><figcaption id=\"caption-attachment-3002\" class=\"wp-caption-text\">Tornado Vape 35000 Puffs engangs Vape<\/figcaption><\/figure>\n<h3><strong style=\"font-size: 1.7em\">Tops\u00e6lgende smag til Uwin 35000 Pust<\/strong><strong style=\"font-size: 1.7em\">\u00a0Vape<\/strong><\/h3>\n<p>1. Bl\u00e5b\u00e6r Hindb\u00e6r <span style=\"color: #ff0000\"><strong>&gt;&gt;&gt; Hot!<\/strong><\/span><br \/>\n2.Grape Ice<br \/>\n3. Jordb\u00e6r Vandmelon <span style=\"color: #ff0000\"><strong>&gt;&gt;&gt; Hot!<\/strong><\/span><br \/>\n4. Bl\u00e5b\u00e6r p\u00e5 is<br \/>\n5. Vandmelon Is<br \/>\n6. Kirseb\u00e6ris<br \/>\n7. Jordb\u00e6r Hindb\u00e6r Kirseb\u00e6ris <span style=\"color: #ff0000\"><strong>&gt;&gt;&gt; Hot!<\/strong><\/span><br \/>\n8. Kiwi Passionsfrugt Guava<br \/>\n9. Jordb\u00e6ris<br \/>\n10. Fersken Mango Ananas<br \/>\n11. Bl\u00e5b\u00e6r Kirseb\u00e6r Traneb\u00e6r <span style=\"color: #ff0000\"><strong>&gt;&gt;&gt; Hot!<\/strong><\/span><br \/>\n12. Fersken B\u00e6r<br \/>\n13. Kirseb\u00e6r Cola<br \/>\n14. Blandede B\u00e6r <span style=\"color: #ff0000\"><strong>&gt;&gt;&gt; Bedst!<\/strong><\/span><br \/>\n15. Mr. Blue <span style=\"color: #ff0000\"><strong>&gt;&gt;&gt; Hot!<\/strong><\/span><br \/>\n16. Sommer Fersken Is<\/p>\n<p>The <strong>Uwin Crystal 35000 Smart Screen Engangs Vape<\/strong> er et fremragende valg for dampere, der kr\u00e6ver <strong>h\u00f8j ydeevne, rige smagsoplevelser og avancerede funktioner<\/strong>. Uanset om du k\u00f8ber til dig selv eller \u00f8nsker at <strong>k\u00f8be i l\u00f8s v\u00e6gt<\/strong>, leverer denne vape enest\u00e5ende v\u00e6rdi til en uovertruffen pris. Bestil din i dag og nyd den ultimative dampoplevelse Uwin 35000 Smart Screen Engangs Vape Puff 35k Genopladelig Engangs Vape Pen Bulk K\u00f8b<\/p>\n<h3><strong>Hvorfor v\u00e6lge Rmvapesale til Uwin 35000 Puff\u00a0 <\/strong><strong>V<\/strong><strong>Vape Engros<\/strong><strong>?<\/strong><\/h3>\n<div class=\"flex-shrink-0 flex flex-col relative items-end\">\n<div class=\"pt-0\">\n<div class=\"gizmo-bot-avatar flex h-8 w-8 items-center justify-center overflow-hidden rounded-full\">\n<p>Efterh\u00e5nden som konkurrencen p\u00e5 markedet for engangs e-cigaretter intensiveres, har Rmvapesale, en global leder inden for engros engangs vape-l\u00f8sninger, lanceret Uwin 35000 Smart Screen Engangs Vape. Dette banebrydende produkt tiltr\u00e6kker opm\u00e6rksomhed med sit unikke \u00e6stetiske og modedesign. Med et omfattende udvalg af frugtagtige smagsvarianter henvender det sig til et bredt spektrum af forbrugernes smag og understreger samtidig innovation og alsidighed.<\/p>\n<p class=\"relative p-1 rounded-sm flex items-center justify-center bg-token-main-surface-primary text-token-text-primary h-8 w-8\">Rmvapesale er din betroede vape-butik for premium engangs vapes. Med mere end 5 \u00e5rs erfaring bringer vi dig popul\u00e6re engangs vape-m\u00e6rker som Al Fakher, JNR Vape, Vapsolo Vape, Vapme Vape, <a href=\"https:\/\/rmvapesale.com\/da\/product-category\/bang-vapes\/\">Bang Vape<\/a>, Waspe Vape, WGA Vape og<a href=\"https:\/\/rmvapesale.com\/da\/product-category\/randm-fumot-vape\/\"> RandM Vape<\/a>. Vores sortiment omfatter hot sale engangs vape som <a href=\"https:\/\/rmvapesale.com\/da\/product\/vozol-gear-power-20000-puff-disposable-vape\/\">Vozol Gear 20000 Puffs<\/a> og smagsrige valg som<a href=\"https:\/\/rmvapesale.com\/da\/product\/elf-box-shisha-16000-puffs-led-display-disposable-vape\/\"> ELF BOX shisha Hooka 16000 PUFFS<\/a>. Hvert produkt er udvalgt med fokus p\u00e5 kvalitet, v\u00e6rdi og variation, hvilket sikrer, at du finder det perfekte match til dine behov. Opdag enest\u00e5ende service og et bredt udvalg af topprodukter hos Rmvapesale.<\/p>\n<p class=\"relative p-1 rounded-sm flex items-center justify-center bg-token-main-surface-primary text-token-text-primary h-8 w-8\"><b style=\"font-size: 1.5em;font-style: inherit\">FAQS For Uwin 35000 <\/b><b style=\"font-size: 1.5em;font-style: inherit\">Genopladelig engangsvape<\/b><\/p>\n<ol>\n<li><strong>Hvor kan jeg k\u00f8be Uwin Crystal 35000 Disposable Vape til engrospriser?<\/strong>\n<ul>\n<li>Du kan k\u00f8be den til fabrikspriser fra <a href=\"https:\/\/rmvapesale.com\/da\/\" target=\"_new\" rel=\"noopener\">Rmvapesale<\/a>, din p\u00e5lidelige kilde til engros disposable vapes.<\/li>\n<\/ul>\n<\/li>\n<li><strong>Er Uwin Crystal 35000 vape genopladelig?<\/strong>\n<ul>\n<li>Ja, den har et 650mAh genopladeligt cobalt batteri med en Type-C opladningsport for hurtig genopladning.<\/li>\n<\/ul>\n<\/li>\n<li><strong>Hvilke nikotinstyrker er tilg\u00e6ngelige for denne vape?<\/strong>\n<ul>\n<li>Uwin Crystal kommer i fire nikotinstyrker: 0%, 2%, 3% og 5%, der im\u00f8dekommer forskellige vapingpr\u00e6ferencer.<\/li>\n<\/ul>\n<\/li>\n<li><strong>Hvordan fungerer smart screen displayet?<\/strong>\n<ul>\n<li>Sk\u00e6rmen giver realtidsopdateringer om antal sug og batteristatus, s\u00e5 du altid er informeret.<\/li>\n<\/ul>\n<\/li>\n<li><strong>Har Uwin Crystal justerbar luftstr\u00f8m?<\/strong>\n<ul>\n<li>Ja, det inkluderer et justerbart luftstr\u00f8mssystem, s\u00e5 du kan tilpasse din vaping-stil for et perfekt sug.<\/li>\n<\/ul>\n<\/li>\n<\/ol>\n<\/div>\n<\/div>\n<\/div>\n<h2>Hvordan bestiller jeg?<\/h2>\n<div class=\"flex-shrink-0 flex flex-col relative items-end\">\n<div class=\"pt-0\">\n<div class=\"gizmo-bot-avatar flex h-8 w-8 items-center justify-center overflow-hidden rounded-full\">\n<div>\n<p><strong>1. Hvilke betalingsmetoder accepterer I?<\/strong><br \/>\n<span class=\"selectable-text copyable-text false\">Til betaling tilbyder vi bankoverf\u00f8rsel og Western Union. De fleste af vores kunder i Europa v\u00e6lger bankoverf\u00f8rsel, vi har en lokal bankkonto, som du kan betale til vores IBAN-konto uden gebyr. <\/span>.<\/p>\n<p><strong>2. Hvordan kan jeg spore min ordre?<\/strong><br \/>\nEfter pakken er afsendt, <span class=\"selectable-text copyable-text false\">vil vi tilbyde et sporingsnummer til reference, og vi vil ogs\u00e5 holde dig opdateret om status, indtil du har modtaget varerne<\/span>.<\/p>\n<p><strong>3. Hvor lang tid tager det at ankomme?<\/strong><\/p>\n<ul>\n<li>Forsendelse fra <strong>Kina lagre<\/strong> tager cirka <strong>7-14 hverdage<\/strong>.<\/li>\n<li>Forsendelse fra <strong>Europ\u00e6iske lagre<\/strong> tager normalt <strong>3-6 hverdage<\/strong>.<\/li>\n<\/ul>\n<p><strong>4. Hvordan kan jeg f\u00e5 hurtigere levering?<\/strong><br \/>\nFor hurtigere levering anbefaler vi at bestille fra vores <strong>Europ\u00e6iske lager<\/strong>, hvilket giver hurtigere leveringstider.<\/p>\n<p><strong>5. Hvad hvis jeg modtager et beskadiget eller defekt produkt?<\/strong><br \/>\nHvis din vare er beskadiget eller defekt, skal du kontakte kundeservice for en <strong>erstatning eller refusion<\/strong>.<\/p>\n<p><strong>6. Hvordan kan jeg kontakte kundeservice?<\/strong><br \/>\nDu kan n\u00e5 os via<strong>\u00a0WhatsApp eller live chat<\/strong> p\u00e5 vores hjemmeside for at f\u00e5 hj\u00e6lp.<\/p>\n<\/div>\n<div class=\"relative p-1 rounded-sm flex items-center justify-center bg-token-main-surface-primary text-token-text-primary h-8 w-8\"><strong>7. Hvilke forsendelsesmetoder bruges?<\/strong><\/div>\n<\/div>\n<\/div>\n<\/div>\n<div class=\"group\/conversation-turn relative flex w-full min-w-0 flex-col agent-turn\">\n<div class=\"flex-col gap-1 md:gap-3\">\n<div class=\"flex max-w-full flex-col flex-grow\">\n<div class=\"min-h-[20px] text-message flex w-full flex-col items-end gap-2 whitespace-normal break-words [.text-message+&amp;]:mt-5 overflow-x-auto\" dir=\"auto\" data-message-author-role=\"assistant\" data-message-id=\"22f8283b-3233-46ff-89a5-c7a41b33abda\">\n<div class=\"flex w-full flex-col gap-1 empty:hidden first:pt-[3px]\">\n<div class=\"markdown prose w-full break-words dark:prose-invert light\">\n<p>Vi samarbejder med UPS, DHL, FedEx, DPD og andre f\u00f8rende transport\u00f8rer. Vi vil v\u00e6lge den bedste forsendelsesmetode baseret p\u00e5 din leveringsplacering for at sikre, at du modtager dine produkter s\u00e5 hurtigt som muligt.<\/p>\n<\/div>\n<\/div>\n<\/div>\n<\/div>\n<\/div>\n<\/div>\n<p>Find flere Vape-produkter, du m\u00e5ske kan lide:<strong><em><a href=\"https:\/\/rmvapesale.com\/da\/shop-2\/\">k\u00f8b nu &gt;&gt;&gt;<\/a><\/em><\/strong><\/p>","protected":false},"excerpt":{"rendered":"<p>Smart Screen Vape Uwin 35000 Pust Bar Genopladelig Engangs Vape Billig Pris<br \/>\nUwin 35000 Pust Popul\u00e6r Engangs Vape Pen Bulk K\u00f8b<br \/>\nBedste Uwin 35000 35k Pust LED Display Smart Screen Engangs Vape Engros<\/p>\n<p><strong>Kontakt Amy for at f\u00e5 det rigtige svar og en vape-kupon!<\/strong><\/p>\n<p><img loading=\"lazy\" decoding=\"async\" class=\"size-full wp-image-2375\" src=\"https:\/\/rmvapesale.com\/wp-content\/uploads\/2024\/10\/image.png\" alt=\"Bedste Engangs Vape\" width=\"229\" height=\"300\" \/><\/p>\n<h3><a href=\"https:\/\/wa.me\/8617776015835\"><span style=\"color: #ff0000\"><strong>WhatsApp: +86 17776015835<\/strong><\/span><\/a><\/h3>\n<p>&nbsp;<\/p>","protected":false},"featured_media":3001,"comment_status":"open","ping_status":"closed","template":"","meta":{"_uag_custom_page_level_css":"","_lmt_disableupdate":"no","_lmt_disable":"","site-sidebar-layout":"default","site-content-layout":"content-boxed-container","ast-site-content-layout":"normal-width-container","site-content-style":"boxed","site-sidebar-style":"unboxed","ast-global-header-display":"","ast-banner-title-visibility":"","ast-main-header-display":"","ast-hfb-above-header-display":"","ast-hfb-below-header-display":"","ast-hfb-mobile-header-display":"","site-post-title":"","ast-breadcrumbs-content":"","ast-featured-img":"","footer-sml-layout":"","theme-transparent-header-meta":"default","adv-header-id-meta":"","stick-header-meta":"","header-above-stick-meta":"","header-main-stick-meta":"","header-below-stick-meta":"","astra-migrate-meta-layouts":"set","ast-page-background-enabled":"default","ast-page-background-meta":{"desktop":{"background-color":"var(--ast-global-color-4)","background-image":"","background-repeat":"repeat","background-position":"center center","background-size":"auto","background-attachment":"scroll","background-type":"","background-media":"","overlay-type":"","overlay-color":"","overlay-opacity":"","overlay-gradient":""},"tablet":{"background-color":"","background-image":"","background-repeat":"repeat","background-position":"center center","background-size":"auto","background-attachment":"scroll","background-type":"","background-media":"","overlay-type":"","overlay-color":"","overlay-opacity":"","overlay-gradient":""},"mobile":{"background-color":"","background-image":"","background-repeat":"repeat","background-position":"center center","background-size":"auto","background-attachment":"scroll","background-type":"","background-media":"","overlay-type":"","overlay-color":"","overlay-opacity":"","overlay-gradient":""}},"ast-content-background-meta":{"desktop":{"background-color":"var(--ast-global-color-5)","background-image":"","background-repeat":"repeat","background-position":"center center","background-size":"auto","background-attachment":"scroll","background-type":"","background-media":"","overlay-type":"","overlay-color":"","overlay-opacity":"","overlay-gradient":""},"tablet":{"background-color":"var(--ast-global-color-5)","background-image":"","background-repeat":"repeat","background-position":"center center","background-size":"auto","background-attachment":"scroll","background-type":"","background-media":"","overlay-type":"","overlay-color":"","overlay-opacity":"","overlay-gradient":""},"mobile":{"background-color":"var(--ast-global-color-5)","background-image":"","background-repeat":"repeat","background-position":"center center","background-size":"auto","background-attachment":"scroll","background-type":"","background-media":"","overlay-type":"","overlay-color":"","overlay-opacity":"","overlay-gradient":""}},"_joinchat":[]},"product_brand":[],"product_cat":[15,289,291,292,293,295,299,282,246,25,123,26,28,135,27,137,136,30],"product_tag":[146,64,40,111,310,306,309],"class_list":{"0":"post-3017","1":"product","2":"type-product","3":"status-publish","4":"has-post-thumbnail","6":"product_cat-new-vape-this-week","7":"product_cat-big-puffs-disposable-vapes","8":"product_cat-dual-mesh-disposable-vapes","9":"product_cat-digital-disposable-vapes","10":"product_cat-low-nicotine-disposable-vapes","11":"product_cat-rechargeable-disposable-vapes","12":"product_cat-smart-screen-disposable-vapes","13":"product_cat-uwin-vape","14":"product_cat-35000-puffs-disposable-vape","15":"product_cat-germany-best-selling-vape","16":"product_cat-italy-wholesale-vape","17":"product_cat-netherlands-hot-sale-vape","18":"product_cat-poland-hot-sale-vape","19":"product_cat-spain-best-hot-sale-vape","20":"product_cat-fance-hot-sale-vape","21":"product_cat-rechargeable-vapes","22":"product_cat-smart-screen-vapes","23":"product_cat-minimum-order-quantity-50pcs","24":"product_tag-best-hot-sale-vape","25":"product_tag-dual-flavour-vape","26":"product_tag-hot-sale-vape","27":"product_tag-low-nicotine-disposable-vape","28":"product_tag-puff-35k","29":"product_tag-puff-bar","30":"product_tag-uwin-35000","31":"desktop-align-left","32":"tablet-align-left","33":"mobile-align-left","35":"first","36":"instock","37":"sale","38":"shipping-taxable","39":"purchasable","40":"product-type-simple"},"uagb_featured_image_src":{"full":["https:\/\/rmvapesale.com\/wp-content\/uploads\/2025\/01\/Tornado-Vape-35000-UWIN-Disposable-Vape.jpg",1126,1126,false],"thumbnail":["https:\/\/rmvapesale.com\/wp-content\/uploads\/2025\/01\/Tornado-Vape-35000-UWIN-Disposable-Vape-150x150.jpg",150,150,true],"medium":["https:\/\/rmvapesale.com\/wp-content\/uploads\/2025\/01\/Tornado-Vape-35000-UWIN-Disposable-Vape-300x300.jpg",300,300,true],"medium_large":["https:\/\/rmvapesale.com\/wp-content\/uploads\/2025\/01\/Tornado-Vape-35000-UWIN-Disposable-Vape-768x768.jpg",768,768,true],"large":["https:\/\/rmvapesale.com\/wp-content\/uploads\/2025\/01\/Tornado-Vape-35000-UWIN-Disposable-Vape-1024x1024.jpg",1024,1024,true],"1536x1536":["https:\/\/rmvapesale.com\/wp-content\/uploads\/2025\/01\/Tornado-Vape-35000-UWIN-Disposable-Vape.jpg",1126,1126,false],"2048x2048":["https:\/\/rmvapesale.com\/wp-content\/uploads\/2025\/01\/Tornado-Vape-35000-UWIN-Disposable-Vape.jpg",1126,1126,false],"trp-custom-language-flag":["https:\/\/rmvapesale.com\/wp-content\/uploads\/2025\/01\/Tornado-Vape-35000-UWIN-Disposable-Vape.jpg",12,12,false],"woocommerce_thumbnail":["https:\/\/rmvapesale.com\/wp-content\/uploads\/2025\/01\/Tornado-Vape-35000-UWIN-Disposable-Vape-300x300.jpg",300,300,true],"woocommerce_single":["https:\/\/rmvapesale.com\/wp-content\/uploads\/2025\/01\/Tornado-Vape-35000-UWIN-Disposable-Vape-600x600.jpg",600,600,true],"woocommerce_gallery_thumbnail":["https:\/\/rmvapesale.com\/wp-content\/uploads\/2025\/01\/Tornado-Vape-35000-UWIN-Disposable-Vape-100x100.jpg",100,100,true],"wcpr-photo-reviews":["https:\/\/rmvapesale.com\/wp-content\/uploads\/2025\/01\/Tornado-Vape-35000-UWIN-Disposable-Vape.jpg",500,500,false]},"uagb_author_info":{"display_name":"AMY","author_link":"https:\/\/rmvapesale.com\/da\/author\/"},"uagb_comment_info":0,"uagb_excerpt":"Smart Screen Vape Uwin 35000 Puff\u00a0 Bar Rechargeable Disposable Vape Cheap Price Uwin 35000 Puff Popular Disposable Vape Pen Bulk Buy Best Uwin 35000 35k Puff LED Display Smart Screen Disposable Vape Wholesale Contact Amy to get right reply and vape coupon! WhatsApp: +86 17776015835 &nbsp;","_links":{"self":[{"href":"https:\/\/rmvapesale.com\/da\/wp-json\/wp\/v2\/product\/3017","targetHints":{"allow":["GET"]}}],"collection":[{"href":"https:\/\/rmvapesale.com\/da\/wp-json\/wp\/v2\/product"}],"about":[{"href":"https:\/\/rmvapesale.com\/da\/wp-json\/wp\/v2\/types\/product"}],"replies":[{"embeddable":true,"href":"https:\/\/rmvapesale.com\/da\/wp-json\/wp\/v2\/comments?post=3017"}],"wp:featuredmedia":[{"embeddable":true,"href":"https:\/\/rmvapesale.com\/da\/wp-json\/wp\/v2\/media\/3001"}],"wp:attachment":[{"href":"https:\/\/rmvapesale.com\/da\/wp-json\/wp\/v2\/media?parent=3017"}],"wp:term":[{"taxonomy":"product_brand","embeddable":true,"href":"https:\/\/rmvapesale.com\/da\/wp-json\/wp\/v2\/product_brand?post=3017"},{"taxonomy":"product_cat","embeddable":true,"href":"https:\/\/rmvapesale.com\/da\/wp-json\/wp\/v2\/product_cat?post=3017"},{"taxonomy":"product_tag","embeddable":true,"href":"https:\/\/rmvapesale.com\/da\/wp-json\/wp\/v2\/product_tag?post=3017"}],"curies":[{"name":"wp","href":"https:\/\/api.w.org\/{rel}","templated":true}]}}