{"id":370,"date":"2021-08-20T11:50:58","date_gmt":"2021-08-20T11:50:58","guid":{"rendered":"https:\/\/rmvapesale.com\/product\/hybrid-cleansing-balm\/"},"modified":"2025-01-20T03:10:16","modified_gmt":"2025-01-20T03:10:16","slug":"randm-vape-al-fakher-10000-puffs-vape-wholesale","status":"publish","type":"product","link":"https:\/\/rmvapesale.com\/da\/product\/randm-vape-al-fakher-10000-puffs-vape-wholesale\/","title":{"rendered":"Randm Vape Al Fakher 10000 PUFFS VAPE Engrospris Fumot SHISHA 10K"},"content":{"rendered":"<h1><strong>Randm Vape Al Fakher 10000 PUFFS VAPE Engrospris Fumot SHISHA 10K<\/strong><\/h1>\n<p>Randm Vape Al Fakher 10000 er en revolutionerende genopladelig DTL (Direct To Lung) Vape, der omdefinerer vaping. Med en LED-indikator giver den realtidsopdateringer om e-v\u00e6skeniveau og str\u00f8m, hvilket sikrer, at du altid har kontrol. Med en praktisk Type-C-port placeret p\u00e5 basen, er opladning af denne vape ubesv\u00e6ret og hurtig.<\/p>\n<p>Forfyldt med 18 ml e-v\u00e6ske, leverer Shisha bar 10000 en nikotinstyrke p\u00e5 0,5 %, og tilbyder op til forbl\u00f8ffende 10.000 sug i et testmilj\u00f8. Men det handler ikke kun om kvantitet \u2013 denne vape kan prale af Mesh Coil-teknologi, der integrerer en lav-modstands 0,6 ohm spole for maksimalt opvarmningsareal. Sig farvel til t\u00f8rre hits og uj\u00e6vn smagsfordeling; Mesh Coil-designet sikrer ensartet opvarmning, hvilket resulterer i j\u00e6vnere tr\u00e6k og rigere damp-produktion.<\/p>\n<p>Nu er denne Randm Vape Al Fakher vape et varmt salg i de fleste europ\u00e6iske lande som Tyskland, Holland, Frankrig, Italien, Schweiz, Sverige, Spanien, Polen, Belgien, \u00d8strig, Norge, Danmark, der er det et godt valg for detailhandlere, der leder efter omkostningseffektive engangsvapes med engrospris for bulk k\u00f8b.<\/p>\n<p><strong>Tilf\u00f8j salgschef AMY whatsapp <a href=\"https:\/\/wa.me\/8617776015835\" target=\"_blank\" rel=\"noopener\">+86-17776015835<\/a> f\u00e5 mere rabat!<\/strong><\/p>\n<p><img loading=\"lazy\" decoding=\"async\" class=\"size-medium wp-image-1814\" src=\"https:\/\/rmvapesale.com\/wp-content\/uploads\/2024\/04\/whatsapp-amy-229x300.jpg\" alt=\"whatsapp amy\" width=\"229\" height=\"300\" srcset=\"https:\/\/rmvapesale.com\/wp-content\/uploads\/2024\/04\/whatsapp-amy-229x300.jpg 229w, https:\/\/rmvapesale.com\/wp-content\/uploads\/2024\/04\/whatsapp-amy-783x1024.jpg 783w, https:\/\/rmvapesale.com\/wp-content\/uploads\/2024\/04\/whatsapp-amy-768x1005.jpg 768w, https:\/\/rmvapesale.com\/wp-content\/uploads\/2024\/04\/whatsapp-amy-600x785.jpg 600w, https:\/\/rmvapesale.com\/wp-content\/uploads\/2024\/04\/whatsapp-amy.jpg 990w\" sizes=\"auto, (max-width: 229px) 100vw, 229px\" \/><\/p>\n<h2>Randm Vape Al Fakher 10000 sug FAQS<\/h2>\n<p><strong>1. Hvad er inkluderet i Randm Vape Al Fakher 10000 PUFFS VAPE?<\/strong><\/p>\n<ul>\n<li>Hver pakke inkluderer en genopladelig DTL (Direct To Lung) Vape-enhed, forfyldt med 18 ml e-v\u00e6ske, og med en LED-indikator. Derudover indeholder pakken et Type-C opladningskabel for praktisk opladning.<\/li>\n<\/ul>\n<p><strong>2. Hvor mange sug kan jeg forvente fra Fumot Vape Shisha 10000 Sug?<\/strong><\/p>\n<ul>\n<li>Shisha 10000 kan prale af imponerende 10.000 sug (i et testmilj\u00f8), hvilket giver udvidet brug og langvarig tilfredshed.<\/li>\n<\/ul>\n<p><strong>3. Hvilken nikotinstyrke tilbyder Randm Shisha 10000 sug?<\/strong><\/p>\n<ul>\n<li>Shisha 10000 kommer forfyldt med e-v\u00e6ske i 0,5 % nikotinstyrke, hvilket giver en afbalanceret vaping-oplevelse.<\/li>\n<\/ul>\n<p><strong>4. Kan jeg v\u00e6lge min foretrukne smag med Shisha 10k vape Fumot?<\/strong><\/p>\n<ul>\n<li>Ja, absolut! Shisha 10000 tilbyder et udvalg af 34 smage for at im\u00f8dekomme forskellige pr\u00e6ferencer, hvilket sikrer, at der er noget for enhver smag.<\/li>\n<\/ul>\n<p><strong>5. Hvordan forbedrer Mesh Coil-teknologien vaping-oplevelsen?<\/strong><\/p>\n<ul>\n<li>Mesh Coil-teknologien integreret i Randm Vape Fumot Shisha 10000 har en lav-modstands 0,6 ohm spole, der maksimerer opvarmningsarealet for j\u00e6vnere tr\u00e6k og rigere damp-produktion. Denne teknologi sikrer konsekvent og j\u00e6vn opvarmning af e-v\u00e6sken, hvilket giver en up\u00e5klagelig smagsoplevelse.<\/li>\n<\/ul>\n<p><strong>6. Er Fumot AI FAKHER <\/strong><strong>Shisha 10000 PUFFS let at oplade?<\/strong><\/p>\n<ul>\n<li>Ja, RANDM Shisha 10000 PUFFS har en Type-C-port i bunden til hurtig og bekvem opladning. Du skal blot tilslutte det medf\u00f8lgende Type-C-opladningskabel til en str\u00f8mkilde for hurtigt at genoplade batteriet.<\/li>\n<\/ul>\n<p><strong>7. Kan jeg styre luftstr\u00f8mmen med FUMOT VAPE Shisha 10K PUFFS WHOLESALE?<\/strong><\/p>\n<ul>\n<li>Ja, Shisha 10000 er udstyret med luftstr\u00f8mskontrol, som giver brugerne mulighed for at justere luftstr\u00f8mmen efter deres pr\u00e6ference for en tilpasset dampoplevelse.<\/li>\n<\/ul>\n<p><strong>8. Er WHOLESALE FUMOT RANDM VAPE Shisha 10000 egnet til b\u00e5de begyndere og erfarne dampere?<\/strong><\/p>\n<ul>\n<li>Absolut! Shisha 10000 er designet til at im\u00f8dekomme behovene hos b\u00e5de begyndere og erfarne dampere og tilbyder brugervenlighed, avancerede funktioner og enest\u00e5ende ydeevne for alle.<\/li>\n<\/ul>\n<p><strong>9. Hvad skal jeg g\u00f8re, hvis jeg har yderligere sp\u00f8rgsm\u00e5l eller har brug for hj\u00e6lp?<\/strong><\/p>\n<ul>\n<li>Hvis du har yderligere sp\u00f8rgsm\u00e5l eller har brug for hj\u00e6lp med Randm Vape Al Fakher 10000 PUFFS VAPE<\/li>\n<\/ul>\n<p>Find flere Vape-produkter, du m\u00e5ske kan lide:<em><a href=\"https:\/\/rmvapesale.com\/da\/shop-2\/\">k\u00f8b nu\u00a0<\/a><\/em><\/p>\n<p>andre varme salg vape du m\u00e5ske kan lide:<\/p>","protected":false},"excerpt":{"rendered":"<p class=\"LC20lb MBeuO DKV0Md\">Fumot Shisha 10000 DTL Engangs-Vape<br \/>\nRANDM SHISHA 10000 PUFF Vape AI FAKHER<br \/>\nFumot Crown Bar 10k Engros-Vape Genopladelig<br \/>\n<strong>Kontakt Amy For Mere Rabat Og Lavere MOQ Vape<\/strong><\/p>\n<p><img loading=\"lazy\" decoding=\"async\" class=\"size-medium wp-image-1814\" src=\"https:\/\/rmvapesale.com\/wp-content\/uploads\/2024\/04\/whatsapp-amy-229x300.jpg\" alt=\"whatsapp amy\" width=\"229\" height=\"300\" srcset=\"https:\/\/rmvapesale.com\/wp-content\/uploads\/2024\/04\/whatsapp-amy-229x300.jpg 229w, https:\/\/rmvapesale.com\/wp-content\/uploads\/2024\/04\/whatsapp-amy-783x1024.jpg 783w, https:\/\/rmvapesale.com\/wp-content\/uploads\/2024\/04\/whatsapp-amy-768x1005.jpg 768w, https:\/\/rmvapesale.com\/wp-content\/uploads\/2024\/04\/whatsapp-amy-600x785.jpg 600w, https:\/\/rmvapesale.com\/wp-content\/uploads\/2024\/04\/whatsapp-amy.jpg 990w\" sizes=\"auto, (max-width: 229px) 100vw, 229px\" \/><\/p>\n<h3><span style=\"color: #ff0000\"><strong>WhatsApp: +86 17776015835<\/strong><\/span><\/h3>","protected":false},"featured_media":1852,"comment_status":"open","ping_status":"closed","template":"","meta":{"_uag_custom_page_level_css":"","_lmt_disableupdate":"no","_lmt_disable":"","site-sidebar-layout":"default","site-content-layout":"content-boxed-container","ast-site-content-layout":"normal-width-container","site-content-style":"boxed","site-sidebar-style":"unboxed","ast-global-header-display":"","ast-banner-title-visibility":"","ast-main-header-display":"","ast-hfb-above-header-display":"","ast-hfb-below-header-display":"","ast-hfb-mobile-header-display":"","site-post-title":"","ast-breadcrumbs-content":"","ast-featured-img":"","footer-sml-layout":"","ast-disable-related-posts":"","theme-transparent-header-meta":"default","adv-header-id-meta":"","stick-header-meta":"","header-above-stick-meta":"","header-main-stick-meta":"","header-below-stick-meta":"","astra-migrate-meta-layouts":"set","ast-page-background-enabled":"default","ast-page-background-meta":{"desktop":{"background-color":"var(--ast-global-color-4)","background-image":"","background-repeat":"repeat","background-position":"center center","background-size":"auto","background-attachment":"scroll","background-type":"","background-media":"","overlay-type":"","overlay-color":"","overlay-opacity":"","overlay-gradient":""},"tablet":{"background-color":"","background-image":"","background-repeat":"repeat","background-position":"center center","background-size":"auto","background-attachment":"scroll","background-type":"","background-media":"","overlay-type":"","overlay-color":"","overlay-opacity":"","overlay-gradient":""},"mobile":{"background-color":"","background-image":"","background-repeat":"repeat","background-position":"center center","background-size":"auto","background-attachment":"scroll","background-type":"","background-media":"","overlay-type":"","overlay-color":"","overlay-opacity":"","overlay-gradient":""}},"ast-content-background-meta":{"desktop":{"background-color":"var(--ast-global-color-5)","background-image":"","background-repeat":"repeat","background-position":"center center","background-size":"auto","background-attachment":"scroll","background-type":"","background-media":"","overlay-type":"","overlay-color":"","overlay-opacity":"","overlay-gradient":""},"tablet":{"background-color":"var(--ast-global-color-5)","background-image":"","background-repeat":"repeat","background-position":"center center","background-size":"auto","background-attachment":"scroll","background-type":"","background-media":"","overlay-type":"","overlay-color":"","overlay-opacity":"","overlay-gradient":""},"mobile":{"background-color":"var(--ast-global-color-5)","background-image":"","background-repeat":"repeat","background-position":"center center","background-size":"auto","background-attachment":"scroll","background-type":"","background-media":"","overlay-type":"","overlay-color":"","overlay-opacity":"","overlay-gradient":""}},"_joinchat":[]},"product_brand":[],"product_cat":[25,271,289,27,51,123,293,30,26,15,28,31,295,137,299,136,135],"product_tag":[39,40,41,38,37],"class_list":{"0":"post-370","1":"product","2":"type-product","3":"status-publish","4":"has-post-thumbnail","6":"product_cat-germany-best-selling-vape","7":"product_cat-10000-puff-disposable-vape","8":"product_cat-big-puffs-disposable-vapes","9":"product_cat-fance-hot-sale-vape","10":"product_cat-fumot-vape","11":"product_cat-italy-wholesale-vape","12":"product_cat-low-nicotine-disposable-vapes","13":"product_cat-minimum-order-quantity-50pcs","14":"product_cat-netherlands-hot-sale-vape","15":"product_cat-new-vape-this-week","16":"product_cat-poland-hot-sale-vape","17":"product_cat-randm-fumot-vape","18":"product_cat-rechargeable-disposable-vapes","19":"product_cat-rechargeable-vapes","20":"product_cat-smart-screen-disposable-vapes","21":"product_cat-smart-screen-vapes","22":"product_cat-spain-best-hot-sale-vape","23":"product_tag-fumot-vape","24":"product_tag-hot-sale-vape","25":"product_tag-original-factory-vape","26":"product_tag-randm-vape","27":"product_tag-wholesale-vape-price","28":"desktop-align-left","29":"tablet-align-left","30":"mobile-align-left","32":"first","33":"instock","34":"sale","35":"shipping-taxable","36":"purchasable","37":"product-type-simple"},"uagb_featured_image_src":{"full":["https:\/\/rmvapesale.com\/wp-content\/uploads\/2024\/04\/FUMOT-VAPE-SHISHA-AL-FAKHER-10K-PUFFS-VAPE.jpg",375,666,false],"thumbnail":["https:\/\/rmvapesale.com\/wp-content\/uploads\/2024\/04\/FUMOT-VAPE-SHISHA-AL-FAKHER-10K-PUFFS-VAPE-150x150.jpg",150,150,true],"medium":["https:\/\/rmvapesale.com\/wp-content\/uploads\/2024\/04\/FUMOT-VAPE-SHISHA-AL-FAKHER-10K-PUFFS-VAPE-169x300.jpg",169,300,true],"medium_large":["https:\/\/rmvapesale.com\/wp-content\/uploads\/2024\/04\/FUMOT-VAPE-SHISHA-AL-FAKHER-10K-PUFFS-VAPE.jpg",375,666,false],"large":["https:\/\/rmvapesale.com\/wp-content\/uploads\/2024\/04\/FUMOT-VAPE-SHISHA-AL-FAKHER-10K-PUFFS-VAPE.jpg",375,666,false],"1536x1536":["https:\/\/rmvapesale.com\/wp-content\/uploads\/2024\/04\/FUMOT-VAPE-SHISHA-AL-FAKHER-10K-PUFFS-VAPE.jpg",375,666,false],"2048x2048":["https:\/\/rmvapesale.com\/wp-content\/uploads\/2024\/04\/FUMOT-VAPE-SHISHA-AL-FAKHER-10K-PUFFS-VAPE.jpg",375,666,false],"trp-custom-language-flag":["https:\/\/rmvapesale.com\/wp-content\/uploads\/2024\/04\/FUMOT-VAPE-SHISHA-AL-FAKHER-10K-PUFFS-VAPE.jpg",7,12,false],"woocommerce_thumbnail":["https:\/\/rmvapesale.com\/wp-content\/uploads\/2024\/04\/FUMOT-VAPE-SHISHA-AL-FAKHER-10K-PUFFS-VAPE-300x300.jpg",300,300,true],"woocommerce_single":["https:\/\/rmvapesale.com\/wp-content\/uploads\/2024\/04\/FUMOT-VAPE-SHISHA-AL-FAKHER-10K-PUFFS-VAPE.jpg",375,666,false],"woocommerce_gallery_thumbnail":["https:\/\/rmvapesale.com\/wp-content\/uploads\/2024\/04\/FUMOT-VAPE-SHISHA-AL-FAKHER-10K-PUFFS-VAPE-100x100.jpg",100,100,true],"wcpr-photo-reviews":["https:\/\/rmvapesale.com\/wp-content\/uploads\/2024\/04\/FUMOT-VAPE-SHISHA-AL-FAKHER-10K-PUFFS-VAPE.jpg",282,500,false]},"uagb_author_info":{"display_name":"yannazhan","author_link":"https:\/\/rmvapesale.com\/da\/author\/"},"uagb_comment_info":0,"uagb_excerpt":"Fumot Shisha 10000 DTL Disposable Vape RANDM SHISHA 10000 PUFF Vape AI FAKHER Fumot Crown Bar 10k Wholesale Vape Rechargeable Contact Amy For More Discount And Lower MOQ Vape WhatsApp: +86 17776015835","_links":{"self":[{"href":"https:\/\/rmvapesale.com\/da\/wp-json\/wp\/v2\/product\/370","targetHints":{"allow":["GET"]}}],"collection":[{"href":"https:\/\/rmvapesale.com\/da\/wp-json\/wp\/v2\/product"}],"about":[{"href":"https:\/\/rmvapesale.com\/da\/wp-json\/wp\/v2\/types\/product"}],"replies":[{"embeddable":true,"href":"https:\/\/rmvapesale.com\/da\/wp-json\/wp\/v2\/comments?post=370"}],"wp:featuredmedia":[{"embeddable":true,"href":"https:\/\/rmvapesale.com\/da\/wp-json\/wp\/v2\/media\/1852"}],"wp:attachment":[{"href":"https:\/\/rmvapesale.com\/da\/wp-json\/wp\/v2\/media?parent=370"}],"wp:term":[{"taxonomy":"product_brand","embeddable":true,"href":"https:\/\/rmvapesale.com\/da\/wp-json\/wp\/v2\/product_brand?post=370"},{"taxonomy":"product_cat","embeddable":true,"href":"https:\/\/rmvapesale.com\/da\/wp-json\/wp\/v2\/product_cat?post=370"},{"taxonomy":"product_tag","embeddable":true,"href":"https:\/\/rmvapesale.com\/da\/wp-json\/wp\/v2\/product_tag?post=370"}],"curies":[{"name":"wp","href":"https:\/\/api.w.org\/{rel}","templated":true}]}}