{"id":1869,"date":"2024-04-29T08:45:44","date_gmt":"2024-04-29T08:45:44","guid":{"rendered":"https:\/\/rmvapesale.com\/?post_type=product&#038;p=1869"},"modified":"2025-01-20T03:11:06","modified_gmt":"2025-01-20T03:11:06","slug":"jnr-shisha-vape-15000-puffs-wholesale-price-with-screen-vape","status":"publish","type":"product","link":"https:\/\/rmvapesale.com\/de\/product\/jnr-shisha-vape-15000-puffs-wholesale-price-with-screen-vape\/","title":{"rendered":"VOPK SHISHA VAPE 15000 PUFFS GROSSHANDELSPREIS JNR MIT BILDSCHIRM VAPE"},"content":{"rendered":"<h1>VOPK SHISHA VAPE 15000 PUFFS GROSSHANDELSPREIS JNR MIT BILDSCHIRM VAPE<\/h1>\n<p>Der VOPK SHISHA VAPE 15000 Z\u00dcGE JNR ist ein hochwertiger Einweg-Vape-Pen, der speziell f\u00fcr Direct-to-Lung (DTL) Enthusiasten entwickelt wurde. Mit einer beeindruckenden Kapazit\u00e4t von 15.000 Z\u00fcgen sorgt dieses Ger\u00e4t f\u00fcr ein langanhaltendes und zufriedenstellendes Dampferlebnis. Die interne Struktur umfasst eine 0,6-Ohm-Mesh-Spule, die eine \u00fcberlegene Dampfproduktion und reiche Aromen bietet und sich ideal f\u00fcr diejenigen eignet, die tiefe Lungenz\u00fcge sch\u00e4tzen. Das Ger\u00e4t ist mit 20 ml E-Liquid ausgestattet, was ausgedehnte Dampfsitzungen erm\u00f6glicht.<\/p>\n<p>Benutzer k\u00f6nnen aus verschiedenen Nikotinst\u00e4rken w\u00e4hlen, einschlie\u00dflich 0%, 2%, 3% oder 5%, um unterschiedlichen Vorlieben gerecht zu werden. Der VOPK Shisha Hookah wiederaufladbare Vape wird von einer zuverl\u00e4ssigen 600-mAh-Batterie angetrieben, die eine konstante Leistung \u00fcber die gesamte Lebensdauer gew\u00e4hrleistet, und verf\u00fcgt \u00fcber einen Typ-C-Ladeanschluss f\u00fcr schnelles Aufladen.<\/p>\n<p>VOPK Shisha bar 15000 Erh\u00e4ltlich in zehn k\u00f6stlichen Geschmacksrichtungen wie Doppelapfel und Wassermelone Eis, kombiniert dieser Vape-Pen Stil, Funktionalit\u00e4t und Vielseitigkeit, was ihn zu einer Top-Wahl f\u00fcr Dampfer macht, die ein hochwertiges Erlebnis suchen.<\/p>\n<p><strong>Vertriebsleiter AMY kontaktieren und Vape-Gutschein erhalten!<\/strong><\/p>\n<p><img loading=\"lazy\" decoding=\"async\" class=\"size-medium wp-image-1814\" src=\"https:\/\/rmvapesale.com\/wp-content\/uploads\/2024\/04\/whatsapp-amy-229x300.jpg\" alt=\"WhatsApp Amy\" width=\"229\" height=\"300\" srcset=\"https:\/\/rmvapesale.com\/wp-content\/uploads\/2024\/04\/whatsapp-amy-229x300.jpg 229w, https:\/\/rmvapesale.com\/wp-content\/uploads\/2024\/04\/whatsapp-amy-783x1024.jpg 783w, https:\/\/rmvapesale.com\/wp-content\/uploads\/2024\/04\/whatsapp-amy-768x1005.jpg 768w, https:\/\/rmvapesale.com\/wp-content\/uploads\/2024\/04\/whatsapp-amy-600x785.jpg 600w, https:\/\/rmvapesale.com\/wp-content\/uploads\/2024\/04\/whatsapp-amy.jpg 990w\" sizes=\"auto, (max-width: 229px) 100vw, 229px\" \/><\/p>\n<p><span style=\"color: #ff0000\"><strong>WhatsApp <a style=\"color: #ff0000\" href=\"https:\/\/wa.me\/8617776015835\" target=\"_blank\" rel=\"noopener\">+86-17776015835<\/a><\/strong><\/span><\/p>\n<h2>VOPK Shisha Hookah 15000 15K Z\u00fcge Geschmacksliste:<\/h2>\n<p>1. Doppelapfel<br \/>\n2. Doppelmelone Minze<br \/>\n3. Traube Minze<br \/>\n4. Saftiger Pfirsich<br \/>\n5. Lady Killa<br \/>\n6. Beerenmix Eis<br \/>\n7. Ananas Kokosnuss<br \/>\n8. Roter Beeren-Slush<br \/>\n9. Wassermelone-Eis<br \/>\n10. Wei\u00dfe Mamba<\/p>\n<h2>VOPK JNR SHISHA VAPE 15000 PUFF: Gro\u00dfhandelspreis mit Bildschirm-Vape \u2013 Produkt-FAQ<\/h2>\n<p>1. Was ist das Besondere an der VOPK JNR SHISHA VAPE 15000 Puffs?<\/p>\n<p>Die VOPK JNR SHISHA VAPE 15K PUFF<span style=\"font-size: 16px\">\u00a0zeichnet sich durch ihre hohe Puff-Kapazit\u00e4t aus und bietet bis zu 15000 Puffs pro Ger\u00e4t, was f\u00fcr langanhaltenden Genuss sorgt.<\/span><\/p>\n<p>2. Welche Art von Handwerkskunst zeichnet die VOPK JNR SHISHA VAPE 15K PUFFS aus?<\/p>\n<p>Die VOPK VAPE SHISHA 15000 PUFFs hat ein zweifarbiges Design, das durch UV-Druck erg\u00e4nzt wird, was f\u00fcr ein optisch beeindruckendes Erscheinungsbild und eine sorgf\u00e4ltige Verarbeitung sorgt.<br \/>\n3. Welche Art von Spule verwendet VOPK VAPE SHISHA 15000 Puffs und wie hoch ist der Widerstand der VOPK VAPE SHISHA 15K PUFF?<\/p>\n<p>VOPK VAPE SHISHA 15K PUFFS verwendet Mesh-Coil-Technologie mit einem Widerstand von 0,6 Ohm\/m, was eine stabile Leistung und ein reibungsloses Dampferlebnis gew\u00e4hrleistet.<br \/>\n4. Wie viel VOPK JNR SHISHA 15000 PUFF E-Liquid kann der Zerst\u00e4uber aufnehmen?<\/p>\n<p>Der VOPK JNR SHISHA 15000 Puffs Zerst\u00e4uber hat eine Kapazit\u00e4t von 20 ML, was lange Dampfsessions ohne h\u00e4ufiges Nachf\u00fcllen erm\u00f6glicht.<br \/>\n5. Aus welchem Material besteht die Spule der VOPK JNR SHISHA 15K PUFF?<\/p>\n<p>Die Spule der VOPK JNR SHISHA 15K PUFFS wird aus hochwertigem Mesh-Coil-Material gefertigt, was eine exzellente Verdampfung und eine reine Geschmacksentfaltung sicherstellt.<br \/>\n6. Wie hoch ist die Batteriekapazit\u00e4t des VOPK JNR VAPE 15000 PUFF Ger\u00e4ts?<\/p>\n<p>VOPK JNR VAPE 15000 Puffs verf\u00fcgt \u00fcber eine leistungsstarke 600-mAh-Batterie, die eine langanhaltende und zuverl\u00e4ssige Stromversorgung f\u00fcr unterbrechungsfreie Dampfsessions bietet.<br \/>\n7. Welchen Batterietyp verwendet VOPK JNR VAPE 15K PUFF?<\/p>\n<p>Das VOPK JNR VAPE 15K PUFFS Ger\u00e4t verwendet den 18250-Batterietyp, der f\u00fcr seine Haltbarkeit und Langlebigkeit bekannt ist.<br \/>\n8. Wie lange soll ich meine 15000 PUFF JNR SHISHA VAPE VOPK aufladen?<\/p>\n<p>15000 PUFF VAPE SHISHA VOPK ist mit einem praktischen Typ-C-Ladeanschluss ausgestattet, der schnelles und effizientes Aufladen erm\u00f6glicht und so f\u00fcr minimale Ausfallzeiten sorgt.<br \/>\n9. Welchen Vaping-Stil bedient der 15000 PUFF JNR SHISHA VOPK?<\/p>\n<p>Der VOPK SHISHA VAPE 15000 PUFFS eignet sich f\u00fcr das Direct-To-Lung (DTL) Dampfen und bietet ein reichhaltiges und befriedigendes Dampferlebnis.<br \/>\n10. Wie gew\u00e4hrleistet der 15000 PUFF JNR VAPE VOPK die Benutzerfreundlichkeit?<\/p>\n<p>Mit seiner hohen Kapazit\u00e4t an Z\u00fcgen, dem ansprechenden Design und der fortschrittlichen Coil-Technologie priorisiert der VOPK SHISHA VAPE 15000 PUFFS die Zufriedenheit und den Komfort des Benutzers, was ihn zur idealen Wahl f\u00fcr sowohl Anf\u00e4nger als auch erfahrene Dampfer macht.<\/p>\n<p>&nbsp;<\/p>\n<p>Finden Sie weitere Vape-Produkte, die Ihnen gefallen k\u00f6nnten:<em><a href=\"https:\/\/rmvapesale.com\/de\/shop-2\/\">Jetzt einkaufen\u00a0<\/a><\/em><\/p>\n<p>andere hei\u00dfe Verkaufs-Vapes, die Ihnen gefallen k\u00f6nnten:<\/p>","protected":false},"excerpt":{"rendered":"<p class=\"LC20lb MBeuO DKV0Md\">15K Z\u00dcGE JNR VAPE VOPK Gro\u00dfhandelspreis<br \/>\n15K Z\u00dcGE JNR SHISHA VOPK Fabrikpreis<br \/>\n15K Z\u00dcGE VAPE SHISHA VOPK Rabattpreis<br \/>\n<strong>Kontaktieren Sie Amy f\u00fcr mehr Rabatt und niedrigere Mindestbestellmenge<\/strong><\/p>\n<p><img loading=\"lazy\" decoding=\"async\" class=\"size-medium wp-image-1814\" src=\"https:\/\/rmvapesale.com\/wp-content\/uploads\/2024\/04\/whatsapp-amy-229x300.jpg\" alt=\"WhatsApp Amy\" width=\"229\" height=\"300\" srcset=\"https:\/\/rmvapesale.com\/wp-content\/uploads\/2024\/04\/whatsapp-amy-229x300.jpg 229w, https:\/\/rmvapesale.com\/wp-content\/uploads\/2024\/04\/whatsapp-amy-783x1024.jpg 783w, https:\/\/rmvapesale.com\/wp-content\/uploads\/2024\/04\/whatsapp-amy-768x1005.jpg 768w, https:\/\/rmvapesale.com\/wp-content\/uploads\/2024\/04\/whatsapp-amy-600x785.jpg 600w, https:\/\/rmvapesale.com\/wp-content\/uploads\/2024\/04\/whatsapp-amy.jpg 990w\" sizes=\"auto, (max-width: 229px) 100vw, 229px\" \/><\/p>\n<h3><span style=\"color: #ff0000\"><strong>WhatsApp: +86 17776015835<\/strong><\/span><\/h3>","protected":false},"featured_media":1864,"comment_status":"open","ping_status":"closed","template":"","meta":{"_uag_custom_page_level_css":"","_lmt_disableupdate":"no","_lmt_disable":"","site-sidebar-layout":"default","site-content-layout":"content-boxed-container","ast-site-content-layout":"normal-width-container","site-content-style":"boxed","site-sidebar-style":"unboxed","ast-global-header-display":"","ast-banner-title-visibility":"","ast-main-header-display":"","ast-hfb-above-header-display":"","ast-hfb-below-header-display":"","ast-hfb-mobile-header-display":"","site-post-title":"","ast-breadcrumbs-content":"","ast-featured-img":"","footer-sml-layout":"","ast-disable-related-posts":"","theme-transparent-header-meta":"default","adv-header-id-meta":"","stick-header-meta":"","header-above-stick-meta":"","header-main-stick-meta":"","header-below-stick-meta":"","astra-migrate-meta-layouts":"set","ast-page-background-enabled":"default","ast-page-background-meta":{"desktop":{"background-color":"var(--ast-global-color-4)","background-image":"","background-repeat":"repeat","background-position":"center center","background-size":"auto","background-attachment":"scroll","background-type":"","background-media":"","overlay-type":"","overlay-color":"","overlay-opacity":"","overlay-gradient":""},"tablet":{"background-color":"","background-image":"","background-repeat":"repeat","background-position":"center center","background-size":"auto","background-attachment":"scroll","background-type":"","background-media":"","overlay-type":"","overlay-color":"","overlay-opacity":"","overlay-gradient":""},"mobile":{"background-color":"","background-image":"","background-repeat":"repeat","background-position":"center center","background-size":"auto","background-attachment":"scroll","background-type":"","background-media":"","overlay-type":"","overlay-color":"","overlay-opacity":"","overlay-gradient":""}},"ast-content-background-meta":{"desktop":{"background-color":"var(--ast-global-color-5)","background-image":"","background-repeat":"repeat","background-position":"center center","background-size":"auto","background-attachment":"scroll","background-type":"","background-media":"","overlay-type":"","overlay-color":"","overlay-opacity":"","overlay-gradient":""},"tablet":{"background-color":"var(--ast-global-color-5)","background-image":"","background-repeat":"repeat","background-position":"center center","background-size":"auto","background-attachment":"scroll","background-type":"","background-media":"","overlay-type":"","overlay-color":"","overlay-opacity":"","overlay-gradient":""},"mobile":{"background-color":"var(--ast-global-color-5)","background-image":"","background-repeat":"repeat","background-position":"center center","background-size":"auto","background-attachment":"scroll","background-type":"","background-media":"","overlay-type":"","overlay-color":"","overlay-opacity":"","overlay-gradient":""}},"_joinchat":[]},"product_brand":[],"product_cat":[25,61,289,27,293,30,26,15,28,31,295,137,296,136,280],"product_tag":[44,40,41,43,42,37],"class_list":{"0":"post-1869","1":"product","2":"type-product","3":"status-publish","4":"has-post-thumbnail","6":"product_cat-germany-best-selling-vape","7":"product_cat-15000-puffs-disposable-vapes","8":"product_cat-big-puffs-disposable-vapes","9":"product_cat-fance-hot-sale-vape","10":"product_cat-low-nicotine-disposable-vapes","11":"product_cat-minimum-order-quantity-50pcs","12":"product_cat-netherlands-hot-sale-vape","13":"product_cat-new-vape-this-week","14":"product_cat-poland-hot-sale-vape","15":"product_cat-randm-fumot-vape","16":"product_cat-rechargeable-disposable-vapes","17":"product_cat-rechargeable-vapes","18":"product_cat-shisha-hookah-disposable-vapes","19":"product_cat-smart-screen-vapes","20":"product_cat-vopk-vape","21":"product_tag-15k-puffs-15000-vape-wholesale","22":"product_tag-hot-sale-vape","23":"product_tag-original-factory-vape","24":"product_tag-shisha-vape","25":"product_tag-vopk-vape","26":"product_tag-wholesale-vape-price","27":"desktop-align-left","28":"tablet-align-left","29":"mobile-align-left","31":"first","32":"instock","33":"sale","34":"shipping-taxable","35":"purchasable","36":"product-type-simple"},"uagb_featured_image_src":{"full":["https:\/\/rmvapesale.com\/wp-content\/uploads\/2024\/04\/VOPK-SHISHA-VAPE-15K-PUFFS-PRICE.jpg",500,500,false],"thumbnail":["https:\/\/rmvapesale.com\/wp-content\/uploads\/2024\/04\/VOPK-SHISHA-VAPE-15K-PUFFS-PRICE-150x150.jpg",150,150,true],"medium":["https:\/\/rmvapesale.com\/wp-content\/uploads\/2024\/04\/VOPK-SHISHA-VAPE-15K-PUFFS-PRICE-300x300.jpg",300,300,true],"medium_large":["https:\/\/rmvapesale.com\/wp-content\/uploads\/2024\/04\/VOPK-SHISHA-VAPE-15K-PUFFS-PRICE.jpg",500,500,false],"large":["https:\/\/rmvapesale.com\/wp-content\/uploads\/2024\/04\/VOPK-SHISHA-VAPE-15K-PUFFS-PRICE.jpg",500,500,false],"1536x1536":["https:\/\/rmvapesale.com\/wp-content\/uploads\/2024\/04\/VOPK-SHISHA-VAPE-15K-PUFFS-PRICE.jpg",500,500,false],"2048x2048":["https:\/\/rmvapesale.com\/wp-content\/uploads\/2024\/04\/VOPK-SHISHA-VAPE-15K-PUFFS-PRICE.jpg",500,500,false],"trp-custom-language-flag":["https:\/\/rmvapesale.com\/wp-content\/uploads\/2024\/04\/VOPK-SHISHA-VAPE-15K-PUFFS-PRICE.jpg",12,12,false],"woocommerce_thumbnail":["https:\/\/rmvapesale.com\/wp-content\/uploads\/2024\/04\/VOPK-SHISHA-VAPE-15K-PUFFS-PRICE-300x300.jpg",300,300,true],"woocommerce_single":["https:\/\/rmvapesale.com\/wp-content\/uploads\/2024\/04\/VOPK-SHISHA-VAPE-15K-PUFFS-PRICE.jpg",500,500,false],"woocommerce_gallery_thumbnail":["https:\/\/rmvapesale.com\/wp-content\/uploads\/2024\/04\/VOPK-SHISHA-VAPE-15K-PUFFS-PRICE-100x100.jpg",100,100,true],"wcpr-photo-reviews":["https:\/\/rmvapesale.com\/wp-content\/uploads\/2024\/04\/VOPK-SHISHA-VAPE-15K-PUFFS-PRICE.jpg",500,500,false]},"uagb_author_info":{"display_name":"yannazhan","author_link":"https:\/\/rmvapesale.com\/de\/author\/"},"uagb_comment_info":0,"uagb_excerpt":"15K PUFFS JNR VAPE VOPK Wholesale Price 15K PUFFS JNR SHISHA VOPK Factory Price 15K PUFFS VAPE SHISHA VOPK Discount Price Contact Amy For More Discount And Lower MOQ Vape WhatsApp: +86 17776015835","_links":{"self":[{"href":"https:\/\/rmvapesale.com\/de\/wp-json\/wp\/v2\/product\/1869","targetHints":{"allow":["GET"]}}],"collection":[{"href":"https:\/\/rmvapesale.com\/de\/wp-json\/wp\/v2\/product"}],"about":[{"href":"https:\/\/rmvapesale.com\/de\/wp-json\/wp\/v2\/types\/product"}],"replies":[{"embeddable":true,"href":"https:\/\/rmvapesale.com\/de\/wp-json\/wp\/v2\/comments?post=1869"}],"wp:featuredmedia":[{"embeddable":true,"href":"https:\/\/rmvapesale.com\/de\/wp-json\/wp\/v2\/media\/1864"}],"wp:attachment":[{"href":"https:\/\/rmvapesale.com\/de\/wp-json\/wp\/v2\/media?parent=1869"}],"wp:term":[{"taxonomy":"product_brand","embeddable":true,"href":"https:\/\/rmvapesale.com\/de\/wp-json\/wp\/v2\/product_brand?post=1869"},{"taxonomy":"product_cat","embeddable":true,"href":"https:\/\/rmvapesale.com\/de\/wp-json\/wp\/v2\/product_cat?post=1869"},{"taxonomy":"product_tag","embeddable":true,"href":"https:\/\/rmvapesale.com\/de\/wp-json\/wp\/v2\/product_tag?post=1869"}],"curies":[{"name":"wp","href":"https:\/\/api.w.org\/{rel}","templated":true}]}}