{"id":1874,"date":"2024-05-09T07:00:52","date_gmt":"2024-05-09T07:00:52","guid":{"rendered":"https:\/\/rmvapesale.com\/?post_type=product&#038;p=1874"},"modified":"2024-10-21T08:04:35","modified_gmt":"2024-10-21T08:04:35","slug":"randm-tornado-15000-puffs-15k-vape-recharge-fumot-original-vape-factory-price","status":"publish","type":"product","link":"https:\/\/rmvapesale.com\/de\/product\/randm-tornado-15000-puffs-15k-vape-recharge-fumot-original-vape-factory-price\/","title":{"rendered":"RANDM TORNADO 15000 Z\u00dcGE 15K VAPE WIEDERAUFLADBAR FUMOT ORIGINAL VAPE FABRIKPREIS"},"content":{"rendered":"<h1>RANDM TORNADO 15000 Z\u00dcGE 15K VAPE WIEDERAUFLADBAR FUMOT ORIGINAL VAPE FABRIKPREIS<\/h1>\n<p>RANDM TORNADO VAPE 15000 Z\u00dcGE Wiederaufladbarer Vape ist jetzt in den meisten europ\u00e4ischen L\u00e4ndern beliebt, wie Deutschland, Niederlande, Frankreich, Italien, Spanien, Schweiz, Schweden, Polen usw. Wie kann man Randm Tornado 15k Vapes kaufen? Was ist Fumot Tornado 15k Vape? Begr\u00fc\u00dfen Sie den RANDM Tornado 15K Vape \u2013 eine erstklassige Kreation von Fumot. Dieses Kraftpaket hat es mit seiner Kapazit\u00e4t von 15.000 Z\u00fcgen in sich und setzt die Messlatte in der Vape-Welt hoch. Dieser Vape wurde von den Zauberern von Shenzhen Fumot Technology hergestellt und sieht nicht nur cool aus, sondern liefert auch die Ware.<\/p>\n<p>Mit Optionen f\u00fcr den Nikotingehalt von 0% bis 5% und vorgef\u00fcllt mit 25 ml E-Liquid bietet er Aromen f\u00fcr Tage. Angetrieben von einem wiederaufladbaren 850-mAh-Akku und einer 0,9\u03a9-Mesh-Spule garantiert er jedes Mal sanfte Z\u00fcge. Behalten Sie Ihre Liquid- und Akkust\u00e4nde mit der LED-Anzeige im Auge \u2013 es ist kinderleicht. Machen Sie sich bereit f\u00fcr das ultimative Vape-Erlebnis mit dem RANDM Tornado 15K Vape<\/p>\n<p>&nbsp;<\/p>\n<p><strong>Verkaufsleiter AMY WhatsApp hinzuf\u00fcgen <a href=\"https:\/\/wa.me\/8617776015835\" target=\"_blank\" rel=\"noopener\">+86-17776015835<\/a> mehr Rabatt erhalten!<\/strong><\/p>\n<p><img loading=\"lazy\" decoding=\"async\" class=\"size-medium wp-image-1814\" src=\"https:\/\/rmvapesale.com\/wp-content\/uploads\/2024\/04\/whatsapp-amy-229x300.jpg\" alt=\"WhatsApp Amy\" width=\"229\" height=\"300\" srcset=\"https:\/\/rmvapesale.com\/wp-content\/uploads\/2024\/04\/whatsapp-amy-229x300.jpg 229w, https:\/\/rmvapesale.com\/wp-content\/uploads\/2024\/04\/whatsapp-amy-783x1024.jpg 783w, https:\/\/rmvapesale.com\/wp-content\/uploads\/2024\/04\/whatsapp-amy-768x1005.jpg 768w, https:\/\/rmvapesale.com\/wp-content\/uploads\/2024\/04\/whatsapp-amy-600x785.jpg 600w, https:\/\/rmvapesale.com\/wp-content\/uploads\/2024\/04\/whatsapp-amy.jpg 990w\" sizes=\"auto, (max-width: 229px) 100vw, 229px\" \/><\/p>\n<h2>Spezifikationen DES FUMOT TORNADO 15000 Einweg-Vape:<\/h2>\n<p>Optionen f\u00fcr den Nikotingehalt: 0%, 2%, 3% und 5%<br \/>\nBis zu 15000 Z\u00fcge<br \/>\nVorgef\u00fcllt mit 25 ml E-Liquid<br \/>\n850mAh Akku<br \/>\n0,9 \u03a9 Mesh-Coil<br \/>\n41 verf\u00fcgbare Geschmacksrichtungen<\/p>\n<h2>Bester Randm 15000 Zug Geschmack<\/h2>\n<p>1 Blue Razz Limonade<br \/>\n2 Pfirsicheis<br \/>\n3 Saurer Apfel<br \/>\n4 Wassermeloneneis<br \/>\n5 Blaubeere auf Eis<br \/>\n6 Blaubeer-Himbeere<br \/>\n7 Ananas-Eis<br \/>\n8 Kirsche<br \/>\n9 Erdbeereis<br \/>\n10 Vimto\u00a0 <span style=\"color: #ff0000\"><strong>&gt;&gt;&gt;&gt; Hei\u00df!<\/strong><\/span><br \/>\n11 Traubeneis<br \/>\n12 Cola Ice<br \/>\n13 Erdbeer-Wassermelone<br \/>\n14 Pinke Limonade <span style=\"color: #ff0000\"><strong>&gt;&gt;&gt;&gt; Am besten!<\/strong><\/span><br \/>\n15 Gemischte Beeren <span style=\"color: #ff0000\"><strong>&gt;&gt;&gt;&gt; Hei\u00df!<\/strong><\/span><br \/>\n16 Pfirsich-Mango<br \/>\n17.Drachenfrucht<br \/>\n18.Erdbeer-Traube<br \/>\n19.Mr. Blue <span style=\"color: #ff0000\"><strong>&gt;&gt;&gt;&gt; Hei\u00df!<\/strong><\/span><br \/>\n20.\u00dcppiges Eis<br \/>\n21.Eis am Stiel<br \/>\n22.Erdbeer-Kiwi<br \/>\n23.Kiwi-Passionsfrucht-Guave<br \/>\n24.Dreifachbeere <span style=\"color: #ff0000\"><strong>&gt;&gt;&gt;&gt; Hei\u00df!<\/strong><\/span><br \/>\n25.Bananeneis<br \/>\n26.Pfirsich-Blaubeer-S\u00fc\u00dfigkeit<br \/>\n27.Apfel Pfirsich Birne<br \/>\n28.Beerenlimonade<br \/>\n29.Blaue Himbeere Kirsche<br \/>\n30.Heidelbeer-Kaugummi<br \/>\n31.Heidelbeere Kirsche Cranberry<br \/>\n32.Heidelbeere Granatapfel<br \/>\n33.Blaue saure Himbeere<br \/>\n34.Kirsch-Cola<br \/>\n35.Gummib\u00e4rchen<br \/>\n36.Zitrone<br \/>\n37.Mango auf Eis<br \/>\n38.Rotes Energie-Eis<br \/>\n39.Erdbeere Banane<br \/>\n40.Erdbeere Red Bull<br \/>\n41.Erdbeer Wassermelone Limonade<\/p>\n<p>&nbsp;<\/p>\n<h2>Randm Tornado 15000 FAQs<\/h2>\n<p>1.Was ist das Original RANDM VAPE 15K TORNADO?<br \/>\nDas Original RANDM VAPE 15K TORNADO ist ein hei\u00df begehrtes Einweg-Vape-Ger\u00e4t, hergestellt von Fumot Vape Tech. Es ist nach seiner beeindruckenden Kapazit\u00e4t von 15.000 Z\u00fcgen benannt.<\/p>\n<p>2.Wer stellt das Original RANDM VAPE 15K TORNADO her?<br \/>\nDer RANDM VAPE 15K TORNADO Genuine wird von Shenzhen Fumot Technology hergestellt, einem f\u00fchrenden Unternehmen in der Vaping-Industrie, das f\u00fcr seine innovativen Produkte bekannt ist.<\/p>\n<p>3. Was macht den RANDM VAPE 15K TORNADO Authentic einzigartig?<\/p>\n<p>Mit seiner Kapazit\u00e4t von 15.000 Z\u00fcgen zeichnet sich der RANDM VAPE 15K TORNADO Authentic als einer der leistungsst\u00e4rksten Einweg-Vapes auf dem Markt aus. Es ist eine gute Wahl f\u00fcr diejenigen, die langlebigere Ger\u00e4te w\u00fcnschen.<\/p>\n<p>4. Welche Geschmacksrichtungen sind f\u00fcr den RANDM VAPE 15K TORNADO Genuine erh\u00e4ltlich?<br \/>\nDer RANDM VAPE 15K TORNADO Genuine ist in einer Vielzahl von Geschmacksrichtungen erh\u00e4ltlich, darunter Apfel-Pfirsich-Birne, Bananeneis, Beerenlimonade, Blaue Himbeer-Kirsche und viele mehr. Mit 41 Geschmacksrichtungen zur Auswahl ist f\u00fcr jeden Gaumen etwas dabei.<\/p>\n<p>5. Wie lange h\u00e4lt der Akku des RANDM VAPE 15K TORNADO Authentic?<br \/>\nDer RANDM VAPE 15K TORNADO Authentic verf\u00fcgt \u00fcber einen eingebauten Akku mit einer Kapazit\u00e4t von 850 mAh, der eine l\u00e4ngere Nutzung mit einer einzigen Ladung erm\u00f6glicht. Die genaue Akkulaufzeit h\u00e4ngt von den individuellen Nutzungsgewohnheiten ab.<\/p>\n<p>6. Ist der RANDM VAPE 15000 TORNADO Original wiederaufladbar?<br \/>\nNein, der RANDM VAPE 15000 TORNADO Original ist ein Einweg-Vape-Ger\u00e4t und nicht wiederaufladbar. Sobald der Akku leer ist oder das E-Liquid aufgebraucht ist, ist das Ger\u00e4t zur verantwortungsvollen Entsorgung bestimmt.<\/p>\n<p>7. Wie kann ich den RANDM VAPE 15000 Genuine kaufen?<br \/>\nDer RANDM VAPE 15000 Genuine ist \u00fcber autorisierte H\u00e4ndler erh\u00e4ltlich. F\u00fcr Gro\u00dfhandelsanfragen k\u00f6nnen sich H\u00e4ndler an <a href=\"https:\/\/wa.me\/8617776015835\" target=\"_blank\" rel=\"noopener\">Kontaktieren Sie uns<\/a> direkt kontaktieren. Einzelhandelskunden finden das Produkt bei ausgew\u00e4hlten H\u00e4ndlern oder Online-Shops.<\/p>\n<p>&nbsp;<\/p>\n<p>Finden Sie weitere Vape-Produkte, die Ihnen gefallen k\u00f6nnten:<em><a href=\"https:\/\/rmvapesale.com\/de\/shop-2\/\">Jetzt einkaufen\u00a0<\/a><\/em><\/p>\n<p>andere hei\u00dfe Verkaufs-Vapes, die Ihnen gefallen k\u00f6nnten:<\/p>\n<p><a href=\"https:\/\/rmvapesale.com\/de\/product\/jnr-shisha-vape-15000-puffs-wholesale-price-with-screen-vape\/\">VOPK SHISHA 15K<\/a><\/p>\n<p><a href=\"https:\/\/rmvapesale.com\/de\/product\/randm-vape-al-fakher-10000-puffs-vape-wholesale\/\">randm vape AI FAKHER 15k vape<\/a><\/p>","protected":false},"excerpt":{"rendered":"<p class=\"LC20lb MBeuO DKV0Md\">15K Z\u00dcGE FUMOT VAPE RANDM Gro\u00dfhandelspreis<br \/>\n15K Z\u00dcGE FUMOT ORIGINAL RANDM Fabrikpreis<br \/>\n15K Z\u00dcGE Echtes FUMOT VAPE TORNADO RANDM Rabattpreis<br \/>\n<strong>Kontaktieren Sie Amy f\u00fcr mehr Rabatt und niedrigere Mindestbestellmenge<\/strong><\/p>\n<p><img loading=\"lazy\" decoding=\"async\" class=\"size-medium wp-image-1814\" src=\"https:\/\/rmvapesale.com\/wp-content\/uploads\/2024\/04\/whatsapp-amy-229x300.jpg\" alt=\"WhatsApp Amy\" width=\"229\" height=\"300\" srcset=\"https:\/\/rmvapesale.com\/wp-content\/uploads\/2024\/04\/whatsapp-amy-229x300.jpg 229w, https:\/\/rmvapesale.com\/wp-content\/uploads\/2024\/04\/whatsapp-amy-783x1024.jpg 783w, https:\/\/rmvapesale.com\/wp-content\/uploads\/2024\/04\/whatsapp-amy-768x1005.jpg 768w, https:\/\/rmvapesale.com\/wp-content\/uploads\/2024\/04\/whatsapp-amy-600x785.jpg 600w, https:\/\/rmvapesale.com\/wp-content\/uploads\/2024\/04\/whatsapp-amy.jpg 990w\" sizes=\"auto, (max-width: 229px) 100vw, 229px\" \/><\/p>\n<h3><span style=\"color: #ff0000\"><strong>WhatsApp: +86 17776015835<\/strong><\/span><\/h3>","protected":false},"featured_media":1877,"comment_status":"open","ping_status":"closed","template":"","meta":{"_uag_custom_page_level_css":"","_lmt_disableupdate":"no","_lmt_disable":"","site-sidebar-layout":"default","site-content-layout":"content-boxed-container","ast-site-content-layout":"normal-width-container","site-content-style":"boxed","site-sidebar-style":"unboxed","ast-global-header-display":"","ast-banner-title-visibility":"","ast-main-header-display":"","ast-hfb-above-header-display":"","ast-hfb-below-header-display":"","ast-hfb-mobile-header-display":"","site-post-title":"","ast-breadcrumbs-content":"","ast-featured-img":"","footer-sml-layout":"","theme-transparent-header-meta":"default","adv-header-id-meta":"","stick-header-meta":"","header-above-stick-meta":"","header-main-stick-meta":"","header-below-stick-meta":"","astra-migrate-meta-layouts":"set","ast-page-background-enabled":"default","ast-page-background-meta":{"desktop":{"background-color":"var(--ast-global-color-4)","background-image":"","background-repeat":"repeat","background-position":"center center","background-size":"auto","background-attachment":"scroll","background-type":"","background-media":"","overlay-type":"","overlay-color":"","overlay-opacity":"","overlay-gradient":""},"tablet":{"background-color":"","background-image":"","background-repeat":"repeat","background-position":"center center","background-size":"auto","background-attachment":"scroll","background-type":"","background-media":"","overlay-type":"","overlay-color":"","overlay-opacity":"","overlay-gradient":""},"mobile":{"background-color":"","background-image":"","background-repeat":"repeat","background-position":"center center","background-size":"auto","background-attachment":"scroll","background-type":"","background-media":"","overlay-type":"","overlay-color":"","overlay-opacity":"","overlay-gradient":""}},"ast-content-background-meta":{"desktop":{"background-color":"var(--ast-global-color-5)","background-image":"","background-repeat":"repeat","background-position":"center center","background-size":"auto","background-attachment":"scroll","background-type":"","background-media":"","overlay-type":"","overlay-color":"","overlay-opacity":"","overlay-gradient":""},"tablet":{"background-color":"var(--ast-global-color-5)","background-image":"","background-repeat":"repeat","background-position":"center center","background-size":"auto","background-attachment":"scroll","background-type":"","background-media":"","overlay-type":"","overlay-color":"","overlay-opacity":"","overlay-gradient":""},"mobile":{"background-color":"var(--ast-global-color-5)","background-image":"","background-repeat":"repeat","background-position":"center center","background-size":"auto","background-attachment":"scroll","background-type":"","background-media":"","overlay-type":"","overlay-color":"","overlay-opacity":"","overlay-gradient":""}},"_joinchat":[]},"product_brand":[],"product_cat":[25,51,123,26,28,135,27,31,61,137,15,30],"product_tag":[44,39,40,41,171,38,37],"class_list":{"0":"post-1874","1":"product","2":"type-product","3":"status-publish","4":"has-post-thumbnail","6":"product_cat-germany-best-selling-vape","7":"product_cat-fumot-vape","8":"product_cat-italy-wholesale-vape","9":"product_cat-netherlands-hot-sale-vape","10":"product_cat-poland-hot-sale-vape","11":"product_cat-spain-best-hot-sale-vape","12":"product_cat-fance-hot-sale-vape","13":"product_cat-randm-fumot-vape","14":"product_cat-15000-puffs-disposable-vapes","15":"product_cat-rechargeable-vapes","16":"product_cat-new-vape-this-week","17":"product_cat-minimum-order-quantity-50pcs","18":"product_tag-15k-puffs-15000-vape-wholesale","19":"product_tag-fumot-vape","20":"product_tag-hot-sale-vape","21":"product_tag-original-factory-vape","22":"product_tag-randm-15000","23":"product_tag-randm-vape","24":"product_tag-wholesale-vape-price","25":"desktop-align-left","26":"tablet-align-left","27":"mobile-align-left","29":"first","30":"instock","31":"sale","32":"shipping-taxable","33":"purchasable","34":"product-type-simple"},"uagb_featured_image_src":{"full":["https:\/\/rmvapesale.com\/wp-content\/uploads\/2024\/05\/randm-vape-tornado-15k-fumot.jpg",424,589,false],"thumbnail":["https:\/\/rmvapesale.com\/wp-content\/uploads\/2024\/05\/randm-vape-tornado-15k-fumot-150x150.jpg",150,150,true],"medium":["https:\/\/rmvapesale.com\/wp-content\/uploads\/2024\/05\/randm-vape-tornado-15k-fumot-216x300.jpg",216,300,true],"medium_large":["https:\/\/rmvapesale.com\/wp-content\/uploads\/2024\/05\/randm-vape-tornado-15k-fumot.jpg",424,589,false],"large":["https:\/\/rmvapesale.com\/wp-content\/uploads\/2024\/05\/randm-vape-tornado-15k-fumot.jpg",424,589,false],"1536x1536":["https:\/\/rmvapesale.com\/wp-content\/uploads\/2024\/05\/randm-vape-tornado-15k-fumot.jpg",424,589,false],"2048x2048":["https:\/\/rmvapesale.com\/wp-content\/uploads\/2024\/05\/randm-vape-tornado-15k-fumot.jpg",424,589,false],"trp-custom-language-flag":["https:\/\/rmvapesale.com\/wp-content\/uploads\/2024\/05\/randm-vape-tornado-15k-fumot.jpg",9,12,false],"woocommerce_thumbnail":["https:\/\/rmvapesale.com\/wp-content\/uploads\/2024\/05\/randm-vape-tornado-15k-fumot-300x300.jpg",300,300,true],"woocommerce_single":["https:\/\/rmvapesale.com\/wp-content\/uploads\/2024\/05\/randm-vape-tornado-15k-fumot.jpg",424,589,false],"woocommerce_gallery_thumbnail":["https:\/\/rmvapesale.com\/wp-content\/uploads\/2024\/05\/randm-vape-tornado-15k-fumot-100x100.jpg",100,100,true],"wcpr-photo-reviews":["https:\/\/rmvapesale.com\/wp-content\/uploads\/2024\/05\/randm-vape-tornado-15k-fumot.jpg",360,500,false]},"uagb_author_info":{"display_name":"yannazhan","author_link":"https:\/\/rmvapesale.com\/de\/author\/"},"uagb_comment_info":0,"uagb_excerpt":"15K PUFFS FUMOT VAPE RANDM Wholesale Price 15K PUFFS FUMOT ORIGINAL RANDM\u00a0 Factory Price 15K PUFFS Genuine FUMOT VAPE TORNADO RANDM Discount Price Contact Amy For More Discount And Lower MOQ Vape WhatsApp: +86 17776015835","_links":{"self":[{"href":"https:\/\/rmvapesale.com\/de\/wp-json\/wp\/v2\/product\/1874","targetHints":{"allow":["GET"]}}],"collection":[{"href":"https:\/\/rmvapesale.com\/de\/wp-json\/wp\/v2\/product"}],"about":[{"href":"https:\/\/rmvapesale.com\/de\/wp-json\/wp\/v2\/types\/product"}],"replies":[{"embeddable":true,"href":"https:\/\/rmvapesale.com\/de\/wp-json\/wp\/v2\/comments?post=1874"}],"wp:featuredmedia":[{"embeddable":true,"href":"https:\/\/rmvapesale.com\/de\/wp-json\/wp\/v2\/media\/1877"}],"wp:attachment":[{"href":"https:\/\/rmvapesale.com\/de\/wp-json\/wp\/v2\/media?parent=1874"}],"wp:term":[{"taxonomy":"product_brand","embeddable":true,"href":"https:\/\/rmvapesale.com\/de\/wp-json\/wp\/v2\/product_brand?post=1874"},{"taxonomy":"product_cat","embeddable":true,"href":"https:\/\/rmvapesale.com\/de\/wp-json\/wp\/v2\/product_cat?post=1874"},{"taxonomy":"product_tag","embeddable":true,"href":"https:\/\/rmvapesale.com\/de\/wp-json\/wp\/v2\/product_tag?post=1874"}],"curies":[{"name":"wp","href":"https:\/\/api.w.org\/{rel}","templated":true}]}}