{"id":1886,"date":"2024-05-15T08:46:17","date_gmt":"2024-05-15T08:46:17","guid":{"rendered":"https:\/\/rmvapesale.com\/?post_type=product&#038;p=1886"},"modified":"2024-10-21T08:52:11","modified_gmt":"2024-10-21T08:52:11","slug":"original-randm-vape-digital-puff-12000-fumot-factory-price","status":"publish","type":"product","link":"https:\/\/rmvapesale.com\/de\/product\/original-randm-vape-digital-puff-12000-fumot-factory-price\/","title":{"rendered":"Original Randm Vape Digital Puff 12000 FUMOT Fabrikpreis"},"content":{"rendered":"<h1>Original Randm Vape Digital Puff 12000 FUMOT Fabrikpreis<\/h1>\n<p>Das Neueste <strong>Original Randm Vape Digital Puff 12000<\/strong>, die perfekte Wahl zur Erweiterung Ihres Marktes in Europa wie Deutschland, den Niederlanden, Frankreich, Italien, Spanien, der Schweiz, Schweden, Polen usw. Dieses fortschrittliche Vaping-Ger\u00e4t \u00fcberzeugt nicht nur durch seine hervorragende Leistung, sondern bietet auch eine Vielzahl von Geschmacksrichtungen, um den unterschiedlichen Vorlieben der Verbraucher gerecht zu werden.<\/p>\n<p>Der <strong>Fumot Digital Box 12000 Einweg-Vape<\/strong> ist mit 20 ml E-Liquid-Kapazit\u00e4t ausgestattet und bietet bis zu 12.000 Z\u00fcge pro Ger\u00e4t, was den Benutzern langanhaltenden Genuss garantiert. Es verf\u00fcgt \u00fcber einen integrierten wiederaufladbaren 850-mAh-Akku mit einer praktischen Akku- und E-Liquid-Anzeige, die es den Benutzern erm\u00f6glicht, den verbleibenden Strom- und E-Liquid-Stand einfach zu \u00fcberwachen, um ein problemloses Vaping-Erlebnis zu gew\u00e4hrleisten.<\/p>\n<p>Wir bieten eine breite Palette an Geschmacksrichtungen, darunter Cool Mint, Watermelon Ice, Grape Ice, Blueberry Raspberry, Strawberry Watermelon und viele mehr, insgesamt 24 einzigartige Optionen. Zum Beispiel liefert Cool Mint ein erfrischendes und k\u00fchles Gef\u00fchl, w\u00e4hrend Watermelon Ice s\u00fc\u00dfe und eisige Noten f\u00fcr ein k\u00f6stliches Erlebnis kombiniert, perfekt f\u00fcr hei\u00dfe Sommertage.<\/p>\n<p>Dar\u00fcber hinaus verwendet der <strong>Fumot Digital Randm 12000 Einweg-Vape<\/strong> fortschrittliche Nikotinsalztechnologie, die in 0%, 2%, 3% und 5% Nikotinkonzentrationen erh\u00e4ltlich ist, sodass Benutzer die St\u00e4rke w\u00e4hlen k\u00f6nnen, die ihren Bed\u00fcrfnissen am besten entspricht.<\/p>\n<p>Als VAPE-Gro\u00dfh\u00e4ndler profitieren Sie von unseren Preisen direkt ab Werk, die maximale Kosteneffizienz gew\u00e4hrleisten. Unsere Mindestbestellmenge betr\u00e4gt nur 50 St\u00fcck, ideal f\u00fcr Gro\u00dfh\u00e4ndler, die zum ersten Mal E-Zigaretten aus China importieren. Wir bieten auch 24-Stunden-Kundensupport und k\u00fcmmern uns um alle Zollabfertigungsangelegenheiten, um Ihren Kaufprozess reibungslos und sorgenfrei zu gestalten.<\/p>\n<p><strong>Verkaufsleiter AMY WhatsApp hinzuf\u00fcgen <a href=\"https:\/\/wa.me\/8617776015835\" target=\"_blank\" rel=\"noopener\">+86-17776015835<\/a> mehr Rabatt erhalten!<\/strong><\/p>\n<p><img loading=\"lazy\" decoding=\"async\" class=\"size-medium wp-image-1814\" src=\"https:\/\/rmvapesale.com\/wp-content\/uploads\/2024\/04\/whatsapp-amy-229x300.jpg\" alt=\"WhatsApp Amy\" width=\"229\" height=\"300\" srcset=\"https:\/\/rmvapesale.com\/wp-content\/uploads\/2024\/04\/whatsapp-amy-229x300.jpg 229w, https:\/\/rmvapesale.com\/wp-content\/uploads\/2024\/04\/whatsapp-amy-783x1024.jpg 783w, https:\/\/rmvapesale.com\/wp-content\/uploads\/2024\/04\/whatsapp-amy-768x1005.jpg 768w, https:\/\/rmvapesale.com\/wp-content\/uploads\/2024\/04\/whatsapp-amy-600x785.jpg 600w, https:\/\/rmvapesale.com\/wp-content\/uploads\/2024\/04\/whatsapp-amy.jpg 990w\" sizes=\"auto, (max-width: 229px) 100vw, 229px\" \/><\/p>\n<h2>Spezifikationen des FUMOT PUFF 12000 Einweg-Vape:<\/h2>\n<p>Optionen f\u00fcr den Nikotingehalt: 0%, 2%, 3% und 5%<br \/>\nBis zu 12.000 Z\u00fcge<br \/>\nVorgef\u00fcllt mit 20 ml E-Liquid<br \/>\n850mAh Akku<br \/>\n0,9 \u03a9 Mesh-Coil<br \/>\n40 verf\u00fcgbare Geschmacksrichtungen<\/p>\n<h2>Beliebte Geschmacksrichtung f\u00fcr Randm Vape Digital 12000 Puff<\/h2>\n<p>1 K\u00fchle Minze<br \/>\n2 Wassermelone Eis<br \/>\n3 Traube Eis<br \/>\n4 Blaubeere Himbeere <strong><span style=\"color: #ff0000\">&gt;&gt;&gt;Hei\u00df!<\/span><\/strong><br \/>\n5 Erdbeer Wassermelone<br \/>\n6 Erdbeer Banane<br \/>\n7 \u00dcppiges Eis<br \/>\n8 Kirsche<br \/>\n9 Erdbeereis<br \/>\n10 Eis am Stiel<br \/>\n11 Pinke Limonade <strong><span style=\"color: #ff0000\">&gt;&gt;&gt;Beste!<\/span><\/strong><br \/>\n12 Mango auf Eis<br \/>\n13 Gemischte Beeren<br \/>\n14 Erdbeerkrapfen<br \/>\n15 Erdbeer Traube<br \/>\n16 Kirsch Cola<br \/>\n17 Dr. Blau<br \/>\n18 Heidelbeere auf Eis<br \/>\n19 Kiwi Passionsfrucht Guave<br \/>\n20 Erdbeer Kiwi<br \/>\n21 Pfirsich Mango<br \/>\n22 Pfirsich Eis<br \/>\n23 Roter Apfel Eis<br \/>\n24 Heidelbeer Kaugummi<br \/>\n25 Beerenlimonade<br \/>\n26 Blaue Himbeerlimonade<br \/>\n27 Blaue saure Himbeere <strong><span style=\"color: #ff0000\">&gt;&gt;&gt;Hei\u00df!<\/span><\/strong><br \/>\n28 Erdbeer Red bull<br \/>\n29 Apfelbeeren-Explosion<br \/>\n30 Wassermelonen-Kaugummi<br \/>\n31 Himbeer-Wassermelone<br \/>\n32 Schwarzes Eis<br \/>\n33 Heidelbeere Kirsche Cranberry <strong><span style=\"color: #ff0000\">&gt;&gt;&gt;Hei\u00df!<\/span><\/strong><br \/>\n34 Erdbeer-Pomp (Granatapfel)<br \/>\n35 Vimto <strong><span style=\"color: #ff0000\">&gt;&gt;&gt;Hei\u00df!<\/span><\/strong><br \/>\n36 Kirschbeere<br \/>\n37 Zitrone<br \/>\n38 Bingo Crush<br \/>\n39 Blaubeere Kiwi<br \/>\n40 Apfel Zimt<\/p>\n<figure id=\"attachment_2480\" aria-describedby=\"caption-attachment-2480\" style=\"width: 600px\" class=\"wp-caption alignnone\"><img loading=\"lazy\" decoding=\"async\" class=\"wp-image-2480 size-full\" src=\"https:\/\/rmvapesale.com\/wp-content\/uploads\/2024\/10\/Fumot-Digital-Box-12000-Disposable-Vape.jpg\" alt=\"Fumot Digital Box 12000 Einweg-Vape\" width=\"600\" height=\"600\" srcset=\"https:\/\/rmvapesale.com\/wp-content\/uploads\/2024\/10\/Fumot-Digital-Box-12000-Disposable-Vape.jpg 600w, https:\/\/rmvapesale.com\/wp-content\/uploads\/2024\/10\/Fumot-Digital-Box-12000-Disposable-Vape-300x300.jpg 300w, https:\/\/rmvapesale.com\/wp-content\/uploads\/2024\/10\/Fumot-Digital-Box-12000-Disposable-Vape-150x150.jpg 150w, https:\/\/rmvapesale.com\/wp-content\/uploads\/2024\/10\/Fumot-Digital-Box-12000-Disposable-Vape-100x100.jpg 100w\" sizes=\"auto, (max-width: 600px) 100vw, 600px\" \/><figcaption id=\"caption-attachment-2480\" class=\"wp-caption-text\">Fumot Digital Box 12000 Einweg-Vape<\/figcaption><\/figure>\n<h2>Was Sie \u00fcber den Fumot Digital Puff 12000 Vape wissen sollten, bevor Sie ihn in gro\u00dfen Mengen kaufen.<\/h2>\n<p><strong>F1: Welche Nikotinst\u00e4rken sind f\u00fcr den Fumot Randm Digital 12000 Puffs Vape erh\u00e4ltlich?<\/strong><\/p>\n<ul>\n<li>Der <strong>Original Fumot Vape Digital 12000 Z\u00fcge<\/strong> bietet Nikotinsalz-Konzentrationen von 0 %, 2 %, 3 % und 5 %.<\/li>\n<\/ul>\n<p><strong>F2: Wie viele Geschmacksrichtungen sind f\u00fcr dieses Produkt erh\u00e4ltlich?<\/strong><\/p>\n<ul>\n<li>Der <strong>Original Randm Digital Vape 12k Z\u00fcge<\/strong> ist in 24 verschiedenen Geschmacksrichtungen erh\u00e4ltlich, darunter Cool Mint, Watermelon Ice, Grape Ice und mehr.<\/li>\n<\/ul>\n<p><strong>F3: Wie gro\u00df sind die E-Liquid-Kapazit\u00e4t und die Zuganzahl f\u00fcr dieses Ger\u00e4t?<\/strong><\/p>\n<ul>\n<li>Der <strong>Original Randm Vape Digital Z\u00fcge 12000<\/strong> hat eine E-Liquid-Kapazit\u00e4t von 20 ml und bietet bis zu 12.000 Z\u00fcge pro Ger\u00e4t.<\/li>\n<\/ul>\n<p><strong>F4: Ist die Batterie wiederaufladbar und wie kann ich ihren Status \u00fcberwachen?<\/strong><\/p>\n<ul>\n<li>Ja, die <strong>Original Randm Digital Vape 12k Z\u00fcge<\/strong> hat einen integrierten wiederaufladbaren 850mAh-Akku mit einem Display zur \u00dcberwachung des Akku- und E-Liquid-F\u00fcllstands.<\/li>\n<\/ul>\n<p><strong>F5: Wie hoch ist die Mindestbestellmenge und welche Unterst\u00fctzung bieten Sie f\u00fcr neue Importeure?<\/strong><\/p>\n<ul>\n<li>Unsere Mindestbestellmenge betr\u00e4gt 50 St\u00fcck. Wir bieten 24\/7 Kundensupport und k\u00fcmmern uns um alle Zollabfertigungsfragen, was es ideal f\u00fcr Erstimporteure aus China macht.<\/li>\n<\/ul>\n<p><strong>F6: Wie wird das Produkt f\u00fcr den Gro\u00dfhandel verpackt?<\/strong><\/p>\n<ul>\n<li>Der <strong>Original Fumot Digital Vape 12k Z\u00fcge<\/strong> wird mit 10 St\u00fcck in einer Display-Box und 200 St\u00fcck in einem Karton verpackt.<\/li>\n<\/ul>\n<p><strong>F7: Gibt es Optionen f\u00fcr Fabrikpreise bei Gro\u00dfeink\u00e4ufen?<\/strong><\/p>\n<ul>\n<li>Ja, wir bieten <strong>Original Fumot Vape Digital 12k Puffs Fabrikpreis<\/strong> Optionen f\u00fcr Gro\u00dfeink\u00e4ufe an, um sicherzustellen, dass Sie den besten Wert erhalten.<\/li>\n<\/ul>\n<p><strong>F8: Kann ich wettbewerbsf\u00e4hige Preise f\u00fcr Gro\u00dfbestellungen bekommen?<\/strong><\/p>\n<ul>\n<li>Absolut, wir bieten <strong>Original Randm Digital Vape 12k Puffs Gro\u00dfhandelspreis<\/strong> an, um Ihnen zu helfen, die Gewinnspannen Ihres Vape-Gesch\u00e4fts zu maximieren.<\/li>\n<\/ul>\n<p>Finden Sie weitere Vape-Produkte, die Ihnen gefallen k\u00f6nnten:<em><a href=\"https:\/\/rmvapesale.com\/de\/shop-2\/\">Jetzt einkaufen\u00a0<\/a><\/em><\/p>\n<p>andere hei\u00dfe Verkaufs-Vapes, die Ihnen gefallen k\u00f6nnten:<\/p>\n<p><a href=\"https:\/\/rmvapesale.com\/de\/product\/jnr-shisha-vape-15000-puffs-wholesale-price-with-screen-vape\/\">VOPK SHISHA 15K<\/a><\/p>\n<p><a href=\"https:\/\/rmvapesale.com\/de\/product\/randm-vape-al-fakher-10000-puffs-vape-wholesale\/\">randm vape AI FAKHER 15k vape<\/a><\/p>\n<p><a href=\"https:\/\/rmvapesale.com\/de\/product\/randm-tornado-15000-puffs-15k-vape-recharge-fumot-original-vape-factory-price\/\">Fumot digital box Puff 12000<\/a><\/p>","protected":false},"excerpt":{"rendered":"<p class=\"LC20lb MBeuO DKV0Md\">Original Fumot Vape Digital 12000 Z\u00fcge Fabrikpreis<br \/>\nOriginal Fumot Vape Digital 12k Z\u00fcge Preis Gro\u00dfeinkauf<br \/>\nFumot Vape RandM Digital 12000 Preis G\u00fcnstig<br \/>\n<strong>Kontaktieren Sie Amy f\u00fcr mehr Rabatt und niedrigere Mindestbestellmenge<\/strong><\/p>\n<p><img loading=\"lazy\" decoding=\"async\" class=\"size-medium wp-image-1814\" src=\"https:\/\/rmvapesale.com\/wp-content\/uploads\/2024\/04\/whatsapp-amy-229x300.jpg\" alt=\"WhatsApp Amy\" width=\"229\" height=\"300\" srcset=\"https:\/\/rmvapesale.com\/wp-content\/uploads\/2024\/04\/whatsapp-amy-229x300.jpg 229w, https:\/\/rmvapesale.com\/wp-content\/uploads\/2024\/04\/whatsapp-amy-783x1024.jpg 783w, https:\/\/rmvapesale.com\/wp-content\/uploads\/2024\/04\/whatsapp-amy-768x1005.jpg 768w, https:\/\/rmvapesale.com\/wp-content\/uploads\/2024\/04\/whatsapp-amy-600x785.jpg 600w, https:\/\/rmvapesale.com\/wp-content\/uploads\/2024\/04\/whatsapp-amy.jpg 990w\" sizes=\"auto, (max-width: 229px) 100vw, 229px\" \/><\/p>\n<h3><span style=\"color: #ff0000\"><strong>WhatsApp: +86 17776015835<\/strong><\/span><\/h3>","protected":false},"featured_media":2485,"comment_status":"open","ping_status":"closed","template":"","meta":{"_uag_custom_page_level_css":"","_lmt_disableupdate":"no","_lmt_disable":"","site-sidebar-layout":"default","site-content-layout":"content-boxed-container","ast-site-content-layout":"normal-width-container","site-content-style":"boxed","site-sidebar-style":"unboxed","ast-global-header-display":"","ast-banner-title-visibility":"","ast-main-header-display":"","ast-hfb-above-header-display":"","ast-hfb-below-header-display":"","ast-hfb-mobile-header-display":"","site-post-title":"","ast-breadcrumbs-content":"","ast-featured-img":"","footer-sml-layout":"","theme-transparent-header-meta":"default","adv-header-id-meta":"","stick-header-meta":"","header-above-stick-meta":"","header-main-stick-meta":"","header-below-stick-meta":"","astra-migrate-meta-layouts":"set","ast-page-background-enabled":"default","ast-page-background-meta":{"desktop":{"background-color":"var(--ast-global-color-4)","background-image":"","background-repeat":"repeat","background-position":"center center","background-size":"auto","background-attachment":"scroll","background-type":"","background-media":"","overlay-type":"","overlay-color":"","overlay-opacity":"","overlay-gradient":""},"tablet":{"background-color":"","background-image":"","background-repeat":"repeat","background-position":"center center","background-size":"auto","background-attachment":"scroll","background-type":"","background-media":"","overlay-type":"","overlay-color":"","overlay-opacity":"","overlay-gradient":""},"mobile":{"background-color":"","background-image":"","background-repeat":"repeat","background-position":"center center","background-size":"auto","background-attachment":"scroll","background-type":"","background-media":"","overlay-type":"","overlay-color":"","overlay-opacity":"","overlay-gradient":""}},"ast-content-background-meta":{"desktop":{"background-color":"var(--ast-global-color-5)","background-image":"","background-repeat":"repeat","background-position":"center center","background-size":"auto","background-attachment":"scroll","background-type":"","background-media":"","overlay-type":"","overlay-color":"","overlay-opacity":"","overlay-gradient":""},"tablet":{"background-color":"var(--ast-global-color-5)","background-image":"","background-repeat":"repeat","background-position":"center center","background-size":"auto","background-attachment":"scroll","background-type":"","background-media":"","overlay-type":"","overlay-color":"","overlay-opacity":"","overlay-gradient":""},"mobile":{"background-color":"var(--ast-global-color-5)","background-image":"","background-repeat":"repeat","background-position":"center center","background-size":"auto","background-attachment":"scroll","background-type":"","background-media":"","overlay-type":"","overlay-color":"","overlay-opacity":"","overlay-gradient":""}},"_joinchat":[]},"product_brand":[],"product_cat":[25,26,28,27,31,15,30],"product_tag":[45,46,39,40,111,41,38,165,37],"class_list":{"0":"post-1886","1":"product","2":"type-product","3":"status-publish","4":"has-post-thumbnail","6":"product_cat-germany-best-selling-vape","7":"product_cat-netherlands-hot-sale-vape","8":"product_cat-poland-hot-sale-vape","9":"product_cat-fance-hot-sale-vape","10":"product_cat-randm-fumot-vape","11":"product_cat-new-vape-this-week","12":"product_cat-minimum-order-quantity-50pcs","13":"product_tag-12k-vape-puff-12000","14":"product_tag-digital-box-12000-puff-original","15":"product_tag-fumot-vape","16":"product_tag-hot-sale-vape","17":"product_tag-low-nicotine-disposable-vape","18":"product_tag-original-factory-vape","19":"product_tag-randm-vape","20":"product_tag-rechargeable-vapes","21":"product_tag-wholesale-vape-price","22":"desktop-align-left","23":"tablet-align-left","24":"mobile-align-left","26":"first","27":"instock","28":"sale","29":"shipping-taxable","30":"purchasable","31":"product-type-simple"},"uagb_featured_image_src":{"full":["https:\/\/rmvapesale.com\/wp-content\/uploads\/2024\/10\/Randm-Vape-12000-Puffs.jpg",600,600,false],"thumbnail":["https:\/\/rmvapesale.com\/wp-content\/uploads\/2024\/10\/Randm-Vape-12000-Puffs-150x150.jpg",150,150,true],"medium":["https:\/\/rmvapesale.com\/wp-content\/uploads\/2024\/10\/Randm-Vape-12000-Puffs-300x300.jpg",300,300,true],"medium_large":["https:\/\/rmvapesale.com\/wp-content\/uploads\/2024\/10\/Randm-Vape-12000-Puffs.jpg",600,600,false],"large":["https:\/\/rmvapesale.com\/wp-content\/uploads\/2024\/10\/Randm-Vape-12000-Puffs.jpg",600,600,false],"1536x1536":["https:\/\/rmvapesale.com\/wp-content\/uploads\/2024\/10\/Randm-Vape-12000-Puffs.jpg",600,600,false],"2048x2048":["https:\/\/rmvapesale.com\/wp-content\/uploads\/2024\/10\/Randm-Vape-12000-Puffs.jpg",600,600,false],"trp-custom-language-flag":["https:\/\/rmvapesale.com\/wp-content\/uploads\/2024\/10\/Randm-Vape-12000-Puffs.jpg",12,12,false],"woocommerce_thumbnail":["https:\/\/rmvapesale.com\/wp-content\/uploads\/2024\/10\/Randm-Vape-12000-Puffs-300x300.jpg",300,300,true],"woocommerce_single":["https:\/\/rmvapesale.com\/wp-content\/uploads\/2024\/10\/Randm-Vape-12000-Puffs.jpg",600,600,false],"woocommerce_gallery_thumbnail":["https:\/\/rmvapesale.com\/wp-content\/uploads\/2024\/10\/Randm-Vape-12000-Puffs-100x100.jpg",100,100,true],"wcpr-photo-reviews":["https:\/\/rmvapesale.com\/wp-content\/uploads\/2024\/10\/Randm-Vape-12000-Puffs.jpg",500,500,false]},"uagb_author_info":{"display_name":"yannazhan","author_link":"https:\/\/rmvapesale.com\/de\/author\/"},"uagb_comment_info":0,"uagb_excerpt":"Original Fumot Vape Digital 12ooo Puffs Factory Price Original Fumot Vape Digital 12k Puffs Price Bulk Buy Fumot Vape RandM Digital 12000 Price Cheap Contact Amy For More Discount And Lower MOQ Vape WhatsApp: +86 17776015835","_links":{"self":[{"href":"https:\/\/rmvapesale.com\/de\/wp-json\/wp\/v2\/product\/1886","targetHints":{"allow":["GET"]}}],"collection":[{"href":"https:\/\/rmvapesale.com\/de\/wp-json\/wp\/v2\/product"}],"about":[{"href":"https:\/\/rmvapesale.com\/de\/wp-json\/wp\/v2\/types\/product"}],"replies":[{"embeddable":true,"href":"https:\/\/rmvapesale.com\/de\/wp-json\/wp\/v2\/comments?post=1886"}],"wp:featuredmedia":[{"embeddable":true,"href":"https:\/\/rmvapesale.com\/de\/wp-json\/wp\/v2\/media\/2485"}],"wp:attachment":[{"href":"https:\/\/rmvapesale.com\/de\/wp-json\/wp\/v2\/media?parent=1886"}],"wp:term":[{"taxonomy":"product_brand","embeddable":true,"href":"https:\/\/rmvapesale.com\/de\/wp-json\/wp\/v2\/product_brand?post=1886"},{"taxonomy":"product_cat","embeddable":true,"href":"https:\/\/rmvapesale.com\/de\/wp-json\/wp\/v2\/product_cat?post=1886"},{"taxonomy":"product_tag","embeddable":true,"href":"https:\/\/rmvapesale.com\/de\/wp-json\/wp\/v2\/product_tag?post=1886"}],"curies":[{"name":"wp","href":"https:\/\/api.w.org\/{rel}","templated":true}]}}