{"id":1892,"date":"2024-05-15T09:27:34","date_gmt":"2024-05-15T09:27:34","guid":{"rendered":"https:\/\/rmvapesale.com\/?post_type=product&#038;p=1892"},"modified":"2024-10-22T08:17:31","modified_gmt":"2024-10-22T08:17:31","slug":"original-randm-tornado-9000-puffs-vape-fumot-factory-price-cheap","status":"publish","type":"product","link":"https:\/\/rmvapesale.com\/de\/product\/original-randm-tornado-9000-puffs-vape-fumot-factory-price-cheap\/","title":{"rendered":"Original RANDM TORNADO 9000 Z\u00fcge Vape Fumot Fabrikpreis G\u00fcnstig"},"content":{"rendered":"<h1>Original RANDM TORNADO 9000 Z\u00fcge Vape Fumot Fabrikpreis G\u00fcnstig<\/h1>\n<p>Der Fumot Vape RANDM TORNADO 9000 Z\u00fcge, ein hochmodernes Einweg-Vape-Ger\u00e4t, das speziell auf die Bed\u00fcrfnisse anspruchsvoller Gro\u00dfh\u00e4ndler in Deutschland zugeschnitten ist. Mit Pr\u00e4zision und Innovation entwickelt, verspricht dieses Ger\u00e4t ein au\u00dfergew\u00f6hnliches Dampferlebnis, das hohe Leistung mit einer umfangreichen Geschmacksvielfalt verbindet.<\/p>\n<p>Mit seinen fortschrittlichen Funktionen hebt sich der Fumot Vape 9000 von der Konkurrenz ab. Ausgestattet mit einer Mesh-Spule und einer integrierten 850mAh wiederaufladbaren Batterie sorgt er f\u00fcr eine reibungslose und gleichm\u00e4\u00dfige Dampfproduktion f\u00fcr langanhaltenden Genuss. Das Ger\u00e4t bietet eine Auswahl an Nikotinsalzkonzentrationen von 0% bis 5%, um unterschiedlichen Vorlieben gerecht zu werden.<\/p>\n<p>Doch was den RANDM TORNADO 9000 wirklich auszeichnet, ist seine umfangreiche Geschmacksvielfalt. Mit 43 verlockenden Optionen, darunter Klassiker wie Lush Ice und Erdbeer-Limonade sowie einzigartige Mischungen wie Honigmelone-Eiscreme und Pina Colada, ist f\u00fcr jeden Geschmack etwas dabei.<\/p>\n<p>Wenn Sie Vape Randm H\u00e4ndler sind und hochwertige Vape-Produkte zu wettbewerbsf\u00e4higen Preisen suchen.<\/p>\n<p><strong>Verkaufsleiter AMY WhatsApp hinzuf\u00fcgen <a href=\"https:\/\/wa.me\/8617776015835\" target=\"_blank\" rel=\"noopener\">+86-17776015835<\/a> mehr Rabatt erhalten!<\/strong><\/p>\n<p><img loading=\"lazy\" decoding=\"async\" class=\"size-medium wp-image-1814\" src=\"https:\/\/rmvapesale.com\/wp-content\/uploads\/2024\/04\/whatsapp-amy-229x300.jpg\" alt=\"WhatsApp Amy\" width=\"229\" height=\"300\" srcset=\"https:\/\/rmvapesale.com\/wp-content\/uploads\/2024\/04\/whatsapp-amy-229x300.jpg 229w, https:\/\/rmvapesale.com\/wp-content\/uploads\/2024\/04\/whatsapp-amy-783x1024.jpg 783w, https:\/\/rmvapesale.com\/wp-content\/uploads\/2024\/04\/whatsapp-amy-768x1005.jpg 768w, https:\/\/rmvapesale.com\/wp-content\/uploads\/2024\/04\/whatsapp-amy-600x785.jpg 600w, https:\/\/rmvapesale.com\/wp-content\/uploads\/2024\/04\/whatsapp-amy.jpg 990w\" sizes=\"auto, (max-width: 229px) 100vw, 229px\" \/><\/p>\n<h3>Spezifikationen DES FUMOT PUFF 9000 Einweg-Vape-Ger\u00e4ts:<\/h3>\n<p>Optionen f\u00fcr den Nikotingehalt: 0%, 2%, 3% und 5%<br \/>\nBis zu 9000 Z\u00fcge<br \/>\nVorgef\u00fcllt mit 18ml E-Liquid<br \/>\n850mAh Akku<br \/>\n0,9 \u03a9 Mesh-Coil<br \/>\n43 verf\u00fcgbare Geschmacksrichtungen auf Lager<\/p>\n<figure id=\"attachment_1930\" aria-describedby=\"caption-attachment-1930\" style=\"width: 800px\" class=\"wp-caption alignnone\"><img loading=\"lazy\" decoding=\"async\" class=\"wp-image-1930 size-full\" src=\"https:\/\/rmvapesale.com\/wp-content\/uploads\/2024\/08\/Fumot-Randm-Tornado-9000-Disposable-Vape-Gummy-Bear.png\" alt=\"Fumot Randm Tornado 9000 Einweg-Vape Gummib\u00e4rchen\" width=\"800\" height=\"800\" srcset=\"https:\/\/rmvapesale.com\/wp-content\/uploads\/2024\/08\/Fumot-Randm-Tornado-9000-Disposable-Vape-Gummy-Bear.png 800w, https:\/\/rmvapesale.com\/wp-content\/uploads\/2024\/08\/Fumot-Randm-Tornado-9000-Disposable-Vape-Gummy-Bear-300x300.png 300w, https:\/\/rmvapesale.com\/wp-content\/uploads\/2024\/08\/Fumot-Randm-Tornado-9000-Disposable-Vape-Gummy-Bear-150x150.png 150w, https:\/\/rmvapesale.com\/wp-content\/uploads\/2024\/08\/Fumot-Randm-Tornado-9000-Disposable-Vape-Gummy-Bear-768x768.png 768w, https:\/\/rmvapesale.com\/wp-content\/uploads\/2024\/08\/Fumot-Randm-Tornado-9000-Disposable-Vape-Gummy-Bear-600x600.png 600w, https:\/\/rmvapesale.com\/wp-content\/uploads\/2024\/08\/Fumot-Randm-Tornado-9000-Disposable-Vape-Gummy-Bear-100x100.png 100w\" sizes=\"auto, (max-width: 800px) 100vw, 800px\" \/><figcaption id=\"caption-attachment-1930\" class=\"wp-caption-text\">Fumot Randm Tornado 9000 Einweg-Vape Gummib\u00e4rchen<\/figcaption><\/figure>\n<h2>RANDM TORNADO 9000 Z\u00fcge Geschmack<\/h2>\n<p>1 Aloe Traube<br \/>\n2 Bananen-Custard<br \/>\n3 Schwarzer Drache Eis<br \/>\n4 Schwarzes Eis<br \/>\n5 Blue Razz Ice<br \/>\n6 Blue Razz Kush<br \/>\n7 Heidelbeer-Kirsch-Cranberry<br \/>\n8 Heidelbeer-Himbeer<br \/>\n9 Heidelbeer-Sauer-Himbeer<br \/>\n10 Bluelicious Ice<br \/>\n11 Kirsche<br \/>\n12 Kirsche Pfirsich Limonade<br \/>\n13 K\u00fchle Minze<br \/>\n14 Sprudelnde Kirsche<br \/>\n15 Traube<br \/>\n16 Gummib\u00e4rchen<br \/>\n17 Guave Eis<br \/>\n18 Eis am Stiel<br \/>\n19 Kiwi Passionsfrucht Guave<br \/>\n20 Zitrone &amp; Limette<br \/>\n21 \u00dcppiges Eis<br \/>\n22 Gemischte Beeren<br \/>\n23 Herr Blau<br \/>\n24 Orangenlimonade<br \/>\n25 Pfirsich Beere<br \/>\n26 Pfirsich Limonade<br \/>\n27 Pfirsich Mango Ananas<br \/>\n28 Ananas<br \/>\n29 Pinke Limonade<br \/>\n30 Regenbogen S\u00fc\u00dfigkeit<br \/>\n31 Himbeere Wassermelone<br \/>\n32 Skittles<br \/>\n33 Saure S\u00fc\u00dfigkeiten<br \/>\n34 Erdbeere Banane<br \/>\n35 Erdbeer Sahne<br \/>\n36 Erdbeer Eis<br \/>\n37 Erdbeer Limonade<br \/>\n38 Erdbeer Himbeere Kirsche Eis<br \/>\n39 Erdbeere Wassermelone<br \/>\n40 Dreifach Mango<br \/>\n41 Vimto<br \/>\n42 Wassermelone Brazz Eis<\/p>\n<p>Dinge, die Sie vor dem Gro\u00dfkauf des Randm 9000 Puffs Vape wissen sollten.<\/p>\n<h4>FAQ:<\/h4>\n<p><strong>F: Welche Preism\u00f6glichkeiten gibt es f\u00fcr das Fumot RANDM TORNADO 9000?<\/strong><\/p>\n<p>A: Wir bieten wettbewerbsf\u00e4hige Fabrikpreise f\u00fcr das Original Randm Vape-Ger\u00e4t Puffs 9000, sowohl f\u00fcr einzelne Einheiten als auch f\u00fcr Gro\u00dfbestellungen.<\/p>\n<p><strong>F: Gibt es Gro\u00dfhandelspreise f\u00fcr das Fumot RANDM TORNADO 9000?<\/strong><\/p>\n<p>A: Ja, wir bieten Gro\u00dfhandelspreise f\u00fcr das Original Randm Vape-Kit 9000 Z\u00fcge, um Gro\u00dfh\u00e4ndlern, die in gr\u00f6\u00dferen Mengen kaufen m\u00f6chten, entgegenzukommen.<\/p>\n<p><strong>F: Welche Preisspannen gibt es f\u00fcr Gro\u00dfbestellungen des Fumot RANDM TORNADO 9000?<\/strong><\/p>\n<p>A: Wir bieten attraktive Gro\u00dfhandelspreise f\u00fcr das Original Randm Vape Pod Puffs 9000, um Kosteneinsparungen f\u00fcr Gro\u00dfh\u00e4ndler bei gr\u00f6\u00dferen Bestellmengen zu gew\u00e4hrleisten.<\/p>\n<p><strong>F: Bieten Sie spezielle Preise f\u00fcr Erstimporteure an?<\/strong><\/p>\n<p>A: Ja, wir bieten wettbewerbsf\u00e4hige Preise f\u00fcr den Fumot RANDM TORNADO 9000, was ihn zu einer idealen Wahl f\u00fcr Erstimporteure von E-Zigaretten aus Deutschland macht.<\/p>\n<p>Finden Sie weitere Vape-Produkte, die Ihnen gefallen k\u00f6nnten:<em><a href=\"https:\/\/rmvapesale.com\/de\/shop-2\/\">Jetzt einkaufen\u00a0<\/a><\/em><\/p>\n<p>andere hei\u00dfe Verkaufs-Vapes, die Ihnen gefallen k\u00f6nnten:<\/p>\n<p><a href=\"https:\/\/rmvapesale.com\/de\/product\/jnr-shisha-vape-15000-puffs-wholesale-price-with-screen-vape\/\">VOPK SHISHA 15K\/ <\/a><a href=\"https:\/\/rmvapesale.com\/de\/product\/randm-vape-al-fakher-10000-puffs-vape-wholesale\/\">randm vape AI FAKHER 15k Vape\/<\/a><a href=\"https:\/\/rmvapesale.com\/de\/product\/randm-tornado-15000-puffs-15k-vape-recharge-fumot-original-vape-factory-price\/\">Fumot digital box Puff 12000<\/a><\/p>","protected":false},"excerpt":{"rendered":"<p class=\"LC20lb MBeuO DKV0Md\">G\u00fcnstiger Preis 9000 Z\u00fcge Vape Ger\u00e4t Original Fumot<br \/>\nGro\u00dfbestellung 9000 Z\u00fcge Vape Ger\u00e4t Original Randm<br \/>\nGro\u00dfhandelspreis 9000 Z\u00fcge Vape Kit Original Fumot<br \/>\n<strong>Kontaktieren Sie Amy f\u00fcr mehr Rabatt und niedrigere Mindestbestellmenge<\/strong><\/p>\n<p><img loading=\"lazy\" decoding=\"async\" class=\"size-medium wp-image-1814\" src=\"https:\/\/rmvapesale.com\/wp-content\/uploads\/2024\/04\/whatsapp-amy-229x300.jpg\" alt=\"WhatsApp Amy\" width=\"229\" height=\"300\" srcset=\"https:\/\/rmvapesale.com\/wp-content\/uploads\/2024\/04\/whatsapp-amy-229x300.jpg 229w, https:\/\/rmvapesale.com\/wp-content\/uploads\/2024\/04\/whatsapp-amy-783x1024.jpg 783w, https:\/\/rmvapesale.com\/wp-content\/uploads\/2024\/04\/whatsapp-amy-768x1005.jpg 768w, https:\/\/rmvapesale.com\/wp-content\/uploads\/2024\/04\/whatsapp-amy-600x785.jpg 600w, https:\/\/rmvapesale.com\/wp-content\/uploads\/2024\/04\/whatsapp-amy.jpg 990w\" sizes=\"auto, (max-width: 229px) 100vw, 229px\" \/><\/p>\n<h3><span style=\"color: #ff0000\"><strong>WhatsApp: +86 17776015835<\/strong><\/span><\/h3>","protected":false},"featured_media":1887,"comment_status":"open","ping_status":"closed","template":"","meta":{"_uag_custom_page_level_css":"","_lmt_disableupdate":"no","_lmt_disable":"","site-sidebar-layout":"default","site-content-layout":"content-boxed-container","ast-site-content-layout":"normal-width-container","site-content-style":"boxed","site-sidebar-style":"unboxed","ast-global-header-display":"","ast-banner-title-visibility":"","ast-main-header-display":"","ast-hfb-above-header-display":"","ast-hfb-below-header-display":"","ast-hfb-mobile-header-display":"","site-post-title":"","ast-breadcrumbs-content":"","ast-featured-img":"","footer-sml-layout":"","theme-transparent-header-meta":"default","adv-header-id-meta":"","stick-header-meta":"","header-above-stick-meta":"","header-main-stick-meta":"","header-below-stick-meta":"","astra-migrate-meta-layouts":"set","ast-page-background-enabled":"default","ast-page-background-meta":{"desktop":{"background-color":"var(--ast-global-color-4)","background-image":"","background-repeat":"repeat","background-position":"center center","background-size":"auto","background-attachment":"scroll","background-type":"","background-media":"","overlay-type":"","overlay-color":"","overlay-opacity":"","overlay-gradient":""},"tablet":{"background-color":"","background-image":"","background-repeat":"repeat","background-position":"center center","background-size":"auto","background-attachment":"scroll","background-type":"","background-media":"","overlay-type":"","overlay-color":"","overlay-opacity":"","overlay-gradient":""},"mobile":{"background-color":"","background-image":"","background-repeat":"repeat","background-position":"center center","background-size":"auto","background-attachment":"scroll","background-type":"","background-media":"","overlay-type":"","overlay-color":"","overlay-opacity":"","overlay-gradient":""}},"ast-content-background-meta":{"desktop":{"background-color":"var(--ast-global-color-5)","background-image":"","background-repeat":"repeat","background-position":"center center","background-size":"auto","background-attachment":"scroll","background-type":"","background-media":"","overlay-type":"","overlay-color":"","overlay-opacity":"","overlay-gradient":""},"tablet":{"background-color":"var(--ast-global-color-5)","background-image":"","background-repeat":"repeat","background-position":"center center","background-size":"auto","background-attachment":"scroll","background-type":"","background-media":"","overlay-type":"","overlay-color":"","overlay-opacity":"","overlay-gradient":""},"mobile":{"background-color":"var(--ast-global-color-5)","background-image":"","background-repeat":"repeat","background-position":"center center","background-size":"auto","background-attachment":"scroll","background-type":"","background-media":"","overlay-type":"","overlay-color":"","overlay-opacity":"","overlay-gradient":""}},"_joinchat":[]},"product_brand":[],"product_cat":[25,52,51,123,26,28,135,27,31,137,15,30],"product_tag":[47,39,40,41,181,38,37],"class_list":{"0":"post-1892","1":"product","2":"type-product","3":"status-publish","4":"has-post-thumbnail","6":"product_cat-germany-best-selling-vape","7":"product_cat-9000-puffs-disposable-vapes","8":"product_cat-fumot-vape","9":"product_cat-italy-wholesale-vape","10":"product_cat-netherlands-hot-sale-vape","11":"product_cat-poland-hot-sale-vape","12":"product_cat-spain-best-hot-sale-vape","13":"product_cat-fance-hot-sale-vape","14":"product_cat-randm-fumot-vape","15":"product_cat-rechargeable-vapes","16":"product_cat-new-vape-this-week","17":"product_cat-minimum-order-quantity-50pcs","18":"product_tag-9000-puffs-vape","19":"product_tag-fumot-vape","20":"product_tag-hot-sale-vape","21":"product_tag-original-factory-vape","22":"product_tag-randm-tornado-9000","23":"product_tag-randm-vape","24":"product_tag-wholesale-vape-price","25":"desktop-align-left","26":"tablet-align-left","27":"mobile-align-left","29":"first","30":"instock","31":"sale","32":"shipping-taxable","33":"purchasable","34":"product-type-simple"},"uagb_featured_image_src":{"full":["https:\/\/rmvapesale.com\/wp-content\/uploads\/2024\/05\/RM-TORNADO-VAPE-DISPOSABEL-9000-PUFFS.png",600,600,false],"thumbnail":["https:\/\/rmvapesale.com\/wp-content\/uploads\/2024\/05\/RM-TORNADO-VAPE-DISPOSABEL-9000-PUFFS-150x150.png",150,150,true],"medium":["https:\/\/rmvapesale.com\/wp-content\/uploads\/2024\/05\/RM-TORNADO-VAPE-DISPOSABEL-9000-PUFFS-300x300.png",300,300,true],"medium_large":["https:\/\/rmvapesale.com\/wp-content\/uploads\/2024\/05\/RM-TORNADO-VAPE-DISPOSABEL-9000-PUFFS.png",600,600,false],"large":["https:\/\/rmvapesale.com\/wp-content\/uploads\/2024\/05\/RM-TORNADO-VAPE-DISPOSABEL-9000-PUFFS.png",600,600,false],"1536x1536":["https:\/\/rmvapesale.com\/wp-content\/uploads\/2024\/05\/RM-TORNADO-VAPE-DISPOSABEL-9000-PUFFS.png",600,600,false],"2048x2048":["https:\/\/rmvapesale.com\/wp-content\/uploads\/2024\/05\/RM-TORNADO-VAPE-DISPOSABEL-9000-PUFFS.png",600,600,false],"trp-custom-language-flag":["https:\/\/rmvapesale.com\/wp-content\/uploads\/2024\/05\/RM-TORNADO-VAPE-DISPOSABEL-9000-PUFFS.png",12,12,false],"woocommerce_thumbnail":["https:\/\/rmvapesale.com\/wp-content\/uploads\/2024\/05\/RM-TORNADO-VAPE-DISPOSABEL-9000-PUFFS-300x300.png",300,300,true],"woocommerce_single":["https:\/\/rmvapesale.com\/wp-content\/uploads\/2024\/05\/RM-TORNADO-VAPE-DISPOSABEL-9000-PUFFS.png",600,600,false],"woocommerce_gallery_thumbnail":["https:\/\/rmvapesale.com\/wp-content\/uploads\/2024\/05\/RM-TORNADO-VAPE-DISPOSABEL-9000-PUFFS-100x100.png",100,100,true],"wcpr-photo-reviews":["https:\/\/rmvapesale.com\/wp-content\/uploads\/2024\/05\/RM-TORNADO-VAPE-DISPOSABEL-9000-PUFFS.png",500,500,false]},"uagb_author_info":{"display_name":"yannazhan","author_link":"https:\/\/rmvapesale.com\/de\/author\/"},"uagb_comment_info":0,"uagb_excerpt":"Cheap Price 9ooo Puffs Vape Device Original Fumot Bulk Buy 9ooo Puffs Vape Device Original Randm Wholesale Price 9ooo Puffs Vape Kit Original Fumot Contact Amy For More Discount And Lower MOQ Vape WhatsApp: +86 17776015835","_links":{"self":[{"href":"https:\/\/rmvapesale.com\/de\/wp-json\/wp\/v2\/product\/1892","targetHints":{"allow":["GET"]}}],"collection":[{"href":"https:\/\/rmvapesale.com\/de\/wp-json\/wp\/v2\/product"}],"about":[{"href":"https:\/\/rmvapesale.com\/de\/wp-json\/wp\/v2\/types\/product"}],"replies":[{"embeddable":true,"href":"https:\/\/rmvapesale.com\/de\/wp-json\/wp\/v2\/comments?post=1892"}],"wp:featuredmedia":[{"embeddable":true,"href":"https:\/\/rmvapesale.com\/de\/wp-json\/wp\/v2\/media\/1887"}],"wp:attachment":[{"href":"https:\/\/rmvapesale.com\/de\/wp-json\/wp\/v2\/media?parent=1892"}],"wp:term":[{"taxonomy":"product_brand","embeddable":true,"href":"https:\/\/rmvapesale.com\/de\/wp-json\/wp\/v2\/product_brand?post=1892"},{"taxonomy":"product_cat","embeddable":true,"href":"https:\/\/rmvapesale.com\/de\/wp-json\/wp\/v2\/product_cat?post=1892"},{"taxonomy":"product_tag","embeddable":true,"href":"https:\/\/rmvapesale.com\/de\/wp-json\/wp\/v2\/product_tag?post=1892"}],"curies":[{"name":"wp","href":"https:\/\/api.w.org\/{rel}","templated":true}]}}