{"id":1894,"date":"2024-05-24T08:08:12","date_gmt":"2024-05-24T08:08:12","guid":{"rendered":"https:\/\/rmvapesale.com\/?post_type=product&#038;p=1894"},"modified":"2024-10-22T08:49:55","modified_gmt":"2024-10-22T08:49:55","slug":"randm-tornado-7000-puffs-original-cheap-price-vapes-fumot-factory","status":"publish","type":"product","link":"https:\/\/rmvapesale.com\/de\/product\/randm-tornado-7000-puffs-original-cheap-price-vapes-fumot-factory\/","title":{"rendered":"RANDM TORNADO 7000 Z\u00fcge Original G\u00fcnstiger Preis Vapes Fumot Fabrik"},"content":{"rendered":"<h1>RANDM TORNADO 7000 Z\u00fcge Original G\u00fcnstiger Preis Vapes Fumot Fabrik<\/h1>\n<p>Der <strong>Fumot Vape RANDM TORNADO 7000<\/strong> ist ein visuell innovatives Einweg-Vape-Ger\u00e4t, das mit einem einzigartigen \u00d6lbecher- und \u00d6lkern-Trennungssystem entwickelt wurde und speziell auf die Anforderungen deutscher Gro\u00dfh\u00e4ndler zugeschnitten ist.<\/p>\n<p>Mit einer <strong>14ml \u00d6lkapazit\u00e4t<\/strong>bietet der <strong>RANDM Vape 7000<\/strong> liefert bis zu <strong>7000 Puffs<\/strong>, die ein verl\u00e4ngertes und zufriedenstellendes Dampferlebnis bieten. Angetrieben von einem <strong>850-mAh-Akku<\/strong>, sorgt dieses Ger\u00e4t f\u00fcr eine langlebige Leistung. Es dauert nur drei Stunden, um es vollst\u00e4ndig aufzuladen mit <strong>Typ-C-Ladeanschluss<\/strong>.<\/p>\n<p>Eines der wichtigsten Merkmale des <strong>RANDM TORNADO 7000<\/strong> ist seine fortschrittliche <strong>Mesh Coil<\/strong>, die bei jedem Zug ein glattes und geschmackvolles Dampferlebnis garantiert. Benutzer k\u00f6nnen aus einer beeindruckenden Auswahl von <strong>56 Fruchtgeschmacksrichtungen<\/strong>, w\u00e4hlen, um f\u00fcr jeden etwas zu bieten. Ob die s\u00fc\u00dfe S\u00e4ure von Beeren oder die erfrischende Zitrusnote.<\/p>\n<p>Dieses Ger\u00e4t ist ein Highlight auf dem <strong>beliebten Vapes eindecken m\u00f6chten<\/strong> Markt und sehr gefragt bei den <strong>Fumot Einweg-Vape-Marken<\/strong> Sammlung. Ob Sie nach einem <strong>Einweg-Vape mit wenig Nikotin<\/strong> oder einfach neue Geschmacksrichtungen erkunden, die <strong>TORNADO 7000<\/strong> bietet ein hochwertiges Dampferlebnis zu einem erschwinglichen Preis.<\/p>\n<p>Entdecken Sie das Beste von <strong>randm vapes<\/strong> und genie\u00dfen Sie \u00fcberlegenen Geschmack, Komfort und Erschwinglichkeit mit den <strong>RANDM TORNADO 7000<\/strong>.<\/p>\n<p><img loading=\"lazy\" decoding=\"async\" class=\"alignnone size-medium wp-image-1896\" src=\"https:\/\/rmvapesale.com\/wp-content\/uploads\/2024\/05\/RANDM-TORNADO-7000-hit-hot-sale-300x273.jpg\" alt=\"RANDM TORNADO 7000 hei\u00dfer Verkauf\" width=\"300\" height=\"273\" srcset=\"https:\/\/rmvapesale.com\/wp-content\/uploads\/2024\/05\/RANDM-TORNADO-7000-hit-hot-sale-300x273.jpg 300w, https:\/\/rmvapesale.com\/wp-content\/uploads\/2024\/05\/RANDM-TORNADO-7000-hit-hot-sale-768x699.jpg 768w, https:\/\/rmvapesale.com\/wp-content\/uploads\/2024\/05\/RANDM-TORNADO-7000-hit-hot-sale-600x546.jpg 600w, https:\/\/rmvapesale.com\/wp-content\/uploads\/2024\/05\/RANDM-TORNADO-7000-hit-hot-sale.jpg 800w\" sizes=\"auto, (max-width: 300px) 100vw, 300px\" \/><\/p>\n<p><strong>Verkaufsleiter AMY WhatsApp hinzuf\u00fcgen <a href=\"https:\/\/wa.me\/8617776015835\" target=\"_blank\" rel=\"noopener\">+86-17776015835<\/a> mehr Rabatt erhalten!<\/strong><\/p>\n<p><img loading=\"lazy\" decoding=\"async\" class=\"size-medium wp-image-1814\" src=\"https:\/\/rmvapesale.com\/wp-content\/uploads\/2024\/04\/whatsapp-amy-229x300.jpg\" alt=\"WhatsApp Amy\" width=\"229\" height=\"300\" srcset=\"https:\/\/rmvapesale.com\/wp-content\/uploads\/2024\/04\/whatsapp-amy-229x300.jpg 229w, https:\/\/rmvapesale.com\/wp-content\/uploads\/2024\/04\/whatsapp-amy-783x1024.jpg 783w, https:\/\/rmvapesale.com\/wp-content\/uploads\/2024\/04\/whatsapp-amy-768x1005.jpg 768w, https:\/\/rmvapesale.com\/wp-content\/uploads\/2024\/04\/whatsapp-amy-600x785.jpg 600w, https:\/\/rmvapesale.com\/wp-content\/uploads\/2024\/04\/whatsapp-amy.jpg 990w\" sizes=\"auto, (max-width: 229px) 100vw, 229px\" \/><\/p>\n<h2>Spezifikationen des FUMOT PUFF 7000 Einweg-Dampfers:<\/h2>\n<p>Optionen f\u00fcr den Nikotingehalt: 0%, 2%, 3% und 5%<br \/>\nBis zu 7000 Z\u00fcge<br \/>\nVorgef\u00fcllt mit 14ml E-Liquid<br \/>\n850mAh Akku<br \/>\n0,9 \u03a9 Mesh-Coil<br \/>\n56 verf\u00fcgbare Geschmacksrichtungen auf Lager<\/p>\n<h2>Fumot Randm 7000 Vape FAQ:<\/h2>\n<p>1. Was macht den RANDM 7000 im Vergleich zu anderen Einweg-Dampfern besonders?<\/p>\n<p>Der RANDM 7000 bietet eine unvergleichliche Anzahl von 7000 Z\u00fcgen, eine gro\u00dfe Auswahl von 56 Fruchtgeschmacksrichtungen und verwendet eine Mesh-Spule f\u00fcr \u00fcberlegenen Geschmack und Dampfproduktion.<br \/>\n2. Wie lange dauert es, das Ger\u00e4t vollst\u00e4ndig aufzuladen?<\/p>\n<p>Das Tornado 7k Z\u00fcge Original Randm Fumot Vape Gro\u00dfhandelsger\u00e4t kann in nur drei Stunden \u00fcber den Type-C-Ladeanschluss vollst\u00e4ndig aufgeladen werden.<br \/>\n3. Wie hoch ist die Batteriekapazit\u00e4t des Tornado 7k Z\u00fcge Original Randm Fumot?<\/p>\n<p>Der Tornado 7k Z\u00fcge Original Randm Fumot ist mit einer 850 mAh Batterie (17350) ausgestattet, die eine lang anhaltende Leistung gew\u00e4hrleistet.<br \/>\n4. Gibt es Mengenrabattoptionen f\u00fcr den Original Fumot Vape Gro\u00dfhandel Tornado 7000 Z\u00fcge?<\/p>\n<p>Ja, wir bieten wettbewerbsf\u00e4hige Mengenpreise f\u00fcr den Gro\u00dfhandel von Randm Fumot Tornado 7k Z\u00fcge. Kontaktieren Sie uns f\u00fcr weitere Details zu unseren Mengenpreisoptionen f\u00fcr Fumot Tornado 7000 Z\u00fcge.<br \/>\n5. Wie kann ich eine Bestellung aufgeben? Wie kaufe ich Fumot Mengenpreis Tornado 7000 Z\u00fcge?<\/p>\n<p>Um eine Bestellung aufzugeben, einfach<a href=\"https:\/\/wa.me\/8617776015835\" target=\"_blank\" rel=\"noopener\"> Kontaktieren Sie uns.<\/a> Unser Team ist 24\/7 verf\u00fcgbar, um Ihnen bei Ihrem Kauf zu helfen und eine professionelle Erfahrung zu gew\u00e4hrleisten.<br \/>\n6. Gibt es eine Mindestbestellmenge f\u00fcr den Kauf von Fumot Vape Wholesale Tornado 7000 Z\u00fcge?<\/p>\n<p>Ja, die Mindestbestellmenge f\u00fcr den Kauf von Fumot RandM Bulk-Preis Tornado 7000 Z\u00fcge betr\u00e4gt 50 St\u00fcck, was perfekt f\u00fcr Gro\u00dfh\u00e4ndler ist, die mit einer \u00fcberschaubaren Menge starten m\u00f6chten.<\/p>\n<p>Finden Sie weitere Vape-Produkte, die Ihnen gefallen k\u00f6nnten:<em><a href=\"https:\/\/rmvapesale.com\/de\/shop-2\/\">Jetzt einkaufen\u00a0<\/a><\/em><\/p>\n<p>andere hei\u00dfe Verkaufs-Vapes, die Ihnen gefallen k\u00f6nnten:<\/p>\n<p><a href=\"https:\/\/rmvapesale.com\/de\/product\/jnr-shisha-vape-15000-puffs-wholesale-price-with-screen-vape\/\">VOPK SHISHA 15K\/ <\/a><a href=\"https:\/\/rmvapesale.com\/de\/product\/randm-vape-al-fakher-10000-puffs-vape-wholesale\/\">randm vape AI FAKHER 15k Vape\/<\/a><a href=\"https:\/\/rmvapesale.com\/de\/product\/randm-tornado-15000-puffs-15k-vape-recharge-fumot-original-vape-factory-price\/\">Fumot Digitale Box Puff 12000\/<\/a><\/p>\n<p><a href=\"https:\/\/rmvapesale.com\/de\/product\/original-randm-tornado-9000-puffs-vape-fumot-factory-price-cheap\/\">RandM Tornado 9000 Z\u00fcge<\/a><\/p>","protected":false},"excerpt":{"rendered":"<p>Funot Vape 7000 Gro\u00dfhandel Einweg<br \/>\nRandM Vape 7000 Puffs Niedrige Nikotinst\u00e4rke Einweg-Vape<br class=\"yoast-text-mark\" \/>RandM Tornado 7000 Alle Geschmacksrichtungen auf Lager<\/p>\n<p><img loading=\"lazy\" decoding=\"async\" width=\"229\" height=\"300\" class=\"size-medium wp-image-1814\" src=\"https:\/\/rmvapesale.com\/wp-content\/uploads\/2024\/04\/whatsapp-amy-229x300.jpg\" alt=\"WhatsApp Amy\" srcset=\"https:\/\/rmvapesale.com\/wp-content\/uploads\/2024\/04\/whatsapp-amy-229x300.jpg 229w, https:\/\/rmvapesale.com\/wp-content\/uploads\/2024\/04\/whatsapp-amy-783x1024.jpg 783w, https:\/\/rmvapesale.com\/wp-content\/uploads\/2024\/04\/whatsapp-amy-768x1005.jpg 768w, https:\/\/rmvapesale.com\/wp-content\/uploads\/2024\/04\/whatsapp-amy-600x785.jpg 600w, https:\/\/rmvapesale.com\/wp-content\/uploads\/2024\/04\/whatsapp-amy.jpg 990w\" sizes=\"auto, (max-width: 229px) 100vw, 229px\" \/><\/p>\n<h3><span style=\"color: #ff0000\"><strong>WhatsApp: +86 17776015835<\/strong><\/span><\/h3>","protected":false},"featured_media":1895,"comment_status":"open","ping_status":"closed","template":"","meta":{"_uag_custom_page_level_css":"","_lmt_disableupdate":"no","_lmt_disable":"","site-sidebar-layout":"default","site-content-layout":"content-boxed-container","ast-site-content-layout":"normal-width-container","site-content-style":"boxed","site-sidebar-style":"unboxed","ast-global-header-display":"","ast-banner-title-visibility":"","ast-main-header-display":"","ast-hfb-above-header-display":"","ast-hfb-below-header-display":"","ast-hfb-mobile-header-display":"","site-post-title":"","ast-breadcrumbs-content":"","ast-featured-img":"","footer-sml-layout":"","theme-transparent-header-meta":"default","adv-header-id-meta":"","stick-header-meta":"","header-above-stick-meta":"","header-main-stick-meta":"","header-below-stick-meta":"","astra-migrate-meta-layouts":"set","ast-page-background-enabled":"default","ast-page-background-meta":{"desktop":{"background-color":"var(--ast-global-color-4)","background-image":"","background-repeat":"repeat","background-position":"center center","background-size":"auto","background-attachment":"scroll","background-type":"","background-media":"","overlay-type":"","overlay-color":"","overlay-opacity":"","overlay-gradient":""},"tablet":{"background-color":"","background-image":"","background-repeat":"repeat","background-position":"center center","background-size":"auto","background-attachment":"scroll","background-type":"","background-media":"","overlay-type":"","overlay-color":"","overlay-opacity":"","overlay-gradient":""},"mobile":{"background-color":"","background-image":"","background-repeat":"repeat","background-position":"center center","background-size":"auto","background-attachment":"scroll","background-type":"","background-media":"","overlay-type":"","overlay-color":"","overlay-opacity":"","overlay-gradient":""}},"ast-content-background-meta":{"desktop":{"background-color":"var(--ast-global-color-5)","background-image":"","background-repeat":"repeat","background-position":"center center","background-size":"auto","background-attachment":"scroll","background-type":"","background-media":"","overlay-type":"","overlay-color":"","overlay-opacity":"","overlay-gradient":""},"tablet":{"background-color":"var(--ast-global-color-5)","background-image":"","background-repeat":"repeat","background-position":"center center","background-size":"auto","background-attachment":"scroll","background-type":"","background-media":"","overlay-type":"","overlay-color":"","overlay-opacity":"","overlay-gradient":""},"mobile":{"background-color":"var(--ast-global-color-5)","background-image":"","background-repeat":"repeat","background-position":"center center","background-size":"auto","background-attachment":"scroll","background-type":"","background-media":"","overlay-type":"","overlay-color":"","overlay-opacity":"","overlay-gradient":""}},"_joinchat":[]},"product_brand":[],"product_cat":[25,123,26,28,135,27,31,137,15,30],"product_tag":[48,39,40,41,183,182,38,37],"class_list":{"0":"post-1894","1":"product","2":"type-product","3":"status-publish","4":"has-post-thumbnail","6":"product_cat-germany-best-selling-vape","7":"product_cat-italy-wholesale-vape","8":"product_cat-netherlands-hot-sale-vape","9":"product_cat-poland-hot-sale-vape","10":"product_cat-spain-best-hot-sale-vape","11":"product_cat-fance-hot-sale-vape","12":"product_cat-randm-fumot-vape","13":"product_cat-rechargeable-vapes","14":"product_cat-new-vape-this-week","15":"product_cat-minimum-order-quantity-50pcs","16":"product_tag-7000-puffs-vape","17":"product_tag-fumot-vape","18":"product_tag-hot-sale-vape","19":"product_tag-original-factory-vape","20":"product_tag-randm-7000","21":"product_tag-randm-tornado-7000","22":"product_tag-randm-vape","23":"product_tag-wholesale-vape-price","24":"desktop-align-left","25":"tablet-align-left","26":"mobile-align-left","28":"first","29":"instock","30":"sale","31":"shipping-taxable","32":"purchasable","33":"product-type-simple"},"uagb_featured_image_src":{"full":["https:\/\/rmvapesale.com\/wp-content\/uploads\/2024\/05\/Ricky-Morty-Tornado-7000-Vape-Flavors.jpg",1200,1200,false],"thumbnail":["https:\/\/rmvapesale.com\/wp-content\/uploads\/2024\/05\/Ricky-Morty-Tornado-7000-Vape-Flavors-150x150.jpg",150,150,true],"medium":["https:\/\/rmvapesale.com\/wp-content\/uploads\/2024\/05\/Ricky-Morty-Tornado-7000-Vape-Flavors-300x300.jpg",300,300,true],"medium_large":["https:\/\/rmvapesale.com\/wp-content\/uploads\/2024\/05\/Ricky-Morty-Tornado-7000-Vape-Flavors-768x768.jpg",768,768,true],"large":["https:\/\/rmvapesale.com\/wp-content\/uploads\/2024\/05\/Ricky-Morty-Tornado-7000-Vape-Flavors-1024x1024.jpg",1024,1024,true],"1536x1536":["https:\/\/rmvapesale.com\/wp-content\/uploads\/2024\/05\/Ricky-Morty-Tornado-7000-Vape-Flavors.jpg",1200,1200,false],"2048x2048":["https:\/\/rmvapesale.com\/wp-content\/uploads\/2024\/05\/Ricky-Morty-Tornado-7000-Vape-Flavors.jpg",1200,1200,false],"trp-custom-language-flag":["https:\/\/rmvapesale.com\/wp-content\/uploads\/2024\/05\/Ricky-Morty-Tornado-7000-Vape-Flavors.jpg",12,12,false],"woocommerce_thumbnail":["https:\/\/rmvapesale.com\/wp-content\/uploads\/2024\/05\/Ricky-Morty-Tornado-7000-Vape-Flavors-300x300.jpg",300,300,true],"woocommerce_single":["https:\/\/rmvapesale.com\/wp-content\/uploads\/2024\/05\/Ricky-Morty-Tornado-7000-Vape-Flavors-600x600.jpg",600,600,true],"woocommerce_gallery_thumbnail":["https:\/\/rmvapesale.com\/wp-content\/uploads\/2024\/05\/Ricky-Morty-Tornado-7000-Vape-Flavors-100x100.jpg",100,100,true],"wcpr-photo-reviews":["https:\/\/rmvapesale.com\/wp-content\/uploads\/2024\/05\/Ricky-Morty-Tornado-7000-Vape-Flavors.jpg",500,500,false]},"uagb_author_info":{"display_name":"yannazhan","author_link":"https:\/\/rmvapesale.com\/de\/author\/"},"uagb_comment_info":0,"uagb_excerpt":"Funot Vape\u00a0 7000 wholesale Disposable RandM Vape 7000 Puff Low Nicotine Disposable VapeRandM Tornado 7000 All Flavours in stock WhatsApp: +86 17776015835","_links":{"self":[{"href":"https:\/\/rmvapesale.com\/de\/wp-json\/wp\/v2\/product\/1894","targetHints":{"allow":["GET"]}}],"collection":[{"href":"https:\/\/rmvapesale.com\/de\/wp-json\/wp\/v2\/product"}],"about":[{"href":"https:\/\/rmvapesale.com\/de\/wp-json\/wp\/v2\/types\/product"}],"replies":[{"embeddable":true,"href":"https:\/\/rmvapesale.com\/de\/wp-json\/wp\/v2\/comments?post=1894"}],"wp:featuredmedia":[{"embeddable":true,"href":"https:\/\/rmvapesale.com\/de\/wp-json\/wp\/v2\/media\/1895"}],"wp:attachment":[{"href":"https:\/\/rmvapesale.com\/de\/wp-json\/wp\/v2\/media?parent=1894"}],"wp:term":[{"taxonomy":"product_brand","embeddable":true,"href":"https:\/\/rmvapesale.com\/de\/wp-json\/wp\/v2\/product_brand?post=1894"},{"taxonomy":"product_cat","embeddable":true,"href":"https:\/\/rmvapesale.com\/de\/wp-json\/wp\/v2\/product_cat?post=1894"},{"taxonomy":"product_tag","embeddable":true,"href":"https:\/\/rmvapesale.com\/de\/wp-json\/wp\/v2\/product_tag?post=1894"}],"curies":[{"name":"wp","href":"https:\/\/api.w.org\/{rel}","templated":true}]}}