{"id":1928,"date":"2024-08-22T15:15:42","date_gmt":"2024-08-22T15:15:42","guid":{"rendered":"https:\/\/rmvapesale.com\/?post_type=product&#038;p=1928"},"modified":"2025-01-20T03:40:57","modified_gmt":"2025-01-20T03:40:57","slug":"original-randm-tornado-9000-puffs-disposable-vape-factory-price","status":"publish","type":"product","link":"https:\/\/rmvapesale.com\/de\/product\/original-randm-tornado-9000-puffs-disposable-vape-factory-price\/","title":{"rendered":"Original RANDM TORNADO 9000 Z\u00fcge Einweg-Vape Fabrikpreis"},"content":{"rendered":"<h1>Original RANDM TORNADO 9000 Z\u00fcge Einweg-Vape Fabrikpreis<\/h1>\n<p>Fumot RANDM TORNADO 9000, ein fortschrittliches Einweg-Vape-Ger\u00e4t, das entwickelt wurde, um den hohen Standards deutscher Gro\u00dfh\u00e4ndler gerecht zu werden. Mit Pr\u00e4zision und Innovation gefertigt, bietet dieses Ger\u00e4t ein herausragendes Dampferlebnis, das hohe Leistung mit einer beeindruckenden Auswahl an Geschmacksrichtungen verbindet.<\/p>\n<p>Das Fumot RANDM TORNADO 9000 verf\u00fcgt \u00fcber modernste Technologie, einschlie\u00dflich eines Mesh-Coils und einer integrierten wiederaufladbaren 850mAh-Batterie, die f\u00fcr gleichm\u00e4\u00dfige, konsistente Dampferzeugung sorgt und l\u00e4ngeren Genuss erm\u00f6glicht. Es bietet eine Reihe von Nikotinsalzkonzentrationen von 0% bis 5%, um unterschiedliche Vorlieben zu erf\u00fcllen.<\/p>\n<p>Was den Fumot RANDM TORNADO 9000 wirklich auszeichnet, ist die umfangreiche Geschmacksvielfalt. Mit 43 verlockenden Optionen, von klassischen Favoriten wie Lush Ice und Strawberry Lemonade bis hin zu einzigartigen Mischungen wie Honeydew Ice Cream und Pina Colada, gibt es f\u00fcr jeden Geschmack das Richtige.<\/p>\n<p>F\u00fcr Vape Randm Verk\u00e4ufer, die hochwertige Vape-Produkte zu wettbewerbsf\u00e4higen Preisen suchen, ist das Fumot RANDM TORNADO 9000 die ideale Wahl.<\/p>\n<p><strong>Verkaufsleiter AMY WhatsApp hinzuf\u00fcgen <a href=\"https:\/\/wa.me\/8617776015835\" target=\"_blank\" rel=\"noopener\">+86-17776015835<\/a> mehr Rabatt erhalten!<\/strong><\/p>\n<p><img loading=\"lazy\" decoding=\"async\" class=\"size-medium wp-image-1814\" src=\"https:\/\/rmvapesale.com\/wp-content\/uploads\/2024\/04\/whatsapp-amy-229x300.jpg\" alt=\"WhatsApp Amy\" width=\"229\" height=\"300\" srcset=\"https:\/\/rmvapesale.com\/wp-content\/uploads\/2024\/04\/whatsapp-amy-229x300.jpg 229w, https:\/\/rmvapesale.com\/wp-content\/uploads\/2024\/04\/whatsapp-amy-783x1024.jpg 783w, https:\/\/rmvapesale.com\/wp-content\/uploads\/2024\/04\/whatsapp-amy-768x1005.jpg 768w, https:\/\/rmvapesale.com\/wp-content\/uploads\/2024\/04\/whatsapp-amy-600x785.jpg 600w, https:\/\/rmvapesale.com\/wp-content\/uploads\/2024\/04\/whatsapp-amy.jpg 990w\" sizes=\"auto, (max-width: 229px) 100vw, 229px\" \/><\/p>\n<h3>Spezifikationen DES FUMOT PUFF 9000 Einweg-Vape-Ger\u00e4ts:<\/h3>\n<p>Optionen f\u00fcr den Nikotingehalt: 0%, 2%, 3% und 5%<br \/>\nBis zu 9000 Z\u00fcge<br \/>\nVorgef\u00fcllt mit 18ml E-Liquid<br \/>\n850mAh Akku<br \/>\n0,9 \u03a9 Mesh-Coil<br \/>\n43 verf\u00fcgbare Geschmacksrichtungen auf Lager<\/p>\n<p>Dinge, die Sie \u00fcber Fumot Randm 9000 Vape wissen sollten, bevor Sie in gro\u00dfen Mengen kaufen.<\/p>\n<h4>FAQ:<\/h4>\n<p><strong>F: Welche Preism\u00f6glichkeiten gibt es f\u00fcr das Fumot RANDM TORNADO 9000?<\/strong><\/p>\n<p>A: Wir bieten wettbewerbsf\u00e4hige Fabrikpreise f\u00fcr das Original Randm Vape-Ger\u00e4t Puffs 9000, sowohl f\u00fcr einzelne Einheiten als auch f\u00fcr Gro\u00dfbestellungen.<\/p>\n<p><strong>F: Gibt es Gro\u00dfhandelspreise f\u00fcr das Fumot RANDM TORNADO 9000?<\/strong><\/p>\n<p>A: Ja, wir bieten Gro\u00dfhandelspreise f\u00fcr das Original Randm Vape-Kit 9000 Z\u00fcge, um Gro\u00dfh\u00e4ndlern, die in gr\u00f6\u00dferen Mengen kaufen m\u00f6chten, entgegenzukommen.<\/p>\n<p><strong>F: Welche Preisspannen gibt es f\u00fcr Gro\u00dfbestellungen des Fumot RANDM TORNADO 9000?<\/strong><\/p>\n<p>A: Wir bieten attraktive Gro\u00dfhandelspreise f\u00fcr das Original Randm Vape Pod Puffs 9000, um Kosteneinsparungen f\u00fcr Gro\u00dfh\u00e4ndler bei gr\u00f6\u00dferen Bestellmengen zu gew\u00e4hrleisten.<\/p>\n<p><strong>F: Bieten Sie spezielle Preise f\u00fcr Erstimporteure an?<\/strong><\/p>\n<p>A: Ja, wir bieten wettbewerbsf\u00e4hige Preise f\u00fcr den Fumot RANDM TORNADO 9000, was ihn zu einer idealen Wahl f\u00fcr Erstimporteure von E-Zigaretten aus Deutschland macht.<\/p>\n<p>Finden Sie weitere Vape-Produkte, die Ihnen gefallen k\u00f6nnten:<em><a href=\"https:\/\/rmvapesale.com\/de\/shop-2\/\">Jetzt einkaufen\u00a0<\/a><\/em><\/p>\n<p>andere hei\u00dfe Verkaufs-Vapes, die Ihnen gefallen k\u00f6nnten:<\/p>\n<p><a href=\"https:\/\/rmvapesale.com\/de\/product\/jnr-shisha-vape-15000-puffs-wholesale-price-with-screen-vape\/\">VOPK SHISHA 15K\/ <\/a><a href=\"https:\/\/rmvapesale.com\/de\/product\/randm-vape-al-fakher-10000-puffs-vape-wholesale\/\">randm vape AI FAKHER 15k Vape\/<\/a><a href=\"https:\/\/rmvapesale.com\/de\/product\/randm-tornado-15000-puffs-15k-vape-recharge-fumot-original-vape-factory-price\/\">Fumot digital box Puff 12000<\/a><\/p>","protected":false},"excerpt":{"rendered":"<p class=\"LC20lb MBeuO DKV0Md\">Beste RandM Tornado Vape 9000 Z\u00fcge Geschmack<br \/>\nOriginal Randm 9000 Z\u00fcge Vape-Ger\u00e4t<br \/>\nGro\u00dfhandelspreis RandM 9000 Z\u00fcge Vape-Kit<br \/>\n<strong>Kontaktieren Sie Amy f\u00fcr die richtige Antwort und weitere Rabatte<\/strong><\/p>\n<p><img loading=\"lazy\" decoding=\"async\" class=\"size-medium wp-image-1814\" src=\"https:\/\/rmvapesale.com\/wp-content\/uploads\/2024\/04\/whatsapp-amy-229x300.jpg\" alt=\"WhatsApp Amy\" width=\"229\" height=\"300\" srcset=\"https:\/\/rmvapesale.com\/wp-content\/uploads\/2024\/04\/whatsapp-amy-229x300.jpg 229w, https:\/\/rmvapesale.com\/wp-content\/uploads\/2024\/04\/whatsapp-amy-783x1024.jpg 783w, https:\/\/rmvapesale.com\/wp-content\/uploads\/2024\/04\/whatsapp-amy-768x1005.jpg 768w, https:\/\/rmvapesale.com\/wp-content\/uploads\/2024\/04\/whatsapp-amy-600x785.jpg 600w, https:\/\/rmvapesale.com\/wp-content\/uploads\/2024\/04\/whatsapp-amy.jpg 990w\" sizes=\"auto, (max-width: 229px) 100vw, 229px\" \/><\/p>\n<h3><span style=\"color: #ff0000\"><strong>WhatsApp: +86 17776015835<\/strong><\/span><\/h3>","protected":false},"featured_media":1887,"comment_status":"open","ping_status":"closed","template":"","meta":{"_uag_custom_page_level_css":"","_lmt_disableupdate":"no","_lmt_disable":"","site-sidebar-layout":"default","site-content-layout":"content-boxed-container","ast-site-content-layout":"normal-width-container","site-content-style":"boxed","site-sidebar-style":"unboxed","ast-global-header-display":"","ast-banner-title-visibility":"","ast-main-header-display":"","ast-hfb-above-header-display":"","ast-hfb-below-header-display":"","ast-hfb-mobile-header-display":"","site-post-title":"","ast-breadcrumbs-content":"","ast-featured-img":"","footer-sml-layout":"","theme-transparent-header-meta":"default","adv-header-id-meta":"","stick-header-meta":"","header-above-stick-meta":"","header-main-stick-meta":"","header-below-stick-meta":"","astra-migrate-meta-layouts":"set","ast-page-background-enabled":"default","ast-page-background-meta":{"desktop":{"background-color":"var(--ast-global-color-4)","background-image":"","background-repeat":"repeat","background-position":"center center","background-size":"auto","background-attachment":"scroll","background-type":"","background-media":"","overlay-type":"","overlay-color":"","overlay-opacity":"","overlay-gradient":""},"tablet":{"background-color":"","background-image":"","background-repeat":"repeat","background-position":"center center","background-size":"auto","background-attachment":"scroll","background-type":"","background-media":"","overlay-type":"","overlay-color":"","overlay-opacity":"","overlay-gradient":""},"mobile":{"background-color":"","background-image":"","background-repeat":"repeat","background-position":"center center","background-size":"auto","background-attachment":"scroll","background-type":"","background-media":"","overlay-type":"","overlay-color":"","overlay-opacity":"","overlay-gradient":""}},"ast-content-background-meta":{"desktop":{"background-color":"var(--ast-global-color-5)","background-image":"","background-repeat":"repeat","background-position":"center center","background-size":"auto","background-attachment":"scroll","background-type":"","background-media":"","overlay-type":"","overlay-color":"","overlay-opacity":"","overlay-gradient":""},"tablet":{"background-color":"var(--ast-global-color-5)","background-image":"","background-repeat":"repeat","background-position":"center center","background-size":"auto","background-attachment":"scroll","background-type":"","background-media":"","overlay-type":"","overlay-color":"","overlay-opacity":"","overlay-gradient":""},"mobile":{"background-color":"var(--ast-global-color-5)","background-image":"","background-repeat":"repeat","background-position":"center center","background-size":"auto","background-attachment":"scroll","background-type":"","background-media":"","overlay-type":"","overlay-color":"","overlay-opacity":"","overlay-gradient":""}},"_joinchat":[]},"product_brand":[],"product_cat":[25,289,293,295,52,51,123,26,28,135,27,31,137,136,15,30],"product_tag":[47,39,40,41,38,37],"class_list":{"0":"post-1928","1":"product","2":"type-product","3":"status-publish","4":"has-post-thumbnail","6":"product_cat-germany-best-selling-vape","7":"product_cat-big-puffs-disposable-vapes","8":"product_cat-low-nicotine-disposable-vapes","9":"product_cat-rechargeable-disposable-vapes","10":"product_cat-9000-puffs-disposable-vapes","11":"product_cat-fumot-vape","12":"product_cat-italy-wholesale-vape","13":"product_cat-netherlands-hot-sale-vape","14":"product_cat-poland-hot-sale-vape","15":"product_cat-spain-best-hot-sale-vape","16":"product_cat-fance-hot-sale-vape","17":"product_cat-randm-fumot-vape","18":"product_cat-rechargeable-vapes","19":"product_cat-smart-screen-vapes","20":"product_cat-new-vape-this-week","21":"product_cat-minimum-order-quantity-50pcs","22":"product_tag-9000-puffs-vape","23":"product_tag-fumot-vape","24":"product_tag-hot-sale-vape","25":"product_tag-original-factory-vape","26":"product_tag-randm-vape","27":"product_tag-wholesale-vape-price","28":"desktop-align-left","29":"tablet-align-left","30":"mobile-align-left","32":"first","33":"instock","34":"sale","35":"shipping-taxable","36":"purchasable","37":"product-type-simple"},"uagb_featured_image_src":{"full":["https:\/\/rmvapesale.com\/wp-content\/uploads\/2024\/05\/RM-TORNADO-VAPE-DISPOSABEL-9000-PUFFS.png",600,600,false],"thumbnail":["https:\/\/rmvapesale.com\/wp-content\/uploads\/2024\/05\/RM-TORNADO-VAPE-DISPOSABEL-9000-PUFFS-150x150.png",150,150,true],"medium":["https:\/\/rmvapesale.com\/wp-content\/uploads\/2024\/05\/RM-TORNADO-VAPE-DISPOSABEL-9000-PUFFS-300x300.png",300,300,true],"medium_large":["https:\/\/rmvapesale.com\/wp-content\/uploads\/2024\/05\/RM-TORNADO-VAPE-DISPOSABEL-9000-PUFFS.png",600,600,false],"large":["https:\/\/rmvapesale.com\/wp-content\/uploads\/2024\/05\/RM-TORNADO-VAPE-DISPOSABEL-9000-PUFFS.png",600,600,false],"1536x1536":["https:\/\/rmvapesale.com\/wp-content\/uploads\/2024\/05\/RM-TORNADO-VAPE-DISPOSABEL-9000-PUFFS.png",600,600,false],"2048x2048":["https:\/\/rmvapesale.com\/wp-content\/uploads\/2024\/05\/RM-TORNADO-VAPE-DISPOSABEL-9000-PUFFS.png",600,600,false],"trp-custom-language-flag":["https:\/\/rmvapesale.com\/wp-content\/uploads\/2024\/05\/RM-TORNADO-VAPE-DISPOSABEL-9000-PUFFS.png",12,12,false],"woocommerce_thumbnail":["https:\/\/rmvapesale.com\/wp-content\/uploads\/2024\/05\/RM-TORNADO-VAPE-DISPOSABEL-9000-PUFFS-300x300.png",300,300,true],"woocommerce_single":["https:\/\/rmvapesale.com\/wp-content\/uploads\/2024\/05\/RM-TORNADO-VAPE-DISPOSABEL-9000-PUFFS.png",600,600,false],"woocommerce_gallery_thumbnail":["https:\/\/rmvapesale.com\/wp-content\/uploads\/2024\/05\/RM-TORNADO-VAPE-DISPOSABEL-9000-PUFFS-100x100.png",100,100,true],"wcpr-photo-reviews":["https:\/\/rmvapesale.com\/wp-content\/uploads\/2024\/05\/RM-TORNADO-VAPE-DISPOSABEL-9000-PUFFS.png",500,500,false]},"uagb_author_info":{"display_name":"AMY","author_link":"https:\/\/rmvapesale.com\/de\/author\/"},"uagb_comment_info":0,"uagb_excerpt":"Best RandM Tornado Vape 9000 Puffs Flavor Original Randm 9ooo Puffs Vape Device Wholesale Price RandM 9ooo Puffs Vape Kit Contact Amy For Right Reply and More Discount WhatsApp: +86 17776015835","_links":{"self":[{"href":"https:\/\/rmvapesale.com\/de\/wp-json\/wp\/v2\/product\/1928","targetHints":{"allow":["GET"]}}],"collection":[{"href":"https:\/\/rmvapesale.com\/de\/wp-json\/wp\/v2\/product"}],"about":[{"href":"https:\/\/rmvapesale.com\/de\/wp-json\/wp\/v2\/types\/product"}],"replies":[{"embeddable":true,"href":"https:\/\/rmvapesale.com\/de\/wp-json\/wp\/v2\/comments?post=1928"}],"wp:featuredmedia":[{"embeddable":true,"href":"https:\/\/rmvapesale.com\/de\/wp-json\/wp\/v2\/media\/1887"}],"wp:attachment":[{"href":"https:\/\/rmvapesale.com\/de\/wp-json\/wp\/v2\/media?parent=1928"}],"wp:term":[{"taxonomy":"product_brand","embeddable":true,"href":"https:\/\/rmvapesale.com\/de\/wp-json\/wp\/v2\/product_brand?post=1928"},{"taxonomy":"product_cat","embeddable":true,"href":"https:\/\/rmvapesale.com\/de\/wp-json\/wp\/v2\/product_cat?post=1928"},{"taxonomy":"product_tag","embeddable":true,"href":"https:\/\/rmvapesale.com\/de\/wp-json\/wp\/v2\/product_tag?post=1928"}],"curies":[{"name":"wp","href":"https:\/\/api.w.org\/{rel}","templated":true}]}}