{"id":1940,"date":"2024-08-27T07:55:11","date_gmt":"2024-08-27T07:55:11","guid":{"rendered":"https:\/\/rmvapesale.com\/?post_type=product&#038;p=1940"},"modified":"2024-11-04T09:58:31","modified_gmt":"2024-11-04T09:58:31","slug":"randm-tornado-15000-puffs-vape-wholesale","status":"publish","type":"product","link":"https:\/\/rmvapesale.com\/de\/product\/randm-tornado-15000-puffs-vape-wholesale\/","title":{"rendered":"RandM Tornado 15000 Z\u00fcge Vape Gro\u00dfhandel"},"content":{"rendered":"<h1>RandM Tornado 15000 Z\u00fcge Vape Gro\u00dfhandel<\/h1>\n<p>Einweg-Vape wird immer beliebter wegen seiner gro\u00dfen Geschmacksvielfalt und einfachen Handhabung. Auf der Suche nach einem besten Preis f\u00fcr Einweg-Vape? Der RandM Tornado 15000 Z\u00fcge wird wegen seiner beeindruckenden Eigenschaften sehr empfohlen. Mit einem 850mAh wiederaufladbaren Akku konzipiert, der bis zu 15000 Z\u00fcge liefert. Hier in unserem Shop k\u00f6nnen Sie den RandM Tornado 15000 Z\u00fcge Vape zum Gro\u00dfhandelspreis kaufen.<\/p>\n<p>Der Tornado 15000 verf\u00fcgt \u00fcber ein neues Design mit einem 850mAh wiederaufladbaren Akku, der schnell \u00fcber einen USB-C-Anschluss aufgeladen werden kann, was effizientes Aufladen erm\u00f6glicht. Der RandM Tornado 15000 Einweg-Vape ist mit Mesh-Spulentechnologie ausgestattet, wodurch ein glatteres und angenehmeres Dampferlebnis gew\u00e4hrleistet wird. \u00dcber alle Geschmacksrichtungen hinweg.<\/p>\n<p>Vor allem ist RM 15000 wirklich ein kosteneffektives Vape, das es wert ist, ausprobiert zu werden!<\/p>\n<p><strong>Kontaktieren Sie Amy, um die richtige Antwort und den Gro\u00dfhandelspreis zu erhalten!<\/strong><\/p>\n<p><img loading=\"lazy\" decoding=\"async\" class=\"size-medium wp-image-1814\" src=\"https:\/\/rmvapesale.com\/wp-content\/uploads\/2024\/04\/whatsapp-amy-229x300.jpg\" alt=\"WhatsApp Amy\" width=\"229\" height=\"300\" srcset=\"https:\/\/rmvapesale.com\/wp-content\/uploads\/2024\/04\/whatsapp-amy-229x300.jpg 229w, https:\/\/rmvapesale.com\/wp-content\/uploads\/2024\/04\/whatsapp-amy-783x1024.jpg 783w, https:\/\/rmvapesale.com\/wp-content\/uploads\/2024\/04\/whatsapp-amy-768x1005.jpg 768w, https:\/\/rmvapesale.com\/wp-content\/uploads\/2024\/04\/whatsapp-amy-600x785.jpg 600w, https:\/\/rmvapesale.com\/wp-content\/uploads\/2024\/04\/whatsapp-amy.jpg 990w\" sizes=\"auto, (max-width: 229px) 100vw, 229px\" \/><\/p>\n<h2><strong>Was macht den FUMOT RandM Tornado 15000 zu einem einzigartigen Einweg-Vape?<\/strong><\/h2>\n<p>Mit super Spezifikationen hebt sich der RANDM VAPE 15K TORNADO Original als eines der h\u00f6chstkapazitiven Einweg-Vapes auf dem Markt hervor.<\/p>\n<p>Optionen f\u00fcr den Nikotingehalt: 0%, 2%, 3% und 5%<br \/>\nBis zu 15000 Z\u00fcge<br \/>\nVorgef\u00fcllt mit 25 ml E-Liquid<br \/>\n850mAh Akku<br \/>\n0,9 \u03a9 Mesh-Coil<br \/>\n41 verf\u00fcgbare Geschmacksrichtungen<\/p>\n<h2><strong>Was ist der beste Geschmack f\u00fcr den RandM Tornado 15k Z\u00fcge Vape?<\/strong><\/h2>\n<p>Mr Blue ist zweifellos der beliebteste Geschmack f\u00fcr den RandM Tornado 15000, Sie sollten es ausprobieren!<\/p>\n<p>Der RandM Tornado 15000 Z\u00fcge bietet insgesamt 41 verf\u00fcgbare Geschmacksrichtungen zur Auswahl, f\u00fcr jeden Geschmack ist etwas dabei.<\/p>\n<p>1 Blue Razz Limonade<br \/>\n2 Pfirsicheis<br \/>\n3 Saurer Apfel<br \/>\n4 Wassermeloneneis<br \/>\n5 Blaubeere auf Eis<br \/>\n6 Blaubeer-Himbeere<br \/>\n7 Ananas-Eis<br \/>\n8 Kirsche<br \/>\n9 Erdbeereis<br \/>\n10 Vimto<br \/>\n11 Traubeneis<br \/>\n12 Cola Ice<br \/>\n13 Erdbeer-Wassermelone<br \/>\n14 Pinke Limonade<br \/>\n15 Gemischte Beeren<br \/>\n16 Pfirsich-Mango<br \/>\n17.Drachenfrucht<br \/>\n18.Erdbeer-Traube<br \/>\n19.Mr. Blue<br \/>\n20.\u00dcppiges Eis<br \/>\n21.Eis am Stiel<br \/>\n22.Erdbeer-Kiwi<br \/>\n23.Kiwi-Passionsfrucht-Guave<br \/>\n24.Dreifachbeere<br \/>\n25.Bananeneis<br \/>\n26.Pfirsich-Blaubeer-S\u00fc\u00dfigkeit<br \/>\n27.Apfel Pfirsich Birne<br \/>\n28.Beerenlimonade<br \/>\n29.Blaue Himbeere Kirsche<br \/>\n30.Heidelbeer-Kaugummi<br \/>\n31.Heidelbeere Kirsche Cranberry<br \/>\n32.Heidelbeere Granatapfel<br \/>\n33.Blaue saure Himbeere<br \/>\n34.Kirsch-Cola<br \/>\n35.Gummib\u00e4rchen<br \/>\n36.Zitrone<br \/>\n37.Mango auf Eis<br \/>\n38.Rotes Energie-Eis<br \/>\n39.Erdbeere Banane<br \/>\n40.Erdbeere Red Bull<br \/>\n41.Erdbeer Wassermelone Limonade<\/p>\n<h2><strong>Fragen, die Sie \u00fcber den RandM Tornado 15000 Z\u00fcge Vape wissen k\u00f6nnten<\/strong><\/h2>\n<p>&nbsp;<\/p>\n<h3>Q1. Was ist das Original des RM Tornado 15000 Z\u00fcge Vape?<\/h3>\n<p>A: Das RANDM VAPE 15K TORNADO Original ist ein Einweg-Vape-Ger\u00e4t, das f\u00fcr l\u00e4ngere Dampfersessions entwickelt wurde. Es ist nach seiner beeindruckenden Kapazit\u00e4t von 15.000 Z\u00fcgen benannt.<\/p>\n<h3>Q2. Wer stellt den echten RandM Tornado 15k Z\u00fcge Vape her?<\/h3>\n<p>Der RANDM VAPE 15K TORNADO Genuine wird von Shenzhen Fumot Technology hergestellt, einem f\u00fchrenden Unternehmen in der Vaping-Industrie, das f\u00fcr seine innovativen Produkte bekannt ist.<\/p>\n<h3>Q3. Wie lange h\u00e4lt der echte RandM Tornado 15K Vape?<\/h3>\n<p>Der RANDM VAPE 15K TORNADO Authentic verf\u00fcgt \u00fcber einen eingebauten Akku mit einer Kapazit\u00e4t von 850 mAh, der eine l\u00e4ngere Nutzung mit einer einzigen Ladung erm\u00f6glicht. Die genaue Akkulaufzeit h\u00e4ngt von den individuellen Nutzungsgewohnheiten ab.<\/p>\n<h3>Q4. Ist der Fumot RandM Tornado 15000 Z\u00fcge Vape wiederaufladbar?<\/h3>\n<p><span style=\"font-size: 16px\">A: Nein, das RANDM VAPE 15K TORNADO Original wird mit einem wiederaufladbaren Akku geliefert, der aufladbar ist.<\/span><\/p>\n<h3>Q5. Wie kann ich den echten Fumot RandM Tornado 15000 Z\u00fcge Vape kaufen?<\/h3>\n<p>A: Das RANDM VAPE 15K TORNADO Genuine ist \u00fcber autorisierte H\u00e4ndler erh\u00e4ltlich. F\u00fcr Gro\u00dfhandelsanfragen k\u00f6nnen H\u00e4ndler <a href=\"https:\/\/wa.me\/8617776015835\" target=\"_blank\" rel=\"noopener\">Kontaktieren Sie uns<\/a> direkt kontaktieren. Einzelhandelskunden finden das Produkt bei ausgew\u00e4hlten H\u00e4ndlern oder Online-Shops.<\/p>\n<p><strong>Versanddetails:<\/strong><br \/>\nProduktionszeit: 5-10 Werktage<br \/>\nVersandzeit: 8-14 Werktage<\/p>\n<p>Alle Produkte in unserem Shop sind 100% original und authentisch, daher ist eine zehnfache Entsch\u00e4digung bei F\u00e4lschungen unsere Shop-Richtlinie. Wir verwenden Logistikkan\u00e4le wie UPS\/DHL\/FEDEX\/DPD, um die Waren zu Ihnen zu liefern.<\/p>\n<p>F\u00fcr Pakete, die nach Deutschland versendet werden, dauert die Ankunft in der Regel 10 Werktage. Der Versand in europ\u00e4ische L\u00e4nder dauert normalerweise etwa 12-15 Werktage. Wir aktualisieren die Logistikinformationen in Echtzeit f\u00fcr Sie.<\/p>\n<p>Finden Sie weitere Vape-Produkte, die Ihnen gefallen k\u00f6nnten:<em><a href=\"https:\/\/rmvapesale.com\/de\/shop-2\/\">Jetzt einkaufen\u00a0<\/a><\/em><\/p>\n<p>andere hei\u00dfe Verkaufs-Vapes, die Ihnen gefallen k\u00f6nnten:<\/p>\n<p><a href=\"https:\/\/rmvapesale.com\/de\/product\/randm-vape-al-fakher-10000-puffs-vape-wholesale\/\">randm vape AI FAKHER 15k vape<\/a><\/p>\n<p><a href=\"https:\/\/rmvapesale.com\/de\/product\/original-randm-tornado-9000-puffs-disposable-vape-factory-price\/\">RandM Tornado 9000<\/a><\/p>","protected":false},"excerpt":{"rendered":"<p>Fumot Tornado 15000 VAPE Gro\u00dfhandelspreis<br \/>\nORIGINAL RandM Tornado 15000 Fabrik-Gro\u00dfhandel auf Lager<br \/>\nEchtes RANDM Vape FUMOT TORNADO 15000 Rabattpreis<\/p>\n<p><strong>Kontaktieren Sie Amy f\u00fcr mehr Rabatt und niedrigere Mindestbestellmenge<\/strong><\/p>\n<p><img loading=\"lazy\" decoding=\"async\" class=\"size-medium wp-image-1814\" src=\"https:\/\/rmvapesale.com\/wp-content\/uploads\/2024\/04\/whatsapp-amy-229x300.jpg\" alt=\"WhatsApp Amy\" width=\"229\" height=\"300\" srcset=\"https:\/\/rmvapesale.com\/wp-content\/uploads\/2024\/04\/whatsapp-amy-229x300.jpg 229w, https:\/\/rmvapesale.com\/wp-content\/uploads\/2024\/04\/whatsapp-amy-783x1024.jpg 783w, https:\/\/rmvapesale.com\/wp-content\/uploads\/2024\/04\/whatsapp-amy-768x1005.jpg 768w, https:\/\/rmvapesale.com\/wp-content\/uploads\/2024\/04\/whatsapp-amy-600x785.jpg 600w, https:\/\/rmvapesale.com\/wp-content\/uploads\/2024\/04\/whatsapp-amy.jpg 990w\" sizes=\"auto, (max-width: 229px) 100vw, 229px\" \/><\/p>\n<h3><span style=\"color: #ff0000\"><strong>WhatsApp: +86 17776015835<\/strong><\/span><\/h3>","protected":false},"featured_media":1937,"comment_status":"open","ping_status":"closed","template":"","meta":{"_uag_custom_page_level_css":"","_lmt_disableupdate":"no","_lmt_disable":"","site-sidebar-layout":"default","site-content-layout":"content-boxed-container","ast-site-content-layout":"normal-width-container","site-content-style":"boxed","site-sidebar-style":"unboxed","ast-global-header-display":"","ast-banner-title-visibility":"","ast-main-header-display":"","ast-hfb-above-header-display":"","ast-hfb-below-header-display":"","ast-hfb-mobile-header-display":"","site-post-title":"","ast-breadcrumbs-content":"","ast-featured-img":"","footer-sml-layout":"","ast-disable-related-posts":"","theme-transparent-header-meta":"default","adv-header-id-meta":"","stick-header-meta":"","header-above-stick-meta":"","header-main-stick-meta":"","header-below-stick-meta":"","astra-migrate-meta-layouts":"set","ast-page-background-enabled":"default","ast-page-background-meta":{"desktop":{"background-color":"var(--ast-global-color-4)","background-image":"","background-repeat":"repeat","background-position":"center center","background-size":"auto","background-attachment":"scroll","background-type":"","background-media":"","overlay-type":"","overlay-color":"","overlay-opacity":"","overlay-gradient":""},"tablet":{"background-color":"","background-image":"","background-repeat":"repeat","background-position":"center center","background-size":"auto","background-attachment":"scroll","background-type":"","background-media":"","overlay-type":"","overlay-color":"","overlay-opacity":"","overlay-gradient":""},"mobile":{"background-color":"","background-image":"","background-repeat":"repeat","background-position":"center center","background-size":"auto","background-attachment":"scroll","background-type":"","background-media":"","overlay-type":"","overlay-color":"","overlay-opacity":"","overlay-gradient":""}},"ast-content-background-meta":{"desktop":{"background-color":"var(--ast-global-color-5)","background-image":"","background-repeat":"repeat","background-position":"center center","background-size":"auto","background-attachment":"scroll","background-type":"","background-media":"","overlay-type":"","overlay-color":"","overlay-opacity":"","overlay-gradient":""},"tablet":{"background-color":"var(--ast-global-color-5)","background-image":"","background-repeat":"repeat","background-position":"center center","background-size":"auto","background-attachment":"scroll","background-type":"","background-media":"","overlay-type":"","overlay-color":"","overlay-opacity":"","overlay-gradient":""},"mobile":{"background-color":"var(--ast-global-color-5)","background-image":"","background-repeat":"repeat","background-position":"center center","background-size":"auto","background-attachment":"scroll","background-type":"","background-media":"","overlay-type":"","overlay-color":"","overlay-opacity":"","overlay-gradient":""}},"_joinchat":[]},"product_brand":[],"product_cat":[25,27,51,195,30,26,15,28,31,137,136],"product_tag":[44,39,40,41,38,37],"class_list":{"0":"post-1940","1":"product","2":"type-product","3":"status-publish","4":"has-post-thumbnail","6":"product_cat-germany-best-selling-vape","7":"product_cat-fance-hot-sale-vape","8":"product_cat-fumot-vape","9":"product_cat-germany-warehouse","10":"product_cat-minimum-order-quantity-50pcs","11":"product_cat-netherlands-hot-sale-vape","12":"product_cat-new-vape-this-week","13":"product_cat-poland-hot-sale-vape","14":"product_cat-randm-fumot-vape","15":"product_cat-rechargeable-vapes","16":"product_cat-smart-screen-vapes","17":"product_tag-15k-puffs-15000-vape-wholesale","18":"product_tag-fumot-vape","19":"product_tag-hot-sale-vape","20":"product_tag-original-factory-vape","21":"product_tag-randm-vape","22":"product_tag-wholesale-vape-price","23":"desktop-align-left","24":"tablet-align-left","25":"mobile-align-left","27":"first","28":"instock","29":"sale","30":"shipping-taxable","31":"purchasable","32":"product-type-simple"},"uagb_featured_image_src":{"full":["https:\/\/rmvapesale.com\/wp-content\/uploads\/2024\/08\/RandM-Tornado-15000-Wholesale-Blue-Razz-Lemonade.jpg",800,800,false],"thumbnail":["https:\/\/rmvapesale.com\/wp-content\/uploads\/2024\/08\/RandM-Tornado-15000-Wholesale-Blue-Razz-Lemonade-150x150.jpg",150,150,true],"medium":["https:\/\/rmvapesale.com\/wp-content\/uploads\/2024\/08\/RandM-Tornado-15000-Wholesale-Blue-Razz-Lemonade-300x300.jpg",300,300,true],"medium_large":["https:\/\/rmvapesale.com\/wp-content\/uploads\/2024\/08\/RandM-Tornado-15000-Wholesale-Blue-Razz-Lemonade-768x768.jpg",768,768,true],"large":["https:\/\/rmvapesale.com\/wp-content\/uploads\/2024\/08\/RandM-Tornado-15000-Wholesale-Blue-Razz-Lemonade.jpg",800,800,false],"1536x1536":["https:\/\/rmvapesale.com\/wp-content\/uploads\/2024\/08\/RandM-Tornado-15000-Wholesale-Blue-Razz-Lemonade.jpg",800,800,false],"2048x2048":["https:\/\/rmvapesale.com\/wp-content\/uploads\/2024\/08\/RandM-Tornado-15000-Wholesale-Blue-Razz-Lemonade.jpg",800,800,false],"trp-custom-language-flag":["https:\/\/rmvapesale.com\/wp-content\/uploads\/2024\/08\/RandM-Tornado-15000-Wholesale-Blue-Razz-Lemonade.jpg",12,12,false],"woocommerce_thumbnail":["https:\/\/rmvapesale.com\/wp-content\/uploads\/2024\/08\/RandM-Tornado-15000-Wholesale-Blue-Razz-Lemonade-300x300.jpg",300,300,true],"woocommerce_single":["https:\/\/rmvapesale.com\/wp-content\/uploads\/2024\/08\/RandM-Tornado-15000-Wholesale-Blue-Razz-Lemonade-600x600.jpg",600,600,true],"woocommerce_gallery_thumbnail":["https:\/\/rmvapesale.com\/wp-content\/uploads\/2024\/08\/RandM-Tornado-15000-Wholesale-Blue-Razz-Lemonade-100x100.jpg",100,100,true],"wcpr-photo-reviews":["https:\/\/rmvapesale.com\/wp-content\/uploads\/2024\/08\/RandM-Tornado-15000-Wholesale-Blue-Razz-Lemonade.jpg",500,500,false]},"uagb_author_info":{"display_name":"AMY","author_link":"https:\/\/rmvapesale.com\/de\/author\/"},"uagb_comment_info":0,"uagb_excerpt":"Fumot Tornado 15000 VAPE Wholesale Price ORIGINAL RandM Tornado 15000 Factory Wholesale in Stock Genuine RANDM Vape FUMOT TORNADO 15000 Discount Price Contact Amy For More Discount And Lower MOQ Vape WhatsApp: +86 17776015835","_links":{"self":[{"href":"https:\/\/rmvapesale.com\/de\/wp-json\/wp\/v2\/product\/1940","targetHints":{"allow":["GET"]}}],"collection":[{"href":"https:\/\/rmvapesale.com\/de\/wp-json\/wp\/v2\/product"}],"about":[{"href":"https:\/\/rmvapesale.com\/de\/wp-json\/wp\/v2\/types\/product"}],"replies":[{"embeddable":true,"href":"https:\/\/rmvapesale.com\/de\/wp-json\/wp\/v2\/comments?post=1940"}],"wp:featuredmedia":[{"embeddable":true,"href":"https:\/\/rmvapesale.com\/de\/wp-json\/wp\/v2\/media\/1937"}],"wp:attachment":[{"href":"https:\/\/rmvapesale.com\/de\/wp-json\/wp\/v2\/media?parent=1940"}],"wp:term":[{"taxonomy":"product_brand","embeddable":true,"href":"https:\/\/rmvapesale.com\/de\/wp-json\/wp\/v2\/product_brand?post=1940"},{"taxonomy":"product_cat","embeddable":true,"href":"https:\/\/rmvapesale.com\/de\/wp-json\/wp\/v2\/product_cat?post=1940"},{"taxonomy":"product_tag","embeddable":true,"href":"https:\/\/rmvapesale.com\/de\/wp-json\/wp\/v2\/product_tag?post=1940"}],"curies":[{"name":"wp","href":"https:\/\/api.w.org\/{rel}","templated":true}]}}