{"id":1942,"date":"2024-09-05T05:47:08","date_gmt":"2024-09-05T05:47:08","guid":{"rendered":"https:\/\/rmvapesale.com\/?post_type=product&#038;p=1942"},"modified":"2025-01-20T03:42:22","modified_gmt":"2025-01-20T03:42:22","slug":"vapme-crystal-7000-puffs-rechargeable-disposable-vape-price","status":"publish","type":"product","link":"https:\/\/rmvapesale.com\/de\/product\/vapme-crystal-7000-puffs-rechargeable-disposable-vape-price\/","title":{"rendered":"Vapme Crystal 7000 Puffs Wiederaufladbarer Einweg-Vape Preis"},"content":{"rendered":"<h1>Vapme Crystal 7000 Puffs Wiederaufladbarer Einweg-Vape Preis<\/h1>\n<p>Wir pr\u00e4sentieren die Vapme Crystal 7000 Z\u00fcge wiederaufladbare Einweg-Vape Original Edition \u2013 ein Premium-Ger\u00e4t f\u00fcr ein \u00fcberragendes Dampferlebnis. Dieser wiederaufladbare Einweg-Vape bietet eine gro\u00dfe Auswahl an Geschmacksrichtungen und anpassbaren Nikotingehalten. W\u00e4hlen Sie aus 30 verlockenden Geschmacksrichtungen, um Ihr Dampferlebnis ganz nach Ihren Vorlieben zu gestalten. In unserem Shop erhalten Sie den Gro\u00dfhandelspreis f\u00fcr den Vapme Crystal 7000 Z\u00fcge wiederaufladbaren Einweg-Vape.<\/p>\n<p>Erh\u00e4ltlich in Nikotinst\u00e4rken von 0%, 2% und 5%, erm\u00f6glicht Ihnen dieser Vape, Ihr Erlebnis an Ihre Bed\u00fcrfnisse anzupassen.<\/p>\n<p>Die VAPME Crystal Vape Bar wird von einem robusten 650mAh Kobalt-Akku angetrieben und verf\u00fcgt \u00fcber einen praktischen Typ-C-Anschluss f\u00fcr zuverl\u00e4ssige Stromversorgung und m\u00fcheloses Aufladen.<\/p>\n<p>Mit einem betr\u00e4chtlichen 14ml E-Liquid-Fassungsverm\u00f6gen und einer 1,0 Ohm Mesh-Spule sorgt dieser Vape f\u00fcr sanften, geschmackvollen Dampf bei jedem Zug.<\/p>\n<p>Genie\u00dfen Sie bis zu 7000 Z\u00fcge Zufriedenheit mit diesem wiederaufladbaren Einweg-Vape, perfekt f\u00fcr diejenigen, die sowohl Bequemlichkeit als auch Qualit\u00e4t in ihrem Dampferlebnis sch\u00e4tzen.<\/p>\n<p>&nbsp;<\/p>\n<p><strong>Kontaktieren Sie Amy, um die richtige Antwort und den Gro\u00dfhandelspreis zu erhalten!<\/strong><\/p>\n<p><img loading=\"lazy\" decoding=\"async\" class=\"size-medium wp-image-1814\" src=\"https:\/\/rmvapesale.com\/wp-content\/uploads\/2024\/04\/whatsapp-amy-229x300.jpg\" alt=\"WhatsApp Amy\" width=\"229\" height=\"300\" srcset=\"https:\/\/rmvapesale.com\/wp-content\/uploads\/2024\/04\/whatsapp-amy-229x300.jpg 229w, https:\/\/rmvapesale.com\/wp-content\/uploads\/2024\/04\/whatsapp-amy-783x1024.jpg 783w, https:\/\/rmvapesale.com\/wp-content\/uploads\/2024\/04\/whatsapp-amy-768x1005.jpg 768w, https:\/\/rmvapesale.com\/wp-content\/uploads\/2024\/04\/whatsapp-amy-600x785.jpg 600w, https:\/\/rmvapesale.com\/wp-content\/uploads\/2024\/04\/whatsapp-amy.jpg 990w\" sizes=\"auto, (max-width: 229px) 100vw, 229px\" \/><\/p>\n<h2><\/h2>\n<h2><strong>Was macht <\/strong><strong>PUFF <\/strong><strong>7000 <\/strong><strong>VAPME Crystal <\/strong><strong>zu einem beliebten<\/strong>\u00a0<strong>Einweg-Vape?<\/strong><\/h2>\n<p>Optionen f\u00fcr den Nikotingehalt: 0%, 2%, 3% und 5%<br \/>\nBis zu 7000 Z\u00fcge<br \/>\nVorgef\u00fcllt mit 14ml E-Liquid<br \/>\nwiederaufladbaren 650-mAh-Akku<br \/>\n1,0 \u03a9 Mesh-Spule<br \/>\n30 verf\u00fcgbare Geschmacksrichtungen<\/p>\n<h2><strong>Was ist die beliebte Geschmacksrichtung f\u00fcr die VAPME Crystal 7000 E-Zigarette?<\/strong><\/h2>\n<p>VAPME Crystal 7000 Puffs bietet insgesamt 30 Geschmacksrichtungen zur Auswahl, da ist f\u00fcr jeden Gaumen etwas dabei.<\/p>\n<p>1.Heidelbeere Himbeere<br \/>\n2.Traube Beere<br \/>\n3.Erdbeere Wassermelone Kaugummi<br \/>\n4.Erdbeere Himbeere Bonbon<br \/>\n5.Erdbeere Banane<br \/>\n6.Erdbeere Mango<br \/>\n7.Pfirsich Mango Ananas<br \/>\n8.Wassermelone Eis<br \/>\n9.Dreifach Mango<br \/>\n10.Kirsche Eis<br \/>\n11.Passionsfrucht Melone Eis<br \/>\n12.Kiwi Passionsfrucht Guave<br \/>\n13.Erdbeere Eis<br \/>\n14.Pfirsich Eis<br \/>\n15.Blaue Himbeere Limonade<br \/>\n16.Erdbeere Kiwi<br \/>\n17.Energydrink<br \/>\n18.Kirsch-Cola<br \/>\n19.Gemischte Beeren Eis<br \/>\n20.Zitrone<br \/>\n21.Erdbeer-Traube<br \/>\n22.Schwarze Johannisbeere Eis<br \/>\n23.Heidelbeere Cranberry Kirsche<br \/>\n24.Wassermelone Kiwi Eis<br \/>\n25.Kirschbeere<br \/>\n26.Minze<br \/>\n27.Tropischer Fruchtpunsch<br \/>\n28.Mr Blue<br \/>\n29.Doppelapfel<br \/>\n30.Banane Eis<\/p>\n<figure id=\"attachment_1945\" aria-describedby=\"caption-attachment-1945\" style=\"width: 500px\" class=\"wp-caption alignnone\"><img loading=\"lazy\" decoding=\"async\" class=\"wp-image-1945 size-full\" src=\"https:\/\/rmvapesale.com\/wp-content\/uploads\/2024\/09\/Vapme-Crystal-7000-Puffs-Disposable-Vape-Wholesale.jpg\" alt=\"Vapme Crystal 7000 Z\u00fcge Einweg-Vape Gro\u00dfhandel\" width=\"500\" height=\"500\" srcset=\"https:\/\/rmvapesale.com\/wp-content\/uploads\/2024\/09\/Vapme-Crystal-7000-Puffs-Disposable-Vape-Wholesale.jpg 500w, https:\/\/rmvapesale.com\/wp-content\/uploads\/2024\/09\/Vapme-Crystal-7000-Puffs-Disposable-Vape-Wholesale-300x300.jpg 300w, https:\/\/rmvapesale.com\/wp-content\/uploads\/2024\/09\/Vapme-Crystal-7000-Puffs-Disposable-Vape-Wholesale-150x150.jpg 150w, https:\/\/rmvapesale.com\/wp-content\/uploads\/2024\/09\/Vapme-Crystal-7000-Puffs-Disposable-Vape-Wholesale-100x100.jpg 100w\" sizes=\"auto, (max-width: 500px) 100vw, 500px\" \/><figcaption id=\"caption-attachment-1945\" class=\"wp-caption-text\">Vapme Crystal 7000 Z\u00fcge Einweg-Vape Gro\u00dfhandel<\/figcaption><\/figure>\n<h2><strong>Fragen, die Sie vielleicht \u00fcber PUFF Vape VAPME Crystal 7000 wissen m\u00f6chten<\/strong><\/h2>\n<p>&nbsp;<\/p>\n<h3>F 1. Was ist der VAPME Crystal 7000 Z\u00fcge Vape Original?<\/h3>\n<p>A: Der <span style=\"font-size: 16px\">VAPME Crystal 7000 Z\u00fcge<\/span> ist ein wiederaufladbares Einweg-Vape-Ger\u00e4t, das f\u00fcr l\u00e4ngere Dampfsitzungen entwickelt wurde. Er ist nach seiner beeindruckenden Kapazit\u00e4t von 7000 Z\u00fcgen und seinen mehrfarbigen Lichtern benannt, die an einen beleuchteten Kristall erinnern.<\/p>\n<h3>F 2. Wie lange h\u00e4lt der authentische VAPME Crystal 7000 Vape?<\/h3>\n<p>A: Der authentische <span style=\"font-size: 16px\">VAPME Crystal 7000 Z\u00fcge <\/span>verf\u00fcgt \u00fcber einen eingebauten Akku mit einer Kapazit\u00e4t von 850 mAh, der eine l\u00e4ngere Nutzung mit einer einzigen Ladung erm\u00f6glicht. Die genaue Akkulaufzeit h\u00e4ngt jedoch von den individuellen Nutzungsmustern ab.<\/p>\n<h3>F 3. Ist der PUFF 7000 VAPME Crystal Original wiederaufladbar?<\/h3>\n<p><span style=\"font-size: 16px\">A: Ja, der VAPME Crystal 7000 Z\u00fcge Original wird mit einem wiederaufladbaren Akku geliefert, der wiederaufladbar ist. Sie k\u00f6nnen ihn bis zum letzten Tropfen genie\u00dfen.<\/span><\/p>\n<h3>F 4. Wo kann ich den Gro\u00dfhandelspreis f\u00fcr den wiederaufladbaren Einweg-Vape Vapme Crystal 7000 Z\u00fcge erhalten?<\/h3>\n<p>A: Der <span style=\"font-size: 16px\">VAPME Crystal 7000 Z\u00fcge <\/span>ist \u00fcber autorisierte H\u00e4ndler erh\u00e4ltlich. F\u00fcr Gro\u00dfhandelsanfragen k\u00f6nnen H\u00e4ndler <a href=\"https:\/\/wa.me\/8617776015835\" target=\"_blank\" rel=\"noopener\">Kontaktieren Sie uns<\/a> direkt kontaktieren. Einzelhandelskunden finden das Produkt bei ausgew\u00e4hlten H\u00e4ndlern oder Online-Shops.<\/p>\n<p>Finden Sie weitere Vape-Produkte, die Ihnen gefallen k\u00f6nnten:<em><a href=\"https:\/\/rmvapesale.com\/de\/shop-2\/\">Jetzt einkaufen\u00a0<\/a><\/em><\/p>\n<p>andere hei\u00dfe Verkaufs-Vapes, die Ihnen gefallen k\u00f6nnten:<\/p>\n<p><a href=\"https:\/\/rmvapesale.com\/de\/product\/randm-vape-al-fakher-10000-puffs-vape-wholesale\/\">randm vape AI FAKHER 15k vape<\/a><\/p>\n<p><a href=\"https:\/\/rmvapesale.com\/de\/product\/original-randm-tornado-9000-puffs-disposable-vape-factory-price\/\">RandM Tornado 9000<\/a><\/p>","protected":false},"excerpt":{"rendered":"<p>Vapme Crystal 7000 Puffs Wiederaufladbarer Einweg-Vape Gro\u00dfhandelspreis<\/p>\n<p>Puff 7000 Vapme Crystal Original Einweg-Vape Bester Geschmack<\/p>\n<p>VAPME CRYSTAL 7000 Z\u00fcge 2% Nikotin<\/p>\n<p><strong>Kontaktieren Sie Amy f\u00fcr mehr Rabatt und niedrigere Mindestbestellmenge<\/strong><\/p>\n<p><img loading=\"lazy\" decoding=\"async\" class=\"size-medium wp-image-1814\" src=\"https:\/\/rmvapesale.com\/wp-content\/uploads\/2024\/04\/whatsapp-amy-229x300.jpg\" alt=\"WhatsApp Amy\" width=\"229\" height=\"300\" srcset=\"https:\/\/rmvapesale.com\/wp-content\/uploads\/2024\/04\/whatsapp-amy-229x300.jpg 229w, https:\/\/rmvapesale.com\/wp-content\/uploads\/2024\/04\/whatsapp-amy-783x1024.jpg 783w, https:\/\/rmvapesale.com\/wp-content\/uploads\/2024\/04\/whatsapp-amy-768x1005.jpg 768w, https:\/\/rmvapesale.com\/wp-content\/uploads\/2024\/04\/whatsapp-amy-600x785.jpg 600w, https:\/\/rmvapesale.com\/wp-content\/uploads\/2024\/04\/whatsapp-amy.jpg 990w\" sizes=\"auto, (max-width: 229px) 100vw, 229px\" \/><\/p>\n<h3><span style=\"color: #ff0000\"><strong>WhatsApp: +86 17776015835<\/strong><\/span><\/h3>","protected":false},"featured_media":2671,"comment_status":"open","ping_status":"closed","template":"","meta":{"_uag_custom_page_level_css":"","_lmt_disableupdate":"no","_lmt_disable":"","site-sidebar-layout":"default","site-content-layout":"content-boxed-container","ast-site-content-layout":"normal-width-container","site-content-style":"boxed","site-sidebar-style":"unboxed","ast-global-header-display":"","ast-banner-title-visibility":"","ast-main-header-display":"","ast-hfb-above-header-display":"","ast-hfb-below-header-display":"","ast-hfb-mobile-header-display":"","site-post-title":"","ast-breadcrumbs-content":"","ast-featured-img":"","footer-sml-layout":"","theme-transparent-header-meta":"default","adv-header-id-meta":"","stick-header-meta":"","header-above-stick-meta":"","header-main-stick-meta":"","header-below-stick-meta":"","astra-migrate-meta-layouts":"set","ast-page-background-enabled":"default","ast-page-background-meta":{"desktop":{"background-color":"var(--ast-global-color-4)","background-image":"","background-repeat":"repeat","background-position":"center center","background-size":"auto","background-attachment":"scroll","background-type":"","background-media":"","overlay-type":"","overlay-color":"","overlay-opacity":"","overlay-gradient":""},"tablet":{"background-color":"","background-image":"","background-repeat":"repeat","background-position":"center center","background-size":"auto","background-attachment":"scroll","background-type":"","background-media":"","overlay-type":"","overlay-color":"","overlay-opacity":"","overlay-gradient":""},"mobile":{"background-color":"","background-image":"","background-repeat":"repeat","background-position":"center center","background-size":"auto","background-attachment":"scroll","background-type":"","background-media":"","overlay-type":"","overlay-color":"","overlay-opacity":"","overlay-gradient":""}},"ast-content-background-meta":{"desktop":{"background-color":"var(--ast-global-color-5)","background-image":"","background-repeat":"repeat","background-position":"center center","background-size":"auto","background-attachment":"scroll","background-type":"","background-media":"","overlay-type":"","overlay-color":"","overlay-opacity":"","overlay-gradient":""},"tablet":{"background-color":"var(--ast-global-color-5)","background-image":"","background-repeat":"repeat","background-position":"center center","background-size":"auto","background-attachment":"scroll","background-type":"","background-media":"","overlay-type":"","overlay-color":"","overlay-opacity":"","overlay-gradient":""},"mobile":{"background-color":"var(--ast-global-color-5)","background-image":"","background-repeat":"repeat","background-position":"center center","background-size":"auto","background-attachment":"scroll","background-type":"","background-media":"","overlay-type":"","overlay-color":"","overlay-opacity":"","overlay-gradient":""}},"_joinchat":[]},"product_brand":[],"product_cat":[25,290,293,295,281,272,123,26,28,135,27,137,136,15,30],"product_tag":[48,40,41,54,53,37],"class_list":{"0":"post-1942","1":"product","2":"type-product","3":"status-publish","4":"has-post-thumbnail","6":"product_cat-germany-best-selling-vape","7":"product_cat-crystal-disposable-vapes","8":"product_cat-low-nicotine-disposable-vapes","9":"product_cat-rechargeable-disposable-vapes","10":"product_cat-vapme-vape","11":"product_cat-7000-puff-disposable-vape","12":"product_cat-italy-wholesale-vape","13":"product_cat-netherlands-hot-sale-vape","14":"product_cat-poland-hot-sale-vape","15":"product_cat-spain-best-hot-sale-vape","16":"product_cat-fance-hot-sale-vape","17":"product_cat-rechargeable-vapes","18":"product_cat-smart-screen-vapes","19":"product_cat-new-vape-this-week","20":"product_cat-minimum-order-quantity-50pcs","21":"product_tag-7000-puffs-vape","22":"product_tag-hot-sale-vape","23":"product_tag-original-factory-vape","24":"product_tag-rechargeable-disposable-vape","25":"product_tag-vapme-vape","26":"product_tag-wholesale-vape-price","27":"desktop-align-left","28":"tablet-align-left","29":"mobile-align-left","31":"first","32":"instock","33":"sale","34":"shipping-taxable","35":"purchasable","36":"product-type-simple"},"uagb_featured_image_src":{"full":["https:\/\/rmvapesale.com\/wp-content\/uploads\/2024\/11\/Vapme-Crystal-Rechareable-Vape-Wholesale.jpg",800,800,false],"thumbnail":["https:\/\/rmvapesale.com\/wp-content\/uploads\/2024\/11\/Vapme-Crystal-Rechareable-Vape-Wholesale-150x150.jpg",150,150,true],"medium":["https:\/\/rmvapesale.com\/wp-content\/uploads\/2024\/11\/Vapme-Crystal-Rechareable-Vape-Wholesale-300x300.jpg",300,300,true],"medium_large":["https:\/\/rmvapesale.com\/wp-content\/uploads\/2024\/11\/Vapme-Crystal-Rechareable-Vape-Wholesale-768x768.jpg",768,768,true],"large":["https:\/\/rmvapesale.com\/wp-content\/uploads\/2024\/11\/Vapme-Crystal-Rechareable-Vape-Wholesale.jpg",800,800,false],"1536x1536":["https:\/\/rmvapesale.com\/wp-content\/uploads\/2024\/11\/Vapme-Crystal-Rechareable-Vape-Wholesale.jpg",800,800,false],"2048x2048":["https:\/\/rmvapesale.com\/wp-content\/uploads\/2024\/11\/Vapme-Crystal-Rechareable-Vape-Wholesale.jpg",800,800,false],"trp-custom-language-flag":["https:\/\/rmvapesale.com\/wp-content\/uploads\/2024\/11\/Vapme-Crystal-Rechareable-Vape-Wholesale.jpg",12,12,false],"woocommerce_thumbnail":["https:\/\/rmvapesale.com\/wp-content\/uploads\/2024\/11\/Vapme-Crystal-Rechareable-Vape-Wholesale-300x300.jpg",300,300,true],"woocommerce_single":["https:\/\/rmvapesale.com\/wp-content\/uploads\/2024\/11\/Vapme-Crystal-Rechareable-Vape-Wholesale-600x600.jpg",600,600,true],"woocommerce_gallery_thumbnail":["https:\/\/rmvapesale.com\/wp-content\/uploads\/2024\/11\/Vapme-Crystal-Rechareable-Vape-Wholesale-100x100.jpg",100,100,true],"wcpr-photo-reviews":["https:\/\/rmvapesale.com\/wp-content\/uploads\/2024\/11\/Vapme-Crystal-Rechareable-Vape-Wholesale.jpg",500,500,false]},"uagb_author_info":{"display_name":"AMY","author_link":"https:\/\/rmvapesale.com\/de\/author\/"},"uagb_comment_info":0,"uagb_excerpt":"Vapme Crystal 7000 Puffs Rechargeable Disposable Vape Bulk Buy Price Puff 7000 Vapme Crystal Original Disposable Vape Best Flavor VAPME CRYSTAL 7000 Puffs 2% Nicotine Contact Amy For More Discount And Lower MOQ Vape WhatsApp: +86 17776015835","_links":{"self":[{"href":"https:\/\/rmvapesale.com\/de\/wp-json\/wp\/v2\/product\/1942","targetHints":{"allow":["GET"]}}],"collection":[{"href":"https:\/\/rmvapesale.com\/de\/wp-json\/wp\/v2\/product"}],"about":[{"href":"https:\/\/rmvapesale.com\/de\/wp-json\/wp\/v2\/types\/product"}],"replies":[{"embeddable":true,"href":"https:\/\/rmvapesale.com\/de\/wp-json\/wp\/v2\/comments?post=1942"}],"wp:featuredmedia":[{"embeddable":true,"href":"https:\/\/rmvapesale.com\/de\/wp-json\/wp\/v2\/media\/2671"}],"wp:attachment":[{"href":"https:\/\/rmvapesale.com\/de\/wp-json\/wp\/v2\/media?parent=1942"}],"wp:term":[{"taxonomy":"product_brand","embeddable":true,"href":"https:\/\/rmvapesale.com\/de\/wp-json\/wp\/v2\/product_brand?post=1942"},{"taxonomy":"product_cat","embeddable":true,"href":"https:\/\/rmvapesale.com\/de\/wp-json\/wp\/v2\/product_cat?post=1942"},{"taxonomy":"product_tag","embeddable":true,"href":"https:\/\/rmvapesale.com\/de\/wp-json\/wp\/v2\/product_tag?post=1942"}],"curies":[{"name":"wp","href":"https:\/\/api.w.org\/{rel}","templated":true}]}}