{"id":1950,"date":"2024-09-05T08:27:17","date_gmt":"2024-09-05T08:27:17","guid":{"rendered":"https:\/\/rmvapesale.com\/?post_type=product&#038;p=1950"},"modified":"2025-01-20T03:43:06","modified_gmt":"2025-01-20T03:43:06","slug":"bang-30k-puffs-disposable-vape-double-taste-wholesale-italy","status":"publish","type":"product","link":"https:\/\/rmvapesale.com\/de\/product\/bang-30k-puffs-disposable-vape-double-taste-wholesale-italy\/","title":{"rendered":"Bang 30k Puffs Einweg-Vape Doppelgeschmack Gro\u00dfhandel Deutschland"},"content":{"rendered":"<h1>Bang 30k Puffs Einweg-Vape Doppelgeschmack Gro\u00dfhandel Deutschland<\/h1>\n<p>Der Bang 30000 30k Puffs Doppelgeschmack Einweg-Vape ist ein erstklassiges Ger\u00e4t, das f\u00fcr ein au\u00dfergew\u00f6hnliches Vaping-Erlebnis entwickelt wurde. Mit beeindruckenden 30.000 Z\u00fcgen bietet er un\u00fcbertroffene Langlebigkeit und Bequemlichkeit. Ausgestattet mit einer 1,0-Ohm-Mesh-Spule liefert er sanften und konsistenten Dampf und verbessert den Geschmack bei jedem Zug. Seine 36-ml-E-Liquid-Kapazit\u00e4t sorgt f\u00fcr eine l\u00e4ngere Nutzung ohne h\u00e4ufiges Nachf\u00fcllen. W\u00e4hlen Sie aus Nikotinst\u00e4rken von 0 %, 2 %, 3 % oder 5 %, um Ihren Vorlieben zu entsprechen.<\/p>\n<p>Der 550-mAh-Akku bietet zuverl\u00e4ssige Leistung, w\u00e4hrend die Typ-C-Ladefunktion schnelle, effiziente Aufladungen erm\u00f6glicht. Das fortschrittliche LCD-Display h\u00e4lt Sie \u00fcber den Akkustand und die E-Liquid-Menge auf dem Laufenden und sorgt f\u00fcr ein nahtloses Erlebnis.<\/p>\n<p>Der Bang 30000 Puffs verf\u00fcgt auch \u00fcber eine Doppelgeschmacks-Funktionalit\u00e4t, die es Ihnen erm\u00f6glicht, zwischen zwei verschiedenen Geschmacksrichtungen zu wechseln, um eine vielseitige Vaping-Sitzung zu gestalten. Ideal f\u00fcr Anf\u00e4nger und erfahrene Dampfer, kombiniert er hohe Kapazit\u00e4t, Benutzerfreundlichkeit und modernste Technologie f\u00fcr ein erstklassiges Vaping-Erlebnis.<\/p>\n<p><strong>Kontaktieren Sie Amy, um die richtige Antwort und den Gro\u00dfhandelspreis zu erhalten!<\/strong><\/p>\n<p><img loading=\"lazy\" decoding=\"async\" class=\"size-medium wp-image-1814\" src=\"https:\/\/rmvapesale.com\/wp-content\/uploads\/2024\/04\/whatsapp-amy-229x300.jpg\" alt=\"WhatsApp Amy\" width=\"229\" height=\"300\" srcset=\"https:\/\/rmvapesale.com\/wp-content\/uploads\/2024\/04\/whatsapp-amy-229x300.jpg 229w, https:\/\/rmvapesale.com\/wp-content\/uploads\/2024\/04\/whatsapp-amy-783x1024.jpg 783w, https:\/\/rmvapesale.com\/wp-content\/uploads\/2024\/04\/whatsapp-amy-768x1005.jpg 768w, https:\/\/rmvapesale.com\/wp-content\/uploads\/2024\/04\/whatsapp-amy-600x785.jpg 600w, https:\/\/rmvapesale.com\/wp-content\/uploads\/2024\/04\/whatsapp-amy.jpg 990w\" sizes=\"auto, (max-width: 229px) 100vw, 229px\" \/><\/p>\n<h2><strong>Was macht den Bang 30000 Puffs zum<\/strong><strong>\u00a0meistverkauften Einweg-Vape?<\/strong><\/h2>\n<p>Mit seiner Super-Spezifikation sticht der authentische Bang 30000 Puffs Doppelgeschmack Einweg-Vape als einer der Einweg-Vapes mit der h\u00f6chsten Kapazit\u00e4t auf dem Markt hervor.<\/p>\n<p>Z\u00fcge: 30000 Z\u00fcge<br \/>\nKern: Mesh-Spule 1.0 Ohm<br \/>\nE-Liquid: 36 ml<br \/>\nNikotin: 0 %\/2 %\/3 %\/5 %<br \/>\nBatterie: 550mAh<br \/>\nWiederaufladbar: Typ-C<br \/>\nLCD-Digitalanzeige<br \/>\nDoppelgeschmack<\/p>\n<h2><strong>Was ist der beste Geschmack f\u00fcr <\/strong><strong>Bang 30k <\/strong><strong>Z\u00fcge Vape?<\/strong><\/h2>\n<p>Heidelbeere Himbeere<\/p>\n<p>Dieser Bang 30000 Vape bietet insgesamt 12 Geschmacksrichtungen zur Auswahl, es ist etwas f\u00fcr Sie dabei.<\/p>\n<p>1. Wassermelone Eis<br \/>\n2. Wassermelone Eis<br \/>\n3. Erdbeere Wassermelone<br \/>\n4. Erdbeere und Wassermelone<br \/>\n5. Heidelbeere Eis<br \/>\n6. Heidelbeere Eis<br \/>\n7. Red Bull<br \/>\n8. Red Bull<br \/>\n9. Heidelbeere Himbeere<br \/>\n10. Heidelbeere Himbeere<br \/>\n11. Erdbeere Kiwi<br \/>\n12. Erdbeer-Kiwi<\/p>\n<h2><strong>Fragen, die Sie vielleicht zum Bang 30000 Einweg-Vape wissen m\u00f6chten<\/strong><\/h2>\n<h3>F1. Was ist der Bang30k Puffs Vape?<\/h3>\n<p>A: Der Bang 30k Puffs Original ist ein Einweg-Vape-Ger\u00e4t, das f\u00fcr l\u00e4ngere Dampfsitzungen entwickelt wurde. Er ist nach seiner beeindruckenden Kapazit\u00e4t von 15.000 Z\u00fcgen benannt.<\/p>\n<h3>F2. Wie lange h\u00e4lt der Original BangKing 30000 Puffs 15K Vape?<\/h3>\n<p>A: Der Bang 30k Puffs Authentic verf\u00fcgt \u00fcber einen eingebauten Akku mit einer Kapazit\u00e4t von 550mAh, der eine l\u00e4ngere Nutzung mit einer einzigen Ladung erm\u00f6glicht. Die genaue Akkulaufzeit h\u00e4ngt jedoch von den individuellen Nutzungsmustern ab.<\/p>\n<h3>F3. Ist der Bang 30000 Vape Original wiederaufladbar?<\/h3>\n<p><span style=\"font-size: 16px\">A: Ja, der Bang 30k Puffs Original wird mit einem wiederaufladbaren Akku geliefert, sodass Sie ihn aufladen k\u00f6nnen, bis zum letzten Tropfen.<\/span><\/p>\n<h3>F4. Wo kann ich den Echten Bang 30000 Puffs Vape kaufen?<\/h3>\n<p>A: Der Bang 30k Puffs Genuine ist bei autorisierten Distributoren zum Kauf erh\u00e4ltlich. F\u00fcr Gro\u00dfhandelsanfragen k\u00f6nnen Distributoren <a href=\"https:\/\/wa.me\/8617776015835\" target=\"_blank\" rel=\"noopener\">Kontaktieren Sie uns<\/a> direkt. Endkunden finden das Produkt bei ausgew\u00e4hlten H\u00e4ndlern oder in Online-Shops. Alle Produkte in unserem Shop sind 100% original und authentisch, daher ist eine zehnfache Entsch\u00e4digung f\u00fcr gef\u00e4lschte Ware unsere Gesch\u00e4ftsphilosophie.<\/p>\n<p>&nbsp;<\/p>\n<p><strong>Versanddetails:<\/strong><\/p>\n<div class=\"flex-shrink-0 flex flex-col relative items-end\">\n<div>\n<div class=\"pt-0\">\n<div class=\"gizmo-bot-avatar flex h-8 w-8 items-center justify-center overflow-hidden rounded-full\">\n<div class=\"relative p-1 rounded-sm flex items-center justify-center bg-token-main-surface-primary text-token-text-primary h-8 w-8\"><strong>Welche Versandarten werden verwendet?<\/strong><\/div>\n<\/div>\n<\/div>\n<\/div>\n<\/div>\n<div class=\"group\/conversation-turn relative flex w-full min-w-0 flex-col agent-turn\">\n<div class=\"flex-col gap-1 md:gap-3\">\n<div class=\"flex max-w-full flex-col flex-grow\">\n<div class=\"min-h-[20px] text-message flex w-full flex-col items-end gap-2 whitespace-normal break-words [.text-message+&amp;]:mt-5 overflow-x-auto\" dir=\"auto\" data-message-author-role=\"assistant\" data-message-id=\"22f8283b-3233-46ff-89a5-c7a41b33abda\">\n<div class=\"flex w-full flex-col gap-1 empty:hidden first:pt-[3px]\">\n<div class=\"markdown prose w-full break-words dark:prose-invert light\">\n<p>Wir arbeiten mit UPS, DHL, FedEx, DPD und anderen f\u00fchrenden Transportunternehmen zusammen. Wir w\u00e4hlen die beste Versandmethode basierend auf Ihrem Lieferort aus, um sicherzustellen, dass Sie Ihre Produkte so schnell wie m\u00f6glich erhalten.<\/p>\n<\/div>\n<p><strong>Wie lange dauert die Lieferung?<\/strong><\/p>\n<p>Pakete, die nach Deutschland versandt werden, kommen normalerweise innerhalb von 10 Werktagen an. Der Versand in europ\u00e4ische L\u00e4nder dauert in der Regel etwa 12-15 Werktage. Wir werden Ihnen Echtzeit-Updates zu Ihrem Versandstatus bereitstellen.<\/p>\n<p>&nbsp;<\/p>\n<\/div>\n<\/div>\n<\/div>\n<\/div>\n<\/div>\n<p>Finden Sie weitere Vape-Produkte, die Ihnen gefallen k\u00f6nnten:<em><a href=\"https:\/\/rmvapesale.com\/de\/shop-2\/\">Jetzt einkaufen\u00a0<\/a><\/em><\/p>\n<p>andere hei\u00dfe Verkaufs-Vapes, die Ihnen gefallen k\u00f6nnten:<\/p>\n<p><a href=\"https:\/\/rmvapesale.com\/de\/product\/randm-vape-al-fakher-10000-puffs-vape-wholesale\/\">randm vape AI FAKHER 15k vape<\/a><\/p>\n<p><a href=\"https:\/\/rmvapesale.com\/de\/product\/original-randm-tornado-9000-puffs-disposable-vape-factory-price\/\">RandM Tornado 9000<\/a><\/p>","protected":false},"excerpt":{"rendered":"<p>Bang 30000 30k Puffs Doppelgeschmack Einweg-Vape Gro\u00dfhandelspreis<br \/>\nORIGINAL Bang 30000 Puffs Einweg-Vape Fabrik-Gro\u00dfhandel auf Lager<br \/>\nBANG 30000 Doppelgeschmack 30K Einweg-Vape Rabattpreis<\/p>\n<p><strong>Kontaktieren Sie Amy f\u00fcr mehr Rabatt und niedrigere Mindestbestellmenge<\/strong><\/p>\n<p><img loading=\"lazy\" decoding=\"async\" class=\"size-medium wp-image-1814\" src=\"https:\/\/rmvapesale.com\/wp-content\/uploads\/2024\/04\/whatsapp-amy-229x300.jpg\" alt=\"WhatsApp Amy\" width=\"229\" height=\"300\" srcset=\"https:\/\/rmvapesale.com\/wp-content\/uploads\/2024\/04\/whatsapp-amy-229x300.jpg 229w, https:\/\/rmvapesale.com\/wp-content\/uploads\/2024\/04\/whatsapp-amy-783x1024.jpg 783w, https:\/\/rmvapesale.com\/wp-content\/uploads\/2024\/04\/whatsapp-amy-768x1005.jpg 768w, https:\/\/rmvapesale.com\/wp-content\/uploads\/2024\/04\/whatsapp-amy-600x785.jpg 600w, https:\/\/rmvapesale.com\/wp-content\/uploads\/2024\/04\/whatsapp-amy.jpg 990w\" sizes=\"auto, (max-width: 229px) 100vw, 229px\" \/><\/p>\n<h3><span style=\"color: #ff0000\"><strong>WhatsApp: +86 17776015835<\/strong><\/span><\/h3>","protected":false},"featured_media":1951,"comment_status":"open","ping_status":"closed","template":"","meta":{"_uag_custom_page_level_css":"","_lmt_disableupdate":"no","_lmt_disable":"","site-sidebar-layout":"default","site-content-layout":"content-boxed-container","ast-site-content-layout":"normal-width-container","site-content-style":"boxed","site-sidebar-style":"unboxed","ast-global-header-display":"","ast-banner-title-visibility":"","ast-main-header-display":"","ast-hfb-above-header-display":"","ast-hfb-below-header-display":"","ast-hfb-mobile-header-display":"","site-post-title":"","ast-breadcrumbs-content":"","ast-featured-img":"","footer-sml-layout":"","theme-transparent-header-meta":"default","adv-header-id-meta":"","stick-header-meta":"","header-above-stick-meta":"","header-main-stick-meta":"","header-below-stick-meta":"","astra-migrate-meta-layouts":"set","ast-page-background-enabled":"default","ast-page-background-meta":{"desktop":{"background-color":"var(--ast-global-color-4)","background-image":"","background-repeat":"repeat","background-position":"center center","background-size":"auto","background-attachment":"scroll","background-type":"","background-media":"","overlay-type":"","overlay-color":"","overlay-opacity":"","overlay-gradient":""},"tablet":{"background-color":"","background-image":"","background-repeat":"repeat","background-position":"center center","background-size":"auto","background-attachment":"scroll","background-type":"","background-media":"","overlay-type":"","overlay-color":"","overlay-opacity":"","overlay-gradient":""},"mobile":{"background-color":"","background-image":"","background-repeat":"repeat","background-position":"center center","background-size":"auto","background-attachment":"scroll","background-type":"","background-media":"","overlay-type":"","overlay-color":"","overlay-opacity":"","overlay-gradient":""}},"ast-content-background-meta":{"desktop":{"background-color":"var(--ast-global-color-5)","background-image":"","background-repeat":"repeat","background-position":"center center","background-size":"auto","background-attachment":"scroll","background-type":"","background-media":"","overlay-type":"","overlay-color":"","overlay-opacity":"","overlay-gradient":""},"tablet":{"background-color":"var(--ast-global-color-5)","background-image":"","background-repeat":"repeat","background-position":"center center","background-size":"auto","background-attachment":"scroll","background-type":"","background-media":"","overlay-type":"","overlay-color":"","overlay-opacity":"","overlay-gradient":""},"mobile":{"background-color":"var(--ast-global-color-5)","background-image":"","background-repeat":"repeat","background-position":"center center","background-size":"auto","background-attachment":"scroll","background-type":"","background-media":"","overlay-type":"","overlay-color":"","overlay-opacity":"","overlay-gradient":""}},"_joinchat":[]},"product_brand":[],"product_cat":[25,289,291,292,298,293,295,299,279,253,123,26,28,135,27,60,137,136,15,30],"product_tag":[55,56,57,58,40,41,59,37],"class_list":{"0":"post-1950","1":"product","2":"type-product","3":"status-publish","4":"has-post-thumbnail","6":"product_cat-germany-best-selling-vape","7":"product_cat-big-puffs-disposable-vapes","8":"product_cat-dual-mesh-disposable-vapes","9":"product_cat-digital-disposable-vapes","10":"product_cat-double-flavor-disposable-vapes","11":"product_cat-low-nicotine-disposable-vapes","12":"product_cat-rechargeable-disposable-vapes","13":"product_cat-smart-screen-disposable-vapes","14":"product_cat-bang-king-vape","15":"product_cat-15000-puff-disposable-vape","16":"product_cat-italy-wholesale-vape","17":"product_cat-netherlands-hot-sale-vape","18":"product_cat-poland-hot-sale-vape","19":"product_cat-spain-best-hot-sale-vape","20":"product_cat-fance-hot-sale-vape","21":"product_cat-bang-vapes","22":"product_cat-rechargeable-vapes","23":"product_cat-smart-screen-vapes","24":"product_cat-new-vape-this-week","25":"product_cat-minimum-order-quantity-50pcs","26":"product_tag-buy-vape-pods","27":"product_tag-disposable-vape-wholesale-near-me","28":"product_tag-disposable-vape-wholesale-supplier","29":"product_tag-electric-cigarettes","30":"product_tag-hot-sale-vape","31":"product_tag-original-factory-vape","32":"product_tag-puffs-vape","33":"product_tag-wholesale-vape-price","34":"desktop-align-left","35":"tablet-align-left","36":"mobile-align-left","38":"first","39":"instock","40":"sale","41":"shipping-taxable","42":"purchasable","43":"product-type-simple"},"uagb_featured_image_src":{"full":["https:\/\/rmvapesale.com\/wp-content\/uploads\/2024\/09\/Bang-30000-Disposable-Vape.jpg",800,800,false],"thumbnail":["https:\/\/rmvapesale.com\/wp-content\/uploads\/2024\/09\/Bang-30000-Disposable-Vape-150x150.jpg",150,150,true],"medium":["https:\/\/rmvapesale.com\/wp-content\/uploads\/2024\/09\/Bang-30000-Disposable-Vape-300x300.jpg",300,300,true],"medium_large":["https:\/\/rmvapesale.com\/wp-content\/uploads\/2024\/09\/Bang-30000-Disposable-Vape-768x768.jpg",768,768,true],"large":["https:\/\/rmvapesale.com\/wp-content\/uploads\/2024\/09\/Bang-30000-Disposable-Vape.jpg",800,800,false],"1536x1536":["https:\/\/rmvapesale.com\/wp-content\/uploads\/2024\/09\/Bang-30000-Disposable-Vape.jpg",800,800,false],"2048x2048":["https:\/\/rmvapesale.com\/wp-content\/uploads\/2024\/09\/Bang-30000-Disposable-Vape.jpg",800,800,false],"trp-custom-language-flag":["https:\/\/rmvapesale.com\/wp-content\/uploads\/2024\/09\/Bang-30000-Disposable-Vape.jpg",12,12,false],"woocommerce_thumbnail":["https:\/\/rmvapesale.com\/wp-content\/uploads\/2024\/09\/Bang-30000-Disposable-Vape-300x300.jpg",300,300,true],"woocommerce_single":["https:\/\/rmvapesale.com\/wp-content\/uploads\/2024\/09\/Bang-30000-Disposable-Vape-600x600.jpg",600,600,true],"woocommerce_gallery_thumbnail":["https:\/\/rmvapesale.com\/wp-content\/uploads\/2024\/09\/Bang-30000-Disposable-Vape-100x100.jpg",100,100,true],"wcpr-photo-reviews":["https:\/\/rmvapesale.com\/wp-content\/uploads\/2024\/09\/Bang-30000-Disposable-Vape.jpg",500,500,false]},"uagb_author_info":{"display_name":"AMY","author_link":"https:\/\/rmvapesale.com\/de\/author\/"},"uagb_comment_info":0,"uagb_excerpt":"Bang 30000 30k Puffs Double Taste Disposable Vape Wholesale Price ORIGINAL Bang 30000 Puffs Disposable Vape Factory Wholesale in Stock BANG 30000 double flavor 30K Disposable Vape Discount Price Contact Amy For More Discount And Lower MOQ Vape WhatsApp: +86 17776015835","_links":{"self":[{"href":"https:\/\/rmvapesale.com\/de\/wp-json\/wp\/v2\/product\/1950","targetHints":{"allow":["GET"]}}],"collection":[{"href":"https:\/\/rmvapesale.com\/de\/wp-json\/wp\/v2\/product"}],"about":[{"href":"https:\/\/rmvapesale.com\/de\/wp-json\/wp\/v2\/types\/product"}],"replies":[{"embeddable":true,"href":"https:\/\/rmvapesale.com\/de\/wp-json\/wp\/v2\/comments?post=1950"}],"wp:featuredmedia":[{"embeddable":true,"href":"https:\/\/rmvapesale.com\/de\/wp-json\/wp\/v2\/media\/1951"}],"wp:attachment":[{"href":"https:\/\/rmvapesale.com\/de\/wp-json\/wp\/v2\/media?parent=1950"}],"wp:term":[{"taxonomy":"product_brand","embeddable":true,"href":"https:\/\/rmvapesale.com\/de\/wp-json\/wp\/v2\/product_brand?post=1950"},{"taxonomy":"product_cat","embeddable":true,"href":"https:\/\/rmvapesale.com\/de\/wp-json\/wp\/v2\/product_cat?post=1950"},{"taxonomy":"product_tag","embeddable":true,"href":"https:\/\/rmvapesale.com\/de\/wp-json\/wp\/v2\/product_tag?post=1950"}],"curies":[{"name":"wp","href":"https:\/\/api.w.org\/{rel}","templated":true}]}}