{"id":1963,"date":"2024-09-11T02:04:13","date_gmt":"2024-09-11T02:04:13","guid":{"rendered":"https:\/\/rmvapesale.com\/?post_type=product&#038;p=1963"},"modified":"2025-01-20T03:46:36","modified_gmt":"2025-01-20T03:46:36","slug":"fihp-shisha-hookah-15000-pro-disposable-vape-wholesale","status":"publish","type":"product","link":"https:\/\/rmvapesale.com\/de\/product\/fihp-shisha-hookah-15000-pro-disposable-vape-wholesale\/","title":{"rendered":"FIHP Shisha Hookah 15000 Pro Einweg-Vape Gro\u00dfhandel"},"content":{"rendered":"<h1>FIHP Shisha Hookah 15000 Einweg-Vape Gro\u00dfhandel<\/h1>\n<p>Verbessern Sie Ihr Dampferlebnis mit dem FIHP Shisha Hookah 15000 Pro Einweg-Vape. Mit beeindruckenden 15000 Z\u00fcgen sorgt dieses Ger\u00e4t f\u00fcr ein langanhaltendes und befriedigendes Dampfen, ohne dass h\u00e4ufige Austausch erforderlich sind.<\/p>\n<p>Ausgestattet mit einer hochmodernen Mesh-Spule mit 0,6 Ohm Widerstand bietet der FIHP Shisha 15000 au\u00dfergew\u00f6hnlichen Geschmack und ein sanftes, gleichm\u00e4\u00dfiges Dampferlebnis. Es ist vorgef\u00fcllt mit 22 ml Premium-E-Liquid, kunstvoll gemischt, um reiche und lebendige Aromen zu bieten, die Sie immer wieder zur\u00fcckkehren lassen.<\/p>\n<p>Mit einem bescheidenen Nikotingehalt von 6 mg bietet dieses Vape einen sanften, milden Zug. Die robuste 650 mAh Batterie erm\u00f6glicht l\u00e4ngeren Gebrauch zwischen den Ladungen, und der Type-C-Anschluss erlaubt schnelles, bequemes Aufladen.<\/p>\n<p>Zus\u00e4tzlich verf\u00fcgt das Ger\u00e4t \u00fcber ein LED-Display, um Sie \u00fcber den Batteriestatus und die Nutzung auf dem Laufenden zu halten. Erleben Sie die n\u00e4chste Stufe des Dampfens mit dem FIHP 15.000 Z\u00fcge Vape und genie\u00dfen Sie eine Kombination aus Langlebigkeit, Geschmack und Komfort.<\/p>\n<p>Bestellen Sie in gro\u00dfen Mengen, um den besten Gro\u00dfhandelspreis f\u00fcr den FIHP Shisha Hookah 15000 mit schnellem Versand zu erhalten.<\/p>\n<p><strong>Kontaktieren Sie Amy, um sofort eine Antwort und mehr Rabatt zu erhalten!<\/strong><\/p>\n<p><img loading=\"lazy\" decoding=\"async\" class=\"size-medium wp-image-1814\" src=\"https:\/\/rmvapesale.com\/wp-content\/uploads\/2024\/04\/whatsapp-amy-229x300.jpg\" alt=\"WhatsApp Amy\" width=\"229\" height=\"300\" srcset=\"https:\/\/rmvapesale.com\/wp-content\/uploads\/2024\/04\/whatsapp-amy-229x300.jpg 229w, https:\/\/rmvapesale.com\/wp-content\/uploads\/2024\/04\/whatsapp-amy-783x1024.jpg 783w, https:\/\/rmvapesale.com\/wp-content\/uploads\/2024\/04\/whatsapp-amy-768x1005.jpg 768w, https:\/\/rmvapesale.com\/wp-content\/uploads\/2024\/04\/whatsapp-amy-600x785.jpg 600w, https:\/\/rmvapesale.com\/wp-content\/uploads\/2024\/04\/whatsapp-amy.jpg 990w\" sizes=\"auto, (max-width: 229px) 100vw, 229px\" \/><\/p>\n<h3><span style=\"color: #ff0000\"><strong>WhatsApp: +86 17776015835<\/strong><\/span><\/h3>\n<p>&nbsp;<\/p>\n<h2><strong>FIHP 15000 Z\u00fcge Shisha Funktionen<\/strong><\/h2>\n<p>Nikotin: 6%<br \/>\nZ\u00fcge: 15000<br \/>\nKapazit\u00e4t: 22ml<br \/>\n650 mAh Batterie (Type-C aufladbar)<br \/>\nIntelligenter Bildschirm<br \/>\nMesh Coil<\/p>\n<h2><strong>Was ist der beste Geschmack f\u00fcr den FIHP Shisha Hookah 15000 Z\u00fcge<\/strong><strong>?<\/strong><\/h2>\n<p>Diese FIHP Shisha Hookah 15000 Z\u00fcge Smart Screen Vapes bieten insgesamt 10 verf\u00fcgbare Geschmacksrichtungen zur Auswahl, es ist f\u00fcr jeden etwas dabei.<\/p>\n<p>1. Wassermelone Eis<br \/>\n2. Traube Eis<br \/>\n3. Blaubeere Himbeere<br \/>\n4. Erdbeer Kiwi<br \/>\n5. Gemischte Beeren<br \/>\n6. Erdbeer-Wassermelone<br \/>\n7. Wassermelone Kaugummi<br \/>\n8. Pfirsich Mango Ananas<br \/>\n9. Kiwi Passionsfrucht Guave<br \/>\n10. Erdbeere Himbeere Kirsche<\/p>\n<h2><strong>Fragen, die Sie \u00fcber den FIHP Shisha Hookah 15k Pro Z\u00fcge wissen m\u00f6chten<\/strong><\/h2>\n<p>&nbsp;<\/p>\n<h3><strong>1. Wie viele Z\u00fcge kann ich vom FIHP Shisha Hookah 15k Z\u00fcge erwarten?<\/strong><\/h3>\n<p>Der FIHP Shisha Hookah 15k Puffs bietet beeindruckende 15000 Z\u00fcge (in einer Testumgebung), was eine l\u00e4ngere Nutzung und anhaltende Zufriedenheit gew\u00e4hrleistet.<\/p>\n<h3><strong>2. Welche Nikotinst\u00e4rke bietet der FIHP Shisha Hookah 15k Puffs?<\/strong><\/h3>\n<p>Der FIHP Shisha Hookah 15k Puffs ist vorgef\u00fcllt mit E-Liquid in der Nikotinst\u00e4rke 6% und bietet ein ausgewogenes Dampferlebnis.<\/p>\n<h3><strong>5. Wie verbessert die Mesh Coil Technology das Dampferlebnis?<\/strong><\/h3>\n<p>Die Mesh Coil Technologie, die in den FIHP Shisha Hookah 15k Smart Screen Vapes integriert ist, verf\u00fcgt \u00fcber eine niederohmige 0,6 Ohm Spule. Dieses Design maximiert die Heizfl\u00e4che, was zu sanfteren Z\u00fcgen und verbesserten Dampfentwicklung f\u00fchrt. Die Technologie garantiert eine gleichm\u00e4\u00dfige und konstante Erw\u00e4rmung des E-Liquids und sorgt f\u00fcr ein \u00fcberlegendes Geschmackserlebnis.<\/p>\n<h3><strong>4. Wo kann ich das Original FIHP Shisha Hookah 15k Puffs kaufen?<\/strong><\/h3>\n<p>Das FIHP Shisha Hookah 15k Puffs Original ist bei autorisierten H\u00e4ndlern erh\u00e4ltlich. F\u00fcr Gro\u00dfhandelsanfragen k\u00f6nnen H\u00e4ndler <a href=\"https:\/\/wa.me\/8617776015835\" target=\"_blank\" rel=\"noopener\">Kontaktieren Sie uns<\/a> direkt. Endkunden finden das Produkt bei ausgew\u00e4hlten H\u00e4ndlern oder in Online-Shops. Alle Produkte in unserem Shop sind 100% original und authentisch, daher ist eine zehnfache Entsch\u00e4digung f\u00fcr gef\u00e4lschte Ware unsere Gesch\u00e4ftsphilosophie.<\/p>\n<p>&nbsp;<\/p>\n<p><strong>Versanddetails:<\/strong><\/p>\n<div class=\"flex-shrink-0 flex flex-col relative items-end\">\n<div>\n<div class=\"pt-0\">\n<div class=\"gizmo-bot-avatar flex h-8 w-8 items-center justify-center overflow-hidden rounded-full\">\n<div class=\"relative p-1 rounded-sm flex items-center justify-center bg-token-main-surface-primary text-token-text-primary h-8 w-8\"><strong>Welche Versandarten werden verwendet?<\/strong><\/div>\n<\/div>\n<\/div>\n<\/div>\n<\/div>\n<div class=\"group\/conversation-turn relative flex w-full min-w-0 flex-col agent-turn\">\n<div class=\"flex-col gap-1 md:gap-3\">\n<div class=\"flex max-w-full flex-col flex-grow\">\n<div class=\"min-h-[20px] text-message flex w-full flex-col items-end gap-2 whitespace-normal break-words [.text-message+&amp;]:mt-5 overflow-x-auto\" dir=\"auto\" data-message-author-role=\"assistant\" data-message-id=\"22f8283b-3233-46ff-89a5-c7a41b33abda\">\n<div class=\"flex w-full flex-col gap-1 empty:hidden first:pt-[3px]\">\n<div class=\"markdown prose w-full break-words dark:prose-invert light\">\n<p>Wir arbeiten mit UPS, DHL, FedEx, DPD und anderen f\u00fchrenden Transportunternehmen zusammen. Wir w\u00e4hlen die beste Versandmethode basierend auf Ihrem Lieferort aus, um sicherzustellen, dass Sie Ihre Produkte so schnell wie m\u00f6glich erhalten.<\/p>\n<\/div>\n<p><strong>Wie lange dauert die Lieferung?<\/strong><\/p>\n<p>Pakete, die nach Deutschland versandt werden, kommen normalerweise innerhalb von 10 Werktagen an. Der Versand in europ\u00e4ische L\u00e4nder dauert in der Regel etwa 12-15 Werktage. Wir werden Ihnen Echtzeit-Updates zu Ihrem Versandstatus bereitstellen.<\/p>\n<p>&nbsp;<\/p>\n<\/div>\n<\/div>\n<\/div>\n<\/div>\n<\/div>\n<p>Finden Sie weitere Vape-Produkte, die Ihnen gefallen k\u00f6nnten:<em><a href=\"https:\/\/rmvapesale.com\/de\/shop-2\/\">Jetzt einkaufen\u00a0<\/a><\/em><\/p>\n<p>andere hei\u00dfe Verkaufs-Vapes, die Ihnen gefallen k\u00f6nnten:<\/p>\n<p><a href=\"https:\/\/rmvapesale.com\/de\/product\/randm-vape-al-fakher-10000-puffs-vape-wholesale\/\">randm vape AI FAKHER 15k vape<\/a><\/p>\n<p><a href=\"https:\/\/rmvapesale.com\/de\/product\/original-randm-tornado-9000-puffs-disposable-vape-factory-price\/\">RandM Tornado 9000<\/a><\/p>\n<p><a href=\"https:\/\/rmvapesale.com\/de\/product\/bang-30k-puffs-disposable-vape-double-taste-wholesale-italy\/\">Bang 30k Puffs<\/a><\/p>\n<p><a href=\"https:\/\/rmvapesale.com\/de\/product\/bang-beach-22000-puffs-smart-screen-vapes-factory-price\/\">Bang 22000 Z\u00fcge<\/a><\/p>","protected":false},"excerpt":{"rendered":"<p>FIHP Shisha Wasserpfeife 15000 Z\u00fcge Fabrik Gro\u00dfhandelspreis<br \/>\nBeste FIHP 15000 Z\u00fcge Wasserpfeife Geschmack auf Lager<br \/>\nMengenrabatt f\u00fcr FIHP 15000 Z\u00fcge Vape mit niedrigem MOQ<\/p>\n<p><strong>Kontaktieren Sie Amy f\u00fcr mehr Rabatt und niedrigere Mindestbestellmenge<\/strong><\/p>\n<p><img loading=\"lazy\" decoding=\"async\" class=\"size-medium wp-image-1814\" src=\"https:\/\/rmvapesale.com\/wp-content\/uploads\/2024\/04\/whatsapp-amy-229x300.jpg\" alt=\"WhatsApp Amy\" width=\"229\" height=\"300\" srcset=\"https:\/\/rmvapesale.com\/wp-content\/uploads\/2024\/04\/whatsapp-amy-229x300.jpg 229w, https:\/\/rmvapesale.com\/wp-content\/uploads\/2024\/04\/whatsapp-amy-783x1024.jpg 783w, https:\/\/rmvapesale.com\/wp-content\/uploads\/2024\/04\/whatsapp-amy-768x1005.jpg 768w, https:\/\/rmvapesale.com\/wp-content\/uploads\/2024\/04\/whatsapp-amy-600x785.jpg 600w, https:\/\/rmvapesale.com\/wp-content\/uploads\/2024\/04\/whatsapp-amy.jpg 990w\" sizes=\"auto, (max-width: 229px) 100vw, 229px\" \/><\/p>\n<h3><span style=\"color: #ff0000\"><strong>WhatsApp: +86 17776015835<\/strong><\/span><\/h3>","protected":false},"featured_media":1964,"comment_status":"open","ping_status":"closed","template":"","meta":{"_uag_custom_page_level_css":"","_lmt_disableupdate":"no","_lmt_disable":"","site-sidebar-layout":"default","site-content-layout":"content-boxed-container","ast-site-content-layout":"normal-width-container","site-content-style":"boxed","site-sidebar-style":"unboxed","ast-global-header-display":"","ast-banner-title-visibility":"","ast-main-header-display":"","ast-hfb-above-header-display":"","ast-hfb-below-header-display":"","ast-hfb-mobile-header-display":"","site-post-title":"","ast-breadcrumbs-content":"","ast-featured-img":"","footer-sml-layout":"","ast-disable-related-posts":"","theme-transparent-header-meta":"default","adv-header-id-meta":"","stick-header-meta":"","header-above-stick-meta":"","header-main-stick-meta":"","header-below-stick-meta":"","astra-migrate-meta-layouts":"set","ast-page-background-enabled":"default","ast-page-background-meta":{"desktop":{"background-color":"var(--ast-global-color-4)","background-image":"","background-repeat":"repeat","background-position":"center center","background-size":"auto","background-attachment":"scroll","background-type":"","background-media":"","overlay-type":"","overlay-color":"","overlay-opacity":"","overlay-gradient":""},"tablet":{"background-color":"","background-image":"","background-repeat":"repeat","background-position":"center center","background-size":"auto","background-attachment":"scroll","background-type":"","background-media":"","overlay-type":"","overlay-color":"","overlay-opacity":"","overlay-gradient":""},"mobile":{"background-color":"","background-image":"","background-repeat":"repeat","background-position":"center center","background-size":"auto","background-attachment":"scroll","background-type":"","background-media":"","overlay-type":"","overlay-color":"","overlay-opacity":"","overlay-gradient":""}},"ast-content-background-meta":{"desktop":{"background-color":"var(--ast-global-color-5)","background-image":"","background-repeat":"repeat","background-position":"center center","background-size":"auto","background-attachment":"scroll","background-type":"","background-media":"","overlay-type":"","overlay-color":"","overlay-opacity":"","overlay-gradient":""},"tablet":{"background-color":"var(--ast-global-color-5)","background-image":"","background-repeat":"repeat","background-position":"center center","background-size":"auto","background-attachment":"scroll","background-type":"","background-media":"","overlay-type":"","overlay-color":"","overlay-opacity":"","overlay-gradient":""},"mobile":{"background-color":"var(--ast-global-color-5)","background-image":"","background-repeat":"repeat","background-position":"center center","background-size":"auto","background-attachment":"scroll","background-type":"","background-media":"","overlay-type":"","overlay-color":"","overlay-opacity":"","overlay-gradient":""}},"_joinchat":[]},"product_brand":[],"product_cat":[25,61,292,27,138,123,293,30,26,15,28,295,137,296,299,136,135,274],"product_tag":[55,56,57,58,40,62,59,180,37],"class_list":{"0":"post-1963","1":"product","2":"type-product","3":"status-publish","4":"has-post-thumbnail","6":"product_cat-germany-best-selling-vape","7":"product_cat-15000-puffs-disposable-vapes","8":"product_cat-digital-disposable-vapes","9":"product_cat-fance-hot-sale-vape","10":"product_cat-fihp-disposable-vapes","11":"product_cat-italy-wholesale-vape","12":"product_cat-low-nicotine-disposable-vapes","13":"product_cat-minimum-order-quantity-50pcs","14":"product_cat-netherlands-hot-sale-vape","15":"product_cat-new-vape-this-week","16":"product_cat-poland-hot-sale-vape","17":"product_cat-rechargeable-disposable-vapes","18":"product_cat-rechargeable-vapes","19":"product_cat-shisha-hookah-disposable-vapes","20":"product_cat-smart-screen-disposable-vapes","21":"product_cat-smart-screen-vapes","22":"product_cat-spain-best-hot-sale-vape","23":"product_cat-waspe-fihp-vape","24":"product_tag-buy-vape-pods","25":"product_tag-disposable-vape-wholesale-near-me","26":"product_tag-disposable-vape-wholesale-supplier","27":"product_tag-electric-cigarettes","28":"product_tag-hot-sale-vape","29":"product_tag-puff-15000","30":"product_tag-puffs-vape","31":"product_tag-shisha-bar","32":"product_tag-wholesale-vape-price","33":"desktop-align-left","34":"tablet-align-left","35":"mobile-align-left","37":"first","38":"instock","39":"sale","40":"shipping-taxable","41":"purchasable","42":"product-type-simple"},"uagb_featured_image_src":{"full":["https:\/\/rmvapesale.com\/wp-content\/uploads\/2024\/09\/FIHP-15000-Wholesale.jpg",800,800,false],"thumbnail":["https:\/\/rmvapesale.com\/wp-content\/uploads\/2024\/09\/FIHP-15000-Wholesale-150x150.jpg",150,150,true],"medium":["https:\/\/rmvapesale.com\/wp-content\/uploads\/2024\/09\/FIHP-15000-Wholesale-300x300.jpg",300,300,true],"medium_large":["https:\/\/rmvapesale.com\/wp-content\/uploads\/2024\/09\/FIHP-15000-Wholesale-768x768.jpg",768,768,true],"large":["https:\/\/rmvapesale.com\/wp-content\/uploads\/2024\/09\/FIHP-15000-Wholesale.jpg",800,800,false],"1536x1536":["https:\/\/rmvapesale.com\/wp-content\/uploads\/2024\/09\/FIHP-15000-Wholesale.jpg",800,800,false],"2048x2048":["https:\/\/rmvapesale.com\/wp-content\/uploads\/2024\/09\/FIHP-15000-Wholesale.jpg",800,800,false],"trp-custom-language-flag":["https:\/\/rmvapesale.com\/wp-content\/uploads\/2024\/09\/FIHP-15000-Wholesale.jpg",12,12,false],"woocommerce_thumbnail":["https:\/\/rmvapesale.com\/wp-content\/uploads\/2024\/09\/FIHP-15000-Wholesale-300x300.jpg",300,300,true],"woocommerce_single":["https:\/\/rmvapesale.com\/wp-content\/uploads\/2024\/09\/FIHP-15000-Wholesale-600x600.jpg",600,600,true],"woocommerce_gallery_thumbnail":["https:\/\/rmvapesale.com\/wp-content\/uploads\/2024\/09\/FIHP-15000-Wholesale-100x100.jpg",100,100,true],"wcpr-photo-reviews":["https:\/\/rmvapesale.com\/wp-content\/uploads\/2024\/09\/FIHP-15000-Wholesale.jpg",500,500,false]},"uagb_author_info":{"display_name":"AMY","author_link":"https:\/\/rmvapesale.com\/de\/author\/"},"uagb_comment_info":0,"uagb_excerpt":"FIHP Shisha Hookah 15000 Puff Factory Wholesale Price Best FIHP 15000 Puffs Shisha Hookah Flavor in Stock Bulk Buy FIHP 15000 Puffs Vape with Low MOQ Contact Amy For More Discount And Lower MOQ Vape WhatsApp: +86 17776015835","_links":{"self":[{"href":"https:\/\/rmvapesale.com\/de\/wp-json\/wp\/v2\/product\/1963","targetHints":{"allow":["GET"]}}],"collection":[{"href":"https:\/\/rmvapesale.com\/de\/wp-json\/wp\/v2\/product"}],"about":[{"href":"https:\/\/rmvapesale.com\/de\/wp-json\/wp\/v2\/types\/product"}],"replies":[{"embeddable":true,"href":"https:\/\/rmvapesale.com\/de\/wp-json\/wp\/v2\/comments?post=1963"}],"wp:featuredmedia":[{"embeddable":true,"href":"https:\/\/rmvapesale.com\/de\/wp-json\/wp\/v2\/media\/1964"}],"wp:attachment":[{"href":"https:\/\/rmvapesale.com\/de\/wp-json\/wp\/v2\/media?parent=1963"}],"wp:term":[{"taxonomy":"product_brand","embeddable":true,"href":"https:\/\/rmvapesale.com\/de\/wp-json\/wp\/v2\/product_brand?post=1963"},{"taxonomy":"product_cat","embeddable":true,"href":"https:\/\/rmvapesale.com\/de\/wp-json\/wp\/v2\/product_cat?post=1963"},{"taxonomy":"product_tag","embeddable":true,"href":"https:\/\/rmvapesale.com\/de\/wp-json\/wp\/v2\/product_tag?post=1963"}],"curies":[{"name":"wp","href":"https:\/\/api.w.org\/{rel}","templated":true}]}}