{"id":1995,"date":"2024-09-13T08:03:11","date_gmt":"2024-09-13T08:03:11","guid":{"rendered":"https:\/\/rmvapesale.com\/?post_type=product&#038;p=1995"},"modified":"2025-01-20T03:53:42","modified_gmt":"2025-01-20T03:53:42","slug":"vapme-shisha-hookah-15000-puffs-vape-0-2-nicotine","status":"publish","type":"product","link":"https:\/\/rmvapesale.com\/de\/product\/vapme-shisha-hookah-15000-puffs-vape-0-2-nicotine\/","title":{"rendered":"Vapme Shisha Hookah 15000 Z\u00fcge Vape 0% 2% Nikotin"},"content":{"rendered":"<h1>Vapme Shisha Hookah 15000 Z\u00fcge Vape 0% 2% Nikotin<\/h1>\n<p>Einf\u00fchrung des Vapme Shisha Hookah mit 15000 Z\u00fcgen, ein wiederaufladbarer Einweg-Vape, der Ihr Dampferlebnis verbessern soll. Mit einer bemerkenswerten Kapazit\u00e4t von 15000 Z\u00fcgen bietet dieses Ger\u00e4t verl\u00e4ngerten Genuss und Flexibilit\u00e4t, erh\u00e4ltlich in Nikotinst\u00e4rken von 0% oder 2%, um Ihren Vorlieben gerecht zu werden.<\/p>\n<p>Mit einem gro\u00dfz\u00fcgigen 25ml E-Liquid-Beh\u00e4lter stellt der Vapme Shisha Hookah sicher, dass Sie ausreichend Vorrat f\u00fcr ununterbrochene Sitzungen haben. Sein 650mAh wiederaufladbarer Akku und der Typ-C-Ladeanschluss sorgen f\u00fcr effizientes und bequemes Aufladen, sodass Sie Ihr Vape ohne Unterbrechung genie\u00dfen k\u00f6nnen.<\/p>\n<p>Mit 24 Geschmacksrichtungen zur Auswahl und einem Widerstand von 0,6\u03a9 f\u00fcr sanften, geschmackvollen Dampf bietet dieses Einweg-Wiederaufladbare-Vape ein konstant zufriedenstellendes Erlebnis. Verbessern Sie Ihre Dampferreise mit dem Vapme Shisha Hookah 15000.<\/p>\n<p>&nbsp;<\/p>\n<p><strong>Kontaktieren Sie Amy, um die richtige Antwort und den Gro\u00dfhandelspreis zu erhalten!<\/strong><\/p>\n<p><img loading=\"lazy\" decoding=\"async\" class=\"size-medium wp-image-1814\" src=\"https:\/\/rmvapesale.com\/wp-content\/uploads\/2024\/04\/whatsapp-amy-229x300.jpg\" alt=\"WhatsApp Amy\" width=\"229\" height=\"300\" srcset=\"https:\/\/rmvapesale.com\/wp-content\/uploads\/2024\/04\/whatsapp-amy-229x300.jpg 229w, https:\/\/rmvapesale.com\/wp-content\/uploads\/2024\/04\/whatsapp-amy-783x1024.jpg 783w, https:\/\/rmvapesale.com\/wp-content\/uploads\/2024\/04\/whatsapp-amy-768x1005.jpg 768w, https:\/\/rmvapesale.com\/wp-content\/uploads\/2024\/04\/whatsapp-amy-600x785.jpg 600w, https:\/\/rmvapesale.com\/wp-content\/uploads\/2024\/04\/whatsapp-amy.jpg 990w\" sizes=\"auto, (max-width: 229px) 100vw, 229px\" \/><\/p>\n<h2><\/h2>\n<h2>Vapme Shisha Hookah 15000 Spezifikation<\/h2>\n<p>Z\u00fcge: 15000 Z\u00fcge<br \/>\nNikotin: 0%, 2%<br \/>\nE-Liquid-Kapazit\u00e4t: 25 ML<br \/>\nAkku: 650mAh (Wiederaufladbar)<br \/>\nLadeanschluss: Typ C<br \/>\nWiderstand: 0,6\u03a9<br \/>\nGeschmacksrichtungen: 24 Geschmacksrichtungen<\/p>\n<h2><strong>Beste beliebte Geschmacksrichtung f\u00fcr Vapme Shisha 15000 Z\u00fcge?<\/strong><\/h2>\n<p>Vapme Shisha Hookah 15000 Z\u00fcge bietet insgesamt 24 verf\u00fcgbare Geschmacksrichtungen zur Auswahl, f\u00fcr jeden Geschmack ist etwas dabei.<\/p>\n<p>1. Blaubeere auf Eis<br \/>\n2.Kiwi-Passionsfrucht-Guave<br \/>\n3.Blaue Himbeer-Limonade<br \/>\n4.Erdbeer-Kiwi<br \/>\n5.Gemischte Beeren<br \/>\n6.Erdbeer-Wassermelone<br \/>\n7. Traube Eis<br \/>\n8.Wassermelone Eis<br \/>\n9.Pfirsich Mango Ananas<br \/>\n10.Erdbeereis<br \/>\n11. Pfirsich-Eis<br \/>\n12. Mango Banane<br \/>\n13.Kirschbeere<br \/>\n14.Blaubeere Himbeere<br \/>\n15.Love 66<br \/>\n16.Wassermelone Bull<br \/>\n17.Erdbeere Traube<br \/>\n18.Erdbeer-Himbeer-Bonbon<br \/>\n19.Mamba<br \/>\n20.Wassermelone Kirsche<br \/>\n21.Gefrorener Apfel<br \/>\n22.Zitrone Minze<br \/>\n23.Schwarze Johannisbeere Eis<br \/>\n24.Ananas-Shake<\/p>\n<h2><\/h2>\n<h2><strong>Fragen, die Sie \u00fcber Vapme Shisha Hookah 15000 wissen k\u00f6nnten<\/strong><\/h2>\n<p>&nbsp;<\/p>\n<h3>F 1. Wie viele Z\u00fcge kann ich vom Vapme Shisha Hookah 15000 Puff erwarten?<\/h3>\n<p>A. Der Vapme Shisha Hookah 15000 bietet beeindruckende 15.000 Z\u00fcge (in einer Testumgebung), f\u00fcr l\u00e4ngeren Gebrauch und anhaltende Zufriedenheit.<\/p>\n<h3>F 2. Wie lange h\u00e4lt der authentische Vapme Shisha Hookah 15000 Vape?<\/h3>\n<p>A: Der\u00a0 authentische Vapme Shisha Hookah 15000<span style=\"font-size: 16px\">\u00a0<\/span>verf\u00fcgt \u00fcber einen eingebauten Akku mit einer Kapazit\u00e4t von 850 mAh, der eine l\u00e4ngere Nutzung mit einer einzigen Ladung erm\u00f6glicht. Die genaue Akkulaufzeit h\u00e4ngt jedoch von den individuellen Nutzungsmustern ab.<\/p>\n<h3>F 3. Ist der Vapme Shisha Hookah 15000 Original wiederaufladbar?<\/h3>\n<p><span style=\"font-size: 16px\">A: Ja, der Vapme Shisha Hookah 15000 Original wird mit einer wiederaufladbaren 650 mAh Batterie geliefert, die wiederaufladbar ist. Sie k\u00f6nnen ihn bis zum letzten Tropfen genie\u00dfen.<\/span><\/p>\n<h3>F 4. Wo kann ich den Gro\u00dfhandelspreis f\u00fcr Vapme Shisha Hookah 15000 wiederaufladbare Einweg-Vape erhalten?<\/h3>\n<p>A: Der Vapme Shisha Hookah 15000<span style=\"font-size: 16px\">\u00a0<\/span>ist \u00fcber autorisierte H\u00e4ndler erh\u00e4ltlich. F\u00fcr Gro\u00dfhandelsanfragen k\u00f6nnen H\u00e4ndler <a href=\"https:\/\/wa.me\/8617776015835\" target=\"_blank\" rel=\"noopener\">Kontaktieren Sie uns<\/a> direkt kontaktieren. Einzelhandelskunden finden das Produkt bei ausgew\u00e4hlten H\u00e4ndlern oder Online-Shops.<\/p>\n<p>&nbsp;<\/p>\n<p>Finden Sie weitere Vape-Produkte, die Ihnen gefallen k\u00f6nnten:<em><a href=\"https:\/\/rmvapesale.com\/de\/shop-2\/\">Jetzt einkaufen\u00a0<\/a><\/em><\/p>\n<p>&nbsp;<\/p>\n<p>andere hei\u00dfe Verkaufs-Vapes, die Ihnen gefallen k\u00f6nnten:<\/p>\n<p><a href=\"https:\/\/rmvapesale.com\/de\/product\/randm-vape-al-fakher-10000-puffs-vape-wholesale\/\">randm vape AI FAKHER 15k vape<\/a><\/p>\n<p><a href=\"https:\/\/rmvapesale.com\/de\/product\/original-randm-tornado-9000-puffs-disposable-vape-factory-price\/\">RandM Tornado 9000<\/a><\/p>\n<p><a href=\"https:\/\/rmvapesale.com\/de\/product\/vapme-crystal-7000-puffs-rechargeable-disposable-vape-price\/\">Vapme Crystal 7000 Z\u00fcge<\/a><\/p>","protected":false},"excerpt":{"rendered":"<p>Vapme Shisha Hookah 15000 Z\u00fcge Wiederaufladbarer Einweg-Vape Gro\u00dfhandelspreis<\/p>\n<p>PUFF 15000 VAPME SHISHA HOOKAH Beste Geschmacksrichtung auf Lager<\/p>\n<p>Vapme Shisha Hookah 15k Z\u00fcge 0% 2% Nikotin<\/p>\n<p><strong>Kontaktieren Sie Amy f\u00fcr mehr Rabatt und niedrigere Mindestbestellmenge<\/strong><\/p>\n<p><img loading=\"lazy\" decoding=\"async\" class=\"size-medium wp-image-1814\" src=\"https:\/\/rmvapesale.com\/wp-content\/uploads\/2024\/04\/whatsapp-amy-229x300.jpg\" alt=\"WhatsApp Amy\" width=\"229\" height=\"300\" srcset=\"https:\/\/rmvapesale.com\/wp-content\/uploads\/2024\/04\/whatsapp-amy-229x300.jpg 229w, https:\/\/rmvapesale.com\/wp-content\/uploads\/2024\/04\/whatsapp-amy-783x1024.jpg 783w, https:\/\/rmvapesale.com\/wp-content\/uploads\/2024\/04\/whatsapp-amy-768x1005.jpg 768w, https:\/\/rmvapesale.com\/wp-content\/uploads\/2024\/04\/whatsapp-amy-600x785.jpg 600w, https:\/\/rmvapesale.com\/wp-content\/uploads\/2024\/04\/whatsapp-amy.jpg 990w\" sizes=\"auto, (max-width: 229px) 100vw, 229px\" \/><\/p>\n<h3><span style=\"color: #ff0000\"><strong>WhatsApp: +86 17776015835<\/strong><\/span><\/h3>","protected":false},"featured_media":2000,"comment_status":"open","ping_status":"closed","template":"","meta":{"_uag_custom_page_level_css":"","_lmt_disableupdate":"no","_lmt_disable":"","site-sidebar-layout":"default","site-content-layout":"content-boxed-container","ast-site-content-layout":"normal-width-container","site-content-style":"boxed","site-sidebar-style":"unboxed","ast-global-header-display":"","ast-banner-title-visibility":"","ast-main-header-display":"","ast-hfb-above-header-display":"","ast-hfb-below-header-display":"","ast-hfb-mobile-header-display":"","site-post-title":"","ast-breadcrumbs-content":"","ast-featured-img":"","footer-sml-layout":"","theme-transparent-header-meta":"default","adv-header-id-meta":"","stick-header-meta":"","header-above-stick-meta":"","header-main-stick-meta":"","header-below-stick-meta":"","astra-migrate-meta-layouts":"set","ast-page-background-enabled":"default","ast-page-background-meta":{"desktop":{"background-color":"var(--ast-global-color-4)","background-image":"","background-repeat":"repeat","background-position":"center center","background-size":"auto","background-attachment":"scroll","background-type":"","background-media":"","overlay-type":"","overlay-color":"","overlay-opacity":"","overlay-gradient":""},"tablet":{"background-color":"","background-image":"","background-repeat":"repeat","background-position":"center center","background-size":"auto","background-attachment":"scroll","background-type":"","background-media":"","overlay-type":"","overlay-color":"","overlay-opacity":"","overlay-gradient":""},"mobile":{"background-color":"","background-image":"","background-repeat":"repeat","background-position":"center center","background-size":"auto","background-attachment":"scroll","background-type":"","background-media":"","overlay-type":"","overlay-color":"","overlay-opacity":"","overlay-gradient":""}},"ast-content-background-meta":{"desktop":{"background-color":"var(--ast-global-color-5)","background-image":"","background-repeat":"repeat","background-position":"center center","background-size":"auto","background-attachment":"scroll","background-type":"","background-media":"","overlay-type":"","overlay-color":"","overlay-opacity":"","overlay-gradient":""},"tablet":{"background-color":"var(--ast-global-color-5)","background-image":"","background-repeat":"repeat","background-position":"center center","background-size":"auto","background-attachment":"scroll","background-type":"","background-media":"","overlay-type":"","overlay-color":"","overlay-opacity":"","overlay-gradient":""},"mobile":{"background-color":"var(--ast-global-color-5)","background-image":"","background-repeat":"repeat","background-position":"center center","background-size":"auto","background-attachment":"scroll","background-type":"","background-media":"","overlay-type":"","overlay-color":"","overlay-opacity":"","overlay-gradient":""}},"_joinchat":[]},"product_brand":[],"product_cat":[25,292,293,296,299,281,123,26,28,135,27,61,137,136,15,30],"product_tag":[56,57,40,41,62,54,53,37],"class_list":{"0":"post-1995","1":"product","2":"type-product","3":"status-publish","4":"has-post-thumbnail","6":"product_cat-germany-best-selling-vape","7":"product_cat-digital-disposable-vapes","8":"product_cat-low-nicotine-disposable-vapes","9":"product_cat-shisha-hookah-disposable-vapes","10":"product_cat-smart-screen-disposable-vapes","11":"product_cat-vapme-vape","12":"product_cat-italy-wholesale-vape","13":"product_cat-netherlands-hot-sale-vape","14":"product_cat-poland-hot-sale-vape","15":"product_cat-spain-best-hot-sale-vape","16":"product_cat-fance-hot-sale-vape","17":"product_cat-15000-puffs-disposable-vapes","18":"product_cat-rechargeable-vapes","19":"product_cat-smart-screen-vapes","20":"product_cat-new-vape-this-week","21":"product_cat-minimum-order-quantity-50pcs","22":"product_tag-disposable-vape-wholesale-near-me","23":"product_tag-disposable-vape-wholesale-supplier","24":"product_tag-hot-sale-vape","25":"product_tag-original-factory-vape","26":"product_tag-puff-15000","27":"product_tag-rechargeable-disposable-vape","28":"product_tag-vapme-vape","29":"product_tag-wholesale-vape-price","30":"desktop-align-left","31":"tablet-align-left","32":"mobile-align-left","34":"first","35":"instock","36":"sale","37":"shipping-taxable","38":"purchasable","39":"product-type-simple"},"uagb_featured_image_src":{"full":["https:\/\/rmvapesale.com\/wp-content\/uploads\/2024\/09\/Vapme-Shisha-Hookah-15000.jpg",788,788,false],"thumbnail":["https:\/\/rmvapesale.com\/wp-content\/uploads\/2024\/09\/Vapme-Shisha-Hookah-15000-150x150.jpg",150,150,true],"medium":["https:\/\/rmvapesale.com\/wp-content\/uploads\/2024\/09\/Vapme-Shisha-Hookah-15000-300x300.jpg",300,300,true],"medium_large":["https:\/\/rmvapesale.com\/wp-content\/uploads\/2024\/09\/Vapme-Shisha-Hookah-15000-768x768.jpg",768,768,true],"large":["https:\/\/rmvapesale.com\/wp-content\/uploads\/2024\/09\/Vapme-Shisha-Hookah-15000.jpg",788,788,false],"1536x1536":["https:\/\/rmvapesale.com\/wp-content\/uploads\/2024\/09\/Vapme-Shisha-Hookah-15000.jpg",788,788,false],"2048x2048":["https:\/\/rmvapesale.com\/wp-content\/uploads\/2024\/09\/Vapme-Shisha-Hookah-15000.jpg",788,788,false],"trp-custom-language-flag":["https:\/\/rmvapesale.com\/wp-content\/uploads\/2024\/09\/Vapme-Shisha-Hookah-15000.jpg",12,12,false],"woocommerce_thumbnail":["https:\/\/rmvapesale.com\/wp-content\/uploads\/2024\/09\/Vapme-Shisha-Hookah-15000-300x300.jpg",300,300,true],"woocommerce_single":["https:\/\/rmvapesale.com\/wp-content\/uploads\/2024\/09\/Vapme-Shisha-Hookah-15000-600x600.jpg",600,600,true],"woocommerce_gallery_thumbnail":["https:\/\/rmvapesale.com\/wp-content\/uploads\/2024\/09\/Vapme-Shisha-Hookah-15000-100x100.jpg",100,100,true],"wcpr-photo-reviews":["https:\/\/rmvapesale.com\/wp-content\/uploads\/2024\/09\/Vapme-Shisha-Hookah-15000.jpg",500,500,false]},"uagb_author_info":{"display_name":"AMY","author_link":"https:\/\/rmvapesale.com\/de\/author\/"},"uagb_comment_info":0,"uagb_excerpt":"Vapme Shisha Hookah 15000 Puffs Rechargeable Disposable Vape Bulk Buy Price PUFF 15000 VAPME SHISHA HOOKAH Best Flavor in Stock Vapme Shisha Hookah 15k Puffs 0% 2% Nicotine Contact Amy For More Discount And Lower MOQ Vape WhatsApp: +86 17776015835","_links":{"self":[{"href":"https:\/\/rmvapesale.com\/de\/wp-json\/wp\/v2\/product\/1995","targetHints":{"allow":["GET"]}}],"collection":[{"href":"https:\/\/rmvapesale.com\/de\/wp-json\/wp\/v2\/product"}],"about":[{"href":"https:\/\/rmvapesale.com\/de\/wp-json\/wp\/v2\/types\/product"}],"replies":[{"embeddable":true,"href":"https:\/\/rmvapesale.com\/de\/wp-json\/wp\/v2\/comments?post=1995"}],"wp:featuredmedia":[{"embeddable":true,"href":"https:\/\/rmvapesale.com\/de\/wp-json\/wp\/v2\/media\/2000"}],"wp:attachment":[{"href":"https:\/\/rmvapesale.com\/de\/wp-json\/wp\/v2\/media?parent=1995"}],"wp:term":[{"taxonomy":"product_brand","embeddable":true,"href":"https:\/\/rmvapesale.com\/de\/wp-json\/wp\/v2\/product_brand?post=1995"},{"taxonomy":"product_cat","embeddable":true,"href":"https:\/\/rmvapesale.com\/de\/wp-json\/wp\/v2\/product_cat?post=1995"},{"taxonomy":"product_tag","embeddable":true,"href":"https:\/\/rmvapesale.com\/de\/wp-json\/wp\/v2\/product_tag?post=1995"}],"curies":[{"name":"wp","href":"https:\/\/api.w.org\/{rel}","templated":true}]}}