{"id":2027,"date":"2024-09-18T08:38:31","date_gmt":"2024-09-18T08:38:31","guid":{"rendered":"https:\/\/rmvapesale.com\/?post_type=product&#038;p=2027"},"modified":"2025-01-20T03:57:17","modified_gmt":"2025-01-20T03:57:17","slug":"waspe-12000-puffs-disposable-vape-pen","status":"publish","type":"product","link":"https:\/\/rmvapesale.com\/de\/product\/waspe-12000-puffs-disposable-vape-pen\/","title":{"rendered":"Waspe 12000 Puffs Einweg-Vape-Stift"},"content":{"rendered":"<h1>Waspe 12000 Puffs Einweg-Vape-Stift<\/h1>\n<p>Wir stellen den WASPE 12000 Puffs Einweg-Vape vor \u2013 Ihr ultimativer Begleiter f\u00fcr ein geschmackvolles Dampferlebnis! Diese leichte, farbenfrohe E-Zigarette kombiniert Sicherheit und Leistung und verf\u00fcgt \u00fcber eine gro\u00dfz\u00fcgige Kapazit\u00e4t von 20 ml f\u00fcr bis zu 12.000 Z\u00fcge. Die automatische Zugfunktion wurde f\u00fcr Anf\u00e4nger entwickelt und gew\u00e4hrleistet eine einfache Handhabung, w\u00e4hrend die Mesh-Spulen einen au\u00dfergew\u00f6hnlichen MTL-Zug liefern. Und der praktische Typ-C-Ladeanschluss h\u00e4lt Sie mit Strom versorgt. Mit seinem auff\u00e4lligen RGB-Lichtdesign ist dieser tragbare Vape nicht nur ein Ger\u00e4t, sondern ein stilvolles Accessoire f\u00fcr jeden Anlass.<\/p>\n<p>Tauchen Sie ein in die Welt des Dampfens mit dem Waspe 12000 Puffs Einweg-Vape!<\/p>\n<p>&nbsp;<\/p>\n<p><strong>Kontaktieren Sie Amy, um die richtige Antwort und weitere Produktvideos zu erhalten!<\/strong><\/p>\n<p><img loading=\"lazy\" decoding=\"async\" class=\"size-full wp-image-1978\" src=\"https:\/\/rmvapesale.com\/wp-content\/uploads\/2024\/09\/Disposable-Vape-Wholesale.jpg\" alt=\"Einweg-Vape Gro\u00dfhandel\" width=\"229\" height=\"300\" \/><\/p>\n<h3><span style=\"color: #ff0000\"><strong>WhatsApp: +86 17776015835<\/strong><\/span><\/h3>\n<p>&nbsp;<\/p>\n<h2><strong> Waspe 12000 Puffs Hauptmerkmale<\/strong><\/h2>\n<p>&nbsp;<\/p>\n<p>Nikotin: 2% 5%<br \/>\nZ\u00fcge: 12000<br \/>\nKapazit\u00e4t: 20 ml<br \/>\n15 Geschmacksrichtungen verf\u00fcgbar<br \/>\nTyp-C-Anschluss, coole farbige Lichter an der Unterseite<br \/>\n650mAh wiederaufladbar<br \/>\nMesh Coil 0.8\u03a9<\/p>\n<figure id=\"attachment_2021\" aria-describedby=\"caption-attachment-2021\" style=\"width: 800px\" class=\"wp-caption alignnone\"><img loading=\"lazy\" decoding=\"async\" class=\"wp-image-2021 size-full\" src=\"https:\/\/rmvapesale.com\/wp-content\/uploads\/2024\/09\/WASPE-12000-Disposable-Vape.png\" alt=\"WASPE 12000 Einweg-Vape\" width=\"800\" height=\"800\" srcset=\"https:\/\/rmvapesale.com\/wp-content\/uploads\/2024\/09\/WASPE-12000-Disposable-Vape.png 800w, https:\/\/rmvapesale.com\/wp-content\/uploads\/2024\/09\/WASPE-12000-Disposable-Vape-300x300.png 300w, https:\/\/rmvapesale.com\/wp-content\/uploads\/2024\/09\/WASPE-12000-Disposable-Vape-150x150.png 150w, https:\/\/rmvapesale.com\/wp-content\/uploads\/2024\/09\/WASPE-12000-Disposable-Vape-768x768.png 768w, https:\/\/rmvapesale.com\/wp-content\/uploads\/2024\/09\/WASPE-12000-Disposable-Vape-600x600.png 600w, https:\/\/rmvapesale.com\/wp-content\/uploads\/2024\/09\/WASPE-12000-Disposable-Vape-100x100.png 100w\" sizes=\"auto, (max-width: 800px) 100vw, 800px\" \/><figcaption id=\"caption-attachment-2021\" class=\"wp-caption-text\">WASPE 12000 Einweg-Vape<\/figcaption><\/figure>\n<h2><strong>Top beste Geschmacksrichtungen f\u00fcr Waspe 12000 Puffs Vape<\/strong><\/h2>\n<p>Der Waspe 12000 Puffs Einweg-Vape-Stift bietet 15 fachm\u00e4nnisch kreierte Geschmacksrichtungen, die jeweils darauf ausgelegt sind, ein unverwechselbares und befriedigendes Dampferlebnis zu bieten. Es gibt etwas Bestes f\u00fcr Sie!<\/p>\n<p>1. Wassermeloneneis<span style=\"color: #ff0000\"><strong>&gt;&gt;&gt;&gt;Hei\u00df!<\/strong><\/span><br \/>\n2. Heidelbeere auf Eis<br \/>\n3. Mangoeis<br \/>\n4. Traubeneis<br \/>\n5. gemischte Beeren<span style=\"color: #ff0000\"><strong>&gt;&gt;&gt;&gt;Hei\u00df!<\/strong><\/span><br \/>\n6. Erdbeer-Wassermelone<br \/>\n7. Erdbeer-Mango<br \/>\n8. Erdbeer-Kimi<br \/>\n9. k\u00fchle Minze<span style=\"color: #ff0000\"><strong>&gt;&gt;&gt;&gt;Hei\u00df!<\/strong><\/span><br \/>\n10. Heidelbeere-Himbeere<br \/>\n11. Kiwi-Passionsfrucht-Guave<br \/>\n12. Kiwi-Limette<br \/>\n13. Saftiger Pfirsich-Ananas<br \/>\n14. Erdbeere-Himbeere-Kirsche <span style=\"color: #ff0000\"><strong>&gt;&gt;&gt;&gt;Am besten!<\/strong><\/span><br \/>\n15. Erdbeer-Pitaya-Limonade<\/p>\n<p>&nbsp;<\/p>\n<h2><strong>Fragen, die Sie vielleicht zu Waspe 12000 Puffs haben<\/strong><\/h2>\n<p>&nbsp;<\/p>\n<p><strong>1. Wie viele Z\u00fcge kann ich von der Waspe 12000 Puffs erwarten?<\/strong><\/p>\n<p>Die Waspe 12000 Puffs Vape bietet bis zu 12.000 Z\u00fcge und ist damit eine der langlebigsten Einweg-Vapes auf dem Markt.<\/p>\n<p><strong>2. Kann ich die Waspe 12000 Puffs aufladen?<\/strong><\/p>\n<p>Ja, die Waspe 12000 Puffs Einweg-Vape verf\u00fcgt \u00fcber einen wiederaufladbaren Akku. Sie k\u00f6nnen sie bequem mit einem USB-C-Kabel aufladen, um die Nutzung zu maximieren.<\/p>\n<p><strong>3. Wie lade ich die Waspe 12000 Puffs auf?<\/strong><br \/>\nUm Ihre WASPE 12000 Puffs aufzuladen, verbinden Sie einfach das Ladekabel mit dem Ger\u00e4t und stecken es in eine Stromquelle. F\u00fcr eine optimale Leistung stellen Sie sicher, dass das Ger\u00e4t vor der Verwendung vollst\u00e4ndig aufgeladen ist.<\/p>\n<p>&nbsp;<\/p>\n<h3><b>H\u00e4ufig gestellte Fragen<\/b><\/h3>\n<p>&nbsp;<\/p>\n<div class=\"flex-shrink-0 flex flex-col relative items-end\">\n<div>\n<div class=\"pt-0\">\n<div class=\"gizmo-bot-avatar flex h-8 w-8 items-center justify-center overflow-hidden rounded-full\">\n<div class=\"relative p-1 rounded-sm flex items-center justify-center bg-token-main-surface-primary text-token-text-primary h-8 w-8\"><strong>Welche Versandarten werden verwendet?<\/strong><\/div>\n<\/div>\n<\/div>\n<\/div>\n<\/div>\n<div class=\"group\/conversation-turn relative flex w-full min-w-0 flex-col agent-turn\">\n<div class=\"flex-col gap-1 md:gap-3\">\n<div class=\"flex max-w-full flex-col flex-grow\">\n<div class=\"min-h-[20px] text-message flex w-full flex-col items-end gap-2 whitespace-normal break-words [.text-message+&amp;]:mt-5 overflow-x-auto\" dir=\"auto\" data-message-author-role=\"assistant\" data-message-id=\"22f8283b-3233-46ff-89a5-c7a41b33abda\">\n<div class=\"flex w-full flex-col gap-1 empty:hidden first:pt-[3px]\">\n<div class=\"markdown prose w-full break-words dark:prose-invert light\">\n<p>Wir arbeiten mit UPS, DHL, FedEx, DPD und anderen f\u00fchrenden Transportunternehmen zusammen. Wir w\u00e4hlen die beste Versandmethode basierend auf Ihrem Lieferort aus, um sicherzustellen, dass Sie Ihre Produkte so schnell wie m\u00f6glich erhalten.<\/p>\n<\/div>\n<p><strong>Wie lange dauert die Lieferung?<\/strong><\/p>\n<p>Pakete, die nach Deutschland versandt werden, kommen normalerweise innerhalb von 10 Werktagen an. Der Versand in europ\u00e4ische L\u00e4nder dauert in der Regel etwa 12-15 Werktage. Wir werden Ihnen Echtzeit-Updates zu Ihrem Versandstatus bereitstellen.<\/p>\n<\/div>\n<p><strong>Garantie<\/strong><\/p>\n<p>Alle Produkte in unserem Shop sind zu 100 % original und authentisch. Wir bieten die 10-fache Entsch\u00e4digung f\u00fcr gef\u00e4lschte Waren!<\/p>\n<div class=\"flex w-full flex-col gap-1 empty:hidden first:pt-[3px]\">\n<p>&nbsp;<\/p>\n<\/div>\n<\/div>\n<\/div>\n<\/div>\n<\/div>\n<p>Finden Sie weitere Vape-Produkte, die Ihnen gefallen k\u00f6nnten:<strong><em><a href=\"https:\/\/rmvapesale.com\/de\/shop-2\/\">jetzt einkaufen &gt;&gt;&gt;<\/a><\/em><\/strong><\/p>\n<p>andere hei\u00dfe Verkaufs-Vapes, die Ihnen gefallen k\u00f6nnten:<\/p>\n<p><strong><a href=\"https:\/\/rmvapesale.com\/de\/product\/bang-digital-box-15000-puffs-original-factory-wholesale\/\">Bang Digital Box 15000 Z\u00fcge<\/a><\/strong><\/p>\n<p><a href=\"https:\/\/rmvapesale.com\/de\/product\/waspe-tornado-15000-puffs-original-factory-price\/\"><strong>Waspe Tornado 15000 Z\u00fcge<\/strong><\/a><\/p>\n<p><a href=\"https:\/\/rmvapesale.com\/de\/product\/randm-tornado-15000-puffs-vape-wholesale\/\"><strong>RandM Tornado 15000 Z\u00fcge<\/strong><\/a><\/p>\n<p><a href=\"https:\/\/rmvapesale.com\/de\/product\/waspe-digital-box-12000-puffs-wholesale-disposable-vape\/\"><strong>WASPE Digital Box 12000 Z\u00fcge<\/strong><\/a><\/p>\n<p>&nbsp;<\/p>","protected":false},"excerpt":{"rendered":"<p>WASPE 12000 Puffs Einweg-E-Zigaretten-Kit<br \/>\nWaspe 12000 12K Puffs Einweg-Vape MTL-Dampfen<br \/>\nWASPE 12000 Einweg-Vape zum g\u00fcnstigsten Preis<\/p>\n<p><strong>Kontaktieren Sie Amy f\u00fcr mehr Rabatt und niedrigere Mindestbestellmenge<\/strong><\/p>\n<p><img loading=\"lazy\" decoding=\"async\" class=\"size-full wp-image-1978\" src=\"https:\/\/rmvapesale.com\/wp-content\/uploads\/2024\/09\/Disposable-Vape-Wholesale.jpg\" alt=\"Einweg-Vape Gro\u00dfhandel\" width=\"229\" height=\"300\" \/><\/p>\n<h3><span style=\"color: #ff0000\"><strong>WhatsApp: +86 17776015835<\/strong><\/span><\/h3>","protected":false},"featured_media":2028,"comment_status":"open","ping_status":"closed","template":"","meta":{"_uag_custom_page_level_css":"","_lmt_disableupdate":"no","_lmt_disable":"","site-sidebar-layout":"default","site-content-layout":"content-boxed-container","ast-site-content-layout":"normal-width-container","site-content-style":"boxed","site-sidebar-style":"unboxed","ast-global-header-display":"","ast-banner-title-visibility":"","ast-main-header-display":"","ast-hfb-above-header-display":"","ast-hfb-below-header-display":"","ast-hfb-mobile-header-display":"","site-post-title":"","ast-breadcrumbs-content":"","ast-featured-img":"","footer-sml-layout":"","theme-transparent-header-meta":"default","adv-header-id-meta":"","stick-header-meta":"","header-above-stick-meta":"","header-main-stick-meta":"","header-below-stick-meta":"","astra-migrate-meta-layouts":"set","ast-page-background-enabled":"default","ast-page-background-meta":{"desktop":{"background-color":"var(--ast-global-color-4)","background-image":"","background-repeat":"repeat","background-position":"center center","background-size":"auto","background-attachment":"scroll","background-type":"","background-media":"","overlay-type":"","overlay-color":"","overlay-opacity":"","overlay-gradient":""},"tablet":{"background-color":"","background-image":"","background-repeat":"repeat","background-position":"center center","background-size":"auto","background-attachment":"scroll","background-type":"","background-media":"","overlay-type":"","overlay-color":"","overlay-opacity":"","overlay-gradient":""},"mobile":{"background-color":"","background-image":"","background-repeat":"repeat","background-position":"center center","background-size":"auto","background-attachment":"scroll","background-type":"","background-media":"","overlay-type":"","overlay-color":"","overlay-opacity":"","overlay-gradient":""}},"ast-content-background-meta":{"desktop":{"background-color":"var(--ast-global-color-5)","background-image":"","background-repeat":"repeat","background-position":"center center","background-size":"auto","background-attachment":"scroll","background-type":"","background-media":"","overlay-type":"","overlay-color":"","overlay-opacity":"","overlay-gradient":""},"tablet":{"background-color":"var(--ast-global-color-5)","background-image":"","background-repeat":"repeat","background-position":"center center","background-size":"auto","background-attachment":"scroll","background-type":"","background-media":"","overlay-type":"","overlay-color":"","overlay-opacity":"","overlay-gradient":""},"mobile":{"background-color":"var(--ast-global-color-5)","background-image":"","background-repeat":"repeat","background-position":"center center","background-size":"auto","background-attachment":"scroll","background-type":"","background-media":"","overlay-type":"","overlay-color":"","overlay-opacity":"","overlay-gradient":""}},"_joinchat":[]},"product_brand":[],"product_cat":[15,291,293,295,274,254,25,123,26,28,135,27,137,136,30],"product_tag":[45,57,58,37],"class_list":{"0":"post-2027","1":"product","2":"type-product","3":"status-publish","4":"has-post-thumbnail","6":"product_cat-new-vape-this-week","7":"product_cat-dual-mesh-disposable-vapes","8":"product_cat-low-nicotine-disposable-vapes","9":"product_cat-rechargeable-disposable-vapes","10":"product_cat-waspe-fihp-vape","11":"product_cat-12000-puff-disposable-vape","12":"product_cat-germany-best-selling-vape","13":"product_cat-italy-wholesale-vape","14":"product_cat-netherlands-hot-sale-vape","15":"product_cat-poland-hot-sale-vape","16":"product_cat-spain-best-hot-sale-vape","17":"product_cat-fance-hot-sale-vape","18":"product_cat-rechargeable-vapes","19":"product_cat-smart-screen-vapes","20":"product_cat-minimum-order-quantity-50pcs","21":"product_tag-12k-vape-puff-12000","22":"product_tag-disposable-vape-wholesale-supplier","23":"product_tag-electric-cigarettes","24":"product_tag-wholesale-vape-price","25":"desktop-align-left","26":"tablet-align-left","27":"mobile-align-left","29":"first","30":"instock","31":"sale","32":"shipping-taxable","33":"purchasable","34":"product-type-simple"},"uagb_featured_image_src":{"full":["https:\/\/rmvapesale.com\/wp-content\/uploads\/2024\/09\/WASPE-12000-PUFFS.jpg",800,800,false],"thumbnail":["https:\/\/rmvapesale.com\/wp-content\/uploads\/2024\/09\/WASPE-12000-PUFFS-150x150.jpg",150,150,true],"medium":["https:\/\/rmvapesale.com\/wp-content\/uploads\/2024\/09\/WASPE-12000-PUFFS-300x300.jpg",300,300,true],"medium_large":["https:\/\/rmvapesale.com\/wp-content\/uploads\/2024\/09\/WASPE-12000-PUFFS-768x768.jpg",768,768,true],"large":["https:\/\/rmvapesale.com\/wp-content\/uploads\/2024\/09\/WASPE-12000-PUFFS.jpg",800,800,false],"1536x1536":["https:\/\/rmvapesale.com\/wp-content\/uploads\/2024\/09\/WASPE-12000-PUFFS.jpg",800,800,false],"2048x2048":["https:\/\/rmvapesale.com\/wp-content\/uploads\/2024\/09\/WASPE-12000-PUFFS.jpg",800,800,false],"trp-custom-language-flag":["https:\/\/rmvapesale.com\/wp-content\/uploads\/2024\/09\/WASPE-12000-PUFFS.jpg",12,12,false],"woocommerce_thumbnail":["https:\/\/rmvapesale.com\/wp-content\/uploads\/2024\/09\/WASPE-12000-PUFFS-300x300.jpg",300,300,true],"woocommerce_single":["https:\/\/rmvapesale.com\/wp-content\/uploads\/2024\/09\/WASPE-12000-PUFFS-600x600.jpg",600,600,true],"woocommerce_gallery_thumbnail":["https:\/\/rmvapesale.com\/wp-content\/uploads\/2024\/09\/WASPE-12000-PUFFS-100x100.jpg",100,100,true],"wcpr-photo-reviews":["https:\/\/rmvapesale.com\/wp-content\/uploads\/2024\/09\/WASPE-12000-PUFFS.jpg",500,500,false]},"uagb_author_info":{"display_name":"AMY","author_link":"https:\/\/rmvapesale.com\/de\/author\/"},"uagb_comment_info":0,"uagb_excerpt":"WASPE 12000 Puffs Disposable Electronic Cigarette Kit Waspe 12000 12K Puffs Disposable Vape MTL Vaping WASPE 12000 Disposable Vape Cheapest Price Contact Amy For More Discount And Lower MOQ Vape WhatsApp: +86 17776015835","_links":{"self":[{"href":"https:\/\/rmvapesale.com\/de\/wp-json\/wp\/v2\/product\/2027","targetHints":{"allow":["GET"]}}],"collection":[{"href":"https:\/\/rmvapesale.com\/de\/wp-json\/wp\/v2\/product"}],"about":[{"href":"https:\/\/rmvapesale.com\/de\/wp-json\/wp\/v2\/types\/product"}],"replies":[{"embeddable":true,"href":"https:\/\/rmvapesale.com\/de\/wp-json\/wp\/v2\/comments?post=2027"}],"wp:featuredmedia":[{"embeddable":true,"href":"https:\/\/rmvapesale.com\/de\/wp-json\/wp\/v2\/media\/2028"}],"wp:attachment":[{"href":"https:\/\/rmvapesale.com\/de\/wp-json\/wp\/v2\/media?parent=2027"}],"wp:term":[{"taxonomy":"product_brand","embeddable":true,"href":"https:\/\/rmvapesale.com\/de\/wp-json\/wp\/v2\/product_brand?post=2027"},{"taxonomy":"product_cat","embeddable":true,"href":"https:\/\/rmvapesale.com\/de\/wp-json\/wp\/v2\/product_cat?post=2027"},{"taxonomy":"product_tag","embeddable":true,"href":"https:\/\/rmvapesale.com\/de\/wp-json\/wp\/v2\/product_tag?post=2027"}],"curies":[{"name":"wp","href":"https:\/\/api.w.org\/{rel}","templated":true}]}}