{"id":2037,"date":"2024-09-19T03:28:36","date_gmt":"2024-09-19T03:28:36","guid":{"rendered":"https:\/\/rmvapesale.com\/?post_type=product&#038;p=2037"},"modified":"2025-08-21T11:56:24","modified_gmt":"2025-08-21T11:56:24","slug":"wga-crystal-pro-max-extra-15k-puffs-disposable-vape-wholesale","status":"publish","type":"product","link":"https:\/\/rmvapesale.com\/de\/product\/wga-crystal-pro-max-extra-15k-puffs-disposable-vape-wholesale\/","title":{"rendered":"WGA Crystal Pro Max Extra 15k Z\u00fcge Einweg-Vape Gro\u00dfhandel"},"content":{"rendered":"<h1><strong>WGA Crystal Pro Max Extra 15k Z\u00fcge Einweg-Vape Gro\u00dfhandel<\/strong><\/h1>\n<p data-start=\"119\" data-end=\"507\">Der <strong data-start=\"123\" data-end=\"188\">WGA Crystal Pro Max Extra 15k Z\u00fcge Einweg-Vape Gro\u00dfhandel<\/strong> ist auf den europ\u00e4ischen Markt zugeschnitten, besonders bei jungen M\u00e4nnern im Alter von 25\u201335 Jahren in den Niederlanden und Deutschland beliebt. F\u00fcr langlebigen Gebrauch konzipiert, die <strong data-start=\"336\" data-end=\"368\">Crystal Pro Max 15.000 Z\u00fcge<\/strong> kombiniert ein solides Design mit zuverl\u00e4ssiger Leistung und bietet Kunden eine konsistente Dampferfahrung ohne Nachf\u00fcll- oder Ladebedarf.<\/p>\n<p data-start=\"509\" data-end=\"817\">Mit bis zu <strong data-start=\"520\" data-end=\"549\">15k Z\u00fcge Einweg-Vape<\/strong> Kapazit\u00e4t eignet es sich f\u00fcr den Lebensstil urbaner Nutzer, die Ausdauer und Praktikabilit\u00e4t sch\u00e4tzen. H\u00e4ndler in Europa profitieren davon, ein Ger\u00e4t zu f\u00fchren, das der aktuellen Marktnachfrage entspricht: starker Geschmack, langlebige Batterie und ein elegantes Design, das j\u00fcngere Verbraucher anspricht.<\/p>\n<p data-start=\"819\" data-end=\"1076\">F\u00fcr Gro\u00dfhandelsk\u00e4ufer bietet der WGA Crystal Pro Max Extra attraktive Margen und stetiges Verkaufspotenzial in ganz Europa. Kompakte Verpackung, einfache Logistik und Markenbekanntheit machen es zu einer klugen Erg\u00e4nzung f\u00fcr jede Produktpalette, die auf die Jugend abzielt.<\/p>\n<p><strong>Kontaktieren Sie Amy, um die richtige Antwort und weitere Produktvideos zu erhalten!<\/strong><\/p>\n<p><img loading=\"lazy\" decoding=\"async\" class=\"size-full wp-image-1978\" src=\"https:\/\/rmvapesale.com\/wp-content\/uploads\/2024\/09\/Disposable-Vape-Wholesale.jpg\" alt=\"Einweg-Vape Gro\u00dfhandel\" width=\"229\" height=\"300\" \/><\/p>\n<h3><span style=\"color: #ff0000;\"><strong>WhatsApp: +86 17776015835<\/strong><\/span><\/h3>\n<p>&nbsp;<\/p>\n<h2 class=\"LC20lb MBeuO DKV0Md\"><strong>WGA Crystal Pro Max 15000<\/strong><\/h2>\n<h2><strong> Hauptmerkmale<\/strong><\/h2>\n<p>Nikotin: 2% 5%<br \/>\nZ\u00fcge: 12000<br \/>\nKapazit\u00e4t: 20 ml<br \/>\n15 Geschmacksrichtungen verf\u00fcgbar<br \/>\nTyp-C-Anschluss, coole farbige Lichter an der Unterseite<br \/>\n650mAh wiederaufladbar<br \/>\nMesh Coil 0.8\u03a9<\/p>\n<p>&nbsp;<\/p>\n<p><img loading=\"lazy\" decoding=\"async\" class=\"wp-image-2040 size-full\" src=\"https:\/\/rmvapesale.com\/wp-content\/uploads\/2024\/09\/WGA-Crystal-Pro-Max-15k-Wholesale.png\" alt=\"WGA Crystal Pro Max 15k Gro\u00dfhandel\" width=\"666\" height=\"666\" srcset=\"https:\/\/rmvapesale.com\/wp-content\/uploads\/2024\/09\/WGA-Crystal-Pro-Max-15k-Wholesale.png 666w, https:\/\/rmvapesale.com\/wp-content\/uploads\/2024\/09\/WGA-Crystal-Pro-Max-15k-Wholesale-300x300.png 300w, https:\/\/rmvapesale.com\/wp-content\/uploads\/2024\/09\/WGA-Crystal-Pro-Max-15k-Wholesale-150x150.png 150w, https:\/\/rmvapesale.com\/wp-content\/uploads\/2024\/09\/WGA-Crystal-Pro-Max-15k-Wholesale-600x600.png 600w, https:\/\/rmvapesale.com\/wp-content\/uploads\/2024\/09\/WGA-Crystal-Pro-Max-15k-Wholesale-100x100.png 100w\" sizes=\"auto, (max-width: 666px) 100vw, 666px\" \/><\/p>\n<h2><\/h2>\n<p>&nbsp;<\/p>\n<h2><strong>Top-Geschmack f\u00fcr WGA Crystal Pro Max Extra 15K Puffs<\/strong><\/h2>\n<p>&nbsp;<\/p>\n<p>Der WGA Crystal Pro Max Extra 15K Puffs Einweg-Vape-Stift bietet 15 fachm\u00e4nnisch kreierte Geschmacksrichtungen, von denen jede darauf ausgelegt ist, ein unverwechselbares und befriedigendes Dampferlebnis zu bieten \u2013 es ist etwas Bestes f\u00fcr Sie dabei!<\/p>\n<p>1. Wassermelone Eis<br \/>\n2. Blaubeere Himbeere<span style=\"color: #ff0000;\"><strong>&gt;&gt;&gt;&gt;Hei\u00df!<\/strong><\/span><br \/>\n3. prickelnde Kirsche<br \/>\n4. Gummib\u00e4rchen<br \/>\n5. Zitrone Limette<br \/>\n6. Erdbeere Eis<br \/>\n7. Blaubeere saure Himbeere<span style=\"color: #ff0000;\"><strong>&gt;&gt;&gt;&gt;Hei\u00df!<\/strong><\/span><br \/>\n8. Blaue Himbeere Eis<br \/>\n9.mr blue<span style=\"color: #ff0000;\"><strong>&gt;&gt;&gt;&gt;Am besten!<\/strong><\/span><br \/>\n10.skittles<br \/>\n11.blaubeere kirsche cranberry<br \/>\n12.saftiger pfirsich<br \/>\n13.erdbeere himbeere kirsche eis<br \/>\n14.hubba bubba<br \/>\n15.brombeere blaubeere himbeere<br \/>\n16.erdbeereis am stiel<br \/>\n17.blaubeereis am stiel<br \/>\n18.prime erdbeere wassermelone<br \/>\n19.erdbeere kirsche kaugummi<br \/>\n20.himbeere kirsche eis<br \/>\n21.ananas eis<span style=\"color: #ff0000;\"><strong>&gt;&gt;&gt;&gt;Hei\u00df!<\/strong><\/span><br \/>\n22.sommertraum<br \/>\n23.wga pink<br \/>\n24.frische minze<br \/>\n25.doppelapfel<br \/>\n26.dreifach mango<br \/>\n27.schwarzer drachen eis<br \/>\n28.cola eis<br \/>\n29. Ananas Zitrone<br \/>\n30. Mr Black<span style=\"color: #ff0000;\"><strong>&gt;&gt;&gt;&gt;Hei\u00df!<\/strong><\/span><br \/>\n31. Kiwi Passionsfrucht Guave<\/p>\n<p>&nbsp;<\/p>\n<h2><strong>H\u00e4ufig gestellte Fragen zu WGA Crystal Pro Max 15000 Puffs\u00a0<\/strong><\/h2>\n<p>&nbsp;<\/p>\n<p><strong>1. Wie viele Z\u00fcge bietet die Crystal Pro Max 15k?<\/strong><br \/>\nSie bietet ungef\u00e4hr 15.000 Z\u00fcge.<\/p>\n<p><strong>2. Ist die Crystal Pro Max 15k in Deutschland legal?<\/strong><br \/>\nJa, die Crystal Pro Max 15k ist in Deutschland legal.<\/p>\n<p><strong>3. Wie lange h\u00e4lt die Crystal Pro Max 15k?<\/strong><br \/>\nIhre Lebensdauer variiert je nach Nutzungsgewohnheiten, aber mit einer Kapazit\u00e4t von 15.000 Z\u00fcgen und einem wiederaufladbaren 650-mAh-Akku sorgt sie f\u00fcr l\u00e4ngere Dampfsitzungen.<\/p>\n<p><strong>4. Kann der WGA Crystal Pro Max wieder aufgeladen werden?<\/strong><br \/>\nJa, der Crystal Pro Max 15k ist wiederaufladbar und verf\u00fcgt \u00fcber einen Typ-C-Ladeanschluss zum einfachen Aufladen.<\/p>\n<p>&nbsp;<\/p>\n<h3><b>H\u00e4ufig gestellte Fragen<\/b><\/h3>\n<p>&nbsp;<\/p>\n<div class=\"flex-shrink-0 flex flex-col relative items-end\">\n<div>\n<div class=\"pt-0\">\n<div class=\"gizmo-bot-avatar flex h-8 w-8 items-center justify-center overflow-hidden rounded-full\">\n<div class=\"relative p-1 rounded-sm flex items-center justify-center bg-token-main-surface-primary text-token-text-primary h-8 w-8\"><strong>Welche Versandarten werden verwendet?<\/strong><\/div>\n<\/div>\n<\/div>\n<\/div>\n<\/div>\n<div class=\"group\/conversation-turn relative flex w-full min-w-0 flex-col agent-turn\">\n<div class=\"flex-col gap-1 md:gap-3\">\n<div class=\"flex max-w-full flex-col flex-grow\">\n<div class=\"min-h-[20px] text-message flex w-full flex-col items-end gap-2 whitespace-normal break-words [.text-message+&amp;]:mt-5 overflow-x-auto\" dir=\"auto\" data-message-author-role=\"assistant\" data-message-id=\"22f8283b-3233-46ff-89a5-c7a41b33abda\">\n<div class=\"flex w-full flex-col gap-1 empty:hidden first:pt-[3px]\">\n<div class=\"markdown prose w-full break-words dark:prose-invert light\">\n<p>Wir arbeiten mit UPS, DHL, FedEx, DPD und anderen f\u00fchrenden Transportunternehmen zusammen. Wir w\u00e4hlen die beste Versandmethode basierend auf Ihrem Lieferort aus, um sicherzustellen, dass Sie Ihre Produkte so schnell wie m\u00f6glich erhalten.<\/p>\n<\/div>\n<p><strong>Wie lange dauert die Lieferung?<\/strong><\/p>\n<p>Pakete, die nach Deutschland versandt werden, kommen normalerweise innerhalb von 10 Werktagen an. Der Versand in europ\u00e4ische L\u00e4nder dauert in der Regel etwa 12-15 Werktage. Wir werden Ihnen Echtzeit-Updates zu Ihrem Versandstatus bereitstellen.<\/p>\n<\/div>\n<p><strong>Garantie<\/strong><\/p>\n<p><span style=\"color: #ff0000;\"><strong>Alle Produkte in unserem Shop sind zu 100 % original und authentisch. Wir bieten die 10-fache Entsch\u00e4digung f\u00fcr gef\u00e4lschte Waren!<\/strong><\/span><\/p>\n<div class=\"flex w-full flex-col gap-1 empty:hidden first:pt-[3px]\">\n<p>&nbsp;<\/p>\n<\/div>\n<\/div>\n<\/div>\n<\/div>\n<\/div>\n<p>&nbsp;<\/p>\n<p>Andere beliebte Vapes, die Ihnen gefallen k\u00f6nnten:<\/p>\n<p><strong><a href=\"https:\/\/rmvapesale.com\/de\/product\/wga-crystal-plus-20000-puff-dual-flavour-disposable-vape\/\">WGA Crystal Plus 20000<\/a><\/strong><\/p>\n<p><a href=\"https:\/\/rmvapesale.com\/de\/product\/waspe-tornado-15000-puffs-original-factory-price\/\"><strong>Waspe Tornado 15000 Z\u00fcge<\/strong><\/a><\/p>\n<p><a href=\"https:\/\/rmvapesale.com\/de\/product\/waspe-digital-box-12000-puffs-wholesale-disposable-vape\/\"><strong>WASPE Digital Box 12000 Z\u00fcge<\/strong><\/a><\/p>\n<p>&nbsp;<\/p>\n<p>&nbsp;<\/p>\n<p>Finden Sie weitere Vape-Produkte, die Ihnen gefallen k\u00f6nnten:<strong><em><a href=\"https:\/\/rmvapesale.com\/de\/shop-2\/\">jetzt einkaufen &gt;&gt;&gt;<\/a><\/em><\/strong><\/p>","protected":false},"excerpt":{"rendered":"<p>WGA Crystal Pro Max Extra 15k Puffs Einweg-Vape<br \/>\nWGA Crystal Pro Max Extra 15000 Einweg-Vape Gro\u00dfhandel<br \/>\nWGA Crystal Pro Max 15K Puffs Einweg-Vape Pod-Kit<\/p>\n<p><strong>Kontaktieren Sie Amy f\u00fcr mehr Rabatt und niedrigere Mindestbestellmenge<\/strong><\/p>\n<p><img loading=\"lazy\" decoding=\"async\" class=\"size-full wp-image-1978\" src=\"https:\/\/rmvapesale.com\/wp-content\/uploads\/2024\/09\/Disposable-Vape-Wholesale.jpg\" alt=\"Einweg-Vape Gro\u00dfhandel\" width=\"229\" height=\"300\" \/><\/p>\n<h3><span style=\"color: #ff0000;\"><strong>WhatsApp: +86 17776015835<\/strong><\/span><\/h3>","protected":false},"featured_media":2042,"comment_status":"open","ping_status":"closed","template":"","meta":{"_uag_custom_page_level_css":"","_lmt_disableupdate":"no","_lmt_disable":"","site-sidebar-layout":"default","site-content-layout":"content-boxed-container","ast-site-content-layout":"normal-width-container","site-content-style":"boxed","site-sidebar-style":"unboxed","ast-global-header-display":"","ast-banner-title-visibility":"","ast-main-header-display":"","ast-hfb-above-header-display":"","ast-hfb-below-header-display":"","ast-hfb-mobile-header-display":"","site-post-title":"","ast-breadcrumbs-content":"","ast-featured-img":"","footer-sml-layout":"","theme-transparent-header-meta":"default","adv-header-id-meta":"","stick-header-meta":"","header-above-stick-meta":"","header-main-stick-meta":"","header-below-stick-meta":"","astra-migrate-meta-layouts":"set","ast-page-background-enabled":"default","ast-page-background-meta":{"desktop":{"background-color":"var(--ast-global-color-4)","background-image":"","background-repeat":"repeat","background-position":"center center","background-size":"auto","background-attachment":"scroll","background-type":"","background-media":"","overlay-type":"","overlay-color":"","overlay-opacity":"","overlay-gradient":""},"tablet":{"background-color":"","background-image":"","background-repeat":"repeat","background-position":"center center","background-size":"auto","background-attachment":"scroll","background-type":"","background-media":"","overlay-type":"","overlay-color":"","overlay-opacity":"","overlay-gradient":""},"mobile":{"background-color":"","background-image":"","background-repeat":"repeat","background-position":"center center","background-size":"auto","background-attachment":"scroll","background-type":"","background-media":"","overlay-type":"","overlay-color":"","overlay-opacity":"","overlay-gradient":""}},"ast-content-background-meta":{"desktop":{"background-color":"var(--ast-global-color-5)","background-image":"","background-repeat":"repeat","background-position":"center center","background-size":"auto","background-attachment":"scroll","background-type":"","background-media":"","overlay-type":"","overlay-color":"","overlay-opacity":"","overlay-gradient":""},"tablet":{"background-color":"var(--ast-global-color-5)","background-image":"","background-repeat":"repeat","background-position":"center center","background-size":"auto","background-attachment":"scroll","background-type":"","background-media":"","overlay-type":"","overlay-color":"","overlay-opacity":"","overlay-gradient":""},"mobile":{"background-color":"var(--ast-global-color-5)","background-image":"","background-repeat":"repeat","background-position":"center center","background-size":"auto","background-attachment":"scroll","background-type":"","background-media":"","overlay-type":"","overlay-color":"","overlay-opacity":"","overlay-gradient":""}},"_joinchat":[]},"product_brand":[],"product_cat":[15,290,292,293,295,299,283,25,123,26,28,135,27,61,30],"product_tag":[67,57,58,70,68,69],"class_list":{"0":"post-2037","1":"product","2":"type-product","3":"status-publish","4":"has-post-thumbnail","6":"product_cat-new-vape-this-week","7":"product_cat-crystal-disposable-vapes","8":"product_cat-digital-disposable-vapes","9":"product_cat-low-nicotine-disposable-vapes","10":"product_cat-rechargeable-disposable-vapes","11":"product_cat-smart-screen-disposable-vapes","12":"product_cat-wga-vape","13":"product_cat-germany-best-selling-vape","14":"product_cat-italy-wholesale-vape","15":"product_cat-netherlands-hot-sale-vape","16":"product_cat-poland-hot-sale-vape","17":"product_cat-spain-best-hot-sale-vape","18":"product_cat-fance-hot-sale-vape","19":"product_cat-15000-puffs-disposable-vapes","20":"product_cat-minimum-order-quantity-50pcs","21":"product_tag-15k-vapes","22":"product_tag-disposable-vape-wholesale-supplier","23":"product_tag-electric-cigarettes","24":"product_tag-wga-15000-puffs","25":"product_tag-wga-crystal-pro-max-15k-wholesale","26":"product_tag-wga-vape","27":"desktop-align-left","28":"tablet-align-left","29":"mobile-align-left","31":"first","32":"instock","33":"sale","34":"shipping-taxable","35":"purchasable","36":"product-type-simple"},"uagb_featured_image_src":{"full":["https:\/\/rmvapesale.com\/wp-content\/uploads\/2024\/09\/WGA-Crystal-Pro-Max-Extra-15k-Puffs-Disposable-Vape.jpg",788,788,false],"thumbnail":["https:\/\/rmvapesale.com\/wp-content\/uploads\/2024\/09\/WGA-Crystal-Pro-Max-Extra-15k-Puffs-Disposable-Vape-150x150.jpg",150,150,true],"medium":["https:\/\/rmvapesale.com\/wp-content\/uploads\/2024\/09\/WGA-Crystal-Pro-Max-Extra-15k-Puffs-Disposable-Vape-300x300.jpg",300,300,true],"medium_large":["https:\/\/rmvapesale.com\/wp-content\/uploads\/2024\/09\/WGA-Crystal-Pro-Max-Extra-15k-Puffs-Disposable-Vape-768x768.jpg",768,768,true],"large":["https:\/\/rmvapesale.com\/wp-content\/uploads\/2024\/09\/WGA-Crystal-Pro-Max-Extra-15k-Puffs-Disposable-Vape.jpg",788,788,false],"1536x1536":["https:\/\/rmvapesale.com\/wp-content\/uploads\/2024\/09\/WGA-Crystal-Pro-Max-Extra-15k-Puffs-Disposable-Vape.jpg",788,788,false],"2048x2048":["https:\/\/rmvapesale.com\/wp-content\/uploads\/2024\/09\/WGA-Crystal-Pro-Max-Extra-15k-Puffs-Disposable-Vape.jpg",788,788,false],"trp-custom-language-flag":["https:\/\/rmvapesale.com\/wp-content\/uploads\/2024\/09\/WGA-Crystal-Pro-Max-Extra-15k-Puffs-Disposable-Vape.jpg",12,12,false],"woocommerce_thumbnail":["https:\/\/rmvapesale.com\/wp-content\/uploads\/2024\/09\/WGA-Crystal-Pro-Max-Extra-15k-Puffs-Disposable-Vape-300x300.jpg",300,300,true],"woocommerce_single":["https:\/\/rmvapesale.com\/wp-content\/uploads\/2024\/09\/WGA-Crystal-Pro-Max-Extra-15k-Puffs-Disposable-Vape-600x600.jpg",600,600,true],"woocommerce_gallery_thumbnail":["https:\/\/rmvapesale.com\/wp-content\/uploads\/2024\/09\/WGA-Crystal-Pro-Max-Extra-15k-Puffs-Disposable-Vape-100x100.jpg",100,100,true],"wcpr-photo-reviews":["https:\/\/rmvapesale.com\/wp-content\/uploads\/2024\/09\/WGA-Crystal-Pro-Max-Extra-15k-Puffs-Disposable-Vape.jpg",500,500,false]},"uagb_author_info":{"display_name":"AMY","author_link":"https:\/\/rmvapesale.com\/de\/author\/"},"uagb_comment_info":0,"uagb_excerpt":"WGA Crystal Pro Max Extra 15k Puffs Disposable Vape WGA Crystal Pro Max Extra 15000 Disposable Vape Wholesale WGA Crystal Pro Max 15K Puffs Disposable Vape Pod Kit Contact Amy For More Discount And Lower MOQ Vape WhatsApp: +86 17776015835","_links":{"self":[{"href":"https:\/\/rmvapesale.com\/de\/wp-json\/wp\/v2\/product\/2037","targetHints":{"allow":["GET"]}}],"collection":[{"href":"https:\/\/rmvapesale.com\/de\/wp-json\/wp\/v2\/product"}],"about":[{"href":"https:\/\/rmvapesale.com\/de\/wp-json\/wp\/v2\/types\/product"}],"replies":[{"embeddable":true,"href":"https:\/\/rmvapesale.com\/de\/wp-json\/wp\/v2\/comments?post=2037"}],"wp:featuredmedia":[{"embeddable":true,"href":"https:\/\/rmvapesale.com\/de\/wp-json\/wp\/v2\/media\/2042"}],"wp:attachment":[{"href":"https:\/\/rmvapesale.com\/de\/wp-json\/wp\/v2\/media?parent=2037"}],"wp:term":[{"taxonomy":"product_brand","embeddable":true,"href":"https:\/\/rmvapesale.com\/de\/wp-json\/wp\/v2\/product_brand?post=2037"},{"taxonomy":"product_cat","embeddable":true,"href":"https:\/\/rmvapesale.com\/de\/wp-json\/wp\/v2\/product_cat?post=2037"},{"taxonomy":"product_tag","embeddable":true,"href":"https:\/\/rmvapesale.com\/de\/wp-json\/wp\/v2\/product_tag?post=2037"}],"curies":[{"name":"wp","href":"https:\/\/api.w.org\/{rel}","templated":true}]}}