{"id":2095,"date":"2024-09-23T03:14:35","date_gmt":"2024-09-23T03:14:35","guid":{"rendered":"https:\/\/rmvapesale.com\/?post_type=product&#038;p=2095"},"modified":"2025-01-21T09:18:03","modified_gmt":"2025-01-21T09:18:03","slug":"wga-crystal-pro-max-10000-puffs-disposable-vape","status":"publish","type":"product","link":"https:\/\/rmvapesale.com\/de\/product\/wga-crystal-pro-max-10000-puffs-disposable-vape\/","title":{"rendered":"WGA Crystal Pro Max 10000 Puffs Einweg-Vape"},"content":{"rendered":"<div class=\"B2VR9 CJHX3e\">\n<div class=\"wyccme\">\n<h1>WGA Crystal Pro Max 10000 Puffs Einweg-Vape<\/h1>\n<p class=\"oatEtb\"><span style=\"font-size: 16px\">Das WGA Kristall Pro Max Plus 10000 Z\u00fcge Einweg-Vape besticht durch ein atemberaubendes kristallklares Design, das sowohl Eleganz als auch hohe Leistung widerspiegelt. Dieses Vape-Ger\u00e4t ist eine wahre Innovation in der Vaping-Welt, passt nahtlos in Ihren Lebensstil und setzt ein mutiges Statement. Sein leichtes Geh\u00e4use erh\u00f6ht die Tragbarkeit, sodass Sie es m\u00fchelos in Ihrer Tasche tragen k\u00f6nnen \u2013 perfekt f\u00fcr Reisende.<\/span><\/p>\n<\/div>\n<\/div>\n<p>Das WGA Kristall Pro Max beeindruckt nicht nur optisch, sondern liefert auch ein au\u00dfergew\u00f6hnliches Dampferlebnis. Ausgestattet mit fortschrittlicher Mesh-Coil-Technologie, erzeugt es bei jedem Zug glatten, geschmackvollen Dampf. F\u00fcr Einfachheit konzipiert, eliminiert die zugaktivierte Funktion Tasten und Einstellungen \u2013 einfach inhalieren und genie\u00dfen. Dieses Einweg-Vape-Pod-Ger\u00e4t \u00fcberzeugt sowohl in Stil als auch in Leistung.<\/p>\n<p>&nbsp;<\/p>\n<p><strong>Kontaktieren Sie Amy, um die richtige Antwort und weitere Produktvideos zu erhalten!<\/strong><\/p>\n<p><img loading=\"lazy\" decoding=\"async\" class=\"size-full wp-image-1978\" src=\"https:\/\/rmvapesale.com\/wp-content\/uploads\/2024\/09\/Disposable-Vape-Wholesale.jpg\" alt=\"Einweg-Vape Gro\u00dfhandel\" width=\"229\" height=\"300\" \/><\/p>\n<h3><span style=\"color: #ff0000\"><strong>WhatsApp: +86 17776015835<\/strong><\/span><\/h3>\n<p>&nbsp;<\/p>\n<h2><\/h2>\n<h2><strong>WGA Kristall Pro Max 10000 Schl\u00fcsselmerkmale<\/strong><\/h2>\n<p>&nbsp;<\/p>\n<p>Nikotin: 2%<br \/>\nZ\u00fcge: 10000<br \/>\nKapazit\u00e4t: 20 ml<br \/>\nTyp-C-Anschluss, coole farbige Lichter an der Unterseite<br \/>\n850 mAh wiederaufladbar<\/p>\n<h2><\/h2>\n<h2><\/h2>\n<h2><strong>Top-Geschmack f\u00fcr WGA Kristall Pro Max 10000 Z\u00fcge<\/strong><\/h2>\n<p>Der WGA Kristall Pro Max 10000 Einweg-Vape-Stift mit 36 fachm\u00e4nnisch gefertigten Geschmacksrichtungen, die jeweils darauf ausgelegt sind, ein unverwechselbares und befriedigendes Dampferlebnis zu bieten, es ist f\u00fcr jeden etwas dabei!<\/p>\n<p>&nbsp;<\/p>\n<p>1.Wassermelone Eis<br \/>\n2.Blaubeere Himbeere<span style=\"color: #ff0000\"><strong>&gt;&gt;&gt;&gt;Hei\u00df!<\/strong><\/span><br \/>\n3.Kirsch<br \/>\n4.Gummib\u00e4rchen<span style=\"color: #ff0000\"><strong>&gt;&gt;&gt;&gt;Hei\u00df!<\/strong><\/span><br \/>\n5.Zitrone Limette<br \/>\n6. Erdbeer-Eis<br \/>\n7.Blaubeere saure Himbeere<br \/>\n8.Blaue Razz-Kirsche<br \/>\n9.Blaue Beeren-Eis<span style=\"color: #ff0000\"><strong>&gt;&gt;&gt;&gt;Hei\u00df!<\/strong><\/span><br \/>\n10.Blaue Razz-Limonade<br \/>\n11.Mr. Blue<br \/>\n12.Skittles<br \/>\n13. Pinke Limonade<br \/>\n14. Blaubeere Kirsche Cranberry<br \/>\n15. Blaubeere<br \/>\n16. Vimto Bulle<span style=\"color: #ff0000\"><strong>&gt;&gt;&gt;&gt;Hei\u00df!<\/strong><\/span><br \/>\n17. Kirsche Eis<br \/>\n18. Roter Apfel Eis<br \/>\n19. Saftiger Pfirsich<br \/>\n20. Kirsche Pfirsich Limonade<br \/>\n21. Doppelter Apfel<br \/>\n22. Dreifacher Mango<br \/>\n23. Ananas Eis<br \/>\n24. Erdbeer Kirsche Himbeer Eis<br \/>\n25. Wassermelone Kirsche<br \/>\n26. Kirsche Limette Himbeere<span style=\"color: #ff0000\"><strong>&gt;&gt;&gt;&gt;Am besten!<\/strong><\/span><br \/>\n27. Ananas Zitrone<br \/>\n28. Blaubeere Himbeere Granatapfel<br \/>\n29. Blaubeere Erdbeere Brombeere<br \/>\n30. Meta Mond<br \/>\n31. Eis Pop<br \/>\n32. Colalime<br \/>\n33. Bananeneis<br \/>\n34. Sommertraum<br \/>\n35. Blaue Himbeere Granatapfel<br \/>\n36. Hubba Bubba<\/p>\n<h2><strong>Fragen, die Sie \u00fcber WGA Crystal Pro Max 10k Puffs wissen k\u00f6nnten <\/strong><\/h2>\n<p>&nbsp;<\/p>\n<p><strong>1. Wie viel Nikotin enth\u00e4lt der Crystal Pro Max 10k?<\/strong><br \/>\nDer WGA Crystal Pro Max 10000 verf\u00fcgt \u00fcber 2% Nikotinsalz. Mit fortschrittlicher Mesh-Spulentechnologie bietet er ein \u00fcberlegenes Dampferlebnis mit vollem Geschmack.<\/p>\n<p><strong>2. Sind WGA 10k Kristall-Vapes wiederaufladbar?<\/strong><br \/>\nJa, der WGA Crystal Pro Max 10000 enth\u00e4lt eine wiederaufladbare Batterie mit 850 mAh, die langanhaltenden Genuss bietet.<\/p>\n<p><strong>3. Wie viele Z\u00fcge kann man von einem WGA Crystal Pro Max 10000 nehmen?<\/strong><br \/>\nDer WGA Crystal Pro Max 10000 liefert je nach Nutzung etwa 10000 Z\u00fcge und ist in \u00fcber 30 Geschmacksrichtungen erh\u00e4ltlich.<\/p>\n<p><strong>4. Wie lange dauert es, einen WGA Crystal 10k aufzuladen?<\/strong><br \/>\nSowohl der WGA Crystal Pro Max 10000 als auch der 15000 k\u00f6nnen in nur 30 bis 35 Minuten vollst\u00e4ndig aufgeladen werden, was eine schnelle Einsatzbereitschaft gew\u00e4hrleistet.<\/p>\n<p>&nbsp;<\/p>\n<h3><b>H\u00e4ufig gestellte Fragen<\/b><\/h3>\n<p>&nbsp;<\/p>\n<div class=\"flex-shrink-0 flex flex-col relative items-end\">\n<div>\n<div class=\"pt-0\">\n<div class=\"gizmo-bot-avatar flex h-8 w-8 items-center justify-center overflow-hidden rounded-full\">\n<div class=\"relative p-1 rounded-sm flex items-center justify-center bg-token-main-surface-primary text-token-text-primary h-8 w-8\"><strong>Welche Versandarten werden verwendet?<\/strong><\/div>\n<\/div>\n<\/div>\n<\/div>\n<\/div>\n<div class=\"group\/conversation-turn relative flex w-full min-w-0 flex-col agent-turn\">\n<div class=\"flex-col gap-1 md:gap-3\">\n<div class=\"flex max-w-full flex-col flex-grow\">\n<div class=\"min-h-[20px] text-message flex w-full flex-col items-end gap-2 whitespace-normal break-words [.text-message+&amp;]:mt-5 overflow-x-auto\" dir=\"auto\" data-message-author-role=\"assistant\" data-message-id=\"22f8283b-3233-46ff-89a5-c7a41b33abda\">\n<div class=\"flex w-full flex-col gap-1 empty:hidden first:pt-[3px]\">\n<div class=\"markdown prose w-full break-words dark:prose-invert light\">\n<p>Wir arbeiten mit UPS, DHL, FedEx, DPD und anderen f\u00fchrenden Transportunternehmen zusammen. Wir w\u00e4hlen die beste Versandmethode basierend auf Ihrem Lieferort aus, um sicherzustellen, dass Sie Ihre Produkte so schnell wie m\u00f6glich erhalten.<\/p>\n<\/div>\n<p><strong>Wie lange dauert die Lieferung?<\/strong><\/p>\n<p>Pakete, die nach Deutschland versandt werden, kommen normalerweise innerhalb von 10 Werktagen an. Der Versand in europ\u00e4ische L\u00e4nder dauert in der Regel etwa 12-15 Werktage. Wir werden Ihnen Echtzeit-Updates zu Ihrem Versandstatus bereitstellen.<\/p>\n<\/div>\n<p><strong>Garantie<\/strong><\/p>\n<p><span style=\"color: #ff0000\"><strong>Alle Produkte in unserem Shop sind zu 100 % original und authentisch. Wir bieten die 10-fache Entsch\u00e4digung f\u00fcr gef\u00e4lschte Waren!<\/strong><\/span><\/p>\n<div class=\"flex w-full flex-col gap-1 empty:hidden first:pt-[3px]\">\n<p>&nbsp;<\/p>\n<\/div>\n<\/div>\n<\/div>\n<\/div>\n<\/div>\n<p>&nbsp;<\/p>\n<p>Andere beliebte Vapes, die Ihnen gefallen k\u00f6nnten:<\/p>\n<p><strong><a href=\"https:\/\/rmvapesale.com\/de\/product\/wga-crystal-plus-20000-puff-dual-flavour-disposable-vape\/\">WGA Crystal Plus 20000<\/a><\/strong><\/p>\n<p><a href=\"https:\/\/rmvapesale.com\/de\/product\/waspe-tornado-15000-puffs-original-factory-price\/\"><strong>Waspe Tornado 15000 Z\u00fcge<\/strong><\/a><\/p>\n<p><a href=\"https:\/\/rmvapesale.com\/de\/product\/wga-crystal-pro-max-extra-15k-puffs-disposable-vape-wholesale\/\"><strong>WGA Crystal Pro Max Extra 15000<\/strong><\/a><\/p>\n<p>&nbsp;<\/p>\n<p>&nbsp;<\/p>\n<p>Finden Sie weitere Vape-Produkte, die Ihnen gefallen k\u00f6nnten:<strong><em><a href=\"https:\/\/rmvapesale.com\/de\/shop-2\/\">jetzt einkaufen &gt;&gt;&gt;<\/a><\/em><\/strong><\/p>","protected":false},"excerpt":{"rendered":"<p>Kristall Pro Max Plus WGA 10000 Z\u00fcge Einweg-Vape<br \/>\nWga Kristall Pro Max 10000 2% Nic Salt<br \/>\nWGA Kristall Pro Max 10000 10k Z\u00fcge Gro\u00dfhandel<\/p>\n<p><strong>Kontaktieren Sie Amy f\u00fcr mehr Rabatt und niedrigere Mindestbestellmenge<\/strong><\/p>\n<p><img loading=\"lazy\" decoding=\"async\" class=\"size-full wp-image-1978\" src=\"https:\/\/rmvapesale.com\/wp-content\/uploads\/2024\/09\/Disposable-Vape-Wholesale.jpg\" alt=\"Einweg-Vape Gro\u00dfhandel\" width=\"229\" height=\"300\" \/><\/p>\n<h3><span style=\"color: #ff0000\"><strong>WhatsApp: +86 17776015835<\/strong><\/span><\/h3>","protected":false},"featured_media":2099,"comment_status":"open","ping_status":"closed","template":"","meta":{"_uag_custom_page_level_css":"","_lmt_disableupdate":"no","_lmt_disable":"","site-sidebar-layout":"default","site-content-layout":"content-boxed-container","ast-site-content-layout":"normal-width-container","site-content-style":"boxed","site-sidebar-style":"unboxed","ast-global-header-display":"","ast-banner-title-visibility":"","ast-main-header-display":"","ast-hfb-above-header-display":"","ast-hfb-below-header-display":"","ast-hfb-mobile-header-display":"","site-post-title":"","ast-breadcrumbs-content":"","ast-featured-img":"","footer-sml-layout":"","theme-transparent-header-meta":"default","adv-header-id-meta":"","stick-header-meta":"","header-above-stick-meta":"","header-main-stick-meta":"","header-below-stick-meta":"","astra-migrate-meta-layouts":"set","ast-page-background-enabled":"default","ast-page-background-meta":{"desktop":{"background-color":"var(--ast-global-color-4)","background-image":"","background-repeat":"repeat","background-position":"center center","background-size":"auto","background-attachment":"scroll","background-type":"","background-media":"","overlay-type":"","overlay-color":"","overlay-opacity":"","overlay-gradient":""},"tablet":{"background-color":"","background-image":"","background-repeat":"repeat","background-position":"center center","background-size":"auto","background-attachment":"scroll","background-type":"","background-media":"","overlay-type":"","overlay-color":"","overlay-opacity":"","overlay-gradient":""},"mobile":{"background-color":"","background-image":"","background-repeat":"repeat","background-position":"center center","background-size":"auto","background-attachment":"scroll","background-type":"","background-media":"","overlay-type":"","overlay-color":"","overlay-opacity":"","overlay-gradient":""}},"ast-content-background-meta":{"desktop":{"background-color":"var(--ast-global-color-5)","background-image":"","background-repeat":"repeat","background-position":"center center","background-size":"auto","background-attachment":"scroll","background-type":"","background-media":"","overlay-type":"","overlay-color":"","overlay-opacity":"","overlay-gradient":""},"tablet":{"background-color":"var(--ast-global-color-5)","background-image":"","background-repeat":"repeat","background-position":"center center","background-size":"auto","background-attachment":"scroll","background-type":"","background-media":"","overlay-type":"","overlay-color":"","overlay-opacity":"","overlay-gradient":""},"mobile":{"background-color":"var(--ast-global-color-5)","background-image":"","background-repeat":"repeat","background-position":"center center","background-size":"auto","background-attachment":"scroll","background-type":"","background-media":"","overlay-type":"","overlay-color":"","overlay-opacity":"","overlay-gradient":""}},"_joinchat":[]},"product_brand":[],"product_cat":[15,290,291,293,295,299,283,271,25,123,26,28,135,27,137,136,30],"product_tag":[57,58,82,81,69],"class_list":{"0":"post-2095","1":"product","2":"type-product","3":"status-publish","4":"has-post-thumbnail","6":"product_cat-new-vape-this-week","7":"product_cat-crystal-disposable-vapes","8":"product_cat-dual-mesh-disposable-vapes","9":"product_cat-low-nicotine-disposable-vapes","10":"product_cat-rechargeable-disposable-vapes","11":"product_cat-smart-screen-disposable-vapes","12":"product_cat-wga-vape","13":"product_cat-10000-puff-disposable-vape","14":"product_cat-germany-best-selling-vape","15":"product_cat-italy-wholesale-vape","16":"product_cat-netherlands-hot-sale-vape","17":"product_cat-poland-hot-sale-vape","18":"product_cat-spain-best-hot-sale-vape","19":"product_cat-fance-hot-sale-vape","20":"product_cat-rechargeable-vapes","21":"product_cat-smart-screen-vapes","22":"product_cat-minimum-order-quantity-50pcs","23":"product_tag-disposable-vape-wholesale-supplier","24":"product_tag-electric-cigarettes","25":"product_tag-wga-crystal-10000-puffs","26":"product_tag-wga-crystal-pro-max","27":"product_tag-wga-vape","28":"desktop-align-left","29":"tablet-align-left","30":"mobile-align-left","32":"first","33":"instock","34":"sale","35":"shipping-taxable","36":"purchasable","37":"product-type-simple"},"uagb_featured_image_src":{"full":["https:\/\/rmvapesale.com\/wp-content\/uploads\/2024\/09\/WGA-Crystal-Pro-Max-Plus-10000-Vape.png",788,788,false],"thumbnail":["https:\/\/rmvapesale.com\/wp-content\/uploads\/2024\/09\/WGA-Crystal-Pro-Max-Plus-10000-Vape-150x150.png",150,150,true],"medium":["https:\/\/rmvapesale.com\/wp-content\/uploads\/2024\/09\/WGA-Crystal-Pro-Max-Plus-10000-Vape-300x300.png",300,300,true],"medium_large":["https:\/\/rmvapesale.com\/wp-content\/uploads\/2024\/09\/WGA-Crystal-Pro-Max-Plus-10000-Vape-768x768.png",768,768,true],"large":["https:\/\/rmvapesale.com\/wp-content\/uploads\/2024\/09\/WGA-Crystal-Pro-Max-Plus-10000-Vape.png",788,788,false],"1536x1536":["https:\/\/rmvapesale.com\/wp-content\/uploads\/2024\/09\/WGA-Crystal-Pro-Max-Plus-10000-Vape.png",788,788,false],"2048x2048":["https:\/\/rmvapesale.com\/wp-content\/uploads\/2024\/09\/WGA-Crystal-Pro-Max-Plus-10000-Vape.png",788,788,false],"trp-custom-language-flag":["https:\/\/rmvapesale.com\/wp-content\/uploads\/2024\/09\/WGA-Crystal-Pro-Max-Plus-10000-Vape.png",12,12,false],"woocommerce_thumbnail":["https:\/\/rmvapesale.com\/wp-content\/uploads\/2024\/09\/WGA-Crystal-Pro-Max-Plus-10000-Vape-300x300.png",300,300,true],"woocommerce_single":["https:\/\/rmvapesale.com\/wp-content\/uploads\/2024\/09\/WGA-Crystal-Pro-Max-Plus-10000-Vape-600x600.png",600,600,true],"woocommerce_gallery_thumbnail":["https:\/\/rmvapesale.com\/wp-content\/uploads\/2024\/09\/WGA-Crystal-Pro-Max-Plus-10000-Vape-100x100.png",100,100,true],"wcpr-photo-reviews":["https:\/\/rmvapesale.com\/wp-content\/uploads\/2024\/09\/WGA-Crystal-Pro-Max-Plus-10000-Vape.png",500,500,false]},"uagb_author_info":{"display_name":"AMY","author_link":"https:\/\/rmvapesale.com\/de\/author\/"},"uagb_comment_info":0,"uagb_excerpt":"Crystal Pro Max Plus WGA 10000 Puffs Disposable Vape Wga Crystal Pro Max 10000 2% Nic Salt WGA Crystal Pro Max 10000 10k Puffs Wholesale Contact Amy For More Discount And Lower MOQ Vape WhatsApp: +86 17776015835","_links":{"self":[{"href":"https:\/\/rmvapesale.com\/de\/wp-json\/wp\/v2\/product\/2095","targetHints":{"allow":["GET"]}}],"collection":[{"href":"https:\/\/rmvapesale.com\/de\/wp-json\/wp\/v2\/product"}],"about":[{"href":"https:\/\/rmvapesale.com\/de\/wp-json\/wp\/v2\/types\/product"}],"replies":[{"embeddable":true,"href":"https:\/\/rmvapesale.com\/de\/wp-json\/wp\/v2\/comments?post=2095"}],"wp:featuredmedia":[{"embeddable":true,"href":"https:\/\/rmvapesale.com\/de\/wp-json\/wp\/v2\/media\/2099"}],"wp:attachment":[{"href":"https:\/\/rmvapesale.com\/de\/wp-json\/wp\/v2\/media?parent=2095"}],"wp:term":[{"taxonomy":"product_brand","embeddable":true,"href":"https:\/\/rmvapesale.com\/de\/wp-json\/wp\/v2\/product_brand?post=2095"},{"taxonomy":"product_cat","embeddable":true,"href":"https:\/\/rmvapesale.com\/de\/wp-json\/wp\/v2\/product_cat?post=2095"},{"taxonomy":"product_tag","embeddable":true,"href":"https:\/\/rmvapesale.com\/de\/wp-json\/wp\/v2\/product_tag?post=2095"}],"curies":[{"name":"wp","href":"https:\/\/api.w.org\/{rel}","templated":true}]}}