{"id":2127,"date":"2024-09-24T06:25:16","date_gmt":"2024-09-24T06:25:16","guid":{"rendered":"https:\/\/rmvapesale.com\/?post_type=product&#038;p=2127"},"modified":"2025-01-21T09:21:30","modified_gmt":"2025-01-21T09:21:30","slug":"bang-18000-puffs-disposable-vape-e-cigarettes-bulk-buy","status":"publish","type":"product","link":"https:\/\/rmvapesale.com\/de\/product\/bang-18000-puffs-disposable-vape-e-cigarettes-bulk-buy\/","title":{"rendered":"Bang 18000 Z\u00fcge Einweg Vape E-Zigaretten Gro\u00dfhandel"},"content":{"rendered":"<div class=\"B2VR9 CJHX3e\">\n<div class=\"wyccme\">\n<h1>Bang 18000 Z\u00fcge Einweg Vape E-Zigaretten Gro\u00dfhandel<\/h1>\n<p>Das Bang 18000 Z\u00fcge Einweg-Vape-Ger\u00e4t hat Ihre vorgefassten Meinungen \u00fcber E-Zigaretten v\u00f6llig umgeworfen. Mit einer gro\u00dfen Kapazit\u00e4t von 20 ml E-Liquid ist dies eine seltene Zahl auf dem Markt, was bedeutet, dass Benutzer l\u00e4ngere Nutzungszeiten genie\u00dfen k\u00f6nnen, ohne das Ger\u00e4t h\u00e4ufig austauschen zu m\u00fcssen. Noch wichtiger ist, dass es verschiedene Auswahlm\u00f6glichkeiten f\u00fcr Nik Salt-Konzentrationen bietet, sodass Dampfer die passende Konzentration f\u00fcr ihre Bed\u00fcrfnisse finden k\u00f6nnen. Das Bang 18 000 Z\u00fcge, ausgestattet mit einem 650mAh Akku, kann bis zu 15.000 Z\u00fcge unterst\u00fctzen.<\/p>\n<p>&nbsp;<\/p>\n<\/div>\n<\/div>\n<p><strong>Kontaktieren Sie Amy, um die richtige Antwort und weitere Produktvideos zu erhalten!<\/strong><\/p>\n<p><img loading=\"lazy\" decoding=\"async\" class=\"size-full wp-image-1978\" src=\"https:\/\/rmvapesale.com\/wp-content\/uploads\/2024\/09\/Disposable-Vape-Wholesale.jpg\" alt=\"Einweg-Vape Gro\u00dfhandel\" width=\"229\" height=\"300\" \/><\/p>\n<h3><span style=\"color: #ff0000\"><strong>WhatsApp: +86 17776015835<\/strong><\/span><\/h3>\n<p>&nbsp;<\/p>\n<h2><\/h2>\n<h2><strong>Wichtige Merkmale des Bang 18000 Z\u00fcge<\/strong><\/h2>\n<p>&nbsp;<\/p>\n<p>1: Z\u00fcge: 18000<br \/>\n2: E-Liquid: 20ml<br \/>\n3: Akku: 650mAh<br \/>\n4: Widerstand: 1,1 Ohm<br \/>\n5: Typ-C-Ladung<br \/>\n6: Nikotin: 2%\/5%<br \/>\n7: Typen: Einweg<br \/>\n8: Mesh-Spule<\/p>\n<h2><\/h2>\n<h2><\/h2>\n<h2><strong>Top-Geschmacksrichtungen f\u00fcr Bang 18000 Vape<\/strong><\/h2>\n<p>Der Bang Beach 20000 Einweg-Vape-Pod bietet 12 Geschmacksrichtungen, jede entworfen, um ein unverwechselbares und zufriedenstellendes Dampferlebnis zu bieten, es gibt etwas Bestes f\u00fcr Sie!<\/p>\n<p>1. Traube<br \/>\n2. Sauerapfel<br \/>\n3. Minz-Eis<br \/>\n4.Pfirsich Eis<span style=\"color: #ff0000\"><strong>&gt;&gt;&gt;&gt;Hei\u00df!<\/strong><\/span><br \/>\n5. Pfirsich Mango<br \/>\n6. Wassermelone<br \/>\n7. Gemischte Fr\u00fcchte<br \/>\n8.Tigerblut<span style=\"color: #ff0000\"><strong>&gt;&gt;&gt;&gt;Hei\u00df!<\/strong><\/span><br \/>\n9.Ananas-Kokosnuss<br \/>\n10.Blaubeertrauben<br \/>\n11. Erdbeere Kiwi<br \/>\n12. Blaubeere Ice<br \/>\n13.Erdbeere Mango<span style=\"color: #ff0000\"><strong>&gt;&gt;&gt;&gt;Am besten!<\/strong><\/span><br \/>\n14.Blaubeer Himbeere<br \/>\n15.Erdbeere Wassermelone<br \/>\n16. Wassermelone Kaugummi<\/p>\n<p>&nbsp;<\/p>\n<h2><strong>Fragen, die Sie \u00fcber Bang 18000 Z\u00fcge wissen m\u00f6chten<\/strong><\/h2>\n<p>&nbsp;<\/p>\n<p><strong>1. Wie viel Nikotin ist im Bang Beach 20000 enthalten?<\/strong><br \/>\nDer Bang 18000 Einweg-Vape verf\u00fcgt \u00fcber 2% und 5% Nikotinsalz. Mit fortschrittlicher Mesh-Spulentechnologie bietet er ein \u00fcberlegenes Dampferlebnis voller reichem Geschmack.<\/p>\n<p><strong>2. Ist der Bang 18000 Einweg-Vape wiederaufladbar?<\/strong><br \/>\nJa, der Bang Pulse 18000 enth\u00e4lt eine wiederaufladbare 650 mAh Batterie, die langanhaltenden Genuss bietet.<\/p>\n<p><strong>3. Wie viele Z\u00fcge erhalten Sie aus einem Bang 18000 Z\u00fcge?<\/strong><br \/>\nDer Bang Pulse 18000 Puffs liefert etwa 18000 Z\u00fcge, abh\u00e4ngig vom Gebrauch, und ist in 16 Geschmacksrichtungen erh\u00e4ltlich.<\/p>\n<p><strong>4. Wie lange dauert es, einen Bang 18000 aufzuladen?<\/strong><br \/>\nDie Bang Pulse 18000 Einweg-Vape-Box kann in nur 30 bis 35 Minuten vollst\u00e4ndig aufgeladen werden, was eine schnelle Einsatzbereitschaft gew\u00e4hrleistet.<\/p>\n<p>&nbsp;<\/p>\n<h3><b>H\u00e4ufig gestellte Fragen<\/b><\/h3>\n<p>&nbsp;<\/p>\n<div class=\"flex-shrink-0 flex flex-col relative items-end\">\n<div>\n<div class=\"pt-0\">\n<div class=\"gizmo-bot-avatar flex h-8 w-8 items-center justify-center overflow-hidden rounded-full\">\n<div class=\"relative p-1 rounded-sm flex items-center justify-center bg-token-main-surface-primary text-token-text-primary h-8 w-8\"><strong>Welche Versandarten werden verwendet?<\/strong><\/div>\n<\/div>\n<\/div>\n<\/div>\n<\/div>\n<div class=\"group\/conversation-turn relative flex w-full min-w-0 flex-col agent-turn\">\n<div class=\"flex-col gap-1 md:gap-3\">\n<div class=\"flex max-w-full flex-col flex-grow\">\n<div class=\"min-h-[20px] text-message flex w-full flex-col items-end gap-2 whitespace-normal break-words [.text-message+&amp;]:mt-5 overflow-x-auto\" dir=\"auto\" data-message-author-role=\"assistant\" data-message-id=\"22f8283b-3233-46ff-89a5-c7a41b33abda\">\n<div class=\"flex w-full flex-col gap-1 empty:hidden first:pt-[3px]\">\n<div class=\"markdown prose w-full break-words dark:prose-invert light\">\n<p>Wir arbeiten mit UPS, DHL, FedEx, DPD und anderen f\u00fchrenden Transportunternehmen zusammen. Wir w\u00e4hlen die beste Versandmethode basierend auf Ihrem Lieferort aus, um sicherzustellen, dass Sie Ihre Produkte so schnell wie m\u00f6glich erhalten.<\/p>\n<\/div>\n<p><strong>Wie lange dauert die Lieferung?<\/strong><\/p>\n<p>Pakete, die nach Deutschland versandt werden, kommen normalerweise innerhalb von 10 Werktagen an. Der Versand in europ\u00e4ische L\u00e4nder dauert in der Regel etwa 12-15 Werktage. Wir werden Ihnen Echtzeit-Updates zu Ihrem Versandstatus bereitstellen.<\/p>\n<\/div>\n<p><strong>Garantie<\/strong><\/p>\n<p><span style=\"color: #ff0000\"><strong>Alle Produkte in unserem Shop sind zu 100 % original und authentisch. Wir bieten die 10-fache Entsch\u00e4digung f\u00fcr gef\u00e4lschte Waren!<\/strong><\/span><\/p>\n<div class=\"flex w-full flex-col gap-1 empty:hidden first:pt-[3px]\">\n<p>&nbsp;<\/p>\n<\/div>\n<\/div>\n<\/div>\n<\/div>\n<\/div>\n<p>&nbsp;<\/p>\n<p>Andere beliebte Vapes, die Ihnen gefallen k\u00f6nnten:<\/p>\n<p><strong><a href=\"https:\/\/rmvapesale.com\/de\/product\/wga-crystal-plus-20000-puff-dual-flavour-disposable-vape\/\">Bang King 30000 Z\u00fcge<\/a><\/strong><\/p>\n<p><a href=\"https:\/\/rmvapesale.com\/de\/product\/bang-20000-puffs-disposable-vape-wholesale-supplier\/\"><strong>WGA Crystal Plus Smart 16000 Z\u00fcge<\/strong><\/a><\/p>\n<p><a href=\"https:\/\/rmvapesale.com\/de\/product\/wga-crystal-pro-max-extra-15k-puffs-disposable-vape-wholesale\/\"><strong>Bang 25000 Z\u00fcge<\/strong><\/a><\/p>\n<p><a href=\"https:\/\/rmvapesale.com\/de\/product\/bang-beach-20000-puffs-vape-smart-screen-disposable-e-cig\/\"><strong>Bang Vape Strand 20000 Z\u00fcge\u00a0<\/strong><\/a><\/p>\n<p>&nbsp;<\/p>\n<p>&nbsp;<\/p>\n<p>Finden Sie weitere Vape-Produkte, die Ihnen gefallen k\u00f6nnten:<strong><em><a href=\"https:\/\/rmvapesale.com\/de\/shop-2\/\">jetzt einkaufen &gt;&gt;&gt;<\/a><\/em><\/strong><\/p>","protected":false},"excerpt":{"rendered":"<p>Bang Vape 18000 Z\u00fcge 16 Geschmacksrichtungen Gro\u00dfhandel<br \/>\nBANG 18000 Z\u00dcGE 0% 2% 3% 5% Nikotin<br \/>\nBang 18000 Z\u00fcge Einweg-Vape Gro\u00dfhandelspreis<\/p>\n<p><strong>Kontaktieren Sie Amy f\u00fcr mehr Rabatt und niedrigere Mindestbestellmenge<\/strong><\/p>\n<p><img loading=\"lazy\" decoding=\"async\" class=\"size-full wp-image-1978\" src=\"https:\/\/rmvapesale.com\/wp-content\/uploads\/2024\/09\/Disposable-Vape-Wholesale.jpg\" alt=\"Einweg-Vape Gro\u00dfhandel\" width=\"229\" height=\"300\" \/><\/p>\n<h3><span style=\"color: #ff0000\"><strong>WhatsApp: +86 17776015835<\/strong><\/span><\/h3>","protected":false},"featured_media":2129,"comment_status":"open","ping_status":"closed","template":"","meta":{"_uag_custom_page_level_css":"","_lmt_disableupdate":"no","_lmt_disable":"","site-sidebar-layout":"default","site-content-layout":"content-boxed-container","ast-site-content-layout":"normal-width-container","site-content-style":"boxed","site-sidebar-style":"unboxed","ast-global-header-display":"","ast-banner-title-visibility":"","ast-main-header-display":"","ast-hfb-above-header-display":"","ast-hfb-below-header-display":"","ast-hfb-mobile-header-display":"","site-post-title":"","ast-breadcrumbs-content":"","ast-featured-img":"","footer-sml-layout":"","theme-transparent-header-meta":"default","adv-header-id-meta":"","stick-header-meta":"","header-above-stick-meta":"","header-main-stick-meta":"","header-below-stick-meta":"","astra-migrate-meta-layouts":"set","ast-page-background-enabled":"default","ast-page-background-meta":{"desktop":{"background-color":"var(--ast-global-color-4)","background-image":"","background-repeat":"repeat","background-position":"center center","background-size":"auto","background-attachment":"scroll","background-type":"","background-media":"","overlay-type":"","overlay-color":"","overlay-opacity":"","overlay-gradient":""},"tablet":{"background-color":"","background-image":"","background-repeat":"repeat","background-position":"center center","background-size":"auto","background-attachment":"scroll","background-type":"","background-media":"","overlay-type":"","overlay-color":"","overlay-opacity":"","overlay-gradient":""},"mobile":{"background-color":"","background-image":"","background-repeat":"repeat","background-position":"center center","background-size":"auto","background-attachment":"scroll","background-type":"","background-media":"","overlay-type":"","overlay-color":"","overlay-opacity":"","overlay-gradient":""}},"ast-content-background-meta":{"desktop":{"background-color":"var(--ast-global-color-5)","background-image":"","background-repeat":"repeat","background-position":"center center","background-size":"auto","background-attachment":"scroll","background-type":"","background-media":"","overlay-type":"","overlay-color":"","overlay-opacity":"","overlay-gradient":""},"tablet":{"background-color":"var(--ast-global-color-5)","background-image":"","background-repeat":"repeat","background-position":"center center","background-size":"auto","background-attachment":"scroll","background-type":"","background-media":"","overlay-type":"","overlay-color":"","overlay-opacity":"","overlay-gradient":""},"mobile":{"background-color":"var(--ast-global-color-5)","background-image":"","background-repeat":"repeat","background-position":"center center","background-size":"auto","background-attachment":"scroll","background-type":"","background-media":"","overlay-type":"","overlay-color":"","overlay-opacity":"","overlay-gradient":""}},"_joinchat":[]},"product_brand":[],"product_cat":[15,293,295,273,279,25,123,26,28,135,27,60,137,136,30],"product_tag":[89,63,57,58,54],"class_list":{"0":"post-2127","1":"product","2":"type-product","3":"status-publish","4":"has-post-thumbnail","6":"product_cat-new-vape-this-week","7":"product_cat-low-nicotine-disposable-vapes","8":"product_cat-rechargeable-disposable-vapes","9":"product_cat-bang-box-vape","10":"product_cat-bang-king-vape","11":"product_cat-germany-best-selling-vape","12":"product_cat-italy-wholesale-vape","13":"product_cat-netherlands-hot-sale-vape","14":"product_cat-poland-hot-sale-vape","15":"product_cat-spain-best-hot-sale-vape","16":"product_cat-fance-hot-sale-vape","17":"product_cat-bang-vapes","18":"product_cat-rechargeable-vapes","19":"product_cat-smart-screen-vapes","20":"product_cat-minimum-order-quantity-50pcs","21":"product_tag-bang-18000-disposable-vape","22":"product_tag-bang-vapes","23":"product_tag-disposable-vape-wholesale-supplier","24":"product_tag-electric-cigarettes","25":"product_tag-rechargeable-disposable-vape","26":"desktop-align-left","27":"tablet-align-left","28":"mobile-align-left","30":"first","31":"instock","32":"sale","33":"shipping-taxable","34":"purchasable","35":"product-type-simple"},"uagb_featured_image_src":{"full":["https:\/\/rmvapesale.com\/wp-content\/uploads\/2024\/09\/Bang-18000-Puffs-Disposable-Vape-Wholesale.png",788,788,false],"thumbnail":["https:\/\/rmvapesale.com\/wp-content\/uploads\/2024\/09\/Bang-18000-Puffs-Disposable-Vape-Wholesale-150x150.png",150,150,true],"medium":["https:\/\/rmvapesale.com\/wp-content\/uploads\/2024\/09\/Bang-18000-Puffs-Disposable-Vape-Wholesale-300x300.png",300,300,true],"medium_large":["https:\/\/rmvapesale.com\/wp-content\/uploads\/2024\/09\/Bang-18000-Puffs-Disposable-Vape-Wholesale-768x768.png",768,768,true],"large":["https:\/\/rmvapesale.com\/wp-content\/uploads\/2024\/09\/Bang-18000-Puffs-Disposable-Vape-Wholesale.png",788,788,false],"1536x1536":["https:\/\/rmvapesale.com\/wp-content\/uploads\/2024\/09\/Bang-18000-Puffs-Disposable-Vape-Wholesale.png",788,788,false],"2048x2048":["https:\/\/rmvapesale.com\/wp-content\/uploads\/2024\/09\/Bang-18000-Puffs-Disposable-Vape-Wholesale.png",788,788,false],"trp-custom-language-flag":["https:\/\/rmvapesale.com\/wp-content\/uploads\/2024\/09\/Bang-18000-Puffs-Disposable-Vape-Wholesale.png",12,12,false],"woocommerce_thumbnail":["https:\/\/rmvapesale.com\/wp-content\/uploads\/2024\/09\/Bang-18000-Puffs-Disposable-Vape-Wholesale-300x300.png",300,300,true],"woocommerce_single":["https:\/\/rmvapesale.com\/wp-content\/uploads\/2024\/09\/Bang-18000-Puffs-Disposable-Vape-Wholesale-600x600.png",600,600,true],"woocommerce_gallery_thumbnail":["https:\/\/rmvapesale.com\/wp-content\/uploads\/2024\/09\/Bang-18000-Puffs-Disposable-Vape-Wholesale-100x100.png",100,100,true],"wcpr-photo-reviews":["https:\/\/rmvapesale.com\/wp-content\/uploads\/2024\/09\/Bang-18000-Puffs-Disposable-Vape-Wholesale.png",500,500,false]},"uagb_author_info":{"display_name":"AMY","author_link":"https:\/\/rmvapesale.com\/de\/author\/"},"uagb_comment_info":0,"uagb_excerpt":"Bang Vape 18000 Puffs 16 Flavour Wholesale BANG 18000 PUFFS 0% 2% 3% 5% Nicotine Bang 18000 Puff Disposable Vape Bulk Buy Price Contact Amy For More Discount And Lower MOQ Vape WhatsApp: +86 17776015835","_links":{"self":[{"href":"https:\/\/rmvapesale.com\/de\/wp-json\/wp\/v2\/product\/2127","targetHints":{"allow":["GET"]}}],"collection":[{"href":"https:\/\/rmvapesale.com\/de\/wp-json\/wp\/v2\/product"}],"about":[{"href":"https:\/\/rmvapesale.com\/de\/wp-json\/wp\/v2\/types\/product"}],"replies":[{"embeddable":true,"href":"https:\/\/rmvapesale.com\/de\/wp-json\/wp\/v2\/comments?post=2127"}],"wp:featuredmedia":[{"embeddable":true,"href":"https:\/\/rmvapesale.com\/de\/wp-json\/wp\/v2\/media\/2129"}],"wp:attachment":[{"href":"https:\/\/rmvapesale.com\/de\/wp-json\/wp\/v2\/media?parent=2127"}],"wp:term":[{"taxonomy":"product_brand","embeddable":true,"href":"https:\/\/rmvapesale.com\/de\/wp-json\/wp\/v2\/product_brand?post=2127"},{"taxonomy":"product_cat","embeddable":true,"href":"https:\/\/rmvapesale.com\/de\/wp-json\/wp\/v2\/product_cat?post=2127"},{"taxonomy":"product_tag","embeddable":true,"href":"https:\/\/rmvapesale.com\/de\/wp-json\/wp\/v2\/product_tag?post=2127"}],"curies":[{"name":"wp","href":"https:\/\/api.w.org\/{rel}","templated":true}]}}