{"id":2168,"date":"2024-09-26T03:21:43","date_gmt":"2024-09-26T03:21:43","guid":{"rendered":"https:\/\/rmvapesale.com\/?post_type=product&#038;p=2168"},"modified":"2025-01-21T09:36:11","modified_gmt":"2025-01-21T09:36:11","slug":"elf-box-shisha-16000-puffs-led-display-disposable-vape","status":"publish","type":"product","link":"https:\/\/rmvapesale.com\/de\/product\/elf-box-shisha-16000-puffs-led-display-disposable-vape\/","title":{"rendered":"ELF BOX Shisha 16000 Puffs LED Display Einweg-Vape"},"content":{"rendered":"<div class=\"B2VR9 CJHX3e\">\n<div class=\"wyccme\">\n<h3 class=\"LC20lb MBeuO DKV0Md\">ELF BOX Shisha 16000 Puffs LED Display Einweg-Vape<\/h3>\n<p>G\u00f6nnen Sie sich luxuri\u00f6ses Dampfen mit dem ELF BOX Shisha 16000 Z\u00fcge LED-Display Einweg-Vape f\u00fcr den Gro\u00dfhandel. Dieses hochmoderne Ger\u00e4t bietet eine beeindruckende Kapazit\u00e4t von 16000 Z\u00fcgen und einen ger\u00e4umigen 28ml E-Liquid-Tank. Mit verschiedenen Nikotinst\u00e4rken und einem praktischen Typ-C-Ladeanschluss erf\u00fcllt es unterschiedliche Vorlieben und gew\u00e4hrleistet ein einfaches Aufladen. Die ELF BOX SHISHA 16000 gl\u00e4nzt durch ihre fortschrittlichen Funktionen und ihr Engagement, ein erstklassiges Dampferlebnis zu bieten.<\/p>\n<\/div>\n<div class=\"wyccme\">\n<p>Erh\u00f6hen Sie Ihr Dampferlebnis mit der ELF BOX SHISHA 16000 \u2013 ein wahres G\u00fctezeichen f\u00fcr Qualit\u00e4t und Innovation bei Einweg-Vapes.<\/p>\n<\/div>\n<\/div>\n<p><strong>Kontaktieren Sie Amy, um die richtige Antwort und weitere Produktvideos zu erhalten!<\/strong><\/p>\n<p><img loading=\"lazy\" decoding=\"async\" class=\"size-full wp-image-1978\" src=\"https:\/\/rmvapesale.com\/wp-content\/uploads\/2024\/09\/Disposable-Vape-Wholesale.jpg\" alt=\"Einweg-Vape Gro\u00dfhandel\" width=\"229\" height=\"300\" \/><\/p>\n<h3><span style=\"color: #ff0000\"><strong>WhatsApp: +86 17776015835<\/strong><\/span><\/h3>\n<p>&nbsp;<\/p>\n<h2><\/h2>\n<h2><strong>ELF BOX Shisha 16000 Z\u00fcge Hauptmerkmale<\/strong><\/h2>\n<p>Z\u00fcge: 16000<br \/>\nKern: Mesh-Spule 0.6 Ohm<br \/>\nE-Liquid: 28ml<br \/>\nNikotin: 0 %\/2 %\/3 %\/5 %<br \/>\nAkku: 18250-600mah<br \/>\nWiederaufladbar: Typ-C<br \/>\nLED-Anzeige<br \/>\nEinstellbare Luftzufuhr<br \/>\nProduktgr\u00f6\u00dfe: 35*36*133.5mm<\/p>\n<h2><\/h2>\n<h2><strong>Top-Geschmacksrichtungen f\u00fcr Vozol ELF BOX Shisha 16000 Z\u00fcge<\/strong><\/h2>\n<p>W\u00e4hlen Sie aus einer fesselnden Auswahl an Geschmacksrichtungen, darunter Blaue Drachenfrucht Pfirsich, Rosen-Traube, Oma-Kirsche und Gr\u00fcne Mango, die alle fachm\u00e4nnisch kreiert wurden, um Ihre Geschmacksknospen zu begeistern. Egal, ob Sie die tropische Essenz von Orangen-Kiefer-Nana-Mango oder das erfrischende Matcha-Minz-Eis bevorzugen, es gibt eine Geschmacksrichtung, die jeden Gaumen zufriedenstellt.<\/p>\n<p>&nbsp;<\/p>\n<p>1.Blue Razz Ice<span style=\"color: #ff0000\"><strong>&gt;&gt;&gt;&gt;Hei\u00df!<\/strong><\/span><br \/>\n2. Erdbeereis<br \/>\n3. Traube-Eis<br \/>\n4. Brombeere-Eis<br \/>\n5. Gemischte Beeren<span style=\"color: #ff0000\"><strong>&gt;&gt;&gt;&gt;Am besten!<\/strong><\/span><br \/>\n6.Doppelter Apfel<br \/>\n7. \u00dcppiges Eis<br \/>\n8. Pfirsich-Mango-Ananas<br \/>\n9.Kirsche Himbeere<br \/>\n10.Kiwi Passionsfrucht<br \/>\n11.Pfirsich-Eis<br \/>\n12.Erdbeer-Wassermelone<span style=\"color: #ff0000\"><strong>&gt;&gt;&gt;&gt;Hei\u00df!<\/strong><\/span><\/p>\n<figure id=\"attachment_2173\" aria-describedby=\"caption-attachment-2173\" style=\"width: 588px\" class=\"wp-caption alignnone\"><img loading=\"lazy\" decoding=\"async\" class=\"wp-image-2173\" src=\"https:\/\/rmvapesale.com\/wp-content\/uploads\/2024\/09\/ELF-BOX-SHISHA-16000-300x300.png\" alt=\"ELF BOX SHISHA 16000\" width=\"588\" height=\"588\" srcset=\"https:\/\/rmvapesale.com\/wp-content\/uploads\/2024\/09\/ELF-BOX-SHISHA-16000-300x300.png 300w, https:\/\/rmvapesale.com\/wp-content\/uploads\/2024\/09\/ELF-BOX-SHISHA-16000-150x150.png 150w, https:\/\/rmvapesale.com\/wp-content\/uploads\/2024\/09\/ELF-BOX-SHISHA-16000-768x768.png 768w, https:\/\/rmvapesale.com\/wp-content\/uploads\/2024\/09\/ELF-BOX-SHISHA-16000-600x600.png 600w, https:\/\/rmvapesale.com\/wp-content\/uploads\/2024\/09\/ELF-BOX-SHISHA-16000-100x100.png 100w, https:\/\/rmvapesale.com\/wp-content\/uploads\/2024\/09\/ELF-BOX-SHISHA-16000.png 788w\" sizes=\"auto, (max-width: 588px) 100vw, 588px\" \/><figcaption id=\"caption-attachment-2173\" class=\"wp-caption-text\">ELF BOX SHISHA 16000<\/figcaption><\/figure>\n<h2><strong>Fragen, die Sie vielleicht zur ELF BOX Shisha 16000 Puffs wissen sollten<\/strong><\/h2>\n<p>&nbsp;<\/p>\n<p><strong>1. Welches Ladeger\u00e4t verwendet eine ELF BOX Shisha 16000 Puffs Vape?<\/strong><br \/>\nSie k\u00f6nnen die ELF BOX Shisha 16000 Puffs Einweg-Vape mit einem1 standardm\u00e4\u00dfigen USB-C-Ladekabel und einem 1A-Ladeadapter oder -Anschluss aufladen.<\/p>\n<p><strong>2. Wie viel Nikotin hat ELF BOX Shisha 16000 Puffs?<\/strong><br \/>\nELF BOX Shisha 16000 Puffs bietet 0%\/2%\/3%\/5% Nikotin zur Auswahl.<\/p>\n<p><strong>3. Ist LF BOX Shisha 16000 Puffs Vape gut?<\/strong><br \/>\nEine LF BOX Shisha 16000 Puffs Einweg-Vape ist perfekt f\u00fcr Anf\u00e4nger und eine zuverl\u00e4ssige Alternative f\u00fcr erfahrene Benutzer, da sie ein beeindruckendes Aussehen und einen gro\u00dfartigen Geschmack bietet.<\/p>\n<p><strong>4. Kann LF BOX Shisha 16000 Puffs nachgef\u00fcllt werden?<\/strong><br \/>\nDie LF BOX Shisha 16000 Puffs Vape ist wiederaufladbar, aber sobald das E-Liquid aufgebraucht ist, sollte sie ordnungsgem\u00e4\u00df entsorgt werden, da Einweg-Vapes Batterien enthalten, die nicht in den2 normalen M\u00fcll geh\u00f6ren.<\/p>\n<p>&nbsp;<\/p>\n<h3><b>H\u00e4ufig gestellte Fragen<\/b><\/h3>\n<p>&nbsp;<\/p>\n<div class=\"flex-shrink-0 flex flex-col relative items-end\">\n<div>\n<div class=\"pt-0\">\n<div class=\"gizmo-bot-avatar flex h-8 w-8 items-center justify-center overflow-hidden rounded-full\">\n<div class=\"relative p-1 rounded-sm flex items-center justify-center bg-token-main-surface-primary text-token-text-primary h-8 w-8\"><strong>Welche Versandarten werden verwendet?<\/strong><\/div>\n<\/div>\n<\/div>\n<\/div>\n<\/div>\n<div class=\"group\/conversation-turn relative flex w-full min-w-0 flex-col agent-turn\">\n<div class=\"flex-col gap-1 md:gap-3\">\n<div class=\"flex max-w-full flex-col flex-grow\">\n<div class=\"min-h-[20px] text-message flex w-full flex-col items-end gap-2 whitespace-normal break-words [.text-message+&amp;]:mt-5 overflow-x-auto\" dir=\"auto\" data-message-author-role=\"assistant\" data-message-id=\"22f8283b-3233-46ff-89a5-c7a41b33abda\">\n<div class=\"flex w-full flex-col gap-1 empty:hidden first:pt-[3px]\">\n<div class=\"markdown prose w-full break-words dark:prose-invert light\">\n<p>Wir arbeiten mit UPS, DHL, FedEx, DPD und anderen f\u00fchrenden Transportunternehmen zusammen. Wir w\u00e4hlen die beste Versandmethode basierend auf Ihrem Lieferort aus, um sicherzustellen, dass Sie Ihre Produkte so schnell wie m\u00f6glich erhalten.<\/p>\n<\/div>\n<p><strong>Wie lange dauert die Lieferung?<\/strong><\/p>\n<p>Pakete, die nach Deutschland versandt werden, kommen normalerweise innerhalb von 10 Werktagen an. Der Versand in europ\u00e4ische L\u00e4nder dauert in der Regel etwa 12-15 Werktage. Wir werden Ihnen Echtzeit-Updates zu Ihrem Versandstatus bereitstellen.<\/p>\n<\/div>\n<p><strong>Garantie<\/strong><\/p>\n<p><span style=\"color: #ff0000\"><strong>Alle Produkte in unserem Shop sind zu 100 % original und authentisch. Wir bieten die 10-fache Entsch\u00e4digung f\u00fcr gef\u00e4lschte Waren!<\/strong><\/span><\/p>\n<div class=\"flex w-full flex-col gap-1 empty:hidden first:pt-[3px]\">\n<p>&nbsp;<\/p>\n<\/div>\n<\/div>\n<\/div>\n<\/div>\n<\/div>\n<p>&nbsp;<\/p>\n<p>Andere beliebte Vapes, die Ihnen gefallen k\u00f6nnten:<\/p>\n<p>&nbsp;<\/p>\n<p><a href=\"https:\/\/rmvapesale.com\/de\/product\/original-randm-vape-digital-puff-12000-fumot-factory-price\/\"><strong>Randm Digital 12000 Z\u00fcge<\/strong><\/a><\/p>\n<p><strong><a href=\"https:\/\/rmvapesale.com\/de\/product\/vozol-vista-20000-puffs-smart-disposable-vape\/\">Vozol Vista 20000 Z\u00fcge\u00a0<\/a><\/strong><\/p>\n<p><a href=\"https:\/\/rmvapesale.com\/de\/product\/wga-crystal-pro-max-10000-puffs-disposable-vape\/\"><strong>WGA Crystal Pro Max 10000 Z\u00fcge<\/strong><\/a><\/p>\n<p><a href=\"https:\/\/rmvapesale.com\/de\/product\/vapme-crystal-7000-puffs-rechargeable-disposable-vape-price\/\"><strong>Vapme Crystal 7000 Z\u00fcge<\/strong><\/a><\/p>\n<p>&nbsp;<\/p>\n<p>&nbsp;<\/p>\n<p>Finden Sie weitere Vape-Produkte, die Ihnen gefallen k\u00f6nnten:<strong><em><a href=\"https:\/\/rmvapesale.com\/de\/shop-2\/\">jetzt einkaufen &gt;&gt;&gt;<\/a><\/em><\/strong><\/p>","protected":false},"excerpt":{"rendered":"<p>Original Elf Box 16000 Shisha E-Zigaretten Gro\u00dfh\u00e4ndler<br \/>\nELF Box Shisha 16000 Z\u00fcge Einweg-E-Zigarette 12 Geschmacksrichtungen<br \/>\nELF BOX Shisha 16000 Puffs LED Display Einweg-Vape<\/p>\n<p><strong>Kontaktieren Sie Amy f\u00fcr mehr Rabatt und die richtige Antwort<\/strong><\/p>\n<p><img loading=\"lazy\" decoding=\"async\" class=\"size-full wp-image-1978\" src=\"https:\/\/rmvapesale.com\/wp-content\/uploads\/2024\/09\/Disposable-Vape-Wholesale.jpg\" alt=\"Einweg-Vape Gro\u00dfhandel\" width=\"229\" height=\"300\" \/><\/p>\n<h3><span style=\"color: #ff0000\"><strong>WhatsApp: +86 17776015835<\/strong><\/span><\/h3>","protected":false},"featured_media":2170,"comment_status":"open","ping_status":"closed","template":"","meta":{"_uag_custom_page_level_css":"","_lmt_disableupdate":"no","_lmt_disable":"","site-sidebar-layout":"default","site-content-layout":"content-boxed-container","ast-site-content-layout":"normal-width-container","site-content-style":"boxed","site-sidebar-style":"unboxed","ast-global-header-display":"","ast-banner-title-visibility":"","ast-main-header-display":"","ast-hfb-above-header-display":"","ast-hfb-below-header-display":"","ast-hfb-mobile-header-display":"","site-post-title":"","ast-breadcrumbs-content":"","ast-featured-img":"","footer-sml-layout":"","theme-transparent-header-meta":"default","adv-header-id-meta":"","stick-header-meta":"","header-above-stick-meta":"","header-main-stick-meta":"","header-below-stick-meta":"","astra-migrate-meta-layouts":"set","ast-page-background-enabled":"default","ast-page-background-meta":{"desktop":{"background-color":"var(--ast-global-color-4)","background-image":"","background-repeat":"repeat","background-position":"center center","background-size":"auto","background-attachment":"scroll","background-type":"","background-media":"","overlay-type":"","overlay-color":"","overlay-opacity":"","overlay-gradient":""},"tablet":{"background-color":"","background-image":"","background-repeat":"repeat","background-position":"center center","background-size":"auto","background-attachment":"scroll","background-type":"","background-media":"","overlay-type":"","overlay-color":"","overlay-opacity":"","overlay-gradient":""},"mobile":{"background-color":"","background-image":"","background-repeat":"repeat","background-position":"center center","background-size":"auto","background-attachment":"scroll","background-type":"","background-media":"","overlay-type":"","overlay-color":"","overlay-opacity":"","overlay-gradient":""}},"ast-content-background-meta":{"desktop":{"background-color":"var(--ast-global-color-5)","background-image":"","background-repeat":"repeat","background-position":"center center","background-size":"auto","background-attachment":"scroll","background-type":"","background-media":"","overlay-type":"","overlay-color":"","overlay-opacity":"","overlay-gradient":""},"tablet":{"background-color":"var(--ast-global-color-5)","background-image":"","background-repeat":"repeat","background-position":"center center","background-size":"auto","background-attachment":"scroll","background-type":"","background-media":"","overlay-type":"","overlay-color":"","overlay-opacity":"","overlay-gradient":""},"mobile":{"background-color":"var(--ast-global-color-5)","background-image":"","background-repeat":"repeat","background-position":"center center","background-size":"auto","background-attachment":"scroll","background-type":"","background-media":"","overlay-type":"","overlay-color":"","overlay-opacity":"","overlay-gradient":""}},"_joinchat":[]},"product_brand":[],"product_cat":[15,289,293,295,296,299,288,25,123,26,28,135,27,137,136,30],"product_tag":[63,99,100,101,54,43],"class_list":{"0":"post-2168","1":"product","2":"type-product","3":"status-publish","4":"has-post-thumbnail","6":"product_cat-new-vape-this-week","7":"product_cat-big-puffs-disposable-vapes","8":"product_cat-low-nicotine-disposable-vapes","9":"product_cat-rechargeable-disposable-vapes","10":"product_cat-shisha-hookah-disposable-vapes","11":"product_cat-smart-screen-disposable-vapes","12":"product_cat-elf-box-vape","13":"product_cat-germany-best-selling-vape","14":"product_cat-italy-wholesale-vape","15":"product_cat-netherlands-hot-sale-vape","16":"product_cat-poland-hot-sale-vape","17":"product_cat-spain-best-hot-sale-vape","18":"product_cat-fance-hot-sale-vape","19":"product_cat-rechargeable-vapes","20":"product_cat-smart-screen-vapes","21":"product_cat-minimum-order-quantity-50pcs","22":"product_tag-bang-vapes","23":"product_tag-disposable-vape-wholesale","24":"product_tag-elf-box-shisha-16000","25":"product_tag-led-display-vape","26":"product_tag-rechargeable-disposable-vape","27":"product_tag-shisha-vape","28":"desktop-align-left","29":"tablet-align-left","30":"mobile-align-left","32":"first","33":"instock","34":"sale","35":"shipping-taxable","36":"purchasable","37":"product-type-simple"},"uagb_featured_image_src":{"full":["https:\/\/rmvapesale.com\/wp-content\/uploads\/2024\/09\/ELF-BOX-Shisha-16000-Puffs-Disposable-Vape.png",788,788,false],"thumbnail":["https:\/\/rmvapesale.com\/wp-content\/uploads\/2024\/09\/ELF-BOX-Shisha-16000-Puffs-Disposable-Vape-150x150.png",150,150,true],"medium":["https:\/\/rmvapesale.com\/wp-content\/uploads\/2024\/09\/ELF-BOX-Shisha-16000-Puffs-Disposable-Vape-300x300.png",300,300,true],"medium_large":["https:\/\/rmvapesale.com\/wp-content\/uploads\/2024\/09\/ELF-BOX-Shisha-16000-Puffs-Disposable-Vape-768x768.png",768,768,true],"large":["https:\/\/rmvapesale.com\/wp-content\/uploads\/2024\/09\/ELF-BOX-Shisha-16000-Puffs-Disposable-Vape.png",788,788,false],"1536x1536":["https:\/\/rmvapesale.com\/wp-content\/uploads\/2024\/09\/ELF-BOX-Shisha-16000-Puffs-Disposable-Vape.png",788,788,false],"2048x2048":["https:\/\/rmvapesale.com\/wp-content\/uploads\/2024\/09\/ELF-BOX-Shisha-16000-Puffs-Disposable-Vape.png",788,788,false],"trp-custom-language-flag":["https:\/\/rmvapesale.com\/wp-content\/uploads\/2024\/09\/ELF-BOX-Shisha-16000-Puffs-Disposable-Vape.png",12,12,false],"woocommerce_thumbnail":["https:\/\/rmvapesale.com\/wp-content\/uploads\/2024\/09\/ELF-BOX-Shisha-16000-Puffs-Disposable-Vape-300x300.png",300,300,true],"woocommerce_single":["https:\/\/rmvapesale.com\/wp-content\/uploads\/2024\/09\/ELF-BOX-Shisha-16000-Puffs-Disposable-Vape-600x600.png",600,600,true],"woocommerce_gallery_thumbnail":["https:\/\/rmvapesale.com\/wp-content\/uploads\/2024\/09\/ELF-BOX-Shisha-16000-Puffs-Disposable-Vape-100x100.png",100,100,true],"wcpr-photo-reviews":["https:\/\/rmvapesale.com\/wp-content\/uploads\/2024\/09\/ELF-BOX-Shisha-16000-Puffs-Disposable-Vape.png",500,500,false]},"uagb_author_info":{"display_name":"AMY","author_link":"https:\/\/rmvapesale.com\/de\/author\/"},"uagb_comment_info":0,"uagb_excerpt":"Original Elf Box 16000 Shisha Ecigs Wholesale Supplier ELF Box Shisha 16000 Puffs Disposable E-cigarette 12 Flaovr ELF BOX Shisha 16000 Puffs Disposable Vape LED Display Contact Amy For More Discount And Right Reply WhatsApp: +86 17776015835","_links":{"self":[{"href":"https:\/\/rmvapesale.com\/de\/wp-json\/wp\/v2\/product\/2168","targetHints":{"allow":["GET"]}}],"collection":[{"href":"https:\/\/rmvapesale.com\/de\/wp-json\/wp\/v2\/product"}],"about":[{"href":"https:\/\/rmvapesale.com\/de\/wp-json\/wp\/v2\/types\/product"}],"replies":[{"embeddable":true,"href":"https:\/\/rmvapesale.com\/de\/wp-json\/wp\/v2\/comments?post=2168"}],"wp:featuredmedia":[{"embeddable":true,"href":"https:\/\/rmvapesale.com\/de\/wp-json\/wp\/v2\/media\/2170"}],"wp:attachment":[{"href":"https:\/\/rmvapesale.com\/de\/wp-json\/wp\/v2\/media?parent=2168"}],"wp:term":[{"taxonomy":"product_brand","embeddable":true,"href":"https:\/\/rmvapesale.com\/de\/wp-json\/wp\/v2\/product_brand?post=2168"},{"taxonomy":"product_cat","embeddable":true,"href":"https:\/\/rmvapesale.com\/de\/wp-json\/wp\/v2\/product_cat?post=2168"},{"taxonomy":"product_tag","embeddable":true,"href":"https:\/\/rmvapesale.com\/de\/wp-json\/wp\/v2\/product_tag?post=2168"}],"curies":[{"name":"wp","href":"https:\/\/api.w.org\/{rel}","templated":true}]}}