{"id":2180,"date":"2024-09-26T05:57:54","date_gmt":"2024-09-26T05:57:54","guid":{"rendered":"https:\/\/rmvapesale.com\/?post_type=product&#038;p=2180"},"modified":"2025-01-21T09:37:06","modified_gmt":"2025-01-21T09:37:06","slug":"elf-box-ls15000-puffs-shisha-hookah-disposable-vape","status":"publish","type":"product","link":"https:\/\/rmvapesale.com\/de\/product\/elf-box-ls15000-puffs-shisha-hookah-disposable-vape\/","title":{"rendered":"ELf BOX LS15000 Z\u00fcge Shisha Hookah Einweg-Vape"},"content":{"rendered":"<div class=\"B2VR9 CJHX3e\">\n<div class=\"wyccme\">\n<h3 class=\"LC20lb MBeuO DKV0Md\">ELf BOX LS15000 Z\u00fcge Shisha Hookah Einweg-Vape<\/h3>\n<p>Einf\u00fchrung des ELF BOX LS15000 Z\u00fcge Shisha Hookah Einweg-Vape, jetzt im Gro\u00dfhandel erh\u00e4ltlich. Dieses sorgf\u00e4ltig gefertigte Ger\u00e4t besticht durch ein atemberaubendes Kristalldesign, das mit seinem eleganten und stilvollen Aussehen fasziniert. Ausgestattet mit einer fortschrittlichen Mesh-Spule liefert der ELF BOX LS15000 bei jedem Zug reichhaltigen, geschmackvollen Dampf und sorgt f\u00fcr unvergleichliche Zufriedenheit Ihrer Kunden. Die Schnellladefunktion Typ-C reduziert die Ausfallzeiten, erm\u00f6glicht l\u00e4ngere Dampf-Sessions und erh\u00f6ht den Genuss. Mit einer beeindruckenden Kapazit\u00e4t von 15.000 Z\u00fcgen und 26 ml E-Liquid bietet dieses Vape au\u00dfergew\u00f6hnliche Langlebigkeit und Wert. Erh\u00e4ltlich in Nikotinst\u00e4rken 0%\/2%\/3%\/5%, deckt es eine breite Palette von Vorlieben ab.<\/p>\n<p>Verbessern Sie noch heute Ihre Dampferreise mit ELF BOX LS15000 Z\u00fcge Shisha Hookah!<\/p>\n<\/div>\n<\/div>\n<p><strong>Kontaktieren Sie Amy, um die richtige Antwort und weitere Produktvideos zu erhalten!<\/strong><\/p>\n<p><img loading=\"lazy\" decoding=\"async\" class=\"size-full wp-image-1978\" src=\"https:\/\/rmvapesale.com\/wp-content\/uploads\/2024\/09\/Disposable-Vape-Wholesale.jpg\" alt=\"Einweg-Vape Gro\u00dfhandel\" width=\"229\" height=\"300\" \/><\/p>\n<h3><span style=\"color: #ff0000\"><strong>WhatsApp: +86 17776015835<\/strong><\/span><\/h3>\n<p>&nbsp;<\/p>\n<h2><\/h2>\n<h2><strong>ELF BOX LS15000 Z\u00fcge Shisha Hookah Schl\u00fcsselmerkmale<\/strong><\/h2>\n<p>Z\u00fcge: 15000<br \/>\nKern: Mesh-Spule 0.6 Ohm<br \/>\nE-Liquid: 26ml<br \/>\nNikotin: 0 %\/2 %\/3 %\/5 %<br \/>\nAkku: 18250-600mah<br \/>\nWiederaufladbar: Typ-C<\/p>\n<h2><\/h2>\n<h2><strong>Top-Geschmack f\u00fcr ELF BOX LS15000 Shisha Hookah<\/strong><\/h2>\n<p>W\u00e4hlen Sie aus einer Vielzahl verlockender Geschmacksrichtungen, von erfrischender Wassermelone Eis bis hin zu exotischer Kiwi Passionsfrucht, um sicherzustellen, dass f\u00fcr jeden etwas dabei ist. Jede Packung enth\u00e4lt ein ELF BOX LS15000 Shisha Hookah Einweg-Vape, mit 10 Packungen pro Karton.<\/p>\n<p>&nbsp;<\/p>\n<p>1. Brombeere Eis<span style=\"color: #ff0000\"><strong>&gt;&gt;&gt;&gt;Hei\u00df!<\/strong><\/span><br \/>\n2. Blaubeere auf Eis<br \/>\n3. Kiwi Passionsfrucht<br \/>\n4. Erdbeer Kiwi<span style=\"color: #ff0000\"><strong>&gt;&gt;&gt;&gt;Hei\u00df!<\/strong><\/span><br \/>\n5.Blaue Himbeere Limonade<br \/>\n6.Wassermelonen-Eis<br \/>\n7. Erdbeer-Wassermelone<br \/>\n8. Erdbeer Eis<br \/>\n9. Pfirsich Mango Ananas<br \/>\n10. Traube Eis<br \/>\n11. Mango Banane<br \/>\n12. Gemischte Beeren<span style=\"color: #ff0000\"><strong>&gt;&gt;&gt;&gt;Am besten!<\/strong><\/span><\/p>\n<figure id=\"attachment_2179\" aria-describedby=\"caption-attachment-2179\" style=\"width: 788px\" class=\"wp-caption alignnone\"><img loading=\"lazy\" decoding=\"async\" class=\"wp-image-2179 size-full\" src=\"https:\/\/rmvapesale.com\/wp-content\/uploads\/2024\/09\/ELF-BOX-LS15000-Shisha-Wholesale.png\" alt=\"ELF BOX LS15000 Shisha Gro\u00dfhandel\" width=\"788\" height=\"550\" srcset=\"https:\/\/rmvapesale.com\/wp-content\/uploads\/2024\/09\/ELF-BOX-LS15000-Shisha-Wholesale.png 788w, https:\/\/rmvapesale.com\/wp-content\/uploads\/2024\/09\/ELF-BOX-LS15000-Shisha-Wholesale-300x209.png 300w, https:\/\/rmvapesale.com\/wp-content\/uploads\/2024\/09\/ELF-BOX-LS15000-Shisha-Wholesale-768x536.png 768w, https:\/\/rmvapesale.com\/wp-content\/uploads\/2024\/09\/ELF-BOX-LS15000-Shisha-Wholesale-600x419.png 600w\" sizes=\"auto, (max-width: 788px) 100vw, 788px\" \/><figcaption id=\"caption-attachment-2179\" class=\"wp-caption-text\">ELF BOX LS15000 Shisha Gro\u00dfhandel<\/figcaption><\/figure>\n<h2><strong>Fragen, die Sie \u00fcber ELf BOX LS15000 Shisha Hookah wissen k\u00f6nnten<\/strong><\/h2>\n<p>&nbsp;<\/p>\n<p><strong>1. Welches Ladeger\u00e4t verwendet eine ELf BOX LS15000 Shisha Hookah E-Zigarette?<\/strong><br \/>\nSie k\u00f6nnen die ELF BOX Shisha 16000 Puffs Einweg-Vape mit einem1 standardm\u00e4\u00dfigen USB-C-Ladekabel und einem 1A-Ladeadapter oder -Anschluss aufladen.<\/p>\n<p><strong>2. Wie viel Nikotin enth\u00e4lt die ELf BOX LS15000 Shisha Hookah?<\/strong><br \/>\nELf BOX LS15000 Shisha Hookah bietet 0%\/2%\/3%\/5% Nikotin zur Auswahl.<\/p>\n<p><strong>3. Ist ELf BOX LS15000 Shisha HookahVape gut?<\/strong><br \/>\nEin ELf BOX LS15000 Shisha Hookah Einweg-Vape ist perfekt f\u00fcr Anf\u00e4nger und eine zuverl\u00e4ssige Backup-L\u00f6sung f\u00fcr erfahrene Nutzer, bietet ein beeindruckendes Aussehen und gro\u00dfartigen Geschmack.<\/p>\n<p><strong>4. Kann ELf BOX LS15000 Shisha Hookah nachgef\u00fcllt werden?<\/strong><br \/>\nDie ELf BOX LS15000 Shisha Hookah Vape ist wiederaufladbar, aber sobald das E-Liquid aufgebraucht ist, sollte sie ordnungsgem\u00e4\u00df entsorgt werden, da Einweg-Vapes Batterien enthalten, die nicht in den normalen M\u00fcll geh\u00f6ren.<\/p>\n<p>&nbsp;<\/p>\n<h3><b>H\u00e4ufig gestellte Fragen<\/b><\/h3>\n<p>&nbsp;<\/p>\n<div class=\"flex-shrink-0 flex flex-col relative items-end\">\n<div>\n<div class=\"pt-0\">\n<div class=\"gizmo-bot-avatar flex h-8 w-8 items-center justify-center overflow-hidden rounded-full\">\n<div class=\"relative p-1 rounded-sm flex items-center justify-center bg-token-main-surface-primary text-token-text-primary h-8 w-8\"><strong>Welche Versandarten werden verwendet?<\/strong><\/div>\n<\/div>\n<\/div>\n<\/div>\n<\/div>\n<div class=\"group\/conversation-turn relative flex w-full min-w-0 flex-col agent-turn\">\n<div class=\"flex-col gap-1 md:gap-3\">\n<div class=\"flex max-w-full flex-col flex-grow\">\n<div class=\"min-h-[20px] text-message flex w-full flex-col items-end gap-2 whitespace-normal break-words [.text-message+&amp;]:mt-5 overflow-x-auto\" dir=\"auto\" data-message-author-role=\"assistant\" data-message-id=\"22f8283b-3233-46ff-89a5-c7a41b33abda\">\n<div class=\"flex w-full flex-col gap-1 empty:hidden first:pt-[3px]\">\n<div class=\"markdown prose w-full break-words dark:prose-invert light\">\n<p>Wir arbeiten mit UPS, DHL, FedEx, DPD und anderen f\u00fchrenden Transportunternehmen zusammen. Wir w\u00e4hlen die beste Versandmethode basierend auf Ihrem Lieferort aus, um sicherzustellen, dass Sie Ihre Produkte so schnell wie m\u00f6glich erhalten.<\/p>\n<\/div>\n<p><strong>Wie lange dauert die Lieferung?<\/strong><\/p>\n<p>Pakete, die nach Deutschland versandt werden, kommen normalerweise innerhalb von 10 Werktagen an. Der Versand in europ\u00e4ische L\u00e4nder dauert in der Regel etwa 12-15 Werktage. Wir werden Ihnen Echtzeit-Updates zu Ihrem Versandstatus bereitstellen.<\/p>\n<\/div>\n<p><strong>Garantie<\/strong><\/p>\n<p><span style=\"color: #ff0000\"><strong>Alle Produkte in unserem Shop sind zu 100 % original und authentisch. Wir bieten die 10-fache Entsch\u00e4digung f\u00fcr gef\u00e4lschte Waren!<\/strong><\/span><\/p>\n<div class=\"flex w-full flex-col gap-1 empty:hidden first:pt-[3px]\">\n<p>&nbsp;<\/p>\n<\/div>\n<\/div>\n<\/div>\n<\/div>\n<\/div>\n<p>&nbsp;<\/p>\n<p>Andere beliebte Vapes, die Ihnen gefallen k\u00f6nnten:<\/p>\n<p>&nbsp;<\/p>\n<p><a href=\"https:\/\/rmvapesale.com\/de\/product\/original-randm-vape-digital-puff-12000-fumot-factory-price\/\"><strong>Randm Digital 12000 Z\u00fcge<\/strong><\/a><\/p>\n<p><strong><a href=\"https:\/\/rmvapesale.com\/de\/product\/vozol-vista-20000-puffs-smart-disposable-vape\/\">Vozol Vista 20000 Z\u00fcge\u00a0<\/a><\/strong><\/p>\n<p><a href=\"https:\/\/rmvapesale.com\/de\/product\/bang-shisha-15000-puffs-disposable-vape-puff-15k-wholesale\/\"><strong>Bang Shisha 15000 Z\u00fcge<\/strong><\/a><\/p>\n<p><a href=\"https:\/\/rmvapesale.com\/de\/product\/randm-tornado-20000-puffs-original-fumot-vape-wholesale\/\"><strong>RandM Tornado 20000 Z\u00fcge<\/strong><\/a><\/p>\n<p>&nbsp;<\/p>\n<p>&nbsp;<\/p>\n<p>Finden Sie weitere Vape-Produkte, die Ihnen gefallen k\u00f6nnten:<strong><em><a href=\"https:\/\/rmvapesale.com\/de\/shop-2\/\">jetzt einkaufen &gt;&gt;&gt;<\/a><\/em><\/strong><\/p>","protected":false},"excerpt":{"rendered":"<p>ELF BOX LS15000Z\u00fcge Shisha Hookah Nikotin 0% 2% 3% 5%<br \/>\nGro\u00dfhandel ELF BOX LS15000 Z\u00fcge Einweg-Vape<br \/>\nELf BOX LS15000 Z\u00fcge Shisha Hookah Einweg-Vape<\/p>\n<p><strong>Kontaktieren Sie Amy f\u00fcr mehr Rabatt und die richtige Antwort<\/strong><\/p>\n<p><img loading=\"lazy\" decoding=\"async\" class=\"size-full wp-image-1978\" src=\"https:\/\/rmvapesale.com\/wp-content\/uploads\/2024\/09\/Disposable-Vape-Wholesale.jpg\" alt=\"Einweg-Vape Gro\u00dfhandel\" width=\"229\" height=\"300\" \/><\/p>\n<h3><span style=\"color: #ff0000\"><strong>WhatsApp: +86 17776015835<\/strong><\/span><\/h3>","protected":false},"featured_media":2175,"comment_status":"open","ping_status":"closed","template":"","meta":{"_uag_custom_page_level_css":"","_lmt_disableupdate":"no","_lmt_disable":"","site-sidebar-layout":"default","site-content-layout":"content-boxed-container","ast-site-content-layout":"normal-width-container","site-content-style":"boxed","site-sidebar-style":"unboxed","ast-global-header-display":"","ast-banner-title-visibility":"","ast-main-header-display":"","ast-hfb-above-header-display":"","ast-hfb-below-header-display":"","ast-hfb-mobile-header-display":"","site-post-title":"","ast-breadcrumbs-content":"","ast-featured-img":"","footer-sml-layout":"","theme-transparent-header-meta":"default","adv-header-id-meta":"","stick-header-meta":"","header-above-stick-meta":"","header-main-stick-meta":"","header-below-stick-meta":"","astra-migrate-meta-layouts":"set","ast-page-background-enabled":"default","ast-page-background-meta":{"desktop":{"background-color":"var(--ast-global-color-4)","background-image":"","background-repeat":"repeat","background-position":"center center","background-size":"auto","background-attachment":"scroll","background-type":"","background-media":"","overlay-type":"","overlay-color":"","overlay-opacity":"","overlay-gradient":""},"tablet":{"background-color":"","background-image":"","background-repeat":"repeat","background-position":"center center","background-size":"auto","background-attachment":"scroll","background-type":"","background-media":"","overlay-type":"","overlay-color":"","overlay-opacity":"","overlay-gradient":""},"mobile":{"background-color":"","background-image":"","background-repeat":"repeat","background-position":"center center","background-size":"auto","background-attachment":"scroll","background-type":"","background-media":"","overlay-type":"","overlay-color":"","overlay-opacity":"","overlay-gradient":""}},"ast-content-background-meta":{"desktop":{"background-color":"var(--ast-global-color-5)","background-image":"","background-repeat":"repeat","background-position":"center center","background-size":"auto","background-attachment":"scroll","background-type":"","background-media":"","overlay-type":"","overlay-color":"","overlay-opacity":"","overlay-gradient":""},"tablet":{"background-color":"var(--ast-global-color-5)","background-image":"","background-repeat":"repeat","background-position":"center center","background-size":"auto","background-attachment":"scroll","background-type":"","background-media":"","overlay-type":"","overlay-color":"","overlay-opacity":"","overlay-gradient":""},"mobile":{"background-color":"var(--ast-global-color-5)","background-image":"","background-repeat":"repeat","background-position":"center center","background-size":"auto","background-attachment":"scroll","background-type":"","background-media":"","overlay-type":"","overlay-color":"","overlay-opacity":"","overlay-gradient":""}},"_joinchat":[]},"product_brand":[],"product_cat":[15,289,292,293,295,296,299,25,123,26,28,135,27,61,137,136,30],"product_tag":[99,102,101,54,103,43],"class_list":{"0":"post-2180","1":"product","2":"type-product","3":"status-publish","4":"has-post-thumbnail","6":"product_cat-new-vape-this-week","7":"product_cat-big-puffs-disposable-vapes","8":"product_cat-digital-disposable-vapes","9":"product_cat-low-nicotine-disposable-vapes","10":"product_cat-rechargeable-disposable-vapes","11":"product_cat-shisha-hookah-disposable-vapes","12":"product_cat-smart-screen-disposable-vapes","13":"product_cat-germany-best-selling-vape","14":"product_cat-italy-wholesale-vape","15":"product_cat-netherlands-hot-sale-vape","16":"product_cat-poland-hot-sale-vape","17":"product_cat-spain-best-hot-sale-vape","18":"product_cat-fance-hot-sale-vape","19":"product_cat-15000-puffs-disposable-vapes","20":"product_cat-rechargeable-vapes","21":"product_cat-smart-screen-vapes","22":"product_cat-minimum-order-quantity-50pcs","23":"product_tag-disposable-vape-wholesale","24":"product_tag-elf-box-ls15000-shisha-hookah","25":"product_tag-led-display-vape","26":"product_tag-rechargeable-disposable-vape","27":"product_tag-shisha-hookah","28":"product_tag-shisha-vape","29":"desktop-align-left","30":"tablet-align-left","31":"mobile-align-left","33":"first","34":"instock","35":"sale","36":"shipping-taxable","37":"purchasable","38":"product-type-simple"},"uagb_featured_image_src":{"full":["https:\/\/rmvapesale.com\/wp-content\/uploads\/2024\/09\/ELF-BOX-LS15000-Puff-Shisha-Hookah-Vape-Wholesale.png",800,800,false],"thumbnail":["https:\/\/rmvapesale.com\/wp-content\/uploads\/2024\/09\/ELF-BOX-LS15000-Puff-Shisha-Hookah-Vape-Wholesale-150x150.png",150,150,true],"medium":["https:\/\/rmvapesale.com\/wp-content\/uploads\/2024\/09\/ELF-BOX-LS15000-Puff-Shisha-Hookah-Vape-Wholesale-300x300.png",300,300,true],"medium_large":["https:\/\/rmvapesale.com\/wp-content\/uploads\/2024\/09\/ELF-BOX-LS15000-Puff-Shisha-Hookah-Vape-Wholesale-768x768.png",768,768,true],"large":["https:\/\/rmvapesale.com\/wp-content\/uploads\/2024\/09\/ELF-BOX-LS15000-Puff-Shisha-Hookah-Vape-Wholesale.png",800,800,false],"1536x1536":["https:\/\/rmvapesale.com\/wp-content\/uploads\/2024\/09\/ELF-BOX-LS15000-Puff-Shisha-Hookah-Vape-Wholesale.png",800,800,false],"2048x2048":["https:\/\/rmvapesale.com\/wp-content\/uploads\/2024\/09\/ELF-BOX-LS15000-Puff-Shisha-Hookah-Vape-Wholesale.png",800,800,false],"trp-custom-language-flag":["https:\/\/rmvapesale.com\/wp-content\/uploads\/2024\/09\/ELF-BOX-LS15000-Puff-Shisha-Hookah-Vape-Wholesale.png",12,12,false],"woocommerce_thumbnail":["https:\/\/rmvapesale.com\/wp-content\/uploads\/2024\/09\/ELF-BOX-LS15000-Puff-Shisha-Hookah-Vape-Wholesale-300x300.png",300,300,true],"woocommerce_single":["https:\/\/rmvapesale.com\/wp-content\/uploads\/2024\/09\/ELF-BOX-LS15000-Puff-Shisha-Hookah-Vape-Wholesale-600x600.png",600,600,true],"woocommerce_gallery_thumbnail":["https:\/\/rmvapesale.com\/wp-content\/uploads\/2024\/09\/ELF-BOX-LS15000-Puff-Shisha-Hookah-Vape-Wholesale-100x100.png",100,100,true],"wcpr-photo-reviews":["https:\/\/rmvapesale.com\/wp-content\/uploads\/2024\/09\/ELF-BOX-LS15000-Puff-Shisha-Hookah-Vape-Wholesale.png",500,500,false]},"uagb_author_info":{"display_name":"AMY","author_link":"https:\/\/rmvapesale.com\/de\/author\/"},"uagb_comment_info":0,"uagb_excerpt":"ELF BOX LS15000Puffs Shisha Hookah Nicotine 0% 2% 3% 5% Wholesale ELF BOX LS15000 Puffs Disposable Vape ELf BOX LS15000 Puffs Shisha Hookah Disposable Vape Contact Amy For More Discount And Right Reply WhatsApp: +86 17776015835","_links":{"self":[{"href":"https:\/\/rmvapesale.com\/de\/wp-json\/wp\/v2\/product\/2180","targetHints":{"allow":["GET"]}}],"collection":[{"href":"https:\/\/rmvapesale.com\/de\/wp-json\/wp\/v2\/product"}],"about":[{"href":"https:\/\/rmvapesale.com\/de\/wp-json\/wp\/v2\/types\/product"}],"replies":[{"embeddable":true,"href":"https:\/\/rmvapesale.com\/de\/wp-json\/wp\/v2\/comments?post=2180"}],"wp:featuredmedia":[{"embeddable":true,"href":"https:\/\/rmvapesale.com\/de\/wp-json\/wp\/v2\/media\/2175"}],"wp:attachment":[{"href":"https:\/\/rmvapesale.com\/de\/wp-json\/wp\/v2\/media?parent=2180"}],"wp:term":[{"taxonomy":"product_brand","embeddable":true,"href":"https:\/\/rmvapesale.com\/de\/wp-json\/wp\/v2\/product_brand?post=2180"},{"taxonomy":"product_cat","embeddable":true,"href":"https:\/\/rmvapesale.com\/de\/wp-json\/wp\/v2\/product_cat?post=2180"},{"taxonomy":"product_tag","embeddable":true,"href":"https:\/\/rmvapesale.com\/de\/wp-json\/wp\/v2\/product_tag?post=2180"}],"curies":[{"name":"wp","href":"https:\/\/api.w.org\/{rel}","templated":true}]}}