{"id":2238,"date":"2024-09-29T07:26:38","date_gmt":"2024-09-29T07:26:38","guid":{"rendered":"https:\/\/rmvapesale.com\/?post_type=product&#038;p=2238"},"modified":"2025-01-21T09:55:12","modified_gmt":"2025-01-21T09:55:12","slug":"uzy-bang-king-12000-puffs-disposable-vape-20-flavors","status":"publish","type":"product","link":"https:\/\/rmvapesale.com\/de\/product\/uzy-bang-king-12000-puffs-disposable-vape-20-flavors\/","title":{"rendered":"UZY Bang King 12000 Z\u00fcge Einweg-Vape 20 Geschmacksrichtungen"},"content":{"rendered":"<div class=\"B2VR9 CJHX3e\">\n<div class=\"wyccme\">\n<h1 class=\"LC20lb MBeuO DKV0Md\">UZY Bang King 12000 Puffs Einweg-Vape 20 Geschmacksrichtungen Gro\u00dfhandel<\/h1>\n<p>Der UZY Bang King 12000 Puffs ist ein robuster Einweg-Vape mit gro\u00dfer Kapazit\u00e4t, der durch seine beeindruckende Leistung, Geschmacksqualit\u00e4t und breite Auswahl an Optionen popul\u00e4r geworden ist. Viele Enthusiasten betrachten Bang Vape als Anbieter einiger der besten verf\u00fcgbaren Geschmacksrichtungen. Das Einweg-Vape-Ger\u00e4t ist in 20 verschiedenen Geschmacksrichtungen mit Nikotinwerten von 5%, 3%, 2% und 0% erh\u00e4ltlich. Mit einer herausragenden E-Liquid-Kapazit\u00e4t von 23 ml liefert es bis zu 12.000 Z\u00fcge. Angetrieben von einem wiederaufladbaren 650-mAh-Akku, verf\u00fcgt es \u00fcber ein Hochleistungs-Mesh-Coil-System f\u00fcr ein verbessertes Dampferlebnis.<\/p>\n<p>Erh\u00f6hen Sie Ihren Stil und Ihre Erfahrung mit UZY Bang King 12000 Puffs \u2013 wo Luxus auf Zug\u00e4nglichkeit trifft.<\/p>\n<\/div>\n<\/div>\n<p><strong>Kontaktieren Sie Amy, um die richtige Antwort und weitere Produktvideos zu erhalten!<\/strong><\/p>\n<p><img loading=\"lazy\" decoding=\"async\" class=\"size-full wp-image-1978\" src=\"https:\/\/rmvapesale.com\/wp-content\/uploads\/2024\/09\/Disposable-Vape-Wholesale.jpg\" alt=\"Einweg-Vape Gro\u00dfhandel\" width=\"229\" height=\"300\" \/><\/p>\n<h3><span style=\"color: #ff0000\"><strong>WhatsApp: +86 17776015835<\/strong><\/span><\/h3>\n<p>&nbsp;<\/p>\n<h2><\/h2>\n<h2><strong>UZY Bang King 12000 Puffs Hauptmerkmale<\/strong><\/h2>\n<p>650mAh eingebauter Akku<br \/>\nWiederaufladbar<br \/>\nEffiziente und gleichm\u00e4\u00dfige Leistungsabgabe<br \/>\n23ml vorgef\u00fclltes E-Liquid<br \/>\n0% 2% 3% 5% Nikotingehalt<br \/>\nZufriedenstellend f\u00fcr fast 12000 Z\u00fcge<br \/>\nEinstellbarer Luftstrom<\/p>\n<figure id=\"attachment_2232\" aria-describedby=\"caption-attachment-2232\" style=\"width: 808px\" class=\"wp-caption alignnone\"><img loading=\"lazy\" decoding=\"async\" class=\"wp-image-2232 size-full\" src=\"https:\/\/rmvapesale.com\/wp-content\/uploads\/2024\/09\/UZY-Bang-King-12000-Puffs-Disposable-Vape.jpg\" alt=\"UZY Bang King 12000 Puffs Einweg-Vape\" width=\"808\" height=\"808\" srcset=\"https:\/\/rmvapesale.com\/wp-content\/uploads\/2024\/09\/UZY-Bang-King-12000-Puffs-Disposable-Vape.jpg 808w, https:\/\/rmvapesale.com\/wp-content\/uploads\/2024\/09\/UZY-Bang-King-12000-Puffs-Disposable-Vape-300x300.jpg 300w, https:\/\/rmvapesale.com\/wp-content\/uploads\/2024\/09\/UZY-Bang-King-12000-Puffs-Disposable-Vape-150x150.jpg 150w, https:\/\/rmvapesale.com\/wp-content\/uploads\/2024\/09\/UZY-Bang-King-12000-Puffs-Disposable-Vape-768x768.jpg 768w, https:\/\/rmvapesale.com\/wp-content\/uploads\/2024\/09\/UZY-Bang-King-12000-Puffs-Disposable-Vape-600x600.jpg 600w, https:\/\/rmvapesale.com\/wp-content\/uploads\/2024\/09\/UZY-Bang-King-12000-Puffs-Disposable-Vape-100x100.jpg 100w\" sizes=\"auto, (max-width: 808px) 100vw, 808px\" \/><figcaption id=\"caption-attachment-2232\" class=\"wp-caption-text\">UZY Bang King 12000 Puffs Einweg-Vape<\/figcaption><\/figure>\n<h2><strong>Top-Geschmack f\u00fcr UZY Bang King 12000<\/strong><\/h2>\n<p>UZY Bang King 12000 Einweg-Vape bietet 20 k\u00f6stliche Geschmacksrichtungen. W\u00e4hlen Sie aus einer Vielzahl von Geschmacksrichtungen, darunter klassischer Tabak, erfrischende k\u00fchle Minze und die exotische S\u00fc\u00dfe von Mango, die jeweils eine reiche, befriedigende Reise mit jedem Zug versprechen.<\/p>\n<p>1.Erdbeere Wassermelone<br \/>\n2.Blaubeere auf Eis<br \/>\n3.Pfirsich Mango Ananas<br \/>\n4.Pfirsich Eis<br \/>\n5.Wassermelone Eis<span style=\"color: #ff0000\"><strong>&gt;&gt;&gt;&gt;Hei\u00df!<\/strong><\/span><br \/>\n6.Traube Eis<br \/>\n7.Erdbeere Kiwi<br \/>\n8.Blaubeere Himbeere<span style=\"color: #ff0000\"><strong>&gt;&gt;&gt;&gt;Hei\u00df!<\/strong><\/span><br \/>\n9.Kiwi-Maracuja<br \/>\n10.Kirsche Eis<br \/>\n11.Mr Blue<br \/>\n12.Cola Eis<br \/>\n13.Dreifach Mango<br \/>\n14.Erdbeere Eis<br \/>\n15.Rote Energie<span style=\"color: #ff0000\"><strong>&gt;&gt;&gt;&gt;Am besten!<\/strong><\/span><br \/>\n16.Gemischte Beeren<br \/>\n17.Doppelter Apfel<br \/>\n18.Gummib\u00e4rchen<span style=\"color: #ff0000\"><strong>&gt;&gt;&gt;&gt;Hei\u00df!<\/strong><\/span><br \/>\n19.Pinke Limonade<br \/>\n20.Pfirsich Beere<\/p>\n<p>&nbsp;<\/p>\n<div class=\"mceTemp\"><\/div>\n<p>&nbsp;<\/p>\n<h2><strong>Fragen, die Sie vielleicht \u00fcber den UZY Bang King 12000 wissen m\u00f6chten<\/strong><\/h2>\n<p>&nbsp;<\/p>\n<div class=\"flex-shrink-0 flex flex-col relative items-end\">\n<div>\n<div class=\"pt-0\">\n<div class=\"gizmo-bot-avatar flex h-8 w-8 items-center justify-center overflow-hidden rounded-full\">\n<div class=\"relative p-1 rounded-sm flex items-center justify-center bg-token-main-surface-primary text-token-text-primary h-8 w-8\"><\/div>\n<\/div>\n<\/div>\n<\/div>\n<\/div>\n<div class=\"group\/conversation-turn relative flex w-full min-w-0 flex-col agent-turn\">\n<div class=\"flex-col gap-1 md:gap-3\">\n<div class=\"flex max-w-full flex-col flex-grow\">\n<div class=\"min-h-8 text-message flex w-full flex-col items-end gap-2 whitespace-normal break-words [.text-message+&amp;]:mt-5\" dir=\"auto\" data-message-author-role=\"assistant\" data-message-id=\"f226d3fc-81f3-46d5-8c46-31787fff0357\">\n<div class=\"flex w-full flex-col gap-1 empty:hidden first:pt-[3px]\">\n<div class=\"markdown prose w-full break-words dark:prose-invert light\">\n<p><strong>1. Wie viele Z\u00fcge bietet der UZY Bang King 12k <\/strong><strong>Puffs Einweg-Vape?<\/strong><br \/>\nDer UZY Bang King 12k liefert bis zu 12000 Z\u00fcge und \u00fcbertrifft damit bei Weitem die Kapazit\u00e4t typischer Einweg-Vapes.<\/p>\n<p><strong>2. Welche Geschmacksrichtungen sind f\u00fcr den UZY Bang King 12k Einweg-Vape-Pen erh\u00e4ltlich?<\/strong><br \/>\nBeliebte Geschmacksrichtungen sind Watermelon Ice, Mr Blue, Triple Mango, Strawberry Ice, Red Energy, Mixed Berries usw.<\/p>\n<p><strong>3. Ist der UZY Bang King 12000 f\u00fcr Anf\u00e4nger geeignet?<\/strong><br \/>\nJa, er ist perfekt f\u00fcr Anf\u00e4nger mit seinem einfachen, tastenlosen Design \u2013 einfach inhalieren, um zu dampfen.<\/p>\n<p><strong>4.Wie soll ich meinen Einweg-Vape aufbewahren?<\/strong><br \/>\nBewahren Sie Ihr Ger\u00e4t an einem k\u00fchlen, trockenen Ort auf, fern von direktem Sonnenlicht und au\u00dferhalb der Reichweite von Kindern und Haustieren.<\/p>\n<p><strong>5. Wie lange h\u00e4lt der UZY Bang King 12000?<\/strong><br \/>\nMit einer Kapazit\u00e4t von 12.000 Z\u00fcgen kann der UZY Bang King 12000 je nach Nutzung mehrere Wochen halten.<\/p>\n<\/div>\n<\/div>\n<\/div>\n<\/div>\n<\/div>\n<\/div>\n<p>&nbsp;<\/p>\n<h3><b>H\u00e4ufig gestellte Fragen<\/b><\/h3>\n<p>&nbsp;<\/p>\n<div class=\"flex-shrink-0 flex flex-col relative items-end\">\n<div>\n<div class=\"pt-0\">\n<div class=\"gizmo-bot-avatar flex h-8 w-8 items-center justify-center overflow-hidden rounded-full\">\n<div class=\"relative p-1 rounded-sm flex items-center justify-center bg-token-main-surface-primary text-token-text-primary h-8 w-8\"><strong>Welche Versandarten werden verwendet?<\/strong><\/div>\n<\/div>\n<\/div>\n<\/div>\n<\/div>\n<div class=\"group\/conversation-turn relative flex w-full min-w-0 flex-col agent-turn\">\n<div class=\"flex-col gap-1 md:gap-3\">\n<div class=\"flex max-w-full flex-col flex-grow\">\n<div class=\"min-h-[20px] text-message flex w-full flex-col items-end gap-2 whitespace-normal break-words [.text-message+&amp;]:mt-5 overflow-x-auto\" dir=\"auto\" data-message-author-role=\"assistant\" data-message-id=\"22f8283b-3233-46ff-89a5-c7a41b33abda\">\n<div class=\"flex w-full flex-col gap-1 empty:hidden first:pt-[3px]\">\n<div class=\"markdown prose w-full break-words dark:prose-invert light\">\n<p>Wir arbeiten mit UPS, DHL, FedEx, DPD und anderen f\u00fchrenden Transportunternehmen zusammen. Wir w\u00e4hlen die beste Versandmethode basierend auf Ihrem Lieferort aus, um sicherzustellen, dass Sie Ihre Produkte so schnell wie m\u00f6glich erhalten.<\/p>\n<\/div>\n<p><strong>Wie lange dauert die Lieferung?<\/strong><\/p>\n<p>Pakete, die nach Deutschland versandt werden, kommen normalerweise innerhalb von 10 Werktagen an. Der Versand in europ\u00e4ische L\u00e4nder dauert in der Regel etwa 12-15 Werktage. Wir werden Ihnen Echtzeit-Updates zu Ihrem Versandstatus bereitstellen.<\/p>\n<\/div>\n<p><strong>Garantie<\/strong><\/p>\n<p><span style=\"color: #ff0000\"><strong>Alle Produkte in unserem Shop sind zu 100 % original und authentisch. Wir bieten die 10-fache Entsch\u00e4digung f\u00fcr gef\u00e4lschte Waren!<\/strong><\/span><\/p>\n<div class=\"flex w-full flex-col gap-1 empty:hidden first:pt-[3px]\">\n<p>&nbsp;<\/p>\n<\/div>\n<\/div>\n<\/div>\n<\/div>\n<\/div>\n<p>&nbsp;<\/p>\n<p>Andere beliebte Vapes, die Ihnen gefallen k\u00f6nnten:<\/p>\n<p>&nbsp;<\/p>\n<p><a href=\"https:\/\/rmvapesale.com\/de\/product\/original-randm-vape-digital-puff-12000-fumot-factory-price\/\"><strong>VOZOL Gear 20000 Z\u00fcge<\/strong><\/a><\/p>\n<p><strong><a href=\"https:\/\/rmvapesale.com\/de\/product\/randm-tornado-15000-puffs-15k-vape-recharge-fumot-original-vape-factory-price\/\">VOPK Tornado 15000 Z\u00fcge <\/a><\/strong><\/p>\n<p><a href=\"https:\/\/rmvapesale.com\/de\/product\/vapme-crystal-7000-puffs-rechargeable-disposable-vape-price\/\"><strong>Vapme Crystal 7000 Z\u00fcge<\/strong><\/a><\/p>\n<p>&nbsp;<\/p>\n<p>&nbsp;<\/p>\n<p>Finden Sie weitere Vape-Produkte, die Ihnen gefallen k\u00f6nnten:<strong><em><a href=\"https:\/\/rmvapesale.com\/de\/shop-2\/\">jetzt einkaufen &gt;&gt;&gt;<\/a><\/em><\/strong><\/p>","protected":false},"excerpt":{"rendered":"<p>UZY Bang King 12000 Puffs Wiederaufladbarer Einweg-Pod<br \/>\nUZY Bang King 12000 Puffs 0% 2% 3% 5% Nikotin<br \/>\nOriginal UZY Bang King 12k Puff Einweg-Vapes<\/p>\n<p><strong>Kontaktieren Sie Amy f\u00fcr mehr Rabatt und die richtige Antwort<\/strong><\/p>\n<p><img loading=\"lazy\" decoding=\"async\" class=\"size-full wp-image-1978\" src=\"https:\/\/rmvapesale.com\/wp-content\/uploads\/2024\/09\/Disposable-Vape-Wholesale.jpg\" alt=\"Einweg-Vape Gro\u00dfhandel\" width=\"229\" height=\"300\" \/><\/p>\n<h3><span style=\"color: #ff0000\"><strong>WhatsApp: +86 17776015835<\/strong><\/span><\/h3>","protected":false},"featured_media":2234,"comment_status":"open","ping_status":"closed","template":"","meta":{"_uag_custom_page_level_css":"","_lmt_disableupdate":"no","_lmt_disable":"","site-sidebar-layout":"default","site-content-layout":"content-boxed-container","ast-site-content-layout":"normal-width-container","site-content-style":"boxed","site-sidebar-style":"unboxed","ast-global-header-display":"","ast-banner-title-visibility":"","ast-main-header-display":"","ast-hfb-above-header-display":"","ast-hfb-below-header-display":"","ast-hfb-mobile-header-display":"","site-post-title":"","ast-breadcrumbs-content":"","ast-featured-img":"","footer-sml-layout":"","theme-transparent-header-meta":"default","adv-header-id-meta":"","stick-header-meta":"","header-above-stick-meta":"","header-main-stick-meta":"","header-below-stick-meta":"","astra-migrate-meta-layouts":"set","ast-page-background-enabled":"default","ast-page-background-meta":{"desktop":{"background-color":"var(--ast-global-color-4)","background-image":"","background-repeat":"repeat","background-position":"center center","background-size":"auto","background-attachment":"scroll","background-type":"","background-media":"","overlay-type":"","overlay-color":"","overlay-opacity":"","overlay-gradient":""},"tablet":{"background-color":"","background-image":"","background-repeat":"repeat","background-position":"center center","background-size":"auto","background-attachment":"scroll","background-type":"","background-media":"","overlay-type":"","overlay-color":"","overlay-opacity":"","overlay-gradient":""},"mobile":{"background-color":"","background-image":"","background-repeat":"repeat","background-position":"center center","background-size":"auto","background-attachment":"scroll","background-type":"","background-media":"","overlay-type":"","overlay-color":"","overlay-opacity":"","overlay-gradient":""}},"ast-content-background-meta":{"desktop":{"background-color":"var(--ast-global-color-5)","background-image":"","background-repeat":"repeat","background-position":"center center","background-size":"auto","background-attachment":"scroll","background-type":"","background-media":"","overlay-type":"","overlay-color":"","overlay-opacity":"","overlay-gradient":""},"tablet":{"background-color":"var(--ast-global-color-5)","background-image":"","background-repeat":"repeat","background-position":"center center","background-size":"auto","background-attachment":"scroll","background-type":"","background-media":"","overlay-type":"","overlay-color":"","overlay-opacity":"","overlay-gradient":""},"mobile":{"background-color":"var(--ast-global-color-5)","background-image":"","background-repeat":"repeat","background-position":"center center","background-size":"auto","background-attachment":"scroll","background-type":"","background-media":"","overlay-type":"","overlay-color":"","overlay-opacity":"","overlay-gradient":""}},"_joinchat":[]},"product_brand":[],"product_cat":[15,293,295,287,254,25,123,26,28,135,27,61,137,136,30],"product_tag":[99,111,105,54,113],"class_list":{"0":"post-2238","1":"product","2":"type-product","3":"status-publish","4":"has-post-thumbnail","6":"product_cat-new-vape-this-week","7":"product_cat-low-nicotine-disposable-vapes","8":"product_cat-rechargeable-disposable-vapes","9":"product_cat-uzy-vape","10":"product_cat-12000-puff-disposable-vape","11":"product_cat-germany-best-selling-vape","12":"product_cat-italy-wholesale-vape","13":"product_cat-netherlands-hot-sale-vape","14":"product_cat-poland-hot-sale-vape","15":"product_cat-spain-best-hot-sale-vape","16":"product_cat-fance-hot-sale-vape","17":"product_cat-15000-puffs-disposable-vapes","18":"product_cat-rechargeable-vapes","19":"product_cat-smart-screen-vapes","20":"product_cat-minimum-order-quantity-50pcs","21":"product_tag-disposable-vape-wholesale","22":"product_tag-low-nicotine-disposable-vape","23":"product_tag-nicotine-free-disposable-vape","24":"product_tag-rechargeable-disposable-vape","25":"product_tag-uzy-bang-king-12000","26":"desktop-align-left","27":"tablet-align-left","28":"mobile-align-left","30":"first","31":"instock","32":"sale","33":"shipping-taxable","34":"purchasable","35":"product-type-simple"},"uagb_featured_image_src":{"full":["https:\/\/rmvapesale.com\/wp-content\/uploads\/2024\/09\/Uzy-Bang-King-12000-Puffs-Vape-Pen.jpg",808,808,false],"thumbnail":["https:\/\/rmvapesale.com\/wp-content\/uploads\/2024\/09\/Uzy-Bang-King-12000-Puffs-Vape-Pen-150x150.jpg",150,150,true],"medium":["https:\/\/rmvapesale.com\/wp-content\/uploads\/2024\/09\/Uzy-Bang-King-12000-Puffs-Vape-Pen-300x300.jpg",300,300,true],"medium_large":["https:\/\/rmvapesale.com\/wp-content\/uploads\/2024\/09\/Uzy-Bang-King-12000-Puffs-Vape-Pen-768x768.jpg",768,768,true],"large":["https:\/\/rmvapesale.com\/wp-content\/uploads\/2024\/09\/Uzy-Bang-King-12000-Puffs-Vape-Pen.jpg",808,808,false],"1536x1536":["https:\/\/rmvapesale.com\/wp-content\/uploads\/2024\/09\/Uzy-Bang-King-12000-Puffs-Vape-Pen.jpg",808,808,false],"2048x2048":["https:\/\/rmvapesale.com\/wp-content\/uploads\/2024\/09\/Uzy-Bang-King-12000-Puffs-Vape-Pen.jpg",808,808,false],"trp-custom-language-flag":["https:\/\/rmvapesale.com\/wp-content\/uploads\/2024\/09\/Uzy-Bang-King-12000-Puffs-Vape-Pen.jpg",12,12,false],"woocommerce_thumbnail":["https:\/\/rmvapesale.com\/wp-content\/uploads\/2024\/09\/Uzy-Bang-King-12000-Puffs-Vape-Pen-300x300.jpg",300,300,true],"woocommerce_single":["https:\/\/rmvapesale.com\/wp-content\/uploads\/2024\/09\/Uzy-Bang-King-12000-Puffs-Vape-Pen-600x600.jpg",600,600,true],"woocommerce_gallery_thumbnail":["https:\/\/rmvapesale.com\/wp-content\/uploads\/2024\/09\/Uzy-Bang-King-12000-Puffs-Vape-Pen-100x100.jpg",100,100,true],"wcpr-photo-reviews":["https:\/\/rmvapesale.com\/wp-content\/uploads\/2024\/09\/Uzy-Bang-King-12000-Puffs-Vape-Pen.jpg",500,500,false]},"uagb_author_info":{"display_name":"AMY","author_link":"https:\/\/rmvapesale.com\/de\/author\/"},"uagb_comment_info":0,"uagb_excerpt":"UZY Bang King 12000 Puffs Rechargeable Disposable Pod UZY Bang King 12000 Puffs 0% 2% 3% 5% Nicotine Authentic UZY Bang King 12k Puff Disposable Vapes Contact Amy For More Discount And Right Reply WhatsApp: +86 17776015835","_links":{"self":[{"href":"https:\/\/rmvapesale.com\/de\/wp-json\/wp\/v2\/product\/2238","targetHints":{"allow":["GET"]}}],"collection":[{"href":"https:\/\/rmvapesale.com\/de\/wp-json\/wp\/v2\/product"}],"about":[{"href":"https:\/\/rmvapesale.com\/de\/wp-json\/wp\/v2\/types\/product"}],"replies":[{"embeddable":true,"href":"https:\/\/rmvapesale.com\/de\/wp-json\/wp\/v2\/comments?post=2238"}],"wp:featuredmedia":[{"embeddable":true,"href":"https:\/\/rmvapesale.com\/de\/wp-json\/wp\/v2\/media\/2234"}],"wp:attachment":[{"href":"https:\/\/rmvapesale.com\/de\/wp-json\/wp\/v2\/media?parent=2238"}],"wp:term":[{"taxonomy":"product_brand","embeddable":true,"href":"https:\/\/rmvapesale.com\/de\/wp-json\/wp\/v2\/product_brand?post=2238"},{"taxonomy":"product_cat","embeddable":true,"href":"https:\/\/rmvapesale.com\/de\/wp-json\/wp\/v2\/product_cat?post=2238"},{"taxonomy":"product_tag","embeddable":true,"href":"https:\/\/rmvapesale.com\/de\/wp-json\/wp\/v2\/product_tag?post=2238"}],"curies":[{"name":"wp","href":"https:\/\/api.w.org\/{rel}","templated":true}]}}