{"id":2253,"date":"2024-09-30T03:05:21","date_gmt":"2024-09-30T03:05:21","guid":{"rendered":"https:\/\/rmvapesale.com\/?post_type=product&#038;p=2253"},"modified":"2025-01-21T09:56:32","modified_gmt":"2025-01-21T09:56:32","slug":"uzy-vaper-9000-puffs-disposable-vape-pod-wholesale","status":"publish","type":"product","link":"https:\/\/rmvapesale.com\/de\/product\/uzy-vaper-9000-puffs-disposable-vape-pod-wholesale\/","title":{"rendered":"UZY Vaper 9000 Puffs Einweg-Vape-Pod Gro\u00dfhandel"},"content":{"rendered":"<div class=\"B2VR9 CJHX3e\">\n<div class=\"wyccme\">\n<h1 class=\"LC20lb MBeuO DKV0Md\">UZY Vaper 9000 Puffs Einweg-Vape-Pod Gro\u00dfhandel<\/h1>\n<p>Wir stellen vor: <strong>UZY Vaper 9000 Puffs Einweg-Vape-Pod<\/strong>, ein wiederaufladbares Ger\u00e4t mit hoher Kapazit\u00e4t, das bis zu <strong>9000 Z\u00fcge<\/strong>bietet. Erh\u00e4ltlich in verschiedenen <strong>0%<\/strong>, <strong>2%<\/strong>, <strong>3%<\/strong>, und <strong>5% Nikotin<\/strong> St\u00e4rken, bedient es diverse Vorlieben. Entworfen f\u00fcr Bequemlichkeit und Nachhaltigkeit, liefert der <strong>UZY Vaper 9000<\/strong> ein sanftes, geschmackvolles Dampferlebnis mit einer Auswahl an <strong>k\u00f6stlichen Geschmacksrichtungen<\/strong>, von exotischen Fr\u00fcchten bis zu erfrischender Minze. Seine wiederaufladbare Funktion sorgt f\u00fcr eine l\u00e4ngere Nutzung und macht ihn zu einer perfekten Balance aus Innovation und Einfachheit. Steigern Sie Ihr Dampferlebnis mit dem <strong>UZY Vaper 9000<\/strong>\u2014wo Vielseitigkeit auf Zufriedenheit trifft.<\/p>\n<\/div>\n<\/div>\n<p><strong>Kontaktieren Sie Amy, um die richtige Antwort und weitere Produktvideos zu erhalten!<\/strong><\/p>\n<p><img loading=\"lazy\" decoding=\"async\" class=\"size-full wp-image-1978\" src=\"https:\/\/rmvapesale.com\/wp-content\/uploads\/2024\/09\/Disposable-Vape-Wholesale.jpg\" alt=\"Einweg-Vape Gro\u00dfhandel\" width=\"229\" height=\"300\" \/><\/p>\n<h3><span style=\"color: #ff0000\"><strong>WhatsApp: +86 17776015835<\/strong><\/span><\/h3>\n<p>&nbsp;<\/p>\n<h2><\/h2>\n<h2>UZY Vaper 9000 Puffs Einweg-Vape Hauptmerkmale<\/h2>\n<p>850mAh Eingebauter Akku<br \/>\nWiederaufladbar<br \/>\nEffiziente und gleichm\u00e4\u00dfige Leistungsabgabe<br \/>\n18ml Vorgef\u00fclltes E-Liquid<br \/>\n0% 2% 3% 5% Nikotingehalt<br \/>\nBefriedigt fast 9000 Z\u00fcge<br \/>\nEinstellbarer Luftstrom<br \/>\nRGB-Licht<\/p>\n<figure id=\"attachment_2250\" aria-describedby=\"caption-attachment-2250\" style=\"width: 800px\" class=\"wp-caption alignnone\"><img loading=\"lazy\" decoding=\"async\" class=\"wp-image-2250 size-full\" src=\"https:\/\/rmvapesale.com\/wp-content\/uploads\/2024\/09\/UZY-Vaper-9000-Puffs-Disposable-Vape-Wholesale.jpg\" alt=\"UZY Vaper 9000 Puffs Einweg-Vape Gro\u00dfhandel\" width=\"800\" height=\"800\" srcset=\"https:\/\/rmvapesale.com\/wp-content\/uploads\/2024\/09\/UZY-Vaper-9000-Puffs-Disposable-Vape-Wholesale.jpg 800w, https:\/\/rmvapesale.com\/wp-content\/uploads\/2024\/09\/UZY-Vaper-9000-Puffs-Disposable-Vape-Wholesale-300x300.jpg 300w, https:\/\/rmvapesale.com\/wp-content\/uploads\/2024\/09\/UZY-Vaper-9000-Puffs-Disposable-Vape-Wholesale-150x150.jpg 150w, https:\/\/rmvapesale.com\/wp-content\/uploads\/2024\/09\/UZY-Vaper-9000-Puffs-Disposable-Vape-Wholesale-768x768.jpg 768w, https:\/\/rmvapesale.com\/wp-content\/uploads\/2024\/09\/UZY-Vaper-9000-Puffs-Disposable-Vape-Wholesale-600x600.jpg 600w, https:\/\/rmvapesale.com\/wp-content\/uploads\/2024\/09\/UZY-Vaper-9000-Puffs-Disposable-Vape-Wholesale-100x100.jpg 100w\" sizes=\"auto, (max-width: 800px) 100vw, 800px\" \/><figcaption id=\"caption-attachment-2250\" class=\"wp-caption-text\">UZY Vaper 9000 Puffs Einweg-Vape Gro\u00dfhandel<\/figcaption><\/figure>\n<h2><strong>Top-Geschmack f\u00fcr UZY Vaper 9000 Puffs<\/strong><\/h2>\n<p>Die UZY QUTE 800 Z\u00fcge Einweg Vape Pod bietet 20 k\u00f6stliche Geschmacksrichtungen, w\u00e4hlen Sie aus einer Vielzahl von Geschmacksrichtungen, darunter klassischer Tabak, erfrischende k\u00fchle Minze und die exotische S\u00fc\u00dfe von Trauben, die alle eine reiche, befriedigende Reise mit jedem Zug versprechen.<\/p>\n<p>01. Blaubeere Himbeere<span style=\"color: #ff0000\"><strong>&gt;&gt;&gt;&gt;Hei\u00df!<\/strong><\/span><br \/>\n02. Mr. Blau<span style=\"color: #ff0000\"><strong>&gt;&gt;&gt;&gt;Am besten!<\/strong><\/span><br \/>\n03. Erdbeere Wassermelone<br \/>\n04. Pfirsich Mango Ananas<br \/>\n05. Kiwi Passionsfrucht Guave<span style=\"color: #ff0000\"><strong>&gt;&gt;&gt;&gt;Hei\u00df!<\/strong><\/span><br \/>\n06. Kirscheis<br \/>\n07. Erdbeereis<br \/>\n08. Wassermeloneneis<br \/>\n09. Traubeneis<br \/>\n10. Blaubeereis<br \/>\n11. Gemischte Beeren<span style=\"color: #ff0000\"><strong>&gt;&gt;&gt;&gt;Hei\u00df!<\/strong><\/span><br \/>\n12. Pfirsicheis<br \/>\n13. Pfirsichbeere<br \/>\n14. Erdbeere Himbeere Kirscheis<br \/>\n15. Erdbeere Banane<span style=\"color: #ff0000\"><strong>&gt;&gt;&gt;&gt;Hei\u00df!<\/strong><\/span><\/p>\n<p>&nbsp;<\/p>\n<h2><strong>Fragen, die Sie vielleicht zum UZY Vaper 9000 Einweg-Vaporizer haben<\/strong><\/h2>\n<p>&nbsp;<\/p>\n<div class=\"flex-shrink-0 flex flex-col relative items-end\">\n<div>\n<div class=\"pt-0\">\n<div class=\"gizmo-bot-avatar flex h-8 w-8 items-center justify-center overflow-hidden rounded-full\">\n<div class=\"relative p-1 rounded-sm flex items-center justify-center bg-token-main-surface-primary text-token-text-primary h-8 w-8\"><\/div>\n<\/div>\n<\/div>\n<\/div>\n<\/div>\n<div class=\"group\/conversation-turn relative flex w-full min-w-0 flex-col agent-turn\">\n<div class=\"flex-col gap-1 md:gap-3\">\n<div class=\"flex max-w-full flex-col flex-grow\">\n<div class=\"min-h-8 text-message flex w-full flex-col items-end gap-2 whitespace-normal break-words [.text-message+&amp;]:mt-5\" dir=\"auto\" data-message-author-role=\"assistant\" data-message-id=\"f226d3fc-81f3-46d5-8c46-31787fff0357\">\n<div class=\"flex w-full flex-col gap-1 empty:hidden first:pt-[3px]\">\n<div class=\"markdown prose w-full break-words dark:prose-invert light\">\n<p><strong>1.Wie viele Z\u00fcge hat der UZY Vaper 9000?<\/strong><strong>\u00a0Einweg-Vape?<\/strong><br \/>\nDer UZY Vaper 9000 liefert bis zu 12000 Z\u00fcge und \u00fcbertrifft damit die Kapazit\u00e4t typischer Einweg-Vaporizer bei Weitem.<\/p>\n<p><strong>2.Welche Geschmacksrichtungen sind f\u00fcr den Vaper 9000 Einweg-Vape-Pen erh\u00e4ltlich?<\/strong><br \/>\nBeliebte Geschmacksrichtungen sind Watermelon Ice, Mr Blue, Triple Mango, Strawberry Ice, Red Energy, Mixed Berries usw.<\/p>\n<p><strong>3.Ist der Vaper 9000 f\u00fcr Anf\u00e4nger geeignet?<\/strong><br \/>\nJa, er ist perfekt f\u00fcr Anf\u00e4nger mit seinem einfachen, tastenlosen Design \u2013 einfach inhalieren, um zu dampfen.<\/p>\n<p><strong>4.Wie soll ich meinen Einweg-Vape aufbewahren?<\/strong><br \/>\nBewahren Sie Ihr Ger\u00e4t an einem k\u00fchlen, trockenen Ort auf, fern von direktem Sonnenlicht und au\u00dferhalb der Reichweite von Kindern und Haustieren.<\/p>\n<p><strong>5.Wie lange h\u00e4lt der Vaper 9000?<\/strong><br \/>\nMit einer Kapazit\u00e4t von 9.000 Z\u00fcgen kann der UZY Vaper 9000 je nach Nutzung mehrere Wochen halten.<\/p>\n<\/div>\n<\/div>\n<\/div>\n<\/div>\n<\/div>\n<\/div>\n<p>&nbsp;<\/p>\n<h3><b>H\u00e4ufig gestellte Fragen<\/b><\/h3>\n<p>&nbsp;<\/p>\n<div class=\"flex-shrink-0 flex flex-col relative items-end\">\n<div>\n<div class=\"pt-0\">\n<div class=\"gizmo-bot-avatar flex h-8 w-8 items-center justify-center overflow-hidden rounded-full\">\n<div class=\"relative p-1 rounded-sm flex items-center justify-center bg-token-main-surface-primary text-token-text-primary h-8 w-8\"><strong>Welche Versandarten werden verwendet?<\/strong><\/div>\n<\/div>\n<\/div>\n<\/div>\n<\/div>\n<div class=\"group\/conversation-turn relative flex w-full min-w-0 flex-col agent-turn\">\n<div class=\"flex-col gap-1 md:gap-3\">\n<div class=\"flex max-w-full flex-col flex-grow\">\n<div class=\"min-h-[20px] text-message flex w-full flex-col items-end gap-2 whitespace-normal break-words [.text-message+&amp;]:mt-5 overflow-x-auto\" dir=\"auto\" data-message-author-role=\"assistant\" data-message-id=\"22f8283b-3233-46ff-89a5-c7a41b33abda\">\n<div class=\"flex w-full flex-col gap-1 empty:hidden first:pt-[3px]\">\n<div class=\"markdown prose w-full break-words dark:prose-invert light\">\n<p>Wir arbeiten mit UPS, DHL, FedEx, DPD und anderen f\u00fchrenden Transportunternehmen zusammen. Wir w\u00e4hlen die beste Versandmethode basierend auf Ihrem Lieferort aus, um sicherzustellen, dass Sie Ihre Produkte so schnell wie m\u00f6glich erhalten.<\/p>\n<\/div>\n<p><strong>Wie lange dauert die Lieferung?<\/strong><\/p>\n<p>Pakete, die nach Deutschland versandt werden, kommen normalerweise innerhalb von 10 Werktagen an. Der Versand in europ\u00e4ische L\u00e4nder dauert in der Regel etwa 12-15 Werktage. Wir werden Ihnen Echtzeit-Updates zu Ihrem Versandstatus bereitstellen.<\/p>\n<\/div>\n<p><strong>Garantie<\/strong><\/p>\n<p><span style=\"color: #ff0000\"><strong>Alle Produkte in unserem Shop sind zu 100 % original und authentisch. Wir bieten die 10-fache Entsch\u00e4digung f\u00fcr gef\u00e4lschte Waren!<\/strong><\/span><\/p>\n<div class=\"flex w-full flex-col gap-1 empty:hidden first:pt-[3px]\">\n<p>&nbsp;<\/p>\n<\/div>\n<\/div>\n<\/div>\n<\/div>\n<\/div>\n<p>&nbsp;<\/p>\n<p>Andere beliebte Vapes, die Ihnen gefallen k\u00f6nnten:<\/p>\n<p>&nbsp;<\/p>\n<p><a href=\"https:\/\/rmvapesale.com\/de\/product\/original-randm-vape-digital-puff-12000-fumot-factory-price\/\"><strong>VOZOL Gear 20000 Z\u00fcge\u00a0 <span style=\"color: #ff0000\">&gt;&gt;&gt;&gt;los!<\/span><\/strong><\/a><\/p>\n<p><strong><a href=\"https:\/\/rmvapesale.com\/de\/product\/uzy-bang-king-12000-puffs-disposable-vape-20-flavors\/\">UZY Bang King 12000 Z\u00fcge <span style=\"color: #ff0000\">&gt;&gt;&gt;&gt;los!<\/span><\/a>\u00a0<\/strong><\/p>\n<p><a href=\"https:\/\/rmvapesale.com\/de\/product\/vapme-crystal-7000-puffs-rechargeable-disposable-vape-price\/\"><strong>Vapme Crystal 7000 Z\u00fcge <span style=\"color: #ff0000\">&gt;&gt;&gt;&gt;los!<\/span><\/strong><\/a><\/p>\n<p>&nbsp;<\/p>\n<p>&nbsp;<\/p>\n<p>Finden Sie weitere Vape-Produkte, die Ihnen gefallen k\u00f6nnten:<strong><em><a href=\"https:\/\/rmvapesale.com\/de\/shop-2\/\">jetzt einkaufen &gt;&gt;&gt;<\/a><\/em><\/strong><\/p>","protected":false},"excerpt":{"rendered":"<p>UZY Vaper 9000 Puffs Einweg-Vape 15 Geschmacksrichtungen auf Lager<br \/>\nUZY Vaper 9000 Puffs 0% 2% 3% 5% Nikotin Wiederaufladbar<br \/>\nFabrikgro\u00dfhandel UZY Vaper 9000 Puffs Vape Pod<\/p>\n<p><strong>Kontaktieren Sie Amy f\u00fcr mehr Rabatt und die richtige Antwort<\/strong><\/p>\n<p><img loading=\"lazy\" decoding=\"async\" class=\"size-full wp-image-1978\" src=\"https:\/\/rmvapesale.com\/wp-content\/uploads\/2024\/09\/Disposable-Vape-Wholesale.jpg\" alt=\"Einweg-Vape Gro\u00dfhandel\" width=\"229\" height=\"300\" \/><\/p>\n<h3><span style=\"color: #ff0000\"><strong>WhatsApp: +86 17776015835<\/strong><\/span><\/h3>","protected":false},"featured_media":2248,"comment_status":"open","ping_status":"closed","template":"","meta":{"_uag_custom_page_level_css":"","_lmt_disableupdate":"no","_lmt_disable":"","site-sidebar-layout":"default","site-content-layout":"content-boxed-container","ast-site-content-layout":"normal-width-container","site-content-style":"boxed","site-sidebar-style":"unboxed","ast-global-header-display":"","ast-banner-title-visibility":"","ast-main-header-display":"","ast-hfb-above-header-display":"","ast-hfb-below-header-display":"","ast-hfb-mobile-header-display":"","site-post-title":"","ast-breadcrumbs-content":"","ast-featured-img":"","footer-sml-layout":"","theme-transparent-header-meta":"default","adv-header-id-meta":"","stick-header-meta":"","header-above-stick-meta":"","header-main-stick-meta":"","header-below-stick-meta":"","astra-migrate-meta-layouts":"set","ast-page-background-enabled":"default","ast-page-background-meta":{"desktop":{"background-color":"var(--ast-global-color-4)","background-image":"","background-repeat":"repeat","background-position":"center center","background-size":"auto","background-attachment":"scroll","background-type":"","background-media":"","overlay-type":"","overlay-color":"","overlay-opacity":"","overlay-gradient":""},"tablet":{"background-color":"","background-image":"","background-repeat":"repeat","background-position":"center center","background-size":"auto","background-attachment":"scroll","background-type":"","background-media":"","overlay-type":"","overlay-color":"","overlay-opacity":"","overlay-gradient":""},"mobile":{"background-color":"","background-image":"","background-repeat":"repeat","background-position":"center center","background-size":"auto","background-attachment":"scroll","background-type":"","background-media":"","overlay-type":"","overlay-color":"","overlay-opacity":"","overlay-gradient":""}},"ast-content-background-meta":{"desktop":{"background-color":"var(--ast-global-color-5)","background-image":"","background-repeat":"repeat","background-position":"center center","background-size":"auto","background-attachment":"scroll","background-type":"","background-media":"","overlay-type":"","overlay-color":"","overlay-opacity":"","overlay-gradient":""},"tablet":{"background-color":"var(--ast-global-color-5)","background-image":"","background-repeat":"repeat","background-position":"center center","background-size":"auto","background-attachment":"scroll","background-type":"","background-media":"","overlay-type":"","overlay-color":"","overlay-opacity":"","overlay-gradient":""},"mobile":{"background-color":"var(--ast-global-color-5)","background-image":"","background-repeat":"repeat","background-position":"center center","background-size":"auto","background-attachment":"scroll","background-type":"","background-media":"","overlay-type":"","overlay-color":"","overlay-opacity":"","overlay-gradient":""}},"_joinchat":[]},"product_brand":[],"product_cat":[15,293,295,287,52,25,123,26,28,135,27,137,136,30],"product_tag":[99,111,105,117,116],"class_list":{"0":"post-2253","1":"product","2":"type-product","3":"status-publish","4":"has-post-thumbnail","6":"product_cat-new-vape-this-week","7":"product_cat-low-nicotine-disposable-vapes","8":"product_cat-rechargeable-disposable-vapes","9":"product_cat-uzy-vape","10":"product_cat-9000-puffs-disposable-vapes","11":"product_cat-germany-best-selling-vape","12":"product_cat-italy-wholesale-vape","13":"product_cat-netherlands-hot-sale-vape","14":"product_cat-poland-hot-sale-vape","15":"product_cat-spain-best-hot-sale-vape","16":"product_cat-fance-hot-sale-vape","17":"product_cat-rechargeable-vapes","18":"product_cat-smart-screen-vapes","19":"product_cat-minimum-order-quantity-50pcs","20":"product_tag-disposable-vape-wholesale","21":"product_tag-low-nicotine-disposable-vape","22":"product_tag-nicotine-free-disposable-vape","23":"product_tag-uzy-vape","24":"product_tag-vapes","25":"desktop-align-left","26":"tablet-align-left","27":"mobile-align-left","29":"first","30":"instock","31":"sale","32":"shipping-taxable","33":"purchasable","34":"product-type-simple"},"uagb_featured_image_src":{"full":["https:\/\/rmvapesale.com\/wp-content\/uploads\/2024\/09\/UZY-Vaper-9000-Puffs-Disposable-Vape-Pod.jpg",800,800,false],"thumbnail":["https:\/\/rmvapesale.com\/wp-content\/uploads\/2024\/09\/UZY-Vaper-9000-Puffs-Disposable-Vape-Pod-150x150.jpg",150,150,true],"medium":["https:\/\/rmvapesale.com\/wp-content\/uploads\/2024\/09\/UZY-Vaper-9000-Puffs-Disposable-Vape-Pod-300x300.jpg",300,300,true],"medium_large":["https:\/\/rmvapesale.com\/wp-content\/uploads\/2024\/09\/UZY-Vaper-9000-Puffs-Disposable-Vape-Pod-768x768.jpg",768,768,true],"large":["https:\/\/rmvapesale.com\/wp-content\/uploads\/2024\/09\/UZY-Vaper-9000-Puffs-Disposable-Vape-Pod.jpg",800,800,false],"1536x1536":["https:\/\/rmvapesale.com\/wp-content\/uploads\/2024\/09\/UZY-Vaper-9000-Puffs-Disposable-Vape-Pod.jpg",800,800,false],"2048x2048":["https:\/\/rmvapesale.com\/wp-content\/uploads\/2024\/09\/UZY-Vaper-9000-Puffs-Disposable-Vape-Pod.jpg",800,800,false],"trp-custom-language-flag":["https:\/\/rmvapesale.com\/wp-content\/uploads\/2024\/09\/UZY-Vaper-9000-Puffs-Disposable-Vape-Pod.jpg",12,12,false],"woocommerce_thumbnail":["https:\/\/rmvapesale.com\/wp-content\/uploads\/2024\/09\/UZY-Vaper-9000-Puffs-Disposable-Vape-Pod-300x300.jpg",300,300,true],"woocommerce_single":["https:\/\/rmvapesale.com\/wp-content\/uploads\/2024\/09\/UZY-Vaper-9000-Puffs-Disposable-Vape-Pod-600x600.jpg",600,600,true],"woocommerce_gallery_thumbnail":["https:\/\/rmvapesale.com\/wp-content\/uploads\/2024\/09\/UZY-Vaper-9000-Puffs-Disposable-Vape-Pod-100x100.jpg",100,100,true],"wcpr-photo-reviews":["https:\/\/rmvapesale.com\/wp-content\/uploads\/2024\/09\/UZY-Vaper-9000-Puffs-Disposable-Vape-Pod.jpg",500,500,false]},"uagb_author_info":{"display_name":"AMY","author_link":"https:\/\/rmvapesale.com\/de\/author\/"},"uagb_comment_info":0,"uagb_excerpt":"UZY Vaper 9000 Puffs Disposable Vape 15 Flavors in Stock UZY Vaper 9000 Puffs 0% 2% 3% 5% Nicotine Rechargeable Factory Wholesale UZY Vaper 9000 Puffs Vape Pod Contact Amy For More Discount And Right Reply WhatsApp: +86 17776015835","_links":{"self":[{"href":"https:\/\/rmvapesale.com\/de\/wp-json\/wp\/v2\/product\/2253","targetHints":{"allow":["GET"]}}],"collection":[{"href":"https:\/\/rmvapesale.com\/de\/wp-json\/wp\/v2\/product"}],"about":[{"href":"https:\/\/rmvapesale.com\/de\/wp-json\/wp\/v2\/types\/product"}],"replies":[{"embeddable":true,"href":"https:\/\/rmvapesale.com\/de\/wp-json\/wp\/v2\/comments?post=2253"}],"wp:featuredmedia":[{"embeddable":true,"href":"https:\/\/rmvapesale.com\/de\/wp-json\/wp\/v2\/media\/2248"}],"wp:attachment":[{"href":"https:\/\/rmvapesale.com\/de\/wp-json\/wp\/v2\/media?parent=2253"}],"wp:term":[{"taxonomy":"product_brand","embeddable":true,"href":"https:\/\/rmvapesale.com\/de\/wp-json\/wp\/v2\/product_brand?post=2253"},{"taxonomy":"product_cat","embeddable":true,"href":"https:\/\/rmvapesale.com\/de\/wp-json\/wp\/v2\/product_cat?post=2253"},{"taxonomy":"product_tag","embeddable":true,"href":"https:\/\/rmvapesale.com\/de\/wp-json\/wp\/v2\/product_tag?post=2253"}],"curies":[{"name":"wp","href":"https:\/\/api.w.org\/{rel}","templated":true}]}}