{"id":2276,"date":"2024-10-06T07:06:42","date_gmt":"2024-10-06T07:06:42","guid":{"rendered":"https:\/\/rmvapesale.com\/?post_type=product&#038;p=2276"},"modified":"2025-01-21T09:59:29","modified_gmt":"2025-01-21T09:59:29","slug":"aivono-aim-boom-25000-puffs-smart-screen-disposable-vape","status":"publish","type":"product","link":"https:\/\/rmvapesale.com\/de\/product\/aivono-aim-boom-25000-puffs-smart-screen-disposable-vape\/","title":{"rendered":"Aivono Aim Boom 25000 Z\u00fcge Smart Screen Einweg-Vape"},"content":{"rendered":"<div class=\"B2VR9 CJHX3e\">\n<div class=\"wyccme\">\n<h1 class=\"LC20lb MBeuO DKV0Md\">Aivono Aim Boom 25000 Z\u00fcge Screen Einweg-Vape<\/h1>\n<div class=\"flex-shrink-0 flex flex-col relative items-end\">\n<div>\n<div class=\"pt-0\">\n<div class=\"gizmo-bot-avatar flex h-8 w-8 items-center justify-center overflow-hidden rounded-full\">\n<div class=\"relative p-1 rounded-sm flex items-center justify-center bg-token-main-surface-primary text-token-text-primary h-8 w-8\"><\/div>\n<\/div>\n<\/div>\n<\/div>\n<\/div>\n<div class=\"group\/conversation-turn relative flex w-full min-w-0 flex-col agent-turn\">\n<div class=\"flex-col gap-1 md:gap-3\">\n<div class=\"flex max-w-full flex-col flex-grow\">\n<div class=\"min-h-8 text-message flex w-full flex-col items-end gap-2 whitespace-normal break-words [.text-message+&amp;]:mt-5\" dir=\"auto\" data-message-author-role=\"assistant\" data-message-id=\"871c1362-82be-4876-894c-d28f37ffd3d3\">\n<div class=\"flex w-full flex-col gap-1 empty:hidden first:pt-[3px]\">\n<div class=\"markdown prose w-full break-words dark:prose-invert light\">\n<p>Wir stellen vor: <strong>Aivono Aim Boom 25000 Z\u00fcge Smart Screen Einweg-Vape<\/strong>, ein hochmodernes Ger\u00e4t, das f\u00fcr Leistung, Stil und Komfort entwickelt wurde. Angetrieben von einem <strong>wiederaufladbaren 650-mAh-Akku<\/strong> zum <strong>Typ-C-Schnellladung<\/strong>, gew\u00e4hrleistet es eine lange Nutzungsdauer mit minimalen Ausfallzeiten. Sein <strong>einstellbare Luftstromregelung<\/strong> System erm\u00f6glicht es Ihnen, jeden Zug f\u00fcr ein personalisiertes Dampferlebnis anzupassen.<\/p>\n<p>Der <strong>Smart Screen<\/strong> bietet eine klare, benutzerfreundliche Anzeige zur \u00dcberwachung der Akkulaufzeit und Nutzung, w\u00e4hrend der <strong>3D-gebogene Bildschirm<\/strong> sowohl die \u00c4sthetik als auch die Funktionalit\u00e4t verbessert und ein schlankes, modernes Aussehen bietet. Mit bis zu <strong>25.000 Z\u00fcge<\/strong>ist der Aivono Aim Boom perfekt f\u00fcr diejenigen, die ein elegantes Dampfger\u00e4t mit hoher Kapazit\u00e4t suchen.<\/p>\n<p>&nbsp;<\/p>\n<\/div>\n<\/div>\n<\/div>\n<\/div>\n<\/div>\n<\/div>\n<\/div>\n<\/div>\n<p><strong>Kontaktieren Sie Amy, um die richtige Antwort und weitere Produktvideos zu erhalten!<\/strong><\/p>\n<p><img loading=\"lazy\" decoding=\"async\" class=\"size-full wp-image-1978\" src=\"https:\/\/rmvapesale.com\/wp-content\/uploads\/2024\/09\/Disposable-Vape-Wholesale.jpg\" alt=\"Einweg-Vape Gro\u00dfhandel\" width=\"229\" height=\"300\" \/><\/p>\n<h3><span style=\"color: #ff0000\"><strong>WhatsApp: +86 17776015835<\/strong><\/span><\/h3>\n<p>&nbsp;<\/p>\n<h2><\/h2>\n<h2><strong>Aivono Aim Boom 25000 Z\u00fcge Vape Hauptmerkmale<\/strong><\/h2>\n<p>Maximale Z\u00fcge: 25000<br \/>\n25000 Normaler Modus<br \/>\n15000 Puls-Modus<br \/>\nWiederaufladbarer Akku<br \/>\nE-Liquid Kapazit\u00e4t: 28ml<br \/>\nWeltweit erster gebogener 3D-Bildschirm<br \/>\nUSB Typ-C Ladeanschluss<br \/>\n0\/2%\/3%\/5% Nikotinsalz-basiertes E-Liquid<br \/>\n10 k\u00f6stliche Geschmacksrichtungen<br \/>\nDual Mesh Coil<\/p>\n<h2><\/h2>\n<h2><strong>Top-Geschmack f\u00fcr Aivono Aim Boom 25000 Z\u00fcge<\/strong><\/h2>\n<p>Aivono Aim Boom 25000 Z\u00fcge Smart Screen Einweg-Vape bietet 10 k\u00f6stliche Geschmacksrichtungen. W\u00e4hlen Sie aus einer Vielzahl von Aromen, darunter klassischer Tabak, erfrischende k\u00fchle Minze und die exotische S\u00fc\u00dfe von Trauben, die alle eine reichhaltige, befriedigende Reise mit jedem Zug versprechen.<\/p>\n<p>&nbsp;<\/p>\n<p>1. Blue Rancher<span style=\"color: #ff0000\"><strong>&gt;&gt;&gt;&gt; Hei\u00df!<\/strong><\/span><br \/>\n2. Blue Razz Ice<span style=\"color: #ff0000\"><strong>&gt;&gt;&gt;&gt; Hei\u00df!<\/strong><\/span><br \/>\n3. Green Apple Grape<br \/>\n4. Iced Watermelon Cherry<br \/>\n5. Melon Lemon<br \/>\n6. Miami Mint<br \/>\n7. Raspberry Peach Lime<br \/>\n8. Sour Mango Pineapple<br \/>\n9. Strawberry B-Pop<span style=\"color: #ff0000\"><strong>&gt;&gt;&gt;&gt; Am besten!<\/strong><\/span><br \/>\n10. Watermelon Ice<\/p>\n<figure id=\"attachment_2277\" aria-describedby=\"caption-attachment-2277\" style=\"width: 808px\" class=\"wp-caption alignnone\"><img loading=\"lazy\" decoding=\"async\" class=\"wp-image-2277 size-full\" src=\"https:\/\/rmvapesale.com\/wp-content\/uploads\/2024\/09\/Aivono-Aim-Boom-25000-Puffs-Flavour.png\" alt=\"Aivono Aim Boom 25000 Z\u00fcge Geschmack\" width=\"808\" height=\"808\" srcset=\"https:\/\/rmvapesale.com\/wp-content\/uploads\/2024\/09\/Aivono-Aim-Boom-25000-Puffs-Flavour.png 808w, https:\/\/rmvapesale.com\/wp-content\/uploads\/2024\/09\/Aivono-Aim-Boom-25000-Puffs-Flavour-300x300.png 300w, https:\/\/rmvapesale.com\/wp-content\/uploads\/2024\/09\/Aivono-Aim-Boom-25000-Puffs-Flavour-150x150.png 150w, https:\/\/rmvapesale.com\/wp-content\/uploads\/2024\/09\/Aivono-Aim-Boom-25000-Puffs-Flavour-768x768.png 768w, https:\/\/rmvapesale.com\/wp-content\/uploads\/2024\/09\/Aivono-Aim-Boom-25000-Puffs-Flavour-600x600.png 600w, https:\/\/rmvapesale.com\/wp-content\/uploads\/2024\/09\/Aivono-Aim-Boom-25000-Puffs-Flavour-100x100.png 100w\" sizes=\"auto, (max-width: 808px) 100vw, 808px\" \/><figcaption id=\"caption-attachment-2277\" class=\"wp-caption-text\">Aivono Aim Boom 25000 Z\u00fcge Geschmack<\/figcaption><\/figure>\n<h2><strong>Fragen, die Sie vielleicht \u00fcber Aivono Aim Boom 25000 Puffs Vape wissen sollten<\/strong><\/h2>\n<p>&nbsp;<\/p>\n<div class=\"flex-shrink-0 flex flex-col relative items-end\">\n<div>\n<div class=\"pt-0\">\n<div class=\"gizmo-bot-avatar flex h-8 w-8 items-center justify-center overflow-hidden rounded-full\">\n<div class=\"relative p-1 rounded-sm flex items-center justify-center bg-token-main-surface-primary text-token-text-primary h-8 w-8\"><\/div>\n<\/div>\n<\/div>\n<\/div>\n<\/div>\n<div class=\"group\/conversation-turn relative flex w-full min-w-0 flex-col agent-turn\">\n<div class=\"flex-col gap-1 md:gap-3\">\n<div class=\"flex max-w-full flex-col flex-grow\">\n<div class=\"min-h-8 text-message flex w-full flex-col items-end gap-2 whitespace-normal break-words [.text-message+&amp;]:mt-5\" dir=\"auto\" data-message-author-role=\"assistant\" data-message-id=\"f226d3fc-81f3-46d5-8c46-31787fff0357\">\n<div class=\"flex w-full flex-col gap-1 empty:hidden first:pt-[3px]\">\n<div class=\"markdown prose w-full break-words dark:prose-invert light\">\n<p><strong>1. Wie viele Z\u00fcge bietet der Aivono Aim Boom 25000 Puffs Vape?<\/strong><strong>\u00a0bieten?<\/strong><br \/>\nDer Aivono Aim Boom 25000 Puffs Vape liefert bis zu 2500 Z\u00fcge und \u00fcbertrifft damit die Kapazit\u00e4t typischer Einweg-Vapes bei weitem.<\/p>\n<p><strong>2. Welche Geschmacksrichtungen sind im Aivono Aim Boom 25000 Puffs Vape Vape Pen erh\u00e4ltlich?<\/strong><br \/>\nBeliebte Geschmacksrichtungen sind Blue Razz Ice, Miami Mint, Raspberry Peach Lime, Sour Mango Pineapple, Watermelon Ice usw.<\/p>\n<p><strong>3. Ist der Aivono Aim Boom 25000 Puffs Vape f\u00fcr Anf\u00e4nger geeignet?<\/strong><br \/>\nJa, er ist perfekt f\u00fcr Anf\u00e4nger mit seinem einfachen, tastenlosen Design \u2013 einfach inhalieren, um zu dampfen.<\/p>\n<p><strong>4.Wie soll ich meinen Einweg-Vape aufbewahren?<\/strong><br \/>\nBewahren Sie Ihr Ger\u00e4t an einem k\u00fchlen, trockenen Ort auf, fern von direktem Sonnenlicht und au\u00dferhalb der Reichweite von Kindern und Haustieren.<\/p>\n<p><strong>5. Wie lange h\u00e4lt der Aivono Aim Boom 25000 Puffs Vape?<\/strong><br \/>\nMit einer Kapazit\u00e4t von 25000 Z\u00fcgen kann der Aivono Aim Boom 25000 Puffs Vape je nach Nutzung mehrere Tage halten.<\/p>\n<\/div>\n<\/div>\n<\/div>\n<\/div>\n<\/div>\n<\/div>\n<p>&nbsp;<\/p>\n<h3><b>H\u00e4ufig gestellte Fragen<\/b><\/h3>\n<p>&nbsp;<\/p>\n<div class=\"flex-shrink-0 flex flex-col relative items-end\">\n<div>\n<div class=\"pt-0\">\n<div class=\"gizmo-bot-avatar flex h-8 w-8 items-center justify-center overflow-hidden rounded-full\">\n<div class=\"relative p-1 rounded-sm flex items-center justify-center bg-token-main-surface-primary text-token-text-primary h-8 w-8\"><strong>Welche Versandarten werden verwendet?<\/strong><\/div>\n<\/div>\n<\/div>\n<\/div>\n<\/div>\n<div class=\"group\/conversation-turn relative flex w-full min-w-0 flex-col agent-turn\">\n<div class=\"flex-col gap-1 md:gap-3\">\n<div class=\"flex max-w-full flex-col flex-grow\">\n<div class=\"min-h-[20px] text-message flex w-full flex-col items-end gap-2 whitespace-normal break-words [.text-message+&amp;]:mt-5 overflow-x-auto\" dir=\"auto\" data-message-author-role=\"assistant\" data-message-id=\"22f8283b-3233-46ff-89a5-c7a41b33abda\">\n<div class=\"flex w-full flex-col gap-1 empty:hidden first:pt-[3px]\">\n<div class=\"markdown prose w-full break-words dark:prose-invert light\">\n<p>Wir arbeiten mit UPS, DHL, FedEx, DPD und anderen f\u00fchrenden Transportunternehmen zusammen. Wir w\u00e4hlen die beste Versandmethode basierend auf Ihrem Lieferort aus, um sicherzustellen, dass Sie Ihre Produkte so schnell wie m\u00f6glich erhalten.<\/p>\n<\/div>\n<p><strong>Wie lange dauert die Lieferung?<\/strong><\/p>\n<p>Pakete, die nach Deutschland versandt werden, kommen normalerweise innerhalb von 10 Werktagen an. Der Versand in europ\u00e4ische L\u00e4nder dauert in der Regel etwa 12-15 Werktage. Wir werden Ihnen Echtzeit-Updates zu Ihrem Versandstatus bereitstellen.<\/p>\n<\/div>\n<p><strong>Garantie<\/strong><\/p>\n<p><span style=\"color: #ff0000\"><strong>Alle Produkte in unserem Shop sind zu 100 % original und authentisch. Wir bieten die 10-fache Entsch\u00e4digung f\u00fcr gef\u00e4lschte Waren!<\/strong><\/span><\/p>\n<div class=\"flex w-full flex-col gap-1 empty:hidden first:pt-[3px]\">\n<p>&nbsp;<\/p>\n<\/div>\n<\/div>\n<\/div>\n<\/div>\n<\/div>\n<p>&nbsp;<\/p>\n<p>Andere beliebte Vapes, die Ihnen gefallen k\u00f6nnten:<\/p>\n<p>&nbsp;<\/p>\n<p><a href=\"https:\/\/rmvapesale.com\/de\/product\/mesii-visual-box-16000-puffs-disposable-vape-full-screen\/\"><strong>MESii Visual Box 16000 Z\u00fcge\u00a0 <span style=\"color: #ff0000\">&gt;&gt;&gt;&gt; los!<\/span><\/strong><\/a><\/p>\n<p><strong><a href=\"https:\/\/rmvapesale.com\/de\/product\/uzy-qute-800-puffs-disposable-vape-original-wholesale\/\">UZY QUTE 800 Z\u00fcge <span style=\"color: #ff0000\">&gt;&gt;&gt;&gt; los!<\/span><\/a>\u00a0<\/strong><\/p>\n<p><a href=\"https:\/\/rmvapesale.com\/de\/product\/vapme-crystal-7000-puffs-rechargeable-disposable-vape-price\/\"><strong>Vapme Crystal 7000 Z\u00fcge <span style=\"color: #ff0000\">&gt;&gt;&gt;&gt; los!<\/span><\/strong><\/a><\/p>\n<p>&nbsp;<\/p>\n<p>&nbsp;<\/p>\n<p>Finden Sie weitere Vape-Produkte, die Ihnen gefallen k\u00f6nnten:<strong><em><a href=\"https:\/\/rmvapesale.com\/de\/shop-2\/\">jetzt einkaufen &gt;&gt;&gt;<\/a><\/em><\/strong><\/p>","protected":false},"excerpt":{"rendered":"<p>Aivono Aim Boom 25000 Z\u00fcge Smart Screen E-Zigaretten<br \/>\nAim Boom 25000 Z\u00fcge Smart Screen Einweg-Vape Gro\u00dfhandel<br \/>\nAivono Aim Boom 25000 Smart Screen Einweg-Vape Geschmack<\/p>\n<p><img loading=\"lazy\" decoding=\"async\" class=\"size-full wp-image-1978\" src=\"https:\/\/rmvapesale.com\/wp-content\/uploads\/2024\/09\/Disposable-Vape-Wholesale.jpg\" alt=\"Einweg-Vape Gro\u00dfhandel\" width=\"229\" height=\"300\" \/><\/p>\n<h3><span style=\"color: #ff0000\"><strong>WhatsApp: +86 17776015835<\/strong><\/span><\/h3>\n<p>&nbsp;<\/p>","protected":false},"featured_media":2279,"comment_status":"open","ping_status":"closed","template":"","meta":{"_uag_custom_page_level_css":"","_lmt_disableupdate":"no","_lmt_disable":"","site-sidebar-layout":"default","site-content-layout":"content-boxed-container","ast-site-content-layout":"normal-width-container","site-content-style":"boxed","site-sidebar-style":"unboxed","ast-global-header-display":"","ast-banner-title-visibility":"","ast-main-header-display":"","ast-hfb-above-header-display":"","ast-hfb-below-header-display":"","ast-hfb-mobile-header-display":"","site-post-title":"","ast-breadcrumbs-content":"","ast-featured-img":"","footer-sml-layout":"","theme-transparent-header-meta":"default","adv-header-id-meta":"","stick-header-meta":"","header-above-stick-meta":"","header-main-stick-meta":"","header-below-stick-meta":"","astra-migrate-meta-layouts":"set","ast-page-background-enabled":"default","ast-page-background-meta":{"desktop":{"background-color":"var(--ast-global-color-4)","background-image":"","background-repeat":"repeat","background-position":"center center","background-size":"auto","background-attachment":"scroll","background-type":"","background-media":"","overlay-type":"","overlay-color":"","overlay-opacity":"","overlay-gradient":""},"tablet":{"background-color":"","background-image":"","background-repeat":"repeat","background-position":"center center","background-size":"auto","background-attachment":"scroll","background-type":"","background-media":"","overlay-type":"","overlay-color":"","overlay-opacity":"","overlay-gradient":""},"mobile":{"background-color":"","background-image":"","background-repeat":"repeat","background-position":"center center","background-size":"auto","background-attachment":"scroll","background-type":"","background-media":"","overlay-type":"","overlay-color":"","overlay-opacity":"","overlay-gradient":""}},"ast-content-background-meta":{"desktop":{"background-color":"var(--ast-global-color-5)","background-image":"","background-repeat":"repeat","background-position":"center center","background-size":"auto","background-attachment":"scroll","background-type":"","background-media":"","overlay-type":"","overlay-color":"","overlay-opacity":"","overlay-gradient":""},"tablet":{"background-color":"var(--ast-global-color-5)","background-image":"","background-repeat":"repeat","background-position":"center center","background-size":"auto","background-attachment":"scroll","background-type":"","background-media":"","overlay-type":"","overlay-color":"","overlay-opacity":"","overlay-gradient":""},"mobile":{"background-color":"var(--ast-global-color-5)","background-image":"","background-repeat":"repeat","background-position":"center center","background-size":"auto","background-attachment":"scroll","background-type":"","background-media":"","overlay-type":"","overlay-color":"","overlay-opacity":"","overlay-gradient":""}},"_joinchat":[]},"product_brand":[],"product_cat":[15,289,292,293,295,299,276,256,25,123,26,28,135,27,137,136,30],"product_tag":[66,99,87,115,120,116],"class_list":{"0":"post-2276","1":"product","2":"type-product","3":"status-publish","4":"has-post-thumbnail","6":"product_cat-new-vape-this-week","7":"product_cat-big-puffs-disposable-vapes","8":"product_cat-digital-disposable-vapes","9":"product_cat-low-nicotine-disposable-vapes","10":"product_cat-rechargeable-disposable-vapes","11":"product_cat-smart-screen-disposable-vapes","12":"product_cat-aivono-vape","13":"product_cat-25000-puff-disposable-vape","14":"product_cat-germany-best-selling-vape","15":"product_cat-italy-wholesale-vape","16":"product_cat-netherlands-hot-sale-vape","17":"product_cat-poland-hot-sale-vape","18":"product_cat-spain-best-hot-sale-vape","19":"product_cat-fance-hot-sale-vape","20":"product_cat-rechargeable-vapes","21":"product_cat-smart-screen-vapes","22":"product_cat-minimum-order-quantity-50pcs","23":"product_tag-disposable-vape","24":"product_tag-disposable-vape-wholesale","25":"product_tag-puff-25k","26":"product_tag-smart-screen-disposable-vape","27":"product_tag-vape-wholesale","28":"product_tag-vapes","29":"desktop-align-left","30":"tablet-align-left","31":"mobile-align-left","33":"first","34":"instock","35":"sale","36":"shipping-taxable","37":"purchasable","38":"product-type-simple"},"uagb_featured_image_src":{"full":["https:\/\/rmvapesale.com\/wp-content\/uploads\/2024\/09\/Aivono-Aim-Boom-25000-Puffs-Star-Flexible-Screen-Vape.png",808,808,false],"thumbnail":["https:\/\/rmvapesale.com\/wp-content\/uploads\/2024\/09\/Aivono-Aim-Boom-25000-Puffs-Star-Flexible-Screen-Vape-150x150.png",150,150,true],"medium":["https:\/\/rmvapesale.com\/wp-content\/uploads\/2024\/09\/Aivono-Aim-Boom-25000-Puffs-Star-Flexible-Screen-Vape-300x300.png",300,300,true],"medium_large":["https:\/\/rmvapesale.com\/wp-content\/uploads\/2024\/09\/Aivono-Aim-Boom-25000-Puffs-Star-Flexible-Screen-Vape-768x768.png",768,768,true],"large":["https:\/\/rmvapesale.com\/wp-content\/uploads\/2024\/09\/Aivono-Aim-Boom-25000-Puffs-Star-Flexible-Screen-Vape.png",808,808,false],"1536x1536":["https:\/\/rmvapesale.com\/wp-content\/uploads\/2024\/09\/Aivono-Aim-Boom-25000-Puffs-Star-Flexible-Screen-Vape.png",808,808,false],"2048x2048":["https:\/\/rmvapesale.com\/wp-content\/uploads\/2024\/09\/Aivono-Aim-Boom-25000-Puffs-Star-Flexible-Screen-Vape.png",808,808,false],"trp-custom-language-flag":["https:\/\/rmvapesale.com\/wp-content\/uploads\/2024\/09\/Aivono-Aim-Boom-25000-Puffs-Star-Flexible-Screen-Vape.png",12,12,false],"woocommerce_thumbnail":["https:\/\/rmvapesale.com\/wp-content\/uploads\/2024\/09\/Aivono-Aim-Boom-25000-Puffs-Star-Flexible-Screen-Vape-300x300.png",300,300,true],"woocommerce_single":["https:\/\/rmvapesale.com\/wp-content\/uploads\/2024\/09\/Aivono-Aim-Boom-25000-Puffs-Star-Flexible-Screen-Vape-600x600.png",600,600,true],"woocommerce_gallery_thumbnail":["https:\/\/rmvapesale.com\/wp-content\/uploads\/2024\/09\/Aivono-Aim-Boom-25000-Puffs-Star-Flexible-Screen-Vape-100x100.png",100,100,true],"wcpr-photo-reviews":["https:\/\/rmvapesale.com\/wp-content\/uploads\/2024\/09\/Aivono-Aim-Boom-25000-Puffs-Star-Flexible-Screen-Vape.png",500,500,false]},"uagb_author_info":{"display_name":"AMY","author_link":"https:\/\/rmvapesale.com\/de\/author\/"},"uagb_comment_info":0,"uagb_excerpt":"Aivono Aim Boom 25000 Puffs Smart Screen E Cigarettes Aim Boom 25000 Puffs Smart Screen Disposable Vape Wholesale Aivono Aim Boom 25000 Smart Screen Disposalbe Vape Flavour WhatsApp: +86 17776015835 &nbsp;","_links":{"self":[{"href":"https:\/\/rmvapesale.com\/de\/wp-json\/wp\/v2\/product\/2276","targetHints":{"allow":["GET"]}}],"collection":[{"href":"https:\/\/rmvapesale.com\/de\/wp-json\/wp\/v2\/product"}],"about":[{"href":"https:\/\/rmvapesale.com\/de\/wp-json\/wp\/v2\/types\/product"}],"replies":[{"embeddable":true,"href":"https:\/\/rmvapesale.com\/de\/wp-json\/wp\/v2\/comments?post=2276"}],"wp:featuredmedia":[{"embeddable":true,"href":"https:\/\/rmvapesale.com\/de\/wp-json\/wp\/v2\/media\/2279"}],"wp:attachment":[{"href":"https:\/\/rmvapesale.com\/de\/wp-json\/wp\/v2\/media?parent=2276"}],"wp:term":[{"taxonomy":"product_brand","embeddable":true,"href":"https:\/\/rmvapesale.com\/de\/wp-json\/wp\/v2\/product_brand?post=2276"},{"taxonomy":"product_cat","embeddable":true,"href":"https:\/\/rmvapesale.com\/de\/wp-json\/wp\/v2\/product_cat?post=2276"},{"taxonomy":"product_tag","embeddable":true,"href":"https:\/\/rmvapesale.com\/de\/wp-json\/wp\/v2\/product_tag?post=2276"}],"curies":[{"name":"wp","href":"https:\/\/api.w.org\/{rel}","templated":true}]}}