{"id":2305,"date":"2024-10-09T03:30:01","date_gmt":"2024-10-09T03:30:01","guid":{"rendered":"https:\/\/rmvapesale.com\/?post_type=product&#038;p=2305"},"modified":"2024-10-09T04:01:03","modified_gmt":"2024-10-09T04:01:03","slug":"waspe-fihp-30000-puffs-led-display-disposable-vape-box","status":"publish","type":"product","link":"https:\/\/rmvapesale.com\/de\/product\/waspe-fihp-30000-puffs-led-display-disposable-vape-box\/","title":{"rendered":"WASPE FIHP 30000 Z\u00fcge LED Display Einweg-Vape-Box"},"content":{"rendered":"<div class=\"B2VR9 CJHX3e\">\n<div class=\"wyccme\">\n<h1 class=\"LC20lb MBeuO DKV0Md\">WASPE FIHP 30000 Z\u00fcge LED Display Einweg-Vape-Box<\/h1>\n<div class=\"flex-shrink-0 flex flex-col relative items-end\">\n<div>\n<div class=\"pt-0\">\n<div class=\"gizmo-bot-avatar flex h-8 w-8 items-center justify-center overflow-hidden rounded-full\">\n<div class=\"relative p-1 rounded-sm flex items-center justify-center bg-token-main-surface-primary text-token-text-primary h-8 w-8\"><\/div>\n<\/div>\n<\/div>\n<\/div>\n<\/div>\n<div class=\"group\/conversation-turn relative flex w-full min-w-0 flex-col agent-turn\">\n<div class=\"flex-col gap-1 md:gap-3\">\n<div class=\"flex max-w-full flex-col flex-grow\">\n<div class=\"min-h-8 text-message flex w-full flex-col items-end gap-2 whitespace-normal break-words [.text-message+&amp;]:mt-5\" dir=\"auto\" data-message-author-role=\"assistant\" data-message-id=\"871c1362-82be-4876-894c-d28f37ffd3d3\">\n<div class=\"flex w-full flex-col gap-1 empty:hidden first:pt-[3px]\">\n<div class=\"markdown prose w-full break-words dark:prose-invert light\">\n<p>Treffen Sie die WASPE FIHP 30000 Puffs LED-Display Einweg-Vape-Box\u2014Ihr ultimativer Dampfbegleiter! Mit einer erstaunlichen Kapazit\u00e4t von bis zu 30.000 Z\u00fcgen im Regul\u00e4rmodus und 15.000 im Pulse-Modus erwartet Sie ein langanhaltendes Erlebnis.<\/p>\n<p>Dieses Vape-Pod verf\u00fcgt \u00fcber eine doppelte Mesh-Spule f\u00fcr intensiven Geschmack und beeindruckende Dampfproduktion. Mit einem gro\u00dfz\u00fcgigen E-Liquid-Volumen von 28 ml k\u00f6nnen Sie Ihre Lieblingsaromen bis zu 30.000 Z\u00fcge genie\u00dfen. Au\u00dferdem erm\u00f6glicht die verstellbare Luftzufuhr, Ihr Erlebnis perfekt anzupassen!<\/p>\n<p>Was die WASPE FW 30000 Box Puffs auszeichnet, ist ihr lebendiges LED-Display, das nicht nur Ihre aktuellen Einstellungen anzeigt, sondern Sie auch \u00fcber Batteriestand und E-Liquid-Level informiert. Kein R\u00e4tselraten mehr\u2014bleiben Sie stets informiert!<\/p>\n<p>W\u00e4hlen Sie Ihren Nikotinspiegel\u20140%, 2% oder 5%\u2014um Ihre Stimmung zu treffen. Wenn es Zeit ist, aufzuladen, macht das praktische Typ-C-Laden das einfach. Mit nur 107 g ist die WASPE leicht und tragbar, perfekt f\u00fcr unterwegs.<\/p>\n<p>Bereiten Sie sich vor, Ihre Dampfreise mit der WASPE 30000 Puffs LED-Display Einweg-Vape-Box zu verbessern!<\/p>\n<p>&nbsp;<\/p>\n<\/div>\n<\/div>\n<\/div>\n<\/div>\n<\/div>\n<\/div>\n<\/div>\n<\/div>\n<p><strong>Kontaktieren Sie Amy, um die richtige Antwort und weitere Produktvideos zu erhalten!<\/strong><\/p>\n<p><img loading=\"lazy\" decoding=\"async\" class=\"size-full wp-image-1978\" src=\"https:\/\/rmvapesale.com\/wp-content\/uploads\/2024\/09\/Disposable-Vape-Wholesale.jpg\" alt=\"Einweg-Vape Gro\u00dfhandel\" width=\"229\" height=\"300\" \/><\/p>\n<h3><a href=\"https:\/\/wa.me\/8617776015835\" target=\"_blank\" rel=\"noopener\"><span style=\"color: #ff0000\"><strong>WhatsApp: +86 17776015835<\/strong><\/span><\/a><\/h3>\n<p>&nbsp;<\/p>\n<h2><\/h2>\n<h2><strong>WASPE FIHP 30000 Puffs Vape-Box Hauptmerkmale<\/strong><\/h2>\n<p>&nbsp;<\/p>\n<p>Regul\u00e4r: 30000 Z\u00fcge<br \/>\nPulse: 15000 Z\u00fcge<br \/>\nDoppelte Mesh-Spule: 1 Ohm + 1 Ohm<br \/>\nE-Liquid: 28ml<br \/>\nNikotin: 0% \/ 2% \/ 5%<br \/>\nBatterie: 850 mAh<br \/>\nEinstellbarer Luftstrom<br \/>\nWiederaufladbar: Typ-C<br \/>\nLED-Anzeige<\/p>\n<p>&nbsp;<\/p>\n<figure id=\"attachment_2300\" aria-describedby=\"caption-attachment-2300\" style=\"width: 808px\" class=\"wp-caption alignnone\"><img loading=\"lazy\" decoding=\"async\" class=\"wp-image-2300 size-full\" src=\"https:\/\/rmvapesale.com\/wp-content\/uploads\/2024\/10\/FIHP-WASPE-Tornado-30000-puffs-vape-Cheap-Price.jpg\" alt=\"FIHP WASPE Tornado 30000 Z\u00fcge Vape G\u00fcnstiger Preis\" width=\"808\" height=\"808\" srcset=\"https:\/\/rmvapesale.com\/wp-content\/uploads\/2024\/10\/FIHP-WASPE-Tornado-30000-puffs-vape-Cheap-Price.jpg 808w, https:\/\/rmvapesale.com\/wp-content\/uploads\/2024\/10\/FIHP-WASPE-Tornado-30000-puffs-vape-Cheap-Price-300x300.jpg 300w, https:\/\/rmvapesale.com\/wp-content\/uploads\/2024\/10\/FIHP-WASPE-Tornado-30000-puffs-vape-Cheap-Price-150x150.jpg 150w, https:\/\/rmvapesale.com\/wp-content\/uploads\/2024\/10\/FIHP-WASPE-Tornado-30000-puffs-vape-Cheap-Price-768x768.jpg 768w, https:\/\/rmvapesale.com\/wp-content\/uploads\/2024\/10\/FIHP-WASPE-Tornado-30000-puffs-vape-Cheap-Price-600x600.jpg 600w, https:\/\/rmvapesale.com\/wp-content\/uploads\/2024\/10\/FIHP-WASPE-Tornado-30000-puffs-vape-Cheap-Price-100x100.jpg 100w\" sizes=\"auto, (max-width: 808px) 100vw, 808px\" \/><figcaption id=\"caption-attachment-2300\" class=\"wp-caption-text\">FIHP WASPE Tornado 30000 Z\u00fcge Vape G\u00fcnstiger Preis<\/figcaption><\/figure>\n<h2><strong>Top-Geschmack f\u00fcr WASPE FIHP 30000 Puffs LED-Display Einweg-Vape-Box<\/strong><\/h2>\n<p>Die WASPE 30000 Puffs LED-Display Einweg-Vape-Box bietet 16 k\u00f6stliche Geschmacksrichtungen, w\u00e4hlen Sie aus einer Vielzahl von Aromen, darunter erfrischender klassischer Minzgeschmack und die exotische S\u00fc\u00dfe von Trauben, jede verspricht eine reiche, befriedigende Reise bei jedem Zug.<\/p>\n<p>1. Erdbeer Mango<br \/>\n2.Gemischte Beeren<span style=\"color: #ff0000\"><strong>&gt;&gt;&gt;&gt; Hei\u00df!<\/strong><\/span><br \/>\n3. Wassermelone Eis<br \/>\n4.Erdbeer-Wassermelone<br \/>\n5. Erdbeer Red Bull<span style=\"color: #ff0000\"><strong>&gt;&gt;&gt;&gt; Hei\u00df!<\/strong><\/span><br \/>\n6. Kiwi Passionsfrucht Guave<br \/>\n7. Traube Eis<br \/>\n8. Doppelter Apfel Eis<br \/>\n9. Blaubeere Himbeere<br \/>\n10. Wassermelone Mango Eis<br \/>\n11.Blaubeere Eis<br \/>\n12.Pfirsich Beere<br \/>\n13. Erdbeere Kiwi<br \/>\n14. Kirsche Eis<br \/>\n15. Erdbeere Superburst Kirsche<br \/>\n16. Wassermelone Kaugummi<span style=\"color: #ff0000\"><strong>&gt;&gt;&gt;&gt; Am besten!<\/strong><\/span><\/p>\n<p>&nbsp;<\/p>\n<div class=\"flex-shrink-0 flex flex-col relative items-end\">\n<div>\n<div class=\"pt-0\">\n<div class=\"gizmo-bot-avatar flex h-8 w-8 items-center justify-center overflow-hidden rounded-full\">\n<div class=\"relative p-1 rounded-sm flex items-center justify-center bg-token-main-surface-primary text-token-text-primary h-8 w-8\">\n<h3><b>H\u00e4ufig gestellte Fragen<\/b><\/h3>\n<p>&nbsp;<\/p>\n<\/div>\n<\/div>\n<\/div>\n<\/div>\n<\/div>\n<div class=\"group\/conversation-turn relative flex w-full min-w-0 flex-col agent-turn\">\n<div class=\"flex-col gap-1 md:gap-3\">\n<div class=\"flex max-w-full flex-col flex-grow\">\n<div class=\"min-h-8 text-message flex w-full flex-col items-end gap-2 whitespace-normal break-words [.text-message+&amp;]:mt-5\" dir=\"auto\" data-message-author-role=\"assistant\" data-message-id=\"f226d3fc-81f3-46d5-8c46-31787fff0357\">\n<div class=\"flex w-full flex-col gap-1 empty:hidden first:pt-[3px]\">\n<div class=\"markdown prose w-full break-words dark:prose-invert light\">\n<p><strong>Q1: Welche Nikotinst\u00e4rken sind f\u00fcr die WASPE 30000 Z\u00fcge Vape Box erh\u00e4ltlich?<\/strong><br \/>\nA1: Sie k\u00f6nnen zwischen den Nikotinst\u00e4rken 0%, 2% oder 5% w\u00e4hlen, um Ihren Vorlieben gerecht zu werden.<\/p>\n<p><strong>Q2: Wie viele Z\u00fcge kann ich aus der WASPE 30000 Z\u00fcge Vape Box erhalten?<\/strong><br \/>\nA2: Genie\u00dfen Sie bis zu 30.000 Z\u00fcge im Regul\u00e4rmodus und 15.000 Z\u00fcge im Pulsmodus, f\u00fcr langanhaltende Zufriedenheit.<\/p>\n<p><strong>Q3: Welche Geschmacksrichtungen werden f\u00fcr die Einweg-Vape WASPE 30000 Z\u00fcge angeboten?<\/strong><br \/>\nA3: W\u00e4hlen Sie aus einem aufregenden Sortiment an Geschmacksrichtungen wie Erdbeere Mango, Beerenmischung, Wassermelone Eis und vielen mehr!<\/p>\n<p><strong>Q4: Wie \u00fcberwache ich den Batteriestand und den E-Liquid-Level?<\/strong><br \/>\nA4: Das LED-Display auf der WASPE Vape Box zeigt sowohl die Batterielebensdauer als auch den E-Liquid-Stand an, damit Sie stets informiert sind.<\/p>\n<p><strong>Q5: Ist die Einweg-Vape WASPE 30000 Z\u00fcge wiederaufladbar?<\/strong><br \/>\nA5: Ja, sie verf\u00fcgt \u00fcber praktisches Typ-C-Laden, um sie bei Bedarf einfach aufzuladen.<\/p>\n<p><strong>Q6: Wie ist die Verpackungskonfiguration f\u00fcr Gro\u00dfbestellungen?<\/strong><br \/>\nA6: Die Einweg-Vape WASPE 30000 Z\u00fcge ist f\u00fcr den Gro\u00dfkauf erh\u00e4ltlich, ideal f\u00fcr Gro\u00dfhandelskunden.<\/p>\n<p><strong>Q7: Kann ich die WASPE FIHP FW 30000 Einweg-Vape im Gro\u00dfhandel kaufen?<\/strong><br \/>\nA7: Absolut! Wir bieten die WASPE FIHP FW 30000 Einweg-Vape f\u00fcr Gro\u00dfhandels- und Mengenbestellungen an.<\/p>\n<p><strong>Q8: Wie viel kostet die WASPE 30000 Z\u00fcge Vape Box bei Gro\u00dfbestellungen?<\/strong><br \/>\nA8: F\u00fcr Preisinformationen zum Gro\u00dfkauf der WASPE 30000 Z\u00fcge Einweg-Vape kontaktieren Sie uns bitte direkt.<\/p>\n<p><strong>F9: Was macht die WASPE 30000 Puffs Vape Box ideal f\u00fcr Einzelh\u00e4ndler?<\/strong><br \/>\nA9: Mit ihrer beeindruckenden Puffs-Kapazit\u00e4t, einer Vielzahl von Geschmacksrichtungen und ansprechendem Design ist sie eine perfekte Wahl, um Kunden anzuziehen.<\/p>\n<p><strong>F10: Wie schwer ist die WASPE Vape Box?<\/strong><br \/>\nA10: Die WASPE Vape Box ist mit nur 107 g leicht und somit einfach zu transportieren f\u00fcr unterwegs beim Dampfen.<\/p>\n<\/div>\n<\/div>\n<\/div>\n<\/div>\n<\/div>\n<\/div>\n<p>&nbsp;<\/p>\n<h3><\/h3>\n<h3>Zum Versand<\/h3>\n<div class=\"flex-shrink-0 flex flex-col relative items-end\">\n<div>\n<div class=\"pt-0\">\n<div class=\"gizmo-bot-avatar flex h-8 w-8 items-center justify-center overflow-hidden rounded-full\">\n<div><\/div>\n<div class=\"relative p-1 rounded-sm flex items-center justify-center bg-token-main-surface-primary text-token-text-primary h-8 w-8\"><strong>1. Welche Versandmethoden werden verwendet?<\/strong><\/div>\n<\/div>\n<\/div>\n<\/div>\n<\/div>\n<div class=\"group\/conversation-turn relative flex w-full min-w-0 flex-col agent-turn\">\n<div class=\"flex-col gap-1 md:gap-3\">\n<div class=\"flex max-w-full flex-col flex-grow\">\n<div class=\"min-h-[20px] text-message flex w-full flex-col items-end gap-2 whitespace-normal break-words [.text-message+&amp;]:mt-5 overflow-x-auto\" dir=\"auto\" data-message-author-role=\"assistant\" data-message-id=\"22f8283b-3233-46ff-89a5-c7a41b33abda\">\n<div class=\"flex w-full flex-col gap-1 empty:hidden first:pt-[3px]\">\n<div class=\"markdown prose w-full break-words dark:prose-invert light\">\n<p>Wir arbeiten mit UPS, DHL, FedEx, DPD und anderen f\u00fchrenden Transportunternehmen zusammen. Wir w\u00e4hlen die beste Versandmethode basierend auf Ihrem Lieferort aus, um sicherzustellen, dass Sie Ihre Produkte so schnell wie m\u00f6glich erhalten.<\/p>\n<\/div>\n<p><strong>2. Wie lange dauert es, bis die Lieferung ankommt?<\/strong><\/p>\n<p>Pakete, die nach Deutschland versandt werden, kommen normalerweise innerhalb von 10 Werktagen an. Der Versand in europ\u00e4ische L\u00e4nder dauert in der Regel etwa 12-15 Werktage. Wir werden Ihnen Echtzeit-Updates zu Ihrem Versandstatus bereitstellen.<\/p>\n<\/div>\n<p><strong>3. Garantie<\/strong><\/p>\n<p><span style=\"color: #ff0000\"><strong>Alle Produkte in unserem Shop sind zu 100 % original und authentisch. Wir bieten die 10-fache Entsch\u00e4digung f\u00fcr gef\u00e4lschte Waren!<\/strong><\/span><\/p>\n<div class=\"flex w-full flex-col gap-1 empty:hidden first:pt-[3px]\">\n<p>&nbsp;<\/p>\n<\/div>\n<\/div>\n<\/div>\n<\/div>\n<\/div>\n<p>&nbsp;<\/p>\n<p>Andere beliebte Vapes, die Ihnen gefallen k\u00f6nnten:<\/p>\n<p><a href=\"https:\/\/rmvapesale.com\/de\/product\/uwin-crystal-10000-puff-disposable-vape-wholesale-price\/\"><strong>UWIN CRYSTAL 10000 Puffs\u00a0 \u00a0<span style=\"color: #ff0000\">&gt;&gt;&gt;&gt; los!<\/span><\/strong><\/a><\/p>\n<p><strong><a href=\"https:\/\/rmvapesale.com\/de\/product\/aivono-aim-boom-25000-puffs-smart-screen-disposable-vape\/\">Aivono Aim Boom 25000 Puffs Smart Screen Puffs <span style=\"color: #ff0000\">&gt;&gt;&gt;&gt; los!<\/span><\/a>\u00a0<\/strong><\/p>\n<p><a href=\"https:\/\/rmvapesale.com\/de\/product\/uzy-crystal-pro-max-10k-puffs-disposable-vape-pen-wholesale\/\"><strong>UZY Crystal Pro Max 10k Z\u00fcge <span style=\"color: #ff0000\">&gt;&gt;&gt;&gt; los!<\/span><\/strong><\/a><\/p>\n<p>&nbsp;<\/p>\n<p>&nbsp;<\/p>\n<p>Finden Sie weitere Vape-Produkte, die Ihnen gefallen k\u00f6nnten:<strong><em><a href=\"https:\/\/rmvapesale.com\/de\/shop-2\/\">jetzt einkaufen &gt;&gt;&gt;<\/a><\/em><\/strong><\/p>","protected":false},"excerpt":{"rendered":"<p>WASPE FIHP 30000 Z\u00fcge Einweg-Vape Gro\u00dfhandel<br \/>\nWASPE FIHP FW 30000 Einweg-Vape Gro\u00dfkauf<br \/>\nWASPE FW 30000 Einweg-Vape Nikotinfrei<\/p>\n<p><img loading=\"lazy\" decoding=\"async\" class=\"size-full wp-image-1978\" src=\"https:\/\/rmvapesale.com\/wp-content\/uploads\/2024\/09\/Disposable-Vape-Wholesale.jpg\" alt=\"Einweg-Vape Gro\u00dfhandel\" width=\"229\" height=\"300\" \/><\/p>\n<h3><a href=\"https:\/\/wa.me\/8617776015835\"><span style=\"color: #ff0000\"><strong>WhatsApp: +86 17776015835<\/strong><\/span><\/a><\/h3>\n<p>&nbsp;<\/p>","protected":false},"featured_media":2304,"comment_status":"open","ping_status":"closed","template":"","meta":{"_uag_custom_page_level_css":"","_lmt_disableupdate":"","_lmt_disable":"","site-sidebar-layout":"default","site-content-layout":"content-boxed-container","ast-site-content-layout":"normal-width-container","site-content-style":"boxed","site-sidebar-style":"unboxed","ast-global-header-display":"","ast-banner-title-visibility":"","ast-main-header-display":"","ast-hfb-above-header-display":"","ast-hfb-below-header-display":"","ast-hfb-mobile-header-display":"","site-post-title":"","ast-breadcrumbs-content":"","ast-featured-img":"","footer-sml-layout":"","ast-disable-related-posts":"","theme-transparent-header-meta":"default","adv-header-id-meta":"","stick-header-meta":"","header-above-stick-meta":"","header-main-stick-meta":"","header-below-stick-meta":"","astra-migrate-meta-layouts":"set","ast-page-background-enabled":"default","ast-page-background-meta":{"desktop":{"background-color":"var(--ast-global-color-4)","background-image":"","background-repeat":"repeat","background-position":"center center","background-size":"auto","background-attachment":"scroll","background-type":"","background-media":"","overlay-type":"","overlay-color":"","overlay-opacity":"","overlay-gradient":""},"tablet":{"background-color":"","background-image":"","background-repeat":"repeat","background-position":"center center","background-size":"auto","background-attachment":"scroll","background-type":"","background-media":"","overlay-type":"","overlay-color":"","overlay-opacity":"","overlay-gradient":""},"mobile":{"background-color":"","background-image":"","background-repeat":"repeat","background-position":"center center","background-size":"auto","background-attachment":"scroll","background-type":"","background-media":"","overlay-type":"","overlay-color":"","overlay-opacity":"","overlay-gradient":""}},"ast-content-background-meta":{"desktop":{"background-color":"var(--ast-global-color-5)","background-image":"","background-repeat":"repeat","background-position":"center center","background-size":"auto","background-attachment":"scroll","background-type":"","background-media":"","overlay-type":"","overlay-color":"","overlay-opacity":"","overlay-gradient":""},"tablet":{"background-color":"var(--ast-global-color-5)","background-image":"","background-repeat":"repeat","background-position":"center center","background-size":"auto","background-attachment":"scroll","background-type":"","background-media":"","overlay-type":"","overlay-color":"","overlay-opacity":"","overlay-gradient":""},"mobile":{"background-color":"var(--ast-global-color-5)","background-image":"","background-repeat":"repeat","background-position":"center center","background-size":"auto","background-attachment":"scroll","background-type":"","background-media":"","overlay-type":"","overlay-color":"","overlay-opacity":"","overlay-gradient":""}},"_joinchat":[]},"product_brand":[],"product_cat":[15,27,25,123,30,26,28],"product_tag":[66,125,96,101,105,120,116],"class_list":{"0":"post-2305","1":"product","2":"type-product","3":"status-publish","4":"has-post-thumbnail","6":"product_cat-new-vape-this-week","7":"product_cat-fance-hot-sale-vape","8":"product_cat-germany-best-selling-vape","9":"product_cat-italy-wholesale-vape","10":"product_cat-minimum-order-quantity-50pcs","11":"product_cat-netherlands-hot-sale-vape","12":"product_cat-poland-hot-sale-vape","13":"product_tag-disposable-vape","14":"product_tag-disposable-vape-italy","15":"product_tag-disposable-vape-wholesale-uk","16":"product_tag-led-display-vape","17":"product_tag-nicotine-free-disposable-vape","18":"product_tag-vape-wholesale","19":"product_tag-vapes","20":"desktop-align-left","21":"tablet-align-left","22":"mobile-align-left","24":"first","25":"instock","26":"sale","27":"shipping-taxable","28":"purchasable","29":"product-type-simple"},"uagb_featured_image_src":{"full":["https:\/\/rmvapesale.com\/wp-content\/uploads\/2024\/10\/WASPE-FIHP-30000-puffs-Tornado-vape-Wholesale-Price.jpg",808,808,false],"thumbnail":["https:\/\/rmvapesale.com\/wp-content\/uploads\/2024\/10\/WASPE-FIHP-30000-puffs-Tornado-vape-Wholesale-Price-150x150.jpg",150,150,true],"medium":["https:\/\/rmvapesale.com\/wp-content\/uploads\/2024\/10\/WASPE-FIHP-30000-puffs-Tornado-vape-Wholesale-Price-300x300.jpg",300,300,true],"medium_large":["https:\/\/rmvapesale.com\/wp-content\/uploads\/2024\/10\/WASPE-FIHP-30000-puffs-Tornado-vape-Wholesale-Price-768x768.jpg",768,768,true],"large":["https:\/\/rmvapesale.com\/wp-content\/uploads\/2024\/10\/WASPE-FIHP-30000-puffs-Tornado-vape-Wholesale-Price.jpg",808,808,false],"1536x1536":["https:\/\/rmvapesale.com\/wp-content\/uploads\/2024\/10\/WASPE-FIHP-30000-puffs-Tornado-vape-Wholesale-Price.jpg",808,808,false],"2048x2048":["https:\/\/rmvapesale.com\/wp-content\/uploads\/2024\/10\/WASPE-FIHP-30000-puffs-Tornado-vape-Wholesale-Price.jpg",808,808,false],"trp-custom-language-flag":["https:\/\/rmvapesale.com\/wp-content\/uploads\/2024\/10\/WASPE-FIHP-30000-puffs-Tornado-vape-Wholesale-Price.jpg",12,12,false],"woocommerce_thumbnail":["https:\/\/rmvapesale.com\/wp-content\/uploads\/2024\/10\/WASPE-FIHP-30000-puffs-Tornado-vape-Wholesale-Price-300x300.jpg",300,300,true],"woocommerce_single":["https:\/\/rmvapesale.com\/wp-content\/uploads\/2024\/10\/WASPE-FIHP-30000-puffs-Tornado-vape-Wholesale-Price-600x600.jpg",600,600,true],"woocommerce_gallery_thumbnail":["https:\/\/rmvapesale.com\/wp-content\/uploads\/2024\/10\/WASPE-FIHP-30000-puffs-Tornado-vape-Wholesale-Price-100x100.jpg",100,100,true],"wcpr-photo-reviews":["https:\/\/rmvapesale.com\/wp-content\/uploads\/2024\/10\/WASPE-FIHP-30000-puffs-Tornado-vape-Wholesale-Price.jpg",500,500,false]},"uagb_author_info":{"display_name":"AMY","author_link":"https:\/\/rmvapesale.com\/de\/author\/"},"uagb_comment_info":0,"uagb_excerpt":"WASPE FIHP 30000 Puffs Disposable Vape Wholesale WASPE FIHP FW 30000 Disposable Vape Bulk Buy WASPE FW 30000 Disposable Vape Box Nicotine Free WhatsApp: +86 17776015835 &nbsp;","_links":{"self":[{"href":"https:\/\/rmvapesale.com\/de\/wp-json\/wp\/v2\/product\/2305","targetHints":{"allow":["GET"]}}],"collection":[{"href":"https:\/\/rmvapesale.com\/de\/wp-json\/wp\/v2\/product"}],"about":[{"href":"https:\/\/rmvapesale.com\/de\/wp-json\/wp\/v2\/types\/product"}],"replies":[{"embeddable":true,"href":"https:\/\/rmvapesale.com\/de\/wp-json\/wp\/v2\/comments?post=2305"}],"wp:featuredmedia":[{"embeddable":true,"href":"https:\/\/rmvapesale.com\/de\/wp-json\/wp\/v2\/media\/2304"}],"wp:attachment":[{"href":"https:\/\/rmvapesale.com\/de\/wp-json\/wp\/v2\/media?parent=2305"}],"wp:term":[{"taxonomy":"product_brand","embeddable":true,"href":"https:\/\/rmvapesale.com\/de\/wp-json\/wp\/v2\/product_brand?post=2305"},{"taxonomy":"product_cat","embeddable":true,"href":"https:\/\/rmvapesale.com\/de\/wp-json\/wp\/v2\/product_cat?post=2305"},{"taxonomy":"product_tag","embeddable":true,"href":"https:\/\/rmvapesale.com\/de\/wp-json\/wp\/v2\/product_tag?post=2305"}],"curies":[{"name":"wp","href":"https:\/\/api.w.org\/{rel}","templated":true}]}}