{"id":2329,"date":"2024-10-10T09:22:12","date_gmt":"2024-10-10T09:22:12","guid":{"rendered":"https:\/\/rmvapesale.com\/?post_type=product&#038;p=2329"},"modified":"2024-10-22T07:41:39","modified_gmt":"2024-10-22T07:41:39","slug":"bang-box-30000-puff-double-taste-smart-screen-disposable-vape","status":"publish","type":"product","link":"https:\/\/rmvapesale.com\/de\/product\/bang-box-30000-puff-double-taste-smart-screen-disposable-vape\/","title":{"rendered":"Bang Box 30000 Z\u00fcge Einweg-Vape mit doppeltem Geschmack und intelligentem Bildschirm"},"content":{"rendered":"<div class=\"B2VR9 CJHX3e\">\n<div class=\"wyccme\">\n<h1 class=\"LC20lb MBeuO DKV0Md\">Bang Box 30000 Puff Doppel-Geschmack Smart-Screen Einweg-Vape Gro\u00dfhandel<\/h1>\n<div class=\"flex-shrink-0 flex flex-col relative items-end\">\n<div>\n<div class=\"pt-0\">\n<div class=\"gizmo-bot-avatar flex h-8 w-8 items-center justify-center overflow-hidden rounded-full\">\n<div class=\"relative p-1 rounded-sm flex items-center justify-center bg-token-main-surface-primary text-token-text-primary h-8 w-8\">\n<p>Sie suchen den ultimativen Vape mit enormer Kapazit\u00e4t? Der <strong>Bang Box 30000 Z\u00fcge Einweg-Vape mit doppeltem Geschmack und intelligentem Bildschirm<\/strong> ist genau das Richtige f\u00fcr Sie! Mit beeindruckenden 30.000 Z\u00fcgen stellt dieses Ger\u00e4t sicher, dass Sie tagelang dampfen k\u00f6nnen \u2013 im wahrsten Sinne des Wortes.<\/p>\n<p>Gef\u00fcllt mit <strong>36 ml E-Liquid<\/strong> und angetrieben durch einen <strong>550mAh Akku<\/strong>, ist der Bang Box f\u00fcr eine langanhaltende Leistung konzipiert. Er verf\u00fcgt \u00fcber einen <strong>Mesh Coil<\/strong>, der bei jedem Zug einen sanften und reichen Geschmack gew\u00e4hrleistet. Der <strong>LCD-Digital-Display<\/strong> informiert Sie auf einen Blick \u00fcber den Akkuladestand und die E-Liquid-F\u00fcllst\u00e4nde, sodass es keine \u00dcberraschungen gibt!<\/p>\n<p>Mit <strong>nikotinfreie<\/strong> Optionen wie 0%, <strong>Nikotinarm <\/strong>Optionen wie 2%, und andere Nikotinst\u00e4rken wie 3% und 5%, so k\u00f6nnen Sie die St\u00e4rke w\u00e4hlen, die zu Ihrem Stil passt. Und vergessen wir nicht das aufregende <strong>Doppelgeschmack-Feature<\/strong>\u2013 es bietet doppelt so viel Geschmack in einem Ger\u00e4t f\u00fcr ein unschlagbares Erlebnis!<\/p>\n<p>Laden Sie es einfach mit dem <strong>Typ-C<\/strong> Anschluss auf, und Sie sind bereit, wieder loszulegen. Der <strong>Bang Box 30000 Puff<\/strong> ist perfekt f\u00fcr Gro\u00dfh\u00e4ndler, die ihren Kunden etwas Leistungsstarkes und Geschmackvolles bieten m\u00f6chten.<\/p>\n<p>Decken Sie sich jetzt ein und genie\u00dfen Sie die Vorteile von <strong>Bang Box 30000 Puff Doppel-Geschmack Smart-Screen Einweg-Vape Gro\u00dfhandel<\/strong>!<\/p>\n<p>&nbsp;<\/p>\n<\/div>\n<\/div>\n<\/div>\n<\/div>\n<\/div>\n<\/div>\n<\/div>\n<p><strong>Kontaktieren Sie Amy, um die richtige Antwort und weitere Produktvideos zu erhalten!<\/strong><\/p>\n<p><img loading=\"lazy\" decoding=\"async\" class=\"size-full wp-image-1978\" src=\"https:\/\/rmvapesale.com\/wp-content\/uploads\/2024\/09\/Disposable-Vape-Wholesale.jpg\" alt=\"Einweg-Vape Gro\u00dfhandel\" width=\"229\" height=\"300\" \/><\/p>\n<h3><a href=\"https:\/\/wa.me\/8617776015835\" target=\"_blank\" rel=\"noopener\"><span style=\"color: #ff0000\"><strong>WhatsApp: +86 17776015835<\/strong><\/span><\/a><\/h3>\n<p>&nbsp;<\/p>\n<h2><\/h2>\n<h2><strong>Bang Box 30000 Puffs Double Taste Vape Hauptmerkmale<\/strong><\/h2>\n<p>&nbsp;<\/p>\n<ul>\n<li><strong>Hohe Anzahl an Z\u00fcgen<\/strong>: Genie\u00dfen Sie bis zu 30.000 Z\u00fcge, ideal f\u00fcr t\u00e4gliches Dampfen ohne st\u00e4ndigen Ersatz.<\/li>\n<li><strong>Gro\u00dfe E-Liquid-Kapazit\u00e4t<\/strong>: Mit einem 35-ml-Tank minimiert dieser Vape die Notwendigkeit h\u00e4ufiger Nachf\u00fcllungen und bietet eine l\u00e4ngere Nutzungsdauer.<\/li>\n<li><strong>Wiederaufladbarer Akku<\/strong>: Ausgestattet mit einem 850-mAh-Akku, sorgt es f\u00fcr langanhaltende Leistung und einfaches Aufladen.<\/li>\n<li><strong>Typ-C-Aufladung<\/strong>: Schnelles und bequemes Aufladen mit dem modernen Typ-C-Anschluss.<\/li>\n<li><strong>Dual-Mesh-Coil-Technologie<\/strong>: Erleben Sie verbesserten Geschmack und reichhaltige Dampfproduktion f\u00fcr ein zufriedenstellenderes Dampferlebnis.<\/li>\n<li><strong>Intelligentes Display<\/strong>: Bleiben Sie mit einem digitalen Smart-Bildschirm, der den Akkustand und den E-Liquid-F\u00fcllstand anzeigt, informiert.<\/li>\n<li><strong>Einstellbare Luftzufuhr<\/strong>: Passen Sie Ihren Zug mit der zweifachen Waben-Luftstromkontrolle f\u00fcr ein ma\u00dfgeschneidertes Dampferlebnis an.<\/li>\n<li><strong>Nikotin-Optionen<\/strong>: Erh\u00e4ltlich in Nikotinst\u00e4rken von 0%, 2%, 3% und 5%, um verschiedenen Vorlieben gerecht zu werden.<\/li>\n<\/ul>\n<h2><\/h2>\n<h2><strong>Top-Geschmack f\u00fcr Bang Box 30000 Puffs E-Zigaretten\u00a0<\/strong><\/h2>\n<p>Der Bang Box 30000 Puff Smart Screen Einweg-Vape bietet 12 k\u00f6stliche Geschmacksrichtungen. W\u00e4hlen Sie aus einer Vielzahl von Geschmacksrichtungen, darunter das klassische, erfrischende k\u00fchle Minze und die exotische S\u00fc\u00dfe von Traube, die jeweils eine reiche, befriedigende Reise mit jedem Zug versprechen.<\/p>\n<p>1.Erdbeere Kiwi<br \/>\n2.Schwarze Explosion <span style=\"color: #ff0000\"><strong>&gt;&gt;&gt;&gt; Hei\u00df!<\/strong><\/span><br \/>\n3.Erdbeere Wassermelone<br \/>\n4.Dschungelsaft<br \/>\n5.Blaubeere Saure Himbeereis <span style=\"color: #ff0000\"><strong>&gt;&gt;&gt;&gt; Hei\u00df!<\/strong><\/span><br \/>\n6. Wassermelonen-Eis<br \/>\n7.Blaubeereis<br \/>\n8.Blaubeere Granatapfel<br \/>\n9.Blaubeer-Explosion <span style=\"color: #ff0000\"><strong>&gt;&gt;&gt;&gt; Am besten!<\/strong><\/span><br \/>\n10.Apfel Pfirsich<br \/>\n11.Passionsfrucht<br \/>\n12.Doppeltraube<\/p>\n<figure id=\"attachment_2316\" aria-describedby=\"caption-attachment-2316\" style=\"width: 487px\" class=\"wp-caption alignnone\"><img loading=\"lazy\" decoding=\"async\" class=\"wp-image-2316 size-full\" src=\"https:\/\/rmvapesale.com\/wp-content\/uploads\/2024\/10\/Bang-Box-30k-Puffs-Factory-Price-New-Vape-This-Week.jpg\" alt=\"Bang Box 30k Puffs Fabrikpreis Neues Vape Diese Woche\" width=\"487\" height=\"800\" srcset=\"https:\/\/rmvapesale.com\/wp-content\/uploads\/2024\/10\/Bang-Box-30k-Puffs-Factory-Price-New-Vape-This-Week.jpg 487w, https:\/\/rmvapesale.com\/wp-content\/uploads\/2024\/10\/Bang-Box-30k-Puffs-Factory-Price-New-Vape-This-Week-183x300.jpg 183w\" sizes=\"auto, (max-width: 487px) 100vw, 487px\" \/><figcaption id=\"caption-attachment-2316\" class=\"wp-caption-text\">Bang Box 30k Puffs Fabrikpreis Neues Vape Diese Woche<\/figcaption><\/figure>\n<h3>Warum Rmvapesale f\u00fcr Ihren Gro\u00dfeinkauf der Bang Box 30000 Puffs w\u00e4hlen?<\/h3>\n<div class=\"flex-shrink-0 flex flex-col relative items-end\">\n<div>\n<div class=\"pt-0\">\n<div class=\"gizmo-bot-avatar flex h-8 w-8 items-center justify-center overflow-hidden rounded-full\">\n<div class=\"relative p-1 rounded-sm flex items-center justify-center bg-token-main-surface-primary text-token-text-primary h-8 w-8\">\n<p>&nbsp;<\/p>\n<p>Wenn Sie Rmvapesale f\u00fcr Ihre Gro\u00dfhandelsbed\u00fcrfnisse an Einweg-Vapes w\u00e4hlen, profitieren Sie von:<\/p>\n<ul>\n<li><strong>Wettbewerbsf\u00e4higer Preis<\/strong>: Erhalten Sie Zugang zu attraktiven Gro\u00dfhandelspreisen, die Ihre Gesch\u00e4ftsmargen steigern.<\/li>\n<li><strong>Hohe Qualit\u00e4t<\/strong>: Unsere Vapes werden nach den h\u00f6chsten Standards hergestellt und sind <span style=\"color: #ff0000\"><strong>garantiert 100% original und authentisch, oder es gibt die 10-fache Entsch\u00e4digung f\u00fcr gef\u00e4lschte Ware!<\/strong><\/span><\/li>\n<li><strong>Exzellenter Kundenservice<\/strong>: Unser engagiertes Team ist immer bereit, Ihnen zu helfen, was Ihren Einkaufsprozess reibungslos und problemlos macht.<\/li>\n<li><strong>Schnell<\/strong>: Erwarten Sie einen schnellen und zuverl\u00e4ssigen Versand, der sicherstellt, dass Ihre Bestellungen jedes Mal p\u00fcnktlich ankommen.<\/li>\n<\/ul>\n<h3><\/h3>\n<h3><b>H\u00e4ufig gestellte Fragen<\/b><\/h3>\n<p>&nbsp;<\/p>\n<\/div>\n<\/div>\n<\/div>\n<\/div>\n<\/div>\n<div class=\"group\/conversation-turn relative flex w-full min-w-0 flex-col agent-turn\">\n<div class=\"flex-col gap-1 md:gap-3\">\n<div class=\"flex max-w-full flex-col flex-grow\">\n<div class=\"min-h-8 text-message flex w-full flex-col items-end gap-2 whitespace-normal break-words [.text-message+&amp;]:mt-5\" dir=\"auto\" data-message-author-role=\"assistant\" data-message-id=\"f226d3fc-81f3-46d5-8c46-31787fff0357\">\n<div class=\"flex w-full flex-col gap-1 empty:hidden first:pt-[3px]\">\n<div class=\"markdown prose w-full break-words dark:prose-invert light\">\n<p><strong>F1: Was macht den Bang Box 30000 Puffs Double Taste Einweg-Vape besonders?<\/strong><br \/>\nA1: Die <strong>Bang Box 30000 Puffs Double Taste Einweg-Vape<\/strong> bietet bis zu 30.000 Z\u00fcge und verf\u00fcgt \u00fcber <strong>Doppelgeschmack-Technologie<\/strong>, die es Ihnen erm\u00f6glicht, zwischen zwei Geschmacksrichtungen in einem Ger\u00e4t zu wechseln. Es kommt auch mit einem intelligenten LED-Display, das sowohl den Akku- als auch den E-Liquid-F\u00fcllstand anzeigt, was ein bequemes und verbessertes Dampferlebnis bietet.<\/p>\n<p><strong>Q2: Welche Geschmacksrichtungen gibt es f\u00fcr den Bang Box 30000 Puff Einweg-Vape mit doppeltem Geschmack?<\/strong><br \/>\nA2: Es stehen 12 k\u00f6stliche Geschmacksrichtungen zur Auswahl, darunter <strong>Erdbeere Kiwi<\/strong>, <strong>Schwarzer Ausbruch<\/strong>, <strong>Wassermelonen-Eis<\/strong>, <strong>Blaubeere Granatapfel<\/strong>, und <strong>Doppelte Traube<\/strong>. Egal, ob Sie fruchtige oder eisige Geschmacksrichtungen bevorzugen, es ist f\u00fcr jeden etwas dabei!<\/p>\n<p><strong>Q3: Wie funktioniert die intelligente Anzeige beim Bang Box 30000 Puff Smart-Vape mit doppeltem Geschmack?<\/strong><br \/>\nA3: Die <strong>LED-Anzeige<\/strong> zeigt wichtige Details wie die Akkulaufzeit und den F\u00fcllstand des E-Liquids an, sodass Sie den Status Ihres Ger\u00e4ts leicht im Auge behalten k\u00f6nnen.<\/p>\n<p><strong>Q4: Wie gro\u00df ist die E-Liquid-Kapazit\u00e4t des Bang 30000 Puff Einweg-Vapes mit doppeltem Geschmack?<\/strong><br \/>\nA4: Dieser Vape hat einen gro\u00dfz\u00fcgigen <strong>35-ml-E-Liquid-Kapazit\u00e4t<\/strong>, der eine langanhaltende Nutzung ohne h\u00e4ufiges Nachf\u00fcllen gew\u00e4hrleistet.<\/p>\n<p><strong>Q5: Welche Nikotinoptionen gibt es f\u00fcr den Bang Box 30000 Puff Double Flavor Smart Vape?<\/strong><br \/>\nA5: Sie k\u00f6nnen zwischen <strong>0%, 2%, 3% und 5% Nikotinst\u00e4rken<\/strong>w\u00e4hlen, was Ihnen je nach Pr\u00e4ferenz Flexibilit\u00e4t gibt.<\/p>\n<p><strong>Q6: Ist der Bang Box 30000 Puff Double Taste Smart Vape wiederaufladbar?<\/strong><br \/>\nA6: Ja, das Ger\u00e4t ist mit einem <strong>Typ-C-Ladeanschluss<\/strong> und ein <strong>850-mAh-Akku<\/strong>, wodurch er schnell und einfach aufzuladen ist.<\/p>\n<p><strong>Q7: Kann ich den Bang 30000 Puff Double Taste Smart Vape in gro\u00dfen Mengen kaufen?<\/strong><br \/>\nA7: Ja, <strong>Bang 30000 Puff Double Taste Smart Vape Gro\u00dfhandel<\/strong> Optionen sind f\u00fcr Einzelh\u00e4ndler verf\u00fcgbar, die sich mit diesem beliebten Ger\u00e4t eindecken m\u00f6chten.<\/p>\n<\/div>\n<\/div>\n<\/div>\n<\/div>\n<\/div>\n<\/div>\n<p>&nbsp;<\/p>\n<h3><\/h3>\n<h3>Zum Versand<\/h3>\n<div class=\"flex-shrink-0 flex flex-col relative items-end\">\n<div>\n<div class=\"pt-0\">\n<div class=\"gizmo-bot-avatar flex h-8 w-8 items-center justify-center overflow-hidden rounded-full\">\n<div><\/div>\n<div class=\"relative p-1 rounded-sm flex items-center justify-center bg-token-main-surface-primary text-token-text-primary h-8 w-8\"><strong>1. Welche Versandmethoden werden verwendet?<\/strong><\/div>\n<\/div>\n<\/div>\n<\/div>\n<\/div>\n<div class=\"group\/conversation-turn relative flex w-full min-w-0 flex-col agent-turn\">\n<div class=\"flex-col gap-1 md:gap-3\">\n<div class=\"flex max-w-full flex-col flex-grow\">\n<div class=\"min-h-[20px] text-message flex w-full flex-col items-end gap-2 whitespace-normal break-words [.text-message+&amp;]:mt-5 overflow-x-auto\" dir=\"auto\" data-message-author-role=\"assistant\" data-message-id=\"22f8283b-3233-46ff-89a5-c7a41b33abda\">\n<div class=\"flex w-full flex-col gap-1 empty:hidden first:pt-[3px]\">\n<div class=\"markdown prose w-full break-words dark:prose-invert light\">\n<p>Wir arbeiten mit UPS, DHL, FedEx, DPD und anderen f\u00fchrenden Transportunternehmen zusammen. Wir w\u00e4hlen die beste Versandmethode basierend auf Ihrem Lieferort aus, um sicherzustellen, dass Sie Ihre Produkte so schnell wie m\u00f6glich erhalten.<\/p>\n<\/div>\n<p><strong>2. Wie lange dauert es, bis die Lieferung ankommt?<\/strong><\/p>\n<p>Pakete, die nach Deutschland versandt werden, kommen normalerweise innerhalb von 10 Werktagen an. Der Versand in europ\u00e4ische L\u00e4nder dauert in der Regel etwa 12-15 Werktage. Wir werden Ihnen Echtzeit-Updates zu Ihrem Versandstatus bereitstellen.<\/p>\n<\/div>\n<\/div>\n<\/div>\n<\/div>\n<\/div>\n<p>&nbsp;<\/p>\n<p>Andere beliebte Vapes, die Ihnen gefallen k\u00f6nnten:<\/p>\n<p><a href=\"https:\/\/rmvapesale.com\/de\/product\/aivono-aim-magic-20000-20k-puffs-disposable-vape-pod\/\"><strong>Aivono Aim Magic 20000 Puff\u00a0 \u00a0<span style=\"color: #ff0000\">&gt;&gt;&gt;&gt; los!<\/span><\/strong><\/a><\/p>\n<p><strong><a href=\"https:\/\/rmvapesale.com\/de\/product\/waspe-fihp-30000-puffs-led-display-disposable-vape-box\/\">WASPE FIHP 30000 Z\u00fcge <span style=\"color: #ff0000\">&gt;&gt;&gt;&gt; los!<\/span><\/a>\u00a0<\/strong><\/p>\n<p><a href=\"https:\/\/rmvapesale.com\/de\/product\/bang-box-30000-puff-smart-screen-disposable-vape-wholesale\/\"><strong>Bang Box 30000 Puffs Smart Screen <span style=\"color: #ff0000\">&gt;&gt;&gt;&gt; los!<\/span><\/strong><\/a><\/p>\n<p>&nbsp;<\/p>\n<p>&nbsp;<\/p>\n<p>Finden Sie weitere Vape-Produkte, die Ihnen gefallen k\u00f6nnten:<strong><em><a href=\"https:\/\/rmvapesale.com\/de\/shop-2\/\">jetzt einkaufen &gt;&gt;&gt;<\/a><\/em><\/strong><\/p>","protected":false},"excerpt":{"rendered":"<p>Bang Box 30000 Puffs Smart Screen Einweg-E-Zigaretten<br \/>\nBang Vape Box 30000 Puffs Doppel-Geschmack Einweg-Vape Gro\u00dfhandel<br \/>\nBang Box 30000 Puffs 0% 2% 3% 5% Nikotinfreier Einweg-Vape<\/p>\n<p><img loading=\"lazy\" decoding=\"async\" class=\"size-full wp-image-1978\" src=\"https:\/\/rmvapesale.com\/wp-content\/uploads\/2024\/09\/Disposable-Vape-Wholesale.jpg\" alt=\"Einweg-Vape Gro\u00dfhandel\" width=\"229\" height=\"300\" \/><\/p>\n<h3><a href=\"https:\/\/wa.me\/8617776015835\"><span style=\"color: #ff0000\"><strong>WhatsApp: +86 17776015835<\/strong><\/span><\/a><\/h3>\n<p>&nbsp;<\/p>","protected":false},"featured_media":2315,"comment_status":"open","ping_status":"closed","template":"","meta":{"_uag_custom_page_level_css":"","_lmt_disableupdate":"no","_lmt_disable":"","site-sidebar-layout":"default","site-content-layout":"content-boxed-container","ast-site-content-layout":"normal-width-container","site-content-style":"boxed","site-sidebar-style":"unboxed","ast-global-header-display":"","ast-banner-title-visibility":"","ast-main-header-display":"","ast-hfb-above-header-display":"","ast-hfb-below-header-display":"","ast-hfb-mobile-header-display":"","site-post-title":"","ast-breadcrumbs-content":"","ast-featured-img":"","footer-sml-layout":"","ast-disable-related-posts":"","theme-transparent-header-meta":"default","adv-header-id-meta":"","stick-header-meta":"","header-above-stick-meta":"","header-main-stick-meta":"","header-below-stick-meta":"","astra-migrate-meta-layouts":"set","ast-page-background-enabled":"default","ast-page-background-meta":{"desktop":{"background-color":"var(--ast-global-color-4)","background-image":"","background-repeat":"repeat","background-position":"center center","background-size":"auto","background-attachment":"scroll","background-type":"","background-media":"","overlay-type":"","overlay-color":"","overlay-opacity":"","overlay-gradient":""},"tablet":{"background-color":"","background-image":"","background-repeat":"repeat","background-position":"center center","background-size":"auto","background-attachment":"scroll","background-type":"","background-media":"","overlay-type":"","overlay-color":"","overlay-opacity":"","overlay-gradient":""},"mobile":{"background-color":"","background-image":"","background-repeat":"repeat","background-position":"center center","background-size":"auto","background-attachment":"scroll","background-type":"","background-media":"","overlay-type":"","overlay-color":"","overlay-opacity":"","overlay-gradient":""}},"ast-content-background-meta":{"desktop":{"background-color":"var(--ast-global-color-5)","background-image":"","background-repeat":"repeat","background-position":"center center","background-size":"auto","background-attachment":"scroll","background-type":"","background-media":"","overlay-type":"","overlay-color":"","overlay-opacity":"","overlay-gradient":""},"tablet":{"background-color":"var(--ast-global-color-5)","background-image":"","background-repeat":"repeat","background-position":"center center","background-size":"auto","background-attachment":"scroll","background-type":"","background-media":"","overlay-type":"","overlay-color":"","overlay-opacity":"","overlay-gradient":""},"mobile":{"background-color":"var(--ast-global-color-5)","background-image":"","background-repeat":"repeat","background-position":"center center","background-size":"auto","background-attachment":"scroll","background-type":"","background-media":"","overlay-type":"","overlay-color":"","overlay-opacity":"","overlay-gradient":""}},"_joinchat":[]},"product_brand":[],"product_cat":[15,60,27,25,123,30,26,28,137,136,135],"product_tag":[63,66,125,126,101,105,127,120],"class_list":{"0":"post-2329","1":"product","2":"type-product","3":"status-publish","4":"has-post-thumbnail","6":"product_cat-new-vape-this-week","7":"product_cat-bang-vapes","8":"product_cat-fance-hot-sale-vape","9":"product_cat-germany-best-selling-vape","10":"product_cat-italy-wholesale-vape","11":"product_cat-minimum-order-quantity-50pcs","12":"product_cat-netherlands-hot-sale-vape","13":"product_cat-poland-hot-sale-vape","14":"product_cat-rechargeable-vapes","15":"product_cat-smart-screen-vapes","16":"product_cat-spain-best-hot-sale-vape","17":"product_tag-bang-vapes","18":"product_tag-disposable-vape","19":"product_tag-disposable-vape-italy","20":"product_tag-e-cigarettes","21":"product_tag-led-display-vape","22":"product_tag-nicotine-free-disposable-vape","23":"product_tag-puff-30k","24":"product_tag-vape-wholesale","25":"desktop-align-left","26":"tablet-align-left","27":"mobile-align-left","29":"first","30":"instock","31":"sale","32":"shipping-taxable","33":"purchasable","34":"product-type-simple"},"uagb_featured_image_src":{"full":["https:\/\/rmvapesale.com\/wp-content\/uploads\/2024\/10\/Bang-Box-30k-Puffs-Discount-Price-Fashion-Vape.jpg",800,800,false],"thumbnail":["https:\/\/rmvapesale.com\/wp-content\/uploads\/2024\/10\/Bang-Box-30k-Puffs-Discount-Price-Fashion-Vape-150x150.jpg",150,150,true],"medium":["https:\/\/rmvapesale.com\/wp-content\/uploads\/2024\/10\/Bang-Box-30k-Puffs-Discount-Price-Fashion-Vape-300x300.jpg",300,300,true],"medium_large":["https:\/\/rmvapesale.com\/wp-content\/uploads\/2024\/10\/Bang-Box-30k-Puffs-Discount-Price-Fashion-Vape-768x768.jpg",768,768,true],"large":["https:\/\/rmvapesale.com\/wp-content\/uploads\/2024\/10\/Bang-Box-30k-Puffs-Discount-Price-Fashion-Vape.jpg",800,800,false],"1536x1536":["https:\/\/rmvapesale.com\/wp-content\/uploads\/2024\/10\/Bang-Box-30k-Puffs-Discount-Price-Fashion-Vape.jpg",800,800,false],"2048x2048":["https:\/\/rmvapesale.com\/wp-content\/uploads\/2024\/10\/Bang-Box-30k-Puffs-Discount-Price-Fashion-Vape.jpg",800,800,false],"trp-custom-language-flag":["https:\/\/rmvapesale.com\/wp-content\/uploads\/2024\/10\/Bang-Box-30k-Puffs-Discount-Price-Fashion-Vape.jpg",12,12,false],"woocommerce_thumbnail":["https:\/\/rmvapesale.com\/wp-content\/uploads\/2024\/10\/Bang-Box-30k-Puffs-Discount-Price-Fashion-Vape-300x300.jpg",300,300,true],"woocommerce_single":["https:\/\/rmvapesale.com\/wp-content\/uploads\/2024\/10\/Bang-Box-30k-Puffs-Discount-Price-Fashion-Vape-600x600.jpg",600,600,true],"woocommerce_gallery_thumbnail":["https:\/\/rmvapesale.com\/wp-content\/uploads\/2024\/10\/Bang-Box-30k-Puffs-Discount-Price-Fashion-Vape-100x100.jpg",100,100,true],"wcpr-photo-reviews":["https:\/\/rmvapesale.com\/wp-content\/uploads\/2024\/10\/Bang-Box-30k-Puffs-Discount-Price-Fashion-Vape.jpg",500,500,false]},"uagb_author_info":{"display_name":"AMY","author_link":"https:\/\/rmvapesale.com\/de\/author\/"},"uagb_comment_info":0,"uagb_excerpt":"Bang Box 30000 Puffs Smart Screen Disposable E Cigarettes Bang Vape Box 30000 Puffs Duble Taste Disposable Vape Wholesale Bang Box 30000 Puffs 0% 2% 3% 5% Free Nicotine Disposable Vape WhatsApp: +86 17776015835 &nbsp;","_links":{"self":[{"href":"https:\/\/rmvapesale.com\/de\/wp-json\/wp\/v2\/product\/2329","targetHints":{"allow":["GET"]}}],"collection":[{"href":"https:\/\/rmvapesale.com\/de\/wp-json\/wp\/v2\/product"}],"about":[{"href":"https:\/\/rmvapesale.com\/de\/wp-json\/wp\/v2\/types\/product"}],"replies":[{"embeddable":true,"href":"https:\/\/rmvapesale.com\/de\/wp-json\/wp\/v2\/comments?post=2329"}],"wp:featuredmedia":[{"embeddable":true,"href":"https:\/\/rmvapesale.com\/de\/wp-json\/wp\/v2\/media\/2315"}],"wp:attachment":[{"href":"https:\/\/rmvapesale.com\/de\/wp-json\/wp\/v2\/media?parent=2329"}],"wp:term":[{"taxonomy":"product_brand","embeddable":true,"href":"https:\/\/rmvapesale.com\/de\/wp-json\/wp\/v2\/product_brand?post=2329"},{"taxonomy":"product_cat","embeddable":true,"href":"https:\/\/rmvapesale.com\/de\/wp-json\/wp\/v2\/product_cat?post=2329"},{"taxonomy":"product_tag","embeddable":true,"href":"https:\/\/rmvapesale.com\/de\/wp-json\/wp\/v2\/product_tag?post=2329"}],"curies":[{"name":"wp","href":"https:\/\/api.w.org\/{rel}","templated":true}]}}