{"id":2351,"date":"2024-10-11T08:11:29","date_gmt":"2024-10-11T08:11:29","guid":{"rendered":"https:\/\/rmvapesale.com\/?post_type=product&#038;p=2351"},"modified":"2024-10-11T08:47:10","modified_gmt":"2024-10-11T08:47:10","slug":"bang-box-18000-puffs-led-display-disposable-vape-original","status":"publish","type":"product","link":"https:\/\/rmvapesale.com\/de\/product\/bang-box-18000-puffs-led-display-disposable-vape-original\/","title":{"rendered":"Bang Box 18000 Puffs LED-Anzeige Einweg-Vape Original"},"content":{"rendered":"<div class=\"B2VR9 CJHX3e\">\n<div class=\"wyccme\">\n<h1 class=\"LC20lb MBeuO DKV0Md\">Bang Box 18000 Z\u00fcge LED Display Einweg-Vape Original-Edition<\/h1>\n<div class=\"flex-shrink-0 flex flex-col relative items-end\">\n<div class=\"pt-0\">\n<div class=\"gizmo-bot-avatar flex h-8 w-8 items-center justify-center overflow-hidden rounded-full\">\n<div class=\"relative p-1 rounded-sm flex items-center justify-center bg-token-main-surface-primary text-token-text-primary h-8 w-8\">\n<p>Die Bang Box 18000 Puffs ist eine beliebte Einweg-Vape mit LED-Anzeige, perfekt f\u00fcr alle, die ein erstklassiges, langanhaltendes Dampferlebnis w\u00fcnschen. Mit einer beeindruckenden Kapazit\u00e4t von 18.000 Z\u00fcgen h\u00e4lt dieses Ger\u00e4t viel l\u00e4nger als die meisten Einweg-Vapes auf dem Markt. Der gro\u00dfz\u00fcgige 26-ml-E-Liquid-Tank und die Auswahl an Nikotinst\u00e4rken von 0%, 2%, 3% und 5% machen es vielseitig und f\u00fcr leichte wie auch starke Dampfer geeignet.<\/p>\n<p>Diese Einweg-Vape-Bar wurde sowohl f\u00fcr einfache Handhabung als auch f\u00fcr Zufriedenheit entwickelt und ist mit einem wiederaufladbaren 850-mAh-Akku und schnellem Typ-C-Laden ausgestattet, sodass Sie den ganzen Tag \u00fcber mit Strom versorgt sind. Die herausragende LED-Digitalanzeige liefert Ihnen Echtzeit-Informationen \u00fcber die Akkulaufzeit und die Anzahl der Z\u00fcge, sodass Sie Ihr Ger\u00e4t einfach \u00fcberwachen k\u00f6nnen.<\/p>\n<p>&nbsp;<\/p>\n<\/div>\n<\/div>\n<\/div>\n<\/div>\n<\/div>\n<\/div>\n<p><strong>Kontaktieren Sie Amy, um die richtige Antwort und weitere Produktvideos zu erhalten!<\/strong><\/p>\n<p><img loading=\"lazy\" decoding=\"async\" class=\"size-full wp-image-1978\" src=\"https:\/\/rmvapesale.com\/wp-content\/uploads\/2024\/09\/Disposable-Vape-Wholesale.jpg\" alt=\"Einweg-Vape Gro\u00dfhandel\" width=\"229\" height=\"300\" \/><\/p>\n<h3><a href=\"https:\/\/wa.me\/8617776015835\" target=\"_blank\" rel=\"noopener\"><span style=\"color: #ff0000\"><strong>WhatsApp: +86 17776015835<\/strong><\/span><\/a><\/h3>\n<p>&nbsp;<\/p>\n<h2><\/h2>\n<h2><strong>Bang Box 18000 Z\u00fcge Einweg-Vape Hauptmerkmale<\/strong><\/h2>\n<p>&nbsp;<\/p>\n<ul>\n<li><strong>18.000 Z\u00fcge<\/strong>: Mit einer massiven Zugzahl von 18.000 k\u00f6nnen Sie ununterbrochenes Dampfen \u00fcber einen l\u00e4ngeren Zeitraum genie\u00dfen, ohne den Aufwand des Austauschs.<\/li>\n<li><strong>Mesh Coil (0,8 Ohm)<\/strong>: Die fortschrittliche Mesh-Coil-Technologie sorgt f\u00fcr maximale Geschmacks- und Dampfproduktion und bietet jedes Mal einen sanften und geschmackvollen Zug.<\/li>\n<li><strong>26ml E-Liquid-Kapazit\u00e4t<\/strong>: Ausgestattet mit einer gro\u00dfz\u00fcgigen 26-ml-E-Liquid-Kapazit\u00e4t, minimiert sie die Notwendigkeit st\u00e4ndiger Nachf\u00fcllungen und bietet eine langanhaltende Nutzung.<\/li>\n<li><strong>Nikotin-Optionen<\/strong>: W\u00e4hlen Sie aus <strong>0%, 2%, 3% oder 5% Nikotin<\/strong> um Ihr Dampferlebnis anzupassen und auf Ihre pers\u00f6nlichen Vorlieben einzugehen.<\/li>\n<li><strong>850-mAh-Akku (wiederaufladbar)<\/strong>: Der leistungsstarke integrierte 850-mAh-Akku sorgt daf\u00fcr, dass Sie den ganzen Tag \u00fcber mit Strom versorgt sind, und mit <strong>Typ-C-Schnellladung<\/strong>sind Sie im Handumdrehen wieder beim Dampfen.<\/li>\n<li><strong>LED-Digitalanzeige<\/strong>: Behalten Sie die Kontrolle mit der intuitiven <strong>LED-Anzeige<\/strong> die wichtige Informationen wie die verbleibende Akkulaufzeit und den E-Liquid-Stand anzeigt und die \u00dcberwachung Ihres Ger\u00e4ts erleichtert.<\/li>\n<\/ul>\n<figure id=\"attachment_2352\" aria-describedby=\"caption-attachment-2352\" style=\"width: 600px\" class=\"wp-caption alignnone\"><img loading=\"lazy\" decoding=\"async\" class=\"wp-image-2352\" src=\"https:\/\/rmvapesale.com\/wp-content\/uploads\/2024\/10\/Bang-Box-18000-Puffs-Disposable-Vape-Wholesale.jpg\" alt=\"Bang Box 18000 Z\u00fcge Einweg-Vape Gro\u00dfhandel\" width=\"600\" height=\"600\" srcset=\"https:\/\/rmvapesale.com\/wp-content\/uploads\/2024\/10\/Bang-Box-18000-Puffs-Disposable-Vape-Wholesale.jpg 800w, https:\/\/rmvapesale.com\/wp-content\/uploads\/2024\/10\/Bang-Box-18000-Puffs-Disposable-Vape-Wholesale-300x300.jpg 300w, https:\/\/rmvapesale.com\/wp-content\/uploads\/2024\/10\/Bang-Box-18000-Puffs-Disposable-Vape-Wholesale-150x150.jpg 150w, https:\/\/rmvapesale.com\/wp-content\/uploads\/2024\/10\/Bang-Box-18000-Puffs-Disposable-Vape-Wholesale-768x768.jpg 768w, https:\/\/rmvapesale.com\/wp-content\/uploads\/2024\/10\/Bang-Box-18000-Puffs-Disposable-Vape-Wholesale-600x600.jpg 600w, https:\/\/rmvapesale.com\/wp-content\/uploads\/2024\/10\/Bang-Box-18000-Puffs-Disposable-Vape-Wholesale-100x100.jpg 100w\" sizes=\"auto, (max-width: 600px) 100vw, 600px\" \/><figcaption id=\"caption-attachment-2352\" class=\"wp-caption-text\">Bang Box 18000 Z\u00fcge Einweg-Vape Gro\u00dfhandel<\/figcaption><\/figure>\n<h2><\/h2>\n<h2><strong>Bester Geschmack f\u00fcr Bang Box 18000 Z\u00fcge Vape Bar<\/strong><\/h2>\n<p>Der <strong>Bang Box 18000 Z\u00fcge LED-Display Einweg-Vape<\/strong> ist die ultimative Wahl f\u00fcr Dampfer, die Wert auf Bequemlichkeit, leistungsstarke Performance und ein gehobenes Dampferlebnis legen. Erh\u00e4ltlich in verschiedenen Nikotinst\u00e4rken, bietet dieses Ger\u00e4t eine elegante und unkomplizierte M\u00f6glichkeit, Ihre bevorzugten E-Liquids zu genie\u00dfen, und das alles mit der Einfachheit eines Einweg-Vapes.<\/p>\n<p>1.Gummib\u00e4rchen <span style=\"color: #ff0000\"><strong>&gt;&gt;&gt;&gt; Hei\u00df!<\/strong><\/span><br \/>\n2.Erdbeereis<span style=\"color: #ff0000\"><strong>&gt;&gt;&gt;&gt; Am besten!<\/strong><\/span><br \/>\n3.Pfirsich-Mango<br \/>\n4.Dreifache Beereis<br \/>\n5.Erdbeer-Banane<br \/>\n6.\u00dcppiges Eis<br \/>\n7.Blaue Himbeereis <span style=\"color: #ff0000\"><strong>&gt;&gt;&gt;&gt; Hei\u00df!<\/strong><\/span><br \/>\n8.Tropische Frucht<br \/>\n9.Aloe-Traube<br \/>\n10.Pfirsicheis<br \/>\n11.Erdbeer-Litschi<br \/>\n12.K\u00fchle Minze<\/p>\n<p>&nbsp;<\/p>\n<p>&nbsp;<\/p>\n<h3><strong>Warum Rmvapesale f\u00fcr den Gro\u00dfeinkauf des Bang Box 18000 Puffs Vape w\u00e4hlen?<\/strong><\/h3>\n<div class=\"flex-shrink-0 flex flex-col relative items-end\">\n<div>\n<div class=\"pt-0\">\n<div class=\"gizmo-bot-avatar flex h-8 w-8 items-center justify-center overflow-hidden rounded-full\">\n<div class=\"relative p-1 rounded-sm flex items-center justify-center bg-token-main-surface-primary text-token-text-primary h-8 w-8\">\n<p>&nbsp;<\/p>\n<p>Wenn Sie Rmvapesale f\u00fcr Ihre Gro\u00dfhandelsbed\u00fcrfnisse an Einweg-Vapes w\u00e4hlen, profitieren Sie von:<\/p>\n<ul>\n<li><strong>Wettbewerbsf\u00e4higer Preis<\/strong>: Erhalten Sie Zugang zu attraktiven Gro\u00dfhandelspreisen, die Ihre Gesch\u00e4ftsmargen steigern.<\/li>\n<li><strong>Hohe Qualit\u00e4t<\/strong>: Unsere Vapes werden nach den h\u00f6chsten Standards hergestellt und sind <span style=\"color: #ff0000\"><strong>garantiert 100% original und authentisch, oder es gibt die 10-fache Entsch\u00e4digung f\u00fcr gef\u00e4lschte Ware!<\/strong><\/span><\/li>\n<li><strong>Exzellenter Kundenservice<\/strong>: Unser engagiertes Team ist immer bereit, Ihnen zu helfen, was Ihren Einkaufsprozess reibungslos und problemlos macht.<\/li>\n<li><strong>Schnell<\/strong>: Erwarten Sie einen schnellen und zuverl\u00e4ssigen Versand, der sicherstellt, dass Ihre Bestellungen jedes Mal p\u00fcnktlich ankommen.<\/li>\n<\/ul>\n<h3><\/h3>\n<h3><b>H\u00e4ufig gestellte Fragen<\/b><\/h3>\n<p>&nbsp;<\/p>\n<\/div>\n<\/div>\n<\/div>\n<\/div>\n<\/div>\n<div class=\"group\/conversation-turn relative flex w-full min-w-0 flex-col agent-turn\">\n<div class=\"flex-col gap-1 md:gap-3\">\n<div class=\"flex max-w-full flex-col flex-grow\">\n<div class=\"min-h-8 text-message flex w-full flex-col items-end gap-2 whitespace-normal break-words [.text-message+&amp;]:mt-5\" dir=\"auto\" data-message-author-role=\"assistant\" data-message-id=\"f226d3fc-81f3-46d5-8c46-31787fff0357\">\n<div class=\"flex w-full flex-col gap-1 empty:hidden first:pt-[3px]\">\n<div class=\"markdown prose w-full break-words dark:prose-invert light\">\n<h3>1. <strong>Was macht den Bang Box 18000 Puffs Einweg-Vape so besonders?<\/strong><\/h3>\n<p>Der <strong>Bang Box 18000 Puffs Einweg-Vape<\/strong> bietet ein herausragendes Dampferlebnis mit seiner gro\u00dfen <strong>18.000 Z\u00fcge<\/strong> Kapazit\u00e4t und einem wiederaufladbaren <strong>850-mAh-Akku<\/strong>. Er verf\u00fcgt \u00fcber einen <strong>26-ml-E-Liquid-Tank<\/strong>, der eine l\u00e4ngere Nutzung ohne h\u00e4ufiges Nachf\u00fcllen gew\u00e4hrleistet. Au\u00dferdem h\u00e4lt dich das <strong>LED-Digitaldisplay<\/strong> \u00fcber Akkulaufzeit und Zuganzahl auf dem Laufenden.<\/p>\n<h3>2. <strong>Woher wei\u00df ich, wann ich meinen Bang Box 18000 Puffs Vape Bar aufladen muss?<\/strong><\/h3>\n<p>Der <strong>Der Bang Box 18000 Puffs Vape Bar<\/strong> verf\u00fcgt \u00fcber ein praktisches <strong>LED-Digitaldisplay<\/strong> , das sowohl die Akkulaufzeit als auch die Zuganzahl anzeigt, sodass du leicht wei\u00dft, wann es Zeit zum Aufladen ist.<\/p>\n<h3>3. <strong>Kann ich den Bang Box 18000 Puffs Rechargeable Vape aufladen?<\/strong><\/h3>\n<p>Ja! Der <strong>Bang Box 18000 Puffs Rechargeable Vape<\/strong> verf\u00fcgt \u00fcber einen <strong>Typ-C-Ladeanschluss<\/strong>, der ein schnelles und einfaches Aufladen erm\u00f6glicht. Diese Funktion, kombiniert mit der hohen Zuganzahl, gew\u00e4hrleistet eine lange Nutzungsdauer.<\/p>\n<h3>4. <strong>Welche Nikotinst\u00e4rken sind f\u00fcr den Bang Box 18000 Puffs Rechargeable Vape erh\u00e4ltlich?<\/strong><\/h3>\n<p>Der <strong>Bang Box 18000 Puffs Rechargeable Vape<\/strong> ist in vier Nikotinst\u00e4rken erh\u00e4ltlich: <strong>0%, 2%, 3% und 5%<\/strong>Diese Flexibilit\u00e4t richtet sich an Dampfer mit unterschiedlichen Vorlieben, egal ob Sie nikotinfreies Dampfen oder einen st\u00e4rkeren Zug suchen.<\/p>\n<h3>5. <strong>Ist der Bang Vape BOX 18000 Puffs Einweg-Vape einfach zu transportieren?<\/strong><\/h3>\n<p>Absolut! Der <strong>Bang Vape BOX 18000 Puffs Einweg-Vape<\/strong> ist so konzipiert, dass er tragbar und benutzerfreundlich ist, was ihn perfekt f\u00fcr das Dampfen unterwegs macht. Trotz seiner gro\u00dfen Zugkapazit\u00e4t bleibt er leicht und einfach zu transportieren.<\/p>\n<h3>6. <strong>Bietet der Bang Box 18000 Puffs Vape Bar intensive Aromen?<\/strong><\/h3>\n<p>Ja! Dank der <strong>0.8Ohm Mesh Coil<\/strong>bietet der <strong>Bang Box 18k Puff Vape Bar<\/strong> eine verbesserte Geschmacks- und Dampfproduktion. Egal, ob Sie fruchtige Aromen wie <strong>Pfirsich Mango<\/strong> oder k\u00fchlende Empfindungen wie <strong>Lush Ice<\/strong>genie\u00dfen, jeder Zug liefert ein zufriedenstellendes Erlebnis.<\/p>\n<\/div>\n<\/div>\n<\/div>\n<\/div>\n<\/div>\n<\/div>\n<p>&nbsp;<\/p>\n<h3><\/h3>\n<h3>Zum Versand<\/h3>\n<div class=\"flex-shrink-0 flex flex-col relative items-end\">\n<div>\n<div class=\"pt-0\">\n<div class=\"gizmo-bot-avatar flex h-8 w-8 items-center justify-center overflow-hidden rounded-full\">\n<div><\/div>\n<div class=\"relative p-1 rounded-sm flex items-center justify-center bg-token-main-surface-primary text-token-text-primary h-8 w-8\"><strong>1. Welche Versandmethoden werden verwendet?<\/strong><\/div>\n<\/div>\n<\/div>\n<\/div>\n<\/div>\n<div class=\"group\/conversation-turn relative flex w-full min-w-0 flex-col agent-turn\">\n<div class=\"flex-col gap-1 md:gap-3\">\n<div class=\"flex max-w-full flex-col flex-grow\">\n<div class=\"min-h-[20px] text-message flex w-full flex-col items-end gap-2 whitespace-normal break-words [.text-message+&amp;]:mt-5 overflow-x-auto\" dir=\"auto\" data-message-author-role=\"assistant\" data-message-id=\"22f8283b-3233-46ff-89a5-c7a41b33abda\">\n<div class=\"flex w-full flex-col gap-1 empty:hidden first:pt-[3px]\">\n<div class=\"markdown prose w-full break-words dark:prose-invert light\">\n<p>Wir arbeiten mit UPS, DHL, FedEx, DPD und anderen f\u00fchrenden Transportunternehmen zusammen. Wir w\u00e4hlen die beste Versandmethode basierend auf Ihrem Lieferort aus, um sicherzustellen, dass Sie Ihre Produkte so schnell wie m\u00f6glich erhalten.<\/p>\n<\/div>\n<p><strong>2. Wie lange dauert es, bis die Lieferung ankommt?<\/strong><\/p>\n<p>Pakete, die nach Deutschland versandt werden, kommen normalerweise innerhalb von 10 Werktagen an. Der Versand in europ\u00e4ische L\u00e4nder dauert in der Regel etwa 12-15 Werktage. Wir werden Ihnen Echtzeit-Updates zu Ihrem Versandstatus bereitstellen.<\/p>\n<\/div>\n<\/div>\n<\/div>\n<\/div>\n<\/div>\n<p>&nbsp;<\/p>\n<p>Andere beliebte Vapes, die Ihnen gefallen k\u00f6nnten:<\/p>\n<p><a href=\"https:\/\/rmvapesale.com\/de\/product\/bang-25000-puffs-0-2-3-5-nicotine-led-display-vape-pod\/\"><strong>Bang 25000 Puffs\u00a0 \u00a0<span style=\"color: #ff0000\">&gt;&gt;&gt;&gt; los!<\/span><\/strong><\/a><\/p>\n<p><strong><a href=\"https:\/\/rmvapesale.com\/de\/product\/uwin-crystal-10000-puff-disposable-vape-wholesale-price\/\">UWIN Crystal 10000 Puffs <span style=\"color: #ff0000\">&gt;&gt;&gt;&gt; los!<\/span><\/a>\u00a0<\/strong><\/p>\n<p><a href=\"https:\/\/rmvapesale.com\/de\/product\/bang-box-30000-puff-smart-screen-disposable-vape-wholesale\/\"><strong>Bang Box 30000 Puffs Smart Screen <span style=\"color: #ff0000\">&gt;&gt;&gt;&gt; los!<\/span><\/strong><\/a><\/p>\n<p>&nbsp;<\/p>\n<p>&nbsp;<\/p>\n<p>Finden Sie weitere Vape-Produkte, die Ihnen gefallen k\u00f6nnten:<strong><em><a href=\"https:\/\/rmvapesale.com\/de\/shop-2\/\">jetzt einkaufen &gt;&gt;&gt;<\/a><\/em><\/strong><\/p>","protected":false},"excerpt":{"rendered":"<p>BANG BOX 18000 Z\u00fcge Einweg-Vape Gro\u00dfhandel<br \/>\nBANG Vape 18000 Z\u00fcge Einweg-Vape Vape Bar Gro\u00dfeinkauf<br \/>\nBANG BOX 18k Zug Low Nicotine Smart Einweg-Vape<\/p>\n<p><img loading=\"lazy\" decoding=\"async\" class=\"size-full wp-image-1978\" src=\"https:\/\/rmvapesale.com\/wp-content\/uploads\/2024\/09\/Disposable-Vape-Wholesale.jpg\" alt=\"Einweg-Vape Gro\u00dfhandel\" width=\"229\" height=\"300\" \/><\/p>\n<h3><a href=\"https:\/\/wa.me\/8617776015835\"><span style=\"color: #ff0000\"><strong>WhatsApp: +86 17776015835<\/strong><\/span><\/a><\/h3>\n<p>&nbsp;<\/p>","protected":false},"featured_media":2354,"comment_status":"open","ping_status":"closed","template":"","meta":{"_uag_custom_page_level_css":"","_lmt_disableupdate":"","_lmt_disable":"","site-sidebar-layout":"default","site-content-layout":"content-boxed-container","ast-site-content-layout":"normal-width-container","site-content-style":"boxed","site-sidebar-style":"unboxed","ast-global-header-display":"","ast-banner-title-visibility":"","ast-main-header-display":"","ast-hfb-above-header-display":"","ast-hfb-below-header-display":"","ast-hfb-mobile-header-display":"","site-post-title":"","ast-breadcrumbs-content":"","ast-featured-img":"","footer-sml-layout":"","ast-disable-related-posts":"","theme-transparent-header-meta":"default","adv-header-id-meta":"","stick-header-meta":"","header-above-stick-meta":"","header-main-stick-meta":"","header-below-stick-meta":"","astra-migrate-meta-layouts":"set","ast-page-background-enabled":"default","ast-page-background-meta":{"desktop":{"background-color":"var(--ast-global-color-4)","background-image":"","background-repeat":"repeat","background-position":"center center","background-size":"auto","background-attachment":"scroll","background-type":"","background-media":"","overlay-type":"","overlay-color":"","overlay-opacity":"","overlay-gradient":""},"tablet":{"background-color":"","background-image":"","background-repeat":"repeat","background-position":"center center","background-size":"auto","background-attachment":"scroll","background-type":"","background-media":"","overlay-type":"","overlay-color":"","overlay-opacity":"","overlay-gradient":""},"mobile":{"background-color":"","background-image":"","background-repeat":"repeat","background-position":"center center","background-size":"auto","background-attachment":"scroll","background-type":"","background-media":"","overlay-type":"","overlay-color":"","overlay-opacity":"","overlay-gradient":""}},"ast-content-background-meta":{"desktop":{"background-color":"var(--ast-global-color-5)","background-image":"","background-repeat":"repeat","background-position":"center center","background-size":"auto","background-attachment":"scroll","background-type":"","background-media":"","overlay-type":"","overlay-color":"","overlay-opacity":"","overlay-gradient":""},"tablet":{"background-color":"var(--ast-global-color-5)","background-image":"","background-repeat":"repeat","background-position":"center center","background-size":"auto","background-attachment":"scroll","background-type":"","background-media":"","overlay-type":"","overlay-color":"","overlay-opacity":"","overlay-gradient":""},"mobile":{"background-color":"var(--ast-global-color-5)","background-image":"","background-repeat":"repeat","background-position":"center center","background-size":"auto","background-attachment":"scroll","background-type":"","background-media":"","overlay-type":"","overlay-color":"","overlay-opacity":"","overlay-gradient":""}},"_joinchat":[]},"product_brand":[],"product_cat":[15,60,27,25,123,30,26,28,135],"product_tag":[63,66,125,126,101,105,120],"class_list":{"0":"post-2351","1":"product","2":"type-product","3":"status-publish","4":"has-post-thumbnail","6":"product_cat-new-vape-this-week","7":"product_cat-bang-vapes","8":"product_cat-fance-hot-sale-vape","9":"product_cat-germany-best-selling-vape","10":"product_cat-italy-wholesale-vape","11":"product_cat-minimum-order-quantity-50pcs","12":"product_cat-netherlands-hot-sale-vape","13":"product_cat-poland-hot-sale-vape","14":"product_cat-spain-best-hot-sale-vape","15":"product_tag-bang-vapes","16":"product_tag-disposable-vape","17":"product_tag-disposable-vape-italy","18":"product_tag-e-cigarettes","19":"product_tag-led-display-vape","20":"product_tag-nicotine-free-disposable-vape","21":"product_tag-vape-wholesale","22":"desktop-align-left","23":"tablet-align-left","24":"mobile-align-left","26":"first","27":"instock","28":"sale","29":"shipping-taxable","30":"purchasable","31":"product-type-simple"},"uagb_featured_image_src":{"full":["https:\/\/rmvapesale.com\/wp-content\/uploads\/2024\/10\/Bang-Box-18000-Puffs-LED-Display-Disposable-Vape-Wholesale.jpg",800,800,false],"thumbnail":["https:\/\/rmvapesale.com\/wp-content\/uploads\/2024\/10\/Bang-Box-18000-Puffs-LED-Display-Disposable-Vape-Wholesale-150x150.jpg",150,150,true],"medium":["https:\/\/rmvapesale.com\/wp-content\/uploads\/2024\/10\/Bang-Box-18000-Puffs-LED-Display-Disposable-Vape-Wholesale-300x300.jpg",300,300,true],"medium_large":["https:\/\/rmvapesale.com\/wp-content\/uploads\/2024\/10\/Bang-Box-18000-Puffs-LED-Display-Disposable-Vape-Wholesale-768x768.jpg",768,768,true],"large":["https:\/\/rmvapesale.com\/wp-content\/uploads\/2024\/10\/Bang-Box-18000-Puffs-LED-Display-Disposable-Vape-Wholesale.jpg",800,800,false],"1536x1536":["https:\/\/rmvapesale.com\/wp-content\/uploads\/2024\/10\/Bang-Box-18000-Puffs-LED-Display-Disposable-Vape-Wholesale.jpg",800,800,false],"2048x2048":["https:\/\/rmvapesale.com\/wp-content\/uploads\/2024\/10\/Bang-Box-18000-Puffs-LED-Display-Disposable-Vape-Wholesale.jpg",800,800,false],"trp-custom-language-flag":["https:\/\/rmvapesale.com\/wp-content\/uploads\/2024\/10\/Bang-Box-18000-Puffs-LED-Display-Disposable-Vape-Wholesale.jpg",12,12,false],"woocommerce_thumbnail":["https:\/\/rmvapesale.com\/wp-content\/uploads\/2024\/10\/Bang-Box-18000-Puffs-LED-Display-Disposable-Vape-Wholesale-300x300.jpg",300,300,true],"woocommerce_single":["https:\/\/rmvapesale.com\/wp-content\/uploads\/2024\/10\/Bang-Box-18000-Puffs-LED-Display-Disposable-Vape-Wholesale-600x600.jpg",600,600,true],"woocommerce_gallery_thumbnail":["https:\/\/rmvapesale.com\/wp-content\/uploads\/2024\/10\/Bang-Box-18000-Puffs-LED-Display-Disposable-Vape-Wholesale-100x100.jpg",100,100,true],"wcpr-photo-reviews":["https:\/\/rmvapesale.com\/wp-content\/uploads\/2024\/10\/Bang-Box-18000-Puffs-LED-Display-Disposable-Vape-Wholesale.jpg",500,500,false]},"uagb_author_info":{"display_name":"AMY","author_link":"https:\/\/rmvapesale.com\/de\/author\/"},"uagb_comment_info":0,"uagb_excerpt":"BANG BOX 18000 Puffs Disposable Vape Wholesale BANG Vape 18000 Puffs Disposable Vape Vape Bar Bulk Buy BANG BOX 18k Puff Low Nicotine Smart Disposable Vape WhatsApp: +86 17776015835 &nbsp;","_links":{"self":[{"href":"https:\/\/rmvapesale.com\/de\/wp-json\/wp\/v2\/product\/2351","targetHints":{"allow":["GET"]}}],"collection":[{"href":"https:\/\/rmvapesale.com\/de\/wp-json\/wp\/v2\/product"}],"about":[{"href":"https:\/\/rmvapesale.com\/de\/wp-json\/wp\/v2\/types\/product"}],"replies":[{"embeddable":true,"href":"https:\/\/rmvapesale.com\/de\/wp-json\/wp\/v2\/comments?post=2351"}],"wp:featuredmedia":[{"embeddable":true,"href":"https:\/\/rmvapesale.com\/de\/wp-json\/wp\/v2\/media\/2354"}],"wp:attachment":[{"href":"https:\/\/rmvapesale.com\/de\/wp-json\/wp\/v2\/media?parent=2351"}],"wp:term":[{"taxonomy":"product_brand","embeddable":true,"href":"https:\/\/rmvapesale.com\/de\/wp-json\/wp\/v2\/product_brand?post=2351"},{"taxonomy":"product_cat","embeddable":true,"href":"https:\/\/rmvapesale.com\/de\/wp-json\/wp\/v2\/product_cat?post=2351"},{"taxonomy":"product_tag","embeddable":true,"href":"https:\/\/rmvapesale.com\/de\/wp-json\/wp\/v2\/product_tag?post=2351"}],"curies":[{"name":"wp","href":"https:\/\/api.w.org\/{rel}","templated":true}]}}