{"id":2365,"date":"2024-10-12T07:48:28","date_gmt":"2024-10-12T07:48:28","guid":{"rendered":"https:\/\/rmvapesale.com\/?post_type=product&#038;p=2365"},"modified":"2024-10-12T08:13:12","modified_gmt":"2024-10-12T08:13:12","slug":"fihp-shisha-hookah-12000-puffs-monster-low-nicotine-vape-pen","status":"publish","type":"product","link":"https:\/\/rmvapesale.com\/de\/product\/fihp-shisha-hookah-12000-puffs-monster-low-nicotine-vape-pen\/","title":{"rendered":"FIHP Shisha Hookah 12000 Puffs Monster Low Nicotine Vape Pen"},"content":{"rendered":"<div class=\"B2VR9 CJHX3e\">\n<div class=\"wyccme\">\n<h1 class=\"LC20lb MBeuO DKV0Md\">FIHP Shisha Hookah 12000 Z\u00fcge Monster Low Nicotine Einweg-Vape Pen<\/h1>\n<div class=\"flex-shrink-0 flex flex-col relative items-end\">\n<div class=\"pt-0\">\n<div class=\"gizmo-bot-avatar flex h-8 w-8 items-center justify-center overflow-hidden rounded-full\">\n<div class=\"relative p-1 rounded-sm flex items-center justify-center bg-token-main-surface-primary text-token-text-primary h-8 w-8\">\n<p>Der FIHP Shisha Hookah 12000 Z\u00fcge Monster Low Nicotine Einweg-Vape Pen wurde f\u00fcr Dampfer entwickelt, die eine l\u00e4ngere Leistung und ein reichhaltiges Aroma suchen. Mit einer unglaublichen Kapazit\u00e4t von 12.000 Z\u00fcgen und einem gro\u00dfz\u00fcgigen 22-ml-E-Liquid-Tank sorgt er f\u00fcr langanhaltenden Genuss. Angetrieben von einem wiederaufladbaren 650-mAh-Akku und einer 0,6-\u03a9-Mesh-Spule, liefert dieses Ger\u00e4t bei jedem Zug sanften, dichten Dampf. Das elegante LED-Display informiert \u00fcber den Akkustand und den E-Liquid-F\u00fcllstand, w\u00e4hrend der Typ-C-Ladeanschluss ein schnelles, effizientes Aufladen erm\u00f6glicht.<\/p>\n<p>Dieser hei\u00df verkaufte Vape Pen ist perfekt f\u00fcr Gro\u00dfh\u00e4ndler und zu wettbewerbsf\u00e4higen Gro\u00dfhandelspreisen erh\u00e4ltlich, was Einzelh\u00e4ndlern eine hochwertige, langlebige Dampfoption bietet.<\/p>\n<p>Erleben Sie erstklassiges Dampfen mit dem FIHP Shisha Hookah 12000 \u2013 eine Top-Wahl f\u00fcr Dampfer und Einzelh\u00e4ndler.<\/p>\n<p>&nbsp;<\/p>\n<\/div>\n<\/div>\n<\/div>\n<\/div>\n<\/div>\n<\/div>\n<p><strong>Kontaktieren Sie Amy, um die richtige Antwort und weitere Produktvideos zu erhalten!<\/strong><\/p>\n<p><img loading=\"lazy\" decoding=\"async\" class=\"size-full wp-image-1978\" src=\"https:\/\/rmvapesale.com\/wp-content\/uploads\/2024\/09\/Disposable-Vape-Wholesale.jpg\" alt=\"Einweg-Vape Gro\u00dfhandel\" width=\"229\" height=\"300\" \/><\/p>\n<h3><a href=\"https:\/\/wa.me\/8617776015835\" target=\"_blank\" rel=\"noopener\"><span style=\"color: #ff0000\"><strong>WhatsApp: +86 17776015835<\/strong><\/span><\/a><\/h3>\n<p>&nbsp;<\/p>\n<h2><\/h2>\n<h2><strong>FIHP Shisha Hookah 12000 Einweg-Vape Hauptmerkmale<\/strong><\/h2>\n<p>&nbsp;<\/p>\n<ul>\n<li><strong>Hohe Anzahl an Z\u00fcgen<\/strong>: Genie\u00dfen Sie bis zu <strong>12.000 Z\u00fcge<\/strong> f\u00fcr langanhaltendes und kontinuierliches Dampfvergn\u00fcgen.<\/li>\n<li><strong>Gro\u00dfz\u00fcgige E-Liquid-Kapazit\u00e4t<\/strong>: Mit einem <strong>22-ml-E-Liquid-Tank<\/strong>erm\u00f6glicht dieses Ger\u00e4t eine l\u00e4ngere Nutzung mit weniger Nachf\u00fcllungen.<\/li>\n<li><strong>Zuverl\u00e4ssige Batterie<\/strong>: Angetrieben von einem <strong>wiederaufladbaren 650-mAh-Akku<\/strong>, die eine konstante und zuverl\u00e4ssige Leistung gew\u00e4hrleistet.<\/li>\n<li><strong>Nikotinst\u00e4rke<\/strong>: Bietet <strong>0,6 % Nikotin (6 mg)<\/strong>, die ein befriedigendes und sanftes Dampferlebnis bietet.<\/li>\n<li><strong>Mesh-Coil-Technologie<\/strong>: Ausgestattet mit einem <strong>0.6\u03a9 Mesh-Spule<\/strong> f\u00fcr verbesserten Geschmack und Dampfproduktion.<\/li>\n<li><strong>LED-Anzeige<\/strong>: Bleiben Sie informiert mit einem <strong>LED-Anzeige<\/strong> das Echtzeit-Updates \u00fcber Akkulaufzeit und Nutzung liefert.<\/li>\n<\/ul>\n<h2><\/h2>\n<h2><strong>Top-Aroma f\u00fcr FIHP Shisha 12000 Z\u00fcge Vape Bar<\/strong><\/h2>\n<p>Die FIHP Shisha Hookah 12000 Z\u00fcge<strong>\u00a0Einweg-Vape<\/strong> Erh\u00e4ltlich in 10 verlockenden Geschmacksrichtungen, von fruchtig bis k\u00fchl, erf\u00fcllt er alle Geschmacksvorlieben und sorgt f\u00fcr ein befriedigendes Erlebnis f\u00fcr jeden Benutzer.<\/p>\n<p>01. Wassermelone Ice <span style=\"color: #ff0000\"><strong>&gt;&gt;&gt;&gt; Hei\u00df!<\/strong><\/span><br \/>\n02. Schwarzer Drache Ice<br \/>\n03. Blaubeere Himbeere<br \/>\n04. Erdbeere Kiwi <span style=\"color: #ff0000\"><strong>&gt;&gt;&gt;&gt; Hei\u00df!<\/strong><\/span><br \/>\n05. Gemischte Beeren<br \/>\n06. Erdbeere Wassermelone<br \/>\n07. Pina Colada<br \/>\n08. Pfirsich Mango Ananas<br \/>\n09. Kiwi Passionsfrucht Guave<br \/>\n10. Erdbeere Himbeere Kirsche<span style=\"color: #ff0000\"><strong>&gt;&gt;&gt;&gt; Am besten!<\/strong><\/span><\/p>\n<figure id=\"attachment_2360\" aria-describedby=\"caption-attachment-2360\" style=\"width: 808px\" class=\"wp-caption alignnone\"><img loading=\"lazy\" decoding=\"async\" class=\"wp-image-2360 size-full\" src=\"https:\/\/rmvapesale.com\/wp-content\/uploads\/2024\/10\/Fihp-Shisha-Hookah-12000-Puffs-Flavour.png\" alt=\"Fihp Shisha Hookah 12000 Puffs Aroma\" width=\"808\" height=\"808\" srcset=\"https:\/\/rmvapesale.com\/wp-content\/uploads\/2024\/10\/Fihp-Shisha-Hookah-12000-Puffs-Flavour.png 808w, https:\/\/rmvapesale.com\/wp-content\/uploads\/2024\/10\/Fihp-Shisha-Hookah-12000-Puffs-Flavour-300x300.png 300w, https:\/\/rmvapesale.com\/wp-content\/uploads\/2024\/10\/Fihp-Shisha-Hookah-12000-Puffs-Flavour-150x150.png 150w, https:\/\/rmvapesale.com\/wp-content\/uploads\/2024\/10\/Fihp-Shisha-Hookah-12000-Puffs-Flavour-768x768.png 768w, https:\/\/rmvapesale.com\/wp-content\/uploads\/2024\/10\/Fihp-Shisha-Hookah-12000-Puffs-Flavour-600x600.png 600w, https:\/\/rmvapesale.com\/wp-content\/uploads\/2024\/10\/Fihp-Shisha-Hookah-12000-Puffs-Flavour-100x100.png 100w\" sizes=\"auto, (max-width: 808px) 100vw, 808px\" \/><figcaption id=\"caption-attachment-2360\" class=\"wp-caption-text\">Fihp Shisha Hookah 12000 Puffs Aroma<\/figcaption><\/figure>\n<h3><\/h3>\n<h3><strong>Warum Rmvapesale f\u00fcr FIHP Shisha Hookah 12000 w\u00e4hlen <\/strong><strong>Vape?<\/strong><\/h3>\n<div class=\"flex-shrink-0 flex flex-col relative items-end\">\n<div>\n<div class=\"pt-0\">\n<div class=\"gizmo-bot-avatar flex h-8 w-8 items-center justify-center overflow-hidden rounded-full\">\n<div class=\"relative p-1 rounded-sm flex items-center justify-center bg-token-main-surface-primary text-token-text-primary h-8 w-8\">\n<p>&nbsp;<\/p>\n<p>Wenn Sie Rmvapesale f\u00fcr Ihre Gro\u00dfhandelsbed\u00fcrfnisse an Einweg-Vapes w\u00e4hlen, profitieren Sie von:<\/p>\n<ul>\n<li><strong>Wettbewerbsf\u00e4higer Preis<\/strong>: Erhalten Sie Zugang zu attraktiven Gro\u00dfhandelspreisen, die Ihre Gesch\u00e4ftsmargen steigern.<\/li>\n<li><strong>Hohe Qualit\u00e4t<\/strong>: Unsere Vapes werden nach den h\u00f6chsten Standards hergestellt und sind <span style=\"color: #ff0000\"><strong>garantiert 100% original und authentisch, oder es gibt die 10-fache Entsch\u00e4digung f\u00fcr gef\u00e4lschte Ware!<\/strong><\/span><\/li>\n<li><strong>Exzellenter Kundenservice<\/strong>: Unser engagiertes Team ist immer bereit, Ihnen zu helfen, was Ihren Einkaufsprozess reibungslos und problemlos macht.<\/li>\n<li><strong>Schnell<\/strong>: Erwarten Sie einen schnellen und zuverl\u00e4ssigen Versand, der sicherstellt, dass Ihre Bestellungen jedes Mal p\u00fcnktlich ankommen.<\/li>\n<\/ul>\n<h3><\/h3>\n<h3><b>H\u00e4ufig gestellte Fragen<\/b><\/h3>\n<p>&nbsp;<\/p>\n<\/div>\n<\/div>\n<\/div>\n<\/div>\n<\/div>\n<div class=\"group\/conversation-turn relative flex w-full min-w-0 flex-col agent-turn\">\n<div class=\"flex-col gap-1 md:gap-3\">\n<div class=\"flex max-w-full flex-col flex-grow\">\n<div class=\"min-h-8 text-message flex w-full flex-col items-end gap-2 whitespace-normal break-words [.text-message+&amp;]:mt-5\" dir=\"auto\" data-message-author-role=\"assistant\" data-message-id=\"f226d3fc-81f3-46d5-8c46-31787fff0357\">\n<div class=\"flex w-full flex-col gap-1 empty:hidden first:pt-[3px]\">\n<div class=\"markdown prose w-full break-words dark:prose-invert light\">\n<p><strong>1. Wie viele Z\u00fcge bietet die FIHP Shisha Hookah 12k Puffs Einweg-Vape?<\/strong><br \/>\nDie FIHP Shisha Hookah 12k Puffs Einweg-Vape mit niedrigem Nikotingehalt bietet bis zu 12.000 Z\u00fcge und sorgt f\u00fcr langanhaltenden Dampfgenuss ohne h\u00e4ufigen Austausch.<\/p>\n<p><strong>2. Welche Nikotinst\u00e4rken sind in der FIHP Shisha 12000 Puffs Einweg-Vape erh\u00e4ltlich?<\/strong><br \/>\nDie FIHP Shisha 12000 Puffs Einweg-Vape mit niedrigem Nikotingehalt bietet eine geringe Nikotinst\u00e4rke von 0,6% (6mg), die sich an Benutzer richtet, die einen sanfteren, weniger intensiven Nikotinkick bevorzugen. Wir bieten auch nikotinfreie Optionen an.<\/p>\n<p><strong>3. Welche Geschmacksrichtungen sind f\u00fcr die FIHP Shisha 12000 Puffs Nikotinfreie Einweg-Vape erh\u00e4ltlich?<\/strong><br \/>\nWir bieten 10 k\u00f6stliche Geschmacksrichtungen, darunter Wassermelone Eis, Schwarzer Drache Eis, Erdbeere Kiwi und Pina Colada, um eine Vielfalt an Geschm\u00e4ckern f\u00fcr jede Vorliebe zu gew\u00e4hrleisten.<\/p>\n<p><strong>4. Hat die FIHP Shisha Hookah Monster Einweg-Vape mit niedrigem Nikotingehalt einen wiederaufladbaren Akku?<\/strong><br \/>\nJa, die FIHP Shisha Hookah Monster Einweg-Vape mit niedrigem Nikotingehalt wird mit einem 650-mAh-Akku geliefert, der eine zuverl\u00e4ssige Leistung f\u00fcr eine l\u00e4ngere Nutzung bietet.<\/p>\n<p><strong>5. Welche Art von Coil verwendet die FIHP Shisha Hookah Einweg-Vape?<\/strong><br \/>\nDiese Vape verf\u00fcgt \u00fcber eine 0,6\u03a9 Mesh-Coil, die entwickelt wurde, um den Geschmack und die Dampfproduktion zu verbessern und ein sanftes und befriedigendes Dampferlebnis zu gew\u00e4hrleisten, egal ob Sie sich f\u00fcr Heidelbeere Himbeere oder Pfirsich Mango Ananas entscheiden.<\/p>\n<p><strong>6. Wie \u00fcberwache ich den Akku und die Nutzung der FIHP Shisha Hookah 12000 Puffs Einweg-Vape?<\/strong><br \/>\nDie FIHP Shisha Hookah 12000 Puffs Nikotinfreie Einweg-Vape ist mit einem LED-Display ausgestattet, das Echtzeit-Updates zu Ihrer Akkulaufzeit und Nutzung anzeigt, was es einfach macht, Ihr Ger\u00e4t im Auge zu behalten.<\/p>\n<p><strong>7. Ist die FIHP Shisha Hookah 12000 Puffs f\u00fcr den Gro\u00dfhandel erh\u00e4ltlich?<\/strong><br \/>\nJa, die FIHP Shisha Hookah Monster Einweg-Vape mit niedrigem Nikotingehalt ist f\u00fcr Gro\u00dfeink\u00e4ufe erh\u00e4ltlich, was sie perfekt f\u00fcr Einzelh\u00e4ndler macht, die ein qualitativ hochwertiges, langlebiges Dampfprodukt auf Lager haben m\u00f6chten.<\/p>\n<\/div>\n<\/div>\n<\/div>\n<\/div>\n<\/div>\n<\/div>\n<p>&nbsp;<\/p>\n<h3><\/h3>\n<h3>Zum Versand<\/h3>\n<div class=\"flex-shrink-0 flex flex-col relative items-end\">\n<div>\n<div class=\"pt-0\">\n<div class=\"gizmo-bot-avatar flex h-8 w-8 items-center justify-center overflow-hidden rounded-full\">\n<div><\/div>\n<div class=\"relative p-1 rounded-sm flex items-center justify-center bg-token-main-surface-primary text-token-text-primary h-8 w-8\"><strong>1. Welche Versandmethoden werden verwendet?<\/strong><\/div>\n<\/div>\n<\/div>\n<\/div>\n<\/div>\n<div class=\"group\/conversation-turn relative flex w-full min-w-0 flex-col agent-turn\">\n<div class=\"flex-col gap-1 md:gap-3\">\n<div class=\"flex max-w-full flex-col flex-grow\">\n<div class=\"min-h-[20px] text-message flex w-full flex-col items-end gap-2 whitespace-normal break-words [.text-message+&amp;]:mt-5 overflow-x-auto\" dir=\"auto\" data-message-author-role=\"assistant\" data-message-id=\"22f8283b-3233-46ff-89a5-c7a41b33abda\">\n<div class=\"flex w-full flex-col gap-1 empty:hidden first:pt-[3px]\">\n<div class=\"markdown prose w-full break-words dark:prose-invert light\">\n<p>Wir arbeiten mit UPS, DHL, FedEx, DPD und anderen f\u00fchrenden Transportunternehmen zusammen. Wir w\u00e4hlen die beste Versandmethode basierend auf Ihrem Lieferort aus, um sicherzustellen, dass Sie Ihre Produkte so schnell wie m\u00f6glich erhalten.<\/p>\n<\/div>\n<p><strong>2. Wie lange dauert es, bis die Lieferung ankommt?<\/strong><\/p>\n<p>Pakete, die nach Deutschland versandt werden, kommen normalerweise innerhalb von 10 Werktagen an. Der Versand in europ\u00e4ische L\u00e4nder dauert in der Regel etwa 12-15 Werktage. Wir werden Ihnen Echtzeit-Updates zu Ihrem Versandstatus bereitstellen.<\/p>\n<\/div>\n<\/div>\n<\/div>\n<\/div>\n<\/div>\n<p>&nbsp;<\/p>\n<p>Andere beliebte Vapes, die Ihnen gefallen k\u00f6nnten:<\/p>\n<p><a href=\"https:\/\/rmvapesale.com\/de\/product\/bang-beach-20000-puffs-vape-smart-screen-disposable-e-cig\/\"><strong>bang beach 20000 Z\u00fcge\u00a0 \u00a0<span style=\"color: #ff0000\">&gt;&gt;&gt;&gt; los!<\/span><\/strong><\/a><\/p>\n<p><strong><a href=\"https:\/\/rmvapesale.com\/de\/product\/uwin-crystal-10000-puff-disposable-vape-wholesale-price\/\">UWIN Crystal 10000 Puffs <span style=\"color: #ff0000\">&gt;&gt;&gt;&gt; los!<\/span><\/a>\u00a0<\/strong><\/p>\n<p><a href=\"https:\/\/rmvapesale.com\/de\/product\/bang-box-30000-puff-smart-screen-disposable-vape-wholesale\/\"><strong>Bang Box 30000 Puffs Smart Screen <span style=\"color: #ff0000\">&gt;&gt;&gt;&gt; los!<\/span><\/strong><\/a><\/p>\n<p>&nbsp;<\/p>\n<p>&nbsp;<\/p>\n<p>Finden Sie weitere Vape-Produkte, die Ihnen gefallen k\u00f6nnten:<strong><em><a href=\"https:\/\/rmvapesale.com\/de\/shop-2\/\">jetzt einkaufen &gt;&gt;&gt;<\/a><\/em><\/strong><\/p>","protected":false},"excerpt":{"rendered":"<p>12000 Z\u00fcge Shisha Hookah Hei\u00dfer Verkauf Vape Pen Preis<br \/>\nFIHP Shisha Hookah 12000 Z\u00fcge Monster Low Nicotine<br \/>\nFIHP Shisha Hookah 12000 Z\u00fcge Einweg-Vape Gro\u00dfhandel kaufen<\/p>\n<p><img loading=\"lazy\" decoding=\"async\" class=\"size-full wp-image-1978\" src=\"https:\/\/rmvapesale.com\/wp-content\/uploads\/2024\/09\/Disposable-Vape-Wholesale.jpg\" alt=\"Einweg-Vape Gro\u00dfhandel\" width=\"229\" height=\"300\" \/><\/p>\n<h3><a href=\"https:\/\/wa.me\/8617776015835\"><span style=\"color: #ff0000\"><strong>WhatsApp: +86 17776015835<\/strong><\/span><\/a><\/h3>\n<p>&nbsp;<\/p>","protected":false},"featured_media":2362,"comment_status":"open","ping_status":"closed","template":"","meta":{"_uag_custom_page_level_css":"","_lmt_disableupdate":"","_lmt_disable":"","site-sidebar-layout":"default","site-content-layout":"content-boxed-container","ast-site-content-layout":"normal-width-container","site-content-style":"boxed","site-sidebar-style":"unboxed","ast-global-header-display":"","ast-banner-title-visibility":"","ast-main-header-display":"","ast-hfb-above-header-display":"","ast-hfb-below-header-display":"","ast-hfb-mobile-header-display":"","site-post-title":"","ast-breadcrumbs-content":"","ast-featured-img":"","footer-sml-layout":"","theme-transparent-header-meta":"default","adv-header-id-meta":"","stick-header-meta":"","header-above-stick-meta":"","header-main-stick-meta":"","header-below-stick-meta":"","astra-migrate-meta-layouts":"set","ast-page-background-enabled":"default","ast-page-background-meta":{"desktop":{"background-color":"var(--ast-global-color-4)","background-image":"","background-repeat":"repeat","background-position":"center center","background-size":"auto","background-attachment":"scroll","background-type":"","background-media":"","overlay-type":"","overlay-color":"","overlay-opacity":"","overlay-gradient":""},"tablet":{"background-color":"","background-image":"","background-repeat":"repeat","background-position":"center center","background-size":"auto","background-attachment":"scroll","background-type":"","background-media":"","overlay-type":"","overlay-color":"","overlay-opacity":"","overlay-gradient":""},"mobile":{"background-color":"","background-image":"","background-repeat":"repeat","background-position":"center center","background-size":"auto","background-attachment":"scroll","background-type":"","background-media":"","overlay-type":"","overlay-color":"","overlay-opacity":"","overlay-gradient":""}},"ast-content-background-meta":{"desktop":{"background-color":"var(--ast-global-color-5)","background-image":"","background-repeat":"repeat","background-position":"center center","background-size":"auto","background-attachment":"scroll","background-type":"","background-media":"","overlay-type":"","overlay-color":"","overlay-opacity":"","overlay-gradient":""},"tablet":{"background-color":"var(--ast-global-color-5)","background-image":"","background-repeat":"repeat","background-position":"center center","background-size":"auto","background-attachment":"scroll","background-type":"","background-media":"","overlay-type":"","overlay-color":"","overlay-opacity":"","overlay-gradient":""},"mobile":{"background-color":"var(--ast-global-color-5)","background-image":"","background-repeat":"repeat","background-position":"center center","background-size":"auto","background-attachment":"scroll","background-type":"","background-media":"","overlay-type":"","overlay-color":"","overlay-opacity":"","overlay-gradient":""}},"_joinchat":[]},"product_brand":[],"product_cat":[15,25,123,26,28,135,27,60,138,137,136,30],"product_tag":[66,125,126,111,105,120],"class_list":{"0":"post-2365","1":"product","2":"type-product","3":"status-publish","4":"has-post-thumbnail","6":"product_cat-new-vape-this-week","7":"product_cat-germany-best-selling-vape","8":"product_cat-italy-wholesale-vape","9":"product_cat-netherlands-hot-sale-vape","10":"product_cat-poland-hot-sale-vape","11":"product_cat-spain-best-hot-sale-vape","12":"product_cat-fance-hot-sale-vape","13":"product_cat-bang-vapes","14":"product_cat-fihp-disposable-vapes","15":"product_cat-rechargeable-vapes","16":"product_cat-smart-screen-vapes","17":"product_cat-minimum-order-quantity-50pcs","18":"product_tag-disposable-vape","19":"product_tag-disposable-vape-italy","20":"product_tag-e-cigarettes","21":"product_tag-low-nicotine-disposable-vape","22":"product_tag-nicotine-free-disposable-vape","23":"product_tag-vape-wholesale","24":"desktop-align-left","25":"tablet-align-left","26":"mobile-align-left","28":"first","29":"instock","30":"sale","31":"shipping-taxable","32":"purchasable","33":"product-type-simple"},"uagb_featured_image_src":{"full":["https:\/\/rmvapesale.com\/wp-content\/uploads\/2024\/10\/Fihp-Shisha-Hookah-12000-Puffs-Wholesale.jpg",808,808,false],"thumbnail":["https:\/\/rmvapesale.com\/wp-content\/uploads\/2024\/10\/Fihp-Shisha-Hookah-12000-Puffs-Wholesale-150x150.jpg",150,150,true],"medium":["https:\/\/rmvapesale.com\/wp-content\/uploads\/2024\/10\/Fihp-Shisha-Hookah-12000-Puffs-Wholesale-300x300.jpg",300,300,true],"medium_large":["https:\/\/rmvapesale.com\/wp-content\/uploads\/2024\/10\/Fihp-Shisha-Hookah-12000-Puffs-Wholesale-768x768.jpg",768,768,true],"large":["https:\/\/rmvapesale.com\/wp-content\/uploads\/2024\/10\/Fihp-Shisha-Hookah-12000-Puffs-Wholesale.jpg",808,808,false],"1536x1536":["https:\/\/rmvapesale.com\/wp-content\/uploads\/2024\/10\/Fihp-Shisha-Hookah-12000-Puffs-Wholesale.jpg",808,808,false],"2048x2048":["https:\/\/rmvapesale.com\/wp-content\/uploads\/2024\/10\/Fihp-Shisha-Hookah-12000-Puffs-Wholesale.jpg",808,808,false],"trp-custom-language-flag":["https:\/\/rmvapesale.com\/wp-content\/uploads\/2024\/10\/Fihp-Shisha-Hookah-12000-Puffs-Wholesale.jpg",12,12,false],"woocommerce_thumbnail":["https:\/\/rmvapesale.com\/wp-content\/uploads\/2024\/10\/Fihp-Shisha-Hookah-12000-Puffs-Wholesale-300x300.jpg",300,300,true],"woocommerce_single":["https:\/\/rmvapesale.com\/wp-content\/uploads\/2024\/10\/Fihp-Shisha-Hookah-12000-Puffs-Wholesale-600x600.jpg",600,600,true],"woocommerce_gallery_thumbnail":["https:\/\/rmvapesale.com\/wp-content\/uploads\/2024\/10\/Fihp-Shisha-Hookah-12000-Puffs-Wholesale-100x100.jpg",100,100,true],"wcpr-photo-reviews":["https:\/\/rmvapesale.com\/wp-content\/uploads\/2024\/10\/Fihp-Shisha-Hookah-12000-Puffs-Wholesale.jpg",500,500,false]},"uagb_author_info":{"display_name":"AMY","author_link":"https:\/\/rmvapesale.com\/de\/author\/"},"uagb_comment_info":0,"uagb_excerpt":"12000 Puffs Shisha Hookah Hot Sale Vape Pen Price FIHP Shisha Hookah 12000 Puffs Monster Low Nicotine FIHP Shisha Hookah 12000 Puff Disposable Vape Bulk Buy WhatsApp: +86 17776015835 &nbsp;","_links":{"self":[{"href":"https:\/\/rmvapesale.com\/de\/wp-json\/wp\/v2\/product\/2365","targetHints":{"allow":["GET"]}}],"collection":[{"href":"https:\/\/rmvapesale.com\/de\/wp-json\/wp\/v2\/product"}],"about":[{"href":"https:\/\/rmvapesale.com\/de\/wp-json\/wp\/v2\/types\/product"}],"replies":[{"embeddable":true,"href":"https:\/\/rmvapesale.com\/de\/wp-json\/wp\/v2\/comments?post=2365"}],"wp:featuredmedia":[{"embeddable":true,"href":"https:\/\/rmvapesale.com\/de\/wp-json\/wp\/v2\/media\/2362"}],"wp:attachment":[{"href":"https:\/\/rmvapesale.com\/de\/wp-json\/wp\/v2\/media?parent=2365"}],"wp:term":[{"taxonomy":"product_brand","embeddable":true,"href":"https:\/\/rmvapesale.com\/de\/wp-json\/wp\/v2\/product_brand?post=2365"},{"taxonomy":"product_cat","embeddable":true,"href":"https:\/\/rmvapesale.com\/de\/wp-json\/wp\/v2\/product_cat?post=2365"},{"taxonomy":"product_tag","embeddable":true,"href":"https:\/\/rmvapesale.com\/de\/wp-json\/wp\/v2\/product_tag?post=2365"}],"curies":[{"name":"wp","href":"https:\/\/api.w.org\/{rel}","templated":true}]}}