{"id":2384,"date":"2024-10-14T02:52:20","date_gmt":"2024-10-14T02:52:20","guid":{"rendered":"https:\/\/rmvapesale.com\/?post_type=product&#038;p=2384"},"modified":"2024-10-14T03:22:03","modified_gmt":"2024-10-14T03:22:03","slug":"faivono-bang-maxi-15000-puffs-disposable-vape-bulk-wholesale","status":"publish","type":"product","link":"https:\/\/rmvapesale.com\/de\/product\/faivono-bang-maxi-15000-puffs-disposable-vape-bulk-wholesale\/","title":{"rendered":"AIVONO Bang Maxi 15000 Z\u00fcge Einweg Vape Bulk Gro\u00dfhandel"},"content":{"rendered":"<div class=\"B2VR9 CJHX3e\">\n<div class=\"wyccme\">\n<h1 class=\"LC20lb MBeuO DKV0Md\">AIVONO Bang Maxi 15000 Z\u00fcge Einweg Vape Bulk Gro\u00dfhandel<\/h1>\n<div class=\"flex-shrink-0 flex flex-col relative items-end\">\n<div class=\"pt-0\">\n<div class=\"gizmo-bot-avatar flex h-8 w-8 items-center justify-center overflow-hidden rounded-full\">\n<div class=\"relative p-1 rounded-sm flex items-center justify-center bg-token-main-surface-primary text-token-text-primary h-8 w-8\">\n<p>Entdecken Sie die n\u00e4chste Stufe des Vapings mit dem AIVONO Bang Maxi 15000 Z\u00fcge Einweg-Vape, einem fortschrittlichen Einweg-Vape-Pod-Ger\u00e4t, das f\u00fcr maximale Zufriedenheit und Bequemlichkeit entwickelt wurde. Dieser innovative Vape kombiniert modernste Technologie mit einem schlanken Design, um ein unvergleichliches Dampferlebnis zu bieten, das sich perfekt f\u00fcr Anf\u00e4nger und erfahrene Vaper eignet.<\/p>\n<p>Mit 15.000 Z\u00fcgen und einem wiederaufladbaren Akku bietet der AIVONO 15000 Z\u00fcge Einweg-Vape unschlagbare Leistung und Bequemlichkeit, was ihn zur perfekten Wahl f\u00fcr t\u00e4gliche Vaper macht. Sie k\u00f6nnen zwischen 5%, 3%, 2% oder nikotinfreien Optionen w\u00e4hlen, um Ihr Dampferlebnis an Ihre Bed\u00fcrfnisse anzupassen.<\/p>\n<p>Holen Sie sich jetzt Ihren bei Rmvapesale, dem besten Online-Vape-Shop in Deutschland, und bringen Sie Ihr Dampfen mit dem AIVONO Bang Maxi 15000 Z\u00fcge Einweg-Vape auf die n\u00e4chste Stufe.<\/p>\n<p>&nbsp;<\/p>\n<\/div>\n<\/div>\n<\/div>\n<\/div>\n<\/div>\n<\/div>\n<p><strong>Kontaktieren Sie Amy, um die richtige Antwort und weitere Produktvideos zu erhalten!<\/strong><\/p>\n<p><img loading=\"lazy\" decoding=\"async\" class=\"size-full wp-image-1978\" src=\"https:\/\/rmvapesale.com\/wp-content\/uploads\/2024\/09\/Disposable-Vape-Wholesale.jpg\" alt=\"Einweg-Vape Gro\u00dfhandel\" width=\"229\" height=\"300\" \/><\/p>\n<h3><a href=\"https:\/\/wa.me\/8617776015835\" target=\"_blank\" rel=\"noopener\"><span style=\"color: #ff0000\"><strong>WhatsApp: +86 17776015835<\/strong><\/span><\/a><\/h3>\n<p>&nbsp;<\/p>\n<h2><\/h2>\n<h2><strong>AIVONO Bang Maxi 15000 Flasche Vape Hauptmerkmale<\/strong><\/h2>\n<p>&nbsp;<\/p>\n<ul>\n<li><strong>Erweiterte Zugzahl:<\/strong> Mit bis zu <strong>15.000 Z\u00fcgen<\/strong>gew\u00e4hrleistet dieser Einweg-Vape langanhaltenden Genuss, ohne dass ein st\u00e4ndiger Austausch erforderlich ist. Er ist perfekt f\u00fcr l\u00e4ngere Dampfsitzungen und macht ihn zu einem der meistverkauften Vapes auf dem Markt.<\/li>\n<li><strong>Leistungsstarke Akkuleistung:<\/strong> Ausgestattet mit einer <strong>18250 reiner Kobaltakku<\/strong> und einer wiederaufladbaren <strong>650mAh Kapazit\u00e4t<\/strong>ist dieses Ger\u00e4t auf Ausdauer ausgelegt. Die schnell aufladbare <strong>Typ-C Schnittstelle<\/strong> erm\u00f6glicht ein effizientes Aufladen, sodass Sie stundenlang ununterbrochen dampfen k\u00f6nnen.<\/li>\n<li><strong>Gro\u00dfz\u00fcgiges E-Liquid-Fassungsverm\u00f6gen:<\/strong> Der <strong>23 ml E-Liquid<\/strong> reduzieren die Notwendigkeit h\u00e4ufigen Nachf\u00fcllens und erm\u00f6glichen es Ihnen, sich auf Ihr Dampferlebnis zu konzentrieren. In Kombination mit einem <strong>1,2\u03a9 Mesh-Kern-Heizdraht<\/strong>ist die Dampfproduktion bei jedem Zug sanft und geschmackvoll.<\/li>\n<li><strong>Nikotin Optionen:<\/strong> Passen Sie Ihr Dampferlebnis mit den <strong>Nikotinsalz-Optionen<\/strong> von 5 %, 3 %, 2 % oder sogar <strong>nikotinfreien<\/strong> (0 %) Auswahlm\u00f6glichkeiten an. Diese Flexibilit\u00e4t kommt verschiedenen Vorlieben entgegen, von leichten bis hin zu st\u00e4rkeren Nikotinhits.<\/li>\n<li><strong>Kompakt und tragbar:<\/strong> Mit den Ma\u00dfen von nur <strong>40*110mm<\/strong>bietet der <strong>ist AIVONO Bang Maxi<\/strong> kompakt und tragbar und passt perfekt in Ihre Hand oder Tasche f\u00fcr bequemes Dampfen unterwegs.<\/li>\n<li><\/li>\n<\/ul>\n<h2><\/h2>\n<h2><strong>Top-Geschmack f\u00fcr AIVONO 15000 Puffs Vape Pod<\/strong><\/h2>\n<p>Der <strong>Der AIVONO Bang Maxi 15000 Puffs Einweg-Vape<\/strong> bietet eine gro\u00dfe Auswahl an sorgf\u00e4ltig kreierten Geschmacksrichtungen, die den Geschmack jedes Dampfers treffen. Einige der herausragenden Optionen sind:<\/p>\n<p>&nbsp;<\/p>\n<p>1. Blaue Himbeere <span style=\"color: #ff0000\"><strong>&gt;&gt;&gt;&gt; Hei\u00df!<\/strong><\/span><br \/>\n2. K\u00f6nigliche Traube<br \/>\n3.Pfirsich-Beere<br \/>\n4.Leidenschaftlicher Kuss<br \/>\n5.Wassermelone Eis<br \/>\n6. Dreifache Beere <span style=\"color: #ff0000\"><strong>&gt;&gt;&gt;&gt; Am besten!<\/strong><\/span><br \/>\n7.Pfirsicheis<br \/>\n8.Erdbeere-Wassermelone<br \/>\n9.Liebe 66 <span style=\"color: #ff0000\"><strong>&gt;&gt;&gt;&gt; Hei\u00df!<\/strong><\/span><br \/>\n10.Sex am Strand <span style=\"color: #ff0000\"><strong>&gt;&gt;&gt;&gt; Hei\u00df!<\/strong><\/span><\/p>\n<figure id=\"attachment_2378\" aria-describedby=\"caption-attachment-2378\" style=\"width: 808px\" class=\"wp-caption alignnone\"><img loading=\"lazy\" decoding=\"async\" class=\"wp-image-2378 size-full\" src=\"https:\/\/rmvapesale.com\/wp-content\/uploads\/2024\/10\/AIVONO-Aim-Bang-Maxi-15000-Puffs-Disposable-Vape-Flavour.png\" alt=\"AIVONO Aim Bang Maxi 15000 Z\u00fcge Einweg-Vape-Geschmack\" width=\"808\" height=\"808\" srcset=\"https:\/\/rmvapesale.com\/wp-content\/uploads\/2024\/10\/AIVONO-Aim-Bang-Maxi-15000-Puffs-Disposable-Vape-Flavour.png 808w, https:\/\/rmvapesale.com\/wp-content\/uploads\/2024\/10\/AIVONO-Aim-Bang-Maxi-15000-Puffs-Disposable-Vape-Flavour-300x300.png 300w, https:\/\/rmvapesale.com\/wp-content\/uploads\/2024\/10\/AIVONO-Aim-Bang-Maxi-15000-Puffs-Disposable-Vape-Flavour-150x150.png 150w, https:\/\/rmvapesale.com\/wp-content\/uploads\/2024\/10\/AIVONO-Aim-Bang-Maxi-15000-Puffs-Disposable-Vape-Flavour-768x768.png 768w, https:\/\/rmvapesale.com\/wp-content\/uploads\/2024\/10\/AIVONO-Aim-Bang-Maxi-15000-Puffs-Disposable-Vape-Flavour-600x600.png 600w, https:\/\/rmvapesale.com\/wp-content\/uploads\/2024\/10\/AIVONO-Aim-Bang-Maxi-15000-Puffs-Disposable-Vape-Flavour-100x100.png 100w\" sizes=\"auto, (max-width: 808px) 100vw, 808px\" \/><figcaption id=\"caption-attachment-2378\" class=\"wp-caption-text\">AIVONO Aim Bang Maxi 15000 Z\u00fcge Einweg-Vape-Geschmack<\/figcaption><\/figure>\n<h3><\/h3>\n<h3><strong>Warum Rmvapesale f\u00fcr den wiederaufladbaren Aivono Aim Bang Maxi 15000 Puffs Vape w\u00e4hlen<\/strong><strong>?<\/strong><\/h3>\n<div class=\"flex-shrink-0 flex flex-col relative items-end\">\n<div>\n<div class=\"pt-0\">\n<div class=\"gizmo-bot-avatar flex h-8 w-8 items-center justify-center overflow-hidden rounded-full\">\n<div class=\"relative p-1 rounded-sm flex items-center justify-center bg-token-main-surface-primary text-token-text-primary h-8 w-8\">\n<p>&nbsp;<\/p>\n<p>Wenn Sie Rmvapesale f\u00fcr Ihre Gro\u00dfhandelsbed\u00fcrfnisse an Einweg-Vapes w\u00e4hlen, profitieren Sie von:<\/p>\n<ul>\n<li><strong>Wettbewerbsf\u00e4higer Preis<\/strong>: Erhalten Sie Zugang zu attraktiven Gro\u00dfhandelspreisen, die Ihre Gesch\u00e4ftsmargen steigern.<\/li>\n<li><strong>Hohe Qualit\u00e4t<\/strong>: Unsere Vapes werden nach den h\u00f6chsten Standards hergestellt und sind <span style=\"color: #ff0000\"><strong>garantiert 100% original und authentisch, oder es gibt die 10-fache Entsch\u00e4digung f\u00fcr gef\u00e4lschte Ware!<\/strong><\/span><\/li>\n<li><strong>Exzellenter Kundenservice<\/strong>: Unser engagiertes Team ist immer bereit, Ihnen zu helfen, was Ihren Einkaufsprozess reibungslos und problemlos macht.<\/li>\n<li><strong>Schnell<\/strong>: Erwarten Sie einen schnellen und zuverl\u00e4ssigen Versand, der sicherstellt, dass Ihre Bestellungen jedes Mal p\u00fcnktlich ankommen.<\/li>\n<\/ul>\n<h3><\/h3>\n<h3><b>H\u00e4ufig gestellte Fragen<\/b><\/h3>\n<p>&nbsp;<\/p>\n<\/div>\n<\/div>\n<\/div>\n<\/div>\n<\/div>\n<div class=\"group\/conversation-turn relative flex w-full min-w-0 flex-col agent-turn\">\n<div class=\"flex-col gap-1 md:gap-3\">\n<div class=\"flex max-w-full flex-col flex-grow\">\n<div class=\"min-h-8 text-message flex w-full flex-col items-end gap-2 whitespace-normal break-words [.text-message+&amp;]:mt-5\" dir=\"auto\" data-message-author-role=\"assistant\" data-message-id=\"f226d3fc-81f3-46d5-8c46-31787fff0357\">\n<div class=\"flex w-full flex-col gap-1 empty:hidden first:pt-[3px]\">\n<div class=\"markdown prose w-full break-words dark:prose-invert light\">\n<p><strong>1. Wie viele Z\u00fcge bietet der AIVONO Bang Maxi 15k Puffs Einweg-Vape?<\/strong><br \/>\nDer <strong>ist AIVONO Bang Maxi<\/strong> bietet beeindruckende <strong>15.000 Z\u00fcgen<\/strong>, um langanhaltende Dampfsitzungen ohne h\u00e4ufigen Austausch zu gew\u00e4hrleisten. Es ist eine der besten Optionen in der <strong>Vape hei\u00dfer Verkauf billig<\/strong> Kategorie f\u00fcr diejenigen, die eine l\u00e4ngere Nutzung suchen.<\/p>\n<p><strong>2. Kann die AIVONO 15000 Puffs wieder aufgeladen werden?<\/strong><br \/>\nJa, die <strong>AIVONO Vape 15000 Puffs Einweg-Vape<\/strong> is <strong>wiederaufladbar<\/strong>. Es kommt mit einem leistungsstarken 650mAh Akku und einem <strong>Typ-C-Ladeanschluss<\/strong>, was schnelles und effizientes Laden erm\u00f6glicht. Dies macht es zu einer der Top-Optionen f\u00fcr diejenigen, die ein <strong>wiederaufladbarer Einweg-Vape hei\u00dfer Verkauf<\/strong> Ger\u00e4t suchen.<\/p>\n<p><strong>3. Welche Nikotinst\u00e4rken sind in den AIVONO Aim 15000 Puffs erh\u00e4ltlich?<\/strong><br \/>\nDer <strong>AIVONO AIM 15000 Puffs<\/strong> bietet eine Reihe von Nikotinst\u00e4rken f\u00fcr verschiedene Vorlieben, einschlie\u00dflich <strong>5%, 3%, 2% und 0% (nikotinfrei)<\/strong>. Sie k\u00f6nnen die St\u00e4rke w\u00e4hlen, die am besten zu Ihren Bed\u00fcrfnissen passt.<\/p>\n<p><strong>4. Was sind die beliebten Geschmacksrichtungen der AIVONO AIM Bang Maxi 15000 Puffs?<\/strong><br \/>\nEinige der beliebten <strong>AIVONO AIM 15000 Puffs Geschmacksrichtungen<\/strong> beinhalten <strong>Blaue Himbeere<\/strong>, <strong>Royal Grape<\/strong>, <strong>Pfirsich-Eis<\/strong>, <strong>Wassermelonen-Eis<\/strong>, und mehr. Diese Geschmacksrichtungen bieten ein sanftes und angenehmes Dampferlebnis. Die gro\u00dfe Vielfalt macht es einfach, den perfekten Geschmack f\u00fcr Ihren Geschmack zu finden.<\/p>\n<p><strong>5. Kann ich die AIVONO Bang Maxi 15K Puffs in gro\u00dfen Mengen oder im Gro\u00dfhandel kaufen?<\/strong><br \/>\nJa, die <strong>AIVONO Bang Maxi 15000 Puffs<\/strong> ist f\u00fcr <strong>Gro\u00dfmengen<\/strong> und <strong>Gro\u00dfhandelsbestellungen<\/strong> Eink\u00e4ufe verf\u00fcgbar. Wenn Sie sich eindecken oder Ihr Gesch\u00e4ft beliefern m\u00f6chten, ist dieser Vape eine gro\u00dfartige Option f\u00fcr den <strong>AIVONO Bang Maxi 15000 Puffs Gro\u00dfhandel<\/strong> Markt, der Premium-Funktionen zu wettbewerbsf\u00e4higen Preisen bietet.<\/p>\n<\/div>\n<\/div>\n<\/div>\n<\/div>\n<\/div>\n<\/div>\n<p>&nbsp;<\/p>\n<h3><\/h3>\n<h3>Zum Versand<\/h3>\n<div class=\"flex-shrink-0 flex flex-col relative items-end\">\n<div>\n<div class=\"pt-0\">\n<div class=\"gizmo-bot-avatar flex h-8 w-8 items-center justify-center overflow-hidden rounded-full\">\n<div><\/div>\n<div class=\"relative p-1 rounded-sm flex items-center justify-center bg-token-main-surface-primary text-token-text-primary h-8 w-8\"><strong>1. Welche Versandmethoden werden verwendet?<\/strong><\/div>\n<\/div>\n<\/div>\n<\/div>\n<\/div>\n<div class=\"group\/conversation-turn relative flex w-full min-w-0 flex-col agent-turn\">\n<div class=\"flex-col gap-1 md:gap-3\">\n<div class=\"flex max-w-full flex-col flex-grow\">\n<div class=\"min-h-[20px] text-message flex w-full flex-col items-end gap-2 whitespace-normal break-words [.text-message+&amp;]:mt-5 overflow-x-auto\" dir=\"auto\" data-message-author-role=\"assistant\" data-message-id=\"22f8283b-3233-46ff-89a5-c7a41b33abda\">\n<div class=\"flex w-full flex-col gap-1 empty:hidden first:pt-[3px]\">\n<div class=\"markdown prose w-full break-words dark:prose-invert light\">\n<p>Wir arbeiten mit UPS, DHL, FedEx, DPD und anderen f\u00fchrenden Transportunternehmen zusammen. Wir w\u00e4hlen die beste Versandmethode basierend auf Ihrem Lieferort aus, um sicherzustellen, dass Sie Ihre Produkte so schnell wie m\u00f6glich erhalten.<\/p>\n<\/div>\n<p><strong>2. Wie lange dauert es, bis die Lieferung ankommt?<\/strong><\/p>\n<p>Pakete, die nach Deutschland versandt werden, kommen normalerweise innerhalb von 10 Werktagen an. Der Versand in europ\u00e4ische L\u00e4nder dauert in der Regel etwa 12-15 Werktage. Wir werden Ihnen Echtzeit-Updates zu Ihrem Versandstatus bereitstellen.<\/p>\n<\/div>\n<\/div>\n<\/div>\n<\/div>\n<\/div>\n<p>&nbsp;<\/p>\n<p>Andere beliebte Vapes, die Ihnen gefallen k\u00f6nnten:<\/p>\n<p><a href=\"https:\/\/rmvapesale.com\/de\/product\/mrvi-puffing-15000-puff-disposable-vape-box\/\"><strong>MRVI PUFFING 15000 Z\u00fcge\u00a0 \u00a0<span style=\"color: #ff0000\">&gt;&gt;&gt;&gt; los!<\/span><\/strong><\/a><\/p>\n<p><strong><a href=\"https:\/\/rmvapesale.com\/de\/product\/bang-box-18000-puffs-led-display-disposable-vape-original\/\">BANG Vape 18000 Z\u00fcge <span style=\"color: #ff0000\">&gt;&gt;&gt;&gt; los!<\/span><\/a>\u00a0<\/strong><\/p>\n<p><a href=\"https:\/\/rmvapesale.com\/de\/product\/fihp-shisha-hookah-12000-puffs-monster-low-nicotine-vape-pen\/\"><strong>FIHP Shisha Hookah 12000 Z\u00fcge <span style=\"color: #ff0000\">&gt;&gt;&gt;&gt; los!<\/span><\/strong><\/a><\/p>\n<p>&nbsp;<\/p>\n<p>&nbsp;<\/p>\n<p>Finden Sie weitere Vape-Produkte, die Ihnen gefallen k\u00f6nnten:<strong><em><a href=\"https:\/\/rmvapesale.com\/de\/shop-2\/\">jetzt einkaufen &gt;&gt;&gt;<\/a><\/em><\/strong><\/p>","protected":false},"excerpt":{"rendered":"<p>AIVONO Aim Bang Maxi 15000 Z\u00fcge Einweg-Vape<br \/>\nAivono Aim Bang Maxi 15000 Z\u00fcge Gro\u00dfhandelspreis<br \/>\nAIVONO BANG MAXI 15000 0% 2% 3% 5% Nikotin-Vape<\/p>\n<p><img loading=\"lazy\" decoding=\"async\" class=\"size-full wp-image-1978\" src=\"https:\/\/rmvapesale.com\/wp-content\/uploads\/2024\/09\/Disposable-Vape-Wholesale.jpg\" alt=\"Einweg-Vape Gro\u00dfhandel\" width=\"229\" height=\"300\" \/><\/p>\n<h3><a href=\"https:\/\/wa.me\/8617776015835\"><span style=\"color: #ff0000\"><strong>WhatsApp: +86 17776015835<\/strong><\/span><\/a><\/h3>\n<p>&nbsp;<\/p>","protected":false},"featured_media":2377,"comment_status":"open","ping_status":"closed","template":"","meta":{"_uag_custom_page_level_css":"","_lmt_disableupdate":"","_lmt_disable":"","site-sidebar-layout":"default","site-content-layout":"content-boxed-container","ast-site-content-layout":"normal-width-container","site-content-style":"boxed","site-sidebar-style":"unboxed","ast-global-header-display":"","ast-banner-title-visibility":"","ast-main-header-display":"","ast-hfb-above-header-display":"","ast-hfb-below-header-display":"","ast-hfb-mobile-header-display":"","site-post-title":"","ast-breadcrumbs-content":"","ast-featured-img":"","footer-sml-layout":"","theme-transparent-header-meta":"default","adv-header-id-meta":"","stick-header-meta":"","header-above-stick-meta":"","header-main-stick-meta":"","header-below-stick-meta":"","astra-migrate-meta-layouts":"set","ast-page-background-enabled":"default","ast-page-background-meta":{"desktop":{"background-color":"var(--ast-global-color-4)","background-image":"","background-repeat":"repeat","background-position":"center center","background-size":"auto","background-attachment":"scroll","background-type":"","background-media":"","overlay-type":"","overlay-color":"","overlay-opacity":"","overlay-gradient":""},"tablet":{"background-color":"","background-image":"","background-repeat":"repeat","background-position":"center center","background-size":"auto","background-attachment":"scroll","background-type":"","background-media":"","overlay-type":"","overlay-color":"","overlay-opacity":"","overlay-gradient":""},"mobile":{"background-color":"","background-image":"","background-repeat":"repeat","background-position":"center center","background-size":"auto","background-attachment":"scroll","background-type":"","background-media":"","overlay-type":"","overlay-color":"","overlay-opacity":"","overlay-gradient":""}},"ast-content-background-meta":{"desktop":{"background-color":"var(--ast-global-color-5)","background-image":"","background-repeat":"repeat","background-position":"center center","background-size":"auto","background-attachment":"scroll","background-type":"","background-media":"","overlay-type":"","overlay-color":"","overlay-opacity":"","overlay-gradient":""},"tablet":{"background-color":"var(--ast-global-color-5)","background-image":"","background-repeat":"repeat","background-position":"center center","background-size":"auto","background-attachment":"scroll","background-type":"","background-media":"","overlay-type":"","overlay-color":"","overlay-opacity":"","overlay-gradient":""},"mobile":{"background-color":"var(--ast-global-color-5)","background-image":"","background-repeat":"repeat","background-position":"center center","background-size":"auto","background-attachment":"scroll","background-type":"","background-media":"","overlay-type":"","overlay-color":"","overlay-opacity":"","overlay-gradient":""}},"_joinchat":[]},"product_brand":[],"product_cat":[15,25,123,26,28,135,27,61,138,137,136,30],"product_tag":[147,146,126,111,105,132,120],"class_list":{"0":"post-2384","1":"product","2":"type-product","3":"status-publish","4":"has-post-thumbnail","6":"product_cat-new-vape-this-week","7":"product_cat-germany-best-selling-vape","8":"product_cat-italy-wholesale-vape","9":"product_cat-netherlands-hot-sale-vape","10":"product_cat-poland-hot-sale-vape","11":"product_cat-spain-best-hot-sale-vape","12":"product_cat-fance-hot-sale-vape","13":"product_cat-15000-puffs-disposable-vapes","14":"product_cat-fihp-disposable-vapes","15":"product_cat-rechargeable-vapes","16":"product_cat-smart-screen-vapes","17":"product_cat-minimum-order-quantity-50pcs","18":"product_tag-aivono-aim-bang-maxi-15000-puffs-wholesale","19":"product_tag-best-hot-sale-vape","20":"product_tag-e-cigarettes","21":"product_tag-low-nicotine-disposable-vape","22":"product_tag-nicotine-free-disposable-vape","23":"product_tag-rechargeable-vape","24":"product_tag-vape-wholesale","25":"desktop-align-left","26":"tablet-align-left","27":"mobile-align-left","29":"first","30":"instock","31":"sale","32":"shipping-taxable","33":"purchasable","34":"product-type-simple"},"uagb_featured_image_src":{"full":["https:\/\/rmvapesale.com\/wp-content\/uploads\/2024\/10\/AIVONO-Aim-Vape-Bang-Maxi-15000-Puffs.png",808,808,false],"thumbnail":["https:\/\/rmvapesale.com\/wp-content\/uploads\/2024\/10\/AIVONO-Aim-Vape-Bang-Maxi-15000-Puffs-150x150.png",150,150,true],"medium":["https:\/\/rmvapesale.com\/wp-content\/uploads\/2024\/10\/AIVONO-Aim-Vape-Bang-Maxi-15000-Puffs-300x300.png",300,300,true],"medium_large":["https:\/\/rmvapesale.com\/wp-content\/uploads\/2024\/10\/AIVONO-Aim-Vape-Bang-Maxi-15000-Puffs-768x768.png",768,768,true],"large":["https:\/\/rmvapesale.com\/wp-content\/uploads\/2024\/10\/AIVONO-Aim-Vape-Bang-Maxi-15000-Puffs.png",808,808,false],"1536x1536":["https:\/\/rmvapesale.com\/wp-content\/uploads\/2024\/10\/AIVONO-Aim-Vape-Bang-Maxi-15000-Puffs.png",808,808,false],"2048x2048":["https:\/\/rmvapesale.com\/wp-content\/uploads\/2024\/10\/AIVONO-Aim-Vape-Bang-Maxi-15000-Puffs.png",808,808,false],"trp-custom-language-flag":["https:\/\/rmvapesale.com\/wp-content\/uploads\/2024\/10\/AIVONO-Aim-Vape-Bang-Maxi-15000-Puffs.png",12,12,false],"woocommerce_thumbnail":["https:\/\/rmvapesale.com\/wp-content\/uploads\/2024\/10\/AIVONO-Aim-Vape-Bang-Maxi-15000-Puffs-300x300.png",300,300,true],"woocommerce_single":["https:\/\/rmvapesale.com\/wp-content\/uploads\/2024\/10\/AIVONO-Aim-Vape-Bang-Maxi-15000-Puffs-600x600.png",600,600,true],"woocommerce_gallery_thumbnail":["https:\/\/rmvapesale.com\/wp-content\/uploads\/2024\/10\/AIVONO-Aim-Vape-Bang-Maxi-15000-Puffs-100x100.png",100,100,true],"wcpr-photo-reviews":["https:\/\/rmvapesale.com\/wp-content\/uploads\/2024\/10\/AIVONO-Aim-Vape-Bang-Maxi-15000-Puffs.png",500,500,false]},"uagb_author_info":{"display_name":"AMY","author_link":"https:\/\/rmvapesale.com\/de\/author\/"},"uagb_comment_info":0,"uagb_excerpt":"AIVONO Aim Bang Maxi 15000 Puffs Disposable Vape Aivono Aim Bang Maxi 15000 Puffs Wholesale Price AIVONO BANG MAXI 15000 0% 2% 3% 5% Low Nicotine Vape WhatsApp: +86 17776015835 &nbsp;","_links":{"self":[{"href":"https:\/\/rmvapesale.com\/de\/wp-json\/wp\/v2\/product\/2384","targetHints":{"allow":["GET"]}}],"collection":[{"href":"https:\/\/rmvapesale.com\/de\/wp-json\/wp\/v2\/product"}],"about":[{"href":"https:\/\/rmvapesale.com\/de\/wp-json\/wp\/v2\/types\/product"}],"replies":[{"embeddable":true,"href":"https:\/\/rmvapesale.com\/de\/wp-json\/wp\/v2\/comments?post=2384"}],"wp:featuredmedia":[{"embeddable":true,"href":"https:\/\/rmvapesale.com\/de\/wp-json\/wp\/v2\/media\/2377"}],"wp:attachment":[{"href":"https:\/\/rmvapesale.com\/de\/wp-json\/wp\/v2\/media?parent=2384"}],"wp:term":[{"taxonomy":"product_brand","embeddable":true,"href":"https:\/\/rmvapesale.com\/de\/wp-json\/wp\/v2\/product_brand?post=2384"},{"taxonomy":"product_cat","embeddable":true,"href":"https:\/\/rmvapesale.com\/de\/wp-json\/wp\/v2\/product_cat?post=2384"},{"taxonomy":"product_tag","embeddable":true,"href":"https:\/\/rmvapesale.com\/de\/wp-json\/wp\/v2\/product_tag?post=2384"}],"curies":[{"name":"wp","href":"https:\/\/api.w.org\/{rel}","templated":true}]}}