{"id":2471,"date":"2024-10-19T08:23:13","date_gmt":"2024-10-19T08:23:13","guid":{"rendered":"https:\/\/rmvapesale.com\/?post_type=product&#038;p=2471"},"modified":"2024-10-21T07:11:24","modified_gmt":"2024-10-21T07:11:24","slug":"randm-tornado-25000-puffs-disposable-vape-wholesale","status":"publish","type":"product","link":"https:\/\/rmvapesale.com\/de\/product\/randm-tornado-25000-puffs-disposable-vape-wholesale\/","title":{"rendered":"RandM Tornado 25000 Z\u00fcge Einweg-Vape Gro\u00dfhandel"},"content":{"rendered":"<div class=\"B2VR9 CJHX3e\">\n<div class=\"wyccme\">\n<h1 class=\"LC20lb MBeuO DKV0Md\">RandM Tornado 25000 Z\u00fcge Einweg-Vape Gro\u00dfhandel<\/h1>\n<div class=\"flex-shrink-0 flex flex-col relative items-end\">\n<div class=\"pt-0\">\n<div class=\"gizmo-bot-avatar flex h-8 w-8 items-center justify-center overflow-hidden rounded-full\">\n<div class=\"relative p-1 rounded-sm flex items-center justify-center bg-token-main-surface-primary text-token-text-primary h-8 w-8\">\n<p>Der <strong>RandM Tornado 25000 Z\u00fcge Einweg-Vape<\/strong> zeichnet sich als einer der langlebigsten und innovativsten Einweg-Vapes auf dem heutigen Markt aus. Bietet bis zu <strong>25.000 Z\u00fcge<\/strong>ist dieses Ger\u00e4t perfekt f\u00fcr diejenigen, die ein erweitertes Dampferlebnis suchen. Erh\u00e4ltlich in 24 verschiedenen Geschmacksrichtungen, bedient es eine Vielzahl von Geschmackspr\u00e4ferenzen und ist somit eine Top-Wahl unter den beliebten Vape-Marken. Egal, ob Sie f\u00fcr den pers\u00f6nlichen Gebrauch kaufen oder suchen <strong>Vapes in gro\u00dfen Mengen<\/strong>zu bieten, <strong>Einweg-Vape mit wenig Nikotin<\/strong> ist ideal f\u00fcr diejenigen, die einen niedrigen Gro\u00dfhandelspreis bevorzugen.<\/p>\n<p>Eines der wichtigsten Highlights des <strong>RandM Tornado 25000<\/strong> ist sein eingebauter 1,77-Zoll-High-Definition- <strong>TFT-Bildschirm<\/strong>, der Benutzern Echtzeitinformationen wie Batterielebensdauer und \u00d6l liefert. Dar\u00fcber hinaus enth\u00e4lt es lustige Spielfunktionen f\u00fcr ein ansprechendes Erlebnis \u00fcber das Dampfen hinaus. Das <strong>Einweg-Vape mit Bildschirm<\/strong> bietet un\u00fcbertroffenen Komfort und erm\u00f6glicht es Ihnen, die reichen Aromen ohne l\u00e4stiges Nachf\u00fcllen oder Warten zu genie\u00dfen.<\/p>\n<p>Entworfen mit einer wiederaufladbaren Funktion, die <strong>RandM Tornado<\/strong> stellt sicher, dass Sie jeden Tropfen E-Liquid genie\u00dfen k\u00f6nnen. Seine <strong>wiederaufladbare Vapes<\/strong> Funktionalit\u00e4t garantiert Ihnen die volle Nutzung des Ger\u00e4ts bis zum letzten Zug.<\/p>\n<p>Perfekt f\u00fcr Gro\u00dfhandelsk\u00e4ufer und diejenigen, die erkunden m\u00f6chten <strong>Vape-Gro\u00dfhandel<\/strong> Optionen, die <strong>RandM Tornado 25000<\/strong> vereint langanhaltende Nutzung, modernste Technologie und vielf\u00e4ltige Geschmacksoptionen und macht es zu einem herausragenden Produkt in der Welt der <strong>Einweg-Vapes online<\/strong>. Mit seinem nahtlosen Design und dem einfach zu bedienenden System gew\u00e4hrleistet dieses Ger\u00e4t eine optimale Dampferfahrung von Anfang bis Ende.<\/p>\n<p>Das Produkt wird mit schnellem Versand in ganz Europa wie Deutschland, Niederlande, Italien, Frankreich, Spanien, Schweiz, Schweden, Polen usw. versandt.<\/p>\n<\/div>\n<\/div>\n<\/div>\n<\/div>\n<\/div>\n<\/div>\n<p><strong>Kontaktieren Sie Amy, um die richtige Antwort und einen Gutschein f\u00fcr E-Zigaretten zu erhalten!<\/strong><\/p>\n<p><img loading=\"lazy\" decoding=\"async\" class=\"size-full wp-image-1978\" src=\"https:\/\/rmvapesale.com\/wp-content\/uploads\/2024\/09\/Disposable-Vape-Wholesale.jpg\" alt=\"Einweg-Vape Gro\u00dfhandel\" width=\"229\" height=\"300\" \/><\/p>\n<h3><a href=\"https:\/\/wa.me\/8617776015835\" target=\"_blank\" rel=\"noopener\"><span style=\"color: #ff0000\"><strong>WhatsApp: +86 17776015835<\/strong><\/span><\/a><\/h3>\n<p>&nbsp;<\/p>\n<h2><\/h2>\n<h2><strong>Fumot Vape 25000 Einweg<\/strong><strong>\u00a0<\/strong><strong>Hauptmerkmale<\/strong><\/h2>\n<p>&nbsp;<\/p>\n<p>Marke: TORNADO 25000<br \/>\nGeschmack: Pinke Limonade<br \/>\nZ\u00fcge: 25000<br \/>\nNikotinst\u00e4rke: 2% 5%<br \/>\nFl\u00fcssigkeitsvolumen: 20 ML<br \/>\nBatterie<br \/>\nBatteriekapazit\u00e4t: 700mAh<br \/>\nAnschluss: Typ-C Aufladung<br \/>\nBildschirmanzeige f\u00fcr \u00d6l und Batterie<\/p>\n<h2><\/h2>\n<h2><strong>Top-Geschmack f\u00fcr RandM Tornado 25000<\/strong><\/h2>\n<p>Mit 24 einzigartigen Geschmacksrichtungen bedient der RandM Tornado 25000 eine breite Palette von Vorlieben und stellt sicher, dass jeder Benutzer einen Geschmack finden kann, der seinem Geschmack entspricht. Das Ger\u00e4t ist aus hochwertigen Materialien gefertigt, was Haltbarkeit und ein zufriedenstellendes Dampferlebnis gew\u00e4hrleistet<\/p>\n<p>1. Banane-Eis<br \/>\n2. Erdbeere Wassermelone<br \/>\n3. Miami Minze<br \/>\n4. Blaubeer-Himbeere<br \/>\n5. Black Ice<br \/>\n6. White Gummy Ice <span style=\"color: #ff0000\"><strong>&gt;&gt;&gt;&gt; Hei\u00df!<\/strong><\/span><br \/>\n7. Wassermelonen-Eis<br \/>\n8. Saftiges Pfirsich-Eis<br \/>\n9. Pinke Limonade<br \/>\n10. Erdbeer-Mango<br \/>\n11. Pfirsich-Mango-Wassermelone<br \/>\n12. Trauben-Zitrone<br \/>\n13. Tropischer Regenbogen-Knall<span style=\"color: #ff0000\"><strong>&gt;&gt;&gt;&gt; Hei\u00df!<\/strong><\/span><br \/>\n14. Kirschbombe<br \/>\n15. Kirschbomben-Bonbon <span style=\"color: #ff0000\"><strong>&gt;&gt;&gt;&gt; Hei\u00df!<\/strong><\/span><br \/>\n16. Doppelapfel<br \/>\n17. ROSA LIMONADE <span style=\"color: #ff0000\"><strong>&gt;&gt;&gt;&gt; Am besten!<\/strong><\/span><\/p>\n<figure id=\"attachment_2464\" aria-describedby=\"caption-attachment-2464\" style=\"width: 300px\" class=\"wp-caption alignnone\"><img loading=\"lazy\" decoding=\"async\" class=\"size-medium wp-image-2464\" src=\"https:\/\/rmvapesale.com\/wp-content\/uploads\/2024\/10\/Fumot-Vape-Randm-Tornado-25000-Puffs-Wholesale-300x300.jpg\" alt=\"Fumot Vape Randm Tornado 25000 Z\u00fcge Gro\u00dfhandel\" width=\"300\" height=\"300\" srcset=\"https:\/\/rmvapesale.com\/wp-content\/uploads\/2024\/10\/Fumot-Vape-Randm-Tornado-25000-Puffs-Wholesale-300x300.jpg 300w, https:\/\/rmvapesale.com\/wp-content\/uploads\/2024\/10\/Fumot-Vape-Randm-Tornado-25000-Puffs-Wholesale-150x150.jpg 150w, https:\/\/rmvapesale.com\/wp-content\/uploads\/2024\/10\/Fumot-Vape-Randm-Tornado-25000-Puffs-Wholesale-768x768.jpg 768w, https:\/\/rmvapesale.com\/wp-content\/uploads\/2024\/10\/Fumot-Vape-Randm-Tornado-25000-Puffs-Wholesale-600x600.jpg 600w, https:\/\/rmvapesale.com\/wp-content\/uploads\/2024\/10\/Fumot-Vape-Randm-Tornado-25000-Puffs-Wholesale-100x100.jpg 100w, https:\/\/rmvapesale.com\/wp-content\/uploads\/2024\/10\/Fumot-Vape-Randm-Tornado-25000-Puffs-Wholesale.jpg 800w\" sizes=\"auto, (max-width: 300px) 100vw, 300px\" \/><figcaption id=\"caption-attachment-2464\" class=\"wp-caption-text\">Fumot Vape Randm Tornado 25000 Z\u00fcge Gro\u00dfhandel<\/figcaption><\/figure>\n<figure id=\"attachment_2463\" aria-describedby=\"caption-attachment-2463\" style=\"width: 300px\" class=\"wp-caption alignnone\"><img loading=\"lazy\" decoding=\"async\" class=\"size-medium wp-image-2463\" src=\"https:\/\/rmvapesale.com\/wp-content\/uploads\/2024\/10\/Fumot-Vape-Randm-Tornado-25000-Puffs-Disposable-300x300.jpg\" alt=\"Fumot Vape Randm Tornado 25000 Z\u00fcge Einweg\" width=\"300\" height=\"300\" srcset=\"https:\/\/rmvapesale.com\/wp-content\/uploads\/2024\/10\/Fumot-Vape-Randm-Tornado-25000-Puffs-Disposable-300x300.jpg 300w, https:\/\/rmvapesale.com\/wp-content\/uploads\/2024\/10\/Fumot-Vape-Randm-Tornado-25000-Puffs-Disposable-150x150.jpg 150w, https:\/\/rmvapesale.com\/wp-content\/uploads\/2024\/10\/Fumot-Vape-Randm-Tornado-25000-Puffs-Disposable-768x768.jpg 768w, https:\/\/rmvapesale.com\/wp-content\/uploads\/2024\/10\/Fumot-Vape-Randm-Tornado-25000-Puffs-Disposable-600x600.jpg 600w, https:\/\/rmvapesale.com\/wp-content\/uploads\/2024\/10\/Fumot-Vape-Randm-Tornado-25000-Puffs-Disposable-100x100.jpg 100w, https:\/\/rmvapesale.com\/wp-content\/uploads\/2024\/10\/Fumot-Vape-Randm-Tornado-25000-Puffs-Disposable.jpg 800w\" sizes=\"auto, (max-width: 300px) 100vw, 300px\" \/><figcaption id=\"caption-attachment-2463\" class=\"wp-caption-text\">Fumot Vape Randm Tornado 25000 Z\u00fcge Einweg<\/figcaption><\/figure>\n<h3><strong>Warum Sie sich f\u00fcr Rmvapesale f\u00fcr RandM 25000 Puff entscheiden sollten<\/strong><strong>?<\/strong><\/h3>\n<div class=\"flex-shrink-0 flex flex-col relative items-end\">\n<div class=\"pt-0\">\n<div class=\"gizmo-bot-avatar flex h-8 w-8 items-center justify-center overflow-hidden rounded-full\">\n<div class=\"relative p-1 rounded-sm flex items-center justify-center bg-token-main-surface-primary text-token-text-primary h-8 w-8\">\n<p>&nbsp;<\/p>\n<p>Wenn Sie Rmvapesale f\u00fcr Ihre Gro\u00dfhandelsbed\u00fcrfnisse an Einweg-Vapes w\u00e4hlen, profitieren Sie von:<\/p>\n<ul>\n<li><strong>Wettbewerbsf\u00e4higer Preis<\/strong>: Erhalten Sie Zugang zu attraktiven Gro\u00dfhandelspreisen, die Ihre Gesch\u00e4ftsmargen steigern.<\/li>\n<li><strong>Hohe Qualit\u00e4t<\/strong>: Unsere Vapes werden nach den h\u00f6chsten Standards hergestellt und sind <span style=\"color: #ff0000\"><strong>garantiert 100% original und authentisch, oder es gibt die 10-fache Entsch\u00e4digung f\u00fcr gef\u00e4lschte Ware!<\/strong><\/span><\/li>\n<li><strong>Exzellenter Kundenservice<\/strong>: Unser engagiertes Team ist immer bereit, Ihnen zu helfen, was Ihren Einkaufsprozess reibungslos und problemlos macht.<\/li>\n<li><strong>Schnell<\/strong>: Erwarten Sie einen schnellen und zuverl\u00e4ssigen Versand, der sicherstellt, dass Ihre Bestellungen jedes Mal p\u00fcnktlich ankommen.<\/li>\n<\/ul>\n<\/div>\n<h3><\/h3>\n<div class=\"relative p-1 rounded-sm flex items-center justify-center bg-token-main-surface-primary text-token-text-primary h-8 w-8\">\n<h3><b>H\u00e4ufig gestellte Fragen<\/b><\/h3>\n<p>&nbsp;<\/p>\n<ul>\n<li><strong>Wie w\u00e4hle ich den richtigen Einweg-Vaporizer aus?<\/strong><br \/>\nDie Wahl des besten Einweg-Vaporizers h\u00e4ngt von Ihren Vorlieben ab. Wenn Sie ein langlebiges Ger\u00e4t w\u00fcnschen, w\u00e4hlen Sie Modelle wie den RandM Tornado 25000 Puffs, der Tausende von Z\u00fcgen bietet. F\u00fcr Geschmacksenthusiasten bieten Marken wie Bang Vapes oder Waspe Vape eine gro\u00dfe Auswahl an fruchtigen und Dessert-Aromen. Der Schl\u00fcssel liegt darin, zu priorisieren, was Ihnen am wichtigsten ist: Akkulaufzeit, Geschmacksvielfalt oder Portabilit\u00e4t.<\/li>\n<li><strong>Welcher Einweg-Vaporizer bietet den besten Geschmack?<\/strong><br \/>\nF\u00fcr au\u00dfergew\u00f6hnlichen Geschmack ist der Fumot RandM Vape 25000 ein Top-Kandidat, der sanfte Z\u00fcge mit lang anhaltendem Geschmack liefert, insbesondere bei fruchtigen Optionen wie Cherry Bomb Candy, Double Apple, PINK LEMONADE usw.<\/li>\n<li><strong>Woher wissen Sie, wann Ihr Vaporizer leer ist?\u00a0<\/strong><br \/>\nSie werden feststellen, dass Ihr Einweg-Vaporizer zur Neige geht, wenn der Geschmack schw\u00e4cher wird oder die Dampfproduktion abnimmt. Einige neue Einweg-Vaporizer mit Bildschirm, wie der RandM Tornado 12000, RandM Tornado 25000, Waspe 30000 Puffs, zeigen dies auf dem Bildschirm an.<\/li>\n<li><strong>Wie lange dauert das Aufladen eines Randm Tornado?<\/strong><br \/>\nDas Aufladen der meisten E-Zigaretten-Akkus dauert in der Regel etwa 3 bis 4 Stunden f\u00fcr eine vollst\u00e4ndige Ladung, abh\u00e4ngig von der Akkugr\u00f6\u00dfe. Am besten warten Sie mit dem Aufladen, bis der Akku vollst\u00e4ndig entladen ist. Da jedoch jedes Ger\u00e4t einzigartig ist, sollten Sie immer das Handbuch Ihres Produkts f\u00fcr spezifische Laderichtlinien und Anzeigen konsultieren, um eine optimale Leistung zu gew\u00e4hrleisten.<\/li>\n<\/ul>\n<\/div>\n<\/div>\n<\/div>\n<\/div>\n<div class=\"group\/conversation-turn relative flex w-full min-w-0 flex-col agent-turn\">\n<div class=\"flex-col gap-1 md:gap-3\">\n<div class=\"flex max-w-full flex-col flex-grow\">\n<div class=\"min-h-8 text-message flex w-full flex-col items-end gap-2 whitespace-normal break-words [.text-message+&amp;]:mt-5\" dir=\"auto\" data-message-author-role=\"assistant\" data-message-id=\"f226d3fc-81f3-46d5-8c46-31787fff0357\">\n<div class=\"flex w-full flex-col gap-1 empty:hidden first:pt-[3px]\">\n<div class=\"markdown prose w-full break-words dark:prose-invert light\">\n<div class=\"group\/conversation-turn relative flex w-full min-w-0 flex-col agent-turn\">\n<div class=\"flex-col gap-1 md:gap-3\">\n<div class=\"flex max-w-full flex-col flex-grow\">\n<div class=\"min-h-8 text-message flex w-full flex-col items-end gap-2 whitespace-normal break-words [.text-message+&amp;]:mt-5\" dir=\"auto\" data-message-author-role=\"assistant\" data-message-id=\"91d2b73b-9149-4888-a964-4b8464e0e6e3\" data-message-model-slug=\"gpt-4o\">\n<div class=\"flex w-full flex-col gap-1 empty:hidden first:pt-[3px]\">\n<div class=\"markdown prose w-full break-words dark:prose-invert light\">\n<p>&nbsp;<\/p>\n<\/div>\n<\/div>\n<\/div>\n<\/div>\n<\/div>\n<\/div>\n<\/div>\n<\/div>\n<\/div>\n<\/div>\n<\/div>\n<\/div>\n<h3>Zum Versand<\/h3>\n<div class=\"flex-shrink-0 flex flex-col relative items-end\">\n<div>\n<div class=\"pt-0\">\n<div class=\"gizmo-bot-avatar flex h-8 w-8 items-center justify-center overflow-hidden rounded-full\">\n<div><\/div>\n<div class=\"relative p-1 rounded-sm flex items-center justify-center bg-token-main-surface-primary text-token-text-primary h-8 w-8\"><strong>1. Welche Versandmethoden werden verwendet?<\/strong><\/div>\n<\/div>\n<\/div>\n<\/div>\n<\/div>\n<div class=\"group\/conversation-turn relative flex w-full min-w-0 flex-col agent-turn\">\n<div class=\"flex-col gap-1 md:gap-3\">\n<div class=\"flex max-w-full flex-col flex-grow\">\n<div class=\"min-h-[20px] text-message flex w-full flex-col items-end gap-2 whitespace-normal break-words [.text-message+&amp;]:mt-5 overflow-x-auto\" dir=\"auto\" data-message-author-role=\"assistant\" data-message-id=\"22f8283b-3233-46ff-89a5-c7a41b33abda\">\n<div class=\"flex w-full flex-col gap-1 empty:hidden first:pt-[3px]\">\n<div class=\"markdown prose w-full break-words dark:prose-invert light\">\n<p>Wir arbeiten mit UPS, DHL, FedEx, DPD und anderen f\u00fchrenden Transportunternehmen zusammen. Wir w\u00e4hlen die beste Versandmethode basierend auf Ihrem Lieferort aus, um sicherzustellen, dass Sie Ihre Produkte so schnell wie m\u00f6glich erhalten.<\/p>\n<\/div>\n<p><strong>2. Wie lange dauert es, bis die Lieferung ankommt?<\/strong><\/p>\n<p>Pakete, die nach Deutschland versandt werden, kommen normalerweise innerhalb von 10 Werktagen an. Der Versand in europ\u00e4ische L\u00e4nder dauert in der Regel etwa 12-15 Werktage. Wir werden Ihnen Echtzeit-Updates zu Ihrem Versandstatus bereitstellen.<\/p>\n<\/div>\n<\/div>\n<\/div>\n<\/div>\n<\/div>\n<p>&nbsp;<\/p>\n<p>Andere beliebte Vapes, die Ihnen gefallen k\u00f6nnten:<\/p>\n<p><a href=\"https:\/\/rmvapesale.com\/de\/product\/randm-tornado-15000-puffs-15k-vape-recharge-fumot-original-vape-factory-price\/\"><strong>Randm Vape 15000 Z\u00fcge\u00a0 \u00a0<span style=\"color: #ff0000\">&gt;&gt;&gt;&gt; los!<\/span><\/strong><\/a><\/p>\n<p><strong><a href=\"https:\/\/rmvapesale.com\/de\/product\/faivono-bang-maxi-15000-puffs-disposable-vape-bulk-wholesale\/\">AIVONO Aim Bang Maxi 15000 Puffs <span style=\"color: #ff0000\">&gt;&gt;&gt;&gt; los!<\/span><\/a>\u00a0<\/strong><\/p>\n<p><a href=\"https:\/\/rmvapesale.com\/de\/product\/original-randm-vape-digital-puff-12000-fumot-factory-price\/\"><strong>Fumot Vape 12000 Z\u00fcge <span style=\"color: #ff0000\">&gt;&gt;&gt;&gt; los!<\/span><\/strong><\/a><\/p>\n<p>&nbsp;<\/p>\n<p>&nbsp;<\/p>\n<p>Finden Sie weitere Vape-Produkte, die Ihnen gefallen k\u00f6nnten:<strong><em><a href=\"https:\/\/rmvapesale.com\/de\/shop-2\/\">jetzt einkaufen &gt;&gt;&gt;<\/a><\/em><\/strong><\/p>","protected":false},"excerpt":{"rendered":"<p>RandM Tornado 25000 Z\u00fcge Einweg-Vape Gro\u00dfhandel in gro\u00dfen Mengen kaufen<br \/>\nFumot Vape RandM Tornado 25000 Z\u00fcge Einweg Preis<br \/>\nFumot RandM Tornado 25000 Wiederaufladbare Vapes Niedriges Nikotin 2%<\/p>\n<p><img loading=\"lazy\" decoding=\"async\" class=\"size-full wp-image-2375\" src=\"https:\/\/rmvapesale.com\/wp-content\/uploads\/2024\/10\/image.png\" alt=\"Bester Einweg-Vape\" width=\"229\" height=\"300\" \/><\/p>\n<h3><a href=\"https:\/\/wa.me\/8617776015835\"><span style=\"color: #ff0000\"><strong>WhatsApp: +86 17776015835<\/strong><\/span><\/a><\/h3>\n<p>&nbsp;<\/p>","protected":false},"featured_media":2467,"comment_status":"open","ping_status":"closed","template":"","meta":{"_uag_custom_page_level_css":"","_lmt_disableupdate":"no","_lmt_disable":"","site-sidebar-layout":"default","site-content-layout":"content-boxed-container","ast-site-content-layout":"normal-width-container","site-content-style":"boxed","site-sidebar-style":"unboxed","ast-global-header-display":"","ast-banner-title-visibility":"","ast-main-header-display":"","ast-hfb-above-header-display":"","ast-hfb-below-header-display":"","ast-hfb-mobile-header-display":"","site-post-title":"","ast-breadcrumbs-content":"","ast-featured-img":"","footer-sml-layout":"","theme-transparent-header-meta":"default","adv-header-id-meta":"","stick-header-meta":"","header-above-stick-meta":"","header-main-stick-meta":"","header-below-stick-meta":"","astra-migrate-meta-layouts":"set","ast-page-background-enabled":"default","ast-page-background-meta":{"desktop":{"background-color":"var(--ast-global-color-4)","background-image":"","background-repeat":"repeat","background-position":"center center","background-size":"auto","background-attachment":"scroll","background-type":"","background-media":"","overlay-type":"","overlay-color":"","overlay-opacity":"","overlay-gradient":""},"tablet":{"background-color":"","background-image":"","background-repeat":"repeat","background-position":"center center","background-size":"auto","background-attachment":"scroll","background-type":"","background-media":"","overlay-type":"","overlay-color":"","overlay-opacity":"","overlay-gradient":""},"mobile":{"background-color":"","background-image":"","background-repeat":"repeat","background-position":"center center","background-size":"auto","background-attachment":"scroll","background-type":"","background-media":"","overlay-type":"","overlay-color":"","overlay-opacity":"","overlay-gradient":""}},"ast-content-background-meta":{"desktop":{"background-color":"var(--ast-global-color-5)","background-image":"","background-repeat":"repeat","background-position":"center center","background-size":"auto","background-attachment":"scroll","background-type":"","background-media":"","overlay-type":"","overlay-color":"","overlay-opacity":"","overlay-gradient":""},"tablet":{"background-color":"var(--ast-global-color-5)","background-image":"","background-repeat":"repeat","background-position":"center center","background-size":"auto","background-attachment":"scroll","background-type":"","background-media":"","overlay-type":"","overlay-color":"","overlay-opacity":"","overlay-gradient":""},"mobile":{"background-color":"var(--ast-global-color-5)","background-image":"","background-repeat":"repeat","background-position":"center center","background-size":"auto","background-attachment":"scroll","background-type":"","background-media":"","overlay-type":"","overlay-color":"","overlay-opacity":"","overlay-gradient":""}},"_joinchat":[]},"product_brand":[],"product_cat":[15,51,25,123,26,28,135,27,31,137,30],"product_tag":[146,155,167,168,165,166,120],"class_list":{"0":"post-2471","1":"product","2":"type-product","3":"status-publish","4":"has-post-thumbnail","6":"product_cat-new-vape-this-week","7":"product_cat-fumot-vape","8":"product_cat-germany-best-selling-vape","9":"product_cat-italy-wholesale-vape","10":"product_cat-netherlands-hot-sale-vape","11":"product_cat-poland-hot-sale-vape","12":"product_cat-spain-best-hot-sale-vape","13":"product_cat-fance-hot-sale-vape","14":"product_cat-randm-fumot-vape","15":"product_cat-rechargeable-vapes","16":"product_cat-minimum-order-quantity-50pcs","17":"product_tag-best-hot-sale-vape","18":"product_tag-digital-display-box","19":"product_tag-disposable-vape-with-screen","20":"product_tag-randm-tornado-25000","21":"product_tag-rechargeable-vapes","22":"product_tag-tornado-vape","23":"product_tag-vape-wholesale","24":"desktop-align-left","25":"tablet-align-left","26":"mobile-align-left","28":"first","29":"instock","30":"sale","31":"shipping-taxable","32":"purchasable","33":"product-type-simple"},"uagb_featured_image_src":{"full":["https:\/\/rmvapesale.com\/wp-content\/uploads\/2024\/10\/Randm-Tornado-Vape-25000-Puffs-Disposable.jpg",800,800,false],"thumbnail":["https:\/\/rmvapesale.com\/wp-content\/uploads\/2024\/10\/Randm-Tornado-Vape-25000-Puffs-Disposable-150x150.jpg",150,150,true],"medium":["https:\/\/rmvapesale.com\/wp-content\/uploads\/2024\/10\/Randm-Tornado-Vape-25000-Puffs-Disposable-300x300.jpg",300,300,true],"medium_large":["https:\/\/rmvapesale.com\/wp-content\/uploads\/2024\/10\/Randm-Tornado-Vape-25000-Puffs-Disposable-768x768.jpg",768,768,true],"large":["https:\/\/rmvapesale.com\/wp-content\/uploads\/2024\/10\/Randm-Tornado-Vape-25000-Puffs-Disposable.jpg",800,800,false],"1536x1536":["https:\/\/rmvapesale.com\/wp-content\/uploads\/2024\/10\/Randm-Tornado-Vape-25000-Puffs-Disposable.jpg",800,800,false],"2048x2048":["https:\/\/rmvapesale.com\/wp-content\/uploads\/2024\/10\/Randm-Tornado-Vape-25000-Puffs-Disposable.jpg",800,800,false],"trp-custom-language-flag":["https:\/\/rmvapesale.com\/wp-content\/uploads\/2024\/10\/Randm-Tornado-Vape-25000-Puffs-Disposable.jpg",12,12,false],"woocommerce_thumbnail":["https:\/\/rmvapesale.com\/wp-content\/uploads\/2024\/10\/Randm-Tornado-Vape-25000-Puffs-Disposable-300x300.jpg",300,300,true],"woocommerce_single":["https:\/\/rmvapesale.com\/wp-content\/uploads\/2024\/10\/Randm-Tornado-Vape-25000-Puffs-Disposable-600x600.jpg",600,600,true],"woocommerce_gallery_thumbnail":["https:\/\/rmvapesale.com\/wp-content\/uploads\/2024\/10\/Randm-Tornado-Vape-25000-Puffs-Disposable-100x100.jpg",100,100,true],"wcpr-photo-reviews":["https:\/\/rmvapesale.com\/wp-content\/uploads\/2024\/10\/Randm-Tornado-Vape-25000-Puffs-Disposable.jpg",500,500,false]},"uagb_author_info":{"display_name":"AMY","author_link":"https:\/\/rmvapesale.com\/de\/author\/"},"uagb_comment_info":0,"uagb_excerpt":"Buy RandM Tornado 25000 Puffs Disposable Vape Wholesale in bulk Fumot Vape RandM Tornado 25000 Puffs Disposable Price Fumot RandM Tornado 25000 Rechargeable Vapes Low Nicotine 2% WhatsApp: +86 17776015835 &nbsp;","_links":{"self":[{"href":"https:\/\/rmvapesale.com\/de\/wp-json\/wp\/v2\/product\/2471","targetHints":{"allow":["GET"]}}],"collection":[{"href":"https:\/\/rmvapesale.com\/de\/wp-json\/wp\/v2\/product"}],"about":[{"href":"https:\/\/rmvapesale.com\/de\/wp-json\/wp\/v2\/types\/product"}],"replies":[{"embeddable":true,"href":"https:\/\/rmvapesale.com\/de\/wp-json\/wp\/v2\/comments?post=2471"}],"wp:featuredmedia":[{"embeddable":true,"href":"https:\/\/rmvapesale.com\/de\/wp-json\/wp\/v2\/media\/2467"}],"wp:attachment":[{"href":"https:\/\/rmvapesale.com\/de\/wp-json\/wp\/v2\/media?parent=2471"}],"wp:term":[{"taxonomy":"product_brand","embeddable":true,"href":"https:\/\/rmvapesale.com\/de\/wp-json\/wp\/v2\/product_brand?post=2471"},{"taxonomy":"product_cat","embeddable":true,"href":"https:\/\/rmvapesale.com\/de\/wp-json\/wp\/v2\/product_cat?post=2471"},{"taxonomy":"product_tag","embeddable":true,"href":"https:\/\/rmvapesale.com\/de\/wp-json\/wp\/v2\/product_tag?post=2471"}],"curies":[{"name":"wp","href":"https:\/\/api.w.org\/{rel}","templated":true}]}}