{"id":2472,"date":"2024-10-21T03:19:00","date_gmt":"2024-10-21T03:19:00","guid":{"rendered":"https:\/\/rmvapesale.com\/?post_type=product&#038;p=2472"},"modified":"2024-10-21T07:09:46","modified_gmt":"2024-10-21T07:09:46","slug":"fumot-digital-box-12000-disposable-vape-pink-lemonade-flavor","status":"publish","type":"product","link":"https:\/\/rmvapesale.com\/de\/product\/fumot-digital-box-12000-disposable-vape-pink-lemonade-flavor\/","title":{"rendered":"Fumot Digital Box 12000 Einweg-Vape Pink Lemonade Geschmack"},"content":{"rendered":"<div class=\"B2VR9 CJHX3e\">\n<div class=\"wyccme\">\n<h1 class=\"LC20lb MBeuO DKV0Md\">Fumot Digital Box 12000 Einweg-Vape Pink Lemonade Geschmack<\/h1>\n<div class=\"flex-shrink-0 flex flex-col relative items-end\">\n<div class=\"pt-0\">\n<div class=\"gizmo-bot-avatar flex h-8 w-8 items-center justify-center overflow-hidden rounded-full\">\n<div class=\"relative p-1 rounded-sm flex items-center justify-center bg-token-main-surface-primary text-token-text-primary h-8 w-8\">\n<p>Pink Lemonade, ein Favorit in der Fumot Digital Box 12000 Einweg-Vape, bietet eine unwiderstehliche Mischung aus herber Zitrusfrucht und s\u00fc\u00dfen Beerenoten. Diese lebendige Mischung aus Zitronen und Beeren schafft ein erfrischendes, lebendiges Geschmacksprofil, das jeden Zug zu einem angenehmen Erlebnis macht. Die nat\u00fcrliche Zeste von Zitrusfr\u00fcchten, erg\u00e4nzt durch subtile Beerenuntert\u00f6ne, sorgt f\u00fcr ein perfekt ausgewogenes und harmonisches Vape.<\/p>\n<p>Mit jedem Atemzug verst\u00e4rkt sich der kr\u00e4ftige Geschmack und hinterl\u00e4sst einen knackigen, erfrischenden Nachgeschmack, der an warme Sommertage erinnert. Dank der fortschrittlichen Technologie von Fumot Vape 12000 Z\u00fcge bleibt der Geschmack w\u00e4hrend der gesamten Sitzung konstant und reichhaltig, was das Dampferlebnis f\u00fcr einen Moment reinen Genusses steigert.<\/p>\n<p>Fumot Digital Randm 12000 Einweg-Vape Pink Lemonade ist die ideale Wahl f\u00fcr alle, die einen fruchtigen und erfrischenden Dampf genie\u00dfen. Ob Sie nach einem langen Tag entspannen oder den Morgen frisch beginnen m\u00f6chten, dieser Geschmack bietet die perfekte Mischung aus Fruchtigkeit und Frische. Eine ausgezeichnete Option f\u00fcr Dampfer, die eine Geschmacks\u00e4nderung suchen, ohne auf Intensit\u00e4t oder Zufriedenheit zu verzichten.<\/p>\n<p>&nbsp;<\/p>\n<\/div>\n<\/div>\n<\/div>\n<\/div>\n<\/div>\n<\/div>\n<p><strong>Kontaktieren Sie Amy, um die richtige Antwort und einen Gutschein f\u00fcr E-Zigaretten zu erhalten!<\/strong><\/p>\n<p><img loading=\"lazy\" decoding=\"async\" class=\"size-full wp-image-1978\" src=\"https:\/\/rmvapesale.com\/wp-content\/uploads\/2024\/09\/Disposable-Vape-Wholesale.jpg\" alt=\"Einweg-Vape Gro\u00dfhandel\" width=\"229\" height=\"300\" \/><\/p>\n<h3><a href=\"https:\/\/wa.me\/8617776015835\" target=\"_blank\" rel=\"noopener\"><span style=\"color: #ff0000\"><strong>WhatsApp: +86 17776015835<\/strong><\/span><\/a><\/h3>\n<p>&nbsp;<\/p>\n<h2><\/h2>\n<h2><strong>Fumot 12k Vape Einweg<\/strong><strong>\u00a0<\/strong><strong>Hauptmerkmale<\/strong><\/h2>\n<p>&nbsp;<\/p>\n<p>Marke: TORNADO 25000<br \/>\nGeschmack: Pinke Limonade<br \/>\nZ\u00fcge: 12000<br \/>\nNikotin: 0\/2\/3\/5%<br \/>\n20 ML E-Liquid<br \/>\nWiederaufladbarer Akku<br \/>\nIntegrierter 850mAh Akku<br \/>\n40 Geschmacksrichtungen verf\u00fcgbar<br \/>\nDisplay f\u00fcr E-Liquid und Akku<\/p>\n<h2><\/h2>\n<h2><strong>Top-Geschmack f\u00fcr RandM Fumot Digital Box 12000 Vape<\/strong><\/h2>\n<p>Mit 24 einzigartigen Geschmacksrichtungen bedient der RandM Tornado 25000 eine breite Palette von Vorlieben und stellt sicher, dass jeder Benutzer einen Geschmack finden kann, der seinem Geschmack entspricht. Das Ger\u00e4t ist aus hochwertigen Materialien gefertigt, was Haltbarkeit und ein zufriedenstellendes Dampferlebnis gew\u00e4hrleistet<\/p>\n<p>1. Frische Minze<br \/>\n2. Wassermelone Eis<br \/>\n3. Trauben-Eis<br \/>\n4. Blaubeer-Himbeere <span style=\"color: #ff0000\"><strong>&gt;&gt;&gt;&gt; Hei\u00df!<\/strong><\/span><br \/>\n5. Erdbeer-Wassermelone<br \/>\n6. Erdbeer-Banane<br \/>\n7. Lush Ice<br \/>\n8. Kirsche<br \/>\n9. Erdbeer-Eis<br \/>\n10. Eis am Stiel<br \/>\n11. Pinke Limonade <span style=\"color: #ff0000\"><strong>&gt;&gt;&gt;&gt; Am besten!<\/strong><\/span><br \/>\n12. Mango auf Eis<br \/>\n13. Gemischte Beeren <span style=\"color: #ff0000\"><strong>&gt;&gt;&gt;&gt; Hei\u00df!<\/strong><\/span><br \/>\n14. Erdbeer-Donut<br \/>\n15. Erdbeer-Traube<br \/>\n16. Kirsch-Cola<br \/>\n17. Dr. Blau<br \/>\n18. Heidelbeere auf Eis<br \/>\n19. Kiwi Passionsfrucht Guave<br \/>\n20. Erdbeer-Kiwi<br \/>\n21. Pfirsich-Mango<br \/>\n22. Pfirsich-Eis <span style=\"color: #ff0000\"><strong>&gt;&gt;&gt;&gt; Hei\u00df!<\/strong><\/span><br \/>\n23. Roter Apfel-Eis<br \/>\n24. Heidelbeer-Kaugummi<br \/>\n25. Beeren-Limonade<br \/>\n26. Blaue Razz-Limonade<br \/>\n27. Blaubeer-Sour Himbeere<br \/>\n28. Erdbeer-Red Bull<br \/>\n29. Apfel-Beeren-Explosion<br \/>\n30. Wassermelonen-Kaugummi<br \/>\n31. Himbeer-Wassermelone<br \/>\n32. Schwarzes Eis<br \/>\n33. Heidelbeere-Kirsch-Cranberry<br \/>\n34. Erdbeer-Pompel (Granatapfel)<br \/>\n35. Vimto <span style=\"color: #ff0000\"><strong>&gt;&gt;&gt;&gt; Hei\u00df!<\/strong><\/span><br \/>\n36. Kirschen-Beere <span style=\"color: #ff0000\"><strong>&gt;&gt;&gt;&gt; Hei\u00df!<\/strong><\/span><br \/>\n37. Zitrone &amp; Limette<br \/>\n38. Bingo Crush<br \/>\n39. Heidelbeere Kiwi<br \/>\n40. Apfel Zimt<\/p>\n<figure id=\"attachment_2481\" aria-describedby=\"caption-attachment-2481\" style=\"width: 600px\" class=\"wp-caption alignnone\"><img loading=\"lazy\" decoding=\"async\" class=\"wp-image-2481 size-full\" src=\"https:\/\/rmvapesale.com\/wp-content\/uploads\/2024\/10\/Fumot-Vape-12000-Puffs-RandM-Flavor.jpg\" alt=\"Fumot Vape 12000 Z\u00fcge RandM Geschmack\" width=\"600\" height=\"600\" srcset=\"https:\/\/rmvapesale.com\/wp-content\/uploads\/2024\/10\/Fumot-Vape-12000-Puffs-RandM-Flavor.jpg 600w, https:\/\/rmvapesale.com\/wp-content\/uploads\/2024\/10\/Fumot-Vape-12000-Puffs-RandM-Flavor-300x300.jpg 300w, https:\/\/rmvapesale.com\/wp-content\/uploads\/2024\/10\/Fumot-Vape-12000-Puffs-RandM-Flavor-150x150.jpg 150w, https:\/\/rmvapesale.com\/wp-content\/uploads\/2024\/10\/Fumot-Vape-12000-Puffs-RandM-Flavor-100x100.jpg 100w\" sizes=\"auto, (max-width: 600px) 100vw, 600px\" \/><figcaption id=\"caption-attachment-2481\" class=\"wp-caption-text\">Fumot Vape 12000 Z\u00fcge RandM Geschmack<\/figcaption><\/figure>\n<h3><strong>Warum Rmvapesale f\u00fcr Randm Vape 12000 Z\u00fcge w\u00e4hlen<\/strong><strong>?<\/strong><\/h3>\n<div class=\"flex-shrink-0 flex flex-col relative items-end\">\n<div class=\"pt-0\">\n<div class=\"gizmo-bot-avatar flex h-8 w-8 items-center justify-center overflow-hidden rounded-full\">\n<div class=\"relative p-1 rounded-sm flex items-center justify-center bg-token-main-surface-primary text-token-text-primary h-8 w-8\">\n<p>&nbsp;<\/p>\n<p>Wenn Sie Rmvapesale f\u00fcr Ihre Gro\u00dfhandelsbed\u00fcrfnisse an Einweg-Vapes w\u00e4hlen, profitieren Sie von:<\/p>\n<ul>\n<li><strong>Wettbewerbsf\u00e4higer Preis<\/strong>: Erhalten Sie Zugang zu attraktiven Gro\u00dfhandelspreisen, die Ihre Gesch\u00e4ftsmargen steigern.<\/li>\n<li><strong>Hohe Qualit\u00e4t<\/strong>: Unsere Vapes werden nach den h\u00f6chsten Standards hergestellt und sind <span style=\"color: #ff0000\"><strong>garantiert 100% original und authentisch, oder es gibt die 10-fache Entsch\u00e4digung f\u00fcr gef\u00e4lschte Ware!<\/strong><\/span><\/li>\n<li><strong>Exzellenter Kundenservice<\/strong>: Unser engagiertes Team ist immer bereit, Ihnen zu helfen, was Ihren Einkaufsprozess reibungslos und problemlos macht.<\/li>\n<li><strong>Schnell<\/strong>: Erwarten Sie einen schnellen und zuverl\u00e4ssigen Versand, der sicherstellt, dass Ihre Bestellungen jedes Mal p\u00fcnktlich ankommen.<\/li>\n<\/ul>\n<\/div>\n<h3><\/h3>\n<div class=\"relative p-1 rounded-sm flex items-center justify-center bg-token-main-surface-primary text-token-text-primary h-8 w-8\">\n<h3><b>H\u00e4ufig gestellte Fragen<\/b><\/h3>\n<p>&nbsp;<\/p>\n<ul>\n<li><strong>Wie w\u00e4hle ich den richtigen Einweg-Vaporizer aus?<\/strong><br \/>\nDie Wahl des besten Einweg-Vaporizers h\u00e4ngt von Ihren Vorlieben ab. Wenn Sie ein langlebiges Ger\u00e4t w\u00fcnschen, w\u00e4hlen Sie Modelle wie den RandM Tornado 25000 Puffs, der Tausende von Z\u00fcgen bietet. F\u00fcr Geschmacksenthusiasten bieten Marken wie Bang Vapes oder Waspe Vape eine gro\u00dfe Auswahl an fruchtigen und Dessert-Aromen. Der Schl\u00fcssel liegt darin, zu priorisieren, was Ihnen am wichtigsten ist: Akkulaufzeit, Geschmacksvielfalt oder Portabilit\u00e4t.<\/li>\n<li><strong>Welcher Einweg-Vaporizer bietet den besten Geschmack?<\/strong><br \/>\nF\u00fcr au\u00dfergew\u00f6hnlichen Geschmack ist der Fumot RandM Vape 25000 ein Top-Kandidat, der sanfte Z\u00fcge mit lang anhaltendem Geschmack liefert, insbesondere bei fruchtigen Optionen wie Cherry Bomb Candy, Double Apple, PINK LEMONADE usw.<\/li>\n<li><strong>Woher wissen Sie, wann Ihr Vaporizer leer ist?\u00a0<\/strong><br \/>\nSie werden feststellen, dass Ihr Einweg-Vaporizer zur Neige geht, wenn der Geschmack schw\u00e4cher wird oder die Dampfproduktion abnimmt. Einige neue Einweg-Vaporizer mit Bildschirm, wie der RandM Tornado 12000, RandM Tornado 25000, Waspe 30000 Puffs, zeigen dies auf dem Bildschirm an.<\/li>\n<li><strong>Wie lange dauert das Aufladen eines Randm Tornado?<\/strong><br \/>\nDas Aufladen der meisten E-Zigaretten-Akkus dauert in der Regel etwa 3 bis 4 Stunden f\u00fcr eine vollst\u00e4ndige Ladung, abh\u00e4ngig von der Akkugr\u00f6\u00dfe. Am besten warten Sie mit dem Aufladen, bis der Akku vollst\u00e4ndig entladen ist. Da jedoch jedes Ger\u00e4t einzigartig ist, sollten Sie immer das Handbuch Ihres Produkts f\u00fcr spezifische Laderichtlinien und Anzeigen konsultieren, um eine optimale Leistung zu gew\u00e4hrleisten.<\/li>\n<\/ul>\n<\/div>\n<\/div>\n<\/div>\n<\/div>\n<div class=\"group\/conversation-turn relative flex w-full min-w-0 flex-col agent-turn\">\n<div class=\"flex-col gap-1 md:gap-3\">\n<div class=\"flex max-w-full flex-col flex-grow\">\n<div class=\"min-h-8 text-message flex w-full flex-col items-end gap-2 whitespace-normal break-words [.text-message+&amp;]:mt-5\" dir=\"auto\" data-message-author-role=\"assistant\" data-message-id=\"f226d3fc-81f3-46d5-8c46-31787fff0357\">\n<div class=\"flex w-full flex-col gap-1 empty:hidden first:pt-[3px]\">\n<div class=\"markdown prose w-full break-words dark:prose-invert light\">\n<div class=\"group\/conversation-turn relative flex w-full min-w-0 flex-col agent-turn\">\n<div class=\"flex-col gap-1 md:gap-3\">\n<div class=\"flex max-w-full flex-col flex-grow\">\n<div class=\"min-h-8 text-message flex w-full flex-col items-end gap-2 whitespace-normal break-words [.text-message+&amp;]:mt-5\" dir=\"auto\" data-message-author-role=\"assistant\" data-message-id=\"91d2b73b-9149-4888-a964-4b8464e0e6e3\" data-message-model-slug=\"gpt-4o\">\n<div class=\"flex w-full flex-col gap-1 empty:hidden first:pt-[3px]\">\n<div class=\"markdown prose w-full break-words dark:prose-invert light\">\n<p>&nbsp;<\/p>\n<\/div>\n<\/div>\n<\/div>\n<\/div>\n<\/div>\n<\/div>\n<\/div>\n<\/div>\n<\/div>\n<\/div>\n<\/div>\n<\/div>\n<h3>Zum Versand<\/h3>\n<div class=\"flex-shrink-0 flex flex-col relative items-end\">\n<div>\n<div class=\"pt-0\">\n<div class=\"gizmo-bot-avatar flex h-8 w-8 items-center justify-center overflow-hidden rounded-full\">\n<div><\/div>\n<div class=\"relative p-1 rounded-sm flex items-center justify-center bg-token-main-surface-primary text-token-text-primary h-8 w-8\"><strong>1. Welche Versandmethoden werden verwendet?<\/strong><\/div>\n<\/div>\n<\/div>\n<\/div>\n<\/div>\n<div class=\"group\/conversation-turn relative flex w-full min-w-0 flex-col agent-turn\">\n<div class=\"flex-col gap-1 md:gap-3\">\n<div class=\"flex max-w-full flex-col flex-grow\">\n<div class=\"min-h-[20px] text-message flex w-full flex-col items-end gap-2 whitespace-normal break-words [.text-message+&amp;]:mt-5 overflow-x-auto\" dir=\"auto\" data-message-author-role=\"assistant\" data-message-id=\"22f8283b-3233-46ff-89a5-c7a41b33abda\">\n<div class=\"flex w-full flex-col gap-1 empty:hidden first:pt-[3px]\">\n<div class=\"markdown prose w-full break-words dark:prose-invert light\">\n<p>Wir arbeiten mit UPS, DHL, FedEx, DPD und anderen f\u00fchrenden Transportunternehmen zusammen. Wir w\u00e4hlen die beste Versandmethode basierend auf Ihrem Lieferort aus, um sicherzustellen, dass Sie Ihre Produkte so schnell wie m\u00f6glich erhalten.<\/p>\n<\/div>\n<p><strong>2. Wie lange dauert es, bis die Lieferung ankommt?<\/strong><\/p>\n<p>Pakete, die nach Deutschland versandt werden, kommen normalerweise innerhalb von 10 Werktagen an. Der Versand in europ\u00e4ische L\u00e4nder dauert in der Regel etwa 12-15 Werktage. Wir werden Ihnen Echtzeit-Updates zu Ihrem Versandstatus bereitstellen.<\/p>\n<\/div>\n<\/div>\n<\/div>\n<\/div>\n<\/div>\n<p>&nbsp;<\/p>\n<p>Andere beliebte Vapes, die Ihnen gefallen k\u00f6nnten:<\/p>\n<p><a href=\"https:\/\/rmvapesale.com\/de\/product\/randm-tornado-15000-puffs-15k-vape-recharge-fumot-original-vape-factory-price\/\"><strong>Randm Vape 15000 Z\u00fcge\u00a0 \u00a0<span style=\"color: #ff0000\">&gt;&gt;&gt;&gt; los!<\/span><\/strong><\/a><\/p>\n<p><strong><a href=\"https:\/\/rmvapesale.com\/de\/product\/faivono-bang-maxi-15000-puffs-disposable-vape-bulk-wholesale\/\">AIVONO Aim Bang Maxi 15000 Puffs <span style=\"color: #ff0000\">&gt;&gt;&gt;&gt; los!<\/span><\/a>\u00a0<\/strong><\/p>\n<p><a href=\"https:\/\/rmvapesale.com\/de\/product\/randm-tornado-25000-puffs-disposable-vape-wholesale\/\"><strong>Fumot Vape RandM Tornado 25000 Z\u00fcge <span style=\"color: #ff0000\">&gt;&gt;&gt;&gt; los!<\/span><\/strong><\/a><\/p>\n<p>&nbsp;<\/p>\n<p>&nbsp;<\/p>\n<p>Finden Sie weitere Vape-Produkte, die Ihnen gefallen k\u00f6nnten:<strong><em><a href=\"https:\/\/rmvapesale.com\/de\/shop-2\/\">jetzt einkaufen &gt;&gt;&gt;<\/a><\/em><\/strong><\/p>","protected":false},"excerpt":{"rendered":"<p>Fumot Vape RandM Digital Box 12000 Pink Lemonade G\u00fcnstiger Preis<br \/>\nRandM Digital Box 12000 Z\u00fcge wiederaufladbare Vapes Gro\u00dfbestellung<br \/>\nRandM Vape 12000 Z\u00fcge mit Smart Screen Gro\u00dfhandel<\/p>\n<p><img loading=\"lazy\" decoding=\"async\" class=\"size-full wp-image-2375\" src=\"https:\/\/rmvapesale.com\/wp-content\/uploads\/2024\/10\/image.png\" alt=\"Bester Einweg-Vape\" width=\"229\" height=\"300\" \/><\/p>\n<h3><a href=\"https:\/\/wa.me\/8617776015835\"><span style=\"color: #ff0000\"><strong>WhatsApp: +86 17776015835<\/strong><\/span><\/a><\/h3>\n<p>&nbsp;<\/p>","protected":false},"featured_media":2486,"comment_status":"open","ping_status":"closed","template":"","meta":{"_uag_custom_page_level_css":"","_lmt_disableupdate":"no","_lmt_disable":"","site-sidebar-layout":"default","site-content-layout":"content-boxed-container","ast-site-content-layout":"normal-width-container","site-content-style":"boxed","site-sidebar-style":"unboxed","ast-global-header-display":"","ast-banner-title-visibility":"","ast-main-header-display":"","ast-hfb-above-header-display":"","ast-hfb-below-header-display":"","ast-hfb-mobile-header-display":"","site-post-title":"","ast-breadcrumbs-content":"","ast-featured-img":"","footer-sml-layout":"","theme-transparent-header-meta":"default","adv-header-id-meta":"","stick-header-meta":"","header-above-stick-meta":"","header-main-stick-meta":"","header-below-stick-meta":"","astra-migrate-meta-layouts":"set","ast-page-background-enabled":"default","ast-page-background-meta":{"desktop":{"background-color":"var(--ast-global-color-4)","background-image":"","background-repeat":"repeat","background-position":"center center","background-size":"auto","background-attachment":"scroll","background-type":"","background-media":"","overlay-type":"","overlay-color":"","overlay-opacity":"","overlay-gradient":""},"tablet":{"background-color":"","background-image":"","background-repeat":"repeat","background-position":"center center","background-size":"auto","background-attachment":"scroll","background-type":"","background-media":"","overlay-type":"","overlay-color":"","overlay-opacity":"","overlay-gradient":""},"mobile":{"background-color":"","background-image":"","background-repeat":"repeat","background-position":"center center","background-size":"auto","background-attachment":"scroll","background-type":"","background-media":"","overlay-type":"","overlay-color":"","overlay-opacity":"","overlay-gradient":""}},"ast-content-background-meta":{"desktop":{"background-color":"var(--ast-global-color-5)","background-image":"","background-repeat":"repeat","background-position":"center center","background-size":"auto","background-attachment":"scroll","background-type":"","background-media":"","overlay-type":"","overlay-color":"","overlay-opacity":"","overlay-gradient":""},"tablet":{"background-color":"var(--ast-global-color-5)","background-image":"","background-repeat":"repeat","background-position":"center center","background-size":"auto","background-attachment":"scroll","background-type":"","background-media":"","overlay-type":"","overlay-color":"","overlay-opacity":"","overlay-gradient":""},"mobile":{"background-color":"var(--ast-global-color-5)","background-image":"","background-repeat":"repeat","background-position":"center center","background-size":"auto","background-attachment":"scroll","background-type":"","background-media":"","overlay-type":"","overlay-color":"","overlay-opacity":"","overlay-gradient":""}},"_joinchat":[]},"product_brand":[],"product_cat":[15,51,25,123,26,28,135,27,31,137,136,30],"product_tag":[169,155,167,170,165,166,120],"class_list":{"0":"post-2472","1":"product","2":"type-product","3":"status-publish","4":"has-post-thumbnail","6":"product_cat-new-vape-this-week","7":"product_cat-fumot-vape","8":"product_cat-germany-best-selling-vape","9":"product_cat-italy-wholesale-vape","10":"product_cat-netherlands-hot-sale-vape","11":"product_cat-poland-hot-sale-vape","12":"product_cat-spain-best-hot-sale-vape","13":"product_cat-fance-hot-sale-vape","14":"product_cat-randm-fumot-vape","15":"product_cat-rechargeable-vapes","16":"product_cat-smart-screen-vapes","17":"product_cat-minimum-order-quantity-50pcs","18":"product_tag-best-disposable-vape-2024","19":"product_tag-digital-display-box","20":"product_tag-disposable-vape-with-screen","21":"product_tag-randm-12000-puff","22":"product_tag-rechargeable-vapes","23":"product_tag-tornado-vape","24":"product_tag-vape-wholesale","25":"desktop-align-left","26":"tablet-align-left","27":"mobile-align-left","29":"first","30":"instock","31":"sale","32":"shipping-taxable","33":"purchasable","34":"product-type-simple"},"uagb_featured_image_src":{"full":["https:\/\/rmvapesale.com\/wp-content\/uploads\/2024\/10\/RandM-Tornado-Digital-12000-Pink-Lemonade.jpg",606,606,false],"thumbnail":["https:\/\/rmvapesale.com\/wp-content\/uploads\/2024\/10\/RandM-Tornado-Digital-12000-Pink-Lemonade-150x150.jpg",150,150,true],"medium":["https:\/\/rmvapesale.com\/wp-content\/uploads\/2024\/10\/RandM-Tornado-Digital-12000-Pink-Lemonade-300x300.jpg",300,300,true],"medium_large":["https:\/\/rmvapesale.com\/wp-content\/uploads\/2024\/10\/RandM-Tornado-Digital-12000-Pink-Lemonade.jpg",606,606,false],"large":["https:\/\/rmvapesale.com\/wp-content\/uploads\/2024\/10\/RandM-Tornado-Digital-12000-Pink-Lemonade.jpg",606,606,false],"1536x1536":["https:\/\/rmvapesale.com\/wp-content\/uploads\/2024\/10\/RandM-Tornado-Digital-12000-Pink-Lemonade.jpg",606,606,false],"2048x2048":["https:\/\/rmvapesale.com\/wp-content\/uploads\/2024\/10\/RandM-Tornado-Digital-12000-Pink-Lemonade.jpg",606,606,false],"trp-custom-language-flag":["https:\/\/rmvapesale.com\/wp-content\/uploads\/2024\/10\/RandM-Tornado-Digital-12000-Pink-Lemonade.jpg",12,12,false],"woocommerce_thumbnail":["https:\/\/rmvapesale.com\/wp-content\/uploads\/2024\/10\/RandM-Tornado-Digital-12000-Pink-Lemonade-300x300.jpg",300,300,true],"woocommerce_single":["https:\/\/rmvapesale.com\/wp-content\/uploads\/2024\/10\/RandM-Tornado-Digital-12000-Pink-Lemonade-600x600.jpg",600,600,true],"woocommerce_gallery_thumbnail":["https:\/\/rmvapesale.com\/wp-content\/uploads\/2024\/10\/RandM-Tornado-Digital-12000-Pink-Lemonade-100x100.jpg",100,100,true],"wcpr-photo-reviews":["https:\/\/rmvapesale.com\/wp-content\/uploads\/2024\/10\/RandM-Tornado-Digital-12000-Pink-Lemonade.jpg",500,500,false]},"uagb_author_info":{"display_name":"AMY","author_link":"https:\/\/rmvapesale.com\/de\/author\/"},"uagb_comment_info":0,"uagb_excerpt":"Fumot Vape RandM Digital Box 12000 Pink Lemonade Cheap Price RandM Digital Box 12000 Puffs rechargeable vapes Bulk Buy RandM Vape 12000 Puffs with Smart Screen Wholesale WhatsApp: +86 17776015835 &nbsp;","_links":{"self":[{"href":"https:\/\/rmvapesale.com\/de\/wp-json\/wp\/v2\/product\/2472","targetHints":{"allow":["GET"]}}],"collection":[{"href":"https:\/\/rmvapesale.com\/de\/wp-json\/wp\/v2\/product"}],"about":[{"href":"https:\/\/rmvapesale.com\/de\/wp-json\/wp\/v2\/types\/product"}],"replies":[{"embeddable":true,"href":"https:\/\/rmvapesale.com\/de\/wp-json\/wp\/v2\/comments?post=2472"}],"wp:featuredmedia":[{"embeddable":true,"href":"https:\/\/rmvapesale.com\/de\/wp-json\/wp\/v2\/media\/2486"}],"wp:attachment":[{"href":"https:\/\/rmvapesale.com\/de\/wp-json\/wp\/v2\/media?parent=2472"}],"wp:term":[{"taxonomy":"product_brand","embeddable":true,"href":"https:\/\/rmvapesale.com\/de\/wp-json\/wp\/v2\/product_brand?post=2472"},{"taxonomy":"product_cat","embeddable":true,"href":"https:\/\/rmvapesale.com\/de\/wp-json\/wp\/v2\/product_cat?post=2472"},{"taxonomy":"product_tag","embeddable":true,"href":"https:\/\/rmvapesale.com\/de\/wp-json\/wp\/v2\/product_tag?post=2472"}],"curies":[{"name":"wp","href":"https:\/\/api.w.org\/{rel}","templated":true}]}}