{"id":2518,"date":"2024-10-23T02:32:46","date_gmt":"2024-10-23T02:32:46","guid":{"rendered":"https:\/\/rmvapesale.com\/?post_type=product&#038;p=2518"},"modified":"2024-10-23T03:34:28","modified_gmt":"2024-10-23T03:34:28","slug":"aivono-22000-rechargeable-vapes-with-display-screen","status":"publish","type":"product","link":"https:\/\/rmvapesale.com\/de\/product\/aivono-22000-rechargeable-vapes-with-display-screen\/","title":{"rendered":"Aivono 22000 wiederaufladbare Vapes mit Anzeigebildschirm"},"content":{"rendered":"<div class=\"B2VR9 CJHX3e\">\n<div class=\"wyccme\">\n<div class=\"flex-shrink-0 flex flex-col relative items-end\">\n<div>\n<h1 class=\"pt-0\">Aivono Fatpro 22000 Puffs wiederaufladbare Einweg-Vapes mit Bildschirm<\/h1>\n<\/div>\n<\/div>\n<div class=\"flex-shrink-0 flex flex-col relative items-end\">\n<div class=\"pt-0\">\n<div class=\"gizmo-bot-avatar flex h-8 w-8 items-center justify-center overflow-hidden rounded-full\">\n<div class=\"relative p-1 rounded-sm flex items-center justify-center bg-token-main-surface-primary text-token-text-primary h-8 w-8\">\n<p>Der <strong>Aivono 22000<\/strong> ist ein hochmoderner <strong>wiederaufladbarer Vape mit Bildschirm<\/strong> der beeindruckende <strong>22.000 Z\u00fcge<\/strong>bietet, was ihn zu einem der <strong>beliebtesten Vapes<\/strong> f\u00fcr den l\u00e4ngeren Gebrauch auf dem Markt macht. Seine <strong>28ml E-Liquid-Kapazit\u00e4t<\/strong> sorgt f\u00fcr ununterbrochene Dampfsitzungen, ideal f\u00fcr Gelegenheitsnutzer und Enthusiasten. Dieses Ger\u00e4t erm\u00f6glicht es Benutzern, aus <strong>Nikotinkonzentrationen von 0%, 2%, 3% und 5%<\/strong>zu w\u00e4hlen und richtet sich an diejenigen, die eine <strong>Einweg-Vape mit wenig Nikotin<\/strong> oder h\u00f6here St\u00e4rkeoptionen bevorzugen.<\/p>\n<p>Angetrieben von einem <strong>wiederaufladbaren 650-mAh-Akku<\/strong>garantiert das Aivono 22000 eine hervorragende Leistung und verf\u00fcgt \u00fcber <strong>Typ-C-Schnellladung<\/strong>, sodass Sie schnell aufladen und wieder Ihr Vape genie\u00dfen k\u00f6nnen. Die <strong>0,6-Mesh-Coil-Technologie<\/strong> verbessert die Geschmacksentfaltung und Dampfproduktion und bietet den Benutzern ein durchgehend reiches und befriedigendes Erlebnis. Zus\u00e4tzlich erm\u00f6glicht die <strong>einstellbare Luftstromregelung<\/strong> den Dampfern, ihren Zug anzupassen, egal ob sie einen straffen, konzentrierten Zug oder einen lockereren, luftigen Inhalationszug bevorzugen.<\/p>\n<p>Diese <strong>Einweg-Vape mit Bildschirm<\/strong> bietet auch Echtzeit-Updates zu E-Saft-St\u00e4nden und Akkulaufzeit, was sie sowohl praktisch als auch bequem macht. Egal, ob Sie <strong>Vapes kaufen<\/strong> f\u00fcr den pers\u00f6nlichen Gebrauch suchen oder <strong>Gro\u00dfhandel Einweg-Vapes<\/strong> F\u00fcr den Gro\u00dfhandel ist der <strong>Aivono Fatpro 22000<\/strong> eine erstklassige Wahl.<\/p>\n<p>Ideal f\u00fcr diejenigen, die nach <strong>Einweg-Vape-Marken<\/strong> suchen, die sowohl Qualit\u00e4t als auch Bequemlichkeit priorisieren, ist der <strong>wiederaufladbare Aivono Fatpro Vape<\/strong> online erh\u00e4ltlich und bietet eine zuverl\u00e4ssige, leistungsstarke <strong>22000-Z\u00fcge-Vape<\/strong> L\u00f6sung.<\/p>\n<p>&nbsp;<\/p>\n<\/div>\n<\/div>\n<\/div>\n<\/div>\n<\/div>\n<\/div>\n<p><strong>Kontaktieren Sie Amy, um die richtige Antwort und einen Gutschein f\u00fcr E-Zigaretten zu erhalten!<\/strong><\/p>\n<p><img loading=\"lazy\" decoding=\"async\" class=\"size-full wp-image-1978\" src=\"https:\/\/rmvapesale.com\/wp-content\/uploads\/2024\/09\/Disposable-Vape-Wholesale.jpg\" alt=\"Einweg-Vape Gro\u00dfhandel\" width=\"229\" height=\"300\" \/><\/p>\n<h3><a href=\"https:\/\/wa.me\/8617776015835\" target=\"_blank\" rel=\"noopener\"><span style=\"color: #ff0000\"><strong>WhatsApp: +86 17776015835<\/strong><\/span><\/a><\/h3>\n<p>&nbsp;<\/p>\n<h2><\/h2>\n<h2><strong>Aivono 22000 wiederaufladbare E-Zigaretten <\/strong><strong>Hauptmerkmale<\/strong><\/h2>\n<div class=\"flex-shrink-0 flex flex-col relative items-end\">\n<div>\n<div class=\"pt-0\">\n<div class=\"gizmo-bot-avatar flex h-8 w-8 items-center justify-center overflow-hidden rounded-full\">\n<div class=\"relative p-1 rounded-sm flex items-center justify-center bg-token-main-surface-primary text-token-text-primary h-8 w-8\"><\/div>\n<\/div>\n<\/div>\n<\/div>\n<\/div>\n<div class=\"group\/conversation-turn relative flex w-full min-w-0 flex-col agent-turn\">\n<div class=\"flex-col gap-1 md:gap-3\">\n<div class=\"flex max-w-full flex-col flex-grow\">\n<div class=\"min-h-8 text-message flex w-full flex-col items-end gap-2 whitespace-normal break-words [.text-message+&amp;]:mt-5\" dir=\"auto\" data-message-author-role=\"assistant\" data-message-id=\"0d28757f-3029-419a-97bc-5c073d54a71e\" data-message-model-slug=\"gpt-4o\">\n<div class=\"flex w-full flex-col gap-1 empty:hidden first:pt-[3px]\">\n<div class=\"result-streaming markdown prose w-full break-words dark:prose-invert light\">\n<p>Marke: AIVONO Vapes<br \/>\nNikotin: 0% 2% 3% 5%<br \/>\nZ\u00fcge: 22000<br \/>\nKapazit\u00e4t: 28ml<br \/>\n10 Geschmacksrichtungen verf\u00fcgbar<br \/>\n600mAh wiederaufladbarer Akku<br \/>\nLuxuri\u00f6se Leder-Edition<br \/>\nZwei Modi: Eco\/Boost<\/p>\n<p>\u2611 Funktion:<br \/>\n1. E-Liquid Anzeige<br \/>\n2. Akku-Anzeige<br \/>\n3. Shisha-Geschmack<br \/>\n4. Einstellbare Luftzirkulation<\/p>\n<\/div>\n<\/div>\n<\/div>\n<\/div>\n<\/div>\n<\/div>\n<h2><\/h2>\n<h2><strong>Top-Geschmack f\u00fcr Aivono 22000 wiederaufladbare E-Zigaretten<\/strong><strong>\u00a0<\/strong><\/h2>\n<p>Mit zehn verschiedenen Geschmacksrichtungen, darunter Two Apple, Grape Mint und Lush Ice, bietet die Aivono Aim Fatpro 22000 Vape eine vielf\u00e4ltige Auswahl f\u00fcr jeden Geschmack. Diese Kombination aus hoher Kapazit\u00e4t, anpassbaren Nikotingehalten und geschmackvollen Optionen macht die Aivono Aim Fatpro zu einer herausragenden Wahl f\u00fcr alle, die ihr Dampferlebnis aufwerten m\u00f6chten.<\/p>\n<p>1. Two Apple <span style=\"color: #ff0000\"><strong>&gt;&gt;&gt;&gt; Hei\u00df!<\/strong><\/span><br \/>\n2.Traube Minze<br \/>\n3.\u00dcppiges Eis<br \/>\n4.Kirsche Himbeere <span style=\"color: #ff0000\"><strong>&gt;&gt;&gt;&gt; Am besten!<\/strong><\/span><br \/>\n5.Pfirsich Eis<br \/>\n6.Liebe 66<span style=\"color: #ff0000\"><strong>&gt;&gt;&gt;&gt; Hei\u00df!<\/strong><\/span><br \/>\n7.Klartraum<br \/>\n8.Erdbeerpunsch<br \/>\n9.Blaubeer-Kaugummi<br \/>\n10. Beeren-Eis<\/p>\n<p>&nbsp;<\/p>\n<figure id=\"attachment_2519\" aria-describedby=\"caption-attachment-2519\" style=\"width: 800px\" class=\"wp-caption alignnone\"><img loading=\"lazy\" decoding=\"async\" class=\"wp-image-2519 size-full\" src=\"https:\/\/rmvapesale.com\/wp-content\/uploads\/2024\/10\/AIM-AIVONO-FATPRO-22000.jpg\" alt=\"AIM AIVONO FATPRO 22000\" width=\"800\" height=\"800\" srcset=\"https:\/\/rmvapesale.com\/wp-content\/uploads\/2024\/10\/AIM-AIVONO-FATPRO-22000.jpg 800w, https:\/\/rmvapesale.com\/wp-content\/uploads\/2024\/10\/AIM-AIVONO-FATPRO-22000-300x300.jpg 300w, https:\/\/rmvapesale.com\/wp-content\/uploads\/2024\/10\/AIM-AIVONO-FATPRO-22000-150x150.jpg 150w, https:\/\/rmvapesale.com\/wp-content\/uploads\/2024\/10\/AIM-AIVONO-FATPRO-22000-768x768.jpg 768w, https:\/\/rmvapesale.com\/wp-content\/uploads\/2024\/10\/AIM-AIVONO-FATPRO-22000-600x600.jpg 600w, https:\/\/rmvapesale.com\/wp-content\/uploads\/2024\/10\/AIM-AIVONO-FATPRO-22000-100x100.jpg 100w\" sizes=\"auto, (max-width: 800px) 100vw, 800px\" \/><figcaption id=\"caption-attachment-2519\" class=\"wp-caption-text\">AIM AIVONO FATPRO 22000<\/figcaption><\/figure>\n<h3><strong>Warum Rmvapesale f\u00fcr Aivono Fatpro 22000 Puffs w\u00e4hlen?<\/strong><strong>?<\/strong><\/h3>\n<div class=\"flex-shrink-0 flex flex-col relative items-end\">\n<div class=\"pt-0\">\n<div class=\"gizmo-bot-avatar flex h-8 w-8 items-center justify-center overflow-hidden rounded-full\">\n<div class=\"relative p-1 rounded-sm flex items-center justify-center bg-token-main-surface-primary text-token-text-primary h-8 w-8\">\n<p>&nbsp;<\/p>\n<p>Wenn Sie Rmvapesale f\u00fcr Ihre Gro\u00dfhandelsbed\u00fcrfnisse an Einweg-Vapes w\u00e4hlen, profitieren Sie von:<\/p>\n<ul>\n<li><strong>Wettbewerbsf\u00e4higer Preis<\/strong>: Erhalten Sie Zugang zu attraktiven Gro\u00dfhandelspreisen, die Ihre Gesch\u00e4ftsmargen steigern.<\/li>\n<li><strong>Hohe Qualit\u00e4t<\/strong>: Unsere Vapes werden nach den h\u00f6chsten Standards hergestellt und sind <span style=\"color: #ff0000\"><strong>garantiert 100% original und authentisch, oder es gibt die 10-fache Entsch\u00e4digung f\u00fcr gef\u00e4lschte Ware!<\/strong><\/span><\/li>\n<li><strong>Exzellenter Kundenservice<\/strong>: Unser engagiertes Team ist immer bereit, Ihnen zu helfen, was Ihren Einkaufsprozess reibungslos und problemlos macht.<\/li>\n<li><strong>Schnell<\/strong>: Erwarten Sie einen schnellen und zuverl\u00e4ssigen Versand, der sicherstellt, dass Ihre Bestellungen jedes Mal p\u00fcnktlich ankommen.<\/li>\n<\/ul>\n<\/div>\n<h3><\/h3>\n<div class=\"relative p-1 rounded-sm flex items-center justify-center bg-token-main-surface-primary text-token-text-primary h-8 w-8\">\n<h3><b>H\u00e4ufig gestellte Fragen<\/b><\/h3>\n<div class=\"flex-shrink-0 flex flex-col relative items-end\">\n<div>\n<div class=\"pt-0\">\n<div class=\"gizmo-bot-avatar flex h-8 w-8 items-center justify-center overflow-hidden rounded-full\">\n<div class=\"relative p-1 rounded-sm flex items-center justify-center bg-token-main-surface-primary text-token-text-primary h-8 w-8\"><\/div>\n<\/div>\n<\/div>\n<\/div>\n<\/div>\n<div class=\"group\/conversation-turn relative flex w-full min-w-0 flex-col agent-turn\">\n<div class=\"flex-col gap-1 md:gap-3\">\n<div class=\"flex max-w-full flex-col flex-grow\">\n<div class=\"min-h-8 text-message flex w-full flex-col items-end gap-2 whitespace-normal break-words [.text-message+&amp;]:mt-5\" dir=\"auto\" data-message-author-role=\"assistant\" data-message-id=\"3a019841-c00e-477f-baad-0bb23e48af2d\" data-message-model-slug=\"gpt-4o\">\n<div class=\"flex w-full flex-col gap-1 empty:hidden first:pt-[3px]\">\n<div class=\"markdown prose w-full break-words dark:prose-invert light\">\n<ul>\n<li><strong>So verwenden Sie einen Einweg-Vape-Pen<\/strong><br \/>\nUm den Aivono Fatpro Einweg-Vape-Pen zu verwenden, nehmen Sie ihn einfach aus der Verpackung, inhalieren Sie durch das Mundst\u00fcck, und das Ger\u00e4t aktiviert sich automatisch und liefert Dampf. Passen Sie den Luftstrom an Ihre Vorlieben an, wenn Sie einen strafferen oder lockereren Zug w\u00fcnschen.<\/li>\n<li><strong>So laden Sie den Aivono Fatpro 22000 Z\u00fcge Einweg-Vape auf<\/strong><br \/>\nDer Aivono Fatpro ist wiederaufladbar und verf\u00fcgt \u00fcber einen 650-mAh-Kobaltakku. Zum Aufladen verwenden Sie das mitgelieferte Typ-C-Ladekabel. Schlie\u00dfen Sie es an eine Stromquelle an, und der Vape l\u00e4dt sich dank seiner Schnellladefunktion schnell auf.<\/li>\n<li><strong>Wie viel Nikotin ist in einem Aivono 22000 Z\u00fcge enthalten<\/strong><br \/>\nDer Aivono Fatpro bietet mehrere Nikotinstufen: 0%, 2%, 3% und 5%, sodass Benutzer je nach Vorliebe w\u00e4hlen k\u00f6nnen, ob sie ein nikotinfreies Erlebnis oder einen h\u00f6heren Nikotingehalt bevorzugen.<\/li>\n<li><strong>Woran erkennt man, wann der Vape leer ist<\/strong><br \/>\nDer Aivono Fatpro verf\u00fcgt \u00fcber ein integriertes Display, das den E-Saft-F\u00fcllstand anzeigt. Sie k\u00f6nnen den E-Liquid-F\u00fcllstand auf dem Bildschirm \u00fcberwachen, um zu wissen, wann er zur Neige geht. Wenn sich zus\u00e4tzlich der Geschmack abschw\u00e4cht oder die Dampfproduktion abnimmt, k\u00f6nnte dies darauf hinweisen, dass das E-Liquid bald leer ist.<\/li>\n<li><strong>Wie lange sollte ich mein Aivono AIM 22000 Puffs aufladen?<\/strong><br \/>\nDie Ladezeit f\u00fcr das Aivono Fatpro h\u00e4ngt von der Stromquelle ab, aber dank seiner Type-C-Schnellladetechnologie sollte es relativ schnell aufgeladen sein. Der Bildschirm hilft Ihnen, den Batteriestatus zu \u00fcberwachen, damit Sie sehen k\u00f6nnen, wann es vollst\u00e4ndig geladen ist.<\/li>\n<li><strong>Wo kann ich den Aivono AIM 22000 Puffs Einweg-Vape kaufen?<\/strong><br \/>\nDas Aivono Fatpro kann bei Einzelh\u00e4ndlern oder Gro\u00dfh\u00e4ndlern erworben werden, die Premium-Einweg-Vapes f\u00fchren. Es ist sowohl f\u00fcr Einzelk\u00e4ufer als auch f\u00fcr den Gro\u00dfeinkauf erh\u00e4ltlich, was es sowohl f\u00fcr den pers\u00f6nlichen Gebrauch als auch f\u00fcr Unternehmen geeignet macht. \u00dcberpr\u00fcfen Sie Online-Vape-Shops oder lokale Gesch\u00e4fte, die sich auf Vaping-Produkte spezialisiert haben.<\/li>\n<\/ul>\n<\/div>\n<\/div>\n<\/div>\n<\/div>\n<\/div>\n<\/div>\n<p>&nbsp;<\/p>\n<\/div>\n<\/div>\n<\/div>\n<\/div>\n<h3>Zum Versand<\/h3>\n<div class=\"flex-shrink-0 flex flex-col relative items-end\">\n<div>\n<div class=\"pt-0\">\n<div class=\"gizmo-bot-avatar flex h-8 w-8 items-center justify-center overflow-hidden rounded-full\">\n<div><\/div>\n<div class=\"relative p-1 rounded-sm flex items-center justify-center bg-token-main-surface-primary text-token-text-primary h-8 w-8\"><strong>1. Welche Versandmethoden werden verwendet?<\/strong><\/div>\n<\/div>\n<\/div>\n<\/div>\n<\/div>\n<div class=\"group\/conversation-turn relative flex w-full min-w-0 flex-col agent-turn\">\n<div class=\"flex-col gap-1 md:gap-3\">\n<div class=\"flex max-w-full flex-col flex-grow\">\n<div class=\"min-h-[20px] text-message flex w-full flex-col items-end gap-2 whitespace-normal break-words [.text-message+&amp;]:mt-5 overflow-x-auto\" dir=\"auto\" data-message-author-role=\"assistant\" data-message-id=\"22f8283b-3233-46ff-89a5-c7a41b33abda\">\n<div class=\"flex w-full flex-col gap-1 empty:hidden first:pt-[3px]\">\n<div class=\"markdown prose w-full break-words dark:prose-invert light\">\n<p>Wir arbeiten mit UPS, DHL, FedEx, DPD und anderen f\u00fchrenden Transportunternehmen zusammen. Wir w\u00e4hlen die beste Versandmethode basierend auf Ihrem Lieferort aus, um sicherzustellen, dass Sie Ihre Produkte so schnell wie m\u00f6glich erhalten.<\/p>\n<\/div>\n<p><strong>2. Wie lange dauert es, bis die Lieferung ankommt?<\/strong><\/p>\n<p>Pakete, die nach Deutschland versandt werden, kommen normalerweise innerhalb von 10 Werktagen an. Der Versand in europ\u00e4ische L\u00e4nder dauert in der Regel etwa 12-15 Werktage. Wir werden Ihnen Echtzeit-Updates zu Ihrem Versandstatus bereitstellen.<\/p>\n<\/div>\n<\/div>\n<\/div>\n<\/div>\n<\/div>\n<p>&nbsp;<\/p>\n<p>Andere beliebte Vapes, die Ihnen gefallen k\u00f6nnten:<\/p>\n<p><a href=\"https:\/\/rmvapesale.com\/de\/product\/elf-box-crystal-bar-600-puffs-disposable-vape-wholesale\/\"><strong>ELF BOX CRYSTAL BAR 600 Zug\u00a0 \u00a0<span style=\"color: #ff0000\">&gt;&gt;&gt;&gt; los!<\/span><\/strong><\/a><\/p>\n<p><strong><a href=\"https:\/\/rmvapesale.com\/de\/product\/fumot-digital-box-12000-disposable-vape-pink-lemonade-flavor\/\">Fumot Digital Box 12000 Einweg-Vape<\/a><\/strong><strong><a href=\"https:\/\/rmvapesale.com\/de\/product\/faivono-bang-maxi-15000-puffs-disposable-vape-bulk-wholesale\/\">\u00a0<span style=\"color: #ff0000\">&gt;&gt;&gt;&gt; los!<\/span><\/a>\u00a0<\/strong><\/p>\n<p><a href=\"https:\/\/rmvapesale.com\/de\/product\/vapme-shisha-hookah-pro-max-20000-puffs-disposable-vape-bar\/\"><strong>Vapme Shisha Hookah 20000 Z\u00fcge <span style=\"color: #ff0000\">&gt;&gt;&gt;&gt; los!<\/span><\/strong><\/a><\/p>\n<p>&nbsp;<\/p>\n<p>&nbsp;<\/p>\n<p>Finden Sie weitere Vape-Produkte, die Ihnen gefallen k\u00f6nnten:<strong><em><a href=\"https:\/\/rmvapesale.com\/de\/shop-2\/\">jetzt einkaufen &gt;&gt;&gt;<\/a><\/em><\/strong><\/p>","protected":false},"excerpt":{"rendered":"<p>Aivono 22000 Puffs LED-Bildschirm Puff 22k wiederaufladbare Vapes<br \/>\nAivono Aim Fatpro 22000 Puffs Einweg-Vape zum g\u00fcnstigen Preis<br \/>\nGro\u00dfhandel Aivono Aim Fatpro 22000 Puffs elektronische Zigarette<\/p>\n<p><img loading=\"lazy\" decoding=\"async\" class=\"size-full wp-image-2375\" src=\"https:\/\/rmvapesale.com\/wp-content\/uploads\/2024\/10\/image.png\" alt=\"Bester Einweg-Vape\" width=\"229\" height=\"300\" \/><\/p>\n<h3><a href=\"https:\/\/wa.me\/8617776015835\"><span style=\"color: #ff0000\"><strong>WhatsApp: +86 17776015835<\/strong><\/span><\/a><\/h3>\n<p>&nbsp;<\/p>","protected":false},"featured_media":2521,"comment_status":"open","ping_status":"closed","template":"","meta":{"_uag_custom_page_level_css":"","_lmt_disableupdate":"no","_lmt_disable":"","site-sidebar-layout":"default","site-content-layout":"content-boxed-container","ast-site-content-layout":"normal-width-container","site-content-style":"boxed","site-sidebar-style":"unboxed","ast-global-header-display":"","ast-banner-title-visibility":"","ast-main-header-display":"","ast-hfb-above-header-display":"","ast-hfb-below-header-display":"","ast-hfb-mobile-header-display":"","site-post-title":"","ast-breadcrumbs-content":"","ast-featured-img":"","footer-sml-layout":"","theme-transparent-header-meta":"default","adv-header-id-meta":"","stick-header-meta":"","header-above-stick-meta":"","header-main-stick-meta":"","header-below-stick-meta":"","astra-migrate-meta-layouts":"set","ast-page-background-enabled":"default","ast-page-background-meta":{"desktop":{"background-color":"var(--ast-global-color-4)","background-image":"","background-repeat":"repeat","background-position":"center center","background-size":"auto","background-attachment":"scroll","background-type":"","background-media":"","overlay-type":"","overlay-color":"","overlay-opacity":"","overlay-gradient":""},"tablet":{"background-color":"","background-image":"","background-repeat":"repeat","background-position":"center center","background-size":"auto","background-attachment":"scroll","background-type":"","background-media":"","overlay-type":"","overlay-color":"","overlay-opacity":"","overlay-gradient":""},"mobile":{"background-color":"","background-image":"","background-repeat":"repeat","background-position":"center center","background-size":"auto","background-attachment":"scroll","background-type":"","background-media":"","overlay-type":"","overlay-color":"","overlay-opacity":"","overlay-gradient":""}},"ast-content-background-meta":{"desktop":{"background-color":"var(--ast-global-color-5)","background-image":"","background-repeat":"repeat","background-position":"center center","background-size":"auto","background-attachment":"scroll","background-type":"","background-media":"","overlay-type":"","overlay-color":"","overlay-opacity":"","overlay-gradient":""},"tablet":{"background-color":"var(--ast-global-color-5)","background-image":"","background-repeat":"repeat","background-position":"center center","background-size":"auto","background-attachment":"scroll","background-type":"","background-media":"","overlay-type":"","overlay-color":"","overlay-opacity":"","overlay-gradient":""},"mobile":{"background-color":"var(--ast-global-color-5)","background-image":"","background-repeat":"repeat","background-position":"center center","background-size":"auto","background-attachment":"scroll","background-type":"","background-media":"","overlay-type":"","overlay-color":"","overlay-opacity":"","overlay-gradient":""}},"_joinchat":[]},"product_brand":[],"product_cat":[15,25,123,26,28,135,27,137,136,30],"product_tag":[184,169,167,185,165,120],"class_list":{"0":"post-2518","1":"product","2":"type-product","3":"status-publish","4":"has-post-thumbnail","6":"product_cat-new-vape-this-week","7":"product_cat-germany-best-selling-vape","8":"product_cat-italy-wholesale-vape","9":"product_cat-netherlands-hot-sale-vape","10":"product_cat-poland-hot-sale-vape","11":"product_cat-spain-best-hot-sale-vape","12":"product_cat-fance-hot-sale-vape","13":"product_cat-rechargeable-vapes","14":"product_cat-smart-screen-vapes","15":"product_cat-minimum-order-quantity-50pcs","16":"product_tag-ainovo-vape","17":"product_tag-best-disposable-vape-2024","18":"product_tag-disposable-vape-with-screen","19":"product_tag-puff-22k","20":"product_tag-rechargeable-vapes","21":"product_tag-vape-wholesale","22":"desktop-align-left","23":"tablet-align-left","24":"mobile-align-left","26":"first","27":"instock","28":"sale","29":"shipping-taxable","30":"purchasable","31":"product-type-simple"},"uagb_featured_image_src":{"full":["https:\/\/rmvapesale.com\/wp-content\/uploads\/2024\/10\/Aivono-Aim-22000-Puffs-Smart-Screen-Disposable-Vape.jpg",800,800,false],"thumbnail":["https:\/\/rmvapesale.com\/wp-content\/uploads\/2024\/10\/Aivono-Aim-22000-Puffs-Smart-Screen-Disposable-Vape-150x150.jpg",150,150,true],"medium":["https:\/\/rmvapesale.com\/wp-content\/uploads\/2024\/10\/Aivono-Aim-22000-Puffs-Smart-Screen-Disposable-Vape-300x300.jpg",300,300,true],"medium_large":["https:\/\/rmvapesale.com\/wp-content\/uploads\/2024\/10\/Aivono-Aim-22000-Puffs-Smart-Screen-Disposable-Vape-768x768.jpg",768,768,true],"large":["https:\/\/rmvapesale.com\/wp-content\/uploads\/2024\/10\/Aivono-Aim-22000-Puffs-Smart-Screen-Disposable-Vape.jpg",800,800,false],"1536x1536":["https:\/\/rmvapesale.com\/wp-content\/uploads\/2024\/10\/Aivono-Aim-22000-Puffs-Smart-Screen-Disposable-Vape.jpg",800,800,false],"2048x2048":["https:\/\/rmvapesale.com\/wp-content\/uploads\/2024\/10\/Aivono-Aim-22000-Puffs-Smart-Screen-Disposable-Vape.jpg",800,800,false],"trp-custom-language-flag":["https:\/\/rmvapesale.com\/wp-content\/uploads\/2024\/10\/Aivono-Aim-22000-Puffs-Smart-Screen-Disposable-Vape.jpg",12,12,false],"woocommerce_thumbnail":["https:\/\/rmvapesale.com\/wp-content\/uploads\/2024\/10\/Aivono-Aim-22000-Puffs-Smart-Screen-Disposable-Vape-300x300.jpg",300,300,true],"woocommerce_single":["https:\/\/rmvapesale.com\/wp-content\/uploads\/2024\/10\/Aivono-Aim-22000-Puffs-Smart-Screen-Disposable-Vape-600x600.jpg",600,600,true],"woocommerce_gallery_thumbnail":["https:\/\/rmvapesale.com\/wp-content\/uploads\/2024\/10\/Aivono-Aim-22000-Puffs-Smart-Screen-Disposable-Vape-100x100.jpg",100,100,true],"wcpr-photo-reviews":["https:\/\/rmvapesale.com\/wp-content\/uploads\/2024\/10\/Aivono-Aim-22000-Puffs-Smart-Screen-Disposable-Vape.jpg",500,500,false]},"uagb_author_info":{"display_name":"AMY","author_link":"https:\/\/rmvapesale.com\/de\/author\/"},"uagb_comment_info":0,"uagb_excerpt":"Aivono 22000 Puffs LED Screen Puff 22k rechargeable vapes Aivono Aim Fatpro 22000 Puffs Disposable Vape Cheap Price Wholesale Aivono Aim Fatpro 22000 Puffs Electronic Cigarette WhatsApp: +86 17776015835 &nbsp;","_links":{"self":[{"href":"https:\/\/rmvapesale.com\/de\/wp-json\/wp\/v2\/product\/2518","targetHints":{"allow":["GET"]}}],"collection":[{"href":"https:\/\/rmvapesale.com\/de\/wp-json\/wp\/v2\/product"}],"about":[{"href":"https:\/\/rmvapesale.com\/de\/wp-json\/wp\/v2\/types\/product"}],"replies":[{"embeddable":true,"href":"https:\/\/rmvapesale.com\/de\/wp-json\/wp\/v2\/comments?post=2518"}],"wp:featuredmedia":[{"embeddable":true,"href":"https:\/\/rmvapesale.com\/de\/wp-json\/wp\/v2\/media\/2521"}],"wp:attachment":[{"href":"https:\/\/rmvapesale.com\/de\/wp-json\/wp\/v2\/media?parent=2518"}],"wp:term":[{"taxonomy":"product_brand","embeddable":true,"href":"https:\/\/rmvapesale.com\/de\/wp-json\/wp\/v2\/product_brand?post=2518"},{"taxonomy":"product_cat","embeddable":true,"href":"https:\/\/rmvapesale.com\/de\/wp-json\/wp\/v2\/product_cat?post=2518"},{"taxonomy":"product_tag","embeddable":true,"href":"https:\/\/rmvapesale.com\/de\/wp-json\/wp\/v2\/product_tag?post=2518"}],"curies":[{"name":"wp","href":"https:\/\/api.w.org\/{rel}","templated":true}]}}