{"id":2532,"date":"2024-10-23T09:07:59","date_gmt":"2024-10-23T09:07:59","guid":{"rendered":"https:\/\/rmvapesale.com\/?post_type=product&#038;p=2532"},"modified":"2024-10-23T09:52:00","modified_gmt":"2024-10-23T09:52:00","slug":"fumot-randm-tornado-30000-puffs-30k-music-disposable-vape","status":"publish","type":"product","link":"https:\/\/rmvapesale.com\/de\/product\/fumot-randm-tornado-30000-puffs-30k-music-disposable-vape\/","title":{"rendered":"Fumot RandM Tornado 30000 Z\u00fcge 30K Musik Einweg-Vape"},"content":{"rendered":"<div class=\"B2VR9 CJHX3e\">\n<div class=\"wyccme\">\n<h1 class=\"LC20lb MBeuO DKV0Md\">Fumot RandM Tornado 30000 Z\u00fcge 30K Musik Einweg-Vape<\/h1>\n<div class=\"flex-shrink-0 flex flex-col relative items-end\">\n<div class=\"pt-0\">\n<div class=\"gizmo-bot-avatar flex h-8 w-8 items-center justify-center overflow-hidden rounded-full\">\n<div class=\"relative p-1 rounded-sm flex items-center justify-center bg-token-main-surface-primary text-token-text-primary h-8 w-8\">\n<p>Der <strong>Fumot RandM Tornado 30000 Z\u00fcge 30K Musik Einweg-Vape<\/strong> ist ein hochmodernes Ger\u00e4t f\u00fcr alle, die ein ausgedehntes und dynamisches Dampferlebnis suchen. Mit einer beeindruckenden Kapazit\u00e4t von bis zu <strong>30.000 Z\u00fcgen<\/strong>sticht dieses Ger\u00e4t durch seine Langlebigkeit auf dem Markt hervor und ist ein <strong>hei\u00df begehrter Vape<\/strong> sowohl f\u00fcr Gelegenheits- als auch f\u00fcr regelm\u00e4\u00dfige Dampfer. Sein 85<strong>0mAh wiederaufladbarer Akku<\/strong> und <strong>Typ-C-Ladeanschluss<\/strong> gew\u00e4hrleistet schnelle und effiziente Aufladungen, sodass Sie l\u00e4nger und mit minimalen Ausfallzeiten dampfen k\u00f6nnen.<\/p>\n<p>Was den <strong>RandM Tornado 30000<\/strong> auszeichnet, ist seine <strong>Mesh-Coil-Technologie<\/strong>, die eine au\u00dfergew\u00f6hnliche <strong>Geschmacks- und Dampfproduktion<\/strong>, um sicherzustellen, dass jeder Zug reichhaltig und befriedigend ist. Dar\u00fcber hinaus bietet das Ger\u00e4t eine unterhaltsame und interaktive Funktion mit <strong>Musiksynchronisation<\/strong>, bei der <strong>RGB-Lichter im Takt Ihrer Lieblingstitel pulsieren<\/strong>, wodurch ein immersives Dampferlebnis geschaffen wird, das perfekt f\u00fcr Partys oder den pers\u00f6nlichen Genuss ist.<\/p>\n<p>Erh\u00e4ltlich in <strong>Einweg-Vape mit wenig Nikotin<\/strong> Optionen, die <strong>Fumot Tornado 30000<\/strong> sorgt f\u00fcr eine Vielzahl von Vorlieben, auch f\u00fcr diejenigen, die nach <strong>wiederaufladbare Vapes<\/strong> mit geringerem Nikotingehalt suchen. Mit seiner Kombination aus hoher Zugzahl, Musikintegration und bequemem Laden ist der <strong>Fumot Tornado 30K Music Disposable Vape<\/strong> ein herausragendes Produkt auf dem Markt, das es zur ersten Wahl f\u00fcr Dampfer in <strong>Deutschland<\/strong><\/p>\n<p>macht. Perfekt f\u00fcr diejenigen, die <strong>Fumot vape 30000 puff vapes kaufen m\u00f6chten<\/strong>, bietet dieses Ger\u00e4t Innovation, Geschmack und Spa\u00df in einem kompakten Paket.<\/p>\n<\/div>\n<\/div>\n<\/div>\n<\/div>\n<\/div>\n<\/div>\n<p><strong>Kontaktieren Sie Amy, um die richtige Antwort und einen Gutschein f\u00fcr E-Zigaretten zu erhalten!<\/strong><\/p>\n<p><img loading=\"lazy\" decoding=\"async\" class=\"size-full wp-image-1978\" src=\"https:\/\/rmvapesale.com\/wp-content\/uploads\/2024\/09\/Disposable-Vape-Wholesale.jpg\" alt=\"Einweg-Vape Gro\u00dfhandel\" width=\"229\" height=\"300\" \/><\/p>\n<h3><a href=\"https:\/\/wa.me\/8617776015835\" target=\"_blank\" rel=\"noopener\"><span style=\"color: #ff0000\"><strong>WhatsApp: +86 17776015835<\/strong><\/span><\/a><\/h3>\n<p>&nbsp;<\/p>\n<h2><\/h2>\n<h2><strong>Fumot Tornado 30000 Einweg-Vape<\/strong><strong>\u00a0<\/strong><strong>Hauptmerkmale<\/strong><\/h2>\n<p>Marke: RandM TORNADO 30000<br \/>\nE-liquid: 25ml<br \/>\nPuffs: 30000<br \/>\nCoil: Mesh-Coil<br \/>\nAkku: 850mAh<br \/>\nAnschluss: Typ-C<br \/>\nNikotin (Salzgehalt): Erh\u00e4ltlich in 0%, 2%, 3%, 5%<br \/>\nGeschmacksrichtungen: Erh\u00e4ltlich in 30 verschiedenen Geschmacksrichtungen<br \/>\nSonstiges: LED-Anzeige tanzt zur Musik<\/p>\n<figure id=\"attachment_2526\" aria-describedby=\"caption-attachment-2526\" style=\"width: 808px\" class=\"wp-caption alignnone\"><img loading=\"lazy\" decoding=\"async\" class=\"wp-image-2526 size-full\" src=\"https:\/\/rmvapesale.com\/wp-content\/uploads\/2024\/10\/Fumot-RandM-Tornado-30000-Puffs-Vape.jpg\" alt=\"Fumot RandM Tornado 30000 Puffs Vape\" width=\"808\" height=\"808\" srcset=\"https:\/\/rmvapesale.com\/wp-content\/uploads\/2024\/10\/Fumot-RandM-Tornado-30000-Puffs-Vape.jpg 808w, https:\/\/rmvapesale.com\/wp-content\/uploads\/2024\/10\/Fumot-RandM-Tornado-30000-Puffs-Vape-300x300.jpg 300w, https:\/\/rmvapesale.com\/wp-content\/uploads\/2024\/10\/Fumot-RandM-Tornado-30000-Puffs-Vape-150x150.jpg 150w, https:\/\/rmvapesale.com\/wp-content\/uploads\/2024\/10\/Fumot-RandM-Tornado-30000-Puffs-Vape-768x768.jpg 768w, https:\/\/rmvapesale.com\/wp-content\/uploads\/2024\/10\/Fumot-RandM-Tornado-30000-Puffs-Vape-600x600.jpg 600w, https:\/\/rmvapesale.com\/wp-content\/uploads\/2024\/10\/Fumot-RandM-Tornado-30000-Puffs-Vape-100x100.jpg 100w\" sizes=\"auto, (max-width: 808px) 100vw, 808px\" \/><figcaption id=\"caption-attachment-2526\" class=\"wp-caption-text\">Fumot RandM Tornado 30000 Puffs Vape<\/figcaption><\/figure>\n<h2><strong>Top-Geschmack f\u00fcr Fumot RandM Tornado 30000<\/strong><\/h2>\n<p>Dieser Randm Tornado 30000 Einweg-Vape wurde entwickelt, um bei jedem Zug eine Explosion fruchtiger S\u00fc\u00dfe zu liefern, darunter spritzige Zitrusfr\u00fcchte, \u00fcppige Beeren und tropische Noten<\/p>\n<p>1. Banane-Eis<br \/>\n2. Schwarzes Eis<br \/>\n3. Blaues Himbeereis<br \/>\n4. Blaubeere auf Eis<br \/>\n5. Blaubeere Himbeere<span style=\"color: #ff0000\"><strong>&gt;&gt;&gt;&gt; Hei\u00df!<\/strong><\/span><br \/>\n6. Blaubeere Saure Himbeere <span style=\"color: #ff0000\"><strong>&gt;&gt;&gt;&gt; Hei\u00df!<\/strong><\/span><br \/>\n7. Kirsche Eis<br \/>\n8. Kirsch Cola<br \/>\n9. Cola Eis<br \/>\n10. K\u00fchle Minze<br \/>\n11. Doppel Apfel<br \/>\n12. Dr. Blau <span style=\"color: #ff0000\"><strong>&gt;&gt;&gt;&gt; Am besten!<\/strong><\/span><br \/>\n13. Traube Eis<br \/>\n14. Eis-Lutscher<br \/>\n15. Kiwi Passionsfrucht Guave<br \/>\n16. Liebe 66<br \/>\n17. \u00dcppiges Eis<br \/>\n18. Gemischte Beeren<br \/>\n19. Pfirsich Beere<br \/>\n20. Pfirsich Eis<br \/>\n21. Pfirsich Mango Ananas<br \/>\n22. Ananas-Eis<br \/>\n23. Pinke Limonade<br \/>\n24. Skittles<br \/>\n25. Erdbeer-Banane<br \/>\n26. Erdbeer-Traube<br \/>\n27. Erdbeer-Eis<br \/>\n28. Erdbeer-Wassermelone<br \/>\n29. Dreifach-Mango<br \/>\n30. Vimto<span style=\"color: #ff0000\"><strong>&gt;&gt;&gt;&gt; Hei\u00df!<\/strong><\/span><\/p>\n<p>&nbsp;<\/p>\n<p>&nbsp;<\/p>\n<h3><strong>Warum Rmvapesale f\u00fcr RandM Tornado 30000 w\u00e4hlen<\/strong><strong>?<\/strong><\/h3>\n<div class=\"flex-shrink-0 flex flex-col relative items-end\">\n<div class=\"pt-0\">\n<div class=\"gizmo-bot-avatar flex h-8 w-8 items-center justify-center overflow-hidden rounded-full\">\n<div class=\"relative p-1 rounded-sm flex items-center justify-center bg-token-main-surface-primary text-token-text-primary h-8 w-8\">\n<p>&nbsp;<\/p>\n<p>Wenn Sie Rmvapesale f\u00fcr Ihre Gro\u00dfhandelsbed\u00fcrfnisse an Einweg-Vapes w\u00e4hlen, profitieren Sie von:<\/p>\n<ul>\n<li><strong>Wettbewerbsf\u00e4higer Preis<\/strong>: Erhalten Sie Zugang zu attraktiven Gro\u00dfhandelspreisen, die Ihre Gesch\u00e4ftsmargen steigern.<\/li>\n<li><strong>Hohe Qualit\u00e4t<\/strong>: Unsere Vapes werden nach den h\u00f6chsten Standards hergestellt und sind <span style=\"color: #ff0000\"><strong>garantiert 100% original und authentisch, oder es gibt die 10-fache Entsch\u00e4digung f\u00fcr gef\u00e4lschte Ware!<\/strong><\/span><\/li>\n<li><strong>Exzellenter Kundenservice<\/strong>: Unser engagiertes Team ist immer bereit, Ihnen zu helfen, was Ihren Einkaufsprozess reibungslos und problemlos macht.<\/li>\n<li><strong>Schnell<\/strong>: Erwarten Sie einen schnellen und zuverl\u00e4ssigen Versand, der sicherstellt, dass Ihre Bestellungen jedes Mal p\u00fcnktlich ankommen.<\/li>\n<\/ul>\n<\/div>\n<h3><\/h3>\n<div class=\"relative p-1 rounded-sm flex items-center justify-center bg-token-main-surface-primary text-token-text-primary h-8 w-8\">\n<h3><b>H\u00e4ufig gestellte Fragen<\/b><\/h3>\n<p>&nbsp;<\/p>\n<ul>\n<li><strong>Wie benutzt man einen Fumot 30k Einweg-Vape-Pen?<\/strong><br \/>\nUm den Fumot RandM Tornado 30000 Puffs Einweg-Vape zu verwenden, nehmen Sie das Ger\u00e4t einfach aus der Verpackung, inhalieren Sie durch das Mundst\u00fcck, und es wird sich automatisch aktivieren. Genie\u00dfen Sie den satten Dampf, der durch seine Mesh-Coil-Technologie erzeugt wird. Das Ger\u00e4t verf\u00fcgt auch \u00fcber RGB-Lichter, die sich mit der Musik synchronisieren und so das Dampferlebnis verbessern.<\/li>\n<li><strong>Wie man den Fumot RandM Tornado 30000 Puffs Einweg-Vape aufl\u00e4dt<\/strong><br \/>\nDer Fumot RandM Tornado 30000 ist wiederaufladbar. Er wird mit einem 850-mAh-Akku geliefert und ist mit einem Typ-C-Ladeanschluss ausgestattet. Um das Ger\u00e4t aufzuladen, verbinden Sie es mit einem Typ-C-Kabel mit einer Stromquelle, und der Akku wird schnell und effizient aufgeladen.<\/li>\n<li><strong>Wie viel Nikotin ist in einem Fumot Vape RandM Tornado 30000<\/strong><br \/>\nDer Fumot RandM Tornado 30000 ist in Optionen mit niedrigem Nikotingehalt erh\u00e4ltlich: 0 %, 2 %, 5 %.<\/li>\n<li><strong>Woran erkennt man, wann der Vape leer ist<\/strong><br \/>\nDer Fumot RandM Tornado 30000 hat kein Display, das den E-Liquid-Stand anzeigt, aber Sie k\u00f6nnen erkennen, wann er leer ist, da der Geschmack und die Dampfproduktion nachlassen. Wenn der Dampf schw\u00e4cher wird oder der Geschmack verblasst, bedeutet dies wahrscheinlich, dass das E-Liquid zur Neige geht, auch wenn der Akku noch geladen ist.<\/li>\n<li><strong>Wie lange sollte ich meinen RandM Tornado 30000 aufladen?<\/strong><br \/>\nDie genaue Ladezeit h\u00e4ngt von der Stromquelle ab, aber mit seiner Typ-C-Ladefunktion sollte der Fumot RandM Tornado 30000 relativ schnell aufladen. Es ist am besten, sich am Ladeindikator zu orientieren (falls vorhanden) oder das Ger\u00e4t w\u00e4hrend des Ladevorgangs zu \u00fcberwachen, um ein \u00dcberladen zu vermeiden.<\/li>\n<li><strong>Wo kann ich den Fumot RandM Tornado 30000 Einweg-Vape kaufen<\/strong><br \/>\nDer Fumot RandM Tornado 30000 Puffs Einweg-Vape kann bei Einzelh\u00e4ndlern und Online-Vape-Shops, die hochwertige Einweg-Vapes f\u00fchren, erworben werden.<\/li>\n<\/ul>\n<\/div>\n<\/div>\n<\/div>\n<\/div>\n<h3>Zum Versand<\/h3>\n<div class=\"flex-shrink-0 flex flex-col relative items-end\">\n<div>\n<div class=\"pt-0\">\n<div class=\"gizmo-bot-avatar flex h-8 w-8 items-center justify-center overflow-hidden rounded-full\">\n<div><\/div>\n<div class=\"relative p-1 rounded-sm flex items-center justify-center bg-token-main-surface-primary text-token-text-primary h-8 w-8\"><strong>1. Welche Versandmethoden werden verwendet?<\/strong><\/div>\n<\/div>\n<\/div>\n<\/div>\n<\/div>\n<div class=\"group\/conversation-turn relative flex w-full min-w-0 flex-col agent-turn\">\n<div class=\"flex-col gap-1 md:gap-3\">\n<div class=\"flex max-w-full flex-col flex-grow\">\n<div class=\"min-h-[20px] text-message flex w-full flex-col items-end gap-2 whitespace-normal break-words [.text-message+&amp;]:mt-5 overflow-x-auto\" dir=\"auto\" data-message-author-role=\"assistant\" data-message-id=\"22f8283b-3233-46ff-89a5-c7a41b33abda\">\n<div class=\"flex w-full flex-col gap-1 empty:hidden first:pt-[3px]\">\n<div class=\"markdown prose w-full break-words dark:prose-invert light\">\n<p>Wir arbeiten mit UPS, DHL, FedEx, DPD und anderen f\u00fchrenden Transportunternehmen zusammen. Wir w\u00e4hlen die beste Versandmethode basierend auf Ihrem Lieferort aus, um sicherzustellen, dass Sie Ihre Produkte so schnell wie m\u00f6glich erhalten.<\/p>\n<\/div>\n<p><strong>2. Wie lange dauert es, bis die Lieferung ankommt?<\/strong><\/p>\n<p>Pakete, die nach Deutschland versandt werden, kommen normalerweise innerhalb von 10 Werktagen an. Der Versand in europ\u00e4ische L\u00e4nder dauert in der Regel etwa 12-15 Werktage. Wir werden Ihnen Echtzeit-Updates zu Ihrem Versandstatus bereitstellen.<\/p>\n<\/div>\n<\/div>\n<\/div>\n<\/div>\n<\/div>\n<p>&nbsp;<\/p>\n<p>Andere beliebte Vapes, die Ihnen gefallen k\u00f6nnten:<\/p>\n<p><a href=\"https:\/\/rmvapesale.com\/de\/product\/randm-tornado-15000-puffs-15k-vape-recharge-fumot-original-vape-factory-price\/\"><strong>Randm Vape 15000 Z\u00fcge\u00a0 \u00a0<span style=\"color: #ff0000\">&gt;&gt;&gt;&gt; los!<\/span><\/strong><\/a><\/p>\n<p><strong><a href=\"https:\/\/rmvapesale.com\/de\/product\/aivono-22000-rechargeable-vapes-with-display-screen\/\">Aivono Aim Fatpro 22000 Z\u00fcge <span style=\"color: #ff0000\">&gt;&gt;&gt;&gt; los!<\/span><\/a>\u00a0<\/strong><\/p>\n<p><a href=\"https:\/\/rmvapesale.com\/de\/product\/original-randm-vape-digital-puff-12000-fumot-factory-price\/\"><strong>Fumot Vape 12000 Z\u00fcge <span style=\"color: #ff0000\">&gt;&gt;&gt;&gt; los!<\/span><\/strong><\/a><\/p>\n<p>&nbsp;<\/p>\n<p>&nbsp;<\/p>\n<p>Finden Sie weitere Vape-Produkte, die Ihnen gefallen k\u00f6nnten:<strong><em><a href=\"https:\/\/rmvapesale.com\/de\/shop-2\/\">jetzt einkaufen &gt;&gt;&gt;<\/a><\/em><\/strong><\/p>","protected":false},"excerpt":{"rendered":"<p>Fumot RandM Tornado 30000 Z\u00fcge Einweg-Vape Gro\u00dfhandel<br \/>\nRandM Tornado 30000 music 30k Wiederaufladbarer Vape Geschmack<br \/>\nRandm Fumot Tornado 30000 Z\u00fcge Music 0% 2% 5%<\/p>\n<p><img loading=\"lazy\" decoding=\"async\" class=\"size-full wp-image-2375\" src=\"https:\/\/rmvapesale.com\/wp-content\/uploads\/2024\/10\/image.png\" alt=\"Bester Einweg-Vape\" width=\"229\" height=\"300\" \/><\/p>\n<h3><a href=\"https:\/\/wa.me\/8617776015835\"><span style=\"color: #ff0000\"><strong>WhatsApp: +86 17776015835<\/strong><\/span><\/a><\/h3>\n<p>&nbsp;<\/p>","protected":false},"featured_media":2531,"comment_status":"open","ping_status":"closed","template":"","meta":{"_uag_custom_page_level_css":"","_lmt_disableupdate":"no","_lmt_disable":"","site-sidebar-layout":"default","site-content-layout":"content-boxed-container","ast-site-content-layout":"normal-width-container","site-content-style":"boxed","site-sidebar-style":"unboxed","ast-global-header-display":"","ast-banner-title-visibility":"","ast-main-header-display":"","ast-hfb-above-header-display":"","ast-hfb-below-header-display":"","ast-hfb-mobile-header-display":"","site-post-title":"","ast-breadcrumbs-content":"","ast-featured-img":"","footer-sml-layout":"","theme-transparent-header-meta":"default","adv-header-id-meta":"","stick-header-meta":"","header-above-stick-meta":"","header-main-stick-meta":"","header-below-stick-meta":"","astra-migrate-meta-layouts":"set","ast-page-background-enabled":"default","ast-page-background-meta":{"desktop":{"background-color":"var(--ast-global-color-4)","background-image":"","background-repeat":"repeat","background-position":"center center","background-size":"auto","background-attachment":"scroll","background-type":"","background-media":"","overlay-type":"","overlay-color":"","overlay-opacity":"","overlay-gradient":""},"tablet":{"background-color":"","background-image":"","background-repeat":"repeat","background-position":"center center","background-size":"auto","background-attachment":"scroll","background-type":"","background-media":"","overlay-type":"","overlay-color":"","overlay-opacity":"","overlay-gradient":""},"mobile":{"background-color":"","background-image":"","background-repeat":"repeat","background-position":"center center","background-size":"auto","background-attachment":"scroll","background-type":"","background-media":"","overlay-type":"","overlay-color":"","overlay-opacity":"","overlay-gradient":""}},"ast-content-background-meta":{"desktop":{"background-color":"var(--ast-global-color-5)","background-image":"","background-repeat":"repeat","background-position":"center center","background-size":"auto","background-attachment":"scroll","background-type":"","background-media":"","overlay-type":"","overlay-color":"","overlay-opacity":"","overlay-gradient":""},"tablet":{"background-color":"var(--ast-global-color-5)","background-image":"","background-repeat":"repeat","background-position":"center center","background-size":"auto","background-attachment":"scroll","background-type":"","background-media":"","overlay-type":"","overlay-color":"","overlay-opacity":"","overlay-gradient":""},"mobile":{"background-color":"var(--ast-global-color-5)","background-image":"","background-repeat":"repeat","background-position":"center center","background-size":"auto","background-attachment":"scroll","background-type":"","background-media":"","overlay-type":"","overlay-color":"","overlay-opacity":"","overlay-gradient":""}},"_joinchat":[]},"product_brand":[],"product_cat":[15,51,25,123,26,28,135,27,31,137,136,30],"product_tag":[146,155,186,38,165,166,120],"class_list":{"0":"post-2532","1":"product","2":"type-product","3":"status-publish","4":"has-post-thumbnail","6":"product_cat-new-vape-this-week","7":"product_cat-fumot-vape","8":"product_cat-germany-best-selling-vape","9":"product_cat-italy-wholesale-vape","10":"product_cat-netherlands-hot-sale-vape","11":"product_cat-poland-hot-sale-vape","12":"product_cat-spain-best-hot-sale-vape","13":"product_cat-fance-hot-sale-vape","14":"product_cat-randm-fumot-vape","15":"product_cat-rechargeable-vapes","16":"product_cat-smart-screen-vapes","17":"product_cat-minimum-order-quantity-50pcs","18":"product_tag-best-hot-sale-vape","19":"product_tag-digital-display-box","20":"product_tag-fumot-30k","21":"product_tag-randm-vape","22":"product_tag-rechargeable-vapes","23":"product_tag-tornado-vape","24":"product_tag-vape-wholesale","25":"desktop-align-left","26":"tablet-align-left","27":"mobile-align-left","29":"first","30":"instock","31":"sale","32":"shipping-taxable","33":"purchasable","34":"product-type-simple"},"uagb_featured_image_src":{"full":["https:\/\/rmvapesale.com\/wp-content\/uploads\/2024\/10\/RandM-Tornado-30000-Puffs-Vape.jpg",808,808,false],"thumbnail":["https:\/\/rmvapesale.com\/wp-content\/uploads\/2024\/10\/RandM-Tornado-30000-Puffs-Vape-150x150.jpg",150,150,true],"medium":["https:\/\/rmvapesale.com\/wp-content\/uploads\/2024\/10\/RandM-Tornado-30000-Puffs-Vape-300x300.jpg",300,300,true],"medium_large":["https:\/\/rmvapesale.com\/wp-content\/uploads\/2024\/10\/RandM-Tornado-30000-Puffs-Vape-768x768.jpg",768,768,true],"large":["https:\/\/rmvapesale.com\/wp-content\/uploads\/2024\/10\/RandM-Tornado-30000-Puffs-Vape.jpg",808,808,false],"1536x1536":["https:\/\/rmvapesale.com\/wp-content\/uploads\/2024\/10\/RandM-Tornado-30000-Puffs-Vape.jpg",808,808,false],"2048x2048":["https:\/\/rmvapesale.com\/wp-content\/uploads\/2024\/10\/RandM-Tornado-30000-Puffs-Vape.jpg",808,808,false],"trp-custom-language-flag":["https:\/\/rmvapesale.com\/wp-content\/uploads\/2024\/10\/RandM-Tornado-30000-Puffs-Vape.jpg",12,12,false],"woocommerce_thumbnail":["https:\/\/rmvapesale.com\/wp-content\/uploads\/2024\/10\/RandM-Tornado-30000-Puffs-Vape-300x300.jpg",300,300,true],"woocommerce_single":["https:\/\/rmvapesale.com\/wp-content\/uploads\/2024\/10\/RandM-Tornado-30000-Puffs-Vape-600x600.jpg",600,600,true],"woocommerce_gallery_thumbnail":["https:\/\/rmvapesale.com\/wp-content\/uploads\/2024\/10\/RandM-Tornado-30000-Puffs-Vape-100x100.jpg",100,100,true],"wcpr-photo-reviews":["https:\/\/rmvapesale.com\/wp-content\/uploads\/2024\/10\/RandM-Tornado-30000-Puffs-Vape.jpg",500,500,false]},"uagb_author_info":{"display_name":"AMY","author_link":"https:\/\/rmvapesale.com\/de\/author\/"},"uagb_comment_info":0,"uagb_excerpt":"Fumot RandM Tornado 30000 Puffs Disposable Vape Wholesale RandM Tornado 30000 music 30k Rechargeable Vape Flavor Randm Fumot Tornado 30000 Puffs Music 0% 2% 5% WhatsApp: +86 17776015835 &nbsp;","_links":{"self":[{"href":"https:\/\/rmvapesale.com\/de\/wp-json\/wp\/v2\/product\/2532","targetHints":{"allow":["GET"]}}],"collection":[{"href":"https:\/\/rmvapesale.com\/de\/wp-json\/wp\/v2\/product"}],"about":[{"href":"https:\/\/rmvapesale.com\/de\/wp-json\/wp\/v2\/types\/product"}],"replies":[{"embeddable":true,"href":"https:\/\/rmvapesale.com\/de\/wp-json\/wp\/v2\/comments?post=2532"}],"wp:featuredmedia":[{"embeddable":true,"href":"https:\/\/rmvapesale.com\/de\/wp-json\/wp\/v2\/media\/2531"}],"wp:attachment":[{"href":"https:\/\/rmvapesale.com\/de\/wp-json\/wp\/v2\/media?parent=2532"}],"wp:term":[{"taxonomy":"product_brand","embeddable":true,"href":"https:\/\/rmvapesale.com\/de\/wp-json\/wp\/v2\/product_brand?post=2532"},{"taxonomy":"product_cat","embeddable":true,"href":"https:\/\/rmvapesale.com\/de\/wp-json\/wp\/v2\/product_cat?post=2532"},{"taxonomy":"product_tag","embeddable":true,"href":"https:\/\/rmvapesale.com\/de\/wp-json\/wp\/v2\/product_tag?post=2532"}],"curies":[{"name":"wp","href":"https:\/\/api.w.org\/{rel}","templated":true}]}}