{"id":2547,"date":"2024-10-25T02:22:52","date_gmt":"2024-10-25T02:22:52","guid":{"rendered":"https:\/\/rmvapesale.com\/?post_type=product&#038;p=2547"},"modified":"2024-10-25T03:03:28","modified_gmt":"2024-10-25T03:03:28","slug":"rechargeable-vape-vapme-spacex-22000-puff-wholesale","status":"publish","type":"product","link":"https:\/\/rmvapesale.com\/de\/product\/rechargeable-vape-vapme-spacex-22000-puff-wholesale\/","title":{"rendered":"Wiederaufladbarer Vape Vapme Spacex 22000 Puff Gro\u00dfhandel"},"content":{"rendered":"<div class=\"B2VR9 CJHX3e\">\n<div class=\"wyccme\">\n<h1 class=\"LC20lb MBeuO DKV0Md\">Wiederaufladbare Vapes Vapme Spacex 22000 Puff Gro\u00dfhandel<\/h1>\n<div class=\"flex-shrink-0 flex flex-col relative items-end\">\n<div class=\"pt-0\">\n<div class=\"gizmo-bot-avatar flex h-8 w-8 items-center justify-center overflow-hidden rounded-full\">\n<div class=\"relative p-1 rounded-sm flex items-center justify-center bg-token-main-surface-primary text-token-text-primary h-8 w-8\">\n<p>Der wiederaufladbare Vape <strong>Vapme Spacex 22000 Puffs<\/strong> ist ein Premium-Produkt<strong> Smart Einweg-Vape<\/strong> entwickelt f\u00fcr Benutzer, die l\u00e4ngere Dampfsitzungen und Komfort suchen. Mit einer beeindruckenden <strong>30 ml Kapazit\u00e4t an Vape-Saft<\/strong> und die F\u00e4higkeit, \u00fcber <strong>22.000 Z\u00fcge<\/strong>zu liefern, ist dieses Ger\u00e4t auf Langlebigkeit und Zufriedenheit ausgelegt. Sein <strong>850-mAh-Akku<\/strong>, wiederaufladbar \u00fcber <strong>Typ-C-Anschluss<\/strong>stellt sicher, dass Sie Ihre Lieblingsaromen ohne Unterbrechungen genie\u00dfen k\u00f6nnen, was es perfekt f\u00fcr Gelegenheitsdampfer und Vielnutzer macht. Ausgestattet mit einer <strong>0,8-Ohm-Mesh-Spule<\/strong>zu bieten, <strong>wiederaufladbarer Vape<\/strong>\u00a0bietet eine optimale Dampfproduktion und sorgt daf\u00fcr, dass jeder Zug reich an Geschmack und sanft beim Einatmen ist.<\/p>\n<p>Der <strong>LED-Anzeige<\/strong> ist ein weiteres herausragendes Merkmal, das es Benutzern erm\u00f6glicht, Batterielebensdauer und E-Liquid-St\u00e4nde auf einen Blick einfach zu \u00fcberwachen, mit einer High-End-Technologie, die es von anderen abhebt <strong>Einweg-Vape mit Bildschirm<\/strong>. Das <strong>Einweg-Vape mit wenig Nikotin <\/strong>\u00a0kommt mit 2% Nikotinst\u00e4rke f\u00fcr Benutzer, die einen milden Zug suchen, und die\u00a0<strong>5% Nikotin <\/strong>Option richtet sich an Dampfer, die ein st\u00e4rkeres Erlebnis w\u00fcnschen.<\/p>\n<p>Der <strong>Vapme 22000<\/strong> ist ideal f\u00fcr <strong>Vape-Gro\u00dfhandel<\/strong>, was es zu einer perfekten Wahl f\u00fcr Einzelh\u00e4ndler macht, die sich mit stark nachgefragten Produkten eindecken m\u00f6chten. Seine gro\u00dfe Kapazit\u00e4t, der wiederaufladbare Akku und die Geschmacksvielfalt machen es zu einem <strong>beliebten Vape<\/strong> auf dem <strong>Einweg-Vape<\/strong> Markt und bietet sowohl Qualit\u00e4t als auch Komfort in einem eleganten Paket.<\/p>\n<\/div>\n<\/div>\n<\/div>\n<\/div>\n<\/div>\n<\/div>\n<p><strong>Kontaktieren Sie Amy, um die richtige Antwort und einen Gutschein f\u00fcr E-Zigaretten zu erhalten!<\/strong><\/p>\n<p><img loading=\"lazy\" decoding=\"async\" class=\"size-full wp-image-1978\" src=\"https:\/\/rmvapesale.com\/wp-content\/uploads\/2024\/09\/Disposable-Vape-Wholesale.jpg\" alt=\"Einweg-Vape Gro\u00dfhandel\" width=\"229\" height=\"300\" \/><\/p>\n<h3><a href=\"https:\/\/wa.me\/8617776015835\" target=\"_blank\" rel=\"noopener\"><span style=\"color: #ff0000\"><strong>WhatsApp: +86 17776015835<\/strong><\/span><\/a><\/h3>\n<p>&nbsp;<\/p>\n<h2><\/h2>\n<h2><strong>Vapme 22000 <\/strong><strong>Wiederaufladbarer Vape<\/strong><strong>\u00a0<\/strong><strong>Hauptmerkmale<\/strong><\/h2>\n<p>Marke: Vapme Vape<br \/>\nAkku: 850mAh Typ-C-Anschluss<br \/>\nKapazit\u00e4t: 30mL Vape-Saft<br \/>\nCoil: 0,8 Ohm Mesh Coil<br \/>\nZ\u00fcge: 22000+ Z\u00fcge<br \/>\nNikotin: 2%\/5%<br \/>\nLED-Anzeige f\u00fcr Akku und E-Liquid<\/p>\n<h2><strong>Top-Geschmack f\u00fcr <\/strong><strong>Wiederaufladbarer Vape <\/strong><strong>Vapme 22000 <\/strong><strong>Z\u00fcge\u00a0<\/strong><\/h2>\n<p>Diese <strong>Box-Vape<\/strong> Ger\u00e4t bietet <strong>12 aufregenden Geschmacksrichtungen<\/strong>, von dem spritzigen Ausbruch von <strong>Blue Razz Limonade<\/strong> zur erfrischenden K\u00fchle von <strong>Wassermelonen-Eis<\/strong> und der tropischen Mischung aus <strong>Mango-Pfirsich-Ananas<\/strong>. Ob Sie s\u00fc\u00dfe, fruchtige oder eisige Aromen bevorzugen, der Vapme Spacex hat f\u00fcr jeden Geschmack etwas zu bieten.<\/p>\n<p>1. Blaue Himbeer-Limonade<span style=\"color: #ff0000\"><strong>&gt;&gt;&gt;&gt; Hei\u00df!<\/strong><\/span><br \/>\n2. Pfirsich-Eis<br \/>\n3. Wassermelonen-Eis <span style=\"color: #ff0000\"><strong>&gt;&gt;&gt;&gt; Hei\u00df!<\/strong><\/span><br \/>\n4. Blaubeer-Himbeere<br \/>\n5. Kirsch-Eis<br \/>\n6. Erdbeer-Eis<br \/>\n7. Erdbeer-Wassermelone<br \/>\n8. Mango-Pfirsich-Ananas <span style=\"color: #ff0000\"><strong>&gt;&gt;&gt;&gt; Am besten!<\/strong><\/span><br \/>\n9. Erdbeer-Kiwi<br \/>\n10. Kiwi-Passionsfrucht-Guave<br \/>\n11. Energy-Drink<br \/>\n12. Love 66<\/p>\n<figure id=\"attachment_2542\" aria-describedby=\"caption-attachment-2542\" style=\"width: 800px\" class=\"wp-caption alignnone\"><img loading=\"lazy\" decoding=\"async\" class=\"wp-image-2542 size-full\" src=\"https:\/\/rmvapesale.com\/wp-content\/uploads\/2024\/10\/Disposable-Vape-Vapme-22000-Puffs-Price.jpg\" alt=\"Einweg-Vape Vapme 22000 Z\u00fcge Preis\" width=\"800\" height=\"800\" srcset=\"https:\/\/rmvapesale.com\/wp-content\/uploads\/2024\/10\/Disposable-Vape-Vapme-22000-Puffs-Price.jpg 800w, https:\/\/rmvapesale.com\/wp-content\/uploads\/2024\/10\/Disposable-Vape-Vapme-22000-Puffs-Price-300x300.jpg 300w, https:\/\/rmvapesale.com\/wp-content\/uploads\/2024\/10\/Disposable-Vape-Vapme-22000-Puffs-Price-150x150.jpg 150w, https:\/\/rmvapesale.com\/wp-content\/uploads\/2024\/10\/Disposable-Vape-Vapme-22000-Puffs-Price-768x768.jpg 768w, https:\/\/rmvapesale.com\/wp-content\/uploads\/2024\/10\/Disposable-Vape-Vapme-22000-Puffs-Price-600x600.jpg 600w, https:\/\/rmvapesale.com\/wp-content\/uploads\/2024\/10\/Disposable-Vape-Vapme-22000-Puffs-Price-100x100.jpg 100w\" sizes=\"auto, (max-width: 800px) 100vw, 800px\" \/><figcaption id=\"caption-attachment-2542\" class=\"wp-caption-text\">Einweg-Vape Vapme 22000 Z\u00fcge Preis<\/figcaption><\/figure>\n<p>&nbsp;<\/p>\n<h3><strong>Warum Rmvapesale f\u00fcr Vapme 22000 Puffs w\u00e4hlen<\/strong><strong>?<\/strong><\/h3>\n<div class=\"flex-shrink-0 flex flex-col relative items-end\">\n<div class=\"pt-0\">\n<div class=\"gizmo-bot-avatar flex h-8 w-8 items-center justify-center overflow-hidden rounded-full\">\n<div class=\"relative p-1 rounded-sm flex items-center justify-center bg-token-main-surface-primary text-token-text-primary h-8 w-8\">\n<p>&nbsp;<\/p>\n<p>Wenn Sie Rmvapesale f\u00fcr Ihre Gro\u00dfhandelsbed\u00fcrfnisse an Einweg-Vapes w\u00e4hlen, profitieren Sie von:<\/p>\n<ul>\n<li><strong>Wettbewerbsf\u00e4higer Preis<\/strong>: Erhalten Sie Zugang zu attraktiven Gro\u00dfhandelspreisen, die Ihre Gesch\u00e4ftsmargen steigern.<\/li>\n<li><strong>Hohe Qualit\u00e4t<\/strong>: Unsere Vapes werden nach den h\u00f6chsten Standards hergestellt und sind <span style=\"color: #ff0000\"><strong>garantiert 100% original und authentisch, oder es gibt die 10-fache Entsch\u00e4digung f\u00fcr gef\u00e4lschte Ware!<\/strong><\/span><\/li>\n<li><strong>Exzellenter Kundenservice<\/strong>: Unser engagiertes Team ist immer bereit, Ihnen zu helfen, was Ihren Einkaufsprozess reibungslos und problemlos macht.<\/li>\n<li><strong>Schnell<\/strong>: Erwarten Sie einen schnellen und zuverl\u00e4ssigen Versand, der sicherstellt, dass Ihre Bestellungen jedes Mal p\u00fcnktlich ankommen.<\/li>\n<\/ul>\n<\/div>\n<h3><\/h3>\n<div class=\"relative p-1 rounded-sm flex items-center justify-center bg-token-main-surface-primary text-token-text-primary h-8 w-8\">\n<h3><b>Wiederaufladbare Vape Vapme 22000 FAQs<\/b><\/h3>\n<ul>\n<li><strong>So laden Sie den wiederaufladbaren Vapme Spacex 22000 Einweg-Vape auf<\/strong><br \/>\nDer Vapme Spacex 22000 verf\u00fcgt \u00fcber einen wiederaufladbaren 850-mAh-Akku, der \u00fcber den Typ-C-Ladeanschluss aufgeladen werden kann. Schlie\u00dfen Sie einfach das Typ-C-Kabel an eine Stromquelle an, um das Ger\u00e4t aufzuladen.<\/li>\n<li><strong>Wie viel Nikotin ist in einem Vapme Spacex 22000 Puff enthalten?<\/strong><br \/>\nDer Vapme Spacex 22000 Puffs ist in zwei Nikotinst\u00e4rken erh\u00e4ltlich: 2% (20 mg) f\u00fcr einen milderen Zug und 5% (50 mg) f\u00fcr Benutzer, die ein st\u00e4rkeres Erlebnis suchen.<\/li>\n<li><strong>Wie lange sollte ich meine Vapme Spacex 22000 Vape Box aufladen?<\/strong><br \/>\nDie genaue Ladezeit h\u00e4ngt von der Stromquelle ab, aber die Typ-C-Schnellladefunktion erm\u00f6glicht relativ schnelle Aufladungen. \u00dcberwachen Sie die LED-Anzeige, um zu \u00fcberpr\u00fcfen, wann der Akku vollst\u00e4ndig aufgeladen ist, da die Anzeige Informationen zur Akkulaufzeit liefert.<\/li>\n<li><strong>Wo kann ich Vapme Spacex 22000 Einweg-Vapes kaufen?<\/strong><br \/>\nDer Vapme Spacex 22000 Puffs Einweg-Vape kann bei Einzelh\u00e4ndlern, in Vape-Shops oder auf Online-Plattformen gekauft werden, die sich auf den Verkauf von Vaping-Produkten spezialisiert haben. Es ist auch im Gro\u00dfhandel erh\u00e4ltlich, was es zu einer beliebten Option f\u00fcr Unternehmen macht, die Einweg-Vapes bevorraten m\u00f6chten.<\/li>\n<li><strong>Was sind die besten Einweg-Vapes des Jahres 2024?<\/strong><br \/>\nEinige der besten Einweg-Vapes des Jahres 2024 sind:<\/p>\n<ul>\n<li><strong>Vapme Spacex 22000 Puffs<\/strong>: Bekannt f\u00fcr seine gro\u00dfe Kapazit\u00e4t, das LED-Display und den wiederaufladbaren Akku.<\/li>\n<li><strong>Vapme Crystal 20000 Puffs<\/strong>: Beliebt f\u00fcr seine Doppelaroma-Funktionalit\u00e4t und das bequeme Aufladen.<\/li>\n<li><strong>Aivono Fatpro 22000 Z\u00fcge<\/strong>: Bietet ein langanhaltendes Dampferlebnis mit Mesh-Coil-Technologie und anpassbarer Luftstr\u00f6mung.<\/li>\n<li><strong>Fumot RandM Tornado 30000 Z\u00fcge<\/strong>: Bietet Musiksynchronisation und RGB-Lichter, ideal f\u00fcr interaktives Dampfen.<\/li>\n<\/ul>\n<\/li>\n<\/ul>\n<\/div>\n<\/div>\n<\/div>\n<\/div>\n<h3>Zum Versand<\/h3>\n<div class=\"flex-shrink-0 flex flex-col relative items-end\">\n<div>\n<div class=\"pt-0\">\n<div class=\"gizmo-bot-avatar flex h-8 w-8 items-center justify-center overflow-hidden rounded-full\">\n<div><\/div>\n<div class=\"relative p-1 rounded-sm flex items-center justify-center bg-token-main-surface-primary text-token-text-primary h-8 w-8\"><strong>1. Welche Versandmethoden werden verwendet?<\/strong><\/div>\n<\/div>\n<\/div>\n<\/div>\n<\/div>\n<div class=\"group\/conversation-turn relative flex w-full min-w-0 flex-col agent-turn\">\n<div class=\"flex-col gap-1 md:gap-3\">\n<div class=\"flex max-w-full flex-col flex-grow\">\n<div class=\"min-h-[20px] text-message flex w-full flex-col items-end gap-2 whitespace-normal break-words [.text-message+&amp;]:mt-5 overflow-x-auto\" dir=\"auto\" data-message-author-role=\"assistant\" data-message-id=\"22f8283b-3233-46ff-89a5-c7a41b33abda\">\n<div class=\"flex w-full flex-col gap-1 empty:hidden first:pt-[3px]\">\n<div class=\"markdown prose w-full break-words dark:prose-invert light\">\n<p>Wir arbeiten mit UPS, DHL, FedEx, DPD und anderen f\u00fchrenden Transportunternehmen zusammen. Wir w\u00e4hlen die beste Versandmethode basierend auf Ihrem Lieferort aus, um sicherzustellen, dass Sie Ihre Produkte so schnell wie m\u00f6glich erhalten.<\/p>\n<\/div>\n<p><strong>2. Wie lange dauert es, bis die Lieferung ankommt?<\/strong><\/p>\n<p>Pakete, die nach Deutschland versandt werden, kommen normalerweise innerhalb von 10 Werktagen an. Der Versand in europ\u00e4ische L\u00e4nder dauert in der Regel etwa 12-15 Werktage. Wir werden Ihnen Echtzeit-Updates zu Ihrem Versandstatus bereitstellen.<\/p>\n<\/div>\n<\/div>\n<\/div>\n<\/div>\n<\/div>\n<p>&nbsp;<\/p>\n<p>Andere beliebte Vapes, die Ihnen gefallen k\u00f6nnten:<\/p>\n<p><a href=\"https:\/\/rmvapesale.com\/de\/product\/fumot-randm-tornado-30000-puffs-30k-music-disposable-vape\/\"><strong>RandM Tornado 30000 Z\u00fcge\u00a0 \u00a0<span style=\"color: #ff0000\">&gt;&gt;&gt;&gt; los!<\/span><\/strong><\/a><\/p>\n<p><strong><a href=\"https:\/\/rmvapesale.com\/de\/product\/vapme-crystal-20000-puffs-20k-double-flavor-rechargeable-vapes\/\">Vapme Crystal 20000 Puffs <span style=\"color: #ff0000\">&gt;&gt;&gt;&gt; los!<\/span><\/a>\u00a0<\/strong><\/p>\n<p><a href=\"https:\/\/rmvapesale.com\/de\/product\/original-randm-vape-digital-puff-12000-fumot-factory-price\/\"><strong>Fumot Vape 12000 Z\u00fcge <span style=\"color: #ff0000\">&gt;&gt;&gt;&gt; los!<\/span><\/strong><\/a><\/p>\n<p>&nbsp;<\/p>\n<p>&nbsp;<\/p>\n<p>Finden Sie weitere Vape-Produkte, die Ihnen gefallen k\u00f6nnten:<strong><em><a href=\"https:\/\/rmvapesale.com\/de\/shop-2\/\">jetzt einkaufen &gt;&gt;&gt;<\/a><\/em><\/strong><\/p>","protected":false},"excerpt":{"rendered":"<p>Gro\u00dfhandel Wiederaufladbare Vapes Vapme Spacex 22000 Puff<br \/>\nVapme 22000 Puffs Einweg-Vape-Box alle Geschmacksrichtungen<br \/>\nVapme Spacex 22000 Puff Einweg-Vape mit Bildschirm<\/p>\n<p><img loading=\"lazy\" decoding=\"async\" class=\"size-full wp-image-2375\" src=\"https:\/\/rmvapesale.com\/wp-content\/uploads\/2024\/10\/image.png\" alt=\"Bester Einweg-Vape\" width=\"229\" height=\"300\" \/><\/p>\n<h3><a href=\"https:\/\/wa.me\/8617776015835\"><span style=\"color: #ff0000\"><strong>WhatsApp: +86 17776015835<\/strong><\/span><\/a><\/h3>\n<p>&nbsp;<\/p>","protected":false},"featured_media":2541,"comment_status":"open","ping_status":"closed","template":"","meta":{"_uag_custom_page_level_css":"","_lmt_disableupdate":"no","_lmt_disable":"","site-sidebar-layout":"default","site-content-layout":"content-boxed-container","ast-site-content-layout":"normal-width-container","site-content-style":"boxed","site-sidebar-style":"unboxed","ast-global-header-display":"","ast-banner-title-visibility":"","ast-main-header-display":"","ast-hfb-above-header-display":"","ast-hfb-below-header-display":"","ast-hfb-mobile-header-display":"","site-post-title":"","ast-breadcrumbs-content":"","ast-featured-img":"","footer-sml-layout":"","ast-disable-related-posts":"","theme-transparent-header-meta":"default","adv-header-id-meta":"","stick-header-meta":"","header-above-stick-meta":"","header-main-stick-meta":"","header-below-stick-meta":"","astra-migrate-meta-layouts":"set","ast-page-background-enabled":"default","ast-page-background-meta":{"desktop":{"background-color":"var(--ast-global-color-4)","background-image":"","background-repeat":"repeat","background-position":"center center","background-size":"auto","background-attachment":"scroll","background-type":"","background-media":"","overlay-type":"","overlay-color":"","overlay-opacity":"","overlay-gradient":""},"tablet":{"background-color":"","background-image":"","background-repeat":"repeat","background-position":"center center","background-size":"auto","background-attachment":"scroll","background-type":"","background-media":"","overlay-type":"","overlay-color":"","overlay-opacity":"","overlay-gradient":""},"mobile":{"background-color":"","background-image":"","background-repeat":"repeat","background-position":"center center","background-size":"auto","background-attachment":"scroll","background-type":"","background-media":"","overlay-type":"","overlay-color":"","overlay-opacity":"","overlay-gradient":""}},"ast-content-background-meta":{"desktop":{"background-color":"var(--ast-global-color-5)","background-image":"","background-repeat":"repeat","background-position":"center center","background-size":"auto","background-attachment":"scroll","background-type":"","background-media":"","overlay-type":"","overlay-color":"","overlay-opacity":"","overlay-gradient":""},"tablet":{"background-color":"var(--ast-global-color-5)","background-image":"","background-repeat":"repeat","background-position":"center center","background-size":"auto","background-attachment":"scroll","background-type":"","background-media":"","overlay-type":"","overlay-color":"","overlay-opacity":"","overlay-gradient":""},"mobile":{"background-color":"var(--ast-global-color-5)","background-image":"","background-repeat":"repeat","background-position":"center center","background-size":"auto","background-attachment":"scroll","background-type":"","background-media":"","overlay-type":"","overlay-color":"","overlay-opacity":"","overlay-gradient":""}},"_joinchat":[]},"product_brand":[],"product_cat":[15,27,25,123,30,26,28,137,136,135],"product_tag":[146,188,155,167,165,120],"class_list":{"0":"post-2547","1":"product","2":"type-product","3":"status-publish","4":"has-post-thumbnail","6":"product_cat-new-vape-this-week","7":"product_cat-fance-hot-sale-vape","8":"product_cat-germany-best-selling-vape","9":"product_cat-italy-wholesale-vape","10":"product_cat-minimum-order-quantity-50pcs","11":"product_cat-netherlands-hot-sale-vape","12":"product_cat-poland-hot-sale-vape","13":"product_cat-rechargeable-vapes","14":"product_cat-smart-screen-vapes","15":"product_cat-spain-best-hot-sale-vape","16":"product_tag-best-hot-sale-vape","17":"product_tag-buy-vapes-online","18":"product_tag-digital-display-box","19":"product_tag-disposable-vape-with-screen","20":"product_tag-rechargeable-vapes","21":"product_tag-vape-wholesale","22":"desktop-align-left","23":"tablet-align-left","24":"mobile-align-left","26":"first","27":"instock","28":"sale","29":"shipping-taxable","30":"purchasable","31":"product-type-simple"},"uagb_featured_image_src":{"full":["https:\/\/rmvapesale.com\/wp-content\/uploads\/2024\/10\/Disposable-Vape-Pen-Vapme-Spacex-22000.jpg",800,800,false],"thumbnail":["https:\/\/rmvapesale.com\/wp-content\/uploads\/2024\/10\/Disposable-Vape-Pen-Vapme-Spacex-22000-150x150.jpg",150,150,true],"medium":["https:\/\/rmvapesale.com\/wp-content\/uploads\/2024\/10\/Disposable-Vape-Pen-Vapme-Spacex-22000-300x300.jpg",300,300,true],"medium_large":["https:\/\/rmvapesale.com\/wp-content\/uploads\/2024\/10\/Disposable-Vape-Pen-Vapme-Spacex-22000-768x768.jpg",768,768,true],"large":["https:\/\/rmvapesale.com\/wp-content\/uploads\/2024\/10\/Disposable-Vape-Pen-Vapme-Spacex-22000.jpg",800,800,false],"1536x1536":["https:\/\/rmvapesale.com\/wp-content\/uploads\/2024\/10\/Disposable-Vape-Pen-Vapme-Spacex-22000.jpg",800,800,false],"2048x2048":["https:\/\/rmvapesale.com\/wp-content\/uploads\/2024\/10\/Disposable-Vape-Pen-Vapme-Spacex-22000.jpg",800,800,false],"trp-custom-language-flag":["https:\/\/rmvapesale.com\/wp-content\/uploads\/2024\/10\/Disposable-Vape-Pen-Vapme-Spacex-22000.jpg",12,12,false],"woocommerce_thumbnail":["https:\/\/rmvapesale.com\/wp-content\/uploads\/2024\/10\/Disposable-Vape-Pen-Vapme-Spacex-22000-300x300.jpg",300,300,true],"woocommerce_single":["https:\/\/rmvapesale.com\/wp-content\/uploads\/2024\/10\/Disposable-Vape-Pen-Vapme-Spacex-22000-600x600.jpg",600,600,true],"woocommerce_gallery_thumbnail":["https:\/\/rmvapesale.com\/wp-content\/uploads\/2024\/10\/Disposable-Vape-Pen-Vapme-Spacex-22000-100x100.jpg",100,100,true],"wcpr-photo-reviews":["https:\/\/rmvapesale.com\/wp-content\/uploads\/2024\/10\/Disposable-Vape-Pen-Vapme-Spacex-22000.jpg",500,500,false]},"uagb_author_info":{"display_name":"AMY","author_link":"https:\/\/rmvapesale.com\/de\/author\/"},"uagb_comment_info":0,"uagb_excerpt":"Wholesale\u00a0Rechargeable Vapes Vapme Spacex 22000 Puff Vapme 22000 Puffs Disposable Vape Box all Flavor Vapme Spacex 22000 Puff Disposable Vape with Screen WhatsApp: +86 17776015835 &nbsp;","_links":{"self":[{"href":"https:\/\/rmvapesale.com\/de\/wp-json\/wp\/v2\/product\/2547","targetHints":{"allow":["GET"]}}],"collection":[{"href":"https:\/\/rmvapesale.com\/de\/wp-json\/wp\/v2\/product"}],"about":[{"href":"https:\/\/rmvapesale.com\/de\/wp-json\/wp\/v2\/types\/product"}],"replies":[{"embeddable":true,"href":"https:\/\/rmvapesale.com\/de\/wp-json\/wp\/v2\/comments?post=2547"}],"wp:featuredmedia":[{"embeddable":true,"href":"https:\/\/rmvapesale.com\/de\/wp-json\/wp\/v2\/media\/2541"}],"wp:attachment":[{"href":"https:\/\/rmvapesale.com\/de\/wp-json\/wp\/v2\/media?parent=2547"}],"wp:term":[{"taxonomy":"product_brand","embeddable":true,"href":"https:\/\/rmvapesale.com\/de\/wp-json\/wp\/v2\/product_brand?post=2547"},{"taxonomy":"product_cat","embeddable":true,"href":"https:\/\/rmvapesale.com\/de\/wp-json\/wp\/v2\/product_cat?post=2547"},{"taxonomy":"product_tag","embeddable":true,"href":"https:\/\/rmvapesale.com\/de\/wp-json\/wp\/v2\/product_tag?post=2547"}],"curies":[{"name":"wp","href":"https:\/\/api.w.org\/{rel}","templated":true}]}}