{"id":2582,"date":"2024-10-28T06:44:31","date_gmt":"2024-10-28T06:44:31","guid":{"rendered":"https:\/\/rmvapesale.com\/?post_type=product&#038;p=2582"},"modified":"2024-10-28T07:36:05","modified_gmt":"2024-10-28T07:36:05","slug":"elfworld-plus-20000-puff-smart-disposable-vape-bulk-buy","status":"publish","type":"product","link":"https:\/\/rmvapesale.com\/de\/product\/elfworld-plus-20000-puff-smart-disposable-vape-bulk-buy\/","title":{"rendered":"ELFWORLD Plus 20000 Puff Smart Einweg-Vape Gro\u00dfeinkauf"},"content":{"rendered":"<div class=\"B2VR9 CJHX3e\">\n<div class=\"wyccme\">\n<h1 class=\"LC20lb MBeuO DKV0Md\">ELFWORLD Plus 20000 Puff Smart Einweg-Vape Gro\u00dfeinkauf<\/h1>\n<div class=\"flex-shrink-0 flex flex-col relative items-end\">\n<div class=\"pt-0\">\n<div class=\"gizmo-bot-avatar flex h-8 w-8 items-center justify-center overflow-hidden rounded-full\">\n<div class=\"relative p-1 rounded-sm flex items-center justify-center bg-token-main-surface-primary text-token-text-primary h-8 w-8\">\n<p>Der <strong>ELFWORLD Plus 20000 Puff Smart Einweg Vape<\/strong> ist eine erstklassige Wahl f\u00fcr alle, die fortschrittliche Funktionen und ein anpassbares Dampferlebnis suchen. Diese hochleistungsf\u00e4hige <strong>20000 Puff Vape<\/strong> bietet un\u00fcbertroffene Langlebigkeit und wurde mit Innovation und Stil entworfen, was sie zu einer der besten Optionen macht <strong>besten Einweg-Vapes des Jahres 2024 macht<\/strong> f\u00fcr <strong>Vape-Gro\u00dfhandel<\/strong> und Einzelk\u00e4ufe gleicherma\u00dfen.<\/p>\n<p>&nbsp;<\/p>\n<p>Diese <strong>ELFWORLD Pulse Vape<\/strong> Das Dual-Mode-Auswahlangebot erm\u00f6glicht es Dampfern, jede Sitzung anzupassen, die Zufriedenheit zu maximieren und jeden Zug zu verbessern. <strong>Konventioneller Modus<\/strong>: Bietet bemerkenswerte 20.000 Zyklen f\u00fcr l\u00e4ngeren Genuss. <strong>Puls-Modus<\/strong>: Liefert 10.000 intensive Z\u00fcge, perfekt f\u00fcr Dampfer, die verst\u00e4rkten Geschmack und Dampfproduktion w\u00fcnschen.<\/p>\n<p>Diese\u00a0<strong>Einweg-Vape mit Bildschirm<\/strong> verf\u00fcgt \u00fcber eine Echtzeit-Anzeige, die <strong>Batterieprozentsatz<\/strong> und verbleibende Leistung anzeigt, sodass Sie immer die Kontrolle \u00fcber Ihr Dampferlebnis haben. Diese Funktion ist ideal f\u00fcr Benutzer, die Pr\u00e4zision und Zuverl\u00e4ssigkeit bei jedem Zug w\u00fcnschen.<\/p>\n<p>Entwickelt, um beides zu sein <strong>schlank und funktional<\/strong>kombiniert der ELF WORLD Plus 20K nahtlos schicke \u00c4sthetik mit robuster Leistung. Diese Einweg-E-Zigarette ist f\u00fcr Dampfer aller Niveaus geeignet und verf\u00fcgbar f\u00fcr <strong>Vapes in gro\u00dfen Mengen<\/strong>, was es zu einer perfekten L\u00f6sung f\u00fcr <strong>Vape-Shops<\/strong> und <strong>Vape-Gro\u00dfhandel<\/strong> Lieferanten macht.<\/p>\n<p>F\u00fcr diejenigen, die nach <strong>beliebtesten Vape-Marken<\/strong> suchen oder einfach nur <strong>Vapes online kaufen<\/strong>wollen, setzt der ELFWORLD Plus 20K mit seiner Kombination aus Stil, Vielseitigkeit und fortschrittlichen Funktionen einen neuen Standard im Bereich des Einweg-Dampfens.<\/p>\n<\/div>\n<\/div>\n<\/div>\n<\/div>\n<\/div>\n<\/div>\n<p><strong>Kontaktieren Sie Amy, um die richtige Antwort und einen Gutschein f\u00fcr E-Zigaretten zu erhalten!<\/strong><\/p>\n<p><img loading=\"lazy\" decoding=\"async\" class=\"size-full wp-image-1978\" src=\"https:\/\/rmvapesale.com\/wp-content\/uploads\/2024\/09\/Disposable-Vape-Wholesale.jpg\" alt=\"Einweg-Vape Gro\u00dfhandel\" width=\"229\" height=\"300\" \/><\/p>\n<h3><a href=\"https:\/\/wa.me\/8617776015835\" target=\"_blank\" rel=\"noopener\"><span style=\"color: #ff0000\"><strong>WhatsApp: +86 17776015835<\/strong><\/span><\/a><\/h3>\n<p>&nbsp;<\/p>\n<h2><\/h2>\n<h2><strong>ELFWORLD Plus 20000 Puff Smart Einweg Vape <\/strong><strong>Hauptmerkmale<\/strong><\/h2>\n<p>Vorgef\u00fclltes 22ml E-Liquid<br \/>\nWiederaufladbarer interner 650mAh Akku<br \/>\nZuganzahl: Ungef\u00e4hr 20000 Z\u00fcge<br \/>\nHD-Display<br \/>\n2 Dampfmodi: Normal\/Boost<br \/>\nLuftstromanpassung<br \/>\nDoppelte Mesh-Coils<br \/>\n2% 5% Nikotinst\u00e4rke<br \/>\nTyp-C-Aufladung (nicht enthalten)<br \/>\nZugaktiviert<br \/>\nMTL-Dampfen<\/p>\n<figure id=\"attachment_2576\" aria-describedby=\"caption-attachment-2576\" style=\"width: 600px\" class=\"wp-caption alignnone\"><img loading=\"lazy\" decoding=\"async\" class=\"wp-image-2576 size-full\" src=\"https:\/\/rmvapesale.com\/wp-content\/uploads\/2024\/10\/ELFWORLD-ELF-WORLD-Plus-20K-20000-Puffs-Disposable.jpg\" alt=\"ELFWORLD ELF WORLD Plus+ 20K 20000 Z\u00fcge Einweg E-Zigarette\" width=\"600\" height=\"600\" srcset=\"https:\/\/rmvapesale.com\/wp-content\/uploads\/2024\/10\/ELFWORLD-ELF-WORLD-Plus-20K-20000-Puffs-Disposable.jpg 600w, https:\/\/rmvapesale.com\/wp-content\/uploads\/2024\/10\/ELFWORLD-ELF-WORLD-Plus-20K-20000-Puffs-Disposable-300x300.jpg 300w, https:\/\/rmvapesale.com\/wp-content\/uploads\/2024\/10\/ELFWORLD-ELF-WORLD-Plus-20K-20000-Puffs-Disposable-150x150.jpg 150w, https:\/\/rmvapesale.com\/wp-content\/uploads\/2024\/10\/ELFWORLD-ELF-WORLD-Plus-20K-20000-Puffs-Disposable-100x100.jpg 100w\" sizes=\"auto, (max-width: 600px) 100vw, 600px\" \/><figcaption id=\"caption-attachment-2576\" class=\"wp-caption-text\">ELFWORLD ELF WORLD Plus+ 20K 20000 Z\u00fcge Einweg E-Zigarette<\/figcaption><\/figure>\n<h2><strong>Top-Geschmack f\u00fcr ELFWORLD Plus 20000 Puff Smart Einweg Vape<\/strong><\/h2>\n<p>1. Traube Zitrone<br \/>\n2. Verdammt fabelhaft<br \/>\n3. Kirschbombe <span style=\"color: #ff0000\"><strong>&gt;&gt;&gt;&gt; Hei\u00df!<\/strong><\/span><br \/>\n4. Saftiges Pfirsicheis<br \/>\n5. Beeren Gl\u00fcckseligkeit<br \/>\n6. Blaues Himbeereis <span style=\"color: #ff0000\"><strong>&gt;&gt;&gt;&gt; Hei\u00df!<\/strong><\/span><br \/>\n7. Drachenmelone<br \/>\n8. Blaubeer-Wassermelone<span style=\"color: #ff0000\"><strong>&gt;&gt;&gt;&gt; Am besten!<\/strong><\/span><br \/>\n9. Rosa Limonade<br \/>\n10. Deutschland Mango<br \/>\n11. Erdbeer Banane<br \/>\n12.Wassermelonen-Eis<br \/>\n13.Wei\u00dfes Gummib\u00e4rchen-Eis<br \/>\n14.Erdbeer-Mango<br \/>\n15.Miami Minze<\/p>\n<figure id=\"attachment_2581\" aria-describedby=\"caption-attachment-2581\" style=\"width: 1024px\" class=\"wp-caption alignnone\"><img loading=\"lazy\" decoding=\"async\" class=\"wp-image-2581 size-large\" src=\"https:\/\/rmvapesale.com\/wp-content\/uploads\/2024\/10\/ELFWORLD-Plus-20K-Disposable-Vape-Pod-Wholesale-1024x716.jpg\" alt=\"ELFWORLD Plus+ 20K Einweg Vape Pod Gro\u00dfhandel\" width=\"1024\" height=\"716\" srcset=\"https:\/\/rmvapesale.com\/wp-content\/uploads\/2024\/10\/ELFWORLD-Plus-20K-Disposable-Vape-Pod-Wholesale-1024x716.jpg 1024w, https:\/\/rmvapesale.com\/wp-content\/uploads\/2024\/10\/ELFWORLD-Plus-20K-Disposable-Vape-Pod-Wholesale-300x210.jpg 300w, https:\/\/rmvapesale.com\/wp-content\/uploads\/2024\/10\/ELFWORLD-Plus-20K-Disposable-Vape-Pod-Wholesale-768x537.jpg 768w, https:\/\/rmvapesale.com\/wp-content\/uploads\/2024\/10\/ELFWORLD-Plus-20K-Disposable-Vape-Pod-Wholesale-1536x1074.jpg 1536w, https:\/\/rmvapesale.com\/wp-content\/uploads\/2024\/10\/ELFWORLD-Plus-20K-Disposable-Vape-Pod-Wholesale-600x419.jpg 600w, https:\/\/rmvapesale.com\/wp-content\/uploads\/2024\/10\/ELFWORLD-Plus-20K-Disposable-Vape-Pod-Wholesale.jpg 1920w\" sizes=\"auto, (max-width: 1024px) 100vw, 1024px\" \/><figcaption id=\"caption-attachment-2581\" class=\"wp-caption-text\">ELFWORLD Plus+ 20K Einweg Vape Pod Gro\u00dfhandel<\/figcaption><\/figure>\n<h3><strong>Warum Rmvapesale f\u00fcr ELF WORLD Plus 20000 Puff Wiederaufladbare Einweg-Vape w\u00e4hlen<\/strong><strong>?<\/strong><\/h3>\n<div class=\"flex-shrink-0 flex flex-col relative items-end\">\n<div class=\"pt-0\">\n<div class=\"gizmo-bot-avatar flex h-8 w-8 items-center justify-center overflow-hidden rounded-full\">\n<div class=\"relative p-1 rounded-sm flex items-center justify-center bg-token-main-surface-primary text-token-text-primary h-8 w-8\">\n<p>&nbsp;<\/p>\n<p>Wenn Sie Rmvapesale f\u00fcr Ihre Gro\u00dfhandelsbed\u00fcrfnisse an Einweg-Vapes w\u00e4hlen, profitieren Sie von:<\/p>\n<ul>\n<li><strong>Wettbewerbsf\u00e4higer Preis<\/strong>: Erhalten Sie Zugang zu attraktiven Gro\u00dfhandelspreisen, die Ihre Gesch\u00e4ftsmargen steigern.<\/li>\n<li><strong>Hohe Qualit\u00e4t<\/strong>: Unsere Vapes werden nach den h\u00f6chsten Standards hergestellt und sind <span style=\"color: #ff0000\"><strong>garantiert 100% original und authentisch, oder es gibt die 10-fache Entsch\u00e4digung f\u00fcr gef\u00e4lschte Ware!<\/strong><\/span><\/li>\n<li><strong>Exzellenter Kundenservice<\/strong>: Unser engagiertes Team ist immer bereit, Ihnen zu helfen, was Ihren Einkaufsprozess reibungslos und problemlos macht.<\/li>\n<li><strong>Schnell<\/strong>: Erwarten Sie einen schnellen und zuverl\u00e4ssigen Versand, der sicherstellt, dass Ihre Bestellungen jedes Mal p\u00fcnktlich ankommen.<\/li>\n<\/ul>\n<\/div>\n<h3><\/h3>\n<div class=\"relative p-1 rounded-sm flex items-center justify-center bg-token-main-surface-primary text-token-text-primary h-8 w-8\">\n<h3><b>ELFWORLD Plus 20000 Puff FAQs<\/b><\/h3>\n<ul>\n<li><strong>Wie man ELFWORLD Plus 20000 Puff wiederaufladbare Einweg-Vape aufl\u00e4dt<\/strong><br \/>\nDer ELFWORLD Plus 20K verf\u00fcgt \u00fcber einen wiederaufladbaren Akku, der \u00fcber den daf\u00fcr vorgesehenen Ladeanschluss aufgeladen werden kann. Schlie\u00dfen Sie ihn einfach an ein Typ-C-kompatibles Ladeger\u00e4t an, um ihn schnell und effizient aufzuladen, was dazu beitr\u00e4gt, ununterbrochene Vaping-Sessions zu gew\u00e4hrleisten.<\/li>\n<li><strong>Wie viel Nikotin ist in einem ELFWORLD Plus 20000 Puff Smart Einweg-Vape enthalten<\/strong><br \/>\nDer ELFWORLD Plus 20K bietet eine nikotinarme Option, obwohl die spezifische Nikotinst\u00e4rke (wie 0%, 2% oder 5%) in den bereitgestellten Inhalten nicht detailliert beschrieben wird. Genaue Nikotingehalte entnehmen Sie bitte der Produktverpackung oder den Informationen des H\u00e4ndlers.<\/li>\n<li><strong>Wie lange sollte ich meine ELFWORLD Plus 20000 Puff Einweg-Vape-Box aufladen?<\/strong><br \/>\nDie Ladezeit kann je nach Stromquelle variieren. Mit der Schnellladetechnologie vom Typ C ist das Ger\u00e4t wahrscheinlich in kurzer Zeit einsatzbereit. Beachten Sie die Echtzeitanzeige auf dem Ger\u00e4t, die den Akkustand in Prozent anzeigt, um den Ladefortschritt zu \u00fcberwachen und zu wissen, wann es vollst\u00e4ndig aufgeladen ist.<\/li>\n<li><strong>Wo kann ich ELFWORLD Plus 20000 Puff Vape kaufen?<\/strong><br \/>\nSie k\u00f6nnen den ELFWORLD Plus 20K Smart Einweg-Vape in Vape-Shops kaufen, <strong>Vape-Bars<\/strong>, und <strong>Vape-Gro\u00dfhandel<\/strong> Lieferanten. Es ist auch online \u00fcber verschiedene Vape-Shop-Plattformen erh\u00e4ltlich, was es einfach macht, <strong>Vapes online kaufen<\/strong>.<\/li>\n<li><strong>Was sind die besten Einweg-Vapes des Jahres 2024?<\/strong><br \/>\nEinige der Top-Einweg-Vapes des Jahres 2024 sind:<\/p>\n<ul>\n<li><strong>ELFWORLD Plus 20K<\/strong>: Mit 20.000 Z\u00fcgen, dualen Saugmodi und einer Echtzeitanzeige.<\/li>\n<li><strong>Elf World i15 Pro 12000<\/strong>: Hohe Anzahl an Z\u00fcgen und wiederaufladbar mit elegantem Design.<\/li>\n<li><strong>AIVONO Lost Mary 6500 Z\u00fcge<\/strong>: Einstellbare Luftzufuhr und kompaktes Design.<\/li>\n<li><strong>Fumot RandM Tornado 30000 Z\u00fcge<\/strong>: Einzigartige RGB-Beleuchtung und langanhaltende Leistung.<\/li>\n<\/ul>\n<\/li>\n<\/ul>\n<p>&nbsp;<\/p>\n<\/div>\n<\/div>\n<\/div>\n<\/div>\n<h3>Zum Versand<\/h3>\n<div class=\"flex-shrink-0 flex flex-col relative items-end\">\n<div>\n<div class=\"pt-0\">\n<div class=\"gizmo-bot-avatar flex h-8 w-8 items-center justify-center overflow-hidden rounded-full\">\n<div><\/div>\n<div class=\"relative p-1 rounded-sm flex items-center justify-center bg-token-main-surface-primary text-token-text-primary h-8 w-8\"><strong>1. Welche Versandmethoden werden verwendet?<\/strong><\/div>\n<\/div>\n<\/div>\n<\/div>\n<\/div>\n<div class=\"group\/conversation-turn relative flex w-full min-w-0 flex-col agent-turn\">\n<div class=\"flex-col gap-1 md:gap-3\">\n<div class=\"flex max-w-full flex-col flex-grow\">\n<div class=\"min-h-[20px] text-message flex w-full flex-col items-end gap-2 whitespace-normal break-words [.text-message+&amp;]:mt-5 overflow-x-auto\" dir=\"auto\" data-message-author-role=\"assistant\" data-message-id=\"22f8283b-3233-46ff-89a5-c7a41b33abda\">\n<div class=\"flex w-full flex-col gap-1 empty:hidden first:pt-[3px]\">\n<div class=\"markdown prose w-full break-words dark:prose-invert light\">\n<p>Wir arbeiten mit UPS, DHL, FedEx, DPD und anderen f\u00fchrenden Transportunternehmen zusammen. Wir w\u00e4hlen die beste Versandmethode basierend auf Ihrem Lieferort aus, um sicherzustellen, dass Sie Ihre Produkte so schnell wie m\u00f6glich erhalten.<\/p>\n<\/div>\n<p><strong>2. Wie lange dauert es, bis die Lieferung ankommt?<\/strong><\/p>\n<p>Pakete, die nach Deutschland versandt werden, kommen normalerweise innerhalb von 10 Werktagen an. Der Versand in europ\u00e4ische L\u00e4nder dauert in der Regel etwa 12-15 Werktage. Wir werden Ihnen Echtzeit-Updates zu Ihrem Versandstatus bereitstellen.<\/p>\n<\/div>\n<\/div>\n<\/div>\n<\/div>\n<\/div>\n<p>&nbsp;<\/p>\n<p>Andere beliebte Vapes, die Ihnen gefallen k\u00f6nnten:<\/p>\n<p><a href=\"https:\/\/rmvapesale.com\/de\/product\/fumot-randm-tornado-30000-puffs-30k-music-disposable-vape\/\"><strong>RandM Tornado 30000 Z\u00fcge\u00a0 \u00a0<span style=\"color: #ff0000\">&gt;&gt;&gt;&gt; los!<\/span><\/strong><\/a><\/p>\n<p><strong><a href=\"https:\/\/rmvapesale.com\/de\/product\/rechargeable-vape-vapme-spacex-22000-puff-wholesale\/\">Vapme Spacex 22000 Puffs <span style=\"color: #ff0000\">&gt;&gt;&gt;&gt; los!<\/span><\/a>\u00a0<\/strong><\/p>\n<p><a href=\"https:\/\/rmvapesale.com\/de\/product\/disposable-vape-poco-bl10000-puffs-wholesale\/\"><strong>POCO BL10000 Z\u00fcge Einweg-Vape <span style=\"color: #ff0000\">&gt;&gt;&gt;&gt; los!<\/span><\/strong><\/a><\/p>\n<p>&nbsp;<\/p>\n<p>&nbsp;<\/p>\n<p>Finden Sie weitere Vape-Produkte, die Ihnen gefallen k\u00f6nnten:<strong><em><a href=\"https:\/\/rmvapesale.com\/de\/shop-2\/\">jetzt einkaufen &gt;&gt;&gt;<\/a><\/em><\/strong><\/p>","protected":false},"excerpt":{"rendered":"<p>Elf World Plus 20000 Puffs LED-Anzeige Einwegger\u00e4t<br \/>\nELFWORLD Plus 20000 Wiederaufladbarer Puff Vape Fabrikpreis<br \/>\nELFWORLD Plus+ 20K Einweg Vape Pod Gro\u00dfhandel<br \/>\n<span style=\"color: #ff0000\">(Versand aus Deutschland Lager und dauert ca. 3-5 Tage, um die meisten europ\u00e4ischen L\u00e4nder wie Niederlande, Frankreich, Italien, Spanien, Schweiz, Schweden, Polen usw. zu erreichen)<\/span><\/p>\n<p><img loading=\"lazy\" decoding=\"async\" class=\"size-full wp-image-2375\" src=\"https:\/\/rmvapesale.com\/wp-content\/uploads\/2024\/10\/image.png\" alt=\"Bester Einweg-Vape\" width=\"229\" height=\"300\" \/><\/p>\n<h3><a href=\"https:\/\/wa.me\/8617776015835\"><span style=\"color: #ff0000\"><strong>WhatsApp: +86 17776015835<\/strong><\/span><\/a><\/h3>\n<p>&nbsp;<\/p>","protected":false},"featured_media":2580,"comment_status":"open","ping_status":"closed","template":"","meta":{"_uag_custom_page_level_css":"","_lmt_disableupdate":"no","_lmt_disable":"","site-sidebar-layout":"default","site-content-layout":"content-boxed-container","ast-site-content-layout":"normal-width-container","site-content-style":"boxed","site-sidebar-style":"unboxed","ast-global-header-display":"","ast-banner-title-visibility":"","ast-main-header-display":"","ast-hfb-above-header-display":"","ast-hfb-below-header-display":"","ast-hfb-mobile-header-display":"","site-post-title":"","ast-breadcrumbs-content":"","ast-featured-img":"","footer-sml-layout":"","theme-transparent-header-meta":"default","adv-header-id-meta":"","stick-header-meta":"","header-above-stick-meta":"","header-main-stick-meta":"","header-below-stick-meta":"","astra-migrate-meta-layouts":"set","ast-page-background-enabled":"default","ast-page-background-meta":{"desktop":{"background-color":"var(--ast-global-color-4)","background-image":"","background-repeat":"repeat","background-position":"center center","background-size":"auto","background-attachment":"scroll","background-type":"","background-media":"","overlay-type":"","overlay-color":"","overlay-opacity":"","overlay-gradient":""},"tablet":{"background-color":"","background-image":"","background-repeat":"repeat","background-position":"center center","background-size":"auto","background-attachment":"scroll","background-type":"","background-media":"","overlay-type":"","overlay-color":"","overlay-opacity":"","overlay-gradient":""},"mobile":{"background-color":"","background-image":"","background-repeat":"repeat","background-position":"center center","background-size":"auto","background-attachment":"scroll","background-type":"","background-media":"","overlay-type":"","overlay-color":"","overlay-opacity":"","overlay-gradient":""}},"ast-content-background-meta":{"desktop":{"background-color":"var(--ast-global-color-5)","background-image":"","background-repeat":"repeat","background-position":"center center","background-size":"auto","background-attachment":"scroll","background-type":"","background-media":"","overlay-type":"","overlay-color":"","overlay-opacity":"","overlay-gradient":""},"tablet":{"background-color":"var(--ast-global-color-5)","background-image":"","background-repeat":"repeat","background-position":"center center","background-size":"auto","background-attachment":"scroll","background-type":"","background-media":"","overlay-type":"","overlay-color":"","overlay-opacity":"","overlay-gradient":""},"mobile":{"background-color":"var(--ast-global-color-5)","background-image":"","background-repeat":"repeat","background-position":"center center","background-size":"auto","background-attachment":"scroll","background-type":"","background-media":"","overlay-type":"","overlay-color":"","overlay-opacity":"","overlay-gradient":""}},"_joinchat":[]},"product_brand":[],"product_cat":[15,195,25,123,26,28,135,27,137,136,30],"product_tag":[146,188,167,194,165,191,120],"class_list":{"0":"post-2582","1":"product","2":"type-product","3":"status-publish","4":"has-post-thumbnail","6":"product_cat-new-vape-this-week","7":"product_cat-germany-warehouse","8":"product_cat-germany-best-selling-vape","9":"product_cat-italy-wholesale-vape","10":"product_cat-netherlands-hot-sale-vape","11":"product_cat-poland-hot-sale-vape","12":"product_cat-spain-best-hot-sale-vape","13":"product_cat-fance-hot-sale-vape","14":"product_cat-rechargeable-vapes","15":"product_cat-smart-screen-vapes","16":"product_cat-minimum-order-quantity-50pcs","17":"product_tag-best-hot-sale-vape","18":"product_tag-buy-vapes-online","19":"product_tag-disposable-vape-with-screen","20":"product_tag-elfworld","21":"product_tag-rechargeable-vapes","22":"product_tag-vape-box","23":"product_tag-vape-wholesale","24":"desktop-align-left","25":"tablet-align-left","26":"mobile-align-left","28":"first","29":"instock","30":"sale","31":"shipping-taxable","32":"purchasable","33":"product-type-simple"},"uagb_featured_image_src":{"full":["https:\/\/rmvapesale.com\/wp-content\/uploads\/2024\/10\/Elfworld-Plus-20000-puffs.jpg",800,800,false],"thumbnail":["https:\/\/rmvapesale.com\/wp-content\/uploads\/2024\/10\/Elfworld-Plus-20000-puffs-150x150.jpg",150,150,true],"medium":["https:\/\/rmvapesale.com\/wp-content\/uploads\/2024\/10\/Elfworld-Plus-20000-puffs-300x300.jpg",300,300,true],"medium_large":["https:\/\/rmvapesale.com\/wp-content\/uploads\/2024\/10\/Elfworld-Plus-20000-puffs-768x768.jpg",768,768,true],"large":["https:\/\/rmvapesale.com\/wp-content\/uploads\/2024\/10\/Elfworld-Plus-20000-puffs.jpg",800,800,false],"1536x1536":["https:\/\/rmvapesale.com\/wp-content\/uploads\/2024\/10\/Elfworld-Plus-20000-puffs.jpg",800,800,false],"2048x2048":["https:\/\/rmvapesale.com\/wp-content\/uploads\/2024\/10\/Elfworld-Plus-20000-puffs.jpg",800,800,false],"trp-custom-language-flag":["https:\/\/rmvapesale.com\/wp-content\/uploads\/2024\/10\/Elfworld-Plus-20000-puffs.jpg",12,12,false],"woocommerce_thumbnail":["https:\/\/rmvapesale.com\/wp-content\/uploads\/2024\/10\/Elfworld-Plus-20000-puffs-300x300.jpg",300,300,true],"woocommerce_single":["https:\/\/rmvapesale.com\/wp-content\/uploads\/2024\/10\/Elfworld-Plus-20000-puffs-600x600.jpg",600,600,true],"woocommerce_gallery_thumbnail":["https:\/\/rmvapesale.com\/wp-content\/uploads\/2024\/10\/Elfworld-Plus-20000-puffs-100x100.jpg",100,100,true],"wcpr-photo-reviews":["https:\/\/rmvapesale.com\/wp-content\/uploads\/2024\/10\/Elfworld-Plus-20000-puffs.jpg",500,500,false]},"uagb_author_info":{"display_name":"AMY","author_link":"https:\/\/rmvapesale.com\/de\/author\/"},"uagb_comment_info":0,"uagb_excerpt":"Elf World Plus 20000 Puffs LED Display Screen Disposable ELFWORLD Plus 20000 Rechargeable Puff Vape Factory Price ELFWORLD Plus+ 20K Disposable Vape Pod Wholesale (Ship from most Germany warehouse and takes about 3-5 days\u00a0 to get arrive to most Europe countries like Netherlands, France, Italy, Spain, Switzerland, Sweden, Poland, etc. ) WhatsApp: +86 17776015835 &nbsp;","_links":{"self":[{"href":"https:\/\/rmvapesale.com\/de\/wp-json\/wp\/v2\/product\/2582","targetHints":{"allow":["GET"]}}],"collection":[{"href":"https:\/\/rmvapesale.com\/de\/wp-json\/wp\/v2\/product"}],"about":[{"href":"https:\/\/rmvapesale.com\/de\/wp-json\/wp\/v2\/types\/product"}],"replies":[{"embeddable":true,"href":"https:\/\/rmvapesale.com\/de\/wp-json\/wp\/v2\/comments?post=2582"}],"wp:featuredmedia":[{"embeddable":true,"href":"https:\/\/rmvapesale.com\/de\/wp-json\/wp\/v2\/media\/2580"}],"wp:attachment":[{"href":"https:\/\/rmvapesale.com\/de\/wp-json\/wp\/v2\/media?parent=2582"}],"wp:term":[{"taxonomy":"product_brand","embeddable":true,"href":"https:\/\/rmvapesale.com\/de\/wp-json\/wp\/v2\/product_brand?post=2582"},{"taxonomy":"product_cat","embeddable":true,"href":"https:\/\/rmvapesale.com\/de\/wp-json\/wp\/v2\/product_cat?post=2582"},{"taxonomy":"product_tag","embeddable":true,"href":"https:\/\/rmvapesale.com\/de\/wp-json\/wp\/v2\/product_tag?post=2582"}],"curies":[{"name":"wp","href":"https:\/\/api.w.org\/{rel}","templated":true}]}}