{"id":2589,"date":"2024-10-28T08:12:17","date_gmt":"2024-10-28T08:12:17","guid":{"rendered":"https:\/\/rmvapesale.com\/?post_type=product&#038;p=2589"},"modified":"2024-10-28T08:47:41","modified_gmt":"2024-10-28T08:47:41","slug":"poco-pt12000-puffs-disposable-vape-pod-electronic-cigarette","status":"publish","type":"product","link":"https:\/\/rmvapesale.com\/de\/product\/poco-pt12000-puffs-disposable-vape-pod-electronic-cigarette\/","title":{"rendered":"POCO PT12000 Puffs Einweg Vape Pod Elektronische Zigarette"},"content":{"rendered":"<div class=\"B2VR9 CJHX3e\">\n<div class=\"wyccme\">\n<h1 class=\"LC20lb MBeuO DKV0Md\">POCO PT12000 Puffs Einweg Vape Pod Elektronische Zigarette<\/h1>\n<div class=\"flex-shrink-0 flex flex-col relative items-end\">\n<div class=\"pt-0\">\n<div class=\"gizmo-bot-avatar flex h-8 w-8 items-center justify-center overflow-hidden rounded-full\">\n<div class=\"relative p-1 rounded-sm flex items-center justify-center bg-token-main-surface-primary text-token-text-primary h-8 w-8\">\n<p>POCO PT12000 Puffs Einweg-Vape setzt Ma\u00dfst\u00e4be als einer der leistungsst\u00e4rksten wiederaufladbaren Einweg-Vapes, der beeindruckende 12.000 Z\u00fcge in einem schlanken, wiederaufladbaren Design liefert. Dieses 12k-Puff-Vape-Ger\u00e4t bringt eine mutige Wendung auf den Einweg-Vape-Markt mit Funktionen, die selbst die anspruchsvollsten Dampfer zufriedenstellen. Ausgestattet mit einer Hochleistungs-Mesh-Spule ist der POCO PT 12000 mit Premium-Nikotinsalz-E-Liquid vorgef\u00fcllt, was jedes Mal f\u00fcr reichen Geschmack und sanften Dampf sorgt.<\/p>\n<p>Angetrieben von einem robusten, wiederaufladbaren 650-mAh-Akku und einem praktischen Typ-C-Ladeanschluss, l\u00e4dt dieses Vape-Pod-Ger\u00e4t schnell, sodass Sie nie warten m\u00fcssen. Die einstellbare Luftstromfunktion erm\u00f6glicht es Benutzern, jeden Zug anzupassen, egal ob sie einen engeren oder offeneren Zug bevorzugen. Mit einer starken 5%-igen Nikotinsalzkonzentration ist dieser Vape ideal f\u00fcr erfahrene Dampfer, die einen befriedigenden Kehlkopfsto\u00df suchen.<\/p>\n<p>Perfekt f\u00fcr Gro\u00dfhandels-Vape-Shops und Gro\u00dfabnehmer, die Vapes online kaufen m\u00f6chten, kombiniert der POCO PT 12k Puff Premium-Qualit\u00e4t und benutzerfreundliche Funktionen, um ein unschlagbares Dampferlebnis zu schaffen, das sich von der Konkurrenz abhebt.<\/p>\n<p>&nbsp;<\/p>\n<\/div>\n<\/div>\n<\/div>\n<\/div>\n<\/div>\n<\/div>\n<p><strong>Kontaktieren Sie Amy, um die richtige Antwort und einen Gutschein f\u00fcr E-Zigaretten zu erhalten!<\/strong><\/p>\n<p><img loading=\"lazy\" decoding=\"async\" class=\"size-full wp-image-1978\" src=\"https:\/\/rmvapesale.com\/wp-content\/uploads\/2024\/09\/Disposable-Vape-Wholesale.jpg\" alt=\"Einweg-Vape Gro\u00dfhandel\" width=\"229\" height=\"300\" \/><\/p>\n<h3><a href=\"https:\/\/wa.me\/8617776015835\" target=\"_blank\" rel=\"noopener\"><span style=\"color: #ff0000\"><strong>WhatsApp: +86 17776015835<\/strong><\/span><\/a><\/h3>\n<p>&nbsp;<\/p>\n<h2><\/h2>\n<h2><strong>Einweg-Vape POCO PT12000 <\/strong><strong>Hauptmerkmale<\/strong><\/h2>\n<p>Nikotin: 5%<br \/>\nZ\u00fcge: 12000<br \/>\nKapazit\u00e4t: 22ml<br \/>\n10 Geschmacksrichtungen verf\u00fcgbar<br \/>\n650mAh wiederaufladbar<br \/>\nMesh Coil<br \/>\nTyp-C, wiederaufladbar<\/p>\n<figure id=\"attachment_2588\" aria-describedby=\"caption-attachment-2588\" style=\"width: 800px\" class=\"wp-caption alignnone\"><img loading=\"lazy\" decoding=\"async\" class=\"wp-image-2588 size-full\" src=\"https:\/\/rmvapesale.com\/wp-content\/uploads\/2024\/10\/Poco-pt12000-For-Sale.jpg\" alt=\"Poco Pt12000 zu verkaufen\" width=\"800\" height=\"800\" srcset=\"https:\/\/rmvapesale.com\/wp-content\/uploads\/2024\/10\/Poco-pt12000-For-Sale.jpg 800w, https:\/\/rmvapesale.com\/wp-content\/uploads\/2024\/10\/Poco-pt12000-For-Sale-300x300.jpg 300w, https:\/\/rmvapesale.com\/wp-content\/uploads\/2024\/10\/Poco-pt12000-For-Sale-150x150.jpg 150w, https:\/\/rmvapesale.com\/wp-content\/uploads\/2024\/10\/Poco-pt12000-For-Sale-768x768.jpg 768w, https:\/\/rmvapesale.com\/wp-content\/uploads\/2024\/10\/Poco-pt12000-For-Sale-600x600.jpg 600w, https:\/\/rmvapesale.com\/wp-content\/uploads\/2024\/10\/Poco-pt12000-For-Sale-100x100.jpg 100w\" sizes=\"auto, (max-width: 800px) 100vw, 800px\" \/><figcaption id=\"caption-attachment-2588\" class=\"wp-caption-text\">Poco Pt12000 zu verkaufen<\/figcaption><\/figure>\n<h2><strong>Top-Geschmack f\u00fcr POCO PT12000 Puffs Einweg-Vape<\/strong><strong>\u00a0<\/strong><\/h2>\n<p>&nbsp;<\/p>\n<p>1. Heidelbeereis<span style=\"color: #ff0000\"><strong>&gt;&gt;&gt;&gt; Hei\u00df!<\/strong><\/span><br \/>\n2. Erdbeere Wassermelone<br \/>\n3. Schwarzeis Drachenfrucht Erdbeere<br \/>\n4. Energy-Drink<br \/>\n5. Pfirsicheis<br \/>\n6. Kirsche Pfirsich Limonade<br \/>\n7. Heidelbeere Himbeere <span style=\"color: #ff0000\"><strong>&gt;&gt;&gt;&gt; Am besten!<\/strong><\/span><br \/>\n8. Erdbeere Kiwi<br \/>\n9. Aloe Traube<br \/>\n10. Erdbeereis <span style=\"color: #ff0000\"><strong>&gt;&gt;&gt;&gt; Hei\u00df!<\/strong><\/span><\/p>\n<p>&nbsp;<\/p>\n<h3><strong>Warum Rmvapesale w\u00e4hlen f\u00fcr <\/strong><strong>POCO PT12000 <\/strong><strong>Puffs wiederaufladbare Einweg-Vape<\/strong><strong>?<\/strong><\/h3>\n<div class=\"flex-shrink-0 flex flex-col relative items-end\">\n<div class=\"pt-0\">\n<div class=\"gizmo-bot-avatar flex h-8 w-8 items-center justify-center overflow-hidden rounded-full\">\n<div class=\"relative p-1 rounded-sm flex items-center justify-center bg-token-main-surface-primary text-token-text-primary h-8 w-8\">\n<p>&nbsp;<\/p>\n<p>Wenn Sie Rmvapesale f\u00fcr Ihre Gro\u00dfhandelsbed\u00fcrfnisse an Einweg-Vapes w\u00e4hlen, profitieren Sie von:<\/p>\n<ul>\n<li><strong>Wettbewerbsf\u00e4higer Preis<\/strong>: Erhalten Sie Zugang zu attraktiven Gro\u00dfhandelspreisen, die Ihre Gesch\u00e4ftsmargen steigern.<\/li>\n<li><strong>Hohe Qualit\u00e4t<\/strong>: Unsere Vapes werden nach den h\u00f6chsten Standards hergestellt und sind <span style=\"color: #ff0000\"><strong>garantiert 100% original und authentisch, oder es gibt die 10-fache Entsch\u00e4digung f\u00fcr gef\u00e4lschte Ware!<\/strong><\/span><\/li>\n<li><strong>Exzellenter Kundenservice<\/strong>: Unser engagiertes Team ist immer bereit, Ihnen zu helfen, was Ihren Einkaufsprozess reibungslos und problemlos macht.<\/li>\n<li><strong>Schnell<\/strong>: Erwarten Sie einen schnellen und zuverl\u00e4ssigen Versand, der sicherstellt, dass Ihre Bestellungen jedes Mal p\u00fcnktlich ankommen.<\/li>\n<\/ul>\n<\/div>\n<h3><\/h3>\n<div class=\"relative p-1 rounded-sm flex items-center justify-center bg-token-main-surface-primary text-token-text-primary h-8 w-8\">\n<h3><b>Vape POCO <\/b><strong>PT12000 <\/strong><b>Puff FAQs<\/b><\/h3>\n<p><strong>1. Wie lade ich die wiederaufladbare Einweg-Vape POCO PT 12K auf?<\/strong><br \/>\nUm Ihre POCO PT 12000 aufzuladen, verwenden Sie ein Typ-C-Ladekabel. Stecken Sie es einfach in den Anschluss an der Unterseite des Ger\u00e4ts. Stellen Sie sicher, dass es f\u00fcr eine stabile Ladung an eine kompatible Stromquelle angeschlossen ist. Die POCO PT 12000 ist f\u00fcr schnelles Laden ausgelegt, sodass Sie im Handumdrehen dampfen k\u00f6nnen!<\/p>\n<p><strong>2. Wie viel Nikotin ist in einem POCO PT12000 Puffs Einweg-Vape-Pod?<\/strong><br \/>\nDer POCO PT 12000 bietet Nikotinkonzentrationen von 5% Salz-Nikotin und sorgt so f\u00fcr ein kr\u00e4ftiges und befriedigendes Dampferlebnis f\u00fcr diejenigen, die einen st\u00e4rkeren Hit suchen.<\/p>\n<p><strong>3. Wie lange sollte ich meine POCO 12000 Puffs Einweg-Vape-Box aufladen?<\/strong><br \/>\nF\u00fcr eine optimale Leistung laden Sie die POCO 12000 etwa 1-2 Stunden oder bis sie vollst\u00e4ndig aufgeladen ist. Es ist am besten, diese Zeit nicht zu \u00fcberschreiten, um die Akkulebensdauer zu erhalten.<\/p>\n<p><strong>4. Wo kann ich die POCO PT12000 Puffs Puff Vape Bar kaufen?<\/strong><br \/>\nDie POCO PT12000 Puffs Puff Vape Bar ist bei vielen Online-Vape-H\u00e4ndlern, in Vape-Shops und bei ausgew\u00e4hlten Vape-Gro\u00dfh\u00e4ndlern erh\u00e4ltlich. F\u00fcr bequeme Optionen ziehen Sie in Betracht, beliebte Online-Vape-Shops wie rmvapesale zu durchsuchen, um die besten Angebote zu finden.<\/p>\n<p><strong>5. Was sind die besten Einweg-Vapes f\u00fcr 2024?<\/strong><br \/>\nDie POCO PT12000 geh\u00f6rt dank ihrer hohen Zuganzahl, des einstellbaren Luftstroms, der Premium-Mesh-Spule und des wiederaufladbaren Akkus zu den besten Einweg-Vapes f\u00fcr 2024. Mit ihrer qualitativ hochwertigen Leistung und dem innovativen Design sticht sie als Top-Wahl f\u00fcr langanhaltende, geschmackvolle Dampferlebnisse hervor.<\/p>\n<\/div>\n<\/div>\n<\/div>\n<\/div>\n<h3>Zum Versand<\/h3>\n<div class=\"flex-shrink-0 flex flex-col relative items-end\">\n<div>\n<div class=\"pt-0\">\n<div class=\"gizmo-bot-avatar flex h-8 w-8 items-center justify-center overflow-hidden rounded-full\">\n<div><\/div>\n<div class=\"relative p-1 rounded-sm flex items-center justify-center bg-token-main-surface-primary text-token-text-primary h-8 w-8\"><strong>1. Welche Versandmethoden werden verwendet?<\/strong><\/div>\n<\/div>\n<\/div>\n<\/div>\n<\/div>\n<div class=\"group\/conversation-turn relative flex w-full min-w-0 flex-col agent-turn\">\n<div class=\"flex-col gap-1 md:gap-3\">\n<div class=\"flex max-w-full flex-col flex-grow\">\n<div class=\"min-h-[20px] text-message flex w-full flex-col items-end gap-2 whitespace-normal break-words [.text-message+&amp;]:mt-5 overflow-x-auto\" dir=\"auto\" data-message-author-role=\"assistant\" data-message-id=\"22f8283b-3233-46ff-89a5-c7a41b33abda\">\n<div class=\"flex w-full flex-col gap-1 empty:hidden first:pt-[3px]\">\n<div class=\"markdown prose w-full break-words dark:prose-invert light\">\n<p>Wir arbeiten mit UPS, DHL, FedEx, DPD und anderen f\u00fchrenden Transportunternehmen zusammen. Wir w\u00e4hlen die beste Versandmethode basierend auf Ihrem Lieferort aus, um sicherzustellen, dass Sie Ihre Produkte so schnell wie m\u00f6glich erhalten.<\/p>\n<\/div>\n<p><strong>2. Wie lange dauert es, bis die Lieferung ankommt?<\/strong><\/p>\n<p>Pakete, die nach Deutschland versandt werden, kommen normalerweise innerhalb von 10 Werktagen an. Der Versand in europ\u00e4ische L\u00e4nder dauert in der Regel etwa 12-15 Werktage. Wir werden Ihnen Echtzeit-Updates zu Ihrem Versandstatus bereitstellen.<\/p>\n<\/div>\n<\/div>\n<\/div>\n<\/div>\n<\/div>\n<p>&nbsp;<\/p>\n<p>Andere beliebte Vapes, die Ihnen gefallen k\u00f6nnten:<\/p>\n<p><a href=\"https:\/\/rmvapesale.com\/de\/product\/fumot-randm-tornado-30000-puffs-30k-music-disposable-vape\/\"><strong>RandM Tornado 30000 Z\u00fcge\u00a0 \u00a0<span style=\"color: #ff0000\">&gt;&gt;&gt;&gt; los!<\/span><\/strong><\/a><\/p>\n<p><strong><a href=\"https:\/\/rmvapesale.com\/de\/product\/disposable-vape-poco-bl10000-puffs-wholesale\/\">POCO BL10000 Puffs <span style=\"color: #ff0000\">&gt;&gt;&gt;&gt; los!<\/span><\/a>\u00a0<\/strong><\/p>\n<p><a href=\"https:\/\/rmvapesale.com\/de\/product\/original-randm-vape-digital-puff-12000-fumot-factory-price\/\"><strong>Fumot Vape 12000 Z\u00fcge <span style=\"color: #ff0000\">&gt;&gt;&gt;&gt; los!<\/span><\/strong><\/a><\/p>\n<p>&nbsp;<\/p>\n<p>&nbsp;<\/p>\n<p>Finden Sie weitere Vape-Produkte, die Ihnen gefallen k\u00f6nnten:<strong><em><a href=\"https:\/\/rmvapesale.com\/de\/shop-2\/\">jetzt einkaufen &gt;&gt;&gt;<\/a><\/em><\/strong><\/p>","protected":false},"excerpt":{"rendered":"<p>POCO PT 12000 Puffs Einweg-Vape Fabrikpreis<br \/>\nEU-Lager Poco PT12000 Puffs Einweg-Vape auf Lager<br \/>\nPOCO PT 12000 Puffs Einweg-Vape Gro\u00dfhandel<br \/>\n<span style=\"color: #ff0000\">(Versand aus Deutschland Lager und dauert ca. 3-5 Tage, um die meisten europ\u00e4ischen L\u00e4nder wie Niederlande, Frankreich, Italien, Spanien, Schweiz, Schweden, Polen usw. zu erreichen)<\/span><\/p>\n<p><img loading=\"lazy\" decoding=\"async\" class=\"size-full wp-image-2375\" src=\"https:\/\/rmvapesale.com\/wp-content\/uploads\/2024\/10\/image.png\" alt=\"Bester Einweg-Vape\" width=\"229\" height=\"300\" \/><\/p>\n<h3><a href=\"https:\/\/wa.me\/8617776015835\"><span style=\"color: #ff0000\"><strong>WhatsApp: +86 17776015835<\/strong><\/span><\/a><\/h3>\n<p>&nbsp;<\/p>","protected":false},"featured_media":2586,"comment_status":"open","ping_status":"closed","template":"","meta":{"_uag_custom_page_level_css":"","_lmt_disableupdate":"no","_lmt_disable":"","site-sidebar-layout":"default","site-content-layout":"content-boxed-container","ast-site-content-layout":"normal-width-container","site-content-style":"boxed","site-sidebar-style":"unboxed","ast-global-header-display":"","ast-banner-title-visibility":"","ast-main-header-display":"","ast-hfb-above-header-display":"","ast-hfb-below-header-display":"","ast-hfb-mobile-header-display":"","site-post-title":"","ast-breadcrumbs-content":"","ast-featured-img":"","footer-sml-layout":"","theme-transparent-header-meta":"default","adv-header-id-meta":"","stick-header-meta":"","header-above-stick-meta":"","header-main-stick-meta":"","header-below-stick-meta":"","astra-migrate-meta-layouts":"set","ast-page-background-enabled":"default","ast-page-background-meta":{"desktop":{"background-color":"var(--ast-global-color-4)","background-image":"","background-repeat":"repeat","background-position":"center center","background-size":"auto","background-attachment":"scroll","background-type":"","background-media":"","overlay-type":"","overlay-color":"","overlay-opacity":"","overlay-gradient":""},"tablet":{"background-color":"","background-image":"","background-repeat":"repeat","background-position":"center center","background-size":"auto","background-attachment":"scroll","background-type":"","background-media":"","overlay-type":"","overlay-color":"","overlay-opacity":"","overlay-gradient":""},"mobile":{"background-color":"","background-image":"","background-repeat":"repeat","background-position":"center center","background-size":"auto","background-attachment":"scroll","background-type":"","background-media":"","overlay-type":"","overlay-color":"","overlay-opacity":"","overlay-gradient":""}},"ast-content-background-meta":{"desktop":{"background-color":"var(--ast-global-color-5)","background-image":"","background-repeat":"repeat","background-position":"center center","background-size":"auto","background-attachment":"scroll","background-type":"","background-media":"","overlay-type":"","overlay-color":"","overlay-opacity":"","overlay-gradient":""},"tablet":{"background-color":"var(--ast-global-color-5)","background-image":"","background-repeat":"repeat","background-position":"center center","background-size":"auto","background-attachment":"scroll","background-type":"","background-media":"","overlay-type":"","overlay-color":"","overlay-opacity":"","overlay-gradient":""},"mobile":{"background-color":"var(--ast-global-color-5)","background-image":"","background-repeat":"repeat","background-position":"center center","background-size":"auto","background-attachment":"scroll","background-type":"","background-media":"","overlay-type":"","overlay-color":"","overlay-opacity":"","overlay-gradient":""}},"_joinchat":[]},"product_brand":[],"product_cat":[15,195,25,123,26,28,135,27,137,30],"product_tag":[146,188,167,165,191,196,120],"class_list":{"0":"post-2589","1":"product","2":"type-product","3":"status-publish","4":"has-post-thumbnail","6":"product_cat-new-vape-this-week","7":"product_cat-germany-warehouse","8":"product_cat-germany-best-selling-vape","9":"product_cat-italy-wholesale-vape","10":"product_cat-netherlands-hot-sale-vape","11":"product_cat-poland-hot-sale-vape","12":"product_cat-spain-best-hot-sale-vape","13":"product_cat-fance-hot-sale-vape","14":"product_cat-rechargeable-vapes","15":"product_cat-minimum-order-quantity-50pcs","16":"product_tag-best-hot-sale-vape","17":"product_tag-buy-vapes-online","18":"product_tag-disposable-vape-with-screen","19":"product_tag-rechargeable-vapes","20":"product_tag-vape-box","21":"product_tag-vape-shop","22":"product_tag-vape-wholesale","23":"desktop-align-left","24":"tablet-align-left","25":"mobile-align-left","27":"first","28":"instock","29":"sale","30":"shipping-taxable","31":"purchasable","32":"product-type-simple"},"uagb_featured_image_src":{"full":["https:\/\/rmvapesale.com\/wp-content\/uploads\/2024\/10\/POCO-PT-12000-Puffs-Disposable-Vape.jpg",800,800,false],"thumbnail":["https:\/\/rmvapesale.com\/wp-content\/uploads\/2024\/10\/POCO-PT-12000-Puffs-Disposable-Vape-150x150.jpg",150,150,true],"medium":["https:\/\/rmvapesale.com\/wp-content\/uploads\/2024\/10\/POCO-PT-12000-Puffs-Disposable-Vape-300x300.jpg",300,300,true],"medium_large":["https:\/\/rmvapesale.com\/wp-content\/uploads\/2024\/10\/POCO-PT-12000-Puffs-Disposable-Vape-768x768.jpg",768,768,true],"large":["https:\/\/rmvapesale.com\/wp-content\/uploads\/2024\/10\/POCO-PT-12000-Puffs-Disposable-Vape.jpg",800,800,false],"1536x1536":["https:\/\/rmvapesale.com\/wp-content\/uploads\/2024\/10\/POCO-PT-12000-Puffs-Disposable-Vape.jpg",800,800,false],"2048x2048":["https:\/\/rmvapesale.com\/wp-content\/uploads\/2024\/10\/POCO-PT-12000-Puffs-Disposable-Vape.jpg",800,800,false],"trp-custom-language-flag":["https:\/\/rmvapesale.com\/wp-content\/uploads\/2024\/10\/POCO-PT-12000-Puffs-Disposable-Vape.jpg",12,12,false],"woocommerce_thumbnail":["https:\/\/rmvapesale.com\/wp-content\/uploads\/2024\/10\/POCO-PT-12000-Puffs-Disposable-Vape-300x300.jpg",300,300,true],"woocommerce_single":["https:\/\/rmvapesale.com\/wp-content\/uploads\/2024\/10\/POCO-PT-12000-Puffs-Disposable-Vape-600x600.jpg",600,600,true],"woocommerce_gallery_thumbnail":["https:\/\/rmvapesale.com\/wp-content\/uploads\/2024\/10\/POCO-PT-12000-Puffs-Disposable-Vape-100x100.jpg",100,100,true],"wcpr-photo-reviews":["https:\/\/rmvapesale.com\/wp-content\/uploads\/2024\/10\/POCO-PT-12000-Puffs-Disposable-Vape.jpg",500,500,false]},"uagb_author_info":{"display_name":"AMY","author_link":"https:\/\/rmvapesale.com\/de\/author\/"},"uagb_comment_info":0,"uagb_excerpt":"POCO PT 12000 Puffs Disposable Vape Factory Price EU Warehouse Poco PT12000 Puffs Disposable Vape in Stock POCO PT 12000 Puffs Disposable Vape Wholesale (Ship from Germany warehouse and takes about 3-5 days\u00a0 to get arrive to most Europe countries like Netherlands, France, Italy, Spain, Switzerland, Sweden, Poland, etc. ) WhatsApp: +86 17776015835 &nbsp;","_links":{"self":[{"href":"https:\/\/rmvapesale.com\/de\/wp-json\/wp\/v2\/product\/2589","targetHints":{"allow":["GET"]}}],"collection":[{"href":"https:\/\/rmvapesale.com\/de\/wp-json\/wp\/v2\/product"}],"about":[{"href":"https:\/\/rmvapesale.com\/de\/wp-json\/wp\/v2\/types\/product"}],"replies":[{"embeddable":true,"href":"https:\/\/rmvapesale.com\/de\/wp-json\/wp\/v2\/comments?post=2589"}],"wp:featuredmedia":[{"embeddable":true,"href":"https:\/\/rmvapesale.com\/de\/wp-json\/wp\/v2\/media\/2586"}],"wp:attachment":[{"href":"https:\/\/rmvapesale.com\/de\/wp-json\/wp\/v2\/media?parent=2589"}],"wp:term":[{"taxonomy":"product_brand","embeddable":true,"href":"https:\/\/rmvapesale.com\/de\/wp-json\/wp\/v2\/product_brand?post=2589"},{"taxonomy":"product_cat","embeddable":true,"href":"https:\/\/rmvapesale.com\/de\/wp-json\/wp\/v2\/product_cat?post=2589"},{"taxonomy":"product_tag","embeddable":true,"href":"https:\/\/rmvapesale.com\/de\/wp-json\/wp\/v2\/product_tag?post=2589"}],"curies":[{"name":"wp","href":"https:\/\/api.w.org\/{rel}","templated":true}]}}