{"id":2596,"date":"2024-10-28T09:08:31","date_gmt":"2024-10-28T09:08:31","guid":{"rendered":"https:\/\/rmvapesale.com\/?post_type=product&#038;p=2596"},"modified":"2024-10-28T09:48:39","modified_gmt":"2024-10-28T09:48:39","slug":"poco-sl15000-disposable-vape-5-nicotine-smart-vape","status":"publish","type":"product","link":"https:\/\/rmvapesale.com\/de\/product\/poco-sl15000-disposable-vape-5-nicotine-smart-vape\/","title":{"rendered":"POCO SL15000 Einweg-Vape 5% Nikotin Smart Vape"},"content":{"rendered":"<div class=\"B2VR9 CJHX3e\">\n<div class=\"wyccme\">\n<h1 class=\"LC20lb MBeuO DKV0Md\">POCO SL15000 Einweg-Vape 5% Nikotin Smart Vape Gro\u00dfhandel<\/h1>\n<div class=\"flex-shrink-0 flex flex-col relative items-end\">\n<div class=\"pt-0\">\n<div class=\"gizmo-bot-avatar flex h-8 w-8 items-center justify-center overflow-hidden rounded-full\">\n<div class=\"relative p-1 rounded-sm flex items-center justify-center bg-token-main-surface-primary text-token-text-primary h-8 w-8\">\n<p>Das POCO SL15000 Einweg-Vape ist ein hochmodernes Verdampferger\u00e4t, das f\u00fcr Komfort und au\u00dfergew\u00f6hnlichen Geschmack entwickelt wurde. Mit einem beeindruckenden Fassungsverm\u00f6gen von 24 ml bietet dieses Ger\u00e4t bis zu 15.000 Z\u00fcge und ist eines der beliebtesten Einweg-Vapes auf dem Markt.<\/p>\n<p>Hergestellt aus hochwertigen Zutaten, sorgt das POCO SL15000 f\u00fcr ein konsistentes und angenehmes Dampferlebnis bei jedem Zug und hebt sich dadurch von anderen bekannten Vape-Marken ab. Als Top-Wahl f\u00fcr sowohl Gelegenheitssmoker als auch engagierte Vape-Enthusiasten bietet dieses Ger\u00e4t Vielseitigkeit f\u00fcr l\u00e4ngeren Gebrauch, einschlie\u00dflich Optionen mit niedrigem Nikotingehalt.<\/p>\n<p>Perfekt f\u00fcr den Einsatz unterwegs und zum Entspannen zu Hause, verspricht das POCO SL15000 ununterbrochenes Dampfervergn\u00fcgen. Sein elegantes Design und benutzerfreundliche Funktionen machen es zu einer f\u00fchrenden Wahl bei Gro\u00dfpackungen und es gewinnt an Popularit\u00e4t als bester Einweg-Vape des Jahres 2024. Als wiederaufladbares Vape-Ger\u00e4t verbessert der praktische Typ-C-Anschluss das Erlebnis, w\u00e4hrend ein klarer Bildschirm den Batteriestand und den E-Liquid-Stand anzeigt \u2013 eine Funktion, die von vielen Vape-Nutzern gesch\u00e4tzt wird.<\/p>\n<p>F\u00fcr diejenigen, die nach Gro\u00dfhandelsvapes, Einweg-Vapes online oder in einem Vape-Shop suchen, hebt sich das POCO SL15000 durch seine hohe Leistung und sein Design hervor, ideal f\u00fcr alle, die ein 15000-Z\u00fcge-Vape-Erlebnis ohne mehrere Ger\u00e4te w\u00fcnschen.<\/p>\n<p>&nbsp;<\/p>\n<\/div>\n<\/div>\n<\/div>\n<\/div>\n<\/div>\n<\/div>\n<p><strong>Kontaktieren Sie Amy, um die richtige Antwort und einen Gutschein f\u00fcr E-Zigaretten zu erhalten!<\/strong><\/p>\n<p><img loading=\"lazy\" decoding=\"async\" class=\"size-full wp-image-1978\" src=\"https:\/\/rmvapesale.com\/wp-content\/uploads\/2024\/09\/Disposable-Vape-Wholesale.jpg\" alt=\"Einweg-Vape Gro\u00dfhandel\" width=\"229\" height=\"300\" \/><\/p>\n<h3><a href=\"https:\/\/wa.me\/8617776015835\" target=\"_blank\" rel=\"noopener\"><span style=\"color: #ff0000\"><strong>WhatsApp: +86 17776015835<\/strong><\/span><\/a><\/h3>\n<p>&nbsp;<\/p>\n<h2><\/h2>\n<h2><strong>POCO SL15000 Einweg-Vape <\/strong><strong>Hauptmerkmale<\/strong><\/h2>\n<p>Nikotin: 5%<br \/>\nZ\u00fcge: 15000<br \/>\nKapazit\u00e4t: 24ml<br \/>\n12 Geschmacksrichtungen verf\u00fcgbar<br \/>\nMesh Coil<br \/>\nBatterie: 850 mAh<br \/>\nSmart Screen: Batteriekapazit\u00e4t \/ E-Liquid-Kapazit\u00e4t<\/p>\n<p>&nbsp;<\/p>\n<figure id=\"attachment_2591\" aria-describedby=\"caption-attachment-2591\" style=\"width: 800px\" class=\"wp-caption alignnone\"><img loading=\"lazy\" decoding=\"async\" class=\"wp-image-2591 size-full\" src=\"https:\/\/rmvapesale.com\/wp-content\/uploads\/2024\/10\/Poco-SL-15000-Puffs-Disposable-Vape-Wholesale.png\" alt=\"Poco SL 15000 Z\u00fcge Einweg-Vape Gro\u00dfhandel\" width=\"800\" height=\"800\" srcset=\"https:\/\/rmvapesale.com\/wp-content\/uploads\/2024\/10\/Poco-SL-15000-Puffs-Disposable-Vape-Wholesale.png 800w, https:\/\/rmvapesale.com\/wp-content\/uploads\/2024\/10\/Poco-SL-15000-Puffs-Disposable-Vape-Wholesale-300x300.png 300w, https:\/\/rmvapesale.com\/wp-content\/uploads\/2024\/10\/Poco-SL-15000-Puffs-Disposable-Vape-Wholesale-150x150.png 150w, https:\/\/rmvapesale.com\/wp-content\/uploads\/2024\/10\/Poco-SL-15000-Puffs-Disposable-Vape-Wholesale-768x768.png 768w, https:\/\/rmvapesale.com\/wp-content\/uploads\/2024\/10\/Poco-SL-15000-Puffs-Disposable-Vape-Wholesale-600x600.png 600w, https:\/\/rmvapesale.com\/wp-content\/uploads\/2024\/10\/Poco-SL-15000-Puffs-Disposable-Vape-Wholesale-100x100.png 100w\" sizes=\"auto, (max-width: 800px) 100vw, 800px\" \/><figcaption id=\"caption-attachment-2591\" class=\"wp-caption-text\">Poco SL 15000 Z\u00fcge Einweg-Vape Gro\u00dfhandel<\/figcaption><\/figure>\n<h2><strong>Top-Geschmack f\u00fcr POCO <\/strong><strong>SL15000 <\/strong><strong>Z\u00fcge Einweg-Vape<\/strong><strong>\u00a0<\/strong><\/h2>\n<p>Dieser Einweg-Vaporizer mit Bildschirm ist perfekt f\u00fcr diejenigen, die eine Vielfalt an Geschmacksrichtungen genie\u00dfen, da er in einer umfangreichen Auswahl erh\u00e4ltlich ist, darunter Aloe Grape, Blueberry Raspberry Lemonade, Strawberry Watermelon und viele mehr. Jede Geschmacksrichtung ist so konzipiert, dass sie ein zufriedenstellendes und sanftes Dampferlebnis bietet, sodass Benutzer ihren bevorzugten Geschmack ohne Kompromisse genie\u00dfen k\u00f6nnen.<\/p>\n<p>1. Aloe Traube<br \/>\n2. Blaubeere Himbeere Zitrone <span style=\"color: #ff0000\"><strong>&gt;&gt;&gt;&gt; Hei\u00df!<\/strong><\/span><br \/>\n3.Erdbeere Wassermelone<br \/>\n4. Schwarzes Eis Drachenfrucht Erdbeere<span style=\"color: #ff0000\"><strong>&gt;&gt;&gt;&gt; Hei\u00df!<\/strong><\/span><br \/>\n5.Energy-Drink<br \/>\n6. Erdbeere Himbeere Kiwi<br \/>\n7. Traube Preiselbeere Pfirsich<br \/>\n8. Brombeere Preiselbeere<br \/>\n9. Erdbeere Kirsche <span style=\"color: #ff0000\"><strong>&gt;&gt;&gt;&gt; Am besten!<\/strong><\/span><br \/>\n10. Ananas Erdbeere Banane<br \/>\n11. Wassermelone Litschi<br \/>\n12. Ananas Apfel<\/p>\n<p>&nbsp;<\/p>\n<h3><strong>Warum Rmvapesale f\u00fcr POCO SL15000 w\u00e4hlen<\/strong><strong>\u00a0Wiederaufladbare Einweg-Vape<\/strong><strong>?<\/strong><\/h3>\n<div class=\"flex-shrink-0 flex flex-col relative items-end\">\n<div class=\"pt-0\">\n<div class=\"gizmo-bot-avatar flex h-8 w-8 items-center justify-center overflow-hidden rounded-full\">\n<div class=\"relative p-1 rounded-sm flex items-center justify-center bg-token-main-surface-primary text-token-text-primary h-8 w-8\">\n<p>&nbsp;<\/p>\n<p>Wenn Sie Rmvapesale f\u00fcr Ihre Gro\u00dfhandelsbed\u00fcrfnisse an Einweg-Vapes w\u00e4hlen, profitieren Sie von:<\/p>\n<ul>\n<li><strong>Wettbewerbsf\u00e4higer Preis<\/strong>: Erhalten Sie Zugang zu attraktiven Gro\u00dfhandelspreisen, die Ihre Gesch\u00e4ftsmargen steigern.<\/li>\n<li><strong>Hohe Qualit\u00e4t<\/strong>: Unsere Vapes werden nach den h\u00f6chsten Standards hergestellt und sind <span style=\"color: #ff0000\"><strong>garantiert 100% original und authentisch, oder es gibt die 10-fache Entsch\u00e4digung f\u00fcr gef\u00e4lschte Ware!<\/strong><\/span><\/li>\n<li><strong>Exzellenter Kundenservice<\/strong>: Unser engagiertes Team ist immer bereit, Ihnen zu helfen, was Ihren Einkaufsprozess reibungslos und problemlos macht.<\/li>\n<li><strong>Schnell<\/strong>: Erwarten Sie einen schnellen und zuverl\u00e4ssigen Versand, der sicherstellt, dass Ihre Bestellungen jedes Mal p\u00fcnktlich ankommen.<\/li>\n<\/ul>\n<\/div>\n<h3><\/h3>\n<div class=\"relative p-1 rounded-sm flex items-center justify-center bg-token-main-surface-primary text-token-text-primary h-8 w-8\">\n<h3><b>Dampfen mit POCO SL 15000<\/b><strong>\u00a0<\/strong><b>Puff FAQs<\/b><\/h3>\n<p><strong>Wie lade ich die wiederaufladbare Einweg-Dampfe POCO SL15000 Puffs auf?<\/strong><br \/>\nUm Ihre POCO SL15000 Puffs Einweg-Dampfe aufzuladen, verwenden Sie den Type-C-Ladeanschluss am Ger\u00e4t. Verbinden Sie ihn einfach mit einem kompatiblen USB-C-Kabel und stecken Sie ihn in eine Stromquelle. Dadurch kann die wiederaufladbare Batterie der Dampfe schnell aufgeladen werden, sodass Sie ununterbrochen dampfen k\u00f6nnen.<\/p>\n<p><strong>Wie viel Nikotin enth\u00e4lt eine POCO SL15000 Vape?<\/strong><br \/>\nDie POCO SL15000 Vape bietet Nikotinalternativen, die auf unterschiedliche Vorlieben abgestimmt sind, einschlie\u00dflich niedriger Nikotinstufen. W\u00e4hlen Sie die Konzentration, die am besten zu Ihren Bed\u00fcrfnissen passt, um ein personalisiertes Dampferlebnis mit hochwertigen Inhaltsstoffen und langanhaltendem Geschmack zu genie\u00dfen.<\/p>\n<p><strong>Wie lange sollte ich meine POCO SL15000 Einweg-Dampfe aufladen?<\/strong><br \/>\nF\u00fcr eine optimale Ladung laden Sie die POCO SL15000 Einweg-Dampfe, bis der Batteriebildschirm des Ger\u00e4ts eine vollst\u00e4ndige Ladung anzeigt. Eine vollst\u00e4ndige Ladung dauert in der Regel einige Stunden, abh\u00e4ngig von Ihrer Stromquelle, und unterst\u00fctzt l\u00e4ngeres Dampfen \u00fcber den Tag hinweg.<\/p>\n<p><strong>Wo kann ich die POCO SL15000 Puffs Puff Vape Bar kaufen?<\/strong><br \/>\nDie POCO SL15000 Puffs Puff Vape Bar kann bequem online oder in einem Vape-Shop gekauft werden. Viele Online-Vape-H\u00e4ndler bieten Mengenrabatte an, also suchen Sie online nach den besten Angeboten, Gro\u00dfhandelsvapes und Sonderaktionen.<\/p>\n<p><strong>Was sind die besten Einweg-Dampfen f\u00fcr 2024?<\/strong><br \/>\nDie POCO SL15000 z\u00e4hlt zu den besten Einweg-Dampfen des Jahres 2024, dank ihrer langlebigen Kapazit\u00e4t von 15.000 Puffs, benutzerfreundlichen Gestaltung und vielf\u00e4ltigen Geschmacksoptionen. Sie ist eine Top-Wahl in der Kategorie Box-Vapes und bleibt in Listen der Top 10 Einweg-Dampfmarken f\u00fchrend, was sie sowohl f\u00fcr Einzelanwender als auch f\u00fcr H\u00e4ndler attraktiv macht.<\/p>\n<\/div>\n<\/div>\n<\/div>\n<\/div>\n<h3>Zum Versand<\/h3>\n<div class=\"flex-shrink-0 flex flex-col relative items-end\">\n<div>\n<div class=\"pt-0\">\n<div class=\"gizmo-bot-avatar flex h-8 w-8 items-center justify-center overflow-hidden rounded-full\">\n<div><\/div>\n<div class=\"relative p-1 rounded-sm flex items-center justify-center bg-token-main-surface-primary text-token-text-primary h-8 w-8\"><strong>1. Welche Versandmethoden werden verwendet?<\/strong><\/div>\n<\/div>\n<\/div>\n<\/div>\n<\/div>\n<div class=\"group\/conversation-turn relative flex w-full min-w-0 flex-col agent-turn\">\n<div class=\"flex-col gap-1 md:gap-3\">\n<div class=\"flex max-w-full flex-col flex-grow\">\n<div class=\"min-h-[20px] text-message flex w-full flex-col items-end gap-2 whitespace-normal break-words [.text-message+&amp;]:mt-5 overflow-x-auto\" dir=\"auto\" data-message-author-role=\"assistant\" data-message-id=\"22f8283b-3233-46ff-89a5-c7a41b33abda\">\n<div class=\"flex w-full flex-col gap-1 empty:hidden first:pt-[3px]\">\n<div class=\"markdown prose w-full break-words dark:prose-invert light\">\n<p>Wir arbeiten mit UPS, DHL, FedEx, DPD und anderen f\u00fchrenden Transportunternehmen zusammen. Wir w\u00e4hlen die beste Versandmethode basierend auf Ihrem Lieferort aus, um sicherzustellen, dass Sie Ihre Produkte so schnell wie m\u00f6glich erhalten.<\/p>\n<\/div>\n<p><strong>2. Wie lange dauert es, bis die Lieferung ankommt?<\/strong><\/p>\n<p>Pakete, die nach Deutschland versandt werden, kommen normalerweise innerhalb von 10 Werktagen an. Der Versand in europ\u00e4ische L\u00e4nder dauert in der Regel etwa 12-15 Werktage. Wir werden Ihnen Echtzeit-Updates zu Ihrem Versandstatus bereitstellen.<\/p>\n<\/div>\n<\/div>\n<\/div>\n<\/div>\n<\/div>\n<p>&nbsp;<\/p>\n<p>Andere beliebte Vapes, die Ihnen gefallen k\u00f6nnten:<\/p>\n<p><a href=\"https:\/\/rmvapesale.com\/de\/product\/poco-pt12000-puffs-disposable-vape-pod-electronic-cigarette\/\"><strong>POCO PT 12000 Puffs\u00a0 \u00a0<span style=\"color: #ff0000\">&gt;&gt;&gt;&gt; los!<\/span><\/strong><\/a><\/p>\n<p><strong><a href=\"https:\/\/rmvapesale.com\/de\/product\/disposable-vape-poco-bl10000-puffs-wholesale\/\">POCO BL10000 Puffs <span style=\"color: #ff0000\">&gt;&gt;&gt;&gt; los!<\/span><\/a>\u00a0<\/strong><\/p>\n<p><a href=\"https:\/\/rmvapesale.com\/de\/product\/original-randm-vape-digital-puff-12000-fumot-factory-price\/\"><strong>Fumot Vape 12000 Z\u00fcge <span style=\"color: #ff0000\">&gt;&gt;&gt;&gt; los!<\/span><\/strong><\/a><\/p>\n<p>&nbsp;<\/p>\n<p>&nbsp;<\/p>\n<p>Finden Sie weitere Vape-Produkte, die Ihnen gefallen k\u00f6nnten:<strong><em><a href=\"https:\/\/rmvapesale.com\/de\/shop-2\/\">jetzt einkaufen &gt;&gt;&gt;<\/a><\/em><\/strong><\/p>","protected":false},"excerpt":{"rendered":"<p>POCO SL15000 Einweg-Vape Gro\u00dfhandelspreis<br \/>\nEU-Lager Poco SL 15000 Z\u00fcge Smart Screen<br \/>\nPOCO Einweg-Vape Box 5% E-Zigarette<br \/>\n<span style=\"color: #ff0000\">(Versand aus Deutschland Lager und dauert ca. 3-5 Tage, um die meisten europ\u00e4ischen L\u00e4nder wie Niederlande, Frankreich, Italien, Spanien, Schweiz, Schweden, Polen usw. zu erreichen)<\/span><\/p>\n<p><img loading=\"lazy\" decoding=\"async\" class=\"size-full wp-image-2375\" src=\"https:\/\/rmvapesale.com\/wp-content\/uploads\/2024\/10\/image.png\" alt=\"Bester Einweg-Vape\" width=\"229\" height=\"300\" \/><\/p>\n<h3><a href=\"https:\/\/wa.me\/8617776015835\"><span style=\"color: #ff0000\"><strong>WhatsApp: +86 17776015835<\/strong><\/span><\/a><\/h3>\n<p>&nbsp;<\/p>","protected":false},"featured_media":2590,"comment_status":"open","ping_status":"closed","template":"","meta":{"_uag_custom_page_level_css":"","_lmt_disableupdate":"no","_lmt_disable":"","site-sidebar-layout":"default","site-content-layout":"content-boxed-container","ast-site-content-layout":"normal-width-container","site-content-style":"boxed","site-sidebar-style":"unboxed","ast-global-header-display":"","ast-banner-title-visibility":"","ast-main-header-display":"","ast-hfb-above-header-display":"","ast-hfb-below-header-display":"","ast-hfb-mobile-header-display":"","site-post-title":"","ast-breadcrumbs-content":"","ast-featured-img":"","footer-sml-layout":"","theme-transparent-header-meta":"default","adv-header-id-meta":"","stick-header-meta":"","header-above-stick-meta":"","header-main-stick-meta":"","header-below-stick-meta":"","astra-migrate-meta-layouts":"set","ast-page-background-enabled":"default","ast-page-background-meta":{"desktop":{"background-color":"var(--ast-global-color-4)","background-image":"","background-repeat":"repeat","background-position":"center center","background-size":"auto","background-attachment":"scroll","background-type":"","background-media":"","overlay-type":"","overlay-color":"","overlay-opacity":"","overlay-gradient":""},"tablet":{"background-color":"","background-image":"","background-repeat":"repeat","background-position":"center center","background-size":"auto","background-attachment":"scroll","background-type":"","background-media":"","overlay-type":"","overlay-color":"","overlay-opacity":"","overlay-gradient":""},"mobile":{"background-color":"","background-image":"","background-repeat":"repeat","background-position":"center center","background-size":"auto","background-attachment":"scroll","background-type":"","background-media":"","overlay-type":"","overlay-color":"","overlay-opacity":"","overlay-gradient":""}},"ast-content-background-meta":{"desktop":{"background-color":"var(--ast-global-color-5)","background-image":"","background-repeat":"repeat","background-position":"center center","background-size":"auto","background-attachment":"scroll","background-type":"","background-media":"","overlay-type":"","overlay-color":"","overlay-opacity":"","overlay-gradient":""},"tablet":{"background-color":"var(--ast-global-color-5)","background-image":"","background-repeat":"repeat","background-position":"center center","background-size":"auto","background-attachment":"scroll","background-type":"","background-media":"","overlay-type":"","overlay-color":"","overlay-opacity":"","overlay-gradient":""},"mobile":{"background-color":"var(--ast-global-color-5)","background-image":"","background-repeat":"repeat","background-position":"center center","background-size":"auto","background-attachment":"scroll","background-type":"","background-media":"","overlay-type":"","overlay-color":"","overlay-opacity":"","overlay-gradient":""}},"_joinchat":[]},"product_brand":[],"product_cat":[15,195,25,123,26,28,135,27,137,30],"product_tag":[146,188,167,197,165,191,196,120],"class_list":{"0":"post-2596","1":"product","2":"type-product","3":"status-publish","4":"has-post-thumbnail","6":"product_cat-new-vape-this-week","7":"product_cat-germany-warehouse","8":"product_cat-germany-best-selling-vape","9":"product_cat-italy-wholesale-vape","10":"product_cat-netherlands-hot-sale-vape","11":"product_cat-poland-hot-sale-vape","12":"product_cat-spain-best-hot-sale-vape","13":"product_cat-fance-hot-sale-vape","14":"product_cat-rechargeable-vapes","15":"product_cat-minimum-order-quantity-50pcs","16":"product_tag-best-hot-sale-vape","17":"product_tag-buy-vapes-online","18":"product_tag-disposable-vape-with-screen","19":"product_tag-germany-hot-sale-vape","20":"product_tag-rechargeable-vapes","21":"product_tag-vape-box","22":"product_tag-vape-shop","23":"product_tag-vape-wholesale","24":"desktop-align-left","25":"tablet-align-left","26":"mobile-align-left","28":"first","29":"instock","30":"sale","31":"shipping-taxable","32":"purchasable","33":"product-type-simple"},"uagb_featured_image_src":{"full":["https:\/\/rmvapesale.com\/wp-content\/uploads\/2024\/10\/15K-Puffs-Screen-Poco-SL15000-Disposable-Vape.png",800,800,false],"thumbnail":["https:\/\/rmvapesale.com\/wp-content\/uploads\/2024\/10\/15K-Puffs-Screen-Poco-SL15000-Disposable-Vape-150x150.png",150,150,true],"medium":["https:\/\/rmvapesale.com\/wp-content\/uploads\/2024\/10\/15K-Puffs-Screen-Poco-SL15000-Disposable-Vape-300x300.png",300,300,true],"medium_large":["https:\/\/rmvapesale.com\/wp-content\/uploads\/2024\/10\/15K-Puffs-Screen-Poco-SL15000-Disposable-Vape-768x768.png",768,768,true],"large":["https:\/\/rmvapesale.com\/wp-content\/uploads\/2024\/10\/15K-Puffs-Screen-Poco-SL15000-Disposable-Vape.png",800,800,false],"1536x1536":["https:\/\/rmvapesale.com\/wp-content\/uploads\/2024\/10\/15K-Puffs-Screen-Poco-SL15000-Disposable-Vape.png",800,800,false],"2048x2048":["https:\/\/rmvapesale.com\/wp-content\/uploads\/2024\/10\/15K-Puffs-Screen-Poco-SL15000-Disposable-Vape.png",800,800,false],"trp-custom-language-flag":["https:\/\/rmvapesale.com\/wp-content\/uploads\/2024\/10\/15K-Puffs-Screen-Poco-SL15000-Disposable-Vape.png",12,12,false],"woocommerce_thumbnail":["https:\/\/rmvapesale.com\/wp-content\/uploads\/2024\/10\/15K-Puffs-Screen-Poco-SL15000-Disposable-Vape-300x300.png",300,300,true],"woocommerce_single":["https:\/\/rmvapesale.com\/wp-content\/uploads\/2024\/10\/15K-Puffs-Screen-Poco-SL15000-Disposable-Vape-600x600.png",600,600,true],"woocommerce_gallery_thumbnail":["https:\/\/rmvapesale.com\/wp-content\/uploads\/2024\/10\/15K-Puffs-Screen-Poco-SL15000-Disposable-Vape-100x100.png",100,100,true],"wcpr-photo-reviews":["https:\/\/rmvapesale.com\/wp-content\/uploads\/2024\/10\/15K-Puffs-Screen-Poco-SL15000-Disposable-Vape.png",500,500,false]},"uagb_author_info":{"display_name":"AMY","author_link":"https:\/\/rmvapesale.com\/de\/author\/"},"uagb_comment_info":0,"uagb_excerpt":"POCO SL15000 Disposable Vape Wholesale Price EU Warehouse Poco SL 15000 Puffs Smart Screen POCO Disposable Vape Box 5% E Cigarette (Ship from Germany warehouse and takes about 3-5 days\u00a0 to get arrive to most Europe countries like Netherlands, France, Italy, Spain, Switzerland, Sweden, Poland, etc. ) WhatsApp: +86 17776015835 &nbsp;","_links":{"self":[{"href":"https:\/\/rmvapesale.com\/de\/wp-json\/wp\/v2\/product\/2596","targetHints":{"allow":["GET"]}}],"collection":[{"href":"https:\/\/rmvapesale.com\/de\/wp-json\/wp\/v2\/product"}],"about":[{"href":"https:\/\/rmvapesale.com\/de\/wp-json\/wp\/v2\/types\/product"}],"replies":[{"embeddable":true,"href":"https:\/\/rmvapesale.com\/de\/wp-json\/wp\/v2\/comments?post=2596"}],"wp:featuredmedia":[{"embeddable":true,"href":"https:\/\/rmvapesale.com\/de\/wp-json\/wp\/v2\/media\/2590"}],"wp:attachment":[{"href":"https:\/\/rmvapesale.com\/de\/wp-json\/wp\/v2\/media?parent=2596"}],"wp:term":[{"taxonomy":"product_brand","embeddable":true,"href":"https:\/\/rmvapesale.com\/de\/wp-json\/wp\/v2\/product_brand?post=2596"},{"taxonomy":"product_cat","embeddable":true,"href":"https:\/\/rmvapesale.com\/de\/wp-json\/wp\/v2\/product_cat?post=2596"},{"taxonomy":"product_tag","embeddable":true,"href":"https:\/\/rmvapesale.com\/de\/wp-json\/wp\/v2\/product_tag?post=2596"}],"curies":[{"name":"wp","href":"https:\/\/api.w.org\/{rel}","templated":true}]}}