{"id":2609,"date":"2024-10-30T08:06:20","date_gmt":"2024-10-30T08:06:20","guid":{"rendered":"https:\/\/rmvapesale.com\/?post_type=product&#038;p=2609"},"modified":"2024-10-31T03:48:31","modified_gmt":"2024-10-31T03:48:31","slug":"smart-disposable-vape-elfworld-ai-22000-puffs-led-display","status":"publish","type":"product","link":"https:\/\/rmvapesale.com\/de\/product\/smart-disposable-vape-elfworld-ai-22000-puffs-led-display\/","title":{"rendered":"Smart Einweg-Vape ELFWORLD AI 22000 Z\u00fcge LED-Anzeige"},"content":{"rendered":"<div class=\"B2VR9 CJHX3e\">\n<div class=\"wyccme\">\n<h1 class=\"LC20lb MBeuO DKV0Md\">Smart Einweg-Vape ELFWORLD AI 22000 Z\u00fcge LED-Anzeige<\/h1>\n<div class=\"flex-shrink-0 flex flex-col relative items-end\">\n<div class=\"pt-0\">\n<div class=\"gizmo-bot-avatar flex h-8 w-8 items-center justify-center overflow-hidden rounded-full\">\n<div class=\"relative p-1 rounded-sm flex items-center justify-center bg-token-main-surface-primary text-token-text-primary h-8 w-8\">\n<p><strong>Smart Einweg-Vape ELFWORLD AI 22000 Z\u00fcge LED-Anzeige<\/strong> ist die ultimative Wahl f\u00fcr Dampfer, die Innovation, Stil und ein verl\u00e4ngertes Dampferlebnis suchen. Mit einer riesigen <strong>22000 Zug Kapazit\u00e4t<\/strong>, bietet dieser gro\u00dfe Zug <strong>Einweg-Vape<\/strong> eine langlebige, problemlose Option sowohl f\u00fcr erfahrene Dampfer als auch f\u00fcr Neueinsteiger.<\/p>\n<p><strong>Elegantes Design und Tragbarkeit<\/strong><br \/>\nDer <strong>Elf World AI 22000<\/strong> pr\u00e4sentiert ein elegantes, modernes Design mit geschwungenen Linien und einer hochwertigen Oberfl\u00e4che, die sich genauso gut anf\u00fchlt, wie sie aussieht. Dieses <strong>Box-Vape<\/strong> ist kompakt und leicht, was es einfach macht, unterwegs zu tragen. Trotz seines leichten Aufbaus ist es f\u00fcr den t\u00e4glichen Gebrauch gebaut, um Haltbarkeit zu gew\u00e4hrleisten, ohne auf sein Premium-Aussehen zu verzichten.<\/p>\n<p><strong>Intelligente Technologie mit einstellbarer Luftzufuhr<\/strong><br \/>\nAls echtes <strong>Smart Vape<\/strong>, bietet die AI 22000 ein anpassbares Erlebnis mit ihrer einstellbaren Luftzufuhrfunktion, die es den Nutzern erm\u00f6glicht, die Zugdichte nach ihren Vorlieben zu w\u00e4hlen. Dieses <strong>wiederaufladbarer Vape<\/strong> umfasst eine leistungsstarke Batterie und einen LED-Display-Bildschirm, der Echtzeitanzeigen f\u00fcr Batteriestatus und E-Liquid-Level bietet. Diese Funktion stellt sicher, dass Sie immer wissen, wann Sie aufladen m\u00fcssen und bereit sind, ununterbrochen zu dampfen. Der <strong>Typ-C-Laden<\/strong> Anschluss des Ger\u00e4ts<\/p>\n<p><strong>Fazit<\/strong><br \/>\nbietet schnelles, bequemes Laden, ideal f\u00fcr vielbesch\u00e4ftigte Nutzer, die eine zuverl\u00e4ssige Vape suchen.<strong> 22000 Puff Smart Einweg-Vape<\/strong>\u00a0ist die perfekte Mischung aus Stil, fortschrittlicher Technologie und langlebiger Leistung, was sie zu den <strong>besten Einweg-Vapes<\/strong> macht, die erh\u00e4ltlich sind. F\u00fcr diejenigen, die eine hochkapazitive, langlebige und funktionsreiche Option suchen, ist die ElfWorld AI 22000 die ideale Wahl. Entdecken Sie den Komfort und die Qualit\u00e4t dieses erstklassigen Vapes, erh\u00e4ltlich zum Kauf bei <strong>Vape-Shops<\/strong>, <strong>Einweg-Vapes online<\/strong>, oder \u00fcber <strong>Vapes in gro\u00dfen Mengen<\/strong> Optionen f\u00fcr Gro\u00dfhandelsbedarf.<\/p>\n<\/div>\n<\/div>\n<\/div>\n<\/div>\n<\/div>\n<\/div>\n<p><strong>Kontaktieren Sie Amy, um die richtige Antwort und einen Gutschein f\u00fcr E-Zigaretten zu erhalten!<\/strong><\/p>\n<p><img loading=\"lazy\" decoding=\"async\" class=\"size-full wp-image-1978\" src=\"https:\/\/rmvapesale.com\/wp-content\/uploads\/2024\/09\/Disposable-Vape-Wholesale.jpg\" alt=\"Einweg-Vape Gro\u00dfhandel\" width=\"229\" height=\"300\" \/><\/p>\n<h3><a href=\"https:\/\/wa.me\/8617776015835\" target=\"_blank\" rel=\"noopener\"><span style=\"color: #ff0000\"><strong>WhatsApp: +86 17776015835<\/strong><\/span><\/a><\/h3>\n<p>&nbsp;<\/p>\n<h2><\/h2>\n<h2><strong>ELFWORLD AI 22000 Smart Einweg-Vape <\/strong><strong>Hauptmerkmale<\/strong><\/h2>\n<ul class=\"wp-block-list\">\n<li>Puffs:\u00a022000 Puffs<\/li>\n<li>Nikotinst\u00e4rke:\u00a00%2%3%5%<\/li>\n<li>Kapazit\u00e4t:\u00a026ml<\/li>\n<li>Akku:\u00a0650mAh<\/li>\n<li>Spulengeh\u00e4use:\u00a01,0*2 Ohm Dual Mesh Coil<\/li>\n<li>Anzeige: Digitaler Bildschirm<\/li>\n<li>Aufladung:\u00a0Typ-C wiederaufladbar<\/li>\n<li>Luftstrom einstellbar<\/li>\n<li>10 Geschmacksrichtungen verf\u00fcgbar<\/li>\n<\/ul>\n<figure id=\"attachment_2619\" aria-describedby=\"caption-attachment-2619\" style=\"width: 600px\" class=\"wp-caption alignnone\"><img loading=\"lazy\" decoding=\"async\" class=\"wp-image-2619 size-full\" src=\"https:\/\/rmvapesale.com\/wp-content\/uploads\/2024\/10\/Vape-22000-Puff-Rechargeable-Disposable-Vape.png\" alt=\"Vape 22000 Puff wiederaufladbare Einweg-Vape\" width=\"600\" height=\"849\" srcset=\"https:\/\/rmvapesale.com\/wp-content\/uploads\/2024\/10\/Vape-22000-Puff-Rechargeable-Disposable-Vape.png 600w, https:\/\/rmvapesale.com\/wp-content\/uploads\/2024\/10\/Vape-22000-Puff-Rechargeable-Disposable-Vape-212x300.png 212w\" sizes=\"auto, (max-width: 600px) 100vw, 600px\" \/><figcaption id=\"caption-attachment-2619\" class=\"wp-caption-text\">Vape 22000 Puff wiederaufladbare Einweg-Vape<\/figcaption><\/figure>\n<h2><strong>Top-Geschmack f\u00fcr <\/strong><strong>ELFWORLD AI 22000 Puff Smart Einweg-Vape<\/strong><\/h2>\n<p>Mit jedem Zug liefert die <strong>Elf World AI 22000<\/strong> vollmundige, kr\u00e4ftige Aromen, die vom ersten Zug bis zum letzten konstant bleiben. Erh\u00e4ltlich in einer Vielzahl von Optionen, bietet diese <strong>Vape mit niedrigem Nikotingehalt<\/strong> ein befriedigendes und sanftes Erlebnis f\u00fcr Dampfer, die sowohl Qualit\u00e4t als auch Geschmack priorisieren.<\/p>\n<p>1. Mango Apfel Birne<br \/>\n2. Cooler Mango<br \/>\n3. Gr\u00fcner Apfel<br \/>\n4. Tigerblut <span style=\"color: #ff0000\"><strong>&gt;&gt;&gt;&gt; Hei\u00df!<\/strong><\/span><br \/>\n5. Blaubeere Eis <span style=\"color: #ff0000\"><strong>&gt;&gt;&gt;&gt; Hei\u00df!<\/strong><\/span><br \/>\n6. Minze<br \/>\n7. Beerenmix <span style=\"color: #ff0000\"><strong>&gt;&gt;&gt;&gt; Am besten!<\/strong><\/span><br \/>\n8. Traube Eis<br \/>\n9. Wassermelone Eis<br \/>\n10. Blaubeere Minze<br \/>\n11. Erdbeer Eis<br \/>\n12. Saftige Pfirsich-Eis<br \/>\n13. Blaue Himbeere-Eis<br \/>\n14. Kirsche-Zitrone<br \/>\n15. Erdbeer-Wassermelone<\/p>\n<p>&nbsp;<\/p>\n<h3><strong>Warum RMVapesale f\u00fcr ELFWORLD 22000 Z\u00fcge LED-Display Einweg-Vape w\u00e4hlen<\/strong><strong>?<\/strong><\/h3>\n<div class=\"flex-shrink-0 flex flex-col relative items-end\">\n<div class=\"pt-0\">\n<div class=\"gizmo-bot-avatar flex h-8 w-8 items-center justify-center overflow-hidden rounded-full\">\n<div class=\"relative p-1 rounded-sm flex items-center justify-center bg-token-main-surface-primary text-token-text-primary h-8 w-8\">\n<p>Willkommen bei Rmvapesale, Ihrem vertrauensw\u00fcrdigen Vape-Shop f\u00fcr Premium Einweg-Vapes. Mit \u00fcber 5 Jahren Erfahrung bieten wir Ihnen beliebte Marken f\u00fcr Einweg-Vapes wie Al Fakher, <a href=\"https:\/\/rmvapesale.com\/de\/product\/vapme-crystal-7000-puffs-rechargeable-disposable-vape-price\/\">Vapme<\/a>, <a href=\"https:\/\/rmvapesale.com\/de\/product-category\/bang-vapes\/\">Bang Vape<\/a>, Waspe, <a href=\"https:\/\/rmvapesale.com\/de\/product\/wga-crystal-pro-max-extra-15k-puffs-disposable-vape-wholesale\/\">WGA<\/a> Vape und<a href=\"https:\/\/rmvapesale.com\/de\/product-category\/randm-fumot-vape\/\"> RandM Vape<\/a>.<\/p>\n<p>Unser Sortiment umfasst hei\u00dfe Verkaufs-Vapes wie die <a href=\"https:\/\/rmvapesale.com\/de\/product\/fumot-digital-box-12000-disposable-vape-pink-lemonade-flavor\/\">RandM 12k<\/a> und geschmacksreiche Optionen wie die <a href=\"https:\/\/rmvapesale.com\/de\/product\/wga-crystal-pro-max-extra-15k-puffs-disposable-vape-wholesale\/\">WGA Crystal Pro Max 15K Z\u00fcge<\/a>. Jedes Produkt wird mit Fokus auf Qualit\u00e4t, Wert und Vielfalt ausgew\u00e4hlt, um sicherzustellen, dass Sie die perfekte \u00dcbereinstimmung f\u00fcr Ihre Bed\u00fcrfnisse finden. Entdecken Sie au\u00dfergew\u00f6hnlichen Service und eine breite Palette an Top-Produkten bei Rmvapesale.<\/p>\n<\/div>\n<h3><\/h3>\n<div class=\"relative p-1 rounded-sm flex items-center justify-center bg-token-main-surface-primary text-token-text-primary h-8 w-8\">\n<h3><b>ELFWORLD 22000 Vape FAQS<\/b><\/h3>\n<\/div>\n<p><strong>Kann ich einen Einweg-Vape mit ins Flugzeug nehmen?<\/strong><br \/>\nJa, Einweg-Vapes wie die <strong>Elf World AI 22000 Zug<\/strong> sind auf Flugzeugen erlaubt, jedoch nur im Handgep\u00e4ck aufgrund der Batterierichtlinien. Stellen Sie sicher, dass das Ger\u00e4t ausgeschaltet ist, und pr\u00fcfen Sie die Richtlinien der Fluggesellschaft bez\u00fcglich Vaping-Produkten.<\/p>\n<p><strong>Ist der Elf World AI 22000 Zug Smart Einweg-Vape f\u00fcr Anf\u00e4nger geeignet?<\/strong><br \/>\nJa, die <strong>Elf World AI 22000 Zug<\/strong> ist anf\u00e4ngerfreundlich. Es verf\u00fcgt \u00fcber ein benutzerfreundliches, elegantes Design, einstellbaren Luftstrom und eine praktische <strong>LED-Display<\/strong> f\u00fcr Batteriestand und E-Liquid-Levels, was es Anf\u00e4ngern erleichtert, den Verbrauch zu \u00fcberwachen.<\/p>\n<p><strong>Welche sind beliebte Einweg-Vapes mit einem Display?<\/strong><br \/>\nUnter <strong>hei\u00dfen Verkaufs-Einweg-Vapes<\/strong> mit einem Display, hebt sich <strong>Elf World AI 22000 Zug<\/strong> durch seine fortschrittlichen Funktionen, langlebige 22.000 Z\u00fcge und einstellbaren Luftstrom hervor, was es zu einer Top-Wahl f\u00fcr Dampfer macht, die ein High-Tech-Erlebnis suchen.<\/p>\n<p><strong>Wie erkenne ich, ob mein Elf World Smart Einweg-Vape leer ist?<\/strong><br \/>\nDer <strong>LED-Anzeige<\/strong> auf dem <strong>Elf World AI 22000 Zug<\/strong> Bietet Echtzeitinformationen \u00fcber Akkulaufzeit und E-Liquid-Levels, sodass Sie leicht \u00fcberpr\u00fcfen k\u00f6nnen, wann der Vape niedrig oder leer ist.<\/p>\n<p><strong>Wie lange sollte ein Elf World AI 22000 Puff Vape halten?<\/strong><br \/>\nDer <strong>Elf World AI 22000 Zug<\/strong> ist so konzipiert, dass es etwa <strong>22.000 Z\u00fcge<\/strong>, was es zu einer langlebigen Option f\u00fcr sowohl Gelegenheits- als auch Vielraucher macht. Bei m\u00e4\u00dfigem Gebrauch kann dieses Ger\u00e4t Wochen halten, abh\u00e4ngig von den individuellen Nutzungsgewohnheiten.<\/p>\n<div class=\"relative p-1 rounded-sm flex items-center justify-center bg-token-main-surface-primary text-token-text-primary h-8 w-8\">\n<p>&nbsp;<\/p>\n<\/div>\n<\/div>\n<\/div>\n<\/div>\n<h3>Zum Versand<\/h3>\n<div class=\"flex-shrink-0 flex flex-col relative items-end\">\n<div>\n<div class=\"pt-0\">\n<div class=\"gizmo-bot-avatar flex h-8 w-8 items-center justify-center overflow-hidden rounded-full\">\n<div><\/div>\n<div class=\"relative p-1 rounded-sm flex items-center justify-center bg-token-main-surface-primary text-token-text-primary h-8 w-8\"><strong>1. Welche Versandmethoden werden verwendet?<\/strong><\/div>\n<\/div>\n<\/div>\n<\/div>\n<\/div>\n<div class=\"group\/conversation-turn relative flex w-full min-w-0 flex-col agent-turn\">\n<div class=\"flex-col gap-1 md:gap-3\">\n<div class=\"flex max-w-full flex-col flex-grow\">\n<div class=\"min-h-[20px] text-message flex w-full flex-col items-end gap-2 whitespace-normal break-words [.text-message+&amp;]:mt-5 overflow-x-auto\" dir=\"auto\" data-message-author-role=\"assistant\" data-message-id=\"22f8283b-3233-46ff-89a5-c7a41b33abda\">\n<div class=\"flex w-full flex-col gap-1 empty:hidden first:pt-[3px]\">\n<div class=\"markdown prose w-full break-words dark:prose-invert light\">\n<p>Wir arbeiten mit UPS, DHL, FedEx, DPD und anderen f\u00fchrenden Transportunternehmen zusammen. Wir w\u00e4hlen die beste Versandmethode basierend auf Ihrem Lieferort aus, um sicherzustellen, dass Sie Ihre Produkte so schnell wie m\u00f6glich erhalten.<\/p>\n<\/div>\n<p><strong>2. Wie lange dauert es, bis die Lieferung ankommt?<\/strong><\/p>\n<p>Pakete, die nach Deutschland versandt werden, kommen normalerweise innerhalb von 10 Werktagen an. Der Versand in europ\u00e4ische L\u00e4nder dauert in der Regel etwa 12-15 Werktage. Wir werden Ihnen Echtzeit-Updates zu Ihrem Versandstatus bereitstellen.<\/p>\n<\/div>\n<\/div>\n<\/div>\n<\/div>\n<\/div>\n<p>&nbsp;<\/p>\n<p>Finden Sie weitere Vape-Produkte, die Ihnen gefallen k\u00f6nnten:<strong><em><a href=\"https:\/\/rmvapesale.com\/de\/shop-2\/\">jetzt einkaufen &gt;&gt;&gt;<\/a><\/em><\/strong><\/p>","protected":false},"excerpt":{"rendered":"<p>Elf World AI 22000 Z\u00fcge Bildschirm Anzeige Einweg-Vape<br \/>\nVape 22000 Zug Wiederaufladbare Einweg-E-Zigarette<br \/>\nELFWORLD AI 22000 Z\u00fcge Einweg-Vape Gro\u00dfhandel<\/p>\n<p><img loading=\"lazy\" decoding=\"async\" class=\"size-full wp-image-2375\" src=\"https:\/\/rmvapesale.com\/wp-content\/uploads\/2024\/10\/image.png\" alt=\"Bester Einweg-Vape\" width=\"229\" height=\"300\" \/><\/p>\n<h3><a href=\"https:\/\/wa.me\/8617776015835\"><span style=\"color: #ff0000\"><strong>WhatsApp: +86 17776015835<\/strong><\/span><\/a><\/h3>\n<p>&nbsp;<\/p>","protected":false},"featured_media":2617,"comment_status":"open","ping_status":"closed","template":"","meta":{"_uag_custom_page_level_css":"","_lmt_disableupdate":"no","_lmt_disable":"","site-sidebar-layout":"default","site-content-layout":"content-boxed-container","ast-site-content-layout":"normal-width-container","site-content-style":"boxed","site-sidebar-style":"unboxed","ast-global-header-display":"","ast-banner-title-visibility":"","ast-main-header-display":"","ast-hfb-above-header-display":"","ast-hfb-below-header-display":"","ast-hfb-mobile-header-display":"","site-post-title":"","ast-breadcrumbs-content":"","ast-featured-img":"","footer-sml-layout":"","ast-disable-related-posts":"","theme-transparent-header-meta":"default","adv-header-id-meta":"","stick-header-meta":"","header-above-stick-meta":"","header-main-stick-meta":"","header-below-stick-meta":"","astra-migrate-meta-layouts":"set","ast-page-background-enabled":"default","ast-page-background-meta":{"desktop":{"background-color":"var(--ast-global-color-4)","background-image":"","background-repeat":"repeat","background-position":"center center","background-size":"auto","background-attachment":"scroll","background-type":"","background-media":"","overlay-type":"","overlay-color":"","overlay-opacity":"","overlay-gradient":""},"tablet":{"background-color":"","background-image":"","background-repeat":"repeat","background-position":"center center","background-size":"auto","background-attachment":"scroll","background-type":"","background-media":"","overlay-type":"","overlay-color":"","overlay-opacity":"","overlay-gradient":""},"mobile":{"background-color":"","background-image":"","background-repeat":"repeat","background-position":"center center","background-size":"auto","background-attachment":"scroll","background-type":"","background-media":"","overlay-type":"","overlay-color":"","overlay-opacity":"","overlay-gradient":""}},"ast-content-background-meta":{"desktop":{"background-color":"var(--ast-global-color-5)","background-image":"","background-repeat":"repeat","background-position":"center center","background-size":"auto","background-attachment":"scroll","background-type":"","background-media":"","overlay-type":"","overlay-color":"","overlay-opacity":"","overlay-gradient":""},"tablet":{"background-color":"var(--ast-global-color-5)","background-image":"","background-repeat":"repeat","background-position":"center center","background-size":"auto","background-attachment":"scroll","background-type":"","background-media":"","overlay-type":"","overlay-color":"","overlay-opacity":"","overlay-gradient":""},"mobile":{"background-color":"var(--ast-global-color-5)","background-image":"","background-repeat":"repeat","background-position":"center center","background-size":"auto","background-attachment":"scroll","background-type":"","background-media":"","overlay-type":"","overlay-color":"","overlay-opacity":"","overlay-gradient":""}},"_joinchat":[]},"product_brand":[],"product_cat":[15,27,25,195,123,30,26,28,137,136,135],"product_tag":[146,188,167,198,165,85,191,120],"class_list":{"0":"post-2609","1":"product","2":"type-product","3":"status-publish","4":"has-post-thumbnail","6":"product_cat-new-vape-this-week","7":"product_cat-fance-hot-sale-vape","8":"product_cat-germany-best-selling-vape","9":"product_cat-germany-warehouse","10":"product_cat-italy-wholesale-vape","11":"product_cat-minimum-order-quantity-50pcs","12":"product_cat-netherlands-hot-sale-vape","13":"product_cat-poland-hot-sale-vape","14":"product_cat-rechargeable-vapes","15":"product_cat-smart-screen-vapes","16":"product_cat-spain-best-hot-sale-vape","17":"product_tag-best-hot-sale-vape","18":"product_tag-buy-vapes-online","19":"product_tag-disposable-vape-with-screen","20":"product_tag-elfworld-vape","21":"product_tag-rechargeable-vapes","22":"product_tag-smart-disposable-vape","23":"product_tag-vape-box","24":"product_tag-vape-wholesale","25":"desktop-align-left","26":"tablet-align-left","27":"mobile-align-left","29":"first","30":"instock","31":"sale","32":"shipping-taxable","33":"purchasable","34":"product-type-simple"},"uagb_featured_image_src":{"full":["https:\/\/rmvapesale.com\/wp-content\/uploads\/2024\/10\/ELFWORLD-AI-22000-Puffs-Disposable-Vape.png",800,800,false],"thumbnail":["https:\/\/rmvapesale.com\/wp-content\/uploads\/2024\/10\/ELFWORLD-AI-22000-Puffs-Disposable-Vape-150x150.png",150,150,true],"medium":["https:\/\/rmvapesale.com\/wp-content\/uploads\/2024\/10\/ELFWORLD-AI-22000-Puffs-Disposable-Vape-300x300.png",300,300,true],"medium_large":["https:\/\/rmvapesale.com\/wp-content\/uploads\/2024\/10\/ELFWORLD-AI-22000-Puffs-Disposable-Vape-768x768.png",768,768,true],"large":["https:\/\/rmvapesale.com\/wp-content\/uploads\/2024\/10\/ELFWORLD-AI-22000-Puffs-Disposable-Vape.png",800,800,false],"1536x1536":["https:\/\/rmvapesale.com\/wp-content\/uploads\/2024\/10\/ELFWORLD-AI-22000-Puffs-Disposable-Vape.png",800,800,false],"2048x2048":["https:\/\/rmvapesale.com\/wp-content\/uploads\/2024\/10\/ELFWORLD-AI-22000-Puffs-Disposable-Vape.png",800,800,false],"trp-custom-language-flag":["https:\/\/rmvapesale.com\/wp-content\/uploads\/2024\/10\/ELFWORLD-AI-22000-Puffs-Disposable-Vape.png",12,12,false],"woocommerce_thumbnail":["https:\/\/rmvapesale.com\/wp-content\/uploads\/2024\/10\/ELFWORLD-AI-22000-Puffs-Disposable-Vape-300x300.png",300,300,true],"woocommerce_single":["https:\/\/rmvapesale.com\/wp-content\/uploads\/2024\/10\/ELFWORLD-AI-22000-Puffs-Disposable-Vape-600x600.png",600,600,true],"woocommerce_gallery_thumbnail":["https:\/\/rmvapesale.com\/wp-content\/uploads\/2024\/10\/ELFWORLD-AI-22000-Puffs-Disposable-Vape-100x100.png",100,100,true],"wcpr-photo-reviews":["https:\/\/rmvapesale.com\/wp-content\/uploads\/2024\/10\/ELFWORLD-AI-22000-Puffs-Disposable-Vape.png",500,500,false]},"uagb_author_info":{"display_name":"AMY","author_link":"https:\/\/rmvapesale.com\/de\/author\/"},"uagb_comment_info":0,"uagb_excerpt":"Elf World AI 22000 Puffs Screen Display Disposable Vape Vape 22000 Puff Rechargeable Disposable E-Cigarette ELFWORLD AI 22000 Puffs Disposable Vape Wholesale WhatsApp: +86 17776015835 &nbsp;","_links":{"self":[{"href":"https:\/\/rmvapesale.com\/de\/wp-json\/wp\/v2\/product\/2609","targetHints":{"allow":["GET"]}}],"collection":[{"href":"https:\/\/rmvapesale.com\/de\/wp-json\/wp\/v2\/product"}],"about":[{"href":"https:\/\/rmvapesale.com\/de\/wp-json\/wp\/v2\/types\/product"}],"replies":[{"embeddable":true,"href":"https:\/\/rmvapesale.com\/de\/wp-json\/wp\/v2\/comments?post=2609"}],"wp:featuredmedia":[{"embeddable":true,"href":"https:\/\/rmvapesale.com\/de\/wp-json\/wp\/v2\/media\/2617"}],"wp:attachment":[{"href":"https:\/\/rmvapesale.com\/de\/wp-json\/wp\/v2\/media?parent=2609"}],"wp:term":[{"taxonomy":"product_brand","embeddable":true,"href":"https:\/\/rmvapesale.com\/de\/wp-json\/wp\/v2\/product_brand?post=2609"},{"taxonomy":"product_cat","embeddable":true,"href":"https:\/\/rmvapesale.com\/de\/wp-json\/wp\/v2\/product_cat?post=2609"},{"taxonomy":"product_tag","embeddable":true,"href":"https:\/\/rmvapesale.com\/de\/wp-json\/wp\/v2\/product_tag?post=2609"}],"curies":[{"name":"wp","href":"https:\/\/api.w.org\/{rel}","templated":true}]}}