{"id":2620,"date":"2024-10-31T02:49:55","date_gmt":"2024-10-31T02:49:55","guid":{"rendered":"https:\/\/rmvapesale.com\/?post_type=product&#038;p=2620"},"modified":"2024-10-31T07:50:14","modified_gmt":"2024-10-31T07:50:14","slug":"bang-box-vape-tornado-40000-puff-2-5-low-nicotine","status":"publish","type":"product","link":"https:\/\/rmvapesale.com\/de\/product\/bang-box-vape-tornado-40000-puff-2-5-low-nicotine\/","title":{"rendered":"Bang Box Vape Tornado 40000 Puff 2% 5% Niedriges Nikotin"},"content":{"rendered":"<div class=\"B2VR9 CJHX3e\">\n<div class=\"wyccme\">\n<h1 class=\"LC20lb MBeuO DKV0Md\">Bang Box Vape Tornado 40000 Puff 2% 5% Niedriges Nikotin<\/h1>\n<div class=\"flex-shrink-0 flex flex-col relative items-end\">\n<div class=\"pt-0\">\n<div class=\"gizmo-bot-avatar flex h-8 w-8 items-center justify-center overflow-hidden rounded-full\">\n<div class=\"relative p-1 rounded-sm flex items-center justify-center bg-token-main-surface-primary text-token-text-primary h-8 w-8\">\n<p>Der <strong>Bang Box Vape Tornado 40000 Puff<\/strong> ist ein erstklassiger, leistungsstarker Vape <strong>Einweg-Vape<\/strong> entwickelt f\u00fcr alle, die Wert auf Langlebigkeit, starke Leistung und eine herausragende Geschmacksvielfalt legen. Mit unglaublichen <strong>40.000 Z\u00fcgen<\/strong>zu bieten, <strong>bang vape<\/strong> bietet eine zufriedenstellende Dampferfahrung mit jedem Zug, dank seiner <strong>40 ml E-Liquid-Kapazit\u00e4t<\/strong> und den dualen Nikotinoptionen von <strong>2% und 5%<\/strong>.<\/p>\n<p>Hergestellt, um den Anforderungen von Dampfern gerecht zu werden, die eine zuverl\u00e4ssige <strong>wiederaufladbaren Einweg-Vapes genie\u00dfen<\/strong>bietet der <strong>Bang Tornado 40000<\/strong> kommt mit einem <strong>850-mAh-Akku<\/strong> und ein <strong>Typ-C-Ladeanschluss<\/strong> f\u00fcr schnelles, bequemes Aufladen unterwegs. Die <strong>digitale Anzeigetafel<\/strong> informiert Benutzer \u00fcber den Akku- und E-Liquid-Stand, sodass Sie nie unvorbereitet sind. Jede <strong>Bang Box<\/strong> enth\u00e4lt 10 einzeln verpackte Ger\u00e4te und ist somit eine hervorragende Option sowohl f\u00fcr den pers\u00f6nlichen Gebrauch als auch f\u00fcr Gro\u00dfhandelsbestellungen.<\/p>\n<\/div>\n<p>Der <strong>Bang Original<\/strong> Die Tornado-Serie setzt einen neuen Standard bei <strong>niedrigem Nikotingehalt<\/strong> Einweg-Vapes, ideal f\u00fcr alle, die ein extrem langlebiges Ger\u00e4t mit au\u00dfergew\u00f6hnlicher Geschmacksqualit\u00e4t sch\u00e4tzen. Sein <strong>wiederaufladbarer Akku<\/strong> und <strong>digitaler Bildschirm<\/strong> machen es zu einer Top-Wahl auf dem <strong>Bang Einweg-Vape<\/strong> Markt und bieten ein erstklassiges Erlebnis, das sowohl benutzerfreundlich als auch effizient ist.<\/p>\n<p>Egal, ob Sie nach <strong>Bang Bar Vape<\/strong> Optionen in gro\u00dfen Mengen suchen, einen gro\u00dfen Puff <strong>Bang Box Vape<\/strong> suchen, um Ihren Vape-Shop zu best\u00fccken, oder einfach einen <strong>Bang Box<\/strong> , der auf Langlebigkeit ausgelegt ist, ist der <strong>Bang Vape 40000 Puff<\/strong> so konzipiert, dass er alle Vaping-Anforderungen erf\u00fcllt.<\/p>\n<p>&nbsp;<\/p>\n<\/div>\n<\/div>\n<\/div>\n<\/div>\n<\/div>\n<p><strong>Kontaktieren Sie Amy, um die richtige Antwort und einen Gutschein f\u00fcr E-Zigaretten zu erhalten!<\/strong><\/p>\n<p><img loading=\"lazy\" decoding=\"async\" class=\"size-full wp-image-1978\" src=\"https:\/\/rmvapesale.com\/wp-content\/uploads\/2024\/09\/Disposable-Vape-Wholesale.jpg\" alt=\"Einweg-Vape Gro\u00dfhandel\" width=\"229\" height=\"300\" \/><\/p>\n<h3><a href=\"https:\/\/wa.me\/8617776015835\" target=\"_blank\" rel=\"noopener\"><span style=\"color: #ff0000\"><strong>WhatsApp: +86 17776015835<\/strong><\/span><\/a><\/h3>\n<p>&nbsp;<\/p>\n<h2><\/h2>\n<h2><strong>Bang Box Vape Tornado 40000 <\/strong><strong>Hauptmerkmale<\/strong><\/h2>\n<p>Marke: Bang Vape<br \/>\nPuff: 40000<br \/>\nE-liquid: 40ml<br \/>\nNikotin:2%5%<br \/>\nAkku: 850mAh<br \/>\nTyp-C Ladekabel<br \/>\nAnzeige: Digitaler Bildschirm<\/p>\n<h2><strong>Top-Geschmack f\u00fcr <\/strong><strong>Wiederaufladbare Bang Box Vape Tornado 40000<\/strong><\/h2>\n<p>Der <strong>Bang Box Vape Tornado<\/strong> ist in 12 fantastischen Geschmacksrichtungen erh\u00e4ltlich, um eine breite Palette von Vorlieben zu bedienen, von der erfrischenden <strong>Pfirsich-Eis<\/strong> und s\u00fc\u00dfen <strong>Triple Berry<\/strong> bis zur exotischen <strong>Love66<\/strong> und w\u00fcrzig <strong>Blaubeere Zitrone<\/strong>. Weitere beliebte Optionen sind:<\/p>\n<p>1.Pfirsich-Eis<br \/>\n2.Love66 <span style=\"color: #ff0000\"><strong>&gt;&gt;&gt;&gt; Hei\u00df!<\/strong><\/span><br \/>\n3.Drei-Beeren<br \/>\n4.Blaubeere Zitrone<br \/>\n5.Energy-Drink<br \/>\n6.Doppelter Apfel<br \/>\n7.Mango Pfirsich<br \/>\n8.Blaubeere Traube<br \/>\n9.Erdbeere Wassermelone <span style=\"color: #ff0000\"><strong>&gt;&gt;&gt;&gt; Am besten!<\/strong><\/span><br \/>\n10.Erdbeere Kiwi<br \/>\n11. Blaubeer-Himbeere <span style=\"color: #ff0000\"><strong>&gt;&gt;&gt;&gt; Hei\u00df!<\/strong><\/span><br \/>\n12.Wassermelone<\/p>\n<figure id=\"attachment_2623\" aria-describedby=\"caption-attachment-2623\" style=\"width: 620px\" class=\"wp-caption alignnone\"><img loading=\"lazy\" decoding=\"async\" class=\"wp-image-2623 size-large\" src=\"https:\/\/rmvapesale.com\/wp-content\/uploads\/2024\/10\/Bang-Box-Vape-40000-Flavor-620x1024.jpg\" alt=\"Bang Box Vape 40000 Geschmack\" width=\"620\" height=\"1024\" srcset=\"https:\/\/rmvapesale.com\/wp-content\/uploads\/2024\/10\/Bang-Box-Vape-40000-Flavor-620x1024.jpg 620w, https:\/\/rmvapesale.com\/wp-content\/uploads\/2024\/10\/Bang-Box-Vape-40000-Flavor-182x300.jpg 182w, https:\/\/rmvapesale.com\/wp-content\/uploads\/2024\/10\/Bang-Box-Vape-40000-Flavor-768x1268.jpg 768w, https:\/\/rmvapesale.com\/wp-content\/uploads\/2024\/10\/Bang-Box-Vape-40000-Flavor-600x991.jpg 600w, https:\/\/rmvapesale.com\/wp-content\/uploads\/2024\/10\/Bang-Box-Vape-40000-Flavor.jpg 800w\" sizes=\"auto, (max-width: 620px) 100vw, 620px\" \/><figcaption id=\"caption-attachment-2623\" class=\"wp-caption-text\">Bang Box Vape 40000 Geschmack<\/figcaption><\/figure>\n<h3><strong>Warum Rmvapesale f\u00fcr den Bang 40000 Puffs Einweg-Vape w\u00e4hlen<\/strong><strong>?<\/strong><\/h3>\n<div class=\"flex-shrink-0 flex flex-col relative items-end\">\n<div class=\"pt-0\">\n<div class=\"gizmo-bot-avatar flex h-8 w-8 items-center justify-center overflow-hidden rounded-full\">\n<div class=\"relative p-1 rounded-sm flex items-center justify-center bg-token-main-surface-primary text-token-text-primary h-8 w-8\">\n<p>Willkommen bei Rmvapesale, Ihrem vertrauensw\u00fcrdigen Vape-Shop f\u00fcr Premium Einweg-Vapes. Mit \u00fcber 5 Jahren Erfahrung bieten wir Ihnen beliebte Marken f\u00fcr Einweg-Vapes wie Al Fakher, <a href=\"https:\/\/rmvapesale.com\/de\/product\/vapme-crystal-7000-puffs-rechargeable-disposable-vape-price\/\">Vapme<\/a>, <a href=\"https:\/\/rmvapesale.com\/de\/product-category\/bang-vapes\/\">Bang Vape<\/a>, Waspe, <a href=\"https:\/\/rmvapesale.com\/de\/product\/wga-crystal-pro-max-extra-15k-puffs-disposable-vape-wholesale\/\">WGA<\/a> Vape und<a href=\"https:\/\/rmvapesale.com\/de\/product-category\/randm-fumot-vape\/\"> RandM Vape<\/a>.<\/p>\n<p>Unser Sortiment umfasst hei\u00dfe Verkaufs-Vapes wie die <a href=\"https:\/\/rmvapesale.com\/de\/product\/smart-disposable-vape-elfworld-ai-22000-puffs-led-display\/\">ELFWORLD AI 22000 Zug<\/a> und geschmacksreiche Optionen wie die <a href=\"https:\/\/rmvapesale.com\/de\/product\/randm-tornado-25000-puffs-disposable-vape-wholesale\/\">RandM 25000 Zug<\/a>. Jedes Produkt wird mit Fokus auf Qualit\u00e4t, Wert und Vielfalt ausgew\u00e4hlt, um sicherzustellen, dass Sie die perfekte \u00dcbereinstimmung f\u00fcr Ihre Bed\u00fcrfnisse finden. Entdecken Sie au\u00dfergew\u00f6hnlichen Service und eine breite Palette an Top-Produkten bei Rmvapesale.<\/p>\n<\/div>\n<h3><\/h3>\n<div class=\"relative p-1 rounded-sm flex items-center justify-center bg-token-main-surface-primary text-token-text-primary h-8 w-8\">\n<h3><b>Bang Box 40000 Zug Vape FAQS<\/b><\/h3>\n<\/div>\n<p><strong>1. Woher wei\u00df ich, wann mein Einweg-Vape leer ist?<\/strong><br \/>\nMit dem <strong>Bang Box Vape Tornado 40000 Puff<\/strong>bietet der <strong>digitale Anzeigetafel<\/strong> zeigt sowohl die Akkulaufzeit als auch den F\u00fcllstand des E-Liquids an. Wenn die E-Liquid-Anzeige leer ist oder Sie bei voller Ladung keinen Geschmack oder Dampf mehr wahrnehmen, ist es an der Zeit, den Vape zu entsorgen.<\/p>\n<p><strong>2. Wie lange dauert es, einen Bang Box Vape 40000 aufzuladen?<\/strong><br \/>\nDer <strong>Bang Box Vape Tornado 40000<\/strong> verf\u00fcgt \u00fcber einen <strong>Typ-C-Ladeanschluss<\/strong> und ein <strong>850-mAh-Akku<\/strong>. Es dauert in der Regel etwa 1 bis 1,5 Stunden, um das Ger\u00e4t vollst\u00e4ndig aufzuladen, sodass es f\u00fcr einen langen Gebrauch bereit ist.<\/p>\n<p><strong>3. Wie viel Nikotin ist in einem Bang Vape Tornado 40000?<\/strong><br \/>\nDer <strong>Bang Vape Tornado 40000 Zug<\/strong> bietet <strong>zwei Optionen f\u00fcr die Nikotinst\u00e4rke<\/strong>: 2% (20 mg) und 5% (50 mg) Salz-Nikotin, um sowohl Nutzern mit moderaten als auch mit h\u00f6heren Nikotinpr\u00e4ferenzen gerecht zu werden.<\/p>\n<p><strong>4. Wie kauft man Bang Vapes in gro\u00dfen Mengen?<\/strong><br \/>\nDer <strong>Bang Box Vape Tornado 40000 Puff<\/strong> ist verpackt in <strong>Schachteln mit 10 Einheiten<\/strong> jeweils, was es ideal f\u00fcr Gro\u00dfeink\u00e4ufe macht. Viele Einzelh\u00e4ndler und Online-Anbieter <strong>Vape-Shops<\/strong> bieten Gro\u00dfhandelsoptionen an, die es Ihnen erm\u00f6glichen, sich mit <strong>Bang Vapes<\/strong> in gro\u00dfen Mengen einzudecken. Die Kontaktaufnahme mit autorisierten <strong>bang vape<\/strong> Vertriebsh\u00e4ndlern oder der Besuch eines vertrauensw\u00fcrdigen Online-Shops <strong>Vape Shop<\/strong> ist oft der beste Weg, um in gro\u00dfen Mengen einzukaufen.<\/p>\n<p><strong>5. Kann ich eine Einweg-Vape mit ins Flugzeug nehmen?<\/strong><br \/>\nJa, Sie k\u00f6nnen Einweg-Vapes wie den <strong>Bang Box Vape Tornado 40000<\/strong> mit ins Flugzeug nehmen, aber bewahren Sie ihn in Ihrem <strong>Handgep\u00e4ck<\/strong> F\u00fcr Lithiumbatterien gelten Beschr\u00e4nkungen f\u00fcr aufgegebenes Gep\u00e4ck. \u00dcberpr\u00fcfen Sie unbedingt die spezifischen Richtlinien der Fluggesellschaften und vermeiden Sie es, den Vape im Flugzeug zu benutzen oder aufzuladen.<\/p>\n<\/div>\n<\/div>\n<\/div>\n<h3>Zum Versand<\/h3>\n<div class=\"flex-shrink-0 flex flex-col relative items-end\">\n<div>\n<div class=\"pt-0\">\n<div class=\"gizmo-bot-avatar flex h-8 w-8 items-center justify-center overflow-hidden rounded-full\">\n<div><\/div>\n<div class=\"relative p-1 rounded-sm flex items-center justify-center bg-token-main-surface-primary text-token-text-primary h-8 w-8\"><strong>1. Welche Versandmethoden werden verwendet?<\/strong><\/div>\n<\/div>\n<\/div>\n<\/div>\n<\/div>\n<div class=\"group\/conversation-turn relative flex w-full min-w-0 flex-col agent-turn\">\n<div class=\"flex-col gap-1 md:gap-3\">\n<div class=\"flex max-w-full flex-col flex-grow\">\n<div class=\"min-h-[20px] text-message flex w-full flex-col items-end gap-2 whitespace-normal break-words [.text-message+&amp;]:mt-5 overflow-x-auto\" dir=\"auto\" data-message-author-role=\"assistant\" data-message-id=\"22f8283b-3233-46ff-89a5-c7a41b33abda\">\n<div class=\"flex w-full flex-col gap-1 empty:hidden first:pt-[3px]\">\n<div class=\"markdown prose w-full break-words dark:prose-invert light\">\n<p>Wir arbeiten mit UPS, DHL, FedEx, DPD und anderen f\u00fchrenden Transportunternehmen zusammen. Wir w\u00e4hlen die beste Versandmethode basierend auf Ihrem Lieferort aus, um sicherzustellen, dass Sie Ihre Produkte so schnell wie m\u00f6glich erhalten.<\/p>\n<\/div>\n<p><strong>2. Wie lange dauert es, bis die Lieferung ankommt?<\/strong><\/p>\n<p>Pakete, die nach Deutschland versandt werden, kommen normalerweise innerhalb von 10 Werktagen an. Der Versand in europ\u00e4ische L\u00e4nder dauert in der Regel etwa 12-15 Werktage. Wir werden Ihnen Echtzeit-Updates zu Ihrem Versandstatus bereitstellen.<\/p>\n<\/div>\n<\/div>\n<\/div>\n<\/div>\n<\/div>\n<p>&nbsp;<\/p>\n<p>Finden Sie weitere Vape-Produkte, die Ihnen gefallen k\u00f6nnten:<strong><em><a href=\"https:\/\/rmvapesale.com\/de\/shop-2\/\">jetzt einkaufen &gt;&gt;&gt;<\/a><\/em><\/strong><\/p>","protected":false},"excerpt":{"rendered":"<p>Bang Vape Tornado 40000 Puffs Gro\u00dfhandel<br \/>\nBang Vape Tornado 40000 Puffs Love66 Geschmack<br \/>\nBang Einweg-Vape online g\u00fcnstig kaufen<\/p>\n<p><img loading=\"lazy\" decoding=\"async\" class=\"size-full wp-image-2375\" src=\"https:\/\/rmvapesale.com\/wp-content\/uploads\/2024\/10\/image.png\" alt=\"Bester Einweg-Vape\" width=\"229\" height=\"300\" \/><\/p>\n<h3><a href=\"https:\/\/wa.me\/8617776015835\"><span style=\"color: #ff0000\"><strong>WhatsApp: +86 17776015835<\/strong><\/span><\/a><\/h3>\n<p>&nbsp;<\/p>","protected":false},"featured_media":2621,"comment_status":"open","ping_status":"closed","template":"","meta":{"_uag_custom_page_level_css":"","_lmt_disableupdate":"no","_lmt_disable":"","site-sidebar-layout":"default","site-content-layout":"content-boxed-container","ast-site-content-layout":"normal-width-container","site-content-style":"boxed","site-sidebar-style":"unboxed","ast-global-header-display":"","ast-banner-title-visibility":"","ast-main-header-display":"","ast-hfb-above-header-display":"","ast-hfb-below-header-display":"","ast-hfb-mobile-header-display":"","site-post-title":"","ast-breadcrumbs-content":"","ast-featured-img":"","footer-sml-layout":"","ast-disable-related-posts":"","theme-transparent-header-meta":"default","adv-header-id-meta":"","stick-header-meta":"","header-above-stick-meta":"","header-main-stick-meta":"","header-below-stick-meta":"","astra-migrate-meta-layouts":"set","ast-page-background-enabled":"default","ast-page-background-meta":{"desktop":{"background-color":"var(--ast-global-color-4)","background-image":"","background-repeat":"repeat","background-position":"center center","background-size":"auto","background-attachment":"scroll","background-type":"","background-media":"","overlay-type":"","overlay-color":"","overlay-opacity":"","overlay-gradient":""},"tablet":{"background-color":"","background-image":"","background-repeat":"repeat","background-position":"center center","background-size":"auto","background-attachment":"scroll","background-type":"","background-media":"","overlay-type":"","overlay-color":"","overlay-opacity":"","overlay-gradient":""},"mobile":{"background-color":"","background-image":"","background-repeat":"repeat","background-position":"center center","background-size":"auto","background-attachment":"scroll","background-type":"","background-media":"","overlay-type":"","overlay-color":"","overlay-opacity":"","overlay-gradient":""}},"ast-content-background-meta":{"desktop":{"background-color":"var(--ast-global-color-5)","background-image":"","background-repeat":"repeat","background-position":"center center","background-size":"auto","background-attachment":"scroll","background-type":"","background-media":"","overlay-type":"","overlay-color":"","overlay-opacity":"","overlay-gradient":""},"tablet":{"background-color":"var(--ast-global-color-5)","background-image":"","background-repeat":"repeat","background-position":"center center","background-size":"auto","background-attachment":"scroll","background-type":"","background-media":"","overlay-type":"","overlay-color":"","overlay-opacity":"","overlay-gradient":""},"mobile":{"background-color":"var(--ast-global-color-5)","background-image":"","background-repeat":"repeat","background-position":"center center","background-size":"auto","background-attachment":"scroll","background-type":"","background-media":"","overlay-type":"","overlay-color":"","overlay-opacity":"","overlay-gradient":""}},"_joinchat":[]},"product_brand":[],"product_cat":[15,60,27,25,123,30,26,28,137,136,135],"product_tag":[187,146,188,167,165,85,191,120],"class_list":{"0":"post-2620","1":"product","2":"type-product","3":"status-publish","4":"has-post-thumbnail","6":"product_cat-new-vape-this-week","7":"product_cat-bang-vapes","8":"product_cat-fance-hot-sale-vape","9":"product_cat-germany-best-selling-vape","10":"product_cat-italy-wholesale-vape","11":"product_cat-minimum-order-quantity-50pcs","12":"product_cat-netherlands-hot-sale-vape","13":"product_cat-poland-hot-sale-vape","14":"product_cat-rechargeable-vapes","15":"product_cat-smart-screen-vapes","16":"product_cat-spain-best-hot-sale-vape","17":"product_tag-bang-box-vape","18":"product_tag-best-hot-sale-vape","19":"product_tag-buy-vapes-online","20":"product_tag-disposable-vape-with-screen","21":"product_tag-rechargeable-vapes","22":"product_tag-smart-disposable-vape","23":"product_tag-vape-box","24":"product_tag-vape-wholesale","25":"desktop-align-left","26":"tablet-align-left","27":"mobile-align-left","29":"first","30":"instock","31":"sale","32":"shipping-taxable","33":"purchasable","34":"product-type-simple"},"uagb_featured_image_src":{"full":["https:\/\/rmvapesale.com\/wp-content\/uploads\/2024\/10\/Bang-Bars-40000-Vape-Wholesale.jpg",800,800,false],"thumbnail":["https:\/\/rmvapesale.com\/wp-content\/uploads\/2024\/10\/Bang-Bars-40000-Vape-Wholesale-150x150.jpg",150,150,true],"medium":["https:\/\/rmvapesale.com\/wp-content\/uploads\/2024\/10\/Bang-Bars-40000-Vape-Wholesale-300x300.jpg",300,300,true],"medium_large":["https:\/\/rmvapesale.com\/wp-content\/uploads\/2024\/10\/Bang-Bars-40000-Vape-Wholesale-768x768.jpg",768,768,true],"large":["https:\/\/rmvapesale.com\/wp-content\/uploads\/2024\/10\/Bang-Bars-40000-Vape-Wholesale.jpg",800,800,false],"1536x1536":["https:\/\/rmvapesale.com\/wp-content\/uploads\/2024\/10\/Bang-Bars-40000-Vape-Wholesale.jpg",800,800,false],"2048x2048":["https:\/\/rmvapesale.com\/wp-content\/uploads\/2024\/10\/Bang-Bars-40000-Vape-Wholesale.jpg",800,800,false],"trp-custom-language-flag":["https:\/\/rmvapesale.com\/wp-content\/uploads\/2024\/10\/Bang-Bars-40000-Vape-Wholesale.jpg",12,12,false],"woocommerce_thumbnail":["https:\/\/rmvapesale.com\/wp-content\/uploads\/2024\/10\/Bang-Bars-40000-Vape-Wholesale-300x300.jpg",300,300,true],"woocommerce_single":["https:\/\/rmvapesale.com\/wp-content\/uploads\/2024\/10\/Bang-Bars-40000-Vape-Wholesale-600x600.jpg",600,600,true],"woocommerce_gallery_thumbnail":["https:\/\/rmvapesale.com\/wp-content\/uploads\/2024\/10\/Bang-Bars-40000-Vape-Wholesale-100x100.jpg",100,100,true],"wcpr-photo-reviews":["https:\/\/rmvapesale.com\/wp-content\/uploads\/2024\/10\/Bang-Bars-40000-Vape-Wholesale.jpg",500,500,false]},"uagb_author_info":{"display_name":"AMY","author_link":"https:\/\/rmvapesale.com\/de\/author\/"},"uagb_comment_info":0,"uagb_excerpt":"Bang Vape Tornado 40000 Puffs Wholesale Bang Vape Tornado 40000 Puffs Love66 Flavor Buy Bang Disposable Vape on Line Cheap Price WhatsApp: +86 17776015835 &nbsp;","_links":{"self":[{"href":"https:\/\/rmvapesale.com\/de\/wp-json\/wp\/v2\/product\/2620","targetHints":{"allow":["GET"]}}],"collection":[{"href":"https:\/\/rmvapesale.com\/de\/wp-json\/wp\/v2\/product"}],"about":[{"href":"https:\/\/rmvapesale.com\/de\/wp-json\/wp\/v2\/types\/product"}],"replies":[{"embeddable":true,"href":"https:\/\/rmvapesale.com\/de\/wp-json\/wp\/v2\/comments?post=2620"}],"wp:featuredmedia":[{"embeddable":true,"href":"https:\/\/rmvapesale.com\/de\/wp-json\/wp\/v2\/media\/2621"}],"wp:attachment":[{"href":"https:\/\/rmvapesale.com\/de\/wp-json\/wp\/v2\/media?parent=2620"}],"wp:term":[{"taxonomy":"product_brand","embeddable":true,"href":"https:\/\/rmvapesale.com\/de\/wp-json\/wp\/v2\/product_brand?post=2620"},{"taxonomy":"product_cat","embeddable":true,"href":"https:\/\/rmvapesale.com\/de\/wp-json\/wp\/v2\/product_cat?post=2620"},{"taxonomy":"product_tag","embeddable":true,"href":"https:\/\/rmvapesale.com\/de\/wp-json\/wp\/v2\/product_tag?post=2620"}],"curies":[{"name":"wp","href":"https:\/\/api.w.org\/{rel}","templated":true}]}}